{"id":33175,"date":"2025-10-04T02:31:39","date_gmt":"2025-10-04T02:31:39","guid":{"rendered":"https:\/\/h2otek.com\/tienda\/?post_type=product&#038;p=33175"},"modified":"2026-01-17T17:11:22","modified_gmt":"2026-01-17T17:11:22","slug":"boiler-electrico-de-deposito-80-galones-303-litros-6-kw-240v-3-fases-marca-calorex-mod-cex-g2-80-240-9-3p","status":"publish","type":"product","link":"https:\/\/h2otek.com\/tienda\/producto\/boiler-electrico-de-deposito-80-galones-303-litros-6-kw-240v-3-fases-marca-calorex-mod-cex-g2-80-240-9-3p\/","title":{"rendered":"BOILER ELECTRICO DE DEPOSITO 80 GALONES (303 LITROS) 6 KW 240V 3 FASES MARCA CALOREX MOD. CEX G2 80\/240\/9\/3P"},"content":{"rendered":"<p align=\"center\"><img fetchpriority=\"high\" decoding=\"async\" class=\"alignnone size-full wp-image-33176\" src=\"https:\/\/h2otek.com\/tienda\/wp-content\/uploads\/2025\/10\/header-calentador-deposito-electrico-cex-g2-80-240-9-3P.jpg\" alt=\"\" width=\"600\" height=\"243\" srcset=\"https:\/\/h2otek.com\/tienda\/wp-content\/uploads\/2025\/10\/header-calentador-deposito-electrico-cex-g2-80-240-9-3P.jpg 600w, https:\/\/h2otek.com\/tienda\/wp-content\/uploads\/2025\/10\/header-calentador-deposito-electrico-cex-g2-80-240-9-3P-300x122.jpg 300w, https:\/\/h2otek.com\/tienda\/wp-content\/uploads\/2025\/10\/header-calentador-deposito-electrico-cex-g2-80-240-9-3P-148x60.jpg 148w, https:\/\/h2otek.com\/tienda\/wp-content\/uploads\/2025\/10\/header-calentador-deposito-electrico-cex-g2-80-240-9-3P-222x90.jpg 222w\" sizes=\"(max-width: 600px) 100vw, 600px\" \/><\/p>\n<p>&nbsp;<\/p>\n<p style=\"text-align: justify;\">Cuando la demanda de agua caliente aumenta, y las condiciones de instalaci\u00f3n se restringen, la alternativa para una alta seguridad y m\u00e1ximo desempe\u00f1o es un calentador comercial el\u00e9ctrico Calorex.<\/p>\n<p>Ideal para instalaciones con restricciones de gas, ventilaci\u00f3n y manejo de materiales in\ufb02amables.<\/p>\n<p><strong>CARACTERISTICAS:<br \/>\n<\/strong><br \/>\n<strong>Tanque porcelanizado de \u00faltima generaci\u00f3n.<br \/>\n<\/strong>Con tecnolog\u00eda Dura-Glas\u00a0 y m\u00faltiple protecci\u00f3n cat\u00f3dica que protegen y alargan la vida del tanque.<\/p>\n<p><strong>Aislamiento t\u00e9rmico de espuma de poliuretano.<\/strong><br \/>\nDe alta densidad, el cual reduce la p\u00e9rdida de calor.<\/p>\n<p><strong>V\u00e1lvula de alivio de presi\u00f3n y temperatura.<\/strong><br \/>\nInstalada de f\u00e1brica; protege el sistema hidr\u00e1ulico.<\/p>\n<p><strong>Fusible de protecci\u00f3n.<\/strong><\/p>\n<p><strong>Termostato ajustable.<\/strong><br \/>\nTotalmente ajustable a dos tipos: de 60\u00b0C a 80\u00b0C; opcional de 26 a 60. y de 60\u00b0C a 80\u00b0C.<\/p>\n<p><strong>Termostato individual.<\/strong><br \/>\nPara cada elemento t\u00e9rmico con sistema de corte de energ\u00eda por alta temperatura.<\/p>\n<p><strong>V\u00e1lvula de drenado y brida de acceso al interior del tanque.<\/strong><br \/>\nPara f\u00e1cil limpieza y mantenimiento, alargando la vida del calentador.<\/p>\n<p>&nbsp;<\/p>\n<p style=\"text-align: center;\"><strong>PARTES DEL CALENTADOR<\/strong><\/p>\n<p style=\"text-align: center;\"><img decoding=\"async\" style=\"text-align: start;\" src=\"https:\/\/h2otek.com\/tienda\/img\/cms\/aguacaliente\/calorex\/deposito-electricos\/partes-calentador-deposito-electrico-cex.jpg\" alt=\"\" width=\"650\" height=\"555\" \/><\/p>\n<p>&nbsp;<\/p>\n<p align=\"center\"><strong><span style=\"color: #000000;\">ESPECIFICACIONES<\/span><\/strong><\/p>\n<p align=\"center\"><img decoding=\"async\" src=\"https:\/\/h2otek.com\/tienda\/img\/cms\/aguacaliente\/calorex\/deposito-electricos\/tamanos-calentador-deposito-electrico-cex.jpg\" alt=\"\" width=\"500\" height=\"348\" \/><\/p>\n<p align=\"center\"><img loading=\"lazy\" decoding=\"async\" src=\"https:\/\/h2otek.com\/tienda\/img\/cms\/aguacaliente\/calorex\/deposito-electricos\/especificaciones-calentador-deposito-electrico-cex-80galones.jpg\" alt=\"especificaciones-calentador-deposito-ele\" width=\"551\" height=\"369\" \/><\/p>\n<p style=\"text-align: center;\">*Los calentadores de 48 amperes o m\u00e1s requieren fusibles instalados de f\u00e1brica.<\/p>\n<p>&nbsp;<\/p>\n<p style=\"text-align: center;\"><strong>Carga total de corriente en amperes*<\/strong><\/p>\n<p style=\"text-align: center;\"><img loading=\"lazy\" decoding=\"async\" src=\"https:\/\/h2otek.com\/tienda\/img\/cms\/aguacaliente\/calorex\/deposito-electricos\/carga-amperes-calentador-deposito-electrico-cex-6kw.jpg\" alt=\"carga-amperes-calentador-deposito-electr\" width=\"448\" height=\"352\" \/><\/p>\n<p style=\"text-align: center;\"><strong>Cantidad de resistencias de acuerdo a potencia<\/strong><\/p>\n<p style=\"text-align: center;\"><img loading=\"lazy\" decoding=\"async\" src=\"https:\/\/h2otek.com\/tienda\/img\/cms\/aguacaliente\/calorex\/deposito-electricos\/resistencias-calentador-deposito-electrico-cex-6kw.jpg\" alt=\"resistencias-calentador-deposito-electri\" width=\"450\" height=\"352\" \/><\/p>\n<p style=\"text-align: center;\"><strong>Capacidad continua de agua en L\/h con diferentes incrementos de temperatura<\/strong><\/p>\n<p style=\"text-align: center;\"><img loading=\"lazy\" decoding=\"async\" src=\"https:\/\/h2otek.com\/tienda\/img\/cms\/aguacaliente\/calorex\/deposito-electricos\/capacidad-agua-calentador-deposito-electrico-cex-6kw.jpg\" alt=\"capacidad-agua-calentador-deposito-elect\" width=\"650\" height=\"308\" \/><\/p>\n<p style=\"text-align: center;\"><strong>DIAGRAMA EL\u00c9CTRICO<\/strong><\/p>\n<p style=\"text-align: center;\"><img loading=\"lazy\" decoding=\"async\" src=\"https:\/\/h2otek.com\/tienda\/img\/cms\/aguacaliente\/calorex\/deposito-electricos\/01-diagrama-electrico-calentador-deposito-electrico-cex.jpg\" alt=\"\" width=\"500\" height=\"751\" \/><\/p>\n<p style=\"text-align: center;\"><img loading=\"lazy\" decoding=\"async\" class=\"aligncenter\" src=\"https:\/\/h2otek.com\/tienda\/img\/cms\/aguacaliente\/calorex\/deposito-electricos\/02-diagrama-electrico-calentador-deposito-electrico-cex.jpg\" alt=\"\" width=\"500\" height=\"751\" \/><\/p>\n<p>&nbsp;<\/p>\n<p>&nbsp;<\/p>\n<p style=\"text-align: center;\"><em><span style=\"font-size: small;\"><span style=\"color: #000000;\"><strong><a href=\"https:\/\/h2otek.com\/tienda\/producto\/9-kw-80-gals-boiler-calentador-de-agua-de-deposito-comercial-industrial-240-volts-3-fases-h2otek-mod-bed80g24-09-31\/\"><img loading=\"lazy\" decoding=\"async\" class=\"\" src=\"https:\/\/h2otek.com\/tienda\/img\/cms\/similares\/modelo-similar-BED-50-80-120G.jpg\" alt=\"\" width=\"500\" height=\"150\" \/><\/a><\/strong><\/span><\/span><\/em><\/p>\n<p>&nbsp;<\/p>\n<p>&nbsp;<\/p>\n<p><strong>DESCARGAR\u00a0 MANUALES<\/strong><\/p>\n<ul>\n<li><a href=\"https:\/\/h2otek.com\/tienda\/wp-content\/uploads\/2021\/07\/FOLLETO-CALOREX-ELECTRICOS.pdf\" target=\"_blank\" rel=\"noopener\"><strong>FOLLETO<\/strong><\/a><\/li>\n<li><a href=\"https:\/\/h2otek.com\/tienda\/wp-content\/uploads\/2021\/07\/MANUAL-CALOREX-ELECTRICOS.pdf\" target=\"_blank\" rel=\"noopener\"><strong>MANUAL<\/strong><\/a><\/li>\n<\/ul>\n<p>&nbsp;<\/p>\n<p><strong>PRECIO INCLUYE GASTOS DE ENVIO (GRATIS) E IMPUESTO 16% DE IVA<\/strong><\/p>\n","protected":false},"excerpt":{"rendered":"<p><span style=\"color: #ff0000;\"><strong>PRECIO EN PESOS MEXICANOS.<br \/>\nPRECIO INCLUYE 16 % DE I.V.A.<br \/>\nPRECIO INCLUYE ENVIO (ZONA CENTRO).<\/strong><\/span><\/p>\n<p style=\"text-align: left;\"><strong><span style=\"font-size: small;\">BOILER ELECTRICO 80 GALONES (303 LITROS) 240 VOLTS 6 KW 3 FASES<br \/>\n<\/span><\/strong><\/p>\n<p style=\"text-align: left;\"><strong><span style=\"font-size: small; color: #000000;\">USO COMERCIAL &#8211; INDUSTRIAL<\/span><\/strong><\/p>\n<p style=\"text-align: left;\"><strong><em><span style=\"font-size: small; color: #000000;\">APLICACIONES MAS COMUNES:<\/span><\/em><\/strong><\/p>\n<ul>\n<li style=\"text-align: left;\"><em><span style=\"font-size: small;\"><span style=\"color: #000000;\"><strong>REGADERAS EN SERIE <\/strong><\/span><\/span><\/em><\/li>\n<li style=\"text-align: left;\"><em><span style=\"font-size: small;\"><span style=\"color: #000000;\"><strong>HOTELES <\/strong><\/span><\/span><\/em><\/li>\n<li style=\"text-align: left;\"><em><span style=\"font-size: small;\"><span style=\"color: #000000;\"><strong>MOTELES <\/strong><\/span><\/span><\/em><\/li>\n<li style=\"text-align: left;\"><em><span style=\"font-size: small;\"><span style=\"color: #000000;\"><strong>PROCESOS INDUSTRIALES <\/strong><\/span><\/span><\/em><\/li>\n<li style=\"text-align: left;\"><em><span style=\"font-size: small;\"><span style=\"color: #000000;\"><strong>DEPORTIVOS <\/strong><\/span><\/span><\/em><\/li>\n<li style=\"text-align: left;\"><em><span style=\"font-size: small;\"><span style=\"color: #000000;\"><strong>HOSPITALES <\/strong><\/span><\/span><\/em><\/li>\n<li style=\"text-align: left;\"><em><span style=\"font-size: small;\"><span style=\"color: #000000;\"><strong>RESTAURANTES <\/strong><\/span><\/span><\/em><\/li>\n<li style=\"text-align: left;\"><em><span style=\"font-size: small;\"><span style=\"color: #000000;\"><strong>APLICACIONES EN LA INDUSTRIA <\/strong><\/span><\/span><\/em><\/li>\n<li style=\"text-align: left;\"><em><span style=\"font-size: small;\"><span style=\"color: #000000;\"><strong>CENTROS DE LAVADO <\/strong><\/span><\/span><\/em><\/li>\n<li style=\"text-align: left;\"><em><span style=\"font-size: small;\"><span style=\"color: #000000;\"><strong>ESCUELAS,<\/strong><\/span><\/span><\/em><em><span style=\"font-size: small;\"><span style=\"color: #000000;\"><strong> ETC.<\/strong><\/span><\/span><\/em><\/li>\n<\/ul>\n<p style=\"text-align: left;\"><em><span style=\"font-size: small;\"><span style=\"color: #000000;\"><strong><br \/>\n<a href=\"https:\/\/h2otek.com\/tienda\/producto\/9-kw-80-gals-boiler-calentador-de-agua-de-deposito-comercial-industrial-240-volts-3-fases-h2otek-mod-bed80g24-09-31\/\"><img loading=\"lazy\" decoding=\"async\" src=\"https:\/\/h2otek.com\/tienda\/img\/cms\/similares\/modelo-similar-BED-50-80-120G.jpg\" alt=\"\" width=\"330\" height=\"99\" \/><\/a><br \/>\n<\/strong><\/span><\/span><\/em><\/p>\n","protected":false},"featured_media":33116,"comment_status":"closed","ping_status":"closed","template":"","meta":[],"pwb-brand":[],"product_brand":[],"product_cat":[1125],"product_tag":[],"class_list":{"0":"post-33175","1":"product","2":"type-product","3":"status-publish","4":"has-post-thumbnail","6":"product_cat-calorex-voltaje-230-v-boilers-calentadores-de-agua-industriales-comerciales","8":"first","9":"onbackorder","10":"purchasable","11":"product-type-simple"},"brands":[],"_links":{"self":[{"href":"https:\/\/h2otek.com\/tienda\/wp-json\/wp\/v2\/product\/33175","targetHints":{"allow":["GET"]}}],"collection":[{"href":"https:\/\/h2otek.com\/tienda\/wp-json\/wp\/v2\/product"}],"about":[{"href":"https:\/\/h2otek.com\/tienda\/wp-json\/wp\/v2\/types\/product"}],"replies":[{"embeddable":true,"href":"https:\/\/h2otek.com\/tienda\/wp-json\/wp\/v2\/comments?post=33175"}],"wp:featuredmedia":[{"embeddable":true,"href":"https:\/\/h2otek.com\/tienda\/wp-json\/wp\/v2\/media\/33116"}],"wp:attachment":[{"href":"https:\/\/h2otek.com\/tienda\/wp-json\/wp\/v2\/media?parent=33175"}],"wp:term":[{"taxonomy":"pwb-brand","embeddable":true,"href":"https:\/\/h2otek.com\/tienda\/wp-json\/wp\/v2\/pwb-brand?post=33175"},{"taxonomy":"product_brand","embeddable":true,"href":"https:\/\/h2otek.com\/tienda\/wp-json\/wp\/v2\/product_brand?post=33175"},{"taxonomy":"product_cat","embeddable":true,"href":"https:\/\/h2otek.com\/tienda\/wp-json\/wp\/v2\/product_cat?post=33175"},{"taxonomy":"product_tag","embeddable":true,"href":"https:\/\/h2otek.com\/tienda\/wp-json\/wp\/v2\/product_tag?post=33175"}],"curies":[{"name":"wp","href":"https:\/\/api.w.org\/{rel}","templated":true}]}}