{"id":31180,"date":"2024-09-18T21:45:52","date_gmt":"2024-09-18T21:45:52","guid":{"rendered":"https:\/\/h2otek.com\/tienda\/?post_type=product&#038;p=31180"},"modified":"2025-12-31T01:09:59","modified_gmt":"2025-12-31T01:09:59","slug":"deshumidificador-industrial-de-refrigeracion-portatil-158-litros-marca-h2otek-mod-rd-158l-d-550","status":"publish","type":"product","link":"https:\/\/h2otek.com\/tienda\/producto\/deshumidificador-industrial-de-refrigeracion-portatil-158-litros-marca-h2otek-mod-rd-158l-d-550\/","title":{"rendered":"DESHUMIDIFICADOR INDUSTRIAL DE REFRIGERACI\u00d3N PORT\u00c1TIL 158 LITROS MARCA H2OTEK MOD. RD-158L\/D-550"},"content":{"rendered":"<p align=\"center\"><img fetchpriority=\"high\" decoding=\"async\" class=\"alignnone wp-image-31472 size-full\" src=\"https:\/\/h2otek.com\/tienda\/wp-content\/uploads\/2024\/09\/header-deshumidificador-h2otek-RD-158L.jpg\" alt=\"\" width=\"700\" height=\"300\" srcset=\"https:\/\/h2otek.com\/tienda\/wp-content\/uploads\/2024\/09\/header-deshumidificador-h2otek-RD-158L.jpg 700w, https:\/\/h2otek.com\/tienda\/wp-content\/uploads\/2024\/09\/header-deshumidificador-h2otek-RD-158L-300x129.jpg 300w, https:\/\/h2otek.com\/tienda\/wp-content\/uploads\/2024\/09\/header-deshumidificador-h2otek-RD-158L-140x60.jpg 140w, https:\/\/h2otek.com\/tienda\/wp-content\/uploads\/2024\/09\/header-deshumidificador-h2otek-RD-158L-210x90.jpg 210w, https:\/\/h2otek.com\/tienda\/wp-content\/uploads\/2024\/09\/header-deshumidificador-h2otek-RD-158L-600x257.jpg 600w\" sizes=\"(max-width: 700px) 100vw, 700px\" \/><\/p>\n<p>&nbsp;<\/p>\n<p style=\"text-align: justify;\"><strong>CARACTER\u00cdSTICAS:<\/strong><\/p>\n<ul>\n<li>Recomendado para un \u00e1rea de cobertura de 150-180 m2 (medidas en promedio. El \u00e1rea de cobertura puede variar dependiendo las condiciones de la instalaci\u00f3n y las caracter\u00edsticas del \u00e1rea a cubrir)<\/li>\n<li>Unidades de aplicaci\u00f3n comercial o industrial<\/li>\n<li>Unidades ecol\u00f3gicas (con refrigerante R410A)<\/li>\n<li>INCLUYE BOMBA DE CONDENSADOS<\/li>\n<li>Aire seco y puro (filtro de aire integrado)<\/li>\n<li>Filtro f\u00e1cilmente lavable<\/li>\n<li>Unidades totalmente desarmables<\/li>\n<li>Control de humedad digital LCD graduables de 10 a 99% HR<\/li>\n<li>Control de tiempo integrado<\/li>\n<li>Construcci\u00f3n en acero con aplicaci\u00f3n de pintura electrost\u00e1tica<\/li>\n<li>Drenaje autom\u00e1tico por medio de manguera de desag\u00fce<\/li>\n<li>Armaz\u00f3n color blanco, tapas color gris<\/li>\n<li>Compresor rotativo de alta eficiencia<\/li>\n<li>Bajo nivel de ruido<\/li>\n<li>Totalmente port\u00e1til (incluye 4 ruedas universales)<\/li>\n<li>Funci\u00f3n de descongelaci\u00f3n autom\u00e1tica (esta caracter\u00edstica puede proteger eficazmente el compresor para garantizar su funcionamiento normal)<\/li>\n<li>1 A\u00d1O DE GARANT\u00cdA SOBRE CUALQUIER DEFECTO DE FABRICACI\u00d3N.<\/li>\n<\/ul>\n<p>&nbsp;<\/p>\n<p style=\"text-align: center;\"><strong>APLICACIONES EN LA INDUSTRIA<\/strong><\/p>\n<p align=\"center\"><img decoding=\"async\" src=\"https:\/\/www.h2otek.com\/tienda\/Images\/h2otek\/deshumidificadores\/aplicaciones-deshumidificador-h2otek-portatiles.jpg\" alt=\"\" border=\"0\" \/><\/p>\n<p>&nbsp;<\/p>\n<p style=\"text-align: center;\"><strong>TABLA DE ESPECIFICACIONES:<\/strong><\/p>\n<p align=\"center\"><img decoding=\"async\" class=\"alignnone size-full wp-image-32830\" src=\"https:\/\/h2otek.com\/tienda\/wp-content\/uploads\/2024\/09\/especificaciones-deshumidificador-h2otek-RD-158L.jpg\" alt=\"\" width=\"494\" height=\"761\" srcset=\"https:\/\/h2otek.com\/tienda\/wp-content\/uploads\/2024\/09\/especificaciones-deshumidificador-h2otek-RD-158L.jpg 494w, https:\/\/h2otek.com\/tienda\/wp-content\/uploads\/2024\/09\/especificaciones-deshumidificador-h2otek-RD-158L-195x300.jpg 195w, https:\/\/h2otek.com\/tienda\/wp-content\/uploads\/2024\/09\/especificaciones-deshumidificador-h2otek-RD-158L-39x60.jpg 39w, https:\/\/h2otek.com\/tienda\/wp-content\/uploads\/2024\/09\/especificaciones-deshumidificador-h2otek-RD-158L-58x90.jpg 58w\" sizes=\"(max-width: 494px) 100vw, 494px\" \/><\/p>\n<ul>\n<li><span style=\"font-size: small; color: #ff0000;\"><strong>DEBIDO AL PROCESO DE DESHUMIDIFICACION, EL EQUIPO INYECTA AIRE, ADEMAS DE SECARLO, CON UN AUMENTO EN LA TEMPERATURA DE 5 A 10 GRADOS CENTRIGRADOS ARRIBA, DE LA TEMPERATURA DE AIRE RETORNADA, ESTO ES IMPORTANTE TOMARLO EN CUENTA, EN LOS ESTUDIOS DE CARGAS TERMICAS.\u00a0 <\/strong><\/span><\/li>\n<li><span style=\"font-size: small; color: #ff0000;\"><strong>NO ES RECOMENDABLE UTILIZAR DESHUMIDIFICADORES POR SISTEMA DE REFRIGERACION, CUANDO EL PORCENTAJE DE HUMEDAD, DENTRO DEL CUARTO, SE REQUIERE MUY BAJO (35-40% O MENOS). PARA ESTOS CASOS SE REQUIERE DESHUMIDIFICADORES DESECANTES:<br \/>\n<strong><a href=\"https:\/\/h2otek.com\/tienda\/188-sistema-desecante\" target=\"_blank\" rel=\"noopener\">https:\/\/h2otek.com\/tienda\/188-sistema-desecante<\/a><\/strong><\/strong><\/span><\/li>\n<\/ul>\n<p>&nbsp;<\/p>\n<p align=\"center\"><strong>DIMENSIONES:<\/strong><\/p>\n<p align=\"center\"><img decoding=\"async\" class=\"alignnone size-full wp-image-31188\" src=\"https:\/\/h2otek.com\/tienda\/wp-content\/uploads\/2024\/09\/dimensiones-deshumidificador-h2otek-RD-150L_D-830.jpg\" alt=\"\" width=\"500\" height=\"702\" srcset=\"https:\/\/h2otek.com\/tienda\/wp-content\/uploads\/2024\/09\/dimensiones-deshumidificador-h2otek-RD-150L_D-830.jpg 500w, https:\/\/h2otek.com\/tienda\/wp-content\/uploads\/2024\/09\/dimensiones-deshumidificador-h2otek-RD-150L_D-830-214x300.jpg 214w, https:\/\/h2otek.com\/tienda\/wp-content\/uploads\/2024\/09\/dimensiones-deshumidificador-h2otek-RD-150L_D-830-43x60.jpg 43w, https:\/\/h2otek.com\/tienda\/wp-content\/uploads\/2024\/09\/dimensiones-deshumidificador-h2otek-RD-150L_D-830-64x90.jpg 64w\" sizes=\"(max-width: 500px) 100vw, 500px\" \/><\/p>\n<p>&nbsp;<\/p>\n<p align=\"center\"><strong>FOTOS:<\/strong><\/p>\n<p align=\"center\"><em>(Pr\u00f3ximamente)<\/em><\/p>\n<p align=\"center\"><strong>VIDEOS:<\/strong><\/p>\n<p align=\"center\"><em>(Pr\u00f3ximamente)<\/em><\/p>\n<p align=\"center\"><img loading=\"lazy\" decoding=\"async\" src=\"https:\/\/h2otek.com\/tienda\/img\/cms\/garantia-insignias\/garantia-h2otek-2years.jpg\" alt=\"garantia-h2otek-2years.jpg\" width=\"350\" height=\"350\" \/><\/p>\n<p>&nbsp;<\/p>\n<p>&nbsp;<\/p>\n<p><span style=\"color: #4a4a4a;\"><strong>DESCARGAR MANUALES:<\/strong><\/span><\/p>\n<ul>\n<li><strong><span style=\"color: #0000ff;\"><a href=\"https:\/\/h2otek.com\/tienda\/wp-content\/uploads\/2024\/09\/MANUAL-DEL-USUARIO-DESHUMIDIFICADOR-RD-158L-2.pdf\" target=\"_blank\" rel=\"noopener\"><span style=\"color: #0000ff;\">MANUAL DEL USUARIO<\/span><\/a><\/span><\/strong><\/li>\n<\/ul>\n<p>&nbsp;<\/p>\n","protected":false},"excerpt":{"rendered":"<p><span style=\"color: #ff0000; font-size: 12pt;\"><strong>PRECIO EN D\u00d3LARES US.<br \/>\n<\/strong><strong>PRECIO INCLUYE 16 % DE I.V.A.<br \/>\n<\/strong><strong>PRECIO INCLUYE ENVIO (ZONA CENTRO).<\/strong><\/span><\/p>\n<p><strong>EFICIENTE Y PRACTICO DESHUMIDIFICADOR INDUSTRIAL HASTA 158 LITROS POR D\u00cdA. INCLUYE BOMBA DE CONDENSADOS.<\/strong><\/p>\n<p><strong>GARANT\u00cdA M\u00c1S AMPLIA DEL MERCADO: COMPRESOR 2 A\u00d1OS, PARTES 1 A\u00d1O.<\/strong><\/p>\n<p><strong><em>APLICACIONES COMUNES:<\/em><\/strong><\/p>\n<ul>\n<li><em><strong>ALMACENES<\/strong><\/em><\/li>\n<li><em><strong>\u00c1REAS DE PROCESO<\/strong><\/em><\/li>\n<li><em><strong>LABORATORIOS<\/strong><\/em><\/li>\n<li><em><strong>CUARTOS DE PRUEBA<\/strong><\/em><\/li>\n<li><em><strong>PROCESOS INDUSTRIALES<\/strong><\/em><\/li>\n<li><em><strong>CUATOS DE PINTURA<\/strong><\/em><\/li>\n<li><em><strong>S\u00d3TANOS<\/strong><\/em><\/li>\n<li><em><strong>MUSEOS<\/strong><\/em><\/li>\n<li><em><strong>\u00c1REAS DE TRABAJO<\/strong><\/em><\/li>\n<li><em><strong>ALBERCAS TECHADAS,\u00a0ETC.<\/strong><\/em><\/li>\n<\/ul>\n","protected":false},"featured_media":31181,"comment_status":"closed","ping_status":"closed","template":"","meta":[],"pwb-brand":[],"product_brand":[],"product_cat":[758,863],"product_tag":[],"class_list":{"0":"post-31180","1":"product","2":"type-product","3":"status-publish","4":"has-post-thumbnail","6":"product_cat-110-volts-deshumidificadores-por-condensacion-refrigeracion","7":"product_cat-portatiles-110-volts-deshumidificadores-por-condensacion-refrigeracion","9":"first","10":"onbackorder","11":"purchasable","12":"product-type-simple"},"brands":[],"_links":{"self":[{"href":"https:\/\/h2otek.com\/tienda\/wp-json\/wp\/v2\/product\/31180","targetHints":{"allow":["GET"]}}],"collection":[{"href":"https:\/\/h2otek.com\/tienda\/wp-json\/wp\/v2\/product"}],"about":[{"href":"https:\/\/h2otek.com\/tienda\/wp-json\/wp\/v2\/types\/product"}],"replies":[{"embeddable":true,"href":"https:\/\/h2otek.com\/tienda\/wp-json\/wp\/v2\/comments?post=31180"}],"wp:featuredmedia":[{"embeddable":true,"href":"https:\/\/h2otek.com\/tienda\/wp-json\/wp\/v2\/media\/31181"}],"wp:attachment":[{"href":"https:\/\/h2otek.com\/tienda\/wp-json\/wp\/v2\/media?parent=31180"}],"wp:term":[{"taxonomy":"pwb-brand","embeddable":true,"href":"https:\/\/h2otek.com\/tienda\/wp-json\/wp\/v2\/pwb-brand?post=31180"},{"taxonomy":"product_brand","embeddable":true,"href":"https:\/\/h2otek.com\/tienda\/wp-json\/wp\/v2\/product_brand?post=31180"},{"taxonomy":"product_cat","embeddable":true,"href":"https:\/\/h2otek.com\/tienda\/wp-json\/wp\/v2\/product_cat?post=31180"},{"taxonomy":"product_tag","embeddable":true,"href":"https:\/\/h2otek.com\/tienda\/wp-json\/wp\/v2\/product_tag?post=31180"}],"curies":[{"name":"wp","href":"https:\/\/api.w.org\/{rel}","templated":true}]}}