{"id":31019,"date":"2024-07-26T23:37:00","date_gmt":"2024-07-26T23:37:00","guid":{"rendered":"https:\/\/h2otek.com\/tienda\/?post_type=product&#038;p=31019"},"modified":"2024-10-24T01:56:01","modified_gmt":"2024-10-24T01:56:01","slug":"deshumidificador-ahorrador-de-energia-full-inverter-linea-rdin-marca-h2otek-220-volts-1-fase-60-hz-mod-rdin-96l-d-470","status":"publish","type":"product","link":"https:\/\/h2otek.com\/tienda\/producto\/deshumidificador-ahorrador-de-energia-full-inverter-linea-rdin-marca-h2otek-220-volts-1-fase-60-hz-mod-rdin-96l-d-470\/","title":{"rendered":"DESHUMIDIFICADOR (AHORRADOR DE ENERGIA) FULL INVERTER LINEA RDIN MARCA H2OTEK 220 VOLTS 1 FASE 60 HZ MOD. RDIN-96L\/D-470"},"content":{"rendered":"<p align=\"center\"><img fetchpriority=\"high\" decoding=\"async\" class=\"alignnone size-full wp-image-31020\" src=\"https:\/\/h2otek.com\/tienda\/wp-content\/uploads\/2024\/07\/header-deshumidificador-RDIN-96.jpg\" alt=\"\" width=\"650\" height=\"300\" srcset=\"https:\/\/h2otek.com\/tienda\/wp-content\/uploads\/2024\/07\/header-deshumidificador-RDIN-96.jpg 650w, https:\/\/h2otek.com\/tienda\/wp-content\/uploads\/2024\/07\/header-deshumidificador-RDIN-96-300x138.jpg 300w, https:\/\/h2otek.com\/tienda\/wp-content\/uploads\/2024\/07\/header-deshumidificador-RDIN-96-130x60.jpg 130w, https:\/\/h2otek.com\/tienda\/wp-content\/uploads\/2024\/07\/header-deshumidificador-RDIN-96-195x90.jpg 195w, https:\/\/h2otek.com\/tienda\/wp-content\/uploads\/2024\/07\/header-deshumidificador-RDIN-96-600x277.jpg 600w\" sizes=\"(max-width: 650px) 100vw, 650px\" \/><\/p>\n<p align=\"center\"><strong><br \/>\nDESCUBRE EL PODER DEL DESHUMIDIFICADOR INVERTER-PLUS<\/strong><\/p>\n<p style=\"text-align: left;\" align=\"center\"><strong>CARACTER\u00cdSTICAS PRINCIPALES:<\/strong><\/p>\n<ul>\n<li>Ahorrador de energ\u00eda<\/li>\n<li>L\u00ednea de Deshumidificadores RDIN<\/li>\n<li>220 V \/ 1 fase \/ 60 Hz<\/li>\n<\/ul>\n<p style=\"text-align: center;\" align=\"center\"><strong>DESCUBRA LA TECNOLOG\u00cdA FULL-INVERTER<\/strong><\/p>\n<p align=\"center\"><img decoding=\"async\" class=\"alignnone size-full wp-image-31022\" src=\"https:\/\/h2otek.com\/tienda\/wp-content\/uploads\/2024\/07\/sistema-full-inverter.jpg\" alt=\"\" width=\"650\" height=\"265\" srcset=\"https:\/\/h2otek.com\/tienda\/wp-content\/uploads\/2024\/07\/sistema-full-inverter.jpg 650w, https:\/\/h2otek.com\/tienda\/wp-content\/uploads\/2024\/07\/sistema-full-inverter-300x122.jpg 300w, https:\/\/h2otek.com\/tienda\/wp-content\/uploads\/2024\/07\/sistema-full-inverter-147x60.jpg 147w, https:\/\/h2otek.com\/tienda\/wp-content\/uploads\/2024\/07\/sistema-full-inverter-221x90.jpg 221w, https:\/\/h2otek.com\/tienda\/wp-content\/uploads\/2024\/07\/sistema-full-inverter-600x245.jpg 600w\" sizes=\"(max-width: 650px) 100vw, 650px\" \/><\/p>\n<p align=\"center\"><strong>L\u00d3GICA DEL FUNCIONAMIENTO FULL-INVERTER<\/strong><\/p>\n<p style=\"text-align: left;\" align=\"center\">El sistema de control Full-inverter detectar\u00e1 la humedad ambiental y funcionar\u00e1 a m\u00e1xima velocidad para alcanzar la humedad establecida al principio.<\/p>\n<p style=\"text-align: left;\" align=\"center\">Luego funcionar\u00e1 a baja velocidad (menos del 80 %, generalmente 40 %-80 %) para mantener la humedad.<br \/>\nUna vez que la humedad sea un 1 % inferior a la humedad establecida, el compresor dejar\u00e1 de funcionar y el motor del ventilador funcionar\u00e1 a menor velocidad; pero si es superior, el compresor se reiniciar\u00e1 autom\u00e1ticamente desde 0 Hz.<\/p>\n<p style=\"text-align: left;\" align=\"center\">El DESHUMIDIFICADOR Full-inverter definitivamente garantizar\u00e1 la consistencia y estabilidad de la humedad, brindando un ambiente s\u00faper silencioso.<\/p>\n<p style=\"text-align: center;\" align=\"center\"><strong>DESCRUBA SU SINGULARIDAD<\/strong><\/p>\n<p align=\"center\"><img decoding=\"async\" class=\"alignnone size-full wp-image-31024\" src=\"https:\/\/h2otek.com\/tienda\/wp-content\/uploads\/2024\/07\/singularidad-deshumidificador-RDIN-96.jpg\" alt=\"\" width=\"650\" height=\"254\" srcset=\"https:\/\/h2otek.com\/tienda\/wp-content\/uploads\/2024\/07\/singularidad-deshumidificador-RDIN-96.jpg 650w, https:\/\/h2otek.com\/tienda\/wp-content\/uploads\/2024\/07\/singularidad-deshumidificador-RDIN-96-300x117.jpg 300w, https:\/\/h2otek.com\/tienda\/wp-content\/uploads\/2024\/07\/singularidad-deshumidificador-RDIN-96-154x60.jpg 154w, https:\/\/h2otek.com\/tienda\/wp-content\/uploads\/2024\/07\/singularidad-deshumidificador-RDIN-96-230x90.jpg 230w, https:\/\/h2otek.com\/tienda\/wp-content\/uploads\/2024\/07\/singularidad-deshumidificador-RDIN-96-600x234.jpg 600w\" sizes=\"(max-width: 650px) 100vw, 650px\" \/><\/p>\n<p align=\"center\"><img loading=\"lazy\" decoding=\"async\" class=\"alignnone size-full wp-image-31025\" src=\"https:\/\/h2otek.com\/tienda\/wp-content\/uploads\/2024\/07\/diseno-deshumidificador-RDIN-96.jpg\" alt=\"\" width=\"610\" height=\"386\" srcset=\"https:\/\/h2otek.com\/tienda\/wp-content\/uploads\/2024\/07\/diseno-deshumidificador-RDIN-96.jpg 610w, https:\/\/h2otek.com\/tienda\/wp-content\/uploads\/2024\/07\/diseno-deshumidificador-RDIN-96-300x190.jpg 300w, https:\/\/h2otek.com\/tienda\/wp-content\/uploads\/2024\/07\/diseno-deshumidificador-RDIN-96-95x60.jpg 95w, https:\/\/h2otek.com\/tienda\/wp-content\/uploads\/2024\/07\/diseno-deshumidificador-RDIN-96-142x90.jpg 142w, https:\/\/h2otek.com\/tienda\/wp-content\/uploads\/2024\/07\/diseno-deshumidificador-RDIN-96-600x380.jpg 600w\" sizes=\"(max-width: 610px) 100vw, 610px\" \/><\/p>\n<p align=\"center\"><img loading=\"lazy\" decoding=\"async\" class=\"alignnone size-full wp-image-31028\" src=\"https:\/\/h2otek.com\/tienda\/wp-content\/uploads\/2024\/07\/tiempos-tranquilos-deshumidificador-RDIN-96.jpg\" alt=\"\" width=\"650\" height=\"309\" srcset=\"https:\/\/h2otek.com\/tienda\/wp-content\/uploads\/2024\/07\/tiempos-tranquilos-deshumidificador-RDIN-96.jpg 650w, https:\/\/h2otek.com\/tienda\/wp-content\/uploads\/2024\/07\/tiempos-tranquilos-deshumidificador-RDIN-96-300x143.jpg 300w, https:\/\/h2otek.com\/tienda\/wp-content\/uploads\/2024\/07\/tiempos-tranquilos-deshumidificador-RDIN-96-126x60.jpg 126w, https:\/\/h2otek.com\/tienda\/wp-content\/uploads\/2024\/07\/tiempos-tranquilos-deshumidificador-RDIN-96-189x90.jpg 189w, https:\/\/h2otek.com\/tienda\/wp-content\/uploads\/2024\/07\/tiempos-tranquilos-deshumidificador-RDIN-96-600x285.jpg 600w\" sizes=\"(max-width: 650px) 100vw, 650px\" \/><\/p>\n<h5 style=\"text-align: center;\" align=\"center\">\u00a1Ahorro de energ\u00eda doble!<br \/>\nDER=(60L\/24h)\/1360W=1,838<br \/>\nDER para deshumidificador Full-inverter=4,3<\/h5>\n<p>&nbsp;<\/p>\n<p style=\"text-align: center;\"><strong>WIFI<\/strong><\/p>\n<p style=\"text-align: center;\">Para controlarlo en cualquier momento y en cualquier lugar.<\/p>\n<p style=\"text-align: center;\"><img loading=\"lazy\" decoding=\"async\" class=\"alignnone size-full wp-image-31029\" src=\"https:\/\/h2otek.com\/tienda\/wp-content\/uploads\/2024\/07\/wifi-deshumidificador-RDIN-96.jpg\" alt=\"\" width=\"650\" height=\"334\" srcset=\"https:\/\/h2otek.com\/tienda\/wp-content\/uploads\/2024\/07\/wifi-deshumidificador-RDIN-96.jpg 650w, https:\/\/h2otek.com\/tienda\/wp-content\/uploads\/2024\/07\/wifi-deshumidificador-RDIN-96-300x154.jpg 300w, https:\/\/h2otek.com\/tienda\/wp-content\/uploads\/2024\/07\/wifi-deshumidificador-RDIN-96-117x60.jpg 117w, https:\/\/h2otek.com\/tienda\/wp-content\/uploads\/2024\/07\/wifi-deshumidificador-RDIN-96-175x90.jpg 175w, https:\/\/h2otek.com\/tienda\/wp-content\/uploads\/2024\/07\/wifi-deshumidificador-RDIN-96-600x308.jpg 600w\" sizes=\"(max-width: 650px) 100vw, 650px\" \/><\/p>\n<p>&nbsp;<\/p>\n<p style=\"text-align: center;\"><strong>APLICACIONES DEL DESHUMIDIFICADOR<\/strong><\/p>\n<p style=\"text-align: center;\"><img loading=\"lazy\" decoding=\"async\" class=\"alignnone size-full wp-image-31030\" src=\"https:\/\/h2otek.com\/tienda\/wp-content\/uploads\/2024\/07\/aplicacion-deshumidificador-RDIN-96.jpg\" alt=\"\" width=\"650\" height=\"264\" srcset=\"https:\/\/h2otek.com\/tienda\/wp-content\/uploads\/2024\/07\/aplicacion-deshumidificador-RDIN-96.jpg 650w, https:\/\/h2otek.com\/tienda\/wp-content\/uploads\/2024\/07\/aplicacion-deshumidificador-RDIN-96-300x122.jpg 300w, https:\/\/h2otek.com\/tienda\/wp-content\/uploads\/2024\/07\/aplicacion-deshumidificador-RDIN-96-148x60.jpg 148w, https:\/\/h2otek.com\/tienda\/wp-content\/uploads\/2024\/07\/aplicacion-deshumidificador-RDIN-96-222x90.jpg 222w, https:\/\/h2otek.com\/tienda\/wp-content\/uploads\/2024\/07\/aplicacion-deshumidificador-RDIN-96-600x244.jpg 600w\" sizes=\"(max-width: 650px) 100vw, 650px\" \/><\/p>\n<p>&nbsp;<\/p>\n<p style=\"text-align: center;\"><strong>M\u00c9TODOS DE INSTALACI\u00d3N<\/strong><\/p>\n<p style=\"text-align: center;\"><img loading=\"lazy\" decoding=\"async\" class=\"alignnone size-full wp-image-31033\" src=\"https:\/\/h2otek.com\/tienda\/wp-content\/uploads\/2024\/07\/instalacion-deshumidificador-RDIN-96-1.jpg\" alt=\"\" width=\"650\" height=\"273\" srcset=\"https:\/\/h2otek.com\/tienda\/wp-content\/uploads\/2024\/07\/instalacion-deshumidificador-RDIN-96-1.jpg 650w, https:\/\/h2otek.com\/tienda\/wp-content\/uploads\/2024\/07\/instalacion-deshumidificador-RDIN-96-1-300x126.jpg 300w, https:\/\/h2otek.com\/tienda\/wp-content\/uploads\/2024\/07\/instalacion-deshumidificador-RDIN-96-1-143x60.jpg 143w, https:\/\/h2otek.com\/tienda\/wp-content\/uploads\/2024\/07\/instalacion-deshumidificador-RDIN-96-1-214x90.jpg 214w, https:\/\/h2otek.com\/tienda\/wp-content\/uploads\/2024\/07\/instalacion-deshumidificador-RDIN-96-1-600x252.jpg 600w\" sizes=\"(max-width: 650px) 100vw, 650px\" \/><\/p>\n<p>&nbsp;<\/p>\n<p style=\"text-align: center;\"><strong>TABLA DE ESPECIFICACIONES:<\/strong><\/p>\n<p style=\"text-align: center;\"><img loading=\"lazy\" decoding=\"async\" class=\"alignnone size-full wp-image-31027\" src=\"https:\/\/h2otek.com\/tienda\/wp-content\/uploads\/2024\/07\/especificaciones-deshumidificador-RDIN-96.jpg\" alt=\"\" width=\"580\" height=\"438\" srcset=\"https:\/\/h2otek.com\/tienda\/wp-content\/uploads\/2024\/07\/especificaciones-deshumidificador-RDIN-96.jpg 580w, https:\/\/h2otek.com\/tienda\/wp-content\/uploads\/2024\/07\/especificaciones-deshumidificador-RDIN-96-300x227.jpg 300w, https:\/\/h2otek.com\/tienda\/wp-content\/uploads\/2024\/07\/especificaciones-deshumidificador-RDIN-96-79x60.jpg 79w, https:\/\/h2otek.com\/tienda\/wp-content\/uploads\/2024\/07\/especificaciones-deshumidificador-RDIN-96-119x90.jpg 119w\" sizes=\"(max-width: 580px) 100vw, 580px\" \/><\/p>\n<ol>\n<li>La temperatura de estos productos s\u00f3lo puede funcionar normalmente dentro del rango de 10\u00b0C~38\u00b0C. Si excede este rango, no se garantizar\u00e1 el rendimiento; tenga en cuenta que los par\u00e1metros de rendimiento del deshumidificador ser\u00e1n diferentes en diferentes condiciones de trabajo;<\/li>\n<li>Debido a la mejora t\u00e9cnica del producto, los par\u00e1metros relevantes se ajustar\u00e1n paso a paso sin previo aviso. Consulte su placa de identificaci\u00f3n para obtener m\u00e1s detalles.<\/li>\n<\/ol>\n<p>&nbsp;<\/p>\n<ul>\n<li><span style=\"font-size: small; color: #ff0000;\"><strong>DEBIDO AL PROCESO DE DESHUMIDIFICACION, EL EQUIPO INYECTA AIRE, ADEMAS DE SECARLO, CON UN AUMENTO EN LA TEMPERATURA DE 5 A 10 GRADOS CENTRIGRADOS ARRIBA, DE LA TEMPERATURA DE AIRE RETORNADA, ESTO ES IMPORTANTE TOMARLO EN CUENTA, EN LOS ESTUDIOS DE CARGAS TERMICAS.\u00a0 <\/strong><\/span><\/li>\n<li><span style=\"font-size: small; color: #ff0000;\"><strong>NO ES RECOMENDABLE UTILIZAR DESHUMIDIFICADORES POR SISTEMA DE REFRIGERACION, CUANDO EL PORCENTAJE DE HUMEDAD, DENTRO DEL CUARTO, SE REQUIERE MUY BAJO (35-40% O MENOS). PARA ESTOS CASOS SE REQUIERE DESHUMIDIFICADORES DESECANTES: <strong><a href=\"https:\/\/h2otek.com\/tienda\/188-sistema-desecante\" target=\"_blank\" rel=\"noopener\">https:\/\/h2otek.com\/tienda\/188-sistema-desecante<\/a><\/strong><\/strong><\/span><\/li>\n<\/ul>\n<p>&nbsp;<\/p>\n<p style=\"text-align: center;\"><strong>DIMENSIONES:<\/strong><\/p>\n<p style=\"text-align: center;\"><img loading=\"lazy\" decoding=\"async\" class=\"alignnone size-full wp-image-31026\" src=\"https:\/\/h2otek.com\/tienda\/wp-content\/uploads\/2024\/07\/dimensiones-deshumidificador-RDIN-96.jpg\" alt=\"\" width=\"498\" height=\"399\" srcset=\"https:\/\/h2otek.com\/tienda\/wp-content\/uploads\/2024\/07\/dimensiones-deshumidificador-RDIN-96.jpg 498w, https:\/\/h2otek.com\/tienda\/wp-content\/uploads\/2024\/07\/dimensiones-deshumidificador-RDIN-96-300x240.jpg 300w, https:\/\/h2otek.com\/tienda\/wp-content\/uploads\/2024\/07\/dimensiones-deshumidificador-RDIN-96-75x60.jpg 75w, https:\/\/h2otek.com\/tienda\/wp-content\/uploads\/2024\/07\/dimensiones-deshumidificador-RDIN-96-112x90.jpg 112w\" sizes=\"(max-width: 498px) 100vw, 498px\" \/><\/p>\n<p>&nbsp;<\/p>\n<p style=\"text-align: center;\"><strong>FOTOS<\/strong><\/p>\n<p style=\"text-align: center;\"><em>(Pr\u00f3ximamente)<\/em><\/p>\n<p>&nbsp;<\/p>\n<p>&nbsp;<\/p>\n<p style=\"text-align: center;\"><strong>VIDEOS<\/strong><\/p>\n<p style=\"text-align: center;\"><em>(Pr\u00f3ximamente)<\/em><\/p>\n<p>&nbsp;<\/p>\n<p>&nbsp;<\/p>\n<p style=\"text-align: center;\"><img loading=\"lazy\" decoding=\"async\" src=\"https:\/\/h2otek.com\/tienda\/img\/cms\/garantia-insignias\/garantia-h2otek-2years.jpg\" alt=\"\" width=\"350\" height=\"350\" \/><\/p>\n<p>&nbsp;<\/p>\n<p><span style=\"color: #4a4a4a;\">\u00a0<\/span> <span style=\"color: #4a4a4a;\"><strong>DESCARGAR MANUAL:<\/strong><\/span><\/p>\n<ul>\n<li><strong><span style=\"color: #0000ff;\"><a href=\"https:\/\/h2otek.com\/tienda\/wp-content\/uploads\/2024\/07\/MANUAL-DEL-USUARIO-DESHUMIDIFICADOR-H2OTEK-RDIN-96LD-470.pdf\" target=\"_blank\" rel=\"noopener\"><span style=\"color: #0000ff;\">MANUAL DEL USUARIO<\/span><\/a><\/span><\/strong><\/li>\n<\/ul>\n","protected":false},"excerpt":{"rendered":"<p><span style=\"color: #ff0000;\"><strong>PRECIO\u00a0EN\u00a0D\u00d3LARES US.<br \/>\nPRECIO INCLUYE 16 % DE I.V.A.<br \/>\nPRECIO INCLUYE ENVIO (ZONA CENTRO).<\/strong><\/span><\/p>\n<p><strong><em>APLICACIONES COMUNES:<\/em><\/strong><\/p>\n<ul>\n<li><strong><em>LABORATORIOS<\/em><\/strong><\/li>\n<li><strong><em>S\u00d3TANOS<\/em><\/strong><\/li>\n<li><strong><em>USO RESIDENCIAL<\/em><\/strong><\/li>\n<li><strong><em>ALBERCAS TECHADAS,\u00a0ETC.<\/em><\/strong><\/li>\n<li><strong><em>ARCHIVOS<\/em><\/strong><\/li>\n<li><strong><em>OFICINAS<\/em><\/strong><\/li>\n<li><strong><em>AREAS COMERCIALES, ETC.<\/em><\/strong><\/li>\n<\/ul>\n<p style=\"text-align: left;\"><span style=\"font-size: small; font-weight: bold; color: #000080;\">EFICIENTE DESHUMIDIFICADOR FULL-INVERTER<\/span><\/p>\n<p style=\"text-align: left;\"><strong><span style=\"font-size: small; color: #ff0000;\">GARANT\u00cdA M\u00c1S AMPLIA DEL MERCADO: COMPRESOR 2 A\u00d1OS, PARTES 1 A\u00d1O.<\/span><\/strong><\/p>\n<p style=\"text-align: left;\"><span style=\"font-size: small; color: #000000;\"><strong><em><strong><em>APLICACIONES COMUNES: <\/em><\/strong><\/em><\/strong><\/span><\/p>\n<ul>\n<li><span style=\"font-style: italic; font-weight: bold; font-size: small;\">ALMACENES<\/span><\/li>\n<li><span style=\"font-style: italic; font-weight: bold; font-size: small;\">\u00c1REAS DE PROCESO<\/span><\/li>\n<li><span style=\"font-style: italic; font-weight: bold; font-size: small;\">LABORATORIOS<\/span><\/li>\n<li><span style=\"font-style: italic; font-weight: bold; font-size: small;\">CUARTOS DE PRUEBA<\/span><\/li>\n<li><span style=\"font-style: italic; font-weight: bold; font-size: small;\">PROCESOS INDUSTRIALES<\/span><\/li>\n<li><span style=\"font-style: italic; font-weight: bold; font-size: small;\">CUARTOS DE PINTURA<\/span><\/li>\n<li><span style=\"font-style: italic; font-weight: bold; font-size: small;\">S\u00d3TANOS<\/span><\/li>\n<li><span style=\"font-style: italic; font-weight: bold; font-size: small;\">MUSEOS<\/span><\/li>\n<li><span style=\"font-style: italic; font-weight: bold; font-size: small;\">\u00c1REAS DE TRABAJO<\/span><\/li>\n<li><span style=\"font-style: italic; font-weight: bold; font-size: small;\">ALBERCAS TECHADAS,<\/span><span style=\"font-size: small; font-style: italic; font-weight: bold;\">\u00a0ETC.<\/span><\/li>\n<\/ul>\n","protected":false},"featured_media":31021,"comment_status":"closed","ping_status":"closed","template":"","meta":[],"pwb-brand":[],"product_brand":[],"product_cat":[422,1248],"product_tag":[],"class_list":{"0":"post-31019","1":"product","2":"type-product","3":"status-publish","4":"has-post-thumbnail","6":"product_cat-portatiles","7":"product_cat-condensacio-deshumidificadores-full-inverter","9":"first","10":"onbackorder","11":"purchasable","12":"product-type-simple"},"brands":[],"_links":{"self":[{"href":"https:\/\/h2otek.com\/tienda\/wp-json\/wp\/v2\/product\/31019","targetHints":{"allow":["GET"]}}],"collection":[{"href":"https:\/\/h2otek.com\/tienda\/wp-json\/wp\/v2\/product"}],"about":[{"href":"https:\/\/h2otek.com\/tienda\/wp-json\/wp\/v2\/types\/product"}],"replies":[{"embeddable":true,"href":"https:\/\/h2otek.com\/tienda\/wp-json\/wp\/v2\/comments?post=31019"}],"wp:featuredmedia":[{"embeddable":true,"href":"https:\/\/h2otek.com\/tienda\/wp-json\/wp\/v2\/media\/31021"}],"wp:attachment":[{"href":"https:\/\/h2otek.com\/tienda\/wp-json\/wp\/v2\/media?parent=31019"}],"wp:term":[{"taxonomy":"pwb-brand","embeddable":true,"href":"https:\/\/h2otek.com\/tienda\/wp-json\/wp\/v2\/pwb-brand?post=31019"},{"taxonomy":"product_brand","embeddable":true,"href":"https:\/\/h2otek.com\/tienda\/wp-json\/wp\/v2\/product_brand?post=31019"},{"taxonomy":"product_cat","embeddable":true,"href":"https:\/\/h2otek.com\/tienda\/wp-json\/wp\/v2\/product_cat?post=31019"},{"taxonomy":"product_tag","embeddable":true,"href":"https:\/\/h2otek.com\/tienda\/wp-json\/wp\/v2\/product_tag?post=31019"}],"curies":[{"name":"wp","href":"https:\/\/api.w.org\/{rel}","templated":true}]}}