{"id":30560,"date":"2024-03-28T04:40:35","date_gmt":"2024-03-28T04:40:35","guid":{"rendered":"https:\/\/h2otek.com\/tienda\/?post_type=product&#038;p=30560"},"modified":"2026-01-22T18:25:10","modified_gmt":"2026-01-22T18:25:10","slug":"humidificador-nebulizador-pulverizador-1-gal-hr-3-78-l-8-66-lb-hr-120v-60hz-portatil-mod-hcentri12-1g-negro-marca-h2otek","status":"publish","type":"product","link":"https:\/\/h2otek.com\/tienda\/producto\/humidificador-nebulizador-pulverizador-1-gal-hr-3-78-l-8-66-lb-hr-120v-60hz-portatil-mod-hcentri12-1g-negro-marca-h2otek\/","title":{"rendered":"HUMIDIFICADOR-NEBULIZADOR-PULVERIZADOR 1 GAL\/HR (3.78 L) 8.66 LB\/HR 120V 60Hz PORTATIL MOD. HCENTRI12-1G MARCA H2OTEK"},"content":{"rendered":"<p style=\"text-align: center;\" align=\"center\"><img fetchpriority=\"high\" decoding=\"async\" class=\"alignnone wp-image-30629 size-full\" src=\"https:\/\/h2otek.com\/tienda\/wp-content\/uploads\/2024\/03\/header-humidificador-hcentri12-1G-h2otek-2.jpg\" alt=\"\" width=\"650\" height=\"300\" srcset=\"https:\/\/h2otek.com\/tienda\/wp-content\/uploads\/2024\/03\/header-humidificador-hcentri12-1G-h2otek-2.jpg 650w, https:\/\/h2otek.com\/tienda\/wp-content\/uploads\/2024\/03\/header-humidificador-hcentri12-1G-h2otek-2-300x138.jpg 300w, https:\/\/h2otek.com\/tienda\/wp-content\/uploads\/2024\/03\/header-humidificador-hcentri12-1G-h2otek-2-130x60.jpg 130w, https:\/\/h2otek.com\/tienda\/wp-content\/uploads\/2024\/03\/header-humidificador-hcentri12-1G-h2otek-2-195x90.jpg 195w, https:\/\/h2otek.com\/tienda\/wp-content\/uploads\/2024\/03\/header-humidificador-hcentri12-1G-h2otek-2-600x277.jpg 600w\" sizes=\"(max-width: 650px) 100vw, 650px\" \/><\/p>\n<p>La humidificaci\u00f3n es un factor cr\u00edtico para la mayor\u00eda de las empresas de producci\u00f3n. A menudo se pasa por alto, mantener el nivel adecuado de humedad relativa puede reducir o eliminar una gran cantidad de problemas de fabricaci\u00f3n.<\/p>\n<p style=\"text-align: justify;\">Esto puede conducir a una mayor producci\u00f3n, mayor calidad del producto, y mayores beneficios. El Humidificador port\u00e1til\u00a0HCENTRI12-1G H2OTEK es la soluci\u00f3n ideal para la humidificaci\u00f3n de tama\u00f1o medio. Con una cobertura de hasta 110 mts2 aproximadamente por unidad (dependiendo del nivel de humedad deseado y las caracter\u00edsticas de la instalaci\u00f3n), el\u00a0HCENTRI12-1G H2OTEK produce la humectaci\u00f3n que necesita, simplemente, en silencio y de manera eficiente.<\/p>\n<p style=\"text-align: justify;\">Nuestro humidificador es est\u00e1 dise\u00f1ado para ser instalado en cuesti\u00f3n de minutos, y se alimenta de forma autom\u00e1tica por una simple conexi\u00f3n a un suministro de agua fr\u00eda. No hay necesidad de llenar el tanque cada vez.<\/p>\n<p>&nbsp;<\/p>\n<p><strong>Caracter\u00edsticas de nuestro producto:<\/strong><\/p>\n<ul>\n<li>Cobertura r\u00e1pida: Nuestro humidificador puede cubrir eficientemente hasta 100 metros cuadrados, asegurando una distribuci\u00f3n uniforme de la humedad en todo su espacio de cultivo.<\/li>\n<li>Tecnolog\u00eda de niebla de precisi\u00f3n: experimente el poder de la distribuci\u00f3n de niebla fina, que proporciona un microclima ideal para el crecimiento de las plantas, lo que conduce a una mejor calidad y rendimiento.<\/li>\n<li>Facilidad de operaci\u00f3n: Dise\u00f1ados pensando en la facilidad de uso, nuestros humidificadores son f\u00e1ciles de instalar, mantener e integrar perfectamente en su entorno de cultivo.<\/li>\n<\/ul>\n<p>&nbsp;<\/p>\n<p>&nbsp;<\/p>\n<p style=\"text-align: center;\"><img decoding=\"async\" src=\"https:\/\/www.h2otek.com\/tienda\/Images\/h2otek\/aplicaciones-humidificador-hr50.jpg\" alt=\"\" width=\"550\" height=\"446\" border=\"0\" \/><\/p>\n<p style=\"text-align: left;\"><strong><span style=\"font-size: small;\">AREA DE COVERTURA HASTA 100 &#8211; 130 MTS2 (SEGUN CARACTERISTICAS DEL AREA Y CONDICIONES REQUERIDAS)<\/span><\/strong><\/p>\n<p style=\"text-align: justify;\"><strong>DETALLES GENERALES: <\/strong><\/p>\n<p style=\"text-align: justify;\">Humidificador\u00a0HCENTRI12-1G H2OTEK con cabeza de nebulizaci\u00f3n Multi-direccional. Medidas 17.25&#8243; de alto (con la cabeza de nebulizaci\u00f3n) x 14&#8243; de di\u00e1metro. El peso seco es de 7 kilos. La cobertura es de hasta 130 m2, dependiendo de los requerimientos de humidificaci\u00f3n y la altura del techo. La salida es de aproximadamente 1,05 litros por hora. Voltaje est\u00e1ndar es de 115V\/60Hz (cabe en est\u00e1ndar de tres patas conectado). El consumo de energ\u00eda es muy bajo &#8211; 0,9 amperios. Industrial-grado del motor. El voltaje de 230V\/60Hz tambi\u00e9n est\u00e1 disponible. Se conecta directamente al suministro de agua, ya sea con nuestro Kit de Instalaci\u00f3n de Agua, Kit de Alimentaci\u00f3n por gravedad de agua, manguera de jard\u00edn Kit de conexi\u00f3n, o su propia conexi\u00f3n (necesitar\u00e1 un tubo de 1\/4&#8243;). Capacidad del dep\u00f3sito de la charola es de 2,1 litros. Funciona a 62 dBA.<\/p>\n<p><strong>IDEALES PARA:<\/strong><\/p>\n<ul>\n<li>Impresi\u00f3n Comercial<\/li>\n<li>Textiles<\/li>\n<li>Madera y Mobiliario<\/li>\n<li>Tabaco, cigarrillos, cigarros<\/li>\n<li>Panader\u00eda y Procesamiento de Alimentos<\/li>\n<li>Destiler\u00eda<\/li>\n<li>Invernadero-Orqu\u00eddeas y otras flores<\/li>\n<li>Agricultura-Crecimiento de hongos y otras aplicaciones<\/li>\n<li>Aves de corral y de ganado<\/li>\n<li>Frutas y Vegetales de almacenamiento<\/li>\n<li>Fabricaci\u00f3n de pl\u00e1sticos<\/li>\n<li>Laboratorios<\/li>\n<li>Industria electr\u00f3nica<\/li>\n<li>Etc.<\/li>\n<\/ul>\n<p>Los beneficios de la correcto nivel de humedad son m\u00faltiples:<\/p>\n<ul>\n<li>Estables las condiciones de fabricaci\u00f3n<\/li>\n<li>Mejorar la calidad del producto, menos residuos<\/li>\n<li>Eliminaci\u00f3n de la Electricidad<\/li>\n<li>El medio ambiente de trabajo eficiente; la reducci\u00f3n de inactividad<\/li>\n<li>Velocidades de producci\u00f3n m\u00e1s r\u00e1pido<\/li>\n<li>Material Estable de materias primas<\/li>\n<li>Supresi\u00f3n de polvo<\/li>\n<\/ul>\n<p><strong>CARACTERISTICAS:<\/strong><\/p>\n<ul>\n<li>Multi-Directional<\/li>\n<li>Port\u00e1til<\/li>\n<li>Muy f\u00e1cil instalaci\u00f3n<\/li>\n<li>Capacidad de 1.05 galones por hora<\/li>\n<li>Medidas 17.25&#8243; alto x 14&#8243; de di\u00e1metro<\/li>\n<li>La cobertura es de 130 mts2 (dependiendo de las necesidades de humidificaci\u00f3n y techo alto)<\/li>\n<li>Voltaje est\u00e1ndar es 115V\/60Hz ( encaja en est\u00e1ndar de tres patas)<\/li>\n<li>Consumo 0,9 amps.<\/li>\n<li>Industrial-Grado de motor<\/li>\n<li>Se conecta directamente a su suministro de agua con nuestro kit de instalaci\u00f3n de agua o su propia conexi\u00f3n (se necesita un tubo de 1\/4&#8243; tubo).<\/li>\n<li>Bajo nivel de ruido 62 dBA.<\/li>\n<li><em>GARANTIA DE 12 MESES SOBRE CUALQUIER DEFECTO DE FABRICACION<\/em><\/li>\n<\/ul>\n<div>\n<p><strong>NOTAS:<\/strong><\/p>\n<\/div>\n<div>a) Establecer horizontalmente para controlar el nivel del agua<\/div>\n<div>b) Aseg\u00farese de que el cable de conexi\u00f3n es lo suficientemente largo<\/div>\n<div>c) Revisar y limpiar peri\u00f3dicamente el tanque de agua<\/div>\n<div>d) Si no hay humidificaci\u00f3n, apague la corriente y compruebe el nivel de agua<\/div>\n<div>e) Si el agua se desborda, gire el grifo del agua y compruebe la v\u00e1lvula de flotador<\/div>\n<div style=\"text-align: center;\">\n<p>&nbsp;<\/p>\n<p>&nbsp;<\/p>\n<p style=\"text-align: center;\"><strong>TABLA DE ESPECIFICACIONES:<\/strong><\/p>\n<p style=\"text-align: center;\"><img decoding=\"async\" class=\"alignnone size-full wp-image-30572\" src=\"https:\/\/h2otek.com\/tienda\/wp-content\/uploads\/2024\/03\/especificaciones-humidificador-hcentri12-1G-h2otek.jpg\" alt=\"\" width=\"513\" height=\"183\" srcset=\"https:\/\/h2otek.com\/tienda\/wp-content\/uploads\/2024\/03\/especificaciones-humidificador-hcentri12-1G-h2otek.jpg 513w, https:\/\/h2otek.com\/tienda\/wp-content\/uploads\/2024\/03\/especificaciones-humidificador-hcentri12-1G-h2otek-300x107.jpg 300w, https:\/\/h2otek.com\/tienda\/wp-content\/uploads\/2024\/03\/especificaciones-humidificador-hcentri12-1G-h2otek-168x60.jpg 168w, https:\/\/h2otek.com\/tienda\/wp-content\/uploads\/2024\/03\/especificaciones-humidificador-hcentri12-1G-h2otek-252x90.jpg 252w\" sizes=\"(max-width: 513px) 100vw, 513px\" \/><\/p>\n<p>&nbsp;<\/p>\n<p>&nbsp;<\/p>\n<p style=\"text-align: center;\"><span style=\"font-weight: bold;\">DIMENSIONES:<\/span><\/p>\n<p style=\"text-align: center;\"><img loading=\"lazy\" decoding=\"async\" class=\"alignnone size-full wp-image-30567\" src=\"https:\/\/h2otek.com\/tienda\/wp-content\/uploads\/2024\/03\/diametro-hcentri1g-negro.jpg\" alt=\"\" width=\"600\" height=\"600\" srcset=\"https:\/\/h2otek.com\/tienda\/wp-content\/uploads\/2024\/03\/diametro-hcentri1g-negro.jpg 600w, https:\/\/h2otek.com\/tienda\/wp-content\/uploads\/2024\/03\/diametro-hcentri1g-negro-300x300.jpg 300w, https:\/\/h2otek.com\/tienda\/wp-content\/uploads\/2024\/03\/diametro-hcentri1g-negro-150x150.jpg 150w, https:\/\/h2otek.com\/tienda\/wp-content\/uploads\/2024\/03\/diametro-hcentri1g-negro-60x60.jpg 60w, https:\/\/h2otek.com\/tienda\/wp-content\/uploads\/2024\/03\/diametro-hcentri1g-negro-90x90.jpg 90w, https:\/\/h2otek.com\/tienda\/wp-content\/uploads\/2024\/03\/diametro-hcentri1g-negro-100x100.jpg 100w\" sizes=\"(max-width: 600px) 100vw, 600px\" \/><\/p>\n<\/div>\n<p>&nbsp;<\/p>\n<p style=\"text-align: center;\"><img loading=\"lazy\" decoding=\"async\" class=\"alignnone size-full wp-image-30570\" src=\"https:\/\/h2otek.com\/tienda\/wp-content\/uploads\/2024\/03\/diametro-hcentri1g-negro-2.jpg\" alt=\"\" width=\"600\" height=\"600\" srcset=\"https:\/\/h2otek.com\/tienda\/wp-content\/uploads\/2024\/03\/diametro-hcentri1g-negro-2.jpg 600w, https:\/\/h2otek.com\/tienda\/wp-content\/uploads\/2024\/03\/diametro-hcentri1g-negro-2-300x300.jpg 300w, https:\/\/h2otek.com\/tienda\/wp-content\/uploads\/2024\/03\/diametro-hcentri1g-negro-2-150x150.jpg 150w, https:\/\/h2otek.com\/tienda\/wp-content\/uploads\/2024\/03\/diametro-hcentri1g-negro-2-60x60.jpg 60w, https:\/\/h2otek.com\/tienda\/wp-content\/uploads\/2024\/03\/diametro-hcentri1g-negro-2-90x90.jpg 90w, https:\/\/h2otek.com\/tienda\/wp-content\/uploads\/2024\/03\/diametro-hcentri1g-negro-2-100x100.jpg 100w\" sizes=\"(max-width: 600px) 100vw, 600px\" \/><\/p>\n<p>&nbsp;<\/p>\n<p>&nbsp;<\/p>\n<p style=\"text-align: center;\"><strong>FOTOS:<\/strong><\/p>\n\n\t\t<style type=\"text\/css\">\n\t\t\t#gallery-1 {\n\t\t\t\tmargin: auto;\n\t\t\t}\n\t\t\t#gallery-1 .gallery-item {\n\t\t\t\tfloat: left;\n\t\t\t\tmargin-top: 10px;\n\t\t\t\ttext-align: center;\n\t\t\t\twidth: 25%;\n\t\t\t}\n\t\t\t#gallery-1 img {\n\t\t\t\tborder: 2px solid #cfcfcf;\n\t\t\t}\n\t\t\t#gallery-1 .gallery-caption {\n\t\t\t\tmargin-left: 0;\n\t\t\t}\n\t\t\t\/* see gallery_shortcode() in wp-includes\/media.php *\/\n\t\t<\/style>\n\t\t<div id='gallery-1' class='gallery galleryid-30560 gallery-columns-4 gallery-size-medium'><dl class='gallery-item'>\n\t\t\t<dt class='gallery-icon landscape'>\n\t\t\t\t<a href='https:\/\/h2otek.com\/tienda\/wp-content\/uploads\/2024\/03\/FOTO-03.jpg'><img loading=\"lazy\" decoding=\"async\" width=\"300\" height=\"300\" src=\"https:\/\/h2otek.com\/tienda\/wp-content\/uploads\/2024\/03\/FOTO-03-300x300.jpg\" class=\"attachment-medium size-medium\" alt=\"\" srcset=\"https:\/\/h2otek.com\/tienda\/wp-content\/uploads\/2024\/03\/FOTO-03-300x300.jpg 300w, https:\/\/h2otek.com\/tienda\/wp-content\/uploads\/2024\/03\/FOTO-03-150x150.jpg 150w, https:\/\/h2otek.com\/tienda\/wp-content\/uploads\/2024\/03\/FOTO-03-768x768.jpg 768w, https:\/\/h2otek.com\/tienda\/wp-content\/uploads\/2024\/03\/FOTO-03-60x60.jpg 60w, https:\/\/h2otek.com\/tienda\/wp-content\/uploads\/2024\/03\/FOTO-03-90x90.jpg 90w, https:\/\/h2otek.com\/tienda\/wp-content\/uploads\/2024\/03\/FOTO-03-600x600.jpg 600w, https:\/\/h2otek.com\/tienda\/wp-content\/uploads\/2024\/03\/FOTO-03-100x100.jpg 100w, https:\/\/h2otek.com\/tienda\/wp-content\/uploads\/2024\/03\/FOTO-03.jpg 800w\" sizes=\"(max-width: 300px) 100vw, 300px\" \/><\/a>\n\t\t\t<\/dt><\/dl><dl class='gallery-item'>\n\t\t\t<dt class='gallery-icon landscape'>\n\t\t\t\t<a href='https:\/\/h2otek.com\/tienda\/wp-content\/uploads\/2024\/03\/FOTO-04.jpg'><img loading=\"lazy\" decoding=\"async\" width=\"300\" height=\"300\" src=\"https:\/\/h2otek.com\/tienda\/wp-content\/uploads\/2024\/03\/FOTO-04-300x300.jpg\" class=\"attachment-medium size-medium\" alt=\"\" srcset=\"https:\/\/h2otek.com\/tienda\/wp-content\/uploads\/2024\/03\/FOTO-04-300x300.jpg 300w, https:\/\/h2otek.com\/tienda\/wp-content\/uploads\/2024\/03\/FOTO-04-150x150.jpg 150w, https:\/\/h2otek.com\/tienda\/wp-content\/uploads\/2024\/03\/FOTO-04-768x768.jpg 768w, https:\/\/h2otek.com\/tienda\/wp-content\/uploads\/2024\/03\/FOTO-04-60x60.jpg 60w, https:\/\/h2otek.com\/tienda\/wp-content\/uploads\/2024\/03\/FOTO-04-90x90.jpg 90w, https:\/\/h2otek.com\/tienda\/wp-content\/uploads\/2024\/03\/FOTO-04-600x600.jpg 600w, https:\/\/h2otek.com\/tienda\/wp-content\/uploads\/2024\/03\/FOTO-04-100x100.jpg 100w, https:\/\/h2otek.com\/tienda\/wp-content\/uploads\/2024\/03\/FOTO-04.jpg 800w\" sizes=\"(max-width: 300px) 100vw, 300px\" \/><\/a>\n\t\t\t<\/dt><\/dl><dl class='gallery-item'>\n\t\t\t<dt class='gallery-icon landscape'>\n\t\t\t\t<a href='https:\/\/h2otek.com\/tienda\/wp-content\/uploads\/2024\/03\/FOTO-05.jpg'><img loading=\"lazy\" decoding=\"async\" width=\"300\" height=\"300\" src=\"https:\/\/h2otek.com\/tienda\/wp-content\/uploads\/2024\/03\/FOTO-05-300x300.jpg\" class=\"attachment-medium size-medium\" alt=\"\" srcset=\"https:\/\/h2otek.com\/tienda\/wp-content\/uploads\/2024\/03\/FOTO-05-300x300.jpg 300w, https:\/\/h2otek.com\/tienda\/wp-content\/uploads\/2024\/03\/FOTO-05-150x150.jpg 150w, https:\/\/h2otek.com\/tienda\/wp-content\/uploads\/2024\/03\/FOTO-05-768x768.jpg 768w, https:\/\/h2otek.com\/tienda\/wp-content\/uploads\/2024\/03\/FOTO-05-60x60.jpg 60w, https:\/\/h2otek.com\/tienda\/wp-content\/uploads\/2024\/03\/FOTO-05-90x90.jpg 90w, https:\/\/h2otek.com\/tienda\/wp-content\/uploads\/2024\/03\/FOTO-05-600x600.jpg 600w, https:\/\/h2otek.com\/tienda\/wp-content\/uploads\/2024\/03\/FOTO-05-100x100.jpg 100w, https:\/\/h2otek.com\/tienda\/wp-content\/uploads\/2024\/03\/FOTO-05.jpg 800w\" sizes=\"(max-width: 300px) 100vw, 300px\" \/><\/a>\n\t\t\t<\/dt><\/dl><dl class='gallery-item'>\n\t\t\t<dt class='gallery-icon landscape'>\n\t\t\t\t<a href='https:\/\/h2otek.com\/tienda\/wp-content\/uploads\/2024\/03\/FOTO-06.jpg'><img loading=\"lazy\" decoding=\"async\" width=\"300\" height=\"300\" src=\"https:\/\/h2otek.com\/tienda\/wp-content\/uploads\/2024\/03\/FOTO-06-300x300.jpg\" class=\"attachment-medium size-medium\" alt=\"\" srcset=\"https:\/\/h2otek.com\/tienda\/wp-content\/uploads\/2024\/03\/FOTO-06-300x300.jpg 300w, https:\/\/h2otek.com\/tienda\/wp-content\/uploads\/2024\/03\/FOTO-06-150x150.jpg 150w, https:\/\/h2otek.com\/tienda\/wp-content\/uploads\/2024\/03\/FOTO-06-768x768.jpg 768w, https:\/\/h2otek.com\/tienda\/wp-content\/uploads\/2024\/03\/FOTO-06-60x60.jpg 60w, https:\/\/h2otek.com\/tienda\/wp-content\/uploads\/2024\/03\/FOTO-06-90x90.jpg 90w, https:\/\/h2otek.com\/tienda\/wp-content\/uploads\/2024\/03\/FOTO-06-600x600.jpg 600w, https:\/\/h2otek.com\/tienda\/wp-content\/uploads\/2024\/03\/FOTO-06-100x100.jpg 100w, https:\/\/h2otek.com\/tienda\/wp-content\/uploads\/2024\/03\/FOTO-06.jpg 800w\" sizes=\"(max-width: 300px) 100vw, 300px\" \/><\/a>\n\t\t\t<\/dt><\/dl><br style=\"clear: both\" \/>\n\t\t<\/div>\n\n<p>&nbsp;<\/p>\n<p>&nbsp;<\/p>\n<p style=\"text-align: center;\"><strong>VIDEOS:<\/strong><\/p>\n<p><iframe title=\"FUNCIONANDO EQUIPO HUMIDIFICADOR NEBULIZADOR CENTRIFUGO 1 GAL HR 120V  MOD  HCENTRI1G 12 MCA H2OTEK\" width=\"500\" height=\"281\" src=\"https:\/\/www.youtube.com\/embed\/eNQdhFjuD3c?feature=oembed\" frameborder=\"0\" allow=\"accelerometer; autoplay; clipboard-write; encrypted-media; gyroscope; picture-in-picture; web-share\" referrerpolicy=\"strict-origin-when-cross-origin\" allowfullscreen><\/iframe><\/p>\n<p>&nbsp;<\/p>\n<p>&nbsp;<\/p>\n<p><iframe title=\"DESEMPACANDO CONTROL DE HUMEDAD - CONTROL DE HUMEDAD (HUMIDOSTATO) PARA 120 VOLTS\" width=\"500\" height=\"281\" src=\"https:\/\/www.youtube.com\/embed\/bbN2cS4zRUA?feature=oembed\" frameborder=\"0\" allow=\"accelerometer; autoplay; clipboard-write; encrypted-media; gyroscope; picture-in-picture; web-share\" referrerpolicy=\"strict-origin-when-cross-origin\" allowfullscreen><\/iframe><\/p>\n<p>&nbsp;<\/p>\n<p>&nbsp;<\/p>\n<p><iframe title=\"FUNCIONANDO EQUIPO - HUMIDIFICADOR CENTRIFUGO HCENTRI1G-12 CON HUMIDOSTATO 120 VOLTS MARCA H2OTEK\" width=\"500\" height=\"281\" src=\"https:\/\/www.youtube.com\/embed\/wyb8k_fHP54?feature=oembed\" frameborder=\"0\" allow=\"accelerometer; autoplay; clipboard-write; encrypted-media; gyroscope; picture-in-picture; web-share\" referrerpolicy=\"strict-origin-when-cross-origin\" allowfullscreen><\/iframe><\/p>\n<p>&nbsp;<\/p>\n<p style=\"text-align: center;\" align=\"center\"><img loading=\"lazy\" decoding=\"async\" src=\"https:\/\/h2otek.com\/tienda\/img\/cms\/garantia-insignias\/garantia-h2otek-1year.jpg\" alt=\"\" width=\"350\" height=\"350\" \/><\/p>\n<p>&nbsp;<\/p>\n<p>&nbsp;<\/p>\n<p><span style=\"color: #4a4a4a;\"><strong><strong>DESCARGAR MANUALES<\/strong><\/strong><\/span><\/p>\n<ul>\n<li><em>Pr\u00f3ximamente<\/em><\/li>\n<\/ul>\n<p>&nbsp;<\/p>\n","protected":false},"excerpt":{"rendered":"<p><span style=\"color: #ff0000;\"><strong>PRECIO EN D\u00d3LARES US.<br \/>\nPRECIO INCLUYE 16 % DE I.V.A.<br \/>\nPRECIO INCLUYE ENVIO (ZONA CENTRO).<\/strong><\/span><\/p>\n<p><span style=\"color: #ff0000;\"><strong><span style=\"font-size: 12pt;\">PUEDE GENERAR NEBULIZACION PARA DESINFECCION, SANITIZACION O CUALQUIER NECESIDAD DE INYECCION DE HUMEDAD, EN AREAS ESPECIFICAS, CON QUIMICOS Y\/O AGUA POTABLE<\/span><\/strong><\/span><\/p>\n<p>&nbsp;<\/p>\n<p style=\"text-align: left;\"><em><span style=\"font-size: 12pt;\"><strong>APLICACIONES M\u00c1S COMUNES:<\/strong><\/span><\/em><\/p>\n<ul>\n<li><em><span style=\"font-size: 12pt;\"><strong>Impresiones<\/strong><\/span><\/em><\/li>\n<li><em><span style=\"font-size: 12pt;\"><strong>Tabaco<br \/>\n<\/strong><\/span><\/em><\/li>\n<li><em><span style=\"font-size: 12pt;\"><strong>Madera<\/strong><\/span><\/em><\/li>\n<li><em><span style=\"font-size: 12pt;\"><strong>Papel<\/strong><\/span><\/em><\/li>\n<li><em><span style=\"font-size: 12pt;\"><strong>Arte<\/strong><\/span><\/em><\/li>\n<li><em><span style=\"font-size: 12pt;\"><strong>Automotor<\/strong><\/span><\/em><\/li>\n<li><em><span style=\"font-size: 12pt;\"><strong>C\u00e1maras Frigor\u00edficas<\/strong><\/span><\/em><\/li>\n<li><em><strong>Procesos Industriales<\/strong><\/em><\/li>\n<li><em><span style=\"font-size: 12pt;\"><strong>Textiles<\/strong><\/span><\/em><\/li>\n<li><em><span style=\"font-size: 12pt;\"><strong>Hospital<\/strong><\/span><\/em><\/li>\n<li><em><span style=\"font-size: 12pt;\"><strong>Oficina<\/strong><\/span><\/em><\/li>\n<li><em><span style=\"font-size: 12pt;\"><strong>Enfermedades Respiratorias,\u00a0<\/strong><\/span><\/em><strong><span style=\"font-size: small;\"><em><span style=\"font-size: 12pt;\">etc.<\/span><\/em><br \/>\n<\/span><\/strong><\/li>\n<\/ul>\n","protected":false},"featured_media":30561,"comment_status":"closed","ping_status":"closed","template":"","meta":[],"pwb-brand":[],"product_brand":[],"product_cat":[885,592],"product_tag":[],"class_list":{"0":"post-30560","1":"product","2":"type-product","3":"status-publish","4":"has-post-thumbnail","6":"product_cat-portatiles-por-aplicacion","7":"product_cat-home","9":"first","10":"outofstock","11":"purchasable","12":"product-type-simple"},"brands":[],"_links":{"self":[{"href":"https:\/\/h2otek.com\/tienda\/wp-json\/wp\/v2\/product\/30560","targetHints":{"allow":["GET"]}}],"collection":[{"href":"https:\/\/h2otek.com\/tienda\/wp-json\/wp\/v2\/product"}],"about":[{"href":"https:\/\/h2otek.com\/tienda\/wp-json\/wp\/v2\/types\/product"}],"replies":[{"embeddable":true,"href":"https:\/\/h2otek.com\/tienda\/wp-json\/wp\/v2\/comments?post=30560"}],"wp:featuredmedia":[{"embeddable":true,"href":"https:\/\/h2otek.com\/tienda\/wp-json\/wp\/v2\/media\/30561"}],"wp:attachment":[{"href":"https:\/\/h2otek.com\/tienda\/wp-json\/wp\/v2\/media?parent=30560"}],"wp:term":[{"taxonomy":"pwb-brand","embeddable":true,"href":"https:\/\/h2otek.com\/tienda\/wp-json\/wp\/v2\/pwb-brand?post=30560"},{"taxonomy":"product_brand","embeddable":true,"href":"https:\/\/h2otek.com\/tienda\/wp-json\/wp\/v2\/product_brand?post=30560"},{"taxonomy":"product_cat","embeddable":true,"href":"https:\/\/h2otek.com\/tienda\/wp-json\/wp\/v2\/product_cat?post=30560"},{"taxonomy":"product_tag","embeddable":true,"href":"https:\/\/h2otek.com\/tienda\/wp-json\/wp\/v2\/product_tag?post=30560"}],"curies":[{"name":"wp","href":"https:\/\/api.w.org\/{rel}","templated":true}]}}