{"id":30540,"date":"2024-03-26T01:01:35","date_gmt":"2024-03-26T01:01:35","guid":{"rendered":"https:\/\/h2otek.com\/tienda\/?post_type=product&#038;p=30540"},"modified":"2024-07-08T20:09:24","modified_gmt":"2024-07-08T20:09:24","slug":"bomba-de-calor-ahorrador-de-energia-inverter-para-alberca-o-piscina-tipo-horizontal-cap-28-2-kw-96246-btu-h-220-volts-2-fases-60-hz-modelo-bcih96btu22-28-2-11-marca-h2otek","status":"publish","type":"product","link":"https:\/\/h2otek.com\/tienda\/producto\/bomba-de-calor-ahorrador-de-energia-inverter-para-alberca-o-piscina-tipo-horizontal-cap-28-2-kw-96246-btu-h-220-volts-2-fases-60-hz-modelo-bcih96btu22-28-2-11-marca-h2otek\/","title":{"rendered":"BOMBA DE CALOR (AHORRADOR DE ENERGIA) FULL INVERTER, WIFI, PARA ALBERCA O PISCINA, TIPO HORIZONTAL CAP. 28.2 KW 96,246 BTU\/H 220 VOLTS 2 FASES 60 HZ MODELO BCIH96BTU22-28.2-11 MARCA H2OTEK"},"content":{"rendered":"<p style=\"text-align: center;\"><img fetchpriority=\"high\" decoding=\"async\" class=\"alignnone wp-image-30954 size-full\" src=\"https:\/\/h2otek.com\/tienda\/wp-content\/uploads\/2024\/03\/header-bomba-horizontal-h2otek-BCIH96-1.jpg\" alt=\"\" width=\"650\" height=\"300\" srcset=\"https:\/\/h2otek.com\/tienda\/wp-content\/uploads\/2024\/03\/header-bomba-horizontal-h2otek-BCIH96-1.jpg 650w, https:\/\/h2otek.com\/tienda\/wp-content\/uploads\/2024\/03\/header-bomba-horizontal-h2otek-BCIH96-1-300x138.jpg 300w, https:\/\/h2otek.com\/tienda\/wp-content\/uploads\/2024\/03\/header-bomba-horizontal-h2otek-BCIH96-1-130x60.jpg 130w, https:\/\/h2otek.com\/tienda\/wp-content\/uploads\/2024\/03\/header-bomba-horizontal-h2otek-BCIH96-1-195x90.jpg 195w, https:\/\/h2otek.com\/tienda\/wp-content\/uploads\/2024\/03\/header-bomba-horizontal-h2otek-BCIH96-1-600x277.jpg 600w\" sizes=\"(max-width: 650px) 100vw, 650px\" \/><\/p>\n<p>&nbsp;<\/p>\n<p><strong>\u00bfCu\u00e1l es el Funcionamiento de la bomba de calor?<\/strong><\/p>\n<p>Las bombas de calor utilizan el calor del sol recogiendo y absorbiendo energ\u00eda del aire exterior. Luego, esta energ\u00eda se comprime y se transfiere al agua de la piscina. La bomba de agua hace circular el agua a trav\u00e9s de la bomba de calor, que normalmente se instala al lado de la piscina. Sistema de filtraci\u00f3n y el agua se calienta. El temporizador de la bomba de calor se puede configurar para que la bomba funciona en los horarios que desee: por ejemplo, durante el d\u00eda, de 9 a.m. a 5 p.m.<\/p>\n<ul>\n<li>La unidad contiene un ventilador que aspira aire exterior y lo dirige sobre la superficie del EVAPORADOR (recolector de energ\u00eda). El refrigerante l\u00edquido dentro del serpent\u00edn del EVAPORADOR absorbe el calor del aire exterior y se convierte en gas.<\/li>\n<li>El gas caliente dentro del serpent\u00edn pasa a trav\u00e9s del COMPRESOR, que se concentra y aumenta el calor para formar un gas muy caliente, que luego pasa a trav\u00e9s del CONDENSADOR (intercambiador de calor de agua). Es aqu\u00ed donde se produce el intercambio de calor como el calor del gas caliente se transfiere al agua fr\u00eda de la piscina que circula a trav\u00e9s de el intercambiador de calor.<\/li>\n<li>El agua de la piscina se calienta y el gas caliente vuelve a su forma l\u00edquida a medida que fluye a trav\u00e9s del serpent\u00edn del CONDENSADOR. Luego, el gas pasa a trav\u00e9s de la v\u00e1lvula de expansi\u00f3n electr\u00f3nica y todo el proceso comienza nuevamente.<\/li>\n<li>Los avances en la tecnolog\u00eda de las bombas de calor significan que hoy en d\u00eda las bombas de calor pueden recolectar eficientemente calor del aire exterior incluso cuando la temperatura es tan baja como 7-10\u00b0C. Esto significa que para climas tropicales y subtropicales la piscina se puede mantener entre 26\u00b0C y 32\u00b0C.<\/li>\n<\/ul>\n<p>&nbsp;<\/p>\n<p><strong>CARACTER\u00cdSTICAS:<\/strong><\/p>\n<ul>\n<li>Refrigerante R32<br \/>\nRefrigerantes no t\u00f3xicos de nueva generaci\u00f3n que ahorran energ\u00eda, reducen las emisiones de carbono y son respetuosos con el medio ambiente. No da\u00f1a la capa de ozono, frena el calentamiento global.<\/li>\n<li>Conversi\u00f3n de frecuencia<br \/>\nBomba de calor para piscina Full DC inverter a temperatura constante del agua.<\/li>\n<li>Ahorro de costos<br \/>\nEl COP m\u00e1s alto es casi 16, m\u00e1s capacidad de calefacci\u00f3n y el costo de uso se reduce en un 60%.<\/li>\n<li>IOT conveniente<br \/>\nWi-Fi gratuito, control inteligente en cualquier momento y en cualquier lugar.<\/li>\n<li>Carcasa de ABS<br \/>\nMejor resistencia a la corrosi\u00f3n.<\/li>\n<\/ul>\n<p>&nbsp;<\/p>\n<p>&nbsp;<\/p>\n<p style=\"text-align: center;\"><strong>TABLA DE ESPECIFICACIONES:<\/strong><\/p>\n<p style=\"text-align: center;\">\u00a0<img decoding=\"async\" class=\"alignnone wp-image-30542 size-full\" src=\"https:\/\/h2otek.com\/tienda\/wp-content\/uploads\/2024\/03\/especificaciones-bomba-horizontal-h2otek-BCIH96.jpg\" alt=\"\" width=\"567\" height=\"840\" srcset=\"https:\/\/h2otek.com\/tienda\/wp-content\/uploads\/2024\/03\/especificaciones-bomba-horizontal-h2otek-BCIH96.jpg 567w, https:\/\/h2otek.com\/tienda\/wp-content\/uploads\/2024\/03\/especificaciones-bomba-horizontal-h2otek-BCIH96-203x300.jpg 203w, https:\/\/h2otek.com\/tienda\/wp-content\/uploads\/2024\/03\/especificaciones-bomba-horizontal-h2otek-BCIH96-41x60.jpg 41w, https:\/\/h2otek.com\/tienda\/wp-content\/uploads\/2024\/03\/especificaciones-bomba-horizontal-h2otek-BCIH96-61x90.jpg 61w\" sizes=\"(max-width: 567px) 100vw, 567px\" \/><\/p>\n<p>&nbsp;<\/p>\n<p>&nbsp;<\/p>\n<p>&nbsp;<\/p>\n<p style=\"text-align: center;\"><strong>PARTES:<\/strong><\/p>\n<p style=\"text-align: center;\"><img decoding=\"async\" class=\"alignnone size-full wp-image-30506\" src=\"https:\/\/h2otek.com\/tienda\/wp-content\/uploads\/2024\/03\/partes-bomba-horizontal.jpg\" alt=\"\" width=\"635\" height=\"575\" srcset=\"https:\/\/h2otek.com\/tienda\/wp-content\/uploads\/2024\/03\/partes-bomba-horizontal.jpg 635w, https:\/\/h2otek.com\/tienda\/wp-content\/uploads\/2024\/03\/partes-bomba-horizontal-300x272.jpg 300w, https:\/\/h2otek.com\/tienda\/wp-content\/uploads\/2024\/03\/partes-bomba-horizontal-66x60.jpg 66w, https:\/\/h2otek.com\/tienda\/wp-content\/uploads\/2024\/03\/partes-bomba-horizontal-99x90.jpg 99w, https:\/\/h2otek.com\/tienda\/wp-content\/uploads\/2024\/03\/partes-bomba-horizontal-600x543.jpg 600w\" sizes=\"(max-width: 635px) 100vw, 635px\" \/><\/p>\n<p>&nbsp;<\/p>\n<p style=\"text-align: center;\"><img loading=\"lazy\" decoding=\"async\" class=\"alignnone size-full wp-image-30507\" src=\"https:\/\/h2otek.com\/tienda\/wp-content\/uploads\/2024\/03\/partes-bomba-horizontal-tabla.jpg\" alt=\"\" width=\"625\" height=\"468\" srcset=\"https:\/\/h2otek.com\/tienda\/wp-content\/uploads\/2024\/03\/partes-bomba-horizontal-tabla.jpg 625w, https:\/\/h2otek.com\/tienda\/wp-content\/uploads\/2024\/03\/partes-bomba-horizontal-tabla-300x225.jpg 300w, https:\/\/h2otek.com\/tienda\/wp-content\/uploads\/2024\/03\/partes-bomba-horizontal-tabla-80x60.jpg 80w, https:\/\/h2otek.com\/tienda\/wp-content\/uploads\/2024\/03\/partes-bomba-horizontal-tabla-120x90.jpg 120w, https:\/\/h2otek.com\/tienda\/wp-content\/uploads\/2024\/03\/partes-bomba-horizontal-tabla-600x449.jpg 600w\" sizes=\"(max-width: 625px) 100vw, 625px\" \/><\/p>\n<p>&nbsp;<\/p>\n<p>&nbsp;<\/p>\n<p style=\"text-align: center;\"><strong>INSTALACI\u00d3N:<\/strong><\/p>\n<p style=\"text-align: center;\"><img loading=\"lazy\" decoding=\"async\" class=\"alignnone size-full wp-image-30508\" src=\"https:\/\/h2otek.com\/tienda\/wp-content\/uploads\/2024\/03\/instalacion-base.jpg\" alt=\"\" width=\"680\" height=\"320\" srcset=\"https:\/\/h2otek.com\/tienda\/wp-content\/uploads\/2024\/03\/instalacion-base.jpg 680w, https:\/\/h2otek.com\/tienda\/wp-content\/uploads\/2024\/03\/instalacion-base-300x141.jpg 300w, https:\/\/h2otek.com\/tienda\/wp-content\/uploads\/2024\/03\/instalacion-base-128x60.jpg 128w, https:\/\/h2otek.com\/tienda\/wp-content\/uploads\/2024\/03\/instalacion-base-191x90.jpg 191w, https:\/\/h2otek.com\/tienda\/wp-content\/uploads\/2024\/03\/instalacion-base-600x282.jpg 600w\" sizes=\"(max-width: 680px) 100vw, 680px\" \/><\/p>\n<p>&nbsp;<\/p>\n<p style=\"text-align: center;\">Espacio de instalaci\u00f3n:<\/p>\n<p style=\"text-align: center;\"><img loading=\"lazy\" decoding=\"async\" class=\"alignnone size-full wp-image-30510\" src=\"https:\/\/h2otek.com\/tienda\/wp-content\/uploads\/2024\/03\/espacio-instalacion.jpg\" alt=\"\" width=\"700\" height=\"655\" srcset=\"https:\/\/h2otek.com\/tienda\/wp-content\/uploads\/2024\/03\/espacio-instalacion.jpg 700w, https:\/\/h2otek.com\/tienda\/wp-content\/uploads\/2024\/03\/espacio-instalacion-300x281.jpg 300w, https:\/\/h2otek.com\/tienda\/wp-content\/uploads\/2024\/03\/espacio-instalacion-64x60.jpg 64w, https:\/\/h2otek.com\/tienda\/wp-content\/uploads\/2024\/03\/espacio-instalacion-96x90.jpg 96w, https:\/\/h2otek.com\/tienda\/wp-content\/uploads\/2024\/03\/espacio-instalacion-600x561.jpg 600w\" sizes=\"(max-width: 700px) 100vw, 700px\" \/><\/p>\n<p>&nbsp;<\/p>\n<p>&nbsp;<\/p>\n<p style=\"text-align: center;\"><strong>DIMENSIONES:<\/strong><\/p>\n<p style=\"text-align: center;\"><img loading=\"lazy\" decoding=\"async\" class=\"alignnone size-full wp-image-30511\" src=\"https:\/\/h2otek.com\/tienda\/wp-content\/uploads\/2024\/03\/dimensiones-bomba-horizontal-h2otek.jpg\" alt=\"\" width=\"654\" height=\"486\" srcset=\"https:\/\/h2otek.com\/tienda\/wp-content\/uploads\/2024\/03\/dimensiones-bomba-horizontal-h2otek.jpg 654w, https:\/\/h2otek.com\/tienda\/wp-content\/uploads\/2024\/03\/dimensiones-bomba-horizontal-h2otek-300x223.jpg 300w, https:\/\/h2otek.com\/tienda\/wp-content\/uploads\/2024\/03\/dimensiones-bomba-horizontal-h2otek-81x60.jpg 81w, https:\/\/h2otek.com\/tienda\/wp-content\/uploads\/2024\/03\/dimensiones-bomba-horizontal-h2otek-121x90.jpg 121w, https:\/\/h2otek.com\/tienda\/wp-content\/uploads\/2024\/03\/dimensiones-bomba-horizontal-h2otek-600x446.jpg 600w\" sizes=\"(max-width: 654px) 100vw, 654px\" \/><\/p>\n<p style=\"text-align: center;\"><img loading=\"lazy\" decoding=\"async\" class=\"alignnone wp-image-30543 size-full\" src=\"https:\/\/h2otek.com\/tienda\/wp-content\/uploads\/2024\/03\/dimensiones-bomba-horizontal-h2otek-BCIH96.jpg\" alt=\"\" width=\"649\" height=\"84\" srcset=\"https:\/\/h2otek.com\/tienda\/wp-content\/uploads\/2024\/03\/dimensiones-bomba-horizontal-h2otek-BCIH96.jpg 649w, https:\/\/h2otek.com\/tienda\/wp-content\/uploads\/2024\/03\/dimensiones-bomba-horizontal-h2otek-BCIH96-300x39.jpg 300w, https:\/\/h2otek.com\/tienda\/wp-content\/uploads\/2024\/03\/dimensiones-bomba-horizontal-h2otek-BCIH96-190x25.jpg 190w, https:\/\/h2otek.com\/tienda\/wp-content\/uploads\/2024\/03\/dimensiones-bomba-horizontal-h2otek-BCIH96-600x78.jpg 600w\" sizes=\"(max-width: 649px) 100vw, 649px\" \/><\/p>\n<p style=\"text-align: center;\"><em>Dimensiones en mm<\/em><\/p>\n<p>&nbsp;<\/p>\n<p>&nbsp;<\/p>\n<p style=\"text-align: center;\"><img loading=\"lazy\" decoding=\"async\" class=\"alignnone wp-image-30477\" src=\"https:\/\/h2otek.com\/tienda\/wp-content\/uploads\/2024\/03\/garantia-h2otek-5years-bombas.jpg\" alt=\"\" width=\"400\" height=\"400\" srcset=\"https:\/\/h2otek.com\/tienda\/wp-content\/uploads\/2024\/03\/garantia-h2otek-5years-bombas.jpg 500w, https:\/\/h2otek.com\/tienda\/wp-content\/uploads\/2024\/03\/garantia-h2otek-5years-bombas-300x300.jpg 300w, https:\/\/h2otek.com\/tienda\/wp-content\/uploads\/2024\/03\/garantia-h2otek-5years-bombas-150x150.jpg 150w, https:\/\/h2otek.com\/tienda\/wp-content\/uploads\/2024\/03\/garantia-h2otek-5years-bombas-60x60.jpg 60w, https:\/\/h2otek.com\/tienda\/wp-content\/uploads\/2024\/03\/garantia-h2otek-5years-bombas-90x90.jpg 90w, https:\/\/h2otek.com\/tienda\/wp-content\/uploads\/2024\/03\/garantia-h2otek-5years-bombas-100x100.jpg 100w\" sizes=\"(max-width: 400px) 100vw, 400px\" \/><\/p>\n<p>&nbsp;<\/p>\n<p>&nbsp;<\/p>\n<p>&nbsp;<\/p>\n<p><strong>DESCARGAR MANUALES:<\/strong><\/p>\n<ul>\n<li><a href=\"https:\/\/h2otek.com\/tienda\/wp-content\/uploads\/2024\/03\/MANUAL-DEL-USUARIO-BOMBAS-DE-CALOR-HORIZONTALES-H2OTEK.pdf\" target=\"_blank\" rel=\"noopener\"><strong>MANUAL DEL USUARIO<\/strong><\/a><\/li>\n<\/ul>\n","protected":false},"excerpt":{"rendered":"<p><span style=\"color: #ff0000;\"><strong>PRECIO EN D\u00d3LARES US.<\/strong><\/span><\/p>\n<p><strong><em>ALBERCA O PISCINA CONFORTABLE TODO EL A\u00d1O, CON LA BOMBA DE CALOR MARCA H2O TEK, AHORRADORAS DE ENERG\u00cdA, TIPO INVERTER.<\/em><br \/>\n<\/strong><\/p>\n<p><strong>IDEALES PARA:<\/strong><\/p>\n<ul>\n<li><strong>ALBERCAS<\/strong><\/li>\n<li><strong>PISCINAS<\/strong><\/li>\n<li><strong>SPA<\/strong><\/li>\n<li><strong>JACUZZIS<\/strong><\/li>\n<\/ul>\n","protected":false},"featured_media":30948,"comment_status":"closed","ping_status":"closed","template":"","meta":[],"pwb-brand":[],"product_brand":[],"product_cat":[1244,1246],"product_tag":[],"class_list":{"0":"post-30540","1":"product","2":"type-product","3":"status-publish","4":"has-post-thumbnail","6":"product_cat-bombas-de-calor-horizontales","7":"product_cat-bombas-de-calor-horizontales-bomba-de-calor-heat-pump-boilers-calentadores-de-agua-para-albercas-piscinas","9":"first","10":"instock","11":"taxable","12":"shipping-taxable","13":"product-type-simple"},"brands":[],"_links":{"self":[{"href":"https:\/\/h2otek.com\/tienda\/wp-json\/wp\/v2\/product\/30540","targetHints":{"allow":["GET"]}}],"collection":[{"href":"https:\/\/h2otek.com\/tienda\/wp-json\/wp\/v2\/product"}],"about":[{"href":"https:\/\/h2otek.com\/tienda\/wp-json\/wp\/v2\/types\/product"}],"replies":[{"embeddable":true,"href":"https:\/\/h2otek.com\/tienda\/wp-json\/wp\/v2\/comments?post=30540"}],"wp:featuredmedia":[{"embeddable":true,"href":"https:\/\/h2otek.com\/tienda\/wp-json\/wp\/v2\/media\/30948"}],"wp:attachment":[{"href":"https:\/\/h2otek.com\/tienda\/wp-json\/wp\/v2\/media?parent=30540"}],"wp:term":[{"taxonomy":"pwb-brand","embeddable":true,"href":"https:\/\/h2otek.com\/tienda\/wp-json\/wp\/v2\/pwb-brand?post=30540"},{"taxonomy":"product_brand","embeddable":true,"href":"https:\/\/h2otek.com\/tienda\/wp-json\/wp\/v2\/product_brand?post=30540"},{"taxonomy":"product_cat","embeddable":true,"href":"https:\/\/h2otek.com\/tienda\/wp-json\/wp\/v2\/product_cat?post=30540"},{"taxonomy":"product_tag","embeddable":true,"href":"https:\/\/h2otek.com\/tienda\/wp-json\/wp\/v2\/product_tag?post=30540"}],"curies":[{"name":"wp","href":"https:\/\/api.w.org\/{rel}","templated":true}]}}