{"id":30493,"date":"2024-03-22T00:45:09","date_gmt":"2024-03-22T00:45:09","guid":{"rendered":"https:\/\/h2otek.com\/tienda\/?post_type=product&#038;p=30493"},"modified":"2024-10-24T02:25:13","modified_gmt":"2024-10-24T02:25:13","slug":"bomba-de-calor-ahorrador-de-energia-inverter-para-alberca-o-piscina-tipo-vertical-cap-35-kw-119455-btu-h-220-volts-2-fases-60-hz-modelo-bciv120btu22-35-11-marca-h2otek","status":"publish","type":"product","link":"https:\/\/h2otek.com\/tienda\/producto\/bomba-de-calor-ahorrador-de-energia-inverter-para-alberca-o-piscina-tipo-vertical-cap-35-kw-119455-btu-h-220-volts-2-fases-60-hz-modelo-bciv120btu22-35-11-marca-h2otek\/","title":{"rendered":"BOMBA DE CALOR (AHORRADOR DE ENERGIA) FULL INVERTER, WIFI, PARA ALBERCA O PISCINA, TIPO VERTICAL CAP. 35 KW 119,455 BTU\/H 220 VOLTS 2 FASES 60 HZ MODELO BCIV120BTU22-35-11 MARCA H2OTEK"},"content":{"rendered":"<p style=\"text-align: center;\"><img fetchpriority=\"high\" decoding=\"async\" class=\"alignnone wp-image-30946 size-full\" src=\"https:\/\/h2otek.com\/tienda\/wp-content\/uploads\/2024\/03\/header-bombas-verticales-h2otek-BCIV120-1.jpg\" alt=\"\" width=\"650\" height=\"300\" srcset=\"https:\/\/h2otek.com\/tienda\/wp-content\/uploads\/2024\/03\/header-bombas-verticales-h2otek-BCIV120-1.jpg 650w, https:\/\/h2otek.com\/tienda\/wp-content\/uploads\/2024\/03\/header-bombas-verticales-h2otek-BCIV120-1-300x138.jpg 300w, https:\/\/h2otek.com\/tienda\/wp-content\/uploads\/2024\/03\/header-bombas-verticales-h2otek-BCIV120-1-130x60.jpg 130w, https:\/\/h2otek.com\/tienda\/wp-content\/uploads\/2024\/03\/header-bombas-verticales-h2otek-BCIV120-1-195x90.jpg 195w, https:\/\/h2otek.com\/tienda\/wp-content\/uploads\/2024\/03\/header-bombas-verticales-h2otek-BCIV120-1-600x277.jpg 600w\" sizes=\"(max-width: 650px) 100vw, 650px\" \/><\/p>\n<p><strong>CARACTER\u00cdSTICAS:<\/strong><\/p>\n<ul>\n<li>Totalmente inversor con refrigerante R32.<\/li>\n<li>Compresor Mitsubishi de alta gama<\/li>\n<li>Intercambiador de calor de titanio<\/li>\n<li>Pantalla t\u00e1ctil de primera calidad<\/li>\n<li>Modo calefacci\u00f3n, refrigeraci\u00f3n y autom\u00e1tico<\/li>\n<li>Funci\u00f3n Wifi incorporada<\/li>\n<li>Salida de aire de descarga superior<\/li>\n<li>Protecci\u00f3n m\u00faltiple para un funcionamiento seguro<\/li>\n<\/ul>\n<p>&nbsp;<\/p>\n<p style=\"text-align: center;\"><strong>TABLA DE ESPECIFICACIONES:<\/strong><\/p>\n<p style=\"text-align: center;\"><img decoding=\"async\" class=\"alignnone wp-image-30495 size-full\" src=\"https:\/\/h2otek.com\/tienda\/wp-content\/uploads\/2024\/03\/especificaciones-bombas-verticales-h2otek-BCIV120.jpg\" alt=\"\" width=\"580\" height=\"510\" srcset=\"https:\/\/h2otek.com\/tienda\/wp-content\/uploads\/2024\/03\/especificaciones-bombas-verticales-h2otek-BCIV120.jpg 580w, https:\/\/h2otek.com\/tienda\/wp-content\/uploads\/2024\/03\/especificaciones-bombas-verticales-h2otek-BCIV120-300x264.jpg 300w, https:\/\/h2otek.com\/tienda\/wp-content\/uploads\/2024\/03\/especificaciones-bombas-verticales-h2otek-BCIV120-68x60.jpg 68w, https:\/\/h2otek.com\/tienda\/wp-content\/uploads\/2024\/03\/especificaciones-bombas-verticales-h2otek-BCIV120-102x90.jpg 102w\" sizes=\"(max-width: 580px) 100vw, 580px\" \/><\/p>\n<p>&nbsp;<\/p>\n<p>&nbsp;<\/p>\n<p>&nbsp;<\/p>\n<p style=\"text-align: center;\"><strong>PARTES:<\/strong><\/p>\n<p style=\"text-align: center;\"><img decoding=\"async\" class=\"alignnone size-full wp-image-30451\" src=\"https:\/\/h2otek.com\/tienda\/wp-content\/uploads\/2024\/03\/piezas-bomba-vertical.jpg\" alt=\"\" width=\"750\" height=\"631\" srcset=\"https:\/\/h2otek.com\/tienda\/wp-content\/uploads\/2024\/03\/piezas-bomba-vertical.jpg 750w, https:\/\/h2otek.com\/tienda\/wp-content\/uploads\/2024\/03\/piezas-bomba-vertical-300x252.jpg 300w, https:\/\/h2otek.com\/tienda\/wp-content\/uploads\/2024\/03\/piezas-bomba-vertical-71x60.jpg 71w, https:\/\/h2otek.com\/tienda\/wp-content\/uploads\/2024\/03\/piezas-bomba-vertical-107x90.jpg 107w, https:\/\/h2otek.com\/tienda\/wp-content\/uploads\/2024\/03\/piezas-bomba-vertical-600x505.jpg 600w\" sizes=\"(max-width: 750px) 100vw, 750px\" \/><\/p>\n<p>&nbsp;<\/p>\n<p style=\"text-align: center;\"><img loading=\"lazy\" decoding=\"async\" class=\"alignnone size-full wp-image-30452\" src=\"https:\/\/h2otek.com\/tienda\/wp-content\/uploads\/2024\/03\/piezas-bomba-vertical-tabla.jpg\" alt=\"\" width=\"594\" height=\"320\" srcset=\"https:\/\/h2otek.com\/tienda\/wp-content\/uploads\/2024\/03\/piezas-bomba-vertical-tabla.jpg 594w, https:\/\/h2otek.com\/tienda\/wp-content\/uploads\/2024\/03\/piezas-bomba-vertical-tabla-300x162.jpg 300w, https:\/\/h2otek.com\/tienda\/wp-content\/uploads\/2024\/03\/piezas-bomba-vertical-tabla-111x60.jpg 111w, https:\/\/h2otek.com\/tienda\/wp-content\/uploads\/2024\/03\/piezas-bomba-vertical-tabla-167x90.jpg 167w\" sizes=\"(max-width: 594px) 100vw, 594px\" \/><\/p>\n<p>&nbsp;<\/p>\n<p>&nbsp;<\/p>\n<p style=\"text-align: center;\"><strong>INSTALACI\u00d3N:<\/strong><\/p>\n<p style=\"text-align: center;\"><img loading=\"lazy\" decoding=\"async\" class=\"alignnone size-full wp-image-30453\" src=\"https:\/\/h2otek.com\/tienda\/wp-content\/uploads\/2024\/03\/instalacion-bomba-vertical.jpg\" alt=\"\" width=\"875\" height=\"493\" srcset=\"https:\/\/h2otek.com\/tienda\/wp-content\/uploads\/2024\/03\/instalacion-bomba-vertical.jpg 875w, https:\/\/h2otek.com\/tienda\/wp-content\/uploads\/2024\/03\/instalacion-bomba-vertical-300x169.jpg 300w, https:\/\/h2otek.com\/tienda\/wp-content\/uploads\/2024\/03\/instalacion-bomba-vertical-768x433.jpg 768w, https:\/\/h2otek.com\/tienda\/wp-content\/uploads\/2024\/03\/instalacion-bomba-vertical-106x60.jpg 106w, https:\/\/h2otek.com\/tienda\/wp-content\/uploads\/2024\/03\/instalacion-bomba-vertical-160x90.jpg 160w, https:\/\/h2otek.com\/tienda\/wp-content\/uploads\/2024\/03\/instalacion-bomba-vertical-600x338.jpg 600w\" sizes=\"(max-width: 875px) 100vw, 875px\" \/><\/p>\n<p style=\"text-align: center;\">La ilustraci\u00f3n de arriba es solo como referencia, siga el consejo de instaladores autorizados.<\/p>\n<p>&nbsp;<\/p>\n<p style=\"text-align: center;\">Mantenga el siguiente espacio indicado para operaci\u00f3n y mantenimiento al realizar la instalaci\u00f3n.<\/p>\n<p style=\"text-align: center;\"><img loading=\"lazy\" decoding=\"async\" class=\"alignnone size-full wp-image-30454\" src=\"https:\/\/h2otek.com\/tienda\/wp-content\/uploads\/2024\/03\/instalacion-bomba-vertical-02.jpg\" alt=\"\" width=\"910\" height=\"272\" srcset=\"https:\/\/h2otek.com\/tienda\/wp-content\/uploads\/2024\/03\/instalacion-bomba-vertical-02.jpg 910w, https:\/\/h2otek.com\/tienda\/wp-content\/uploads\/2024\/03\/instalacion-bomba-vertical-02-300x90.jpg 300w, https:\/\/h2otek.com\/tienda\/wp-content\/uploads\/2024\/03\/instalacion-bomba-vertical-02-768x230.jpg 768w, https:\/\/h2otek.com\/tienda\/wp-content\/uploads\/2024\/03\/instalacion-bomba-vertical-02-190x57.jpg 190w, https:\/\/h2otek.com\/tienda\/wp-content\/uploads\/2024\/03\/instalacion-bomba-vertical-02-301x90.jpg 301w, https:\/\/h2otek.com\/tienda\/wp-content\/uploads\/2024\/03\/instalacion-bomba-vertical-02-600x179.jpg 600w\" sizes=\"(max-width: 910px) 100vw, 910px\" \/><\/p>\n<p>&nbsp;<\/p>\n<p>&nbsp;<\/p>\n<p style=\"text-align: center;\"><img loading=\"lazy\" decoding=\"async\" class=\"alignnone wp-image-30477\" src=\"https:\/\/h2otek.com\/tienda\/wp-content\/uploads\/2024\/03\/garantia-h2otek-5years-bombas.jpg\" alt=\"\" width=\"400\" height=\"400\" srcset=\"https:\/\/h2otek.com\/tienda\/wp-content\/uploads\/2024\/03\/garantia-h2otek-5years-bombas.jpg 500w, https:\/\/h2otek.com\/tienda\/wp-content\/uploads\/2024\/03\/garantia-h2otek-5years-bombas-300x300.jpg 300w, https:\/\/h2otek.com\/tienda\/wp-content\/uploads\/2024\/03\/garantia-h2otek-5years-bombas-150x150.jpg 150w, https:\/\/h2otek.com\/tienda\/wp-content\/uploads\/2024\/03\/garantia-h2otek-5years-bombas-60x60.jpg 60w, https:\/\/h2otek.com\/tienda\/wp-content\/uploads\/2024\/03\/garantia-h2otek-5years-bombas-90x90.jpg 90w, https:\/\/h2otek.com\/tienda\/wp-content\/uploads\/2024\/03\/garantia-h2otek-5years-bombas-100x100.jpg 100w\" sizes=\"(max-width: 400px) 100vw, 400px\" \/><\/p>\n<p>&nbsp;<\/p>\n<p>&nbsp;<\/p>\n<p>&nbsp;<\/p>\n<p><strong>DESCARGAR MANUALES:<\/strong><\/p>\n<ul>\n<li><a href=\"https:\/\/h2otek.com\/tienda\/wp-content\/uploads\/2024\/03\/MANUAL-DEL-USUARIO-BOMBAS-DE-CALOR-VERTICALES-H2OTEK.pdf\" target=\"_blank\" rel=\"noopener\"><strong>MANUAL DEL USUARIO<\/strong><\/a><\/li>\n<\/ul>\n","protected":false},"excerpt":{"rendered":"<p><span style=\"color: #ff0000;\"><strong>PRECIO EN D\u00d3LARES US.<\/strong><\/span><\/p>\n<p><strong><em>ALBERCA O PISCINA CONFORTABLE TODO EL A\u00d1O, CON LA BOMBA DE CALOR MARCA H2O TEK, AHORRADORAS DE ENERG\u00cdA, TIPO INVERTER.<\/em><br \/>\n<\/strong><\/p>\n<p><strong>IDEALES PARA:<\/strong><\/p>\n<ul>\n<li><strong>ALBERCAS<\/strong><\/li>\n<li><strong>PISCINAS<\/strong><\/li>\n<li><strong>SPA<\/strong><\/li>\n<li><strong>JACUZZIS<\/strong><\/li>\n<\/ul>\n","protected":false},"featured_media":30937,"comment_status":"closed","ping_status":"closed","template":"","meta":[],"pwb-brand":[],"product_brand":[],"product_cat":[1245,1247],"product_tag":[],"class_list":{"0":"post-30493","1":"product","2":"type-product","3":"status-publish","4":"has-post-thumbnail","6":"product_cat-bombas-de-calor-verticales","7":"product_cat-bombas-de-calor-verticales-bomba-de-calor-heat-pump-boilers-calentadores-de-agua-para-albercas-piscinas","9":"first","10":"instock","11":"taxable","12":"shipping-taxable","13":"purchasable","14":"product-type-simple"},"brands":[],"_links":{"self":[{"href":"https:\/\/h2otek.com\/tienda\/wp-json\/wp\/v2\/product\/30493","targetHints":{"allow":["GET"]}}],"collection":[{"href":"https:\/\/h2otek.com\/tienda\/wp-json\/wp\/v2\/product"}],"about":[{"href":"https:\/\/h2otek.com\/tienda\/wp-json\/wp\/v2\/types\/product"}],"replies":[{"embeddable":true,"href":"https:\/\/h2otek.com\/tienda\/wp-json\/wp\/v2\/comments?post=30493"}],"wp:featuredmedia":[{"embeddable":true,"href":"https:\/\/h2otek.com\/tienda\/wp-json\/wp\/v2\/media\/30937"}],"wp:attachment":[{"href":"https:\/\/h2otek.com\/tienda\/wp-json\/wp\/v2\/media?parent=30493"}],"wp:term":[{"taxonomy":"pwb-brand","embeddable":true,"href":"https:\/\/h2otek.com\/tienda\/wp-json\/wp\/v2\/pwb-brand?post=30493"},{"taxonomy":"product_brand","embeddable":true,"href":"https:\/\/h2otek.com\/tienda\/wp-json\/wp\/v2\/product_brand?post=30493"},{"taxonomy":"product_cat","embeddable":true,"href":"https:\/\/h2otek.com\/tienda\/wp-json\/wp\/v2\/product_cat?post=30493"},{"taxonomy":"product_tag","embeddable":true,"href":"https:\/\/h2otek.com\/tienda\/wp-json\/wp\/v2\/product_tag?post=30493"}],"curies":[{"name":"wp","href":"https:\/\/api.w.org\/{rel}","templated":true}]}}