{"id":30342,"date":"2024-02-19T22:08:20","date_gmt":"2024-02-19T22:08:20","guid":{"rendered":"https:\/\/h2otek.com\/tienda\/?post_type=product&#038;p=30342"},"modified":"2025-04-02T00:34:47","modified_gmt":"2025-04-02T00:34:47","slug":"humidificador-nebulizador-ultrasonico-portatil-cap-1-5-lt-hr-120v-60-hz-marca-h2otek-mod-hultracubo1-5l-12-3-0","status":"publish","type":"product","link":"https:\/\/h2otek.com\/tienda\/producto\/humidificador-nebulizador-ultrasonico-portatil-cap-1-5-lt-hr-120v-60-hz-marca-h2otek-mod-hultracubo1-5l-12-3-0\/","title":{"rendered":"HUMIDIFICADOR-NEBULIZADOR ULTRAS\u00d3NICO PORT\u00c1TIL CAP. 1.5 LT\/HR 120V 60 HZ MARCA H2OTEK MOD. HULTRACUBO1.5L-12\/3.0"},"content":{"rendered":"<p style=\"text-align: center;\"><img fetchpriority=\"high\" decoding=\"async\" class=\"alignnone size-full wp-image-30381\" src=\"https:\/\/h2otek.com\/tienda\/wp-content\/uploads\/2024\/02\/header-humidificador-hultracubo1_5L-1.jpg\" alt=\"\" width=\"650\" height=\"300\" srcset=\"https:\/\/h2otek.com\/tienda\/wp-content\/uploads\/2024\/02\/header-humidificador-hultracubo1_5L-1.jpg 650w, https:\/\/h2otek.com\/tienda\/wp-content\/uploads\/2024\/02\/header-humidificador-hultracubo1_5L-1-300x138.jpg 300w, https:\/\/h2otek.com\/tienda\/wp-content\/uploads\/2024\/02\/header-humidificador-hultracubo1_5L-1-130x60.jpg 130w, https:\/\/h2otek.com\/tienda\/wp-content\/uploads\/2024\/02\/header-humidificador-hultracubo1_5L-1-195x90.jpg 195w, https:\/\/h2otek.com\/tienda\/wp-content\/uploads\/2024\/02\/header-humidificador-hultracubo1_5L-1-600x277.jpg 600w\" sizes=\"(max-width: 650px) 100vw, 650px\" \/><\/p>\n<p>&nbsp;<\/p>\n<p>INYECCI\u00d3N DE NEBLINA PURA Y ULTRA FINA CON O SIN QU\u00cdMICOS PARA SANATIZACI\u00d3N La generaci\u00f3n de humedad o nebulizaci\u00f3n por medio de un Humidificador Ultras\u00f3nico H2OTEK cuanta con m\u00faltiples ventajas, mencionamos las m\u00e1s importantes:<\/p>\n<ul>\n<li>Generaci\u00f3n del tama\u00f1o de gota m\u00e1s peque\u00f1o, de 1 a 3 micras. Esto hace que la absorci\u00f3n de la humedad del aire ambiente sea casi inmediata, con esto, logrando una mejor eficiencia y por ning\u00fan motivo gota o agua en materiales, tomando en cuenta el porcentaje de humedad deseado<\/li>\n<li>Consumo de energ\u00eda el\u00e9ctrica menor (hasta un 50% menos que los generadores de vapor)<\/li>\n<li>Neblina limpia<\/li>\n<li>Mejor precisi\u00f3n de humedad relativa, los equipos ultras\u00f3nicos H2OTEK, encienden y entregan neblina de inmediato, no como otros sistemas que, al pedir humedad, se pueden tardar hasta algunos minutos, para entregar vapor<\/li>\n<li>Suministrando al humidificador agua purificada, baja en minerales, el mantenimiento es m\u00ednimo y entrega eficientemente una neblina pura, libre se suciedad<\/li>\n<li>Suponen cerca de un 90% de ahorro de energ\u00eda en producci\u00f3n de humedad frente a sistemas convencionales isot\u00e9rmicos.<\/li>\n<\/ul>\n<p>&nbsp;<\/p>\n<p><strong>Detalles:<\/strong><\/p>\n<ol>\n<li>Niebla c\u00e1lida<\/li>\n<li>Relleno superior<\/li>\n<li>Humedad constante inteligente<\/li>\n<li>Temporizador<\/li>\n<li>Niveles de salida de niebla<\/li>\n<li>Modo Sue\u00f1o<\/li>\n<li>Se apaga autom\u00e1ticamente al vaciar el tanque<\/li>\n<li>Rueda universal<\/li>\n<\/ol>\n<p>&nbsp;<\/p>\n<p style=\"text-align: justify;\"><span style=\"font-weight: bold;\">CARACTER\u00cdSTICAS:<\/span><\/p>\n<ul>\n<li>Trabajo en descarga libre o con ducto(s)<\/li>\n<li>Neblina extremadamente fina y pura<\/li>\n<li>Ideales para trabajo en \u00e1reas determinadas para aumento de humedad relativa y\/o para sanitizaci\u00f3n de \u00e1reas<\/li>\n<li>Unidad totalmente port\u00e1til<\/li>\n<li>Dise\u00f1o est\u00e9tico para trabajo en interiores<\/li>\n<li>Pantalla digital moderna y de f\u00e1cil programaci\u00f3n<\/li>\n<li>Fabricaci\u00f3n en pl\u00e1stico de alta resistencia<\/li>\n<li>Control de humedad digital integrado, de f\u00e1cil manejo y programaci\u00f3n (Se puede programar solo en m\u00faltiplos de 5, ejemplo 50%, 55%, 60%, etc.)<\/li>\n<li>F\u00e1cil instalaci\u00f3n<\/li>\n<li>Incluye filtro para agua. Estrictamente necesario para su funcionamiento<\/li>\n<li>Con opci\u00f3n de programaci\u00f3n con timer (controlador de tiempo)<\/li>\n<li>3 intensidades de neblina, programable<\/li>\n<li>Generador de iones negativos (beneficioso para los seres vivos)<\/li>\n<li>Equipado con alarma de falta de agua<\/li>\n<li>Unidad totalmente desarmable (ver videos)<\/li>\n<li>Garant\u00eda: 1 A\u00f1o sobre cualquier defecto de fabricaci\u00f3n. NOTA: la garant\u00eda no incluye el control remoto ni el filtro para agua<\/li>\n<\/ul>\n<div style=\"text-align: justify;\"><strong><span style=\"color: #ff0000;\">NOTA IMPORTANTE: NO ES RECOMENDABLE UTILIZAR EL EQUIPO O EQUIPOS DENTRO DEL AREA ACONDICIONADA, CUANDO EL PORCENTAJE DE HUMEDAD A TRABAJAR, ES MAYOR A 70%. EN ESTOS CASOS, SE REQUIERE PONER EL EQUIPO AFUERA DEL AREA ACONDICIONADA E INYECTAR LA NEBULIZACION, POR MEDIO DE DUCTOS.<\/span><\/strong><\/div>\n<div style=\"text-align: justify;\"><span style=\"color: #ff0000;\"><strong>SI EL EQUIPO TRABAJA AFUERA DEL AREA ACONDICIONADA, EL SENSOR DE HUMEDAD REMOTO ALABRICO, DEBE DE ESTAR DENTRO DEL AREA ACONDICIONADA, PARA EL TRABAJO CORRECTO DEL HUMIDIFICADOR.<\/strong><\/span><\/div>\n<p>&nbsp;<\/p>\n<p style=\"text-align: center;\"><strong>TABLA DE ESPECIFICACIONES<\/strong><\/p>\n<p style=\"text-align: center;\"><img decoding=\"async\" class=\"alignnone size-full wp-image-30346\" src=\"https:\/\/h2otek.com\/tienda\/wp-content\/uploads\/2024\/02\/especificaciones-humidificador-hultracubo1_5L.jpg\" alt=\"\" width=\"533\" height=\"332\" srcset=\"https:\/\/h2otek.com\/tienda\/wp-content\/uploads\/2024\/02\/especificaciones-humidificador-hultracubo1_5L.jpg 533w, https:\/\/h2otek.com\/tienda\/wp-content\/uploads\/2024\/02\/especificaciones-humidificador-hultracubo1_5L-300x187.jpg 300w, https:\/\/h2otek.com\/tienda\/wp-content\/uploads\/2024\/02\/especificaciones-humidificador-hultracubo1_5L-96x60.jpg 96w, https:\/\/h2otek.com\/tienda\/wp-content\/uploads\/2024\/02\/especificaciones-humidificador-hultracubo1_5L-144x90.jpg 144w\" sizes=\"(max-width: 533px) 100vw, 533px\" \/><\/p>\n<p style=\"text-align: justify;\"><span style=\"color: #ff0000;\"><strong><span style=\"color: #ff0000;\"><strong>NOTA: LOS EQUIPOS ULTRASONICOS DEBEN TRABAJAR ESTRICTAMENTE CON AGUA POTABLE LIBRE DE SOLIDOS Y REDUCIDA EN MINERALES O SALES (FILTRADA Y SUAVIZADA).<\/strong><\/span><\/strong><\/span><\/p>\n<p>LOS EQUIPOS ULTRAS\u00d3NICOS TRABAJAN CON AIRE FORZADO, ES IMPORTANTE QUE EL AIRE QUE ENTRE AL EQUIPO DEBE ESTAR LIMPIO, LIBRE DE CUALQUIER MATERIAL L\u00cdQUIDO O S\u00d3LIDO RETENIDO EN EL AIRE. ES ESTRICTAMENTE NECESARIO REALIZAR MANTENIMIENTO AL EQUIPO HUMIDIFICADOR EN TIEMPO Y FORMA. LOS PERIODOS DE MANTENIMIENTO PREVENTIVO LOS VA A DETERMINAR LAS CONDICIONES EN QUE ESTE TRABAJANDO Y EL TIEMPO DE USO DEL EQUIPO.<\/p>\n<p>&nbsp;<\/p>\n<p style=\"text-align: center;\"><img decoding=\"async\" class=\"aligncenter\" style=\"text-align: start;\" src=\"https:\/\/h2otek.com\/tienda\/img\/cms\/controlhumedad\/h2otek\/humidificadores\/hultra\/header-desinfectante.jpg\" alt=\"\" width=\"650\" height=\"304\" \/><\/p>\n<p>&nbsp;<\/p>\n<p style=\"text-align: justify;\">El humidificador adopta el principio de oscilaci\u00f3n ultras\u00f3nica de alta frecuencia para atomizar agua en part\u00edculas ultrafinas de uno a cinco micr\u00f3metros m\u00e1ximo, con ayuda de ventiladores es suministrado, logrando as\u00ed el prop\u00f3sito de humedecer uniformemente el aire. Si al agua se le agrega un qu\u00edmico desinfectante estaremos utilizando uno de los mejores sistemas de desinfecci\u00f3n.<\/p>\n<p>El sistema de ultrasonido tiene capacidad de penetraci\u00f3n en cualquier tipo de espacio; y lo que es m\u00e1s importante, sin mojar los objetos o superficies, como sucede con otros sistemas por aspersi\u00f3n. Otra de las ventajas es que el equipo no moja, solo humedece y adem\u00e1s desinfecta con muy poca cantidad de desinfectante Fabricamos equipos de desinfecci\u00f3n, con capacidades de 3, 6, 9, 18, 24, 36 y 48 litros por hora. Equipo para la aplicaci\u00f3n de qu\u00edmicos desinfectantes solubles en agua es ideal para eliminar g\u00e9rmenes, bacterias y virus como el del Covid-19; en espacio tan diversos como los siguientes:<\/p>\n<ul>\n<li>Hospitales y albergues de ancianos.<\/li>\n<li>Supermercados y centros comerciales.<\/li>\n<li>Oficinas y empresas donde es posible aplicar la niebla desinfectante incluso sobre la papeler\u00eda y documentos sin arruinarlos.<\/li>\n<li>Tiendas peque\u00f1as y grandes almacenes de ropa: En estos lugares, no solo para desinfectar la infraestructura; sino que tambi\u00e9n sirve con mucha eficiencia para desinfectar cada una de las prendas que se han probado los clientes.<\/li>\n<li>En hoteles donde se debe garantizar una perfecta desinfecci\u00f3n de las habitaciones donde se van a hospedar los hu\u00e9spedes.<\/li>\n<li>Y en general para todo tipo de establecimientos de comercio; lo mismo que para uso dom\u00e9stico<\/li>\n<\/ul>\n<p>&nbsp;<\/p>\n<p style=\"text-align: center;\"><img loading=\"lazy\" decoding=\"async\" class=\"aligncenter\" style=\"text-align: start;\" src=\"https:\/\/h2otek.com\/tienda\/img\/cms\/controlhumedad\/h2otek\/humidificadores\/hultra\/footer-desinfectante.jpg\" alt=\"\" width=\"650\" height=\"200\" \/><\/p>\n<p>&nbsp;<\/p>\n<p><strong>EL EQUIPO ESTA PREPARADO PARA TRABAJAR CON LOS SIGUIENTES AGENTES QUIMICOS:<\/strong><\/p>\n<ul>\n<li>Hipoclorito de sodio<\/li>\n<li>Di\u00f3xido de cloro<\/li>\n<li>\u00c1cido hipocloroso<\/li>\n<\/ul>\n<p style=\"text-align: center;\"><strong>PANEL DE CONTROL<\/strong><\/p>\n<p style=\"text-align: center;\"><img loading=\"lazy\" decoding=\"async\" class=\"aligncenter\" style=\"margin-left: auto; margin-right: auto;\" src=\"https:\/\/h2otek.com\/tienda\/img\/cms\/controlhumedad\/h2otek\/humidificadores\/hultra-cubo\/panel-cubo-textos.jpg\" alt=\"\" width=\"700\" height=\"348\" \/><\/p>\n<ol>\n<li><strong>Para la programaci\u00f3n del nivel de humedad requerido, solo se puede programar en m\u00faltiplos de 5 (ej. 50-55, etc.)<\/strong><\/li>\n<li><strong><strong>Al momento de programar la pantalla parpadea apareciendo los datos que se est\u00e1n programando, despu\u00e9s de unos segundos la pantalla se queda fijo con los valores programados y el valor en temperatura y humedad que hay en el recinto.<\/strong><\/strong><\/li>\n<\/ol>\n<p><strong>\u00a0<\/strong><\/p>\n<p>&nbsp;<\/p>\n<p style=\"text-align: center;\"><strong><strong>DIMENSIONES:<\/strong><\/strong><\/p>\n<p style=\"text-align: center;\"><img loading=\"lazy\" decoding=\"async\" class=\"alignnone size-full wp-image-30348\" src=\"https:\/\/h2otek.com\/tienda\/wp-content\/uploads\/2024\/02\/dimensiones-hultracubo1_5L.jpg\" alt=\"\" width=\"645\" height=\"645\" srcset=\"https:\/\/h2otek.com\/tienda\/wp-content\/uploads\/2024\/02\/dimensiones-hultracubo1_5L.jpg 645w, https:\/\/h2otek.com\/tienda\/wp-content\/uploads\/2024\/02\/dimensiones-hultracubo1_5L-300x300.jpg 300w, https:\/\/h2otek.com\/tienda\/wp-content\/uploads\/2024\/02\/dimensiones-hultracubo1_5L-150x150.jpg 150w, https:\/\/h2otek.com\/tienda\/wp-content\/uploads\/2024\/02\/dimensiones-hultracubo1_5L-60x60.jpg 60w, https:\/\/h2otek.com\/tienda\/wp-content\/uploads\/2024\/02\/dimensiones-hultracubo1_5L-90x90.jpg 90w, https:\/\/h2otek.com\/tienda\/wp-content\/uploads\/2024\/02\/dimensiones-hultracubo1_5L-600x600.jpg 600w, https:\/\/h2otek.com\/tienda\/wp-content\/uploads\/2024\/02\/dimensiones-hultracubo1_5L-100x100.jpg 100w\" sizes=\"(max-width: 645px) 100vw, 645px\" \/><\/p>\n<p>&nbsp;<\/p>\n<p>&nbsp;<\/p>\n<p style=\"text-align: center;\"><strong>COMPONENTES:<\/strong><\/p>\n<p style=\"text-align: center;\"><img loading=\"lazy\" decoding=\"async\" class=\"alignnone size-full wp-image-30347\" src=\"https:\/\/h2otek.com\/tienda\/wp-content\/uploads\/2024\/02\/diagrama-estructura-1.jpg\" alt=\"\" width=\"756\" height=\"785\" srcset=\"https:\/\/h2otek.com\/tienda\/wp-content\/uploads\/2024\/02\/diagrama-estructura-1.jpg 756w, https:\/\/h2otek.com\/tienda\/wp-content\/uploads\/2024\/02\/diagrama-estructura-1-289x300.jpg 289w, https:\/\/h2otek.com\/tienda\/wp-content\/uploads\/2024\/02\/diagrama-estructura-1-58x60.jpg 58w, https:\/\/h2otek.com\/tienda\/wp-content\/uploads\/2024\/02\/diagrama-estructura-1-87x90.jpg 87w, https:\/\/h2otek.com\/tienda\/wp-content\/uploads\/2024\/02\/diagrama-estructura-1-600x623.jpg 600w\" sizes=\"(max-width: 756px) 100vw, 756px\" \/><\/p>\n<p>&nbsp;<\/p>\n<p>&nbsp;<\/p>\n<p style=\"text-align: center;\"><img loading=\"lazy\" decoding=\"async\" src=\"https:\/\/h2otek.com\/tienda\/img\/cms\/controlhumedad\/h2otek\/humidificadores\/hultra-cubo\/notas-componentes.jpg\" alt=\"\" width=\"650\" height=\"150\" \/><\/p>\n<p>&nbsp;<\/p>\n<p>&nbsp;<\/p>\n<p style=\"text-align: center;\"><strong>FOTOS:<\/strong><\/p>\n<p style=\"text-align: center;\"><em>(Pr\u00f3ximamente)<\/em><\/p>\n<p>&nbsp;<\/p>\n<p style=\"text-align: center;\"><span style=\"font-weight: bold;\">VIDEOS:<\/span><\/p>\n<div style=\"text-align: center;\"><em>\u00a0(Pr\u00f3ximamente)<\/em><\/div>\n<p>&nbsp;<\/p>\n<p>&nbsp;<\/p>\n<p style=\"text-align: center;\"><img loading=\"lazy\" decoding=\"async\" class=\"aligncenter\" src=\"https:\/\/h2otek.com\/tienda\/img\/cms\/garantia-insignias\/garantia-h2otek-1year.jpg\" alt=\"\" width=\"350\" height=\"350\" \/><\/p>\n<p>&nbsp;<\/p>\n<p>&nbsp;<\/p>\n<p style=\"text-align: justify;\"><strong><span style=\"color: #0000ff;\">DESCARGAR MANUAL:<\/span><\/strong><\/p>\n<ul style=\"list-style-type: disc;\">\n<li><a href=\"https:\/\/h2otek.com\/tienda\/wp-content\/uploads\/2024\/02\/HULTRACUBO1_5L-MANUAL-DEL-USUARIO.pdf\" target=\"_blank\" rel=\"noopener\"><strong>MANUAL DEL USUARIO<\/strong><\/a><\/li>\n<\/ul>\n","protected":false},"excerpt":{"rendered":"<p style=\"text-align: left;\"><strong>NO GENERA GOTA EN MATERIALES O EQUIPOS<\/strong><\/p>\n<p><strong><span style=\"font-size: 12pt;\">PRUEDE TRABAJAR PARA AUMENTAR LA HUMEDAD EN AREAS DETERMINADAS Y\/O PARA SANATIZACION DE AREAS<\/span><\/strong><\/p>\n<p><span style=\"color: #ff0000;\"><span style=\"font-size: 12pt;\"><strong>PRECIO EN D\u00d3LARES US.<br \/>\n<\/strong><strong>PRECIO INCLUYE 16 % DE I.V.A.<br \/>\n<\/strong><strong>PRECIO INCLUYE ENVIO (ZONA CENTRO).<\/strong><\/span>\u00a0<\/span><\/p>\n<p><strong><em>HUMIDIFICADORES IDEALES PARA:<\/em><\/strong><\/p>\n<ul>\n<li><em><strong>LABORATORIOS<\/strong><\/em><\/li>\n<li><em><strong>CUARTOS DE PRUEBA<\/strong><\/em><\/li>\n<li><em><strong>OFICINAS<\/strong><\/em><\/li>\n<li><em><strong>CUARTOS LIMPIOS<\/strong><\/em><\/li>\n<li><em><strong>ESTACIONES DE TRABAJO<\/strong><\/em><\/li>\n<li><em><strong>\u00c1REAS ESPEC\u00cdFICAS, ETC.<\/strong><\/em><\/li>\n<\/ul>\n","protected":false},"featured_media":30343,"comment_status":"closed","ping_status":"closed","template":"","meta":[],"pwb-brand":[],"product_brand":[],"product_cat":[885,886,362,969],"product_tag":[],"class_list":{"0":"post-30342","1":"product","2":"type-product","3":"status-publish","4":"has-post-thumbnail","6":"product_cat-portatiles-por-aplicacion","7":"product_cat-estacionarios-por-aplicacion","8":"product_cat-control-de-humedad-humidificadores-deshumidificadores","9":"product_cat-version-completa-todo-en-1","11":"first","12":"onbackorder","13":"purchasable","14":"product-type-simple"},"brands":[],"_links":{"self":[{"href":"https:\/\/h2otek.com\/tienda\/wp-json\/wp\/v2\/product\/30342","targetHints":{"allow":["GET"]}}],"collection":[{"href":"https:\/\/h2otek.com\/tienda\/wp-json\/wp\/v2\/product"}],"about":[{"href":"https:\/\/h2otek.com\/tienda\/wp-json\/wp\/v2\/types\/product"}],"replies":[{"embeddable":true,"href":"https:\/\/h2otek.com\/tienda\/wp-json\/wp\/v2\/comments?post=30342"}],"wp:featuredmedia":[{"embeddable":true,"href":"https:\/\/h2otek.com\/tienda\/wp-json\/wp\/v2\/media\/30343"}],"wp:attachment":[{"href":"https:\/\/h2otek.com\/tienda\/wp-json\/wp\/v2\/media?parent=30342"}],"wp:term":[{"taxonomy":"pwb-brand","embeddable":true,"href":"https:\/\/h2otek.com\/tienda\/wp-json\/wp\/v2\/pwb-brand?post=30342"},{"taxonomy":"product_brand","embeddable":true,"href":"https:\/\/h2otek.com\/tienda\/wp-json\/wp\/v2\/product_brand?post=30342"},{"taxonomy":"product_cat","embeddable":true,"href":"https:\/\/h2otek.com\/tienda\/wp-json\/wp\/v2\/product_cat?post=30342"},{"taxonomy":"product_tag","embeddable":true,"href":"https:\/\/h2otek.com\/tienda\/wp-json\/wp\/v2\/product_tag?post=30342"}],"curies":[{"name":"wp","href":"https:\/\/api.w.org\/{rel}","templated":true}]}}