{"id":30320,"date":"2024-02-19T16:24:55","date_gmt":"2024-02-19T16:24:55","guid":{"rendered":"https:\/\/h2otek.com\/tienda\/?post_type=product&#038;p=30320"},"modified":"2026-01-20T03:17:32","modified_gmt":"2026-01-20T03:17:32","slug":"humidificador-nebulizador-ultrasonico-portatil-capacidad-3-lt-hr-120v-marca-h2otek-mod-hultracubo3l-12-6-6-puede-trabajar-como-sanitizante","status":"publish","type":"product","link":"https:\/\/h2otek.com\/tienda\/producto\/humidificador-nebulizador-ultrasonico-portatil-capacidad-3-lt-hr-120v-marca-h2otek-mod-hultracubo3l-12-6-6-puede-trabajar-como-sanitizante\/","title":{"rendered":"HUMIDIFICADOR-NEBULIZADOR ULTRAS\u00d3NICO PORTATIL CAPACIDAD 3 LT\/HR 120V MARCA H2OTEK MOD. HULTRACUBO3L-12\/6.6 PUEDE TRABAJAR COMO SANITIZANTE"},"content":{"rendered":"<p style=\"text-align: center;\"><img fetchpriority=\"high\" decoding=\"async\" class=\"alignnone size-full wp-image-30588\" src=\"https:\/\/h2otek.com\/tienda\/wp-content\/uploads\/2021\/07\/header-humidificador-hultracubo3L-2.jpg\" alt=\"\" width=\"650\" height=\"300\" srcset=\"https:\/\/h2otek.com\/tienda\/wp-content\/uploads\/2021\/07\/header-humidificador-hultracubo3L-2.jpg 650w, https:\/\/h2otek.com\/tienda\/wp-content\/uploads\/2021\/07\/header-humidificador-hultracubo3L-2-300x138.jpg 300w, https:\/\/h2otek.com\/tienda\/wp-content\/uploads\/2021\/07\/header-humidificador-hultracubo3L-2-130x60.jpg 130w, https:\/\/h2otek.com\/tienda\/wp-content\/uploads\/2021\/07\/header-humidificador-hultracubo3L-2-195x90.jpg 195w, https:\/\/h2otek.com\/tienda\/wp-content\/uploads\/2021\/07\/header-humidificador-hultracubo3L-2-600x277.jpg 600w\" sizes=\"(max-width: 650px) 100vw, 650px\" \/><\/p>\n<p>INYECCI\u00d3N DE NEBLINA PURA Y ULTRA FINA CON O SIN QU\u00cdMICOS PARA SANATIZACI\u00d3N La generaci\u00f3n de humedad o nebulizaci\u00f3n por medio de un Humidificador Ultras\u00f3nico H2OTEK cuanta con m\u00faltiples ventajas, mencionamos las m\u00e1s importantes:<\/p>\n<ul>\n<li>Generaci\u00f3n del tama\u00f1o de gota m\u00e1s peque\u00f1o, de 1 a 3 micras. Esto hace que la absorci\u00f3n de la humedad del aire ambiente sea casi inmediata, con esto, logrando una mejor eficiencia y por ning\u00fan motivo gota o agua en materiales, tomando en cuenta el porcentaje de humedad deseado<\/li>\n<li>Consumo de energ\u00eda el\u00e9ctrica menor (hasta un 50% menos que los generadores de vapor)<\/li>\n<li>Neblina limpia<\/li>\n<li>Mejor precisi\u00f3n de humedad relativa, los equipos ultras\u00f3nicos H2OTEK, encienden y entregan neblina de inmediato, no como otros sistemas que, al pedir humedad, se pueden tardar hasta algunos minutos, para entregar vapor<\/li>\n<li>Suministrando al humidificador agua purificada, baja en minerales, el mantenimiento es m\u00ednimo y entrega eficientemente una neblina pura, libre se suciedad<\/li>\n<li>Suponen cerca de un 90% de ahorro de energ\u00eda en producci\u00f3n de humedad frente a sistemas convencionales isot\u00e9rmicos.<\/li>\n<\/ul>\n<p>&nbsp;<\/p>\n<p><b>CARACTER\u00cdSTICAS GENERALES:<\/b><\/p>\n<ul>\n<li>Protecci\u00f3n autom\u00e1tica<\/li>\n<li>Funci\u00f3n dormir con un clic<\/li>\n<li>Funci\u00f3n de regulaci\u00f3n de niebla<\/li>\n<li>Pulverizaci\u00f3n intermitente<\/li>\n<li>Humedad constante inteligente<\/li>\n<li>Agregar agua desde arriba<\/li>\n<li>Funci\u00f3n de sincronizaci\u00f3n<\/li>\n<li>Rueda universal<\/li>\n<li>Luz ultravioleta<\/li>\n<\/ul>\n<p>&nbsp;<\/p>\n<p style=\"text-align: justify;\"><span style=\"font-weight: bold;\">OTRAS CARACTER\u00cdSTICAS:<\/span><\/p>\n<ul>\n<li>Trabajo en descarga libre o con ducto(s)<\/li>\n<li>Neblina extremadamente fina y pura<\/li>\n<li>Ideales para trabajo en \u00e1reas determinadas para aumento de humedad relativa y\/o para sanitizaci\u00f3n de \u00e1reas<\/li>\n<li>Unidad totalmente port\u00e1til<\/li>\n<li>Dise\u00f1o est\u00e9tico para trabajo en interiores<\/li>\n<li>Pantalla digital moderna y de f\u00e1cil programaci\u00f3n<\/li>\n<li>Fabricaci\u00f3n en pl\u00e1stico de alta resistencia<\/li>\n<li>Control de humedad digital integrado, de f\u00e1cil manejo y programaci\u00f3n (Se puede programar solo en m\u00faltiplos de 5, ejemplo 50%, 55%, 60%, etc.)<\/li>\n<li>F\u00e1cil instalaci\u00f3n<\/li>\n<li>Incluye filtro para agua. Estrictamente necesario para su funcionamiento<\/li>\n<li>Con opci\u00f3n de programaci\u00f3n con timer (controlador de tiempo)<\/li>\n<li>3 intensidades de neblina, programable<\/li>\n<li>Generador de iones negativos (beneficioso para los seres vivos)<\/li>\n<li>Equipado con alarma de falta de agua<\/li>\n<li>Equipado con doble flotador (uno en la zona de generaci\u00f3n de neblina y uno en la alimentaci\u00f3n de agua, sumamente importante ajustar el flotador de agua correctamente. Muy recomendable poner charola abajo del humidificador, para seguridad)<\/li>\n<li>Unidad totalmente desarmable (ver videos)<\/li>\n<li>Garant\u00eda: 1 A\u00f1o sobre cualquier defecto de fabricaci\u00f3n. NOTA: la garant\u00eda no incluye el control remoto ni el filtro para agua<\/li>\n<\/ul>\n<div style=\"text-align: justify;\"><strong><span style=\"color: #ff0000;\">NOTA IMPORTANTE: NO ES RECOMENDABLE UTILIZAR EL EQUIPO O EQUIPOS DENTRO DEL AREA ACONDICIONADA, CUANDO EL PORCENTAJE DE HUMEDAD A TRABAJAR, ES MAYOR A 70%. EN ESTOS CASOS, SE REQUIERE PONER EL EQUIPO AFUERA DEL AREA ACONDICIONADA E INYECTAR LA NEBULIZACION, POR MEDIO DE DUCTOS.<\/span><\/strong><\/div>\n<div style=\"text-align: justify;\"><span style=\"color: #ff0000;\"><strong>SI EL EQUIPO TRABAJA AFUERA DEL AREA ACONDICIONADA, EL SENSOR DE HUMEDAD REMOTO ALABRICO, DEBE DE ESTAR DENTRO DEL AREA ACONDICIONADA, PARA EL TRABAJO CORRECTO DEL HUMIDIFICADOR.<\/strong><\/span><\/div>\n<p>&nbsp;<\/p>\n<p style=\"text-align: center;\"><strong>TABLA DE ESPECIFICACIONES<\/strong><\/p>\n<p style=\"text-align: center;\"><img decoding=\"async\" class=\"alignnone size-full wp-image-30667\" src=\"https:\/\/h2otek.com\/tienda\/wp-content\/uploads\/2024\/02\/especificaciones-humidificador-hultracubo3l.jpg\" alt=\"\" width=\"700\" height=\"319\" srcset=\"https:\/\/h2otek.com\/tienda\/wp-content\/uploads\/2024\/02\/especificaciones-humidificador-hultracubo3l.jpg 700w, https:\/\/h2otek.com\/tienda\/wp-content\/uploads\/2024\/02\/especificaciones-humidificador-hultracubo3l-300x137.jpg 300w, https:\/\/h2otek.com\/tienda\/wp-content\/uploads\/2024\/02\/especificaciones-humidificador-hultracubo3l-132x60.jpg 132w, https:\/\/h2otek.com\/tienda\/wp-content\/uploads\/2024\/02\/especificaciones-humidificador-hultracubo3l-197x90.jpg 197w, https:\/\/h2otek.com\/tienda\/wp-content\/uploads\/2024\/02\/especificaciones-humidificador-hultracubo3l-600x273.jpg 600w\" sizes=\"(max-width: 700px) 100vw, 700px\" \/><\/p>\n<p style=\"text-align: justify;\"><span style=\"color: #ff0000;\"><strong><span style=\"color: #ff0000;\"><strong>NOTA: LOS EQUIPOS ULTRASONICOS DEBEN TRABAJAR ESTRICTAMENTE CON AGUA POTABLE LIBRE DE SOLIDOS Y REDUCIDA EN MINERALES O SALES (FILTRADA Y SUAVIZADA).<\/strong><\/span><\/strong><\/span><\/p>\n<p>LOS EQUIPOS ULTRAS\u00d3NICOS TRABAJAN CON AIRE FORZADO, ES IMPORTANTE QUE EL AIRE QUE ENTRE AL EQUIPO DEBE ESTAR LIMPIO, LIBRE DE CUALQUIER MATERIAL L\u00cdQUIDO O S\u00d3LIDO RETENIDO EN EL AIRE. ES ESTRICTAMENTE NECESARIO REALIZAR MANTENIMIENTO AL EQUIPO HUMIDIFICADOR EN TIEMPO Y FORMA. LOS PERIODOS DE MANTENIMIENTO PREVENTIVO LOS VA A DETERMINAR LAS CONDICIONES EN QUE ESTE TRABAJANDO Y EL TIEMPO DE USO DEL EQUIPO.<\/p>\n<p>&nbsp;<\/p>\n<p style=\"text-align: center;\"><img decoding=\"async\" class=\"aligncenter\" style=\"text-align: start;\" src=\"https:\/\/h2otek.com\/tienda\/img\/cms\/controlhumedad\/h2otek\/humidificadores\/hultra\/header-desinfectante.jpg\" alt=\"\" width=\"650\" height=\"304\" \/><\/p>\n<p>&nbsp;<\/p>\n<p style=\"text-align: justify;\">El humidificador adopta el principio de oscilaci\u00f3n ultras\u00f3nica de alta frecuencia para atomizar agua en part\u00edculas ultrafinas de uno a cinco micr\u00f3metros m\u00e1ximo, con ayuda de ventiladores es suministrado, logrando as\u00ed el prop\u00f3sito de humedecer uniformemente el aire. Si al agua se le agrega un qu\u00edmico desinfectante estaremos utilizando uno de los mejores sistemas de desinfecci\u00f3n.<\/p>\n<p>El sistema de ultrasonido tiene capacidad de penetraci\u00f3n en cualquier tipo de espacio; y lo que es m\u00e1s importante, sin mojar los objetos o superficies, como sucede con otros sistemas por aspersi\u00f3n. Otra de las ventajas es que el equipo no moja, solo humedece y adem\u00e1s desinfecta con muy poca cantidad de desinfectante Fabricamos equipos de desinfecci\u00f3n, con capacidades de 3, 6, 9, 18, 24, 36 y 48 litros por hora. Equipo para la aplicaci\u00f3n de qu\u00edmicos desinfectantes solubles en agua es ideal para eliminar g\u00e9rmenes, bacterias y virus como el del Covid-19; en espacio tan diversos como los siguientes:<\/p>\n<ul>\n<li>Hospitales y albergues de ancianos.<\/li>\n<li>Supermercados y centros comerciales.<\/li>\n<li>Oficinas y empresas donde es posible aplicar la niebla desinfectante incluso sobre la papeler\u00eda y documentos sin arruinarlos.<\/li>\n<li>Tiendas peque\u00f1as y grandes almacenes de ropa: En estos lugares, no solo para desinfectar la infraestructura; sino que tambi\u00e9n sirve con mucha eficiencia para desinfectar cada una de las prendas que se han probado los clientes.<\/li>\n<li>En hoteles donde se debe garantizar una perfecta desinfecci\u00f3n de las habitaciones donde se van a hospedar los hu\u00e9spedes.<\/li>\n<li>Y en general para todo tipo de establecimientos de comercio; lo mismo que para uso dom\u00e9stico<\/li>\n<\/ul>\n<p>&nbsp;<\/p>\n<p style=\"text-align: center;\"><img loading=\"lazy\" decoding=\"async\" class=\"aligncenter\" style=\"text-align: start;\" src=\"https:\/\/h2otek.com\/tienda\/img\/cms\/controlhumedad\/h2otek\/humidificadores\/hultra\/footer-desinfectante.jpg\" alt=\"\" width=\"650\" height=\"200\" \/><\/p>\n<p>&nbsp;<\/p>\n<p><strong>EL EQUIPO ESTA PREPARADO PARA TRABAJAR CON LOS SIGUIENTES AGENTES QUIMICOS:<\/strong><\/p>\n<ul>\n<li>Hipoclorito de sodio<\/li>\n<li>Di\u00f3xido de cloro<\/li>\n<li>\u00c1cido hipocloroso<\/li>\n<\/ul>\n<p>&nbsp;<\/p>\n<p style=\"text-align: center;\"><strong>PANEL DE CONTROL<\/strong><\/p>\n<p style=\"text-align: center;\"><img loading=\"lazy\" decoding=\"async\" class=\"alignnone size-full wp-image-30653\" src=\"https:\/\/h2otek.com\/tienda\/wp-content\/uploads\/2021\/07\/panel-control-HULTRACUBO3L.jpg\" alt=\"\" width=\"800\" height=\"712\" srcset=\"https:\/\/h2otek.com\/tienda\/wp-content\/uploads\/2021\/07\/panel-control-HULTRACUBO3L.jpg 800w, https:\/\/h2otek.com\/tienda\/wp-content\/uploads\/2021\/07\/panel-control-HULTRACUBO3L-300x267.jpg 300w, https:\/\/h2otek.com\/tienda\/wp-content\/uploads\/2021\/07\/panel-control-HULTRACUBO3L-768x684.jpg 768w, https:\/\/h2otek.com\/tienda\/wp-content\/uploads\/2021\/07\/panel-control-HULTRACUBO3L-67x60.jpg 67w, https:\/\/h2otek.com\/tienda\/wp-content\/uploads\/2021\/07\/panel-control-HULTRACUBO3L-101x90.jpg 101w, https:\/\/h2otek.com\/tienda\/wp-content\/uploads\/2021\/07\/panel-control-HULTRACUBO3L-600x534.jpg 600w\" sizes=\"(max-width: 800px) 100vw, 800px\" \/><\/p>\n<ol>\n<li><strong>Para la programaci\u00f3n del nivel de humedad requerido, solo se puede programar en m\u00faltiplos de 5 (ej. 50-55, etc.)<\/strong><\/li>\n<li><strong><strong>Al momento de programar la pantalla parpadea apareciendo los datos que se est\u00e1n programando, despu\u00e9s de unos segundos la pantalla se queda fijo con los valores programados y el valor en temperatura y humedad que hay en el recinto.<\/strong><\/strong><\/li>\n<\/ol>\n<p><strong>\u00a0<\/strong><\/p>\n<p>&nbsp;<\/p>\n<p style=\"text-align: center;\"><strong><strong>DIMENSIONES:<\/strong><\/strong><\/p>\n<p style=\"text-align: center;\"><img loading=\"lazy\" decoding=\"async\" class=\"alignnone size-full wp-image-30668\" src=\"https:\/\/h2otek.com\/tienda\/wp-content\/uploads\/2024\/02\/dimensiones-hultracubo-3L.jpg\" alt=\"\" width=\"462\" height=\"867\" srcset=\"https:\/\/h2otek.com\/tienda\/wp-content\/uploads\/2024\/02\/dimensiones-hultracubo-3L.jpg 462w, https:\/\/h2otek.com\/tienda\/wp-content\/uploads\/2024\/02\/dimensiones-hultracubo-3L-160x300.jpg 160w, https:\/\/h2otek.com\/tienda\/wp-content\/uploads\/2024\/02\/dimensiones-hultracubo-3L-32x60.jpg 32w, https:\/\/h2otek.com\/tienda\/wp-content\/uploads\/2024\/02\/dimensiones-hultracubo-3L-48x90.jpg 48w\" sizes=\"(max-width: 462px) 100vw, 462px\" \/><\/p>\n<p>&nbsp;<\/p>\n<p>&nbsp;<\/p>\n<p>&nbsp;<\/p>\n<p style=\"text-align: center;\"><img loading=\"lazy\" decoding=\"async\" src=\"https:\/\/h2otek.com\/tienda\/img\/cms\/controlhumedad\/h2otek\/humidificadores\/hultra-cubo\/notas-componentes.jpg\" alt=\"\" width=\"650\" height=\"150\" \/><\/p>\n<p>&nbsp;<\/p>\n<p>&nbsp;<\/p>\n<p style=\"text-align: center;\"><img loading=\"lazy\" decoding=\"async\" class=\"alignnone size-full wp-image-30295\" src=\"https:\/\/h2otek.com\/tienda\/wp-content\/uploads\/2021\/07\/componentes-humidificador-ultrasonico-hultracubo-3L.jpg\" alt=\"\" width=\"678\" height=\"439\" srcset=\"https:\/\/h2otek.com\/tienda\/wp-content\/uploads\/2021\/07\/componentes-humidificador-ultrasonico-hultracubo-3L.jpg 678w, https:\/\/h2otek.com\/tienda\/wp-content\/uploads\/2021\/07\/componentes-humidificador-ultrasonico-hultracubo-3L-300x194.jpg 300w, https:\/\/h2otek.com\/tienda\/wp-content\/uploads\/2021\/07\/componentes-humidificador-ultrasonico-hultracubo-3L-93x60.jpg 93w, https:\/\/h2otek.com\/tienda\/wp-content\/uploads\/2021\/07\/componentes-humidificador-ultrasonico-hultracubo-3L-139x90.jpg 139w, https:\/\/h2otek.com\/tienda\/wp-content\/uploads\/2021\/07\/componentes-humidificador-ultrasonico-hultracubo-3L-600x388.jpg 600w\" sizes=\"(max-width: 678px) 100vw, 678px\" \/><\/p>\n<p>&nbsp;<\/p>\n<p>&nbsp;<\/p>\n<p style=\"text-align: center;\"><strong>COMPONENTES:<\/strong><\/p>\n\n\t\t<style type=\"text\/css\">\n\t\t\t#gallery-1 {\n\t\t\t\tmargin: auto;\n\t\t\t}\n\t\t\t#gallery-1 .gallery-item {\n\t\t\t\tfloat: left;\n\t\t\t\tmargin-top: 10px;\n\t\t\t\ttext-align: center;\n\t\t\t\twidth: 33%;\n\t\t\t}\n\t\t\t#gallery-1 img {\n\t\t\t\tborder: 2px solid #cfcfcf;\n\t\t\t}\n\t\t\t#gallery-1 .gallery-caption {\n\t\t\t\tmargin-left: 0;\n\t\t\t}\n\t\t\t\/* see gallery_shortcode() in wp-includes\/media.php *\/\n\t\t<\/style>\n\t\t<div id='gallery-1' class='gallery galleryid-30320 gallery-columns-3 gallery-size-medium'><dl class='gallery-item'>\n\t\t\t<dt class='gallery-icon landscape'>\n\t\t\t\t<a href='https:\/\/h2otek.com\/tienda\/wp-content\/uploads\/2021\/07\/ACCESORIOS-01.jpg'><img loading=\"lazy\" decoding=\"async\" width=\"300\" height=\"225\" src=\"https:\/\/h2otek.com\/tienda\/wp-content\/uploads\/2021\/07\/ACCESORIOS-01-300x225.jpg\" class=\"attachment-medium size-medium\" alt=\"\" srcset=\"https:\/\/h2otek.com\/tienda\/wp-content\/uploads\/2021\/07\/ACCESORIOS-01-300x225.jpg 300w, https:\/\/h2otek.com\/tienda\/wp-content\/uploads\/2021\/07\/ACCESORIOS-01-768x576.jpg 768w, https:\/\/h2otek.com\/tienda\/wp-content\/uploads\/2021\/07\/ACCESORIOS-01-80x60.jpg 80w, https:\/\/h2otek.com\/tienda\/wp-content\/uploads\/2021\/07\/ACCESORIOS-01-120x90.jpg 120w, https:\/\/h2otek.com\/tienda\/wp-content\/uploads\/2021\/07\/ACCESORIOS-01-600x450.jpg 600w, https:\/\/h2otek.com\/tienda\/wp-content\/uploads\/2021\/07\/ACCESORIOS-01.jpg 800w\" sizes=\"(max-width: 300px) 100vw, 300px\" \/><\/a>\n\t\t\t<\/dt><\/dl><dl class='gallery-item'>\n\t\t\t<dt class='gallery-icon landscape'>\n\t\t\t\t<a href='https:\/\/h2otek.com\/tienda\/wp-content\/uploads\/2021\/07\/ACCESORIOS-02.jpg'><img loading=\"lazy\" decoding=\"async\" width=\"300\" height=\"225\" src=\"https:\/\/h2otek.com\/tienda\/wp-content\/uploads\/2021\/07\/ACCESORIOS-02-300x225.jpg\" class=\"attachment-medium size-medium\" alt=\"\" srcset=\"https:\/\/h2otek.com\/tienda\/wp-content\/uploads\/2021\/07\/ACCESORIOS-02-300x225.jpg 300w, https:\/\/h2otek.com\/tienda\/wp-content\/uploads\/2021\/07\/ACCESORIOS-02-768x576.jpg 768w, https:\/\/h2otek.com\/tienda\/wp-content\/uploads\/2021\/07\/ACCESORIOS-02-80x60.jpg 80w, https:\/\/h2otek.com\/tienda\/wp-content\/uploads\/2021\/07\/ACCESORIOS-02-120x90.jpg 120w, https:\/\/h2otek.com\/tienda\/wp-content\/uploads\/2021\/07\/ACCESORIOS-02-600x450.jpg 600w, https:\/\/h2otek.com\/tienda\/wp-content\/uploads\/2021\/07\/ACCESORIOS-02.jpg 800w\" sizes=\"(max-width: 300px) 100vw, 300px\" \/><\/a>\n\t\t\t<\/dt><\/dl><dl class='gallery-item'>\n\t\t\t<dt class='gallery-icon landscape'>\n\t\t\t\t<a href='https:\/\/h2otek.com\/tienda\/wp-content\/uploads\/2021\/07\/ACCESORIOS-03.jpg'><img loading=\"lazy\" decoding=\"async\" width=\"300\" height=\"225\" src=\"https:\/\/h2otek.com\/tienda\/wp-content\/uploads\/2021\/07\/ACCESORIOS-03-300x225.jpg\" class=\"attachment-medium size-medium\" alt=\"\" srcset=\"https:\/\/h2otek.com\/tienda\/wp-content\/uploads\/2021\/07\/ACCESORIOS-03-300x225.jpg 300w, https:\/\/h2otek.com\/tienda\/wp-content\/uploads\/2021\/07\/ACCESORIOS-03-768x576.jpg 768w, https:\/\/h2otek.com\/tienda\/wp-content\/uploads\/2021\/07\/ACCESORIOS-03-80x60.jpg 80w, https:\/\/h2otek.com\/tienda\/wp-content\/uploads\/2021\/07\/ACCESORIOS-03-120x90.jpg 120w, https:\/\/h2otek.com\/tienda\/wp-content\/uploads\/2021\/07\/ACCESORIOS-03-600x450.jpg 600w, https:\/\/h2otek.com\/tienda\/wp-content\/uploads\/2021\/07\/ACCESORIOS-03.jpg 800w\" sizes=\"(max-width: 300px) 100vw, 300px\" \/><\/a>\n\t\t\t<\/dt><\/dl><br style=\"clear: both\" \/>\n\t\t<\/div>\n\n<p>&nbsp;<\/p>\n<p>&nbsp;<\/p>\n<p>&nbsp;<\/p>\n<p style=\"text-align: center;\"><strong>CONTROL:<\/strong><\/p>\n<p style=\"text-align: center;\"><img loading=\"lazy\" decoding=\"async\" class=\"alignnone size-full wp-image-30296\" src=\"https:\/\/h2otek.com\/tienda\/wp-content\/uploads\/2021\/07\/control-humidificador-ultrasonico-hultracubo-3L.jpg\" alt=\"\" width=\"552\" height=\"386\" srcset=\"https:\/\/h2otek.com\/tienda\/wp-content\/uploads\/2021\/07\/control-humidificador-ultrasonico-hultracubo-3L.jpg 552w, https:\/\/h2otek.com\/tienda\/wp-content\/uploads\/2021\/07\/control-humidificador-ultrasonico-hultracubo-3L-300x210.jpg 300w, https:\/\/h2otek.com\/tienda\/wp-content\/uploads\/2021\/07\/control-humidificador-ultrasonico-hultracubo-3L-86x60.jpg 86w, https:\/\/h2otek.com\/tienda\/wp-content\/uploads\/2021\/07\/control-humidificador-ultrasonico-hultracubo-3L-129x90.jpg 129w\" sizes=\"(max-width: 552px) 100vw, 552px\" \/><\/p>\n<p>&nbsp;<\/p>\n<p>&nbsp;<\/p>\n<p style=\"text-align: center;\"><span style=\"font-weight: bold;\">VIDEOS:<\/span><\/p>\n<p><iframe title=\"YouTube video player\" src=\"https:\/\/www.youtube.com\/embed\/z26fPbvkurE?si=PZedp9UKhqZrFHwE\" width=\"560\" height=\"315\" frameborder=\"0\" allowfullscreen=\"allowfullscreen\"><\/iframe><\/p>\n<div><\/div>\n<div><\/div>\n<p><iframe title=\"YouTube video player\" src=\"https:\/\/www.youtube.com\/embed\/tFFiDn_M1Fg?si=LCSS2O-ujFTf9E8a\" width=\"560\" height=\"315\" frameborder=\"0\" allowfullscreen=\"allowfullscreen\"><\/iframe><\/p>\n<div><\/div>\n<div><\/div>\n<p><iframe title=\"YouTube video player\" src=\"https:\/\/www.youtube.com\/embed\/vueOspcI5hU?si=ea4iFxWfkdcrGtl7\" width=\"560\" height=\"315\" frameborder=\"0\" allowfullscreen=\"allowfullscreen\"><\/iframe><\/p>\n<div><\/div>\n<div><\/div>\n<p><iframe title=\"YouTube video player\" src=\"https:\/\/www.youtube.com\/embed\/nu3gWj04NpM?si=kI4UpllHYG-oykFy\" width=\"560\" height=\"315\" frameborder=\"0\" allowfullscreen=\"allowfullscreen\"><\/iframe><\/p>\n<div><\/div>\n<div><\/div>\n<div style=\"text-align: center;\"><\/div>\n<p>&nbsp;<\/p>\n<p style=\"text-align: center;\"><img loading=\"lazy\" decoding=\"async\" class=\"aligncenter\" src=\"https:\/\/h2otek.com\/tienda\/img\/cms\/garantia-insignias\/garantia-h2otek-1year.jpg\" alt=\"\" width=\"350\" height=\"350\" \/><\/p>\n<p>&nbsp;<\/p>\n<p>&nbsp;<\/p>\n<p style=\"text-align: justify;\"><strong><span style=\"color: #0000ff;\">DESCARGAR MANUAL:<\/span><\/strong><\/p>\n<ul style=\"list-style-type: disc;\">\n<li><a href=\"https:\/\/h2otek.com\/tienda\/wp-content\/uploads\/2021\/07\/HULTRACUBO3L-MANUAL-DEL-USUARIO.pdf\" target=\"_blank\" rel=\"noopener\"><strong>MANUAL DEL USUARIO<\/strong><\/a><\/li>\n<\/ul>\n","protected":false},"excerpt":{"rendered":"<p style=\"text-align: left;\"><strong>NO GENERA GOTA EN MATERIALES O EQUIPOS<\/strong><\/p>\n<p><strong><span style=\"font-size: 12pt;\">PRUEDE TRABAJAR PARA AUMENTAR LA HUMEDAD EN AREAS DETERMINADAS Y\/O PARA SANATIZACION DE AREAS<\/span><\/strong><\/p>\n<p><span style=\"color: #ff0000;\"><span style=\"font-size: 12pt;\"><strong>PRECIO EN D\u00d3LARES US.<br \/>\n<\/strong><strong>PRECIO INCLUYE 16 % DE I.V.A.<br \/>\n<\/strong><strong>PRECIO INCLUYE ENVIO (ZONA CENTRO).<\/strong><\/span>\u00a0<\/span><\/p>\n<p><strong><em>HUMIDIFICADORES IDEALES PARA:<\/em><\/strong><\/p>\n<ul>\n<li><em><strong>LABORATORIOS<\/strong><\/em><\/li>\n<li><em><strong>CUARTOS DE PRUEBA<\/strong><\/em><\/li>\n<li><em><strong>OFICINAS<\/strong><\/em><\/li>\n<li><em><strong>CUARTOS LIMPIOS<\/strong><\/em><\/li>\n<li><em><strong>ESTACIONES DE TRABAJO<\/strong><\/em><\/li>\n<li><em><strong>\u00c1REAS ESPEC\u00cdFICAS, ETC.<\/strong><\/em><\/li>\n<\/ul>\n","protected":false},"featured_media":30663,"comment_status":"closed","ping_status":"closed","template":"","meta":[],"pwb-brand":[],"product_brand":[],"product_cat":[885,886,362,969],"product_tag":[],"class_list":{"0":"post-30320","1":"product","2":"type-product","3":"status-publish","4":"has-post-thumbnail","6":"product_cat-portatiles-por-aplicacion","7":"product_cat-estacionarios-por-aplicacion","8":"product_cat-control-de-humedad-humidificadores-deshumidificadores","9":"product_cat-version-completa-todo-en-1","11":"first","12":"onbackorder","13":"purchasable","14":"product-type-simple"},"brands":[],"_links":{"self":[{"href":"https:\/\/h2otek.com\/tienda\/wp-json\/wp\/v2\/product\/30320","targetHints":{"allow":["GET"]}}],"collection":[{"href":"https:\/\/h2otek.com\/tienda\/wp-json\/wp\/v2\/product"}],"about":[{"href":"https:\/\/h2otek.com\/tienda\/wp-json\/wp\/v2\/types\/product"}],"replies":[{"embeddable":true,"href":"https:\/\/h2otek.com\/tienda\/wp-json\/wp\/v2\/comments?post=30320"}],"wp:featuredmedia":[{"embeddable":true,"href":"https:\/\/h2otek.com\/tienda\/wp-json\/wp\/v2\/media\/30663"}],"wp:attachment":[{"href":"https:\/\/h2otek.com\/tienda\/wp-json\/wp\/v2\/media?parent=30320"}],"wp:term":[{"taxonomy":"pwb-brand","embeddable":true,"href":"https:\/\/h2otek.com\/tienda\/wp-json\/wp\/v2\/pwb-brand?post=30320"},{"taxonomy":"product_brand","embeddable":true,"href":"https:\/\/h2otek.com\/tienda\/wp-json\/wp\/v2\/product_brand?post=30320"},{"taxonomy":"product_cat","embeddable":true,"href":"https:\/\/h2otek.com\/tienda\/wp-json\/wp\/v2\/product_cat?post=30320"},{"taxonomy":"product_tag","embeddable":true,"href":"https:\/\/h2otek.com\/tienda\/wp-json\/wp\/v2\/product_tag?post=30320"}],"curies":[{"name":"wp","href":"https:\/\/api.w.org\/{rel}","templated":true}]}}