{"id":30265,"date":"2024-02-12T18:26:41","date_gmt":"2024-02-12T18:26:41","guid":{"rendered":"https:\/\/h2otek.com\/tienda\/?post_type=product&#038;p=30265"},"modified":"2025-01-23T02:29:26","modified_gmt":"2025-01-23T02:29:26","slug":"deshumidificador-desecante-industrial-0-26-litros-hora-220v-1-fase-60-hz-acero-inoxidable-portatil-o-estacionario-marca-h2otek-mod-ddi0-26l-h-38","status":"publish","type":"product","link":"https:\/\/h2otek.com\/tienda\/producto\/deshumidificador-desecante-industrial-0-26-litros-hora-220v-1-fase-60-hz-acero-inoxidable-portatil-o-estacionario-marca-h2otek-mod-ddi0-26l-h-38\/","title":{"rendered":"DESHUMIDIFICADOR DESECANTE INDUSTRIAL 0.26 LITROS\/HORA 220V, 1 FASE, 60 HZ ACERO INOXIDABLE, PORT\u00c1TIL O ESTACIONARIO MARCA H2OTEK MOD. DDI0.26L\/H-38"},"content":{"rendered":"<p style=\"text-align: center;\"><img fetchpriority=\"high\" decoding=\"async\" class=\"alignnone size-full wp-image-30289\" src=\"https:\/\/h2otek.com\/tienda\/wp-content\/uploads\/2024\/02\/header-deshum-desecante-h2otek-DDI0_26L.jpg\" alt=\"\" width=\"650\" height=\"300\" srcset=\"https:\/\/h2otek.com\/tienda\/wp-content\/uploads\/2024\/02\/header-deshum-desecante-h2otek-DDI0_26L.jpg 650w, https:\/\/h2otek.com\/tienda\/wp-content\/uploads\/2024\/02\/header-deshum-desecante-h2otek-DDI0_26L-300x138.jpg 300w, https:\/\/h2otek.com\/tienda\/wp-content\/uploads\/2024\/02\/header-deshum-desecante-h2otek-DDI0_26L-130x60.jpg 130w, https:\/\/h2otek.com\/tienda\/wp-content\/uploads\/2024\/02\/header-deshum-desecante-h2otek-DDI0_26L-195x90.jpg 195w, https:\/\/h2otek.com\/tienda\/wp-content\/uploads\/2024\/02\/header-deshum-desecante-h2otek-DDI0_26L-600x277.jpg 600w\" sizes=\"(max-width: 650px) 100vw, 650px\" \/><\/p>\n<p>Los equipos deshumidificadores desecantes de la l\u00ednea DD de H2OTEK esta fabricados en base a los m\u00e1s altos est\u00e1ndares de calidad. Estos proporcionan un equilibrio de flujo de aire preciso para deshumidificaci\u00f3n y de reactivaci\u00f3n al tiempo que permite la colocaci\u00f3n del ventilador alternativo y seccionamiento del rotor. Est\u00e1 dise\u00f1ado para el secado efectivo de \u00e1reas determinadas donde se requiera de humedades bajas o trabajar con temperaturas bajas o altas. <strong>DESCRIPCI\u00d3N DEL PRODUCTO: <\/strong>El deshumidificador desecante DD.26L\/H-38 est\u00e1 dise\u00f1ado para deshumidificar eficientemente el aire en espacios reducidos, s\u00f3tanos y otras \u00e1reas estrechas. Este dise\u00f1o facilita el transporte por parte de una sola persona. Adem\u00e1s, se utiliza para secar edificios, edificios nuevos y edificios da\u00f1ados por el agua. Estos deshumidificadores utilizan desecantes para eliminar la humedad del aire que pasa a trav\u00e9s de ellos. Secan el aire de manera m\u00e1s efectiva en ambientes fr\u00edos que los deshumidificadores de refrigerante (o condensado). \u00a0 <strong>CARACTER\u00cdSTICAS CONSTRUCTIVAS:<\/strong><\/p>\n<ol>\n<li>Carcasa robusta de acero inoxidable<\/li>\n<li>Dise\u00f1o compacto, peso reducido de la unidad y asa integrada<\/li>\n<li>Alto rendimiento a bajas temperaturas y baja humedad relativa en una habitaci\u00f3n<\/li>\n<li>Conexi\u00f3n del higrostato externo<\/li>\n<li>F\u00e1cil acceso a los componentes internos del deshumidificador para el mantenimiento<\/li>\n<li>Calentador PTC<\/li>\n<li>Ventilador centr\u00edfugo de CA<\/li>\n<li>Alta eficiencia del rotor de gel de s\u00edlice lavable<\/li>\n<li>Panel de control visual<\/li>\n<li>Con protocolo de comunicaci\u00f3n 485<\/li>\n<\/ol>\n<p>\u00a0 <strong>DETALLES DEL PRODUCTO:<\/strong><\/p>\n<ul>\n<li>220 v\/ 1fase\/ 60 Hz<\/li>\n<li>Para bajos porcentajes de humedad y temperatura<\/li>\n<li>Con sensor digital<\/li>\n<li>No necesita ning\u00fan tipo de desag\u00fce<\/li>\n<\/ul>\n<p><strong>\u00a0<\/strong> <strong>Deshumidificador desecante exclusivo de baja temperatura DD.26L\/H-38 de H2OTEK:<\/strong> Dise\u00f1ado y construido incluso para su uso comercial profesional. El aire del proceso de entrada se filtra y se seca. El aire de entrada se puede conducir con un conducto. El aire de escape h\u00famedo puede ser conducido a trav\u00e9s de un conducto (di\u00e1metro est\u00e1ndar del tubo de desecho). <strong>CARACTER\u00cdSTICAS DETALLADAS:<\/strong> Ventilador con bajo nivel de ruido Dise\u00f1o compacto Sensor remoto al\u00e1mbrico Filtro de polvo &#8211; El deshumidificador desecante se beneficia de un filtro de polvo reticulado simple en un marco met\u00e1lico que se puede sacudir o reemplazar f\u00e1cilmente para evitar que part\u00edculas de polvo entren en la unidad e impidan el rendimiento. Con humidistato. Fuente de alimentaci\u00f3n &#8211; 480V suministro de 60Hz Equipo con estructura de acero con pintura electrost\u00e1tica Se puede fabricar en acero inoxidable sobre pedido. <strong>APLICACIONES:<\/strong> 1. Procesos industriales<\/p>\n<ul>\n<li>Productos electr\u00f3nicos<\/li>\n<li>Industria de alimentos<\/li>\n<li>Industria farmac\u00e9utica<\/li>\n<li>S\u00edntesis de vidrio<\/li>\n<li>Procesamiento de arenado<\/li>\n<li>Fabricaci\u00f3n de caucho<\/li>\n<li>Almacenamiento<\/li>\n<li>Etc.<\/li>\n<\/ul>\n<p>2. Almacenamiento<\/p>\n<ul>\n<li>Corrosividad de metal<\/li>\n<li>Productos electr\u00f3nicos<\/li>\n<li>Secado de carnes<\/li>\n<li>Equipo militar<\/li>\n<li>Instrumento preciso<\/li>\n<li>Semillas<\/li>\n<li>Az\u00facar<\/li>\n<\/ul>\n<p>3. Embalaje<\/p>\n<ul>\n<li>Productos qu\u00edmicos<\/li>\n<li>Fertilizantes, etc.<\/li>\n<\/ul>\n<p>\u00a0 <strong>Uso del deshumidificador desecante H2OTEK 0.26 litros\/hora<\/strong> En aplicaciones de secado el conducto de escape puede ser extendido sin p\u00e9rdida de rendimiento hasta 1.3 metro. A 1.8 metros el rendimiento se reducir\u00e1 por lo general un 30% y a 2.1 metros se reducir\u00e1 en un 70%. No se causar\u00e1 ning\u00fan da\u00f1o cuando la manguera est\u00e9 extendida. El deshumidificador es auto-regulable. \u00a0 <strong>FUNCIONAMIENTO \u00a0<\/strong> Para mantener su rendimiento de deshumidificaci\u00f3n estable, la rueda saturada se transfiere al sector de regeneraci\u00f3n bajo el impulso del motor y comienza el proceso de regeneraci\u00f3n. El aire de regeneraci\u00f3n alcanz\u00f3 100~140\u00b0C calent\u00e1ndolo y luego invirtiendo el soplado en el \u00e1rea de regeneraci\u00f3n. En condiciones de alta temperatura, la humedad absorbida en la rueda se desorbe y libera mucho calor sensible. La temperatura por s\u00ed misma se reduce y se convierte en aire h\u00famedo lleno de humedad que se descarga al exterior de la habitaci\u00f3n en el siguiente paso y finaliza la transferencia de agua. La potente capacidad deshumidificadora de la rueda se restablece y contin\u00faa deshumidificando en la zona de trabajo. El proceso de deshumidificaci\u00f3n y regeneraci\u00f3n mencionado anteriormente se produce al mismo tiempo. Las condiciones de funcionamiento constante de este deshumidificador se garantizan secando el aire y regenerando la rueda continuamente.<\/p>\n<p style=\"text-align: center;\"><img decoding=\"async\" class=\"alignnone size-full wp-image-30271\" src=\"https:\/\/h2otek.com\/tienda\/wp-content\/uploads\/2024\/02\/funcionamiento-desecante-h2otek-DD_26L.jpg\" alt=\"\" width=\"700\" height=\"385\" srcset=\"https:\/\/h2otek.com\/tienda\/wp-content\/uploads\/2024\/02\/funcionamiento-desecante-h2otek-DD_26L.jpg 700w, https:\/\/h2otek.com\/tienda\/wp-content\/uploads\/2024\/02\/funcionamiento-desecante-h2otek-DD_26L-300x165.jpg 300w, https:\/\/h2otek.com\/tienda\/wp-content\/uploads\/2024\/02\/funcionamiento-desecante-h2otek-DD_26L-109x60.jpg 109w, https:\/\/h2otek.com\/tienda\/wp-content\/uploads\/2024\/02\/funcionamiento-desecante-h2otek-DD_26L-164x90.jpg 164w, https:\/\/h2otek.com\/tienda\/wp-content\/uploads\/2024\/02\/funcionamiento-desecante-h2otek-DD_26L-600x330.jpg 600w\" sizes=\"(max-width: 700px) 100vw, 700px\" \/><\/p>\n<ul>\n<li>La estructura central del deshumidificador desecante es una rueda giratoria, que es una rueda alveolar con un absorbente de humedad, hecha de un material compuesto especial resistente al calor. La rueda giratoria en forma de panal tiene las caracter\u00edsticas de un \u00e1rea de absorci\u00f3n de humedad mayor que la superficie, baja resistencia a la circulaci\u00f3n y alta eficiencia de deshumidificaci\u00f3n.<\/li>\n<li>A ambos lados de la rueda, un diafragma con un alto rendimiento de sellado divide toda la superficie en dos sectores: el sector de procesamiento y el sector de recuperaci\u00f3n de regeneraci\u00f3n. Cuando el aire de procesamiento que necesitaba deshumidificaci\u00f3n ingresa al sector de procesamiento, el vapor de agua es absorbido por el portador en la rueda, se seca y se libera el calor latente. El aire seco sale a trav\u00e9s del ventilador. A medida que aumenta la absorci\u00f3n de agua, el sector de procesamiento se satura.<\/li>\n<li style=\"list-style-type: none;\">\u00a0<\/li>\n<\/ul>\n<p>\u00a0 <strong>ERP (Productos relacionados con la energ\u00eda):<\/strong><\/p>\n<ol>\n<li>Rotor desecante de alto rendimiento con alta tasa de absorci\u00f3n de humedad para confiable rendimiento y operaci\u00f3n continua sin problemas.\u00a0La vida \u00fatil de la rueda del rotor es de 5-8 a\u00f1os bajo condiciones normales (ambiente no corrosivo y regeneraci\u00f3n la temperatura est\u00e1 por debajo de 140\u2103).<\/li>\n<li>Filtro predeterminado G4 (EU4) y tambi\u00e9n puede equipar el filtro F7 (EU7) seg\u00fan sea necesario.<\/li>\n<li>Nuestro dise\u00f1o cumple con la norma internacional EN60204.<\/li>\n<li>Bajo el mismo entorno, nuestra capacidad de deshumidificaci\u00f3n es m\u00e1s grande y la eficiencia es m\u00e1s alta.<\/li>\n<li>Hoja de metal y acero inoxidable puede ser seleccionable.<\/li>\n<li>Construido con un componente el\u00e9ctrico confiable de una marca conocida, como ABB, OMRON, Schneider y dem\u00e1s.<\/li>\n<li>Bajo costo de operaci\u00f3n y energ\u00eda eficiente.\u00a0Nuestro deshumidificador desecante us\u00f3 PTC y SCR construye tecnolog\u00eda de calentamiento con calor de regeneraci\u00f3n controlado por procesador avanzado, que puede ahorrar un 20% &#8211; 30% de consumo de energ\u00eda<\/li>\n<li>La m\u00e1quina est\u00e1 equipada con una interfaz de brida redonda est\u00e1ndar internacional, y la conexi\u00f3n de la tuber\u00eda del conducto cumple con los est\u00e1ndares ISO7807.<\/li>\n<li>La m\u00e1quina cumple con CE GS y RoHS est\u00e1ndar.<\/li>\n<\/ol>\n<p style=\"text-align: center;\"><strong><img decoding=\"async\" src=\"https:\/\/www.h2otek.com\/tienda\/img\/cms\/01.png\" alt=\"\" width=\"400\" height=\"271\" \/><\/strong><\/p>\n<p>\u00a0<\/p>\n<p style=\"text-align: center;\"><strong>TABLA\u00a0DE ESPECIFICACIONES<\/strong><\/p>\n<p style=\"text-align: center;\"><img loading=\"lazy\" decoding=\"async\" class=\"alignnone size-full wp-image-30272\" src=\"https:\/\/h2otek.com\/tienda\/wp-content\/uploads\/2024\/02\/especificaciones-desecante-h2otek-DD_26L.jpg\" alt=\"\" width=\"485\" height=\"412\" srcset=\"https:\/\/h2otek.com\/tienda\/wp-content\/uploads\/2024\/02\/especificaciones-desecante-h2otek-DD_26L.jpg 485w, https:\/\/h2otek.com\/tienda\/wp-content\/uploads\/2024\/02\/especificaciones-desecante-h2otek-DD_26L-300x255.jpg 300w, https:\/\/h2otek.com\/tienda\/wp-content\/uploads\/2024\/02\/especificaciones-desecante-h2otek-DD_26L-71x60.jpg 71w, https:\/\/h2otek.com\/tienda\/wp-content\/uploads\/2024\/02\/especificaciones-desecante-h2otek-DD_26L-106x90.jpg 106w\" sizes=\"(max-width: 485px) 100vw, 485px\" \/><\/p>\n<p><span style=\"color: #d0121a;\"><strong>NOTAS: <\/strong><\/span> <span style=\"color: #d0121a;\"><strong>Los ductos del equipo no deben de exceder m\u00e1s de 1 metro, de lo contrario se puede ver afectada la eficiencia del deshumidificador.<\/strong><\/span> <span style=\"color: #d0121a;\"><strong>Se recomienda mantener limpio el filtro, no se debe operar el equipo sin el filtro.<\/strong><\/span> <span style=\"color: #d0121a;\"><strong>No se debe bloquear ning\u00fan ducto de descargar o de retorno.<\/strong><\/span> <span style=\"color: #d0121a;\"><strong>El aire seco de inyecci\u00f3n tiene de 3 a 6\u00baC arriba de la temperatura interior del cuarto.<\/strong><\/span> <span style=\"color: #d0121a;\"><strong><span style=\"color: #d0121a;\">La capacidad de deshumidificaci\u00f3n est\u00e1 probado a una temperatura de 20\u00baC y 60% de humedad relativa, puede cambiar con diferentes valores de temperatura y humedad.<\/span><\/strong> <\/span><\/p>\n<p style=\"text-align: left;\"><strong> <strong>INSTALACI\u00d3N<\/strong><\/strong><\/p>\n<p><strong>Instalado en el interior<\/strong> La entrada y salida de aire de reactivaci\u00f3n debe colocarse en el entorno externo, el aire seco debe estar disperso en la sala de deshumidificaci\u00f3n, la entrada de aire de proceso no necesita conectarse. <strong>Instalado al aire libre<\/strong> La salida de aire seco y la entrada de aire de proceso est\u00e1n conectadas a la zona de deshumidificaci\u00f3n. \u00a0<\/p>\n<p style=\"text-align: center;\"><strong><img loading=\"lazy\" decoding=\"async\" src=\"https:\/\/www.h2otek.com\/tienda\/img\/cms\/INSTALACION%20DESECANTE.png\" alt=\"\" width=\"650\" height=\"226\" \/> <\/strong><\/p>\n<p>1. Para la conveniencia del mantenimiento y la inspecci\u00f3n, se debe retener algo de espacio alrededor de la m\u00e1quina 2. El deshumidificador no puede colocarse en \u00e1reas explosivas, tampoco puede tratar con aire que contenga sustancias explosivas. 3. Si el aire de reactivaci\u00f3n se introduce desde el deshumidificador exterior, el terminal del tubo de aire de reactivaci\u00f3n debe estar lo suficientemente alto del suelo para evitar la inhalaci\u00f3n de polvo y residuos, mientras tanto, debe estar lejos de fuentes de contaminaci\u00f3n como emisiones de energ\u00eda, vapor y\u00a0gases.\u00a0Con el fin de evitar que se inhale aire h\u00famedo en la m\u00e1quina, la distancia debe ser de al menos un metro entre la terminal de la tuber\u00eda de aire h\u00famedo y la terminal de la tuber\u00eda de aire de reactivaci\u00f3n.\u00a0Adem\u00e1s, la tuber\u00eda debe dise\u00f1arse para evitar la intrusi\u00f3n de nieve y lluvia. Est\u00e1 muy h\u00famedo en la tuber\u00eda de aire h\u00famedo, es mejor instalar la tuber\u00eda de aire h\u00famedo en una pendiente descendente, por lo que el agua fluir\u00e1 hacia afuera f\u00e1cilmente, mientras que parte del aire h\u00famedo se condensa en agua debido a que la temperatura baja.\u00a0Se debe usar un orificio con un di\u00e1metro de 10 mm en la parte inferior de la tuber\u00eda para drenar el agua condensada.\u00a0Como est\u00e1 muy h\u00famedo en la tuber\u00eda de aire h\u00famedo, es f\u00e1cil tener agua de condensaci\u00f3n en la pared interior de la tuber\u00eda.\u00a0Si existe peligro de congelaci\u00f3n, se deben tomar medidas de aislamiento t\u00e9rmico mientras la temperatura es baja. Para evitar la condensaci\u00f3n de la pared de la tuber\u00eda cuando la temperatura del punto de roc\u00edo del aire en la tuber\u00eda es m\u00e1s alta que la temperatura del aire exterior, lo que lleva a la corrosi\u00f3n de la tuber\u00eda y la acumulaci\u00f3n de agua. 4. Conexi\u00f3n de la tuber\u00eda: La dimensi\u00f3n de las tuber\u00edas para procesar el aire y el aire de reactivaci\u00f3n debe estar en l\u00ednea con los valores recomendados de ISO7807. Las tuber\u00edas deben conectarse con la parte de conexi\u00f3n en la brida, mientras tanto, el tornillo est\u00e1 limitado a 20mm. Mientras conecta las tuber\u00edas de entrada y salida, tome en cuenta algunas notas como las que se mencionan a continuaci\u00f3n: (1) Para reducir la p\u00e9rdida de presi\u00f3n est\u00e1tica, haga lo posible para acortar la longitud de la tuber\u00eda. (2) Para garantizar el rendimiento de la m\u00e1quina, se requiere que todos los accesorios de tuber\u00eda r\u00edgidos (galvanizados) tengan hermeticidad. (3) Los tubos deben tener una buena capacidad de aislamiento t\u00e9rmico, entonces se evitar\u00e1 el fen\u00f3meno de condensaci\u00f3n de humedad dentro de la pared de la tuber\u00eda y la tuber\u00eda no se corroer\u00e1. (4) Para reducir el ruido y la vibraci\u00f3n transmitida a lo largo de las tuber\u00edas, se deben usar piezas adaptables herm\u00e9ticas suaves y resistentes de buena calidad en las piezas de la junta. (5) La v\u00e1lvula de aire debe instalarse en las tuber\u00edas de aire de procesamiento y aire de reactivaci\u00f3n si es necesario. \u00a0 <strong>CONTROL DIGITAL<\/strong> El equipo cuenta con humidostato y sensor, en el siguiente dibujo se muestra el del panel de control. Los pasos para la programaci\u00f3n de la humedad se describen a continuaci\u00f3n:<\/p>\n<p style=\"text-align: center;\"><strong>En la pantalla inicial presione \u25b2\u00a0o \u25bc por 3 segundos, en panel cambia a modo de programaci\u00f3n de humedad, cuando el cuadro PV muestre el s\u00edmbolo SP, el cuadro SV mostrara el valor de humedad actual, en este momento presione para ajustar la humedad. Posteriormente presione SET para guardar cambios.<\/strong><\/p>\n<p>\u00a0<\/p>\n<p style=\"text-align: center;\"><strong>DIMENSIONES:<\/strong><\/p>\n<p style=\"text-align: center;\"><img loading=\"lazy\" decoding=\"async\" class=\"alignnone size-full wp-image-30273\" src=\"https:\/\/h2otek.com\/tienda\/wp-content\/uploads\/2024\/02\/dimensiones-deshum-desecante-h2otek-DD_26L.jpg\" alt=\"\" width=\"700\" height=\"409\" srcset=\"https:\/\/h2otek.com\/tienda\/wp-content\/uploads\/2024\/02\/dimensiones-deshum-desecante-h2otek-DD_26L.jpg 700w, https:\/\/h2otek.com\/tienda\/wp-content\/uploads\/2024\/02\/dimensiones-deshum-desecante-h2otek-DD_26L-300x175.jpg 300w, https:\/\/h2otek.com\/tienda\/wp-content\/uploads\/2024\/02\/dimensiones-deshum-desecante-h2otek-DD_26L-103x60.jpg 103w, https:\/\/h2otek.com\/tienda\/wp-content\/uploads\/2024\/02\/dimensiones-deshum-desecante-h2otek-DD_26L-154x90.jpg 154w, https:\/\/h2otek.com\/tienda\/wp-content\/uploads\/2024\/02\/dimensiones-deshum-desecante-h2otek-DD_26L-600x351.jpg 600w\" sizes=\"(max-width: 700px) 100vw, 700px\" \/><\/p>\n<p>\u00a0 \u00a0<\/p>\n<p style=\"text-align: center;\"><strong>FOTOS:<\/strong> <em>(Pr\u00f3ximamente)<\/em><\/p>\n<p>\u00a0 \u00a0<\/p>\n<p style=\"text-align: center;\"><strong>VIDEOS:<\/strong><\/p>\n<p>https:\/\/youtu.be\/aHKreK4Le1s \u00a0 https:\/\/youtu.be\/WxZst_vZyk8 \u00a0 \u00a0<\/p>\n<p>\u00a0<\/p>\n<p><strong><strong><span style=\"color: #0000ff;\">DESCARGAR MANUALES:<\/span><\/strong><\/strong><\/p>\n<ul>\n<li><a href=\"https:\/\/www.h2otek.com\/tienda\/pdf\/desecantes\/MANUAL%20TECNICO%20DESHUMIDIFICADORES%20DESECANTES%20MODELO%20DDI.pdf\" target=\"_blank\" rel=\"noopener\"><strong><span style=\"color: #0000ff;\">MANUAL DEL USUARIO<\/span><\/strong><\/a><\/li>\n<li><strong><a href=\"https:\/\/h2otek.com\/tienda\/wp-content\/uploads\/2024\/10\/MANUAL-DESECANTE-MTTO.pdf\" target=\"_blank\" rel=\"noopener\">MANUAL DE MANTENIMIENTO<\/a><\/strong><\/li>\n<\/ul>\n<p>\u00a0<\/p>\n<p>\u00a0 <span style=\"color: #000000;\"><strong><strong>PRECIOS INCLUYE GASTOS DE ENVIO (GRATIS) E IMPUESTO 16% DE IVA<\/strong><\/strong><\/span><\/p>\n","protected":false},"excerpt":{"rendered":"<h1 style=\"text-align: left;\"><strong><span style=\"font-size: 16pt; color: #d0121a;\">PRECIO EN D\u00d3LARES US.<\/span><\/strong><\/h1>\n<h3>CAPACIDAD 0.26 LITROS\/HORA. EQUIPO A 220 VOLTS 60 Hz 1 FASE EN ACERO INOXIDABLE<\/h3>\n<p><strong>DESHUMIDIFICADORES DESECANTES IDEALES PARA LOS ESPACIOS EN:<\/strong><\/p>\n<ul>\n<li><strong>LABORATORIOS<\/strong><\/li>\n<li><strong>PROCESOS INDUSTRIALES<\/strong><\/li>\n<li><strong>CUARTOS DE PRUEBA<\/strong><\/li>\n<li><strong>ESTANCIA DE MATERIALES<\/strong><\/li>\n<li><strong>CAMARAS<\/strong><\/li>\n<li><strong>CUARTOS DE SECADO<\/strong><\/li>\n<li><strong>CUARTOS FRIOS<\/strong><\/li>\n<li><strong>ETC.<\/strong><\/li>\n<\/ul>\n<h3>PARA BAJOS PORCENTAJES DE HUMEDAD Y\/O BAJA TEMPERATURA<\/h3>\n<h3>CON SENSOR DIGITAL<\/h3>\n<h3>NO NECESITA NINGUN TIPO DE DESAG\u00dcE<\/h3>\n","protected":false},"featured_media":30266,"comment_status":"closed","ping_status":"closed","template":"","meta":[],"pwb-brand":[],"product_brand":[],"product_cat":[481],"product_tag":[],"class_list":{"0":"post-30265","1":"product","2":"type-product","3":"status-publish","4":"has-post-thumbnail","6":"product_cat-220-volts-1-fase-deshumidificadores-desecantes-en-acero-pintado","8":"first","9":"onbackorder","10":"purchasable","11":"product-type-simple"},"brands":[],"_links":{"self":[{"href":"https:\/\/h2otek.com\/tienda\/wp-json\/wp\/v2\/product\/30265","targetHints":{"allow":["GET"]}}],"collection":[{"href":"https:\/\/h2otek.com\/tienda\/wp-json\/wp\/v2\/product"}],"about":[{"href":"https:\/\/h2otek.com\/tienda\/wp-json\/wp\/v2\/types\/product"}],"replies":[{"embeddable":true,"href":"https:\/\/h2otek.com\/tienda\/wp-json\/wp\/v2\/comments?post=30265"}],"wp:featuredmedia":[{"embeddable":true,"href":"https:\/\/h2otek.com\/tienda\/wp-json\/wp\/v2\/media\/30266"}],"wp:attachment":[{"href":"https:\/\/h2otek.com\/tienda\/wp-json\/wp\/v2\/media?parent=30265"}],"wp:term":[{"taxonomy":"pwb-brand","embeddable":true,"href":"https:\/\/h2otek.com\/tienda\/wp-json\/wp\/v2\/pwb-brand?post=30265"},{"taxonomy":"product_brand","embeddable":true,"href":"https:\/\/h2otek.com\/tienda\/wp-json\/wp\/v2\/product_brand?post=30265"},{"taxonomy":"product_cat","embeddable":true,"href":"https:\/\/h2otek.com\/tienda\/wp-json\/wp\/v2\/product_cat?post=30265"},{"taxonomy":"product_tag","embeddable":true,"href":"https:\/\/h2otek.com\/tienda\/wp-json\/wp\/v2\/product_tag?post=30265"}],"curies":[{"name":"wp","href":"https:\/\/api.w.org\/{rel}","templated":true}]}}