{"id":30212,"date":"2024-01-27T00:19:45","date_gmt":"2024-01-27T00:19:45","guid":{"rendered":"https:\/\/h2otek.com\/tienda\/?post_type=product&#038;p=30212"},"modified":"2024-09-03T01:42:23","modified_gmt":"2024-09-03T01:42:23","slug":"nebulizacion-atomizador-enfriador-humidificador-de-niebla-movil-motor-1-4-hp-115v-60-hz-1-fase-coolaire-mist-mod-cool-101","status":"publish","type":"product","link":"https:\/\/h2otek.com\/tienda\/producto\/nebulizacion-atomizador-enfriador-humidificador-de-niebla-movil-motor-1-4-hp-115v-60-hz-1-fase-coolaire-mist-mod-cool-101\/","title":{"rendered":"NEBULIZACI\u00d3N-ATOMIZADOR-ENFRIADOR-HUMIDIFICADOR DE NIEBLA M\u00d3VIL MOTOR 1\/4 HP 115V 60 HZ 1 FASE COOLAIRE MIST MOD. COOL-101"},"content":{"rendered":"<p style=\"text-align: center;\" align=\"center\"><img fetchpriority=\"high\" decoding=\"async\" class=\"alignnone size-full wp-image-30220\" src=\"https:\/\/h2otek.com\/tienda\/wp-content\/uploads\/2024\/01\/header-coolairemist-cool-101.jpg\" alt=\"\" width=\"700\" height=\"300\" \/><\/p>\n<div style=\"text-align: justify;\">\n<p>&nbsp;<\/p>\n<h3>Enfriador de niebla m\u00f3vil avanzado. Niebla CoolAire<\/h3>\n<p>&#8211; Artesan\u00eda de calidad &#8211; <strong>CoolAire Mist\u2122<\/strong> de grado comercial es una alternativa simplificada de bajo costo para el enfriamiento por evaporaci\u00f3n en muchas aplicaciones comerciales\/industriales.<\/p>\n<p>Un enfriador de niebla compacto con eficiencia energ\u00e9tica superior y caracter\u00edsticas \u00fanicas.<\/p>\n<p>El ventilador atomizador produce miles de millones de peque\u00f1as part\u00edculas parecidas a niebla que se evaporan r\u00e1pidamente, produciendo flujos de aire fr\u00edo.<\/p>\n<ul>\n<li>Atomizaci\u00f3n sin boquilla<\/li>\n<li>Barrido de nebulizaci\u00f3n de f\u00e1cil ajuste<\/li>\n<li>Resistente a la corrosi\u00f3n<\/li>\n<li>Recicla aguas residuales<\/li>\n<li>Llega completamente ensamblado<\/li>\n<\/ul>\n<p>&nbsp;<\/p>\n<p><strong>CARACTER\u00cdSTICAS EST\u00c1NDAR:<\/strong><\/p>\n<ul>\n<li>37,000 Btu\/h de refrigeraci\u00f3n<\/li>\n<li>Atomizaci\u00f3n de hasta 5 GPH<\/li>\n<li>Capacidad del tanque de 65 galones<\/li>\n<li>4 oscilaci\u00f3n de barrido<\/li>\n<li>Apagado autom\u00e1tico y llenado autom\u00e1tico<\/li>\n<li>Aplicaciones interiores\/exteriores<\/li>\n<li>Llega completamente ensamblado<\/li>\n<\/ul>\n<p>&nbsp;<\/p>\n<\/div>\n<table style=\"width: 100%;\" border=\"0\">\n<tbody>\n<tr>\n<td style=\"text-align: center; width: 28.0443%;\"><img decoding=\"async\" class=\"alignnone size-full wp-image-30227\" src=\"https:\/\/h2otek.com\/tienda\/wp-content\/uploads\/2024\/01\/features-CoolAireMist-01.jpg\" alt=\"\" width=\"300\" height=\"195\" srcset=\"https:\/\/h2otek.com\/tienda\/wp-content\/uploads\/2024\/01\/features-CoolAireMist-01.jpg 300w, https:\/\/h2otek.com\/tienda\/wp-content\/uploads\/2024\/01\/features-CoolAireMist-01-92x60.jpg 92w, https:\/\/h2otek.com\/tienda\/wp-content\/uploads\/2024\/01\/features-CoolAireMist-01-138x90.jpg 138w\" sizes=\"(max-width: 300px) 100vw, 300px\" \/><\/td>\n<td style=\"width: 71.3653%;\">\n<h3>Panel de Control (2 modos)<\/h3>\n<p>Presenta dos modos operativos:<br \/>\n[ON] &#8211; para operaci\u00f3n manual o automatizada (cuando se combina con control adicional).<\/p>\n[Modo APAGADO] &#8211; apagar\u00e1 autom\u00e1ticamente la unidad cuando el tanque est\u00e9 vac\u00edo.<\/p>\n<p>\u2022 El control de flujo de 1\/4 de vuelta regula la salida de nebulizaci\u00f3n entre M\u00e1ximo y M\u00ednimo de los niveles preestablecidos<\/td>\n<\/tr>\n<\/tbody>\n<\/table>\n<h3><\/h3>\n<table style=\"width: 100%;\" border=\"0\">\n<tbody>\n<tr>\n<td style=\"text-align: center; width: 28.118%;\"><img decoding=\"async\" class=\"alignnone wp-image-30228\" src=\"https:\/\/h2otek.com\/tienda\/wp-content\/uploads\/2024\/01\/features-CoolAireMist-02.jpg\" alt=\"\" width=\"300\" height=\"195\" srcset=\"https:\/\/h2otek.com\/tienda\/wp-content\/uploads\/2024\/01\/features-CoolAireMist-02.jpg 300w, https:\/\/h2otek.com\/tienda\/wp-content\/uploads\/2024\/01\/features-CoolAireMist-02-92x60.jpg 92w, https:\/\/h2otek.com\/tienda\/wp-content\/uploads\/2024\/01\/features-CoolAireMist-02-138x90.jpg 138w\" sizes=\"(max-width: 300px) 100vw, 300px\" \/><\/td>\n<td style=\"width: 71.2916%;\">\n<h3>Oscilador ajustable (4 barridos)<\/h3>\n<p>Optimice el rendimiento de refrigeraci\u00f3n ajustando el \u00e1ngulo de barrido. Gana hasta un 50% m\u00e1s de tiempo en las \u00e1reas que deseas enfatizar y elimina el tiempo barriendo las \u00e1reas negativas.<\/p>\n<ul>\n<li>\u00c1ngulos de barrido 30\u00ba, 45\u00ba, 60\u00ba y 75\u00ba<\/li>\n<li>Met\u00f3dico: movimiento de barrido de 10 segundos<\/li>\n<li>Ajuste en 20 segundos, no se requieren herramientas<\/li>\n<\/ul>\n<\/td>\n<\/tr>\n<tr>\n<td style=\"text-align: center; width: 28.118%;\"><img loading=\"lazy\" decoding=\"async\" class=\"alignnone size-full wp-image-30229\" src=\"https:\/\/h2otek.com\/tienda\/wp-content\/uploads\/2024\/01\/features-CoolAireMist-03.jpg\" alt=\"\" width=\"300\" height=\"195\" srcset=\"https:\/\/h2otek.com\/tienda\/wp-content\/uploads\/2024\/01\/features-CoolAireMist-03.jpg 300w, https:\/\/h2otek.com\/tienda\/wp-content\/uploads\/2024\/01\/features-CoolAireMist-03-92x60.jpg 92w, https:\/\/h2otek.com\/tienda\/wp-content\/uploads\/2024\/01\/features-CoolAireMist-03-138x90.jpg 138w\" sizes=\"(max-width: 300px) 100vw, 300px\" \/><\/td>\n<td style=\"text-align: justify; width: 71.2916%;\">\n<h3>Llenado autom\u00e1tico<\/h3>\n<p>Con\u00e9ctelo a una manguera de jard\u00edn y llene el tanque sin supervisi\u00f3n. Una v\u00e1lvula de flotador interna detendr\u00e1 el flujo de agua y puede mantener el tanque lleno durante la operaci\u00f3n.<br \/>\nPara operaciones a largo plazo, una conexi\u00f3n de tuber\u00eda opcional reemplaza la manguera de jard\u00edn. Obtenci\u00f3n de una l\u00ednea de suministro de agua m\u00e1s duradera y manejable.<\/td>\n<\/tr>\n<tr>\n<td style=\"text-align: center; width: 28.118%;\"><img loading=\"lazy\" decoding=\"async\" class=\"alignnone size-full wp-image-30230\" src=\"https:\/\/h2otek.com\/tienda\/wp-content\/uploads\/2024\/01\/features-CoolAireMist-04.jpg\" alt=\"\" width=\"300\" height=\"195\" srcset=\"https:\/\/h2otek.com\/tienda\/wp-content\/uploads\/2024\/01\/features-CoolAireMist-04.jpg 300w, https:\/\/h2otek.com\/tienda\/wp-content\/uploads\/2024\/01\/features-CoolAireMist-04-92x60.jpg 92w, https:\/\/h2otek.com\/tienda\/wp-content\/uploads\/2024\/01\/features-CoolAireMist-04-138x90.jpg 138w\" sizes=\"(max-width: 300px) 100vw, 300px\" \/><\/td>\n<td style=\"text-align: justify; width: 71.2916%;\">\n<h3>Hoja de alimentaci\u00f3n trasera<\/h3>\n<p>Rendimiento exclusivo<\/p>\n<ul>\n<li>Atomizaci\u00f3n confiable y simple<\/li>\n<li>Motor de servicio lavable, grado industrial para uso cerca del agua<\/li>\n<\/ul>\n<\/td>\n<\/tr>\n<tr>\n<td style=\"text-align: center; width: 28.118%;\"><img loading=\"lazy\" decoding=\"async\" class=\"alignnone size-full wp-image-30231\" src=\"https:\/\/h2otek.com\/tienda\/wp-content\/uploads\/2024\/01\/features-CoolAireMist-05.jpg\" alt=\"\" width=\"300\" height=\"195\" srcset=\"https:\/\/h2otek.com\/tienda\/wp-content\/uploads\/2024\/01\/features-CoolAireMist-05.jpg 300w, https:\/\/h2otek.com\/tienda\/wp-content\/uploads\/2024\/01\/features-CoolAireMist-05-92x60.jpg 92w, https:\/\/h2otek.com\/tienda\/wp-content\/uploads\/2024\/01\/features-CoolAireMist-05-138x90.jpg 138w\" sizes=\"(max-width: 300px) 100vw, 300px\" \/><\/td>\n<td style=\"text-align: justify; width: 71.2916%;\">\n<h3>Ruedas de servicio pesado<\/h3>\n<p>Rendimiento superior<\/p>\n<ul>\n<li>Empuje f\u00e1cil y deslizamiento suave<\/li>\n<li>Acceso conveniente a los frenos de mano<\/li>\n<li>Frenos de doble acci\u00f3n: aseguran movimiento giratorio y rotaci\u00f3n de ruedas<\/li>\n<\/ul>\n<\/td>\n<\/tr>\n<tr>\n<td style=\"text-align: center; width: 28.118%;\"><img loading=\"lazy\" decoding=\"async\" class=\"alignnone size-full wp-image-30232\" src=\"https:\/\/h2otek.com\/tienda\/wp-content\/uploads\/2024\/01\/features-CoolAireMist-06.jpg\" alt=\"\" width=\"300\" height=\"195\" srcset=\"https:\/\/h2otek.com\/tienda\/wp-content\/uploads\/2024\/01\/features-CoolAireMist-06.jpg 300w, https:\/\/h2otek.com\/tienda\/wp-content\/uploads\/2024\/01\/features-CoolAireMist-06-92x60.jpg 92w, https:\/\/h2otek.com\/tienda\/wp-content\/uploads\/2024\/01\/features-CoolAireMist-06-138x90.jpg 138w\" sizes=\"(max-width: 300px) 100vw, 300px\" \/><\/td>\n<td style=\"text-align: justify; width: 71.2916%;\">\n<h3>Materiales de 5 estrellas<\/h3>\n<p>Rendimiento superior<\/p>\n<ul>\n<li>Fibra de carbono con tejido de sarga<\/li>\n<li>Acero inoxidable 304 (18-8)<\/li>\n<li>Interruptores indicadores de luz herm\u00e9ticos a la lluvia (IP 65)<\/li>\n<\/ul>\n<\/td>\n<\/tr>\n<\/tbody>\n<\/table>\n<h3><\/h3>\n<p>&nbsp;<\/p>\n<p>Las unidades m\u00f3viles Aquafog (CoolAire) est\u00e1n dise\u00f1adas para acondicionar grandes vol\u00famenes de aire utilizando agua u otros l\u00edquidos no peligrosos a temperaturas del aire entre 33\u00baF y 145\u00baF. Cualquier otro uso de esta unidad probablemente anular\u00eda la garant\u00eda y cualquier responsabilidad del fabricante.<\/p>\n<p>&nbsp;<\/p>\n<p style=\"text-align: center;\"><strong>TABLA DE ESPECIFICACIONES<\/strong><\/p>\n<p style=\"text-align: center;\"><img loading=\"lazy\" decoding=\"async\" class=\"alignnone size-full wp-image-30233\" src=\"https:\/\/h2otek.com\/tienda\/wp-content\/uploads\/2024\/01\/especificaciones-coolairemist-cool-101.jpg\" alt=\"\" width=\"565\" height=\"257\" srcset=\"https:\/\/h2otek.com\/tienda\/wp-content\/uploads\/2024\/01\/especificaciones-coolairemist-cool-101.jpg 565w, https:\/\/h2otek.com\/tienda\/wp-content\/uploads\/2024\/01\/especificaciones-coolairemist-cool-101-300x136.jpg 300w, https:\/\/h2otek.com\/tienda\/wp-content\/uploads\/2024\/01\/especificaciones-coolairemist-cool-101-132x60.jpg 132w, https:\/\/h2otek.com\/tienda\/wp-content\/uploads\/2024\/01\/especificaciones-coolairemist-cool-101-198x90.jpg 198w\" sizes=\"(max-width: 565px) 100vw, 565px\" \/><\/p>\n<p>&nbsp;<\/p>\n<p>&nbsp;<\/p>\n<div style=\"text-align: center;\">\n<p><strong>VIDEO:<\/strong><\/p>\n<p><iframe title=\"CoolAire Mist\" width=\"500\" height=\"281\" src=\"https:\/\/www.youtube.com\/embed\/4vR7FYu5FtA?feature=oembed\" frameborder=\"0\" allow=\"accelerometer; autoplay; clipboard-write; encrypted-media; gyroscope; picture-in-picture; web-share\" referrerpolicy=\"strict-origin-when-cross-origin\" allowfullscreen><\/iframe><\/p>\n<p style=\"text-align: center;\">\n<\/div>\n<p>&nbsp;<\/p>\n<p><strong>DESCARGAR MANUALES:<\/strong><\/p>\n<ul>\n<li><a href=\"https:\/\/h2otek.com\/tienda\/wp-content\/uploads\/2024\/01\/FOLLETO-CoolAire-Mist.pdf\" target=\"_blank\" rel=\"noopener\"><strong>FOLLETO<\/strong><\/a><\/li>\n<li><a href=\"https:\/\/h2otek.com\/tienda\/wp-content\/uploads\/2024\/01\/MANUAL-CoolAire-Mist.pdf\" target=\"_blank\" rel=\"noopener\"><strong>MANUAL DEL USUARIO<\/strong><\/a><\/li>\n<li><a href=\"https:\/\/h2otek.com\/tienda\/wp-content\/uploads\/2024\/01\/LISTA-DE-PARTES-CoolAire-Mist.pdf\" target=\"_blank\" rel=\"noopener\"><strong>LISTA DE PARTES<\/strong><\/a><\/li>\n<\/ul>\n<p>&nbsp;<\/p>\n<p><strong>PRECIO INCLUYE GASTOS DE ENVIO (GRATIS) E IMPUESTO\u00a016% DE IVA<\/strong><\/p>\n","protected":false},"excerpt":{"rendered":"<h1 style=\"text-align: left;\"><span style=\"font-size: small; color: #ff0000;\"><strong><span style=\"font-size: 16pt; color: #d0121a;\">PRECIO EN D\u00d3LARES US.<\/span><\/strong><\/span><\/h1>\n<p>NEBULIZACI\u00d3N-ATOMIZADOR-ENFRIADOR-HUMIDIFICADOR DE NIEBLA M\u00d3VIL 115V 60HZ 1 FASE<\/p>\n<p><strong><em>APLICACIONES M\u00c1S COMUNES:<\/em><\/strong><\/p>\n<ul>\n<li><span style=\"color: #ff0000;\"><em>INVERNADEROS<\/em><\/span><\/li>\n<li><span style=\"color: #ff0000;\"><em>PROCESOS INDUSTRIALES<\/em><\/span><\/li>\n<li><span style=\"color: #ff0000;\"><em>ALMACENES<\/em><\/span><\/li>\n<li><span style=\"color: #ff0000;\"><em>CAPTACI\u00d3N DE POLVO<\/em><\/span><\/li>\n<li><span style=\"color: #ff0000;\"><em>CUARTOS DE PRUEBA<\/em><\/span><\/li>\n<li><span style=\"color: #ff0000;\"><em>CUARTOS DE MADURACI\u00d3N<\/em><\/span><\/li>\n<li><span style=\"color: #ff0000;\"><em>C\u00c1MARAS<\/em><\/span><\/li>\n<li><span style=\"color: #ff0000;\"><em>CAMARAS FRIGOR\u00cdFICAS<\/em><\/span><\/li>\n<li><span style=\"color: #ff0000;\"><em>USO EN EXTERIORES<\/em><\/span><\/li>\n<li><span style=\"color: #ff0000;\"><em>USO PARA REFRESCAR EL AMBIENTE<\/em><\/span><\/li>\n<li><span style=\"color: #ff0000;\"><em>CUARTO LIMPIOS<\/em><\/span><\/li>\n<li><span style=\"color: #ff0000;\"><em>LABORATORIOS, ETC.<\/em><\/span><\/li>\n<\/ul>\n","protected":false},"featured_media":30213,"comment_status":"closed","ping_status":"closed","template":"","meta":[],"pwb-brand":[],"product_brand":[],"product_cat":[421],"product_tag":[],"class_list":{"0":"post-30212","1":"product","2":"type-product","3":"status-publish","4":"has-post-thumbnail","6":"product_cat-voltaje-domestico-humidificadores-nebulizadores","8":"first","9":"onbackorder","10":"purchasable","11":"product-type-simple"},"brands":[],"_links":{"self":[{"href":"https:\/\/h2otek.com\/tienda\/wp-json\/wp\/v2\/product\/30212","targetHints":{"allow":["GET"]}}],"collection":[{"href":"https:\/\/h2otek.com\/tienda\/wp-json\/wp\/v2\/product"}],"about":[{"href":"https:\/\/h2otek.com\/tienda\/wp-json\/wp\/v2\/types\/product"}],"replies":[{"embeddable":true,"href":"https:\/\/h2otek.com\/tienda\/wp-json\/wp\/v2\/comments?post=30212"}],"wp:featuredmedia":[{"embeddable":true,"href":"https:\/\/h2otek.com\/tienda\/wp-json\/wp\/v2\/media\/30213"}],"wp:attachment":[{"href":"https:\/\/h2otek.com\/tienda\/wp-json\/wp\/v2\/media?parent=30212"}],"wp:term":[{"taxonomy":"pwb-brand","embeddable":true,"href":"https:\/\/h2otek.com\/tienda\/wp-json\/wp\/v2\/pwb-brand?post=30212"},{"taxonomy":"product_brand","embeddable":true,"href":"https:\/\/h2otek.com\/tienda\/wp-json\/wp\/v2\/product_brand?post=30212"},{"taxonomy":"product_cat","embeddable":true,"href":"https:\/\/h2otek.com\/tienda\/wp-json\/wp\/v2\/product_cat?post=30212"},{"taxonomy":"product_tag","embeddable":true,"href":"https:\/\/h2otek.com\/tienda\/wp-json\/wp\/v2\/product_tag?post=30212"}],"curies":[{"name":"wp","href":"https:\/\/api.w.org\/{rel}","templated":true}]}}