{"id":29095,"date":"2023-04-04T01:19:32","date_gmt":"2023-04-04T01:19:32","guid":{"rendered":"https:\/\/h2otek.com\/tienda\/?post_type=product&#038;p=29095"},"modified":"2025-02-22T19:07:14","modified_gmt":"2025-02-22T19:07:14","slug":"calentador-de-agua-boiler-instantaneo-modulante-tiro-forzado-cap-16-litros-min-gas-lp-marca-calorex-mod-plenus-advance-16-3632730","status":"publish","type":"product","link":"https:\/\/h2otek.com\/tienda\/producto\/calentador-de-agua-boiler-instantaneo-modulante-tiro-forzado-cap-16-litros-min-gas-lp-marca-calorex-mod-plenus-advance-16-3632730\/","title":{"rendered":"CALENTADOR DE AGUA &#8211; BOILER INSTANT\u00c1NEO MODULANTE TIRO FORZADO CAP. 16 LITROS\/MIN GAS LP MARCA CALOREX MOD. PLENUS ADVANCE 16\/3632730"},"content":{"rendered":"<p align=\"center\"><img fetchpriority=\"high\" decoding=\"async\" class=\"alignnone size-full wp-image-29099\" src=\"https:\/\/h2otek.com\/tienda\/wp-content\/uploads\/2023\/04\/header-calorex-plenus-advanced-16-lp.jpg\" alt=\"\" width=\"700\" height=\"337\" srcset=\"https:\/\/h2otek.com\/tienda\/wp-content\/uploads\/2023\/04\/header-calorex-plenus-advanced-16-lp.jpg 700w, https:\/\/h2otek.com\/tienda\/wp-content\/uploads\/2023\/04\/header-calorex-plenus-advanced-16-lp-300x144.jpg 300w, https:\/\/h2otek.com\/tienda\/wp-content\/uploads\/2023\/04\/header-calorex-plenus-advanced-16-lp-600x289.jpg 600w\" sizes=\"(max-width: 700px) 100vw, 700px\" \/><\/p>\n<p align=\"center\"><span style=\"font-size: 14pt;\"><strong>Confort absoluto y m\u00e1ximo ahorro.<\/strong><\/span><\/p>\n<p align=\"center\"><strong><span style=\"font-size: 14pt;\">Siempre la temperatura ideal, precisa y sin variaciones, la m\u00e1xima seguridad y ahorrando hasta el 80% en gas.<\/span><\/strong><\/p>\n<p><strong><br \/>\nSu tecnolog\u00eda inteligente modula y garantiza los ba\u00f1os m\u00e1s confortables con temperatura constante, incluso en regaderas simult\u00e1neas. Cuenta con un dise\u00f1o Ultra Slim, ideal para hogares modernos.<\/strong><\/p>\n<p>&nbsp;<\/p>\n<table style=\"width: 100%;\" border=\"0\" cellspacing=\"4\" cellpadding=\"2\">\n<tbody>\n<tr>\n<td style=\"text-align: center; width: 12.9754%;\"><img decoding=\"async\" class=\"alignnone size-full wp-image-29086\" src=\"https:\/\/h2otek.com\/tienda\/wp-content\/uploads\/2023\/04\/icono-plenus-advance-01.jpg\" alt=\"\" width=\"60\" height=\"60\" \/><\/td>\n<td style=\"width: 83.8926%;\"><b>Gradus Technology, <\/b>ajuste inteligente de la temperatura, para mantenerla siempre estable.<\/td>\n<\/tr>\n<tr>\n<td style=\"text-align: center; width: 12.9754%;\"><img decoding=\"async\" class=\"alignnone wp-image-29087 size-full\" src=\"https:\/\/h2otek.com\/tienda\/wp-content\/uploads\/2023\/04\/icono-plenus-advance-02.jpg\" alt=\"\" width=\"60\" height=\"60\" \/><\/td>\n<td style=\"width: 83.8926%;\"><b>Display Soft Touch, <\/b>personaliza tu temperatura ideal y funciones especiales para m\u00e1ximo confort y ahorro.<\/td>\n<\/tr>\n<tr>\n<td style=\"text-align: center; width: 12.9754%;\"><img loading=\"lazy\" decoding=\"async\" class=\"alignnone wp-image-29088 size-full\" src=\"https:\/\/h2otek.com\/tienda\/wp-content\/uploads\/2023\/04\/icono-plenus-advance-03.jpg\" alt=\"\" width=\"60\" height=\"60\" \/><\/td>\n<td style=\"width: 83.8926%;\"><b>Modo Eco, <\/b>exclusivo sistema que aprovecha al m\u00e1ximo la energ\u00eda, ahorrando siempre m\u00e1s.<\/td>\n<\/tr>\n<tr>\n<td style=\"text-align: center; width: 12.9754%;\"><img loading=\"lazy\" decoding=\"async\" class=\"alignnone wp-image-29089 size-full\" src=\"https:\/\/h2otek.com\/tienda\/wp-content\/uploads\/2023\/04\/icono-plenus-advance-04.jpg\" alt=\"\" width=\"60\" height=\"60\" \/><\/td>\n<td style=\"width: 83.8926%;\"><b>Solar System, <\/b>aprovecha todo el benefificio de tu calentador solar, para maximizar el ahorro de gas.<\/td>\n<\/tr>\n<tr>\n<td style=\"text-align: center; width: 12.9754%;\"><img loading=\"lazy\" decoding=\"async\" class=\"alignnone wp-image-29090 size-full\" src=\"https:\/\/h2otek.com\/tienda\/wp-content\/uploads\/2023\/04\/icono-plenus-advance-05.jpg\" alt=\"\" width=\"60\" height=\"60\" \/><\/td>\n<td style=\"width: 83.8926%;\"><b>M\u00e1xima garant\u00eda*<\/b><b>\u00a0<\/b>y durabilidad.<\/td>\n<\/tr>\n<\/tbody>\n<\/table>\n<p>&nbsp;<\/p>\n<p><span style=\"font-size: 10pt;\">* En comparaci\u00f3n con un calentador de 10 a\u00f1os de uso, acumulaci\u00f3n de sales y eficiencia inferior al 75% y h\u00e1bitos de uso similares. * Consulte legales al reverso de este material.<\/span><\/p>\n<p><span style=\"font-size: 10pt;\">Disponible en Gas LP y Gas Natural. Requiere conexi\u00f3n a corriente de 127 V\/60 Hz. Las im\u00e1genes publicadas en este material son meramente ilustrativas y pueden diferir ligeramente del producto final.<\/span><\/p>\n<p>&nbsp;<\/p>\n<p>&nbsp;<\/p>\n<p style=\"text-align: center;\"><img loading=\"lazy\" decoding=\"async\" class=\"alignnone size-full wp-image-29078\" src=\"https:\/\/h2otek.com\/tienda\/wp-content\/uploads\/2023\/04\/confort-calorex-plenus-advance.jpg\" alt=\"\" width=\"800\" height=\"476\" srcset=\"https:\/\/h2otek.com\/tienda\/wp-content\/uploads\/2023\/04\/confort-calorex-plenus-advance.jpg 800w, https:\/\/h2otek.com\/tienda\/wp-content\/uploads\/2023\/04\/confort-calorex-plenus-advance-300x179.jpg 300w, https:\/\/h2otek.com\/tienda\/wp-content\/uploads\/2023\/04\/confort-calorex-plenus-advance-768x457.jpg 768w, https:\/\/h2otek.com\/tienda\/wp-content\/uploads\/2023\/04\/confort-calorex-plenus-advance-600x357.jpg 600w\" sizes=\"(max-width: 800px) 100vw, 800px\" \/><\/p>\n<p>&nbsp;<\/p>\n<p>&nbsp;<\/p>\n<p><strong>CARACTER\u00cdSTICAS GENERALES:<\/strong><\/p>\n<ul>\n<li><b>Gradus Technology <\/b>&#8211; Ajuste inteligente de la temperatura, para mantenerla siempre estable.<\/li>\n<li><strong>Modo Eco<\/strong> &#8211; Exclusivo sistema que aprovecha al m\u00e1ximo la energ\u00eda, ahorrando m\u00e1s que los dem\u00e1s.<\/li>\n<li><strong>Solar System<\/strong> &#8211; Realiza un autodiagn\u00f3stico y muestra c\u00f3digos de error en el display, para dar una soluci\u00f3n oportuna.<\/li>\n<li><strong>Gran capacidad y dise\u00f1o<\/strong> &#8211; Para un estilo moderno y a la vanguardia.<\/li>\n<\/ul>\n<p>&nbsp;<\/p>\n<p><strong>CON\u00d3CELO<\/strong><\/p>\n<ul>\n<li><strong>Display Soft Touch<\/strong> &#8211; Elige la temperatura, personaliza configuraciones especiales y activa la funci\u00f3n Solas system.<\/li>\n<li><strong>Safe Vent<\/strong> &#8211; Sistema de ventilaci\u00f3n que garantiza la salida total de los gases, brindando m\u00e1xima seguridad.<\/li>\n<li><strong>Smart Security<\/strong> &#8211; Sistema electr\u00f3nico que a trav\u00e9s de un autodiagn\u00f3stico detecta y evita fugas de gas y sobrecalentamiento de agua, que garantiza m\u00e1xima seguridad para ti y tu familia.<\/li>\n<li><strong>Conexi\u00f3n el\u00e9ctrica<\/strong> &#8211; Requiere conexi\u00f3n corriente de 127 V\/60Hz.<\/li>\n<\/ul>\n<p>&nbsp;<\/p>\n<p><strong>CARACTER\u00cdSTICAS FUNCIONALES:<\/strong><\/p>\n<ul>\n<li>Ajuste autom\u00e1tico de la temperatura del agua: regulador de avance proporcional, la temperatura del agua se puede mantener constante a la temperatura preestablecida (35\u00baC &#8211; 70\u00baC).*<\/li>\n<li>Encendido con baja presi\u00f3n de agua: la presi\u00f3n hidr\u00e1ulica m\u00ednima requerida para encendido es tan baja como 0,01 MPa.<\/li>\n<li>Protecci\u00f3n antiflama: el suministro de gas se corta autom\u00e1ticamente para asegurar que no haya fuga cuando, durante su uso, la flama del calentador se apaga.<\/li>\n<li>Cuando se corta el flujo de la entrada de agua fr\u00eda o la v\u00e1lvula de agua es cerrada, el calentador cortar\u00e1 el suministro de gas autom\u00e1ticamente y dejar\u00e1 de funcionar. Ser\u00e1 necesario restablecer el flujo de agua para que funcione con normalidad.<\/li>\n<li>Filtro de agua removible: para \u00e1reas donde la calidad del agua es pobre, el calentador cuenta con un filtro de agua f\u00e1cilmente removible para una limpieza oportuna.<\/li>\n<li>Dise\u00f1o compacto y funcional: pantalla digital y ajuste de la temperatura de salida de agua f\u00e1cil y pr\u00e1ctico de usar.<\/li>\n<li>La avanzada c\u00e1mara de combusti\u00f3n cerrada adopta el modo de combusti\u00f3n proporcional forzada que controla la combusti\u00f3n para un \u00f3ptimo estado, con alta eficiencia t\u00e9rmica, seguridad y ahorro de energ\u00eda.<\/li>\n<li>Protecci\u00f3n de sobre calentamiento: cuando la temperatura del agua es demasiado alta (mayor a 85\u00baC), el suministro de gas se cortar\u00e1 autom\u00e1ticamente para que el calentador deje de funcionar.<\/li>\n<li>Indicador de fuente de alimentaci\u00f3n, indicador del quemador, temperatura parpadeante mientras se modula, seguro de usar.<\/li>\n<li>Diagn\u00f3stico autom\u00e1tico: el equipo cuenta con varios dispositivos de seguridad, que mostrar\u00e1n un c\u00f3digo de error en la pantalla con alarma \u00f3ptico-ac\u00fastica si se encuentra alguna falla y el equipo se apaga autom\u00e1ticamente.<\/li>\n<li>Flujo de agua ultra-largo para proporcionar agua caliente en diversos puntos simult\u00e1neamente<\/li>\n<\/ul>\n<p>&nbsp;<\/p>\n<p>&nbsp;<\/p>\n<p style=\"text-align: center;\"><strong>TABLA DE ESPECIFICACIONES:<\/strong><\/p>\n<table style=\"height: 616px; width: 100%; border-collapse: collapse; border-style: solid; border-color: #000000;\" border=\"1\" cellspacing=\"4\" cellpadding=\"4\">\n<tbody>\n<tr style=\"border-color: #; background-color: #b00000; height: 48px;\">\n<td style=\"width: 50%; height: 48px;\"><span style=\"color: #ffffff;\"><strong>MODELO<\/strong><\/span><\/td>\n<td style=\"width: 50%; height: 48px;\"><span style=\"color: #ffffff;\"><strong>PLENUS ADVANCE 16<\/strong><\/span><\/td>\n<\/tr>\n<tr style=\"height: 24px;\">\n<td style=\"width: 50%; border-style: solid; border-color: #000000; height: 24px;\">Tipo<\/td>\n<td style=\"width: 50%; border-style: solid; border-color: #000000; height: 24px;\">Instant\u00e1neo modulante tiro forzado<\/td>\n<\/tr>\n<tr style=\"height: 48px;\">\n<td style=\"width: 50%; border-style: solid; border-color: #000000; height: 19px;\">Recomendaci\u00f3n por n\u00fam. de servicios*<\/td>\n<td style=\"width: 50%; border-style: solid; border-color: #000000; height: 19px;\">3<\/td>\n<\/tr>\n<tr style=\"height: 24px;\">\n<td style=\"width: 50%; border-style: solid; border-color: #000000; height: 24px;\">Capacidad a nivel del mar (L\/min)<\/td>\n<td style=\"width: 50%; border-style: solid; border-color: #000000; height: 24px;\">16<\/td>\n<\/tr>\n<tr>\n<td style=\"width: 50%; border-style: solid; border-color: #000000;\">Capacidad a 2200 msnm (L\/min)<\/td>\n<td style=\"width: 50%; border-style: solid; border-color: #000000;\">11,8<\/td>\n<\/tr>\n<tr style=\"height: 24px;\">\n<td style=\"width: 50%; border-style: solid; border-color: #000000; height: 24px;\">Altura total (cm)<\/td>\n<td style=\"width: 50%; border-style: solid; border-color: #000000; height: 24px;\">61,8<\/td>\n<\/tr>\n<tr style=\"height: 24px;\">\n<td style=\"width: 50%; border-style: solid; border-color: #000000; height: 24px;\">Frente (cm)<\/td>\n<td style=\"width: 50%; border-style: solid; border-color: #000000; height: 24px;\">35<\/td>\n<\/tr>\n<tr>\n<td style=\"width: 50%; border-style: solid; border-color: #000000;\">Fondo (cm)<\/td>\n<td style=\"width: 50%; border-style: solid; border-color: #000000;\">15<\/td>\n<\/tr>\n<tr style=\"height: 24px;\">\n<td style=\"width: 50%; border-style: solid; border-color: #000000; height: 10px;\">Peso del producto (kg)<\/td>\n<td style=\"width: 50%; border-style: solid; border-color: #000000; height: 10px;\">12,3<\/td>\n<\/tr>\n<tr style=\"height: 24px;\">\n<td style=\"width: 50%; border-style: solid; border-color: #000000; height: 24px;\">Carga t\u00e9rmica (kW)<\/td>\n<td style=\"width: 50%; border-style: solid; border-color: #000000; height: 24px;\">20,58<\/td>\n<\/tr>\n<tr style=\"height: 24px;\">\n<td style=\"width: 50%; border-style: solid; border-color: #000000; height: 24px;\">Compatible con sistemas solares<\/td>\n<td style=\"width: 50%; border-style: solid; border-color: #000000; height: 24px;\">S\u00ed<\/td>\n<\/tr>\n<tr style=\"height: 24px;\">\n<td style=\"width: 50%; border-style: solid; border-color: #000000; height: 24px;\">Incremento de temperatura (salida-entrada) \u00b0C<\/td>\n<td style=\"width: 50%; border-style: solid; border-color: #000000; height: 24px;\">25<\/td>\n<\/tr>\n<tr>\n<td style=\"width: 50%; border-style: solid; border-color: #000000;\">Flujo m\u00ednimo de encendido recomendado (L\/min)<\/td>\n<td style=\"width: 50%; border-style: solid; border-color: #000000;\">3<\/td>\n<\/tr>\n<tr style=\"height: 24px;\">\n<td style=\"width: 50%; border-style: solid; border-color: #000000; height: 24px;\">Presi\u00f3n hidr\u00e1ulica m\u00e1xima de trabajo MPa (kg\/cm2)**<\/td>\n<td style=\"width: 50%; border-style: solid; border-color: #000000; height: 24px;\">1,0 (10,0)<\/td>\n<\/tr>\n<tr style=\"height: 24px;\">\n<td style=\"width: 50%; border-style: solid; border-color: #000000; height: 24px;\">Presi\u00f3n hidrost\u00e1tica m\u00ednima requerida para la apertura<br \/>\nde control de suministro de gas MPa (kg\/cm2)<\/td>\n<td style=\"width: 50%; border-style: solid; border-color: #000000; height: 24px;\">0,01 (100)<\/td>\n<\/tr>\n<tr>\n<td style=\"width: 50%; border-style: solid; border-color: #000000;\">Eficiencia promedio (nueva NOM-003-2021)<\/td>\n<td style=\"width: 50%; border-style: solid; border-color: #000000;\">Gas LP 92% \u2022 Gas NAT 88%<\/td>\n<\/tr>\n<tr style=\"height: 24px;\">\n<td style=\"width: 50%; border-style: solid; border-color: #000000; height: 24px;\">Tipo de gas<\/td>\n<td style=\"width: 50%; border-style: solid; border-color: #000000; height: 24px;\">LP<\/td>\n<\/tr>\n<tr style=\"height: 80px;\">\n<td style=\"width: 50%; border-style: solid; border-color: #000000; height: 27px;\">Presi\u00f3n de gas requerida<\/td>\n<td style=\"width: 50%; border-style: solid; border-color: #000000; height: 27px;\">Gas LP 2,74 kPa (27,94 gf\/cm2)(11&#8243; W.C.)<br \/>\nGas Natural 1,76 kPa (17,95 gf\/cm2)(7&#8243; W.C.)<\/td>\n<\/tr>\n<tr style=\"height: 20px;\">\n<td style=\"width: 50%; border-style: solid; border-color: #000000; height: 23px;\">Emisi\u00f3n de mon\u00f3xido (ppm)<\/td>\n<td style=\"width: 50%; border-style: solid; border-color: #000000; height: 23px;\">&lt;180<\/td>\n<\/tr>\n<tr style=\"height: 20px;\">\n<td style=\"width: 50%; border-style: solid; border-color: #000000; height: 10px;\">Recubrimiento exterior<\/td>\n<td style=\"width: 50%; border-style: solid; border-color: #000000; height: 10px;\">Pintura horneada<\/td>\n<\/tr>\n<tr style=\"height: 20px;\">\n<td style=\"width: 50%; border-style: solid; border-color: #000000; height: 22px;\">Tipo de encendido<\/td>\n<td style=\"width: 50%; border-style: solid; border-color: #000000; height: 22px;\">Autom\u00e1tico por demanda de agua<\/td>\n<\/tr>\n<tr style=\"height: 20px;\">\n<td style=\"width: 50%; border-style: solid; border-color: #000000; height: 25px;\">Tipo de control de temperatura<\/td>\n<td style=\"width: 50%; border-style: solid; border-color: #000000; height: 25px;\">Display digital<\/td>\n<\/tr>\n<tr style=\"height: 20px;\">\n<td style=\"width: 50%; border-style: solid; border-color: #000000; height: 26px;\">V\u00e1lvula de alivio (PSI)<\/td>\n<td style=\"width: 50%; border-style: solid; border-color: #000000; height: 26px;\">No incluida<\/td>\n<\/tr>\n<tr style=\"height: 20px;\">\n<td style=\"width: 50%; border-style: solid; border-color: #000000; height: 29px;\">Conexi\u00f3n de entrada y salida de agua (mm) in<\/td>\n<td style=\"width: 50%; border-style: solid; border-color: #000000; height: 29px;\">13 (1\/2&#8243;)<\/td>\n<\/tr>\n<tr>\n<td style=\"width: 50%; border-style: solid; border-color: #000000;\">Conexi\u00f3n de gas (mm) in<\/td>\n<td style=\"width: 50%; border-style: solid; border-color: #000000;\">13 (1\/2&#8243;)<\/td>\n<\/tr>\n<tr>\n<td style=\"width: 50%; border-style: solid; border-color: #000000;\">Di\u00e1metro de tubo para evacuaci\u00f3n de gases (mm)<\/td>\n<td style=\"width: 50%; border-style: solid; border-color: #000000;\">60<\/td>\n<\/tr>\n<tr>\n<td style=\"width: 50%; border-style: solid; border-color: #000000;\">Longitud m\u00ednima de tubo para evacuaci\u00f3n de gases (mm)***<\/td>\n<td style=\"width: 50%; border-style: solid; border-color: #000000;\">500<\/td>\n<\/tr>\n<tr>\n<td style=\"width: 50%; border-style: solid; border-color: #000000;\">Ducto para evacuaci\u00f3n de gases<\/td>\n<td style=\"width: 50%; border-style: solid; border-color: #000000;\">Incluido<\/td>\n<\/tr>\n<tr>\n<td style=\"width: 50%; border-style: solid; border-color: #000000;\">Voltaje de alimentaci\u00f3n (VCA)<\/td>\n<td style=\"width: 50%; border-style: solid; border-color: #000000;\">127<\/td>\n<\/tr>\n<tr>\n<td style=\"width: 50%; border-style: solid; border-color: #000000;\">Consumo (W)<\/td>\n<td style=\"width: 50%; border-style: solid; border-color: #000000;\">41<\/td>\n<\/tr>\n<tr style=\"height: 20px;\">\n<td style=\"width: 50%; border-style: solid; border-color: #000000; height: 20px;\">Garant\u00eda \u2605<\/td>\n<td style=\"width: 50%; border-style: solid; border-color: #000000; height: 20px;\">4 a\u00f1os<\/td>\n<\/tr>\n<\/tbody>\n<\/table>\n<p style=\"text-align: left;\" align=\"center\"><span style=\"font-size: 10pt;\">* 1 servicio equivale a una regadera de 4 L\/min; \u00bd servicio equivale a un lavabo de 3 L\/min. Una tina equivale a 150 L. Se recomienda instalar el calentador lo m\u00e1s cerca de la regadera. Las medidas son nominales.<\/span><br \/>\n<span style=\"font-size: 10pt;\">** Presi\u00f3n m\u00ednima 2 m (200 g\/cm\u00b2) ca\u00edda vertical. Presi\u00f3n \u00f3ptima 3 m (300 g\/cm\u00b2). Rango recomendado 300 g\/cm\u00b2 a 2,5 kg\/cm\u00b2. Para el modelo PLENUS ADVANCE 28, el rango recomendado es de 1 kg\/cm\u00b2 a 2,5 kg\/cm\u00b2.<\/span><br \/>\n<span style=\"font-size: 10pt;\">*** Solo para los modelos 14, 16 y 24.<\/span><br \/>\n<span style=\"font-size: 10pt;\">\u2605 La garant\u00eda de 4 a\u00f1os aplicar\u00e1 siempre y cuando el producto se haya registrado debidamente llamando al: 800 225 67 39 dentro de los 90 d\u00edas posteriores a la compra, de lo contrario, la garant\u00eda ser\u00e1 de 3 a\u00f1os. La garant\u00eda no es acumulable con otras promociones de garant\u00eda extendida. La garant\u00eda es v\u00e1lida solo dentro de la Rep\u00fablica Mexicana. La garant\u00eda del producto en otros pa\u00edses ser\u00e1 de 1 a\u00f1o. <\/span><\/p>\n<p>&nbsp;<\/p>\n<p>&nbsp;<\/p>\n<p>&nbsp;<\/p>\n<p align=\"center\"><a href=\"https:\/\/h2otek.com\/tienda\/wp-content\/uploads\/2023\/04\/vista-exterior-calorex-plenus-advanced-14-16.jpg\"><img loading=\"lazy\" decoding=\"async\" class=\"alignnone wp-image-29093\" src=\"https:\/\/h2otek.com\/tienda\/wp-content\/uploads\/2023\/04\/vista-exterior-calorex-plenus-advanced-14-16.jpg\" alt=\"\" width=\"800\" height=\"531\" srcset=\"https:\/\/h2otek.com\/tienda\/wp-content\/uploads\/2023\/04\/vista-exterior-calorex-plenus-advanced-14-16.jpg 1300w, https:\/\/h2otek.com\/tienda\/wp-content\/uploads\/2023\/04\/vista-exterior-calorex-plenus-advanced-14-16-300x199.jpg 300w, https:\/\/h2otek.com\/tienda\/wp-content\/uploads\/2023\/04\/vista-exterior-calorex-plenus-advanced-14-16-1024x680.jpg 1024w, https:\/\/h2otek.com\/tienda\/wp-content\/uploads\/2023\/04\/vista-exterior-calorex-plenus-advanced-14-16-768x510.jpg 768w, https:\/\/h2otek.com\/tienda\/wp-content\/uploads\/2023\/04\/vista-exterior-calorex-plenus-advanced-14-16-600x398.jpg 600w\" sizes=\"(max-width: 800px) 100vw, 800px\" \/><\/a><\/p>\n<p align=\"center\"><strong>DIAGRAMA ESTRUCTURAL INTERNO &#8211; PLENUS ADVANCE 14\/16<\/strong><\/p>\n<p style=\"text-align: center;\"><a href=\"https:\/\/h2otek.com\/tienda\/wp-content\/uploads\/2023\/04\/diagrama-interno-calorex-plenus-advanced-14-16.jpg\"><img loading=\"lazy\" decoding=\"async\" class=\"alignnone wp-image-29091\" src=\"https:\/\/h2otek.com\/tienda\/wp-content\/uploads\/2023\/04\/diagrama-interno-calorex-plenus-advanced-14-16.jpg\" alt=\"\" width=\"800\" height=\"559\" srcset=\"https:\/\/h2otek.com\/tienda\/wp-content\/uploads\/2023\/04\/diagrama-interno-calorex-plenus-advanced-14-16.jpg 1393w, https:\/\/h2otek.com\/tienda\/wp-content\/uploads\/2023\/04\/diagrama-interno-calorex-plenus-advanced-14-16-300x210.jpg 300w, https:\/\/h2otek.com\/tienda\/wp-content\/uploads\/2023\/04\/diagrama-interno-calorex-plenus-advanced-14-16-1024x715.jpg 1024w, https:\/\/h2otek.com\/tienda\/wp-content\/uploads\/2023\/04\/diagrama-interno-calorex-plenus-advanced-14-16-768x536.jpg 768w, https:\/\/h2otek.com\/tienda\/wp-content\/uploads\/2023\/04\/diagrama-interno-calorex-plenus-advanced-14-16-600x419.jpg 600w\" sizes=\"(max-width: 800px) 100vw, 800px\" \/><\/a><\/p>\n<p>&nbsp;<\/p>\n<p>&nbsp;<\/p>\n<p style=\"text-align: center;\"><strong>VENTAJAS<\/strong><\/p>\n<p style=\"text-align: center;\"><img loading=\"lazy\" decoding=\"async\" class=\"alignnone size-full wp-image-29092\" src=\"https:\/\/h2otek.com\/tienda\/wp-content\/uploads\/2023\/04\/ventajas-calorex-plenus-advanced.jpg\" alt=\"\" width=\"800\" height=\"949\" srcset=\"https:\/\/h2otek.com\/tienda\/wp-content\/uploads\/2023\/04\/ventajas-calorex-plenus-advanced.jpg 800w, https:\/\/h2otek.com\/tienda\/wp-content\/uploads\/2023\/04\/ventajas-calorex-plenus-advanced-253x300.jpg 253w, https:\/\/h2otek.com\/tienda\/wp-content\/uploads\/2023\/04\/ventajas-calorex-plenus-advanced-768x911.jpg 768w, https:\/\/h2otek.com\/tienda\/wp-content\/uploads\/2023\/04\/ventajas-calorex-plenus-advanced-600x712.jpg 600w\" sizes=\"(max-width: 800px) 100vw, 800px\" \/><\/p>\n<p>&nbsp;<\/p>\n<p>&nbsp;<\/p>\n<p>&nbsp;<\/p>\n<p style=\"text-align: center;\"><strong>DIMENSIONES<\/strong><\/p>\n<p style=\"text-align: center;\"><img loading=\"lazy\" decoding=\"async\" class=\"alignnone wp-image-29103 size-full\" src=\"https:\/\/h2otek.com\/tienda\/wp-content\/uploads\/2023\/04\/dimensiones-plenus-advance-16.jpg\" alt=\"\" width=\"800\" height=\"396\" srcset=\"https:\/\/h2otek.com\/tienda\/wp-content\/uploads\/2023\/04\/dimensiones-plenus-advance-16.jpg 800w, https:\/\/h2otek.com\/tienda\/wp-content\/uploads\/2023\/04\/dimensiones-plenus-advance-16-300x149.jpg 300w, https:\/\/h2otek.com\/tienda\/wp-content\/uploads\/2023\/04\/dimensiones-plenus-advance-16-768x380.jpg 768w, https:\/\/h2otek.com\/tienda\/wp-content\/uploads\/2023\/04\/dimensiones-plenus-advance-16-600x297.jpg 600w\" sizes=\"(max-width: 800px) 100vw, 800px\" \/><\/p>\n<p>&nbsp;<\/p>\n<p>&nbsp;<\/p>\n<p>&nbsp;<\/p>\n<p style=\"text-align: center;\"><strong>VIDEO<\/strong><\/p>\n<p><iframe title=\"Calorex PLENUS ADVANCE, confort y ahorro absoluto, nivel PLENUS.\" width=\"500\" height=\"281\" src=\"https:\/\/www.youtube.com\/embed\/-o1TNJf5eh0?feature=oembed\" frameborder=\"0\" allow=\"accelerometer; autoplay; clipboard-write; encrypted-media; gyroscope; picture-in-picture; web-share\" referrerpolicy=\"strict-origin-when-cross-origin\" allowfullscreen><\/iframe><\/p>\n<h3 class=\"title_video_container\" style=\"text-align: center;\">Calorex PLENUS ADVANCE, confort y ahorro absoluto, nivel PLENUS<\/h3>\n<p style=\"text-align: center;\">Disfrutar\u00e1s siempre de la temperatura ideal, precisa y sin variaciones, con m\u00e1xima seguridad y ahorrando hasta 80% en gas.<\/p>\n<p>&nbsp;<\/p>\n<p>&nbsp;<\/p>\n<p><span style=\"color: #4a4a4a;\"><strong>DESCARGAR MANUALES:<\/strong><\/span><\/p>\n<ul>\n<li><a href=\"https:\/\/h2otek.com\/tienda\/wp-content\/uploads\/2023\/04\/FICHA-TECNICA-PLENUS-ADVANCE-CALOREX.pdf\" target=\"_blank\" rel=\"noopener\"><strong>FICHA T\u00c9CNICA<\/strong><\/a><\/li>\n<li><a href=\"https:\/\/h2otek.com\/tienda\/wp-content\/uploads\/2023\/04\/MANUAL-PLENUS-ADVANCE-CALOREX.pdf\" target=\"_blank\" rel=\"noopener\"><strong>MANUAL DEL USUARIO<\/strong><\/a><\/li>\n<\/ul>\n","protected":false},"excerpt":{"rendered":"<p><span style=\"color: #ff0000; font-size: 12pt;\"><strong>PRECIO\u00a0EN PESOS MEXICANOS.<br \/>\nPRECIO INCLUYE 16 % DE I.V.A.<br \/>\nPRECIO INCLUYE ENVIO (ZONA CENTRO).<\/strong><\/span><\/p>\n<h3 style=\"text-align: left;\"><span style=\"color: #ac0000;\"><br \/>\nServicios Simult\u00e1neos:<br \/>\n3 SERVICIOS<\/span><\/h3>\n<h5 style=\"text-align: left;\"><span style=\"color: #ac0000;\"><img loading=\"lazy\" decoding=\"async\" src=\"https:\/\/h2otek.com\/tienda\/img\/cms\/aguacaliente\/calorex\/depaso\/icS-regaderaCX.png\" alt=\"\" width=\"52\" height=\"50\" \/><span style=\"color: #000000;\">\u00a0 1 Servicio = 1 regadera de\u00a04 L\/min<\/span><\/span><\/h5>\n<h5><span style=\"color: #ac0000;\"><span style=\"color: #000000;\"><img loading=\"lazy\" decoding=\"async\" src=\"https:\/\/h2otek.com\/tienda\/img\/cms\/aguacaliente\/calorex\/depaso\/icS-lavamanosCX.png\" alt=\"\" width=\"52\" height=\"50\" \/>\u00a0 \u00bd Servicio = 1 lavabo de 3 L\/min<\/span><\/span><\/h5>\n<p>&nbsp;<\/p>\n<h1 style=\"text-align: left;\"><em><strong><span style=\"font-size: small;\">APLICACIONES M\u00c1S\u00a0 COMUNES:<\/span><\/strong><\/em><\/h1>\n<ul>\n<li style=\"text-align: left;\"><strong><em><span style=\"font-size: small;\">CASAS<\/span><\/em><\/strong><\/li>\n<li style=\"text-align: left;\"><strong><em><span style=\"font-size: small;\">RESIDENCIAS<\/span><\/em><\/strong><\/li>\n<li style=\"text-align: left;\"><strong><em><span style=\"font-size: small;\">DEPARTAMENTOS<\/span><\/em><\/strong><\/li>\n<li style=\"text-align: left;\"><strong><em><span style=\"font-size: small;\">CONDOMINIOS, ETC.<\/span><\/em><\/strong><\/li>\n<\/ul>\n","protected":false},"featured_media":29076,"comment_status":"closed","ping_status":"closed","template":"","meta":[],"pwb-brand":[],"product_brand":[],"product_cat":[376,828],"product_tag":[],"class_list":{"0":"post-29095","1":"product","2":"type-product","3":"status-publish","4":"has-post-thumbnail","6":"product_cat-en-gas-lp-butano-de-paso-boilers-calentadores-de-agua","7":"product_cat-tiro-forzado-salida-de-gases-de-combustion-boilers-calentadores-de-agua-a","9":"first","10":"onbackorder","11":"purchasable","12":"product-type-simple"},"brands":[],"_links":{"self":[{"href":"https:\/\/h2otek.com\/tienda\/wp-json\/wp\/v2\/product\/29095","targetHints":{"allow":["GET"]}}],"collection":[{"href":"https:\/\/h2otek.com\/tienda\/wp-json\/wp\/v2\/product"}],"about":[{"href":"https:\/\/h2otek.com\/tienda\/wp-json\/wp\/v2\/types\/product"}],"replies":[{"embeddable":true,"href":"https:\/\/h2otek.com\/tienda\/wp-json\/wp\/v2\/comments?post=29095"}],"wp:featuredmedia":[{"embeddable":true,"href":"https:\/\/h2otek.com\/tienda\/wp-json\/wp\/v2\/media\/29076"}],"wp:attachment":[{"href":"https:\/\/h2otek.com\/tienda\/wp-json\/wp\/v2\/media?parent=29095"}],"wp:term":[{"taxonomy":"pwb-brand","embeddable":true,"href":"https:\/\/h2otek.com\/tienda\/wp-json\/wp\/v2\/pwb-brand?post=29095"},{"taxonomy":"product_brand","embeddable":true,"href":"https:\/\/h2otek.com\/tienda\/wp-json\/wp\/v2\/product_brand?post=29095"},{"taxonomy":"product_cat","embeddable":true,"href":"https:\/\/h2otek.com\/tienda\/wp-json\/wp\/v2\/product_cat?post=29095"},{"taxonomy":"product_tag","embeddable":true,"href":"https:\/\/h2otek.com\/tienda\/wp-json\/wp\/v2\/product_tag?post=29095"}],"curies":[{"name":"wp","href":"https:\/\/api.w.org\/{rel}","templated":true}]}}