{"id":29008,"date":"2023-04-01T09:15:58","date_gmt":"2023-04-01T09:15:58","guid":{"rendered":"https:\/\/h2otek.com\/tienda\/?post_type=product&#038;p=29008"},"modified":"2025-02-22T19:07:16","modified_gmt":"2025-02-22T19:07:16","slug":"calentador-de-agua-boiler-deposito-sin-piloto-wi-fi-a-gas-cap-72-litros-gas-natural-2-servicios-marca-calorex-mod-maximus-advance-wi-fi-g-20","status":"publish","type":"product","link":"https:\/\/h2otek.com\/tienda\/producto\/calentador-de-agua-boiler-deposito-sin-piloto-wi-fi-a-gas-cap-72-litros-gas-natural-2-servicios-marca-calorex-mod-maximus-advance-wi-fi-g-20\/","title":{"rendered":"CALENTADOR DE AGUA &#8211; BOILER DEP\u00d3SITO SIN PILOTO WI-FI A GAS CAP. 72 LITROS GAS NATURAL, 2 SERVICIOS MARCA CALOREX MOD. MAXIMUS ADVANCE WI-FI G-20\/3270046"},"content":{"rendered":"<p align=\"center\"><img fetchpriority=\"high\" decoding=\"async\" class=\"alignnone wp-image-28996 size-full\" src=\"https:\/\/h2otek.com\/tienda\/wp-content\/uploads\/2023\/04\/header-maximus-advanced-wifi-G-20-NAT.jpg\" alt=\"\" width=\"700\" height=\"337\" srcset=\"https:\/\/h2otek.com\/tienda\/wp-content\/uploads\/2023\/04\/header-maximus-advanced-wifi-G-20-NAT.jpg 700w, https:\/\/h2otek.com\/tienda\/wp-content\/uploads\/2023\/04\/header-maximus-advanced-wifi-G-20-NAT-300x144.jpg 300w, https:\/\/h2otek.com\/tienda\/wp-content\/uploads\/2023\/04\/header-maximus-advanced-wifi-G-20-NAT-600x289.jpg 600w\" sizes=\"(max-width: 700px) 100vw, 700px\" \/><\/p>\n<p align=\"center\"><span style=\"font-size: 14pt;\"><strong>Tecnolog\u00eda interactiva para disfrutar de m\u00e1ximo confort y ahorro.<\/strong><\/span><\/p>\n<p align=\"center\"><span style=\"font-size: 14pt;\"><strong>\u00danico que programas desde tu celular para disfrutar f\u00e1cilmente de m\u00e1s agua caliente, con m\u00e1ximo ahorro.<\/strong><\/span><\/p>\n<p class=\"detail_header_info_list\" style=\"text-align: center;\"><span style=\"font-size: 14pt;\"><strong>\u00a1Atr\u00e9vete! y disfruta de una experiencia de m\u00e1ximo confort y ahorro completamente nueva.<\/strong><\/span><\/p>\n<p><strong><br \/>\n\u00danico que programas desde tu celular para disfrutar f\u00e1cilmente de m\u00e1s agua caliente, con m\u00e1ximo ahorro.<\/strong><\/p>\n<p>&nbsp;<\/p>\n<table style=\"width: 100%;\" border=\"0\" cellspacing=\"4\" cellpadding=\"2\">\n<tbody>\n<tr>\n<td style=\"text-align: center;\"><img decoding=\"async\" class=\"alignnone size-full wp-image-28981\" src=\"https:\/\/h2otek.com\/tienda\/wp-content\/uploads\/2023\/03\/icono-maximus-advanced-wifi-01.jpg\" alt=\"\" width=\"60\" height=\"60\" \/><\/td>\n<td><strong>Hasta 14% m\u00e1s agua caliente*<\/strong> para mayor confort, por su tecnolog\u00eda XTRA WATER.<\/td>\n<\/tr>\n<tr>\n<td style=\"text-align: center;\"><img decoding=\"async\" class=\"alignnone size-full wp-image-28982\" src=\"https:\/\/h2otek.com\/tienda\/wp-content\/uploads\/2023\/03\/icono-maximus-advanced-wifi-02.jpg\" alt=\"\" width=\"60\" height=\"60\" \/><\/td>\n<td><strong>Alta durabilidad<\/strong>, protecci\u00f3n al tanque con su exclusivo porcelanizado Dura Glas.<\/td>\n<\/tr>\n<tr>\n<td style=\"text-align: center;\"><img loading=\"lazy\" decoding=\"async\" class=\"alignnone wp-image-28983 size-full\" src=\"https:\/\/h2otek.com\/tienda\/wp-content\/uploads\/2023\/03\/icono-maximus-advanced-wifi-03.jpg\" alt=\"\" width=\"60\" height=\"60\" \/><\/td>\n<td><strong>Progr\u00e1malo desde tu celular<\/strong> y encender\u00e1 solo cuando t\u00fa decidas, para darte el m\u00e1ximo ahorro en gas.<\/td>\n<\/tr>\n<tr>\n<td style=\"text-align: center;\"><img loading=\"lazy\" decoding=\"async\" class=\"alignnone wp-image-28984 size-full\" src=\"https:\/\/h2otek.com\/tienda\/wp-content\/uploads\/2023\/03\/icono-maximus-advanced-wifi-04.jpg\" alt=\"\" width=\"60\" height=\"60\" \/><\/td>\n<td><strong>\u00a1Alexa lo enciende por ti!<\/strong>, m\u00e1s f\u00e1cil, r\u00e1pido y seguro.<\/td>\n<\/tr>\n<tr>\n<td style=\"text-align: center;\"><img loading=\"lazy\" decoding=\"async\" class=\"alignnone wp-image-28985 size-full\" src=\"https:\/\/h2otek.com\/tienda\/wp-content\/uploads\/2023\/03\/icono-maximus-advanced-wifi-05.jpg\" alt=\"\" width=\"60\" height=\"60\" \/><\/td>\n<td><strong>Shower Ready<\/strong>, te avisa cuando el agua est\u00e1 lista para tomar una ducha.<\/td>\n<\/tr>\n<tr>\n<td style=\"text-align: center;\"><img loading=\"lazy\" decoding=\"async\" class=\"alignnone wp-image-28986 size-full\" src=\"https:\/\/h2otek.com\/tienda\/wp-content\/uploads\/2023\/03\/icono-maximus-advanced-wifi-06.jpg\" alt=\"\" width=\"60\" height=\"60\" \/><\/td>\n<td><strong>Evita usar pilas, <\/strong>pr\u00e1ctica conexi\u00f3n USB para corriente el\u00e9ctrica.**<\/td>\n<\/tr>\n<tr>\n<td style=\"text-align: center;\"><img loading=\"lazy\" decoding=\"async\" class=\"alignnone wp-image-28987 size-full\" src=\"https:\/\/h2otek.com\/tienda\/wp-content\/uploads\/2023\/03\/icono-maximus-advanced-wifi-07.jpg\" alt=\"\" width=\"60\" height=\"60\" \/><\/td>\n<td><strong>Mayor ahorro en gas<\/strong>, por su tecnolog\u00eda sin piloto.<strong><br \/>\n<\/strong><\/td>\n<\/tr>\n<tr>\n<td style=\"text-align: center;\"><img loading=\"lazy\" decoding=\"async\" class=\"alignnone wp-image-28988 size-full\" src=\"https:\/\/h2otek.com\/tienda\/wp-content\/uploads\/2023\/03\/icono-maximus-advanced-wifi-08.jpg\" alt=\"\" width=\"102\" height=\"60\" srcset=\"https:\/\/h2otek.com\/tienda\/wp-content\/uploads\/2023\/03\/icono-maximus-advanced-wifi-08.jpg 102w, https:\/\/h2otek.com\/tienda\/wp-content\/uploads\/2023\/03\/icono-maximus-advanced-wifi-08-100x60.jpg 100w\" sizes=\"(max-width: 102px) 100vw, 102px\" \/><\/td>\n<td><strong>La garant\u00eda m\u00e1s amplia.***<br \/>\n<\/strong><\/td>\n<\/tr>\n<\/tbody>\n<\/table>\n<p>&nbsp;<\/p>\n<p><span style=\"font-size: 10pt;\">* Dependiendo el modelo y los h\u00e1bitos de uso. ** Utiliza un eliminador de corriente de 127 V (incluido) o 2 pilas tipo \u201cD\u201d (no incluidas). *** Consulte legales al reverso de este material.<\/span><\/p>\n<p>&nbsp;<\/p>\n<p style=\"text-align: center;\"><img loading=\"lazy\" decoding=\"async\" class=\"alignnone size-full wp-image-28970\" src=\"https:\/\/h2otek.com\/tienda\/wp-content\/uploads\/2023\/03\/MAXIMUS-ADVANCE-WIFI-app.jpg\" alt=\"\" width=\"800\" height=\"568\" srcset=\"https:\/\/h2otek.com\/tienda\/wp-content\/uploads\/2023\/03\/MAXIMUS-ADVANCE-WIFI-app.jpg 800w, https:\/\/h2otek.com\/tienda\/wp-content\/uploads\/2023\/03\/MAXIMUS-ADVANCE-WIFI-app-300x213.jpg 300w, https:\/\/h2otek.com\/tienda\/wp-content\/uploads\/2023\/03\/MAXIMUS-ADVANCE-WIFI-app-768x545.jpg 768w, https:\/\/h2otek.com\/tienda\/wp-content\/uploads\/2023\/03\/MAXIMUS-ADVANCE-WIFI-app-600x426.jpg 600w\" sizes=\"(max-width: 800px) 100vw, 800px\" \/><\/p>\n<p>&nbsp;<\/p>\n<p>&nbsp;<\/p>\n<p><strong>CARACTER\u00cdSTICAS GENERALES:<\/strong><\/p>\n<ul>\n<li>Difusor de alta eficiencia<\/li>\n<li>Panel de control para un f\u00e1cil y seguro manejo<\/li>\n<li>Entrada micro USB-C. Conecta tu calentador a la corriente el\u00e9ctrica<\/li>\n<li>Porta pilas. Tu calentador utiliza 2 bater\u00edas alcalinas Tipo &#8220;D&#8221;.<\/li>\n<\/ul>\n<p>&nbsp;<\/p>\n<div class=\"model_maintenance_copy_title\">Los calentadores Calorex se convierten en parte de tu familia, aqu\u00ed te ayudamos a cuidarlo como se merece.<\/div>\n<p>&nbsp;<\/p>\n<p>&nbsp;<\/p>\n<p style=\"text-align: center;\"><strong>TABLA DE ESPECIFICACIONES:<\/strong><\/p>\n<table style=\"height: 630px; width: 100%; border-collapse: collapse; border-style: solid; border-color: #000000;\" border=\"1\" cellspacing=\"4\" cellpadding=\"4\">\n<tbody>\n<tr style=\"border-color: #; background-color: #b00000; height: 48px;\">\n<td style=\"width: 50%; height: 48px;\"><span style=\"color: #ffffff;\"><strong>MODELO<\/strong><\/span><\/td>\n<td style=\"width: 50%; height: 48px;\"><span style=\"color: #ffffff;\"><strong>MAXIMUS ADVANCE WI-FI G-20<\/strong><\/span><\/td>\n<\/tr>\n<tr style=\"height: 24px;\">\n<td style=\"width: 50%; border-style: solid; border-color: #000000; height: 24px;\">Tipo<\/td>\n<td style=\"width: 50%; border-style: solid; border-color: #000000; height: 24px;\">Dep\u00f3sito sin piloto<\/td>\n<\/tr>\n<tr style=\"height: 48px;\">\n<td style=\"width: 50%; border-style: solid; border-color: #000000; height: 19px;\">Recomendaci\u00f3n por n\u00fam. de servicios<\/td>\n<td style=\"width: 50%; border-style: solid; border-color: #000000; height: 19px;\">2<\/td>\n<\/tr>\n<tr style=\"height: 24px;\">\n<td style=\"width: 50%; border-style: solid; border-color: #000000; height: 24px;\">Capacidad (L)<\/td>\n<td style=\"width: 50%; border-style: solid; border-color: #000000; height: 24px;\">72<\/td>\n<\/tr>\n<tr style=\"height: 24px;\">\n<td style=\"width: 50%; border-style: solid; border-color: #000000; height: 24px;\">Altura total (cm)<\/td>\n<td style=\"width: 50%; border-style: solid; border-color: #000000; height: 24px;\">131<\/td>\n<\/tr>\n<tr style=\"height: 24px;\">\n<td style=\"width: 50%; border-style: solid; border-color: #000000; height: 24px;\">Di\u00e1metro (cm)<\/td>\n<td style=\"width: 50%; border-style: solid; border-color: #000000; height: 24px;\">37<\/td>\n<\/tr>\n<tr style=\"height: 24px;\">\n<td style=\"width: 50%; border-style: solid; border-color: #000000; height: 24px;\">Peso del producto (kg)<\/td>\n<td style=\"width: 50%; border-style: solid; border-color: #000000; height: 24px;\">31<\/td>\n<\/tr>\n<tr style=\"height: 24px;\">\n<td style=\"width: 50%; border-style: solid; border-color: #000000; height: 24px;\">Tiempo m\u00e1x de recuperaci\u00f3n (min)<\/td>\n<td style=\"width: 50%; border-style: solid; border-color: #000000; height: 24px;\">30<\/td>\n<\/tr>\n<tr style=\"height: 24px;\">\n<td style=\"width: 50%; border-style: solid; border-color: #000000; height: 24px;\">Carga t\u00e9rmica (kW)<\/td>\n<td style=\"width: 50%; border-style: solid; border-color: #000000; height: 24px;\">4,2<\/td>\n<\/tr>\n<tr style=\"height: 24px;\">\n<td style=\"width: 50%; border-style: solid; border-color: #000000; height: 24px;\">\u00c1nodos de protecci\u00f3n cat\u00f3dica<\/td>\n<td style=\"width: 50%; border-style: solid; border-color: #000000; height: 24px;\">1 \u00e1nodo de protecci\u00f3n<\/td>\n<\/tr>\n<tr style=\"height: 24px;\">\n<td style=\"width: 50%; border-style: solid; border-color: #000000; height: 24px;\">Resistencia m\u00e1xima del tanque\u00a0(kg\/cm2)<\/td>\n<td style=\"width: 50%; border-style: solid; border-color: #000000; height: 24px;\">13<\/td>\n<\/tr>\n<tr style=\"height: 24px;\">\n<td style=\"width: 50%; border-style: solid; border-color: #000000; height: 24px;\">Presi\u00f3n hidr\u00e1ulica m\u00e1xima de trabajo MPa (kg\/cm2)<\/td>\n<td style=\"width: 50%; border-style: solid; border-color: #000000; height: 24px;\">0,637 (6,5)<\/td>\n<\/tr>\n<tr style=\"height: 24px;\">\n<td style=\"width: 50%; border-style: solid; border-color: #000000; height: 24px;\">Eficiencia promedio (nueva NOM-003-2021)<\/td>\n<td style=\"width: 50%; border-style: solid; border-color: #000000; height: 24px;\">77%<\/td>\n<\/tr>\n<tr style=\"height: 24px;\">\n<td style=\"width: 50%; border-style: solid; border-color: #000000; height: 24px;\">Tipo de gas<\/td>\n<td style=\"width: 50%; border-style: solid; border-color: #000000; height: 24px;\">Natural<\/td>\n<\/tr>\n<tr style=\"height: 80px;\">\n<td style=\"width: 50%; border-style: solid; border-color: #000000; height: 27px;\">Presi\u00f3n de gas requerida<\/td>\n<td style=\"width: 50%; border-style: solid; border-color: #000000; height: 27px;\">Gas LP 2,74 kPa (27,94 gf\/cm2)<br \/>\nGas Natural 1,76 kPa (17,95 gf\/cm2)<\/td>\n<\/tr>\n<tr style=\"height: 20px;\">\n<td style=\"width: 50%; border-style: solid; border-color: #000000; height: 23px;\">Emisi\u00f3n de mon\u00f3xido (ppm)<\/td>\n<td style=\"width: 50%; border-style: solid; border-color: #000000; height: 23px;\">&lt;200<\/td>\n<\/tr>\n<tr style=\"height: 20px;\">\n<td style=\"width: 50%; border-style: solid; border-color: #000000; height: 10px;\">Recubrimiento exterior<\/td>\n<td style=\"width: 50%; border-style: solid; border-color: #000000; height: 10px;\">Pintura horneada<\/td>\n<\/tr>\n<tr style=\"height: 20px;\">\n<td style=\"width: 50%; border-style: solid; border-color: #000000; height: 25px;\">Recubrimiento interior del tanque<\/td>\n<td style=\"width: 50%; border-style: solid; border-color: #000000; height: 25px;\">Porcelanizado Dura Glas<\/td>\n<\/tr>\n<tr style=\"height: 20px;\">\n<td style=\"width: 50%; border-style: solid; border-color: #000000; height: 24px;\">Quemador<\/td>\n<td style=\"width: 50%; border-style: solid; border-color: #000000; height: 24px;\">Ultra Heat de acero inoxidable<\/td>\n<\/tr>\n<tr style=\"height: 20px;\">\n<td style=\"width: 50%; border-style: solid; border-color: #000000; height: 22px;\">Tipo de encendido<\/td>\n<td style=\"width: 50%; border-style: solid; border-color: #000000; height: 22px;\">Programable a trav\u00e9s de una app**<\/td>\n<\/tr>\n<tr style=\"height: 20px;\">\n<td style=\"width: 50%; border-style: solid; border-color: #000000; height: 25px;\">Tipo de control de temperatura<\/td>\n<td style=\"width: 50%; border-style: solid; border-color: #000000; height: 25px;\">Electr\u00f3nico<\/td>\n<\/tr>\n<tr style=\"height: 20px;\">\n<td style=\"width: 50%; border-style: solid; border-color: #000000; height: 20px;\">Aislante t\u00e9rmico<\/td>\n<td style=\"width: 50%; border-style: solid; border-color: #000000; height: 20px;\">Green Foam<\/td>\n<\/tr>\n<tr style=\"height: 20px;\">\n<td style=\"width: 50%; border-style: solid; border-color: #000000; height: 24px;\">V\u00e1lvula de drenado<\/td>\n<td style=\"width: 50%; border-style: solid; border-color: #000000; height: 24px;\">Llave de nariz de nylon<\/td>\n<\/tr>\n<tr style=\"height: 20px;\">\n<td style=\"width: 50%; border-style: solid; border-color: #000000; height: 26px;\">V\u00e1lvula de alivio (PSI)<\/td>\n<td style=\"width: 50%; border-style: solid; border-color: #000000; height: 26px;\">150<\/td>\n<\/tr>\n<tr style=\"height: 20px;\">\n<td style=\"width: 50%; border-style: solid; border-color: #000000; height: 29px;\">Conexi\u00f3n de entrada y salida de agua<\/td>\n<td style=\"width: 50%; border-style: solid; border-color: #000000; height: 29px;\">3\/4&#8243;<\/td>\n<\/tr>\n<tr style=\"height: 20px;\">\n<td style=\"width: 50%; border-style: solid; border-color: #000000; height: 20px;\">Garant\u00eda ***<\/td>\n<td style=\"width: 50%; border-style: solid; border-color: #000000; height: 20px;\">7 a\u00f1os<\/td>\n<\/tr>\n<\/tbody>\n<\/table>\n<p style=\"text-align: left;\" align=\"center\"><span style=\"font-size: 10pt;\">* 1 servicio equivale a una regadera de 5 L\/min; 1\u20442 servicio equivale a un lavabo de 3 L\/min. Una tina equivale a 150 L. Se recomienda instalar el calentador lo m\u00e1s cerca de la regadera. Las medidas son nominales. <\/span><\/p>\n<p style=\"text-align: left;\" align=\"center\"><span style=\"font-size: 10pt;\">** Disponible en App Store y Google Play. Compatible con Alexa. <\/span><\/p>\n<p style=\"text-align: left;\" align=\"center\"><span style=\"font-size: 10pt;\">*** La garant\u00eda de 7 a\u00f1os aplicar\u00e1 siempre y cuando el producto se haya registrado debidamente llamando al: 800 225 67 39 dentro de los 90 d\u00edas posteriores a la compra, de lo contrario, la garant\u00eda ser\u00e1 de 6 a\u00f1os. La garant\u00eda en partes el\u00e9ctricas y electr\u00f3nicas ser\u00e1 de 3 a\u00f1os. La garant\u00eda no es acumulable con otras promociones de garant\u00eda extendida. La garant\u00eda es v\u00e1lida solo dentro de la Rep\u00fablica Mexicana. La garant\u00eda en otros pa\u00edses ser\u00e1 de 1 a\u00f1o. Las im\u00e1genes publicadas en este material son meramente ilustrativas y pueden diferir ligeramente del producto final.<\/span><\/p>\n<p>&nbsp;<\/p>\n<p>&nbsp;<\/p>\n<p align=\"center\"><strong>COMPONENTES<\/strong><\/p>\n<p align=\"center\"><img loading=\"lazy\" decoding=\"async\" class=\"alignnone size-full wp-image-28971\" src=\"https:\/\/h2otek.com\/tienda\/wp-content\/uploads\/2023\/03\/componentes-maximus-advance-wifi.png\" alt=\"\" width=\"545\" height=\"620\" srcset=\"https:\/\/h2otek.com\/tienda\/wp-content\/uploads\/2023\/03\/componentes-maximus-advance-wifi.png 545w, https:\/\/h2otek.com\/tienda\/wp-content\/uploads\/2023\/03\/componentes-maximus-advance-wifi-264x300.png 264w\" sizes=\"(max-width: 545px) 100vw, 545px\" \/><\/p>\n<p>&nbsp;<\/p>\n<ol>\n<li>Salida de agua caliente.<\/li>\n<li>Difusor de alta eficiencia, dise\u00f1ado especialmente para obtener el mejor desempe\u00f1o del calentador.<\/li>\n<li>Entrada de agua fr\u00eda.<\/li>\n<li>Tubo vena con tecnolog\u00eda XTRA WATER.<\/li>\n<li>Sensor de seguridad de sobre temperatura de agua.<\/li>\n<li>Sensor de temperatura.<\/li>\n<li>V\u00e1lvula de drenado.<\/li>\n<li>Quemador Ultra Heat.<\/li>\n<li>Sensor de ionizado y buj\u00eda de encendido.<\/li>\n<li>Entrada micro USB-C para adaptador de corriente.<\/li>\n<li>Porta bater\u00edas.<\/li>\n<li>Electrov\u00e1lvula.<\/li>\n<li>M\u00f3dulo de control electr\u00f3nico.<\/li>\n<li>\u00c1nodo de sacrificio, neutraliza el potencial de oxidaci\u00f3n, aumentando la vida \u00fatil del calentador.<\/li>\n<li>Green foam, aislante t\u00e9rmico.<\/li>\n<\/ol>\n<p>&nbsp;<\/p>\n<p>&nbsp;<\/p>\n<p style=\"text-align: center;\"><strong>VENTAJAS<\/strong><\/p>\n<p style=\"text-align: center;\"><img loading=\"lazy\" decoding=\"async\" class=\"alignnone size-full wp-image-28980\" src=\"https:\/\/h2otek.com\/tienda\/wp-content\/uploads\/2023\/03\/MAXIMUS-ADVANCE-WIFI-venyajas.jpg\" alt=\"\" width=\"800\" height=\"1276\" srcset=\"https:\/\/h2otek.com\/tienda\/wp-content\/uploads\/2023\/03\/MAXIMUS-ADVANCE-WIFI-venyajas.jpg 800w, https:\/\/h2otek.com\/tienda\/wp-content\/uploads\/2023\/03\/MAXIMUS-ADVANCE-WIFI-venyajas-188x300.jpg 188w, https:\/\/h2otek.com\/tienda\/wp-content\/uploads\/2023\/03\/MAXIMUS-ADVANCE-WIFI-venyajas-642x1024.jpg 642w, https:\/\/h2otek.com\/tienda\/wp-content\/uploads\/2023\/03\/MAXIMUS-ADVANCE-WIFI-venyajas-768x1225.jpg 768w, https:\/\/h2otek.com\/tienda\/wp-content\/uploads\/2023\/03\/MAXIMUS-ADVANCE-WIFI-venyajas-600x957.jpg 600w\" sizes=\"(max-width: 800px) 100vw, 800px\" \/><\/p>\n<p>&nbsp;<\/p>\n<p>&nbsp;<\/p>\n<p style=\"text-align: center;\"><strong>APP MI CALOREX<\/strong><\/p>\n<p style=\"text-align: center;\"><img loading=\"lazy\" decoding=\"async\" class=\"alignnone size-full wp-image-28989\" src=\"https:\/\/h2otek.com\/tienda\/wp-content\/uploads\/2023\/03\/app-maximus-advanced-wifi.jpg\" alt=\"\" width=\"168\" height=\"327\" srcset=\"https:\/\/h2otek.com\/tienda\/wp-content\/uploads\/2023\/03\/app-maximus-advanced-wifi.jpg 168w, https:\/\/h2otek.com\/tienda\/wp-content\/uploads\/2023\/03\/app-maximus-advanced-wifi-154x300.jpg 154w\" sizes=\"(max-width: 168px) 100vw, 168px\" \/><\/p>\n<h4 style=\"text-align: center;\">Programa las horas de encendido y apagado de tu Calorex desde tu celular sin importar donde est\u00e9s.<\/h4>\n<p>&nbsp;<\/p>\n<p>&nbsp;<\/p>\n<p style=\"text-align: center;\"><strong>DIMENSIONES<\/strong><\/p>\n<p style=\"text-align: center;\"><img loading=\"lazy\" decoding=\"async\" class=\"alignnone size-full wp-image-29000\" src=\"https:\/\/h2otek.com\/tienda\/wp-content\/uploads\/2023\/04\/MAXIMUS-ADVANCE-WIFI-dimensiones-g20.jpg\" alt=\"\" width=\"800\" height=\"409\" srcset=\"https:\/\/h2otek.com\/tienda\/wp-content\/uploads\/2023\/04\/MAXIMUS-ADVANCE-WIFI-dimensiones-g20.jpg 800w, https:\/\/h2otek.com\/tienda\/wp-content\/uploads\/2023\/04\/MAXIMUS-ADVANCE-WIFI-dimensiones-g20-300x153.jpg 300w, https:\/\/h2otek.com\/tienda\/wp-content\/uploads\/2023\/04\/MAXIMUS-ADVANCE-WIFI-dimensiones-g20-768x393.jpg 768w, https:\/\/h2otek.com\/tienda\/wp-content\/uploads\/2023\/04\/MAXIMUS-ADVANCE-WIFI-dimensiones-g20-600x307.jpg 600w\" sizes=\"(max-width: 800px) 100vw, 800px\" \/><\/p>\n<p>&nbsp;<\/p>\n<p>&nbsp;<\/p>\n<p style=\"text-align: center;\"><strong>VIDEO<\/strong><\/p>\n<p><iframe title=\"Calorex Dep\u00f3sito MAXIMUS ADVANCE WI-FI, m\u00e1ximo confort y ahorro\" width=\"500\" height=\"281\" src=\"https:\/\/www.youtube.com\/embed\/FUd3AsFwYZY?feature=oembed\" frameborder=\"0\" allow=\"accelerometer; autoplay; clipboard-write; encrypted-media; gyroscope; picture-in-picture; web-share\" referrerpolicy=\"strict-origin-when-cross-origin\" allowfullscreen><\/iframe><\/p>\n<p>&nbsp;<\/p>\n<p>&nbsp;<\/p>\n<p>&nbsp;<\/p>\n<p><span style=\"color: #4a4a4a;\"><strong>DESCARGAR MANUALES:<\/strong><\/span><\/p>\n<ul>\n<li><a href=\"https:\/\/h2otek.com\/tienda\/wp-content\/uploads\/2023\/03\/MANUAL-MAXIMUS-ADVANCE-WI-FI.pdf\" target=\"_blank\" rel=\"noopener\"><strong>MANUAL DEL USUARIO<\/strong><\/a><\/li>\n<li><a href=\"https:\/\/h2otek.com\/tienda\/wp-content\/uploads\/2023\/03\/FICHA-MAXIMUS-ADVANCE-WIFI.pdf\" target=\"_blank\" rel=\"noopener\"><strong>FICHA T\u00c9CNICA<\/strong><\/a><\/li>\n<\/ul>\n","protected":false},"excerpt":{"rendered":"<p><span style=\"color: #ff0000;\"><strong>PRECIO\u00a0EN PESOS MEXICANOS.<br \/>\nPRECIO INCLUYE 16 % DE I.V.A.<br \/>\nPRECIO INCLUYE ENVIO (ZONA CENTRO).<\/strong><\/span><\/p>\n<h5 style=\"text-align: left;\"><span style=\"color: #ac0000;\">Servicios Simult\u00e1neos:<br \/>\n2 SERVICIOS<\/span><\/h5>\n<h5 style=\"text-align: left;\"><span style=\"color: #ac0000;\"><img loading=\"lazy\" decoding=\"async\" src=\"https:\/\/h2otek.com\/tienda\/img\/cms\/aguacaliente\/calorex\/depaso\/icS-regaderaCX.png\" alt=\"\" width=\"52\" height=\"50\" \/><span style=\"color: #000000;\">\u00a0 1 Servicio = 1 regadera de 5 L\/min<\/span><\/span><\/h5>\n<h5><span style=\"color: #ac0000;\"><span style=\"color: #000000;\"><img loading=\"lazy\" decoding=\"async\" src=\"https:\/\/h2otek.com\/tienda\/img\/cms\/aguacaliente\/calorex\/depaso\/icS-lavamanosCX.png\" alt=\"\" width=\"52\" height=\"50\" \/>\u00a0 \u00bd Servicio = 1 lavabo de 3 L\/min<\/span><\/span><\/h5>\n<p>&nbsp;<\/p>\n<p><em><strong>APLICACIONES M\u00c1S\u00a0 COMUNES:<\/strong><\/em><\/p>\n<ul>\n<li><strong><em>CASAS<\/em><\/strong><\/li>\n<li><strong><em>RESIDENCIAS<\/em><\/strong><\/li>\n<li><strong><em>DEPARTAMENTOS<\/em><\/strong><\/li>\n<li><strong><em>CONDOMINIOS, ETC.<\/em><\/strong><\/li>\n<\/ul>\n","protected":false},"featured_media":28965,"comment_status":"closed","ping_status":"closed","template":"","meta":[],"pwb-brand":[],"product_brand":[],"product_cat":[392],"product_tag":[],"class_list":{"0":"post-29008","1":"product","2":"type-product","3":"status-publish","4":"has-post-thumbnail","6":"product_cat-en-gas-natural-boilers-calentadores-de-agua","8":"first","9":"onbackorder","10":"purchasable","11":"product-type-simple"},"brands":[],"_links":{"self":[{"href":"https:\/\/h2otek.com\/tienda\/wp-json\/wp\/v2\/product\/29008","targetHints":{"allow":["GET"]}}],"collection":[{"href":"https:\/\/h2otek.com\/tienda\/wp-json\/wp\/v2\/product"}],"about":[{"href":"https:\/\/h2otek.com\/tienda\/wp-json\/wp\/v2\/types\/product"}],"replies":[{"embeddable":true,"href":"https:\/\/h2otek.com\/tienda\/wp-json\/wp\/v2\/comments?post=29008"}],"wp:featuredmedia":[{"embeddable":true,"href":"https:\/\/h2otek.com\/tienda\/wp-json\/wp\/v2\/media\/28965"}],"wp:attachment":[{"href":"https:\/\/h2otek.com\/tienda\/wp-json\/wp\/v2\/media?parent=29008"}],"wp:term":[{"taxonomy":"pwb-brand","embeddable":true,"href":"https:\/\/h2otek.com\/tienda\/wp-json\/wp\/v2\/pwb-brand?post=29008"},{"taxonomy":"product_brand","embeddable":true,"href":"https:\/\/h2otek.com\/tienda\/wp-json\/wp\/v2\/product_brand?post=29008"},{"taxonomy":"product_cat","embeddable":true,"href":"https:\/\/h2otek.com\/tienda\/wp-json\/wp\/v2\/product_cat?post=29008"},{"taxonomy":"product_tag","embeddable":true,"href":"https:\/\/h2otek.com\/tienda\/wp-json\/wp\/v2\/product_tag?post=29008"}],"curies":[{"name":"wp","href":"https:\/\/api.w.org\/{rel}","templated":true}]}}