{"id":23015,"date":"2022-08-18T22:42:35","date_gmt":"2022-08-18T22:42:35","guid":{"rendered":"https:\/\/h2otek.com\/tienda\/?post_type=product&#038;p=23015"},"modified":"2022-08-22T16:48:10","modified_gmt":"2022-08-22T16:48:10","slug":"kit-sistema-de-boquillas-2-l-min-hasta-40-boquillas-marca-h2otek-mod-kit-40b-220v","status":"publish","type":"product","link":"https:\/\/h2otek.com\/tienda\/producto\/kit-sistema-de-boquillas-2-l-min-hasta-40-boquillas-marca-h2otek-mod-kit-40b-220v\/","title":{"rendered":"KIT &#8211; SISTEMA DE BOQUILLAS 2 L\/MIN HASTA 40 BOQUILLAS MARCA H2OTEK MOD. KIT-40B-220V"},"content":{"rendered":"<h2 style=\"text-align: center;\"><img fetchpriority=\"high\" decoding=\"async\" class=\"aligncenter size-full wp-image-23016\" src=\"https:\/\/h2otek.com\/tienda\/wp-content\/uploads\/2022\/08\/kit-boquillas-2-h2otek.jpg\" alt=\"\" width=\"650\" height=\"500\" srcset=\"https:\/\/h2otek.com\/tienda\/wp-content\/uploads\/2022\/08\/kit-boquillas-2-h2otek.jpg 650w, https:\/\/h2otek.com\/tienda\/wp-content\/uploads\/2022\/08\/kit-boquillas-2-h2otek-300x231.jpg 300w, https:\/\/h2otek.com\/tienda\/wp-content\/uploads\/2022\/08\/kit-boquillas-2-h2otek-600x462.jpg 600w\" sizes=\"(max-width: 650px) 100vw, 650px\" \/><\/h2>\n<h2 style=\"text-align: center;\">KIT &#8211; SISTEMA DE BOQUILLAS 2 L\/MIN MARCA H2OTEK<\/h2>\n<p>&nbsp;<\/p>\n<p>&nbsp;<\/p>\n<p><strong>DESCRIPCI\u00d3N GENERAL DEL PRODUCTO:<\/strong><\/p>\n<p>Pr\u00f3ximamente<\/p>\n<p>&nbsp;<\/p>\n<p>EL KIT\u00a0 SE COMPONE DE:<\/p>\n<table border=\"0\" cellspacing=\"1\" cellpadding=\"4\">\n<tbody>\n<tr>\n<td><strong>Cant.<\/strong><\/td>\n<td><strong>Producto<\/strong><\/td>\n<\/tr>\n<tr>\n<td>1<\/td>\n<td><strong>Bomba de Alta presi\u00f3n<\/strong><br \/>\nFlujo: 2LPM, presi\u00f3n de trabajo 40-60 bar<br \/>\nFiltro+ Regulador de presi\u00f3n+V\u00e1lvula solenoide<br \/>\nMan\u00f3metro + sensor de humedad + temporizador<br \/>\nVoltaje de alimentaci\u00f3n del motor 220 V, 60 Hz, 1 Fase<\/td>\n<\/tr>\n<tr>\n<td>40<\/td>\n<td><strong>Boquilla de nebulizaci\u00f3n para alta presi\u00f3n de lat\u00f3n<\/strong><br \/>\nCuerpo de lat\u00f3n con orificio de acero inoxidable niquelado de 0,15 mm,<br \/>\nAntigoteo + filtro de acero inoxidable en interior<\/td>\n<\/tr>\n<tr>\n<td>50 metros<\/td>\n<td><strong>Tuber\u00eda de nailon de alta presi\u00f3n<\/strong><br \/>\n(resistencia de 150 bar)\uff0cDi\u00e1metro exterior 3\/8\u201c<\/td>\n<\/tr>\n<tr>\n<td>38<\/td>\n<td><strong>Accesorio para sistema de boquillas de alta presi\u00f3n (conector recto con conexi\u00f3n a boquilla)<\/strong><br \/>\n3\/8&#8243;, resistencia de 150 bar<\/td>\n<\/tr>\n<tr>\n<td>3<\/td>\n<td><strong>Conector tipo terminal con conexi\u00f3n a boquilla<\/strong><\/td>\n<\/tr>\n<tr>\n<td>2<\/td>\n<td><strong>Accesorio para sistema de boquillas de alta presi\u00f3n (conector tipo T)<\/strong><br \/>\n3\/8&#8243;, resistencia de 150 bar<\/td>\n<\/tr>\n<tr>\n<td>2<\/td>\n<td><strong>Accesorio para sistema de boquillas de alta presi\u00f3n (conector tipo L)<\/strong><br \/>\n3\/8&#8243;, resistencia de 150 bar<\/td>\n<\/tr>\n<tr>\n<td>1<\/td>\n<td><strong>Accesorio para sistema de boquillas de alta presi\u00f3n (V\u00e1lvula de esfera con adaptadores)<\/strong><br \/>\n3\/8&#8243;, resistencia de 150 bar<\/td>\n<\/tr>\n<tr>\n<td>1<\/td>\n<td><strong>Triple filtro de 10 pulgadas<\/strong><\/td>\n<\/tr>\n<tr>\n<td>1<\/td>\n<td><strong>Controlador de humedad y temperatura<\/strong><\/td>\n<\/tr>\n<tr>\n<td>1<\/td>\n<td><strong>Cortadora de tubo<\/strong><\/td>\n<\/tr>\n<tr>\n<td>50<\/td>\n<td><strong>Abrazaderas para tuber\u00eda<\/strong><\/td>\n<\/tr>\n<\/tbody>\n<\/table>\n","protected":false},"excerpt":{"rendered":"<p><span style=\"color: #ff0000;\"><strong>PRECIO EN D\u00d3LARES US.<br \/>\nPRECIO INCLUYE 16 % DE I.V.A.<br \/>\nPRECIO INCLUYE ENVIO (ZONA CENTRO)<\/strong><\/span><\/p>\n<p><em>PUEDE GENERAR NEBULIZACION PARA DESINFECCION, SANITIZACION O CUALQUIER NECESIDAD DE INYECCION DE HUMEDAD, EN AREAS ESPECIFICAS, CON QUIMICOS Y\/O AGUA POTABLE<\/em><\/p>\n<p><strong><em>HUMIDIFICADORES IDEALES PARA:<\/em><\/strong><\/p>\n<ul>\n<li>PATIOS<\/li>\n<li>JARDINES<\/li>\n<li>ESPACIOS SOCIALES<\/li>\n<li>ALMACENES<\/li>\n<li>PROCESOS<\/li>\n<li>LABORATORIOS<\/li>\n<li>CUARTOS DE PRUEBA<\/li>\n<li>COMERCIOS<\/li>\n<li>RESTAURANTES<\/li>\n<li>TERRAZAS<\/li>\n<li>INDUSTRIA EN GENERAL<em><strong>,\u00a0<\/strong><\/em>ETC.<\/li>\n<\/ul>\n","protected":false},"featured_media":23016,"comment_status":"closed","ping_status":"closed","template":"","meta":[],"pwb-brand":[],"product_brand":[],"product_cat":[1010],"product_tag":[],"class_list":{"0":"post-23015","1":"product","2":"type-product","3":"status-publish","4":"has-post-thumbnail","6":"product_cat-kit-de-boquillas-sistema-de-boquillas-h2otek","8":"first","9":"instock","10":"product-type-simple"},"brands":[],"_links":{"self":[{"href":"https:\/\/h2otek.com\/tienda\/wp-json\/wp\/v2\/product\/23015","targetHints":{"allow":["GET"]}}],"collection":[{"href":"https:\/\/h2otek.com\/tienda\/wp-json\/wp\/v2\/product"}],"about":[{"href":"https:\/\/h2otek.com\/tienda\/wp-json\/wp\/v2\/types\/product"}],"replies":[{"embeddable":true,"href":"https:\/\/h2otek.com\/tienda\/wp-json\/wp\/v2\/comments?post=23015"}],"wp:featuredmedia":[{"embeddable":true,"href":"https:\/\/h2otek.com\/tienda\/wp-json\/wp\/v2\/media\/23016"}],"wp:attachment":[{"href":"https:\/\/h2otek.com\/tienda\/wp-json\/wp\/v2\/media?parent=23015"}],"wp:term":[{"taxonomy":"pwb-brand","embeddable":true,"href":"https:\/\/h2otek.com\/tienda\/wp-json\/wp\/v2\/pwb-brand?post=23015"},{"taxonomy":"product_brand","embeddable":true,"href":"https:\/\/h2otek.com\/tienda\/wp-json\/wp\/v2\/product_brand?post=23015"},{"taxonomy":"product_cat","embeddable":true,"href":"https:\/\/h2otek.com\/tienda\/wp-json\/wp\/v2\/product_cat?post=23015"},{"taxonomy":"product_tag","embeddable":true,"href":"https:\/\/h2otek.com\/tienda\/wp-json\/wp\/v2\/product_tag?post=23015"}],"curies":[{"name":"wp","href":"https:\/\/api.w.org\/{rel}","templated":true}]}}