{"id":22951,"date":"2022-08-17T23:25:19","date_gmt":"2022-08-17T23:25:19","guid":{"rendered":"https:\/\/h2otek.com\/tienda\/?post_type=product&#038;p=22951"},"modified":"2025-09-27T01:55:53","modified_gmt":"2025-09-27T01:55:53","slug":"calentador-de-agua-85-galones-electrico-240v-24-kw-marca-rheem-linea-eclipse-mod-me85-24-g-3","status":"publish","type":"product","link":"https:\/\/h2otek.com\/tienda\/producto\/calentador-de-agua-85-galones-electrico-240v-24-kw-marca-rheem-linea-eclipse-mod-me85-24-g-3\/","title":{"rendered":"CALENTADOR DE AGUA 85 GALONES ELECTRICO 208V. 24 KW MARCA RHEEM LINEA ECLIPSE MOD. ME85-24-G 3 FASES"},"content":{"rendered":"<p style=\"text-align: center;\"><img fetchpriority=\"high\" decoding=\"async\" src=\"https:\/\/h2otek.com\/tienda\/img\/cms\/aguacaliente\/rheem\/eclipse\/header-boiler-electrico-rheem-eclipse-m85-24-501437.jpg\" alt=\"\" width=\"650\" height=\"300\" \/><\/p>\n<p style=\"text-align: justify;\"><span id=\"result_box\" lang=\"es\" xml:lang=\"es\"><span title=\"Eclipse\u2122 non-metallic electric commercial water heaters are durable, lightweight, and offer an exclusive 10-year limited warranty*\">Los calentadores de agua comerciales el\u00e9ctricos no met\u00e1licos Eclipse\u2122 son duraderos, ligeros y ofrecen una garant\u00eda limitada de 10 a\u00f1os*<\/span><\/span><\/p>\n<p><strong>CARACTER\u00cdSTICAS Y BENEFICIOS:<\/strong><\/p>\n<ul>\n<li style=\"text-align: justify;\"><span lang=\"es\" xml:lang=\"es\"><span title=\"- Non-metallic, lightweight composite tank \u2013 no anode rod required\"> Tanque compuesto no met\u00e1lico y ligero &#8211; no se requiere varilla an\u00f3dica<\/span><\/span><\/li>\n<li style=\"text-align: justify;\"><span lang=\"es\" xml:lang=\"es\"><span title=\"- High density polyethylene dent and scratch resistant jacket\">Malla de polietileno de alta densidad y resistente a ara\u00f1azos<\/span><\/span><\/li>\n<li style=\"text-align: justify;\"><span lang=\"es\" xml:lang=\"es\"><span title=\"- System Sentinel LED indicators are provided for each element to show when power is on\">Se proporcionan indicadores LED del sistema Sentinel para cada elemento para mostrar cu\u00e1ndo est\u00e1 encendido<\/span><\/span><\/li>\n<li style=\"text-align: justify;\"><span lang=\"es\" xml:lang=\"es\"><span title=\"- Input options: 12.4, 18 or 24 kW\">Opciones de entrada: 12,4, 18 o 24 kW<\/span><\/span><\/li>\n<li style=\"text-align: justify;\"><span lang=\"es\" xml:lang=\"es\"><span title=\"- Voltage options: 208, 240, or 480 VAC in either single phase or 3-phase (277 VAC in single phase only)\">Opciones de voltaje: 208, 240 o 480 VAC, ya sea monof\u00e1sico o trif\u00e1sico (277 VCA en una sola fase)<\/span><\/span><\/li>\n<li style=\"text-align: justify;\"><span lang=\"es\" xml:lang=\"es\"><span title=\"- Element wattages: 3100, 4500 or 6000 in each of the four voltages.\">Potencias de los elementos: 3100, 4500 \u00f3 6000 en cada uno de los cuatro voltajes. <\/span><span title=\"The elements are low watt density design (46, 67, 90 watts\/sq. in.) with titanium sheath for superior protection\">Los elementos son dise\u00f1o de baja densidad de vatios (46, 67, 90 vatios\/pulgada cuadrada) con vaina de titanio para una protecci\u00f3n superior<\/span><\/span><\/li>\n<li style=\"text-align: justify;\"><span lang=\"es\" xml:lang=\"es\"><span title=\"- Power control circuits use two surface mounted thermostats and operate in two stages \u2013 Lower control is for the lower two elements, which provides recovery for most needs.\">Los circuitos de control de potencia utilizan dos termostatos montados en superficie y funcionan en dos etapas. &#8211; El control inferior es para los dos elementos inferiores, lo que proporciona una recuperaci\u00f3n para la mayor\u00eda de las necesidades. <\/span><span title=\"\u2013 Upper control is for the upper two elements, which operates during high demands\">&#8211; El control superior es para los dos elementos superiores, que funciona durante altas exigencias<\/span><\/span><\/li>\n<\/ul>\n<p style=\"text-align: justify;\"><span lang=\"es\" xml:lang=\"es\"> <span title=\"Efficiency\"><strong>EFICIENCIA<\/strong> <\/span><\/span><\/p>\n<ul>\n<li><span lang=\"es\" xml:lang=\"es\"><span title=\"- 98% thermal efficiency\">98% de eficiencia t\u00e9rmica<\/span><\/span><\/li>\n<li><span lang=\"es\" xml:lang=\"es\"><span title=\"- Well insulated for reduced standby heat loss\">Bien aislados para reducir la p\u00e9rdida de calor en modo de espera<\/span><\/span><\/li>\n<\/ul>\n<p style=\"text-align: justify;\"><span lang=\"es\" xml:lang=\"es\"> <span title=\"Performance\"><strong>RENDIMIENTO<\/strong> <\/span><\/span><\/p>\n<ul>\n<li><span lang=\"es\" xml:lang=\"es\"><span title=\"- Recovery rate: Up to 99 gallons GPH at a 100 degree rise\">Tasa de recuperaci\u00f3n: Hasta 99 galones GPH en un aumento de 100 grados<\/span><\/span><\/li>\n<li><span lang=\"es\" xml:lang=\"es\"><span title=\"- 170\u00b0 F maximum delivered temperature\">Temperatura m\u00e1xima entregada de 170\u00b0 F<\/span><\/span><\/li>\n<\/ul>\n<p style=\"text-align: justify;\"><span lang=\"es\" xml:lang=\"es\"> <span title=\"Capacity &amp; Weight\"><strong>CAPACIDAD Y PESO<\/strong> <\/span><\/span><\/p>\n<ul>\n<li><span lang=\"es\" xml:lang=\"es\"><span title=\"- 85 Gallons\/140 lbs.\">85 galones\/140 libras.<\/span><\/span><\/li>\n<li><span lang=\"es\" xml:lang=\"es\"><span title=\"- 105 Gallons\/155 lbs.\">105 galones\/155 libras. <\/span><\/span><\/li>\n<\/ul>\n<p style=\"text-align: justify;\"><span lang=\"es\" xml:lang=\"es\"> <span title=\"Easy Installation &amp; Service\"><strong>F\u00c1CIL INSTALACI\u00d3N Y SERVICIO<\/strong> <\/span><\/span><\/p>\n<ul>\n<li><span lang=\"es\" xml:lang=\"es\"><span title=\"- Eclipse\u2019s lightweight tank is easier to maneuver and position\">El tanque ligero de Eclipse es m\u00e1s f\u00e1cil de maniobrar y posicionar<\/span><\/span><\/li>\n<li><span lang=\"es\" xml:lang=\"es\"><span title=\"- Control circuit switch provided for dry fire protection during installation\">Interruptor de circuito de control para protecci\u00f3n contra incendio en seco durante la instalaci\u00f3n<\/span><\/span><\/li>\n<li><span lang=\"es\" xml:lang=\"es\"><span title=\"- Bowl shaped tank bottom drains completely\">El tanque en forma de fondo del tanque drena completamente<\/span><\/span><\/li>\n<li><span lang=\"es\" xml:lang=\"es\"><span title=\"- Recessed drain valve is out of the way of brooms and scrubbers\">La v\u00e1lvula de drenaje empotrada est\u00e1 fuera del camino de las escobas y depuradores<\/span><\/span><\/li>\n<\/ul>\n<p style=\"text-align: justify;\"><span lang=\"es\" xml:lang=\"es\"> <span title=\"Plus\u2026\"><strong>M\u00c1S&#8230;<\/strong> <\/span><\/span><\/p>\n<ul>\n<li><span lang=\"es\" xml:lang=\"es\"><span title=\"- Four titanium elements for resistance to lime build-up\">Cuatro elementos de titanio para la resistencia a la acumulaci\u00f3n de cal<\/span><\/span><\/li>\n<li><span lang=\"es\" xml:lang=\"es\"><span title=\"- Full-port, full-flow, brass drain valve for faster draining\">V\u00e1lvula de drenaje de lat\u00f3n completo y de flujo completo para un drenaje m\u00e1s r\u00e1pido<\/span><\/span><\/li>\n<li><span lang=\"es\" xml:lang=\"es\"><span title=\"- Temperature and pressure relief valve at top of unit\">V\u00e1lvula de alivio de temperatura y presi\u00f3n en la parte superior de la unidad<\/span><\/span><\/li>\n<li><span lang=\"es\" xml:lang=\"es\">Las conexiones de agua en la parte superior del tanque son tuercas giratorias de 1&#8243;. Una boquilla roscada est\u00e1 instalada en la salida (1&#8243; x 3&#8243; de largo). La entrada tiene una v\u00e1lvula de vac\u00edo conectada con una te 1 x 1 x 3\/4 y un boquilla estrecha de 1&#8243; al eslab\u00f3n giratorio.<\/span><\/li>\n<\/ul>\n<p style=\"text-align: justify;\"><strong>\u00a0<\/strong><\/p>\n<p style=\"text-align: justify;\"><strong>CARACTER\u00cdSTICAS DE CONSTRUCCION:<\/strong><\/p>\n<ul style=\"text-align: justify;\">\n<li><strong>VIDA LARGA:<\/strong>Cuenta con una garant\u00eda limitada de 10 a\u00f1os en el tanque, la m\u00e1s extensa que cualquiera en el mercado, lo que significa un mayor ahorro por t\u00e9rmino de uso.<\/li>\n<\/ul>\n<ul style=\"text-align: justify;\">\n<li><strong>PESO LIGERO:<\/strong> \u00bfQui\u00e9n dice que los calentadores de uso rudo tienen que er pesados? El nuevo Calentador Eclipse, de 105 galones pesa solo 185 Lbs (84 Kg), mucho menos de la mitad del peso que otros modelos de su clase. Esto representa mayor facilidad para moverlo, manejarlo e instalarlo.<\/li>\n<\/ul>\n<ul style=\"text-align: justify;\">\n<li><strong>MAYOR EFICIENCIA:<\/strong> Su tanque est\u00e1 cubierto de arriba a abajo por una capa de espuma aislante que reduce la p\u00e9rdida de calor, lo cual ayuda a ahorrar energ\u00eda y reducir costos de operaci\u00f3n.<\/li>\n<li>No requiere \u00e1nodo<\/li>\n<li>Sistema Sentinel<\/li>\n<li>Elementos de calentador Inconel<\/li>\n<\/ul>\n<p style=\"text-align: justify;\"><strong>FACTORES DE AISLANTE DE LA F\u00c1BRICA:<\/strong><\/p>\n<ul style=\"text-align: justify;\">\n<li>Costos de operaci\u00f3n muy bajos<\/li>\n<li>Tanque de polurietano de alta densidad que hace m\u00e1s resistente la cubierta exterior<\/li>\n<li>Los modelos tienen 2 capacidades de 85 o 105 galones con 42 variaciones en total<\/li>\n<li>Las opciones de voltajes son 208, 240, o 480 VAC en cada una de las 2 fases o 3 fases y 277 VAC en s\u00f3lo una fase.<\/li>\n<li>Los elementos de potencia en voltios son de 3100, 4500 o 6000 en cada uno de los 4 voltajes. Los elementos est\u00e1n dise\u00f1ados para una baja densidad de watts (46, 67 y 90 watts\/pulgada cuadrada) con cubierta inoxidable (Incocel)<\/li>\n<li>Los cuatro elementos Incocel Est\u00e1n espaciados en el frente en una l\u00ednea vertical para facil acceso.<\/li>\n<li>Los circuitos de control de encendido utilizan 2 termostatos y opera a 2 etapas el control de termostato de abajo, y el control de arriba para los elementos superiores. El elemento inferior permite que se cubran todas las necesidades y los dos superiores mayores demandas.<\/li>\n<li>La temperatura m\u00e1xima es de 170\u00b0 F (76.6\u00b0C)<\/li>\n<li>Cada elemento tiene indicador del Sistema Sentinel LED para mostrar que est\u00e1 encendida<\/li>\n<li>El control del circuito est\u00e1 provisto de un interruptor para protecci\u00f3n contra fuego<\/li>\n<li>Tiene instalada en la parte alta una v\u00e1lvula de alivio para evitar excesos de temperatura y presi\u00f3n<\/li>\n<li>Las conexiones de agua en la parte superior del tanque es de 1&#8243;. El nipple es instaladado en la salida del Calentador (1&#8243; x 3&#8243; de largo). La entrada tiene una v\u00e1lvula de aspersi\u00f3n conectada en una tee de 1&#8243;x1&#8243;x3\/4&#8243; y un nipple giratorio de 1&#8243;<\/li>\n<li>Las especificaciones Est\u00e1ndar son aprobados por UL 1453 y UL\/NSF 005<\/li>\n<li style=\"text-align: justify;\">V\u00e1lvula de drenado de 3\/4&#8243; de cobre<\/li>\n<\/ul>\n<p>&nbsp;<\/p>\n<p style=\"text-align: center;\"><strong>TABLAS DE ESPECIFICACIONES:<\/strong><\/p>\n<p style=\"text-align: center;\"><a href=\"http:\/\/www.h2otek.com\/tienda\/Images\/boilers\/eclipse\/Capacidades-Eclipse-ME85-24-large.jpg\" target=\"_blank\" rel=\"noopener\"><img decoding=\"async\" src=\"https:\/\/www.h2otek.com\/tienda\/Images\/boilers\/eclipse\/Capacidades-Eclipse-ME85-24-small.jpg\" alt=\"\" border=\"0\" \/><\/a><\/p>\n<p style=\"text-align: center;\"><a href=\"http:\/\/www.h2otek.com\/tienda\/Images\/boilers\/eclipse\/Electrico-Eclipse-ME85-24-large.jpg\" target=\"_blank\" rel=\"noopener\"><img decoding=\"async\" src=\"https:\/\/www.h2otek.com\/tienda\/Images\/boilers\/eclipse\/Electrico-Eclipse-ME85-24-small.jpg\" alt=\"\" border=\"0\" \/><\/a><\/p>\n<p style=\"text-align: center;\"><a href=\"http:\/\/www.h2otek.com\/tienda\/Images\/boilers\/eclipse\/Dimensiones-Eclipse-ME85-24-large.jpg\" target=\"_blank\" rel=\"noopener\"><img decoding=\"async\" src=\"https:\/\/www.h2otek.com\/tienda\/Images\/boilers\/eclipse\/Dimensiones-Eclipse-ME85-24-small.jpg\" alt=\"\" border=\"0\" \/><\/a><\/p>\n<div style=\"text-align: center;\">(Clic para agrandar las im\u00e1genes)<\/div>\n<div><\/div>\n<div><\/div>\n<div style=\"text-align: center;\"><\/div>\n<p style=\"text-align: center;\"><strong>DIMENSIONES:<\/strong><\/p>\n<p style=\"text-align: center;\"><img decoding=\"async\" class=\"aligncenter size-full wp-image-22952\" src=\"https:\/\/h2otek.com\/tienda\/wp-content\/uploads\/2022\/08\/dimensiones-calentador-rheem-eclipse-me85-24-g.jpg\" alt=\"\" width=\"205\" height=\"467\" srcset=\"https:\/\/h2otek.com\/tienda\/wp-content\/uploads\/2022\/08\/dimensiones-calentador-rheem-eclipse-me85-24-g.jpg 205w, https:\/\/h2otek.com\/tienda\/wp-content\/uploads\/2022\/08\/dimensiones-calentador-rheem-eclipse-me85-24-g-132x300.jpg 132w\" sizes=\"(max-width: 205px) 100vw, 205px\" \/><\/p>\n<p style=\"text-align: center;\"><a href=\"https:\/\/h2otek.com\/tienda\/Images\/boilers\/eclipse\/tabla_medidas_calentador_de_agua_electrico_eclipse_rheem_ME85_large.jpg\" target=\"_blank\" rel=\"noopener\"><img decoding=\"async\" src=\"https:\/\/www.h2otek.com\/tienda\/Images\/boilers\/eclipse\/tabla_medidas_calentador_de_agua_electrico_eclipse_rheem_ME85_small.jpg\" alt=\"\" border=\"0\" \/><\/a><\/p>\n<p style=\"text-align: justify;\">INDUSTRIAL RHEEM, S.A DE C.V. CUENTA CON TALLERES DE SERVICIO EN TODA LA REPUBLICA MEXICANA.<\/p>\n<p style=\"text-align: justify;\">ES IMPORTANTE LEER CLARAMENTE EL INSTRUCTIVO DE INSTALACION Y OPERACION ANTES DE INSTALAR Y PONER A FUNCIONAR EL CALENTADOR.<\/p>\n<p>&nbsp;<\/p>\n<p>&nbsp;<\/p>\n<p style=\"text-align: center;\"><strong>CERTIFICACIONES:<\/strong><\/p>\n<p style=\"text-align: center;\"><img decoding=\"async\" class=\"aligncenter wp-image-23222\" src=\"https:\/\/h2otek.com\/tienda\/wp-content\/uploads\/2022\/09\/logos_gama_c_ul_us_ul_eph-300x88.jpg\" alt=\"\" width=\"250\" height=\"74\" srcset=\"https:\/\/h2otek.com\/tienda\/wp-content\/uploads\/2022\/09\/logos_gama_c_ul_us_ul_eph-300x88.jpg 300w, https:\/\/h2otek.com\/tienda\/wp-content\/uploads\/2022\/09\/logos_gama_c_ul_us_ul_eph.jpg 516w\" sizes=\"(max-width: 250px) 100vw, 250px\" \/><\/p>\n<p>&nbsp;<\/p>\n<p>&nbsp;<\/p>\n<p style=\"text-align: justify;\"><strong>DESCARGAR MANUALES:<\/strong><\/p>\n<ul>\n<li><strong><a href=\"http:\/\/www.h2otek.com\/tienda\/pdf\/aguacaliente\/folleto_calentador_de_agua_electrico_eclipse_rheem.pdf\" target=\"_blank\" rel=\"noopener\">FOLLETO<\/a><\/strong><\/li>\n<li><strong><a href=\"http:\/\/www.h2otek.com\/tienda\/pdf\/aguacaliente\/ficha_tecnica_calentador_de_agua_electrico_eclipse_rheem.pdf\" target=\"_blank\" rel=\"noopener\">FICHA TECNICA<\/a><\/strong><\/li>\n<li><strong><a href=\"http:\/\/www.h2otek.com\/tienda\/pdf\/aguacaliente\/manual_de_uso_y_cuidado_calentador_de_agua_electrico_eclipse_rheem.pdf\" target=\"_blank\" rel=\"noopener\">MANUAL<\/a><\/strong><\/li>\n<\/ul>\n<p style=\"text-align: justify;\">\n","protected":false},"excerpt":{"rendered":"<p><span style=\"color: #ff0000;\"><strong>PRECIO EN PESOS MEXICANOS.<\/strong><\/span><br \/>\n<span style=\"color: #ff0000;\"><strong>PRECIO INCLUYE 16 % DE I.V.A.<\/strong><\/span><br \/>\n<span style=\"color: #ff0000;\"><strong>PRECIO INCLUYE ENVIO (ZONA CENTRO).<\/strong><\/span><\/p>\n<p><em><strong>RECOMENDADO PARA USO COMERCIAL CON REQUERIMIENTOS DE CANTIDADES MODERADAS DE AGUA CALIENTE, COMO:<\/strong><\/em><\/p>\n<p><em><strong>&#8211; TIENDAS DE RETAIL<\/strong><\/em><br \/>\n<em><strong>&#8211; OFICINAS<\/strong><\/em><br \/>\n<em><strong>&#8211; ALBERCAS<\/strong><\/em><br \/>\n<em><strong>&#8211; SPAS<\/strong><\/em><\/p>\n","protected":false},"featured_media":6950,"comment_status":"closed","ping_status":"closed","template":"","meta":[],"pwb-brand":[],"product_brand":[],"product_cat":[535],"product_tag":[],"class_list":{"0":"post-22951","1":"product","2":"type-product","3":"status-publish","4":"has-post-thumbnail","6":"product_cat-linea-eclipse-boilers-calentadores-de-agua","8":"first","9":"outofstock","10":"purchasable","11":"product-type-simple"},"brands":[],"_links":{"self":[{"href":"https:\/\/h2otek.com\/tienda\/wp-json\/wp\/v2\/product\/22951","targetHints":{"allow":["GET"]}}],"collection":[{"href":"https:\/\/h2otek.com\/tienda\/wp-json\/wp\/v2\/product"}],"about":[{"href":"https:\/\/h2otek.com\/tienda\/wp-json\/wp\/v2\/types\/product"}],"replies":[{"embeddable":true,"href":"https:\/\/h2otek.com\/tienda\/wp-json\/wp\/v2\/comments?post=22951"}],"wp:featuredmedia":[{"embeddable":true,"href":"https:\/\/h2otek.com\/tienda\/wp-json\/wp\/v2\/media\/6950"}],"wp:attachment":[{"href":"https:\/\/h2otek.com\/tienda\/wp-json\/wp\/v2\/media?parent=22951"}],"wp:term":[{"taxonomy":"pwb-brand","embeddable":true,"href":"https:\/\/h2otek.com\/tienda\/wp-json\/wp\/v2\/pwb-brand?post=22951"},{"taxonomy":"product_brand","embeddable":true,"href":"https:\/\/h2otek.com\/tienda\/wp-json\/wp\/v2\/product_brand?post=22951"},{"taxonomy":"product_cat","embeddable":true,"href":"https:\/\/h2otek.com\/tienda\/wp-json\/wp\/v2\/product_cat?post=22951"},{"taxonomy":"product_tag","embeddable":true,"href":"https:\/\/h2otek.com\/tienda\/wp-json\/wp\/v2\/product_tag?post=22951"}],"curies":[{"name":"wp","href":"https:\/\/api.w.org\/{rel}","templated":true}]}}