{"id":22943,"date":"2022-08-17T19:02:54","date_gmt":"2022-08-17T19:02:54","guid":{"rendered":"https:\/\/h2otek.com\/tienda\/?post_type=product&#038;p=22943"},"modified":"2025-02-21T01:51:34","modified_gmt":"2025-02-21T01:51:34","slug":"deshumidificador-ind-acero-inox-refrigeracion-cap-1301-pintas-720-l-480v-3-fases-portatil-mod-rdi-720l-d-5300-4-h2otek","status":"publish","type":"product","link":"https:\/\/h2otek.com\/tienda\/producto\/deshumidificador-ind-acero-inox-refrigeracion-cap-1301-pintas-720-l-480v-3-fases-portatil-mod-rdi-720l-d-5300-4-h2otek\/","title":{"rendered":"DESHUMIDIFICADOR IND. ACERO INOX. REFRIGERACI\u00d3N CAP 1301 PINTAS (720 L) 480V 3 FASES PORT\u00c1TIL MOD. RDI-720L\/D-5300-4 H2OTEK"},"content":{"rendered":"<p align=\"center\"><img fetchpriority=\"high\" decoding=\"async\" class=\"aligncenter size-full wp-image-22944\" src=\"https:\/\/h2otek.com\/tienda\/wp-content\/uploads\/2022\/08\/header-deshumidificador-h2otek-RDI-720L_D-5300-480V.jpg\" alt=\"\" width=\"650\" height=\"300\" srcset=\"https:\/\/h2otek.com\/tienda\/wp-content\/uploads\/2022\/08\/header-deshumidificador-h2otek-RDI-720L_D-5300-480V.jpg 650w, https:\/\/h2otek.com\/tienda\/wp-content\/uploads\/2022\/08\/header-deshumidificador-h2otek-RDI-720L_D-5300-480V-300x138.jpg 300w, https:\/\/h2otek.com\/tienda\/wp-content\/uploads\/2022\/08\/header-deshumidificador-h2otek-RDI-720L_D-5300-480V-600x277.jpg 600w\" sizes=\"(max-width: 650px) 100vw, 650px\" \/><\/p>\n<p style=\"text-align: justify;\"><strong>CARACTER\u00cdSTICAS:<\/strong><\/p>\n<ul>\n<li>Recomendado para un \u00e1rea de cobertura de 800-960 m2 (medidas en promedio. El \u00e1rea de cobertura puede variar dependiendo las condiciones de la instalaci\u00f3n y las caracter\u00edsticas del \u00e1rea a cubrir)<\/li>\n<li>Unidades de aplicaci\u00f3n comercial o industrial<\/li>\n<li>Cubierta de acero inoxidable<\/li>\n<li>Unidades ecol\u00f3gicas (con refrigerante R410)<\/li>\n<li>Aire seco y puro (filtro de aire integrado)<\/li>\n<li>Filtro f\u00e1cilmente lavable<\/li>\n<li>Unidades totalmente desarmables<\/li>\n<li>Control de humedad digital LCD graduables de 10 a 99% HR<\/li>\n<li>Control de tiempo integrado<\/li>\n<li>Contrucci\u00f3n en acero con aplicaci\u00f3n de pintura electrost\u00e1tica<\/li>\n<li>Drenaje autom\u00e1tico por medio de manguera de desag\u00fce (ver fotos)<\/li>\n<li>Bomba de drenado no incluida (opcional)<\/li>\n<li>Armaz\u00f3n\u00a0acero inoxidable<\/li>\n<li>Compresor rotativop de alta eficiencia<\/li>\n<li>Totalmente port\u00e1til (Incluye 4 ruedas universales)<\/li>\n<li>Funci\u00f3n de descongelaci\u00f3n autom\u00e1tica (esta caracter\u00edstica puede proteger eficazmente el compresor para garantizar su funcionamiento normal)<\/li>\n<li>Con opci\u00f3n de incluir bomba de condensados (opcional)<\/li>\n<li>1 A\u00d1O DE GARANT\u00cdA SOBRE CUALQUIER DEFECTO DE FABRICACI\u00d3N.<\/li>\n<\/ul>\n<p style=\"text-align: center;\"><strong>APLICACIONES EN LA INDUSTRIA<\/strong><\/p>\n<p align=\"center\"><img decoding=\"async\" src=\"https:\/\/www.h2otek.com\/tienda\/Images\/h2otek\/deshumidificadores\/aplicaciones-deshumidificador-h2otek-portatiles.jpg\" alt=\"\" border=\"0\" \/><\/p>\n<p style=\"text-align: center;\"><strong>TABLA DE ESPECIFICACIONES:<\/strong><\/p>\n<p align=\"center\"><img decoding=\"async\" class=\"aligncenter size-full wp-image-22945\" src=\"https:\/\/h2otek.com\/tienda\/wp-content\/uploads\/2022\/08\/especificaciones-deshumidificador-RDI-720L_D-5300-480V.gif\" alt=\"\" width=\"578\" height=\"888\" \/><\/p>\n<p align=\"center\">Watts y amperaje son totales, incluyendo los dos compresores.<\/p>\n<ul>\n<li><span style=\"font-size: small; color: #ff0000;\"><strong>DEBIDO AL PROCESO DE DESHUMIDIFICACION, EL EQUIPO INYECTA AIRE, ADEMAS DE SECARLO, CON UN AUMENTO EN LA TEMPERATURA DE 5 A 10 GRADOS CENTRIGRADOS ARRIBA, DE LA TEMPERATURA DE AIRE RETORNADA, ESTO ES IMPORTANTE TOMARLO EN CUENTA, EN LOS ESTUDIOS DE CARGAS TERMICAS.\u00a0 <\/strong><\/span><\/li>\n<li><span style=\"font-size: small; color: #ff0000;\"><strong>NO ES RECOMENDABLE UTILIZAR DESHUMIDIFICADORES POR SISTEMA DE REFRIGERACION, CUANDO EL PORCENTAJE DE HUMEDAD, DENTRO DEL CUARTO, SE REQUIERE MUY BAJO (35-40% O MENOS). PARA ESTOS CASOS SE REQUIERE DESHUMIDIFICADORES DESECANTES: <strong><a href=\"https:\/\/h2otek.com\/tienda\/188-sistema-desecante\" target=\"_blank\" rel=\"noopener\">https:\/\/h2otek.com\/tienda\/188-sistema-desecante<\/a><\/strong><\/strong><\/span><\/li>\n<\/ul>\n<p align=\"center\"><strong>DIMENSIONES:<\/strong><\/p>\n<p align=\"center\"><img decoding=\"async\" src=\"https:\/\/www.h2otek.com\/tienda\/img\/cms\/controlhumedad\/h2otek\/deshumidificadores\/aceroinox\/dimensiones-deshumidificador-h2otek-RD-720L.jpg\" alt=\"\" width=\"350\" height=\"500\" \/><\/p>\n<p align=\"center\"><strong>PANEL DE CONTROL H2OTEK<\/strong><\/p>\n<p align=\"center\"><img loading=\"lazy\" decoding=\"async\" src=\"https:\/\/www.h2otek.com\/tienda2015\/img\/cms\/panel-control-rd380-rd480.jpg\" alt=\"\" width=\"550\" height=\"376\" border=\"0\" \/><\/p>\n<p style=\"text-align: center;\">Pantalla LCD que muestra la humedad ambiental, temperatura, nivel de humedad y velocidad del viento.<\/p>\n<p align=\"center\"><strong>PARTES DEL DESHUMIDIFICADOR:<\/strong><\/p>\n<p align=\"center\"><img loading=\"lazy\" decoding=\"async\" src=\"https:\/\/www.h2otek.com\/tienda\/Images\/h2otek\/deshumidificadores\/partes-rd240-h2otek.jpg\" alt=\"\" width=\"291\" height=\"350\" border=\"0\" \/><\/p>\n<p align=\"center\"><strong>VIDEOS REPRESENTATIVOS<\/strong> <em>Modelos mostrados son con aplicaci\u00f3n de pintura electrost\u00e1tica, los modelos en acero inoxidable son iguales.<\/em><\/p>\n<p align=\"center\"><iframe src=\"https:\/\/www.youtube.com\/embed\/AveYQ3Zy-Lw\" width=\"425\" height=\"350\" frameborder=\"0\"><\/iframe><\/p>\n<p align=\"center\"><iframe src=\"https:\/\/www.youtube.com\/embed\/nXl7_LOPTdE\" width=\"425\" height=\"350\" frameborder=\"0\"><\/iframe><\/p>\n<p align=\"center\"><iframe src=\"https:\/\/www.youtube.com\/embed\/P1UYn_ebk_0\" width=\"425\" height=\"350\" frameborder=\"0\"><\/iframe><\/p>\n<p style=\"text-align: center;\"><img loading=\"lazy\" decoding=\"async\" src=\"https:\/\/h2otek.com\/tienda\/img\/cms\/garantia-insignias\/garantia-h2otek-2years.jpg\" alt=\"\" width=\"350\" height=\"350\" \/><\/p>\n<p><span style=\"color: #4a4a4a;\">\u00a0<\/span> <span style=\"color: #4a4a4a;\"><strong>DESCARGAR MANUALES:<\/strong><\/span><\/p>\n<ul>\n<li><strong><span style=\"color: #0000ff;\"><a href=\"http:\/\/www.h2otek.com\/\/tienda\/pdf\/controlhumedad\/DESHUMIDIFICADORES%20INDUSTRIALES%20DE%20REFRIGERACION%20PORTATILES%20H2OTEK%20RDI-192-240-380-480.pdf\" target=\"_blank\" rel=\"noopener\">MANUAL DEL USUARIO<\/a><\/span><\/strong><\/li>\n<\/ul>\n","protected":false},"excerpt":{"rendered":"<p><span style=\"color: #ff0000;\"><strong>PRECIO\u00a0EN\u00a0D\u00d3LARES US.<br \/>\nPRECIO INCLUYE 16 % DE I.V.A.<br \/>\nPRECIO INCLUYE ENVIO (ZONA CENTRO).<\/strong><\/span><\/p>\n<p style=\"text-align: left;\"><span style=\"font-size: small; font-weight: bold; color: #000080;\">EFICIENTE DESHUMIDIFICADOR INDUSTRIAL HASTA 720 LITROS POR D\u00cdA<\/span><\/p>\n<p style=\"text-align: left;\"><strong><span style=\"font-size: small; color: #ff0000;\">GARANT\u00cdA M\u00c1S AMPLIA DEL MERCADO: COMPRESOR 2 A\u00d1OS, PARTES 1 A\u00d1O.<\/span><\/strong><\/p>\n<p style=\"text-align: left;\"><span style=\"font-size: small; color: #000000;\"><strong><em><strong><em>APLICACIONES COMUNES: <\/em><\/strong><\/em><\/strong><\/span><\/p>\n<ul>\n<li><span style=\"font-style: italic; font-weight: bold; font-size: small;\">ALMACENES<\/span><\/li>\n<li><span style=\"font-style: italic; font-weight: bold; font-size: small;\">\u00c1REAS DE PROCESO<\/span><\/li>\n<li><span style=\"font-style: italic; font-weight: bold; font-size: small;\">LABORATORIOS<\/span><\/li>\n<li><span style=\"font-style: italic; font-weight: bold; font-size: small;\">CUARTOS DE PRUEBA<\/span><\/li>\n<li><span style=\"font-style: italic; font-weight: bold; font-size: small;\">PROCESOS INDUSTRIALES<\/span><\/li>\n<li><span style=\"font-style: italic; font-weight: bold; font-size: small;\">CUARTOS DE PINTURA<\/span><\/li>\n<li><span style=\"font-style: italic; font-weight: bold; font-size: small;\">S\u00d3TANOS<\/span><\/li>\n<li><span style=\"font-style: italic; font-weight: bold; font-size: small;\">MUSEOS<\/span><\/li>\n<li><span style=\"font-style: italic; font-weight: bold; font-size: small;\">\u00c1REAS DE TRABAJO<\/span><\/li>\n<li><span style=\"font-style: italic; font-weight: bold; font-size: small;\">ALBERCAS TECHADAS,<\/span><span style=\"font-size: small; font-style: italic; font-weight: bold;\">\u00a0ETC.<\/span><\/li>\n<\/ul>\n","protected":false},"featured_media":1356,"comment_status":"closed","ping_status":"closed","template":"","meta":[],"pwb-brand":[],"product_brand":[],"product_cat":[422,867,868,865],"product_tag":[],"class_list":{"0":"post-22943","1":"product","2":"type-product","3":"status-publish","4":"has-post-thumbnail","6":"product_cat-portatiles","7":"product_cat-estacionarios-480-volts-3-fases-deshumidificadores-por-condensacion-refrigeracion-pintura-electrostatica-fabricacion-deshumidificadores","8":"product_cat-para-albercas-techadas-hidromasajes-480-volts-3-fases-deshumidificadores-por-condensacion-refrigeracion-pintura-electrostatica-fabricacion-deshumidificadores","9":"product_cat-portatiles-480-volts-3-fases-deshumidificadores-por-condensacion-refrigeracion-pintura-electrostatica-fabricacion-deshumidificadores","11":"first","12":"outofstock","13":"purchasable","14":"product-type-simple"},"brands":[],"_links":{"self":[{"href":"https:\/\/h2otek.com\/tienda\/wp-json\/wp\/v2\/product\/22943","targetHints":{"allow":["GET"]}}],"collection":[{"href":"https:\/\/h2otek.com\/tienda\/wp-json\/wp\/v2\/product"}],"about":[{"href":"https:\/\/h2otek.com\/tienda\/wp-json\/wp\/v2\/types\/product"}],"replies":[{"embeddable":true,"href":"https:\/\/h2otek.com\/tienda\/wp-json\/wp\/v2\/comments?post=22943"}],"wp:featuredmedia":[{"embeddable":true,"href":"https:\/\/h2otek.com\/tienda\/wp-json\/wp\/v2\/media\/1356"}],"wp:attachment":[{"href":"https:\/\/h2otek.com\/tienda\/wp-json\/wp\/v2\/media?parent=22943"}],"wp:term":[{"taxonomy":"pwb-brand","embeddable":true,"href":"https:\/\/h2otek.com\/tienda\/wp-json\/wp\/v2\/pwb-brand?post=22943"},{"taxonomy":"product_brand","embeddable":true,"href":"https:\/\/h2otek.com\/tienda\/wp-json\/wp\/v2\/product_brand?post=22943"},{"taxonomy":"product_cat","embeddable":true,"href":"https:\/\/h2otek.com\/tienda\/wp-json\/wp\/v2\/product_cat?post=22943"},{"taxonomy":"product_tag","embeddable":true,"href":"https:\/\/h2otek.com\/tienda\/wp-json\/wp\/v2\/product_tag?post=22943"}],"curies":[{"name":"wp","href":"https:\/\/api.w.org\/{rel}","templated":true}]}}