{"id":22771,"date":"2022-06-14T18:38:00","date_gmt":"2022-06-14T18:38:00","guid":{"rendered":"https:\/\/h2otek.com\/tienda\/?post_type=product&#038;p=22771"},"modified":"2025-02-22T19:07:06","modified_gmt":"2025-02-22T19:07:06","slug":"maximus-g-20-3270021","status":"publish","type":"product","link":"https:\/\/h2otek.com\/tienda\/producto\/maximus-g-20-3270021\/","title":{"rendered":"CALENTADOR DE AGUA &#8211; BOILER DEP\u00d3SITO CAP. 72 LITROS A GAS LP MARCA CALOREX MOD. MAXIMUS G-20\/3270021"},"content":{"rendered":"<p align=\"center\"><img fetchpriority=\"high\" decoding=\"async\" class=\"aligncenter wp-image-22754 size-full\" src=\"https:\/\/h2otek.com\/tienda\/wp-content\/uploads\/2022\/06\/header-calentadores-deposito-calorex-MAXIMUS-G20-LP.jpg\" alt=\"\" width=\"650\" height=\"344\" srcset=\"https:\/\/h2otek.com\/tienda\/wp-content\/uploads\/2022\/06\/header-calentadores-deposito-calorex-MAXIMUS-G20-LP.jpg 650w, https:\/\/h2otek.com\/tienda\/wp-content\/uploads\/2022\/06\/header-calentadores-deposito-calorex-MAXIMUS-G20-LP-300x159.jpg 300w, https:\/\/h2otek.com\/tienda\/wp-content\/uploads\/2022\/06\/header-calentadores-deposito-calorex-MAXIMUS-G20-LP-600x318.jpg 600w\" sizes=\"(max-width: 650px) 100vw, 650px\" \/><\/p>\n<h3 style=\"text-align: center;\"><strong><br \/>\n<\/strong>\u00a1EL CALOREX DE TODA LA VIDA SE RENUEVA!<\/h3>\n<div style=\"text-align: center;\">\n<div>M\u00e1xima durabilidad, para brindarte\u00a0m\u00e1s agua caliente siempre, de manera f\u00e1cil y segura.<\/div>\n<\/div>\n<h3><\/h3>\n<div>\n<p><strong>CARACTER\u00cdSTICAS:<\/strong><\/p>\n<ul>\n<li>Encendido en un solo paso,\u00a0m\u00e1s f\u00e1cil y seguro con\u00a0<strong>PROTECT ONE<\/strong>. \u00a1Presiona y disfruta!<\/li>\n<li>Su\u00a0dise\u00f1o\u00a0<strong>moderno, de alta\u00a0<\/strong><strong>calidad y durabilidad<\/strong>\u00a0brinda mayor temperatura, a\u00fan en climas muy fr\u00edos. Garantizando la temperatura ideal en grandes recorridos entre el calentador y el punto de uso.<\/li>\n<li>Cuenta con\u00a0<strong>Green Foam<\/strong>, aislante\u00a0t\u00e9rmico eco-amigable que mantiene el agua caliente por m\u00e1s\u00a0tiempo y ahorra hasta el\u00a055% de\u00a0gas\u00a0consumido por reencendidas.*<\/li>\n<li><strong>Dura Glass<\/strong>\u00a0&#8211;\u00a0M\u00e1xima Durabilidad. F\u00f3rmula exclusiva. Protege el interior del tanque. Lo hace durable por\u00a0generaciones.<\/li>\n<li><strong>Xtra Water<\/strong>\u00a0&#8211;\u00a0Hasta 14% m\u00e1s agua\u00a0caliente. Evita que se mezcle el agua caliente, con el agua fr\u00eda que entra al calentador.<\/li>\n<li><strong>Ultra Heat<\/strong>\u00a0&#8211;\u00a0Recupera la temperatura del agua m\u00e1s r\u00e1pido. Tecnolog\u00eda exclusiva con quemador de acero inoxidable.<\/li>\n<\/ul>\n<\/div>\n<h3><\/h3>\n<table style=\"width: 100%;\" border=\"0\" cellspacing=\"4\" cellpadding=\"2\">\n<tbody>\n<tr>\n<td style=\"width: 15%; text-align: center;\"><img decoding=\"async\" class=\"aligncenter size-full wp-image-22762\" src=\"https:\/\/h2otek.com\/tienda\/wp-content\/uploads\/2022\/06\/maximus-ico-01.png\" alt=\"\" width=\"60\" height=\"60\" \/><\/td>\n<td>\n<div><strong>M\u00e1xima durabilidad<\/strong>,\u00a0porcelanizado exclusivo Dura Glas<\/div>\n<\/td>\n<\/tr>\n<tr>\n<td style=\"text-align: center;\"><img decoding=\"async\" class=\"aligncenter wp-image-22763 size-full\" src=\"https:\/\/h2otek.com\/tienda\/wp-content\/uploads\/2022\/06\/maximus-ico-02.png\" alt=\"\" width=\"60\" height=\"60\" \/><\/td>\n<td>\n<div><strong>Hasta 14% m\u00e1s agua caliente*<\/strong>,\u00a0tecnolog\u00eda Xtra Water.<\/div>\n<\/td>\n<\/tr>\n<tr>\n<td style=\"text-align: center;\"><img loading=\"lazy\" decoding=\"async\" class=\"aligncenter wp-image-22764 size-full\" src=\"https:\/\/h2otek.com\/tienda\/wp-content\/uploads\/2022\/06\/maximus-ico-03.png\" alt=\"\" width=\"60\" height=\"60\" \/><\/td>\n<td>\n<div><strong>Agua caliente m\u00e1s r\u00e1pido<\/strong>,\u00a0sistema Ultra-Heat<\/div>\n<\/td>\n<\/tr>\n<tr>\n<td style=\"text-align: center;\"><img loading=\"lazy\" decoding=\"async\" class=\"aligncenter wp-image-22765 size-full\" src=\"https:\/\/h2otek.com\/tienda\/wp-content\/uploads\/2022\/06\/maximus-ico-04.png\" alt=\"\" width=\"60\" height=\"60\" \/><\/td>\n<td>\n<div><strong>Encendido en un solo paso<\/strong>\u00a0Tecnolog\u00eda Protect One<\/div>\n<\/td>\n<\/tr>\n<tr>\n<td style=\"text-align: center;\"><img loading=\"lazy\" decoding=\"async\" class=\"aligncenter wp-image-22766 size-full\" src=\"https:\/\/h2otek.com\/tienda\/wp-content\/uploads\/2022\/06\/maximus-ico-05.png\" alt=\"\" width=\"115\" height=\"60\" \/><\/td>\n<td>\n<div><strong>La garant\u00eda m\u00e1s amplia.**<\/strong><\/div>\n<\/td>\n<\/tr>\n<\/tbody>\n<\/table>\n<div>\n<div>* Dependiendo el modelo y los h\u00e1bitos de uso.<\/div>\n<p>** La garant\u00eda de 7 a\u00f1os aplicar\u00e1 siempre y cuando el producto se haya registrado debidamente llamando al:\u00a0800 225 67 39 dentro de los 90 d\u00edas posteriores a la compra, de lo contrario, la garant\u00eda ser\u00e1 de 6 a\u00f1os. La garant\u00eda no es acumulable con otras promociones de garant\u00eda extendida. La garant\u00eda es v\u00e1lida solo dentro de la Rep\u00fablica Mexicana. La garant\u00eda en otros pa\u00edses ser\u00e1 de 1 a\u00f1o. Disponible en Gas LP y Gas Natural.<\/p>\n<\/div>\n<p style=\"text-align: center;\"><img loading=\"lazy\" decoding=\"async\" class=\"aligncenter size-full wp-image-22742\" src=\"https:\/\/h2otek.com\/tienda\/wp-content\/uploads\/2022\/06\/encabezado-calentador-maximus-calorex.jpg\" alt=\"\" width=\"650\" height=\"282\" srcset=\"https:\/\/h2otek.com\/tienda\/wp-content\/uploads\/2022\/06\/encabezado-calentador-maximus-calorex.jpg 650w, https:\/\/h2otek.com\/tienda\/wp-content\/uploads\/2022\/06\/encabezado-calentador-maximus-calorex-300x130.jpg 300w, https:\/\/h2otek.com\/tienda\/wp-content\/uploads\/2022\/06\/encabezado-calentador-maximus-calorex-600x260.jpg 600w\" sizes=\"(max-width: 650px) 100vw, 650px\" \/><img loading=\"lazy\" decoding=\"async\" class=\"aligncenter wp-image-22741 size-full\" src=\"https:\/\/h2otek.com\/tienda\/wp-content\/uploads\/2022\/06\/calentador-maximus-calorex-serenueva.jpg\" alt=\"\" width=\"650\" height=\"457\" srcset=\"https:\/\/h2otek.com\/tienda\/wp-content\/uploads\/2022\/06\/calentador-maximus-calorex-serenueva.jpg 650w, https:\/\/h2otek.com\/tienda\/wp-content\/uploads\/2022\/06\/calentador-maximus-calorex-serenueva-300x211.jpg 300w, https:\/\/h2otek.com\/tienda\/wp-content\/uploads\/2022\/06\/calentador-maximus-calorex-serenueva-600x422.jpg 600w\" sizes=\"(max-width: 650px) 100vw, 650px\" \/><img loading=\"lazy\" decoding=\"async\" class=\"aligncenter wp-image-22738 size-full\" src=\"https:\/\/h2otek.com\/tienda\/wp-content\/uploads\/2022\/06\/calentador-maximus-calorex-duraglass.jpg\" alt=\"\" width=\"650\" height=\"391\" srcset=\"https:\/\/h2otek.com\/tienda\/wp-content\/uploads\/2022\/06\/calentador-maximus-calorex-duraglass.jpg 650w, https:\/\/h2otek.com\/tienda\/wp-content\/uploads\/2022\/06\/calentador-maximus-calorex-duraglass-300x180.jpg 300w, https:\/\/h2otek.com\/tienda\/wp-content\/uploads\/2022\/06\/calentador-maximus-calorex-duraglass-600x361.jpg 600w\" sizes=\"(max-width: 650px) 100vw, 650px\" \/><img loading=\"lazy\" decoding=\"async\" class=\"aligncenter wp-image-22736 size-full\" src=\"https:\/\/h2otek.com\/tienda\/wp-content\/uploads\/2022\/06\/calentador-maximus-calorex-02-rendimiento.jpg\" alt=\"\" width=\"650\" height=\"384\" srcset=\"https:\/\/h2otek.com\/tienda\/wp-content\/uploads\/2022\/06\/calentador-maximus-calorex-02-rendimiento.jpg 650w, https:\/\/h2otek.com\/tienda\/wp-content\/uploads\/2022\/06\/calentador-maximus-calorex-02-rendimiento-300x177.jpg 300w, https:\/\/h2otek.com\/tienda\/wp-content\/uploads\/2022\/06\/calentador-maximus-calorex-02-rendimiento-600x354.jpg 600w\" sizes=\"(max-width: 650px) 100vw, 650px\" \/><strong><img loading=\"lazy\" decoding=\"async\" class=\"aligncenter wp-image-22739 size-full\" src=\"https:\/\/h2otek.com\/tienda\/wp-content\/uploads\/2022\/06\/calentador-maximus-calorex-encendido.jpg\" alt=\"\" width=\"650\" height=\"366\" srcset=\"https:\/\/h2otek.com\/tienda\/wp-content\/uploads\/2022\/06\/calentador-maximus-calorex-encendido.jpg 650w, https:\/\/h2otek.com\/tienda\/wp-content\/uploads\/2022\/06\/calentador-maximus-calorex-encendido-300x169.jpg 300w, https:\/\/h2otek.com\/tienda\/wp-content\/uploads\/2022\/06\/calentador-maximus-calorex-encendido-600x338.jpg 600w\" sizes=\"(max-width: 650px) 100vw, 650px\" \/><\/strong><\/p>\n<p>&nbsp;<\/p>\n<p style=\"text-align: center;\"><strong>TABLA DE ESPECIFICACIONES<\/strong><\/p>\n<p align=\"center\"><img loading=\"lazy\" decoding=\"async\" class=\"aligncenter wp-image-22745 size-full\" src=\"https:\/\/h2otek.com\/tienda\/wp-content\/uploads\/2022\/06\/especificaciones-calentadores-deposito-calorex-MAXIMUS-G20.gif\" alt=\"\" width=\"615\" height=\"584\" \/><\/p>\n<p align=\"center\"><img loading=\"lazy\" decoding=\"async\" src=\"https:\/\/h2otek.com\/tienda\/img\/cms\/aguacaliente\/calorex\/depaso\/maximus\/garantia-maximus.jpg\" alt=\"\" width=\"212\" height=\"125\" \/><br \/>\n<strong>DE GARANT\u00cdA*<\/strong><\/p>\n<p>&nbsp;<\/p>\n<div>* La garant\u00eda de 7 a\u00f1os aplicar\u00e1 siempre y cuando el producto se haya registrado debidamente\u00a0llamando al: 800 225 67 39\u00a0 dentro de los 90 d\u00edas posteriores a la compra, de lo contrario, la garant\u00eda ser\u00e1 de 6 a\u00f1os. La garant\u00eda no es acumulable con otras promociones de garant\u00eda extendida. La garant\u00eda es v\u00e1lida solo dentro de la Rep\u00fablica Mexicana. La garant\u00eda en otros pa\u00edses ser\u00e1 de 1 a\u00f1o.<\/div>\n<p>&nbsp;<\/p>\n<p><span style=\"color: #4a4a4a;\"><strong>DESCARGAR MANUALES:<\/strong><\/span><\/p>\n<ul>\n<li><a href=\"https:\/\/h2otek.com\/tienda\/wp-content\/uploads\/2022\/06\/NUEVA-FICHA-MAXIMUS-V5.pdf\" target=\"_blank\" rel=\"noopener\">FICHA T\u00c9CNICA<\/a><\/li>\n<\/ul>\n","protected":false},"excerpt":{"rendered":"<p><span style=\"color: #ff0000;\"><strong>PRECIO\u00a0EN PESOS MEXICANOS.<br \/>PRECIO INCLUYE 16 % DE I.V.A.<br \/>PRECIO INCLUYE ENVIO (ZONA CENTRO).<\/strong><\/span><\/p>\n<h5 style=\"text-align: left;\"><span style=\"color: #ac0000;\"> Servicios Simult\u00e1neos: 2 SERVICIOS<\/span><\/h5>\n<h5 style=\"text-align: left;\"><span style=\"color: #ac0000;\"><img loading=\"lazy\" decoding=\"async\" src=\"https:\/\/h2otek.com\/tienda\/img\/cms\/aguacaliente\/calorex\/depaso\/icS-regaderaCX.png\" alt=\"\" width=\"52\" height=\"50\" \/><span style=\"color: #000000;\">\u00a0 1 Servicio = 1 regadera de\u00a04 L\/min<\/span><\/span><\/h5>\n<h5><span style=\"color: #ac0000;\"><span style=\"color: #000000;\"><img loading=\"lazy\" decoding=\"async\" src=\"https:\/\/h2otek.com\/tienda\/img\/cms\/aguacaliente\/calorex\/depaso\/icS-lavamanosCX.png\" alt=\"\" width=\"52\" height=\"50\" \/>\u00a0 \u00bd Servicio = 1 lavabo de 3 L\/min<\/span><\/span><\/h5>\n<p>\u00a0<\/p>\n<p><em><strong>APLICACIONES M\u00c1S\u00a0 COMUNES:<\/strong><\/em><\/p>\n<ul>\n<li><strong><em>CASAS<\/em><\/strong><\/li>\n<li><strong><em>RESIDENCIAS<\/em><\/strong><\/li>\n<li><strong><em>DEPARTAMENTOS<\/em><\/strong><\/li>\n<li><strong><em>CONDOMINIOS, ETC.<\/em><\/strong><\/li>\n<\/ul>\n","protected":false},"featured_media":22767,"comment_status":"closed","ping_status":"closed","template":"","meta":[],"pwb-brand":[1162],"product_brand":[],"product_cat":[412],"product_tag":[],"class_list":{"0":"post-22771","1":"product","2":"type-product","3":"status-publish","4":"has-post-thumbnail","6":"pwb-brand-calorex","7":"product_cat-en-gas-lp-butano-boilers-calentadores-de-agua","9":"first","10":"outofstock","11":"purchasable","12":"product-type-simple"},"brands":[{"id":1162,"name":"Calorex","slug":"calorex"}],"_links":{"self":[{"href":"https:\/\/h2otek.com\/tienda\/wp-json\/wp\/v2\/product\/22771","targetHints":{"allow":["GET"]}}],"collection":[{"href":"https:\/\/h2otek.com\/tienda\/wp-json\/wp\/v2\/product"}],"about":[{"href":"https:\/\/h2otek.com\/tienda\/wp-json\/wp\/v2\/types\/product"}],"replies":[{"embeddable":true,"href":"https:\/\/h2otek.com\/tienda\/wp-json\/wp\/v2\/comments?post=22771"}],"wp:featuredmedia":[{"embeddable":true,"href":"https:\/\/h2otek.com\/tienda\/wp-json\/wp\/v2\/media\/22767"}],"wp:attachment":[{"href":"https:\/\/h2otek.com\/tienda\/wp-json\/wp\/v2\/media?parent=22771"}],"wp:term":[{"taxonomy":"pwb-brand","embeddable":true,"href":"https:\/\/h2otek.com\/tienda\/wp-json\/wp\/v2\/pwb-brand?post=22771"},{"taxonomy":"product_brand","embeddable":true,"href":"https:\/\/h2otek.com\/tienda\/wp-json\/wp\/v2\/product_brand?post=22771"},{"taxonomy":"product_cat","embeddable":true,"href":"https:\/\/h2otek.com\/tienda\/wp-json\/wp\/v2\/product_cat?post=22771"},{"taxonomy":"product_tag","embeddable":true,"href":"https:\/\/h2otek.com\/tienda\/wp-json\/wp\/v2\/product_tag?post=22771"}],"curies":[{"name":"wp","href":"https:\/\/api.w.org\/{rel}","templated":true}]}}