{"id":22726,"date":"2022-06-07T22:56:37","date_gmt":"2022-06-07T22:56:37","guid":{"rendered":"https:\/\/h2otek.com\/tienda\/?post_type=product&#038;p=22726"},"modified":"2025-02-22T19:07:08","modified_gmt":"2025-02-22T19:07:08","slug":"calentador-de-agua-boiler-de-paso-cap-9-litros-min-gas-lp-marca-calorex-linea-poderus-mod-poderus-09-3270504","status":"publish","type":"product","link":"https:\/\/h2otek.com\/tienda\/producto\/calentador-de-agua-boiler-de-paso-cap-9-litros-min-gas-lp-marca-calorex-linea-poderus-mod-poderus-09-3270504\/","title":{"rendered":"CALENTADOR DE AGUA &#8211; BOILER DE PASO CAP. 9 LITROS\/MIN GAS LP MARCA CALOREX L\u00cdNEA PODERUS MOD. PODERUS 09\/3270504"},"content":{"rendered":"<p align=\"center\"><img fetchpriority=\"high\" decoding=\"async\" class=\"aligncenter wp-image-22709 size-full\" src=\"https:\/\/h2otek.com\/tienda\/wp-content\/uploads\/2022\/06\/header-calentadores-depaso-calorex-PODERUS-09-LP.jpg\" alt=\"\" width=\"650\" height=\"344\" srcset=\"https:\/\/h2otek.com\/tienda\/wp-content\/uploads\/2022\/06\/header-calentadores-depaso-calorex-PODERUS-09-LP.jpg 650w, https:\/\/h2otek.com\/tienda\/wp-content\/uploads\/2022\/06\/header-calentadores-depaso-calorex-PODERUS-09-LP-300x159.jpg 300w, https:\/\/h2otek.com\/tienda\/wp-content\/uploads\/2022\/06\/header-calentadores-depaso-calorex-PODERUS-09-LP-600x318.jpg 600w\" sizes=\"(max-width: 650px) 100vw, 650px\" \/><\/p>\n<h3><\/h3>\n<div style=\"text-align: center;\">\n<p><strong>EL CALOREX IDEAL PARA TODOS<\/strong><\/p>\n<div style=\"text-align: center;\">\n<div>\n<p><strong>Agua caliente continua, ideal en cualquier tipo de instalaci\u00f3n y siempre con la mayor seguridad.<\/strong><\/p>\n<p>&nbsp;<\/p>\n<\/div>\n<\/div>\n<\/div>\n<table style=\"width: 100%;\" border=\"0\" cellspacing=\"4\" cellpadding=\"2\">\n<tbody>\n<tr>\n<td style=\"text-align: center;\"><img decoding=\"async\" class=\"aligncenter size-full wp-image-22719\" src=\"https:\/\/h2otek.com\/tienda\/wp-content\/uploads\/2022\/06\/poderus-icon-01.png\" alt=\"\" width=\"60\" height=\"60\" \/><\/td>\n<td>\n<div><strong>El m\u00e1s vers\u00e1til<\/strong>,\u00a0para todo tipo de\u00a0instalaci\u00f3n y condiciones de uso.<\/div>\n<div>No requiere presi\u00f3n de agua.<\/div>\n<\/td>\n<\/tr>\n<tr>\n<td style=\"text-align: center;\"><img decoding=\"async\" class=\"aligncenter wp-image-22720 size-full\" src=\"https:\/\/h2otek.com\/tienda\/wp-content\/uploads\/2022\/06\/poderus-icon-02.png\" alt=\"\" width=\"60\" height=\"60\" \/><\/td>\n<td>\n<div><strong>Encendido en un solo paso<\/strong>,\u00a0m\u00e1s f\u00e1cil y seguro con PROTECT ONE.<\/div>\n<div>\u00a1Presiona y disfruta!<\/div>\n<\/td>\n<\/tr>\n<tr>\n<td style=\"text-align: center;\"><img loading=\"lazy\" decoding=\"async\" class=\"aligncenter wp-image-22721 size-full\" src=\"https:\/\/h2otek.com\/tienda\/wp-content\/uploads\/2022\/06\/poderus-icon-03.png\" alt=\"\" width=\"60\" height=\"60\" \/><\/td>\n<td>\n<div><strong>Agua caliente ilimitada y sin\u00a0variaciones de temperatura<\/strong>\u00a0por su tecnolog\u00eda Confort Heat.<\/div>\n<\/td>\n<\/tr>\n<tr>\n<td style=\"text-align: center;\"><img loading=\"lazy\" decoding=\"async\" class=\"aligncenter wp-image-22722 size-full\" src=\"https:\/\/h2otek.com\/tienda\/wp-content\/uploads\/2022\/06\/poderus-icon-04.png\" alt=\"\" width=\"115\" height=\"60\" \/><\/td>\n<td>\n<div><strong>La garant\u00eda m\u00e1s amplia.*<\/strong><\/div>\n<\/td>\n<\/tr>\n<\/tbody>\n<\/table>\n<p>&nbsp;<\/p>\n<div><em>* Consulte legales al reverso de este material. Disponible en Gas LP y Gas Natural. Las im\u00e1genes publicadas en este material son meramente ilustrativas y pueden diferir\u00a0ligeramente del producto final.<\/em><\/div>\n<p>&nbsp;<\/p>\n<p><strong><img loading=\"lazy\" decoding=\"async\" class=\"aligncenter size-full wp-image-22718\" src=\"https:\/\/h2otek.com\/tienda\/wp-content\/uploads\/2022\/06\/nuevo-poderus.jpg\" alt=\"\" width=\"650\" height=\"418\" srcset=\"https:\/\/h2otek.com\/tienda\/wp-content\/uploads\/2022\/06\/nuevo-poderus.jpg 650w, https:\/\/h2otek.com\/tienda\/wp-content\/uploads\/2022\/06\/nuevo-poderus-300x193.jpg 300w, https:\/\/h2otek.com\/tienda\/wp-content\/uploads\/2022\/06\/nuevo-poderus-600x386.jpg 600w\" sizes=\"(max-width: 650px) 100vw, 650px\" \/><\/strong><\/p>\n<p>&nbsp;<\/p>\n<div><\/div>\n<div><\/div>\n<div><\/div>\n<p style=\"text-align: center;\"><strong>TABLA DE ESPECIFICACIONES<\/strong><\/p>\n<p><img loading=\"lazy\" decoding=\"async\" class=\"aligncenter wp-image-22702 size-full\" src=\"https:\/\/h2otek.com\/tienda\/wp-content\/uploads\/2022\/06\/especificaciones-calentadores-depaso-calorex-PODERUS-09.gif\" alt=\"\" width=\"610\" height=\"620\" \/><\/p>\n<p>&nbsp;<\/p>\n<div>* 1 servicio equivale a una regadera de 5 L\/min; \u00bd servicio equivale a 3 L\/min.<\/div>\n<div>Una tina equivale a 150 L. Se recomienda instalar el calentador lo m\u00e1s cerca de la regadera.<\/div>\n<div>Las medidas son nominales.<\/div>\n<div>** La garant\u00eda de 7 a\u00f1os aplicar\u00e1 siempre y cuando el producto se haya registrado debidamente\u00a0llamando al: 800 225 67 39 dentro de los 90 d\u00edas posteriores a la compra, de lo contrario, la garant\u00eda ser\u00e1 de 6 a\u00f1os. La garant\u00eda no es acumulable con otras promociones de garant\u00eda extendida.<\/div>\n<div>La garant\u00eda es v\u00e1lida solo dentro de la Rep\u00fablica Mexicana. La garant\u00eda en otros pa\u00edses ser\u00e1 de 1 a\u00f1o.<\/div>\n<p>&nbsp;<\/p>\n<p style=\"text-align: center;\"><img loading=\"lazy\" decoding=\"async\" class=\"wp-image-22706 size-full aligncenter\" src=\"https:\/\/h2otek.com\/tienda\/wp-content\/uploads\/2022\/06\/garantia-poderus.jpg\" alt=\"\" width=\"212\" height=\"125\" \/><\/p>\n<p>&nbsp;<\/p>\n<p style=\"text-align: center;\">DE GARANT\u00cdA<\/p>\n<p>&nbsp;<\/p>\n<p><span style=\"color: #4a4a4a;\"><strong>DESCARGAR MANUALES:<\/strong><\/span><\/p>\n<ul>\n<li><a href=\"https:\/\/h2otek.com\/tienda\/wp-content\/uploads\/2022\/06\/NUEVA-FICHA-PODERUS_R7.pdf\" target=\"_blank\" rel=\"noopener\">FOLLETO<\/a><\/li>\n<\/ul>\n","protected":false},"excerpt":{"rendered":"<h1><span style=\"color: #d0121a; font-size: 12pt;\"><strong>PRECIO\u00a0EN PESOS MEXICANOS.<br \/>\nPRECIO INCLUYE 16 % DE I.V.A.<br \/>\nPRECIO INCLUYE ENVIO (ZONA CENTRO).<\/strong><\/span><\/h1>\n<h3 style=\"text-align: left;\"><span style=\"color: #ac0000;\"><br \/>\nServicios Simult\u00e1neos:<br \/>\n1 1\/2 SERVICIOS<\/span><\/h3>\n<h5 style=\"text-align: left;\"><span style=\"color: #ac0000;\"><img loading=\"lazy\" decoding=\"async\" src=\"https:\/\/h2otek.com\/tienda\/img\/cms\/aguacaliente\/calorex\/depaso\/icS-regaderaCX.png\" alt=\"\" width=\"52\" height=\"50\" \/><span style=\"color: #000000;\">\u00a0 1 Servicio = 1 regadera de\u00a04 L\/min<\/span><\/span><\/h5>\n<h5><span style=\"color: #ac0000;\"><span style=\"color: #000000;\"><img loading=\"lazy\" decoding=\"async\" src=\"https:\/\/h2otek.com\/tienda\/img\/cms\/aguacaliente\/calorex\/depaso\/icS-lavamanosCX.png\" alt=\"\" width=\"52\" height=\"50\" \/>\u00a0 \u00bd Servicio = 1 lavabo de 3 L\/min<\/span><\/span><\/h5>\n<p>&nbsp;<\/p>\n<h1 style=\"text-align: left;\"><em><strong><span style=\"font-size: small;\">APLICACIONES M\u00c1S\u00a0 COMUNES:<\/span><\/strong><\/em><\/h1>\n<ul>\n<li style=\"text-align: left;\"><strong><em><span style=\"font-size: small;\">CASAS<\/span><\/em><\/strong><\/li>\n<li style=\"text-align: left;\"><strong><em><span style=\"font-size: small;\">RESIDENCIAS<\/span><\/em><\/strong><\/li>\n<li style=\"text-align: left;\"><strong><em><span style=\"font-size: small;\">DEPARTAMENTOS<\/span><\/em><\/strong><\/li>\n<li style=\"text-align: left;\"><strong><em><span style=\"font-size: small;\">CONDOMINIOS, ETC.<\/span><\/em><\/strong><\/li>\n<\/ul>\n","protected":false},"featured_media":22723,"comment_status":"closed","ping_status":"closed","template":"","meta":[],"pwb-brand":[1162],"product_brand":[],"product_cat":[376,367],"product_tag":[],"class_list":{"0":"post-22726","1":"product","2":"type-product","3":"status-publish","4":"has-post-thumbnail","6":"pwb-brand-calorex","7":"product_cat-en-gas-lp-butano-de-paso-boilers-calentadores-de-agua","8":"product_cat-instantaneos-de-paso-gas-boilers-calentadores-de-agua","10":"first","11":"outofstock","12":"purchasable","13":"product-type-simple"},"brands":[{"id":1162,"name":"Calorex","slug":"calorex"}],"_links":{"self":[{"href":"https:\/\/h2otek.com\/tienda\/wp-json\/wp\/v2\/product\/22726","targetHints":{"allow":["GET"]}}],"collection":[{"href":"https:\/\/h2otek.com\/tienda\/wp-json\/wp\/v2\/product"}],"about":[{"href":"https:\/\/h2otek.com\/tienda\/wp-json\/wp\/v2\/types\/product"}],"replies":[{"embeddable":true,"href":"https:\/\/h2otek.com\/tienda\/wp-json\/wp\/v2\/comments?post=22726"}],"wp:featuredmedia":[{"embeddable":true,"href":"https:\/\/h2otek.com\/tienda\/wp-json\/wp\/v2\/media\/22723"}],"wp:attachment":[{"href":"https:\/\/h2otek.com\/tienda\/wp-json\/wp\/v2\/media?parent=22726"}],"wp:term":[{"taxonomy":"pwb-brand","embeddable":true,"href":"https:\/\/h2otek.com\/tienda\/wp-json\/wp\/v2\/pwb-brand?post=22726"},{"taxonomy":"product_brand","embeddable":true,"href":"https:\/\/h2otek.com\/tienda\/wp-json\/wp\/v2\/product_brand?post=22726"},{"taxonomy":"product_cat","embeddable":true,"href":"https:\/\/h2otek.com\/tienda\/wp-json\/wp\/v2\/product_cat?post=22726"},{"taxonomy":"product_tag","embeddable":true,"href":"https:\/\/h2otek.com\/tienda\/wp-json\/wp\/v2\/product_tag?post=22726"}],"curies":[{"name":"wp","href":"https:\/\/api.w.org\/{rel}","templated":true}]}}