{"id":22697,"date":"2022-06-03T00:53:50","date_gmt":"2022-06-03T00:53:50","guid":{"rendered":"https:\/\/h2otek.com\/tienda\/?post_type=product&#038;p=22697"},"modified":"2025-02-22T19:07:07","modified_gmt":"2025-02-22T19:07:07","slug":"calentador-de-agua-boiler-instantaneo-cap-13-litros-min-gas-natural-marca-calorex-linea-plenus-mod-plenus-13-3273010","status":"publish","type":"product","link":"https:\/\/h2otek.com\/tienda\/producto\/calentador-de-agua-boiler-instantaneo-cap-13-litros-min-gas-natural-marca-calorex-linea-plenus-mod-plenus-13-3273010\/","title":{"rendered":"CALENTADOR DE AGUA &#8211; BOILER INSTANT\u00c1NEO CAP. 13 LITROS\/MIN GAS NATURAL MARCA CALOREX L\u00cdNEA PLENUS MOD. PLENUS 13\/3273010"},"content":{"rendered":"<p align=\"center\"><img fetchpriority=\"high\" decoding=\"async\" class=\"alignnone wp-image-29069 size-full\" src=\"https:\/\/h2otek.com\/tienda\/wp-content\/uploads\/2022\/06\/header-instantaneo-gas-calorex-plenus-13-nat.jpg\" alt=\"\" width=\"700\" height=\"337\" srcset=\"https:\/\/h2otek.com\/tienda\/wp-content\/uploads\/2022\/06\/header-instantaneo-gas-calorex-plenus-13-nat.jpg 700w, https:\/\/h2otek.com\/tienda\/wp-content\/uploads\/2022\/06\/header-instantaneo-gas-calorex-plenus-13-nat-300x144.jpg 300w, https:\/\/h2otek.com\/tienda\/wp-content\/uploads\/2022\/06\/header-instantaneo-gas-calorex-plenus-13-nat-600x289.jpg 600w\" sizes=\"(max-width: 700px) 100vw, 700px\" \/><\/p>\n<div style=\"text-align: center;\">\n<p><strong>\u00a1M\u00e1s agua caliente al instante\u00a0y sin l\u00edmites!<\/strong><\/p>\n<div style=\"text-align: center;\"><strong>Disfruta m\u00e1s ahorro y rapidez,\u00a0con la mayor seguridad.<\/strong><\/div>\n<\/div>\n<div><\/div>\n<div style=\"text-align: center;\">Ahorra m\u00e1s del 70% en gas con m\u00e1xima cantidad de agua caliente.<\/div>\n<h3><\/h3>\n<table style=\"width: 100%;\" border=\"0\" cellspacing=\"4\" cellpadding=\"2\">\n<tbody>\n<tr>\n<td style=\"text-align: center;\"><img decoding=\"async\" class=\"aligncenter wp-image-22683 size-full\" src=\"https:\/\/h2otek.com\/tienda\/wp-content\/uploads\/2022\/06\/plenus-ico-02.png\" alt=\"\" width=\"60\" height=\"60\" \/><\/td>\n<td>\n<div><strong>M\u00e1xima cantidad de agua caliente<\/strong>, 50% + agua caliente*, m\u00e1s r\u00e1pido.<\/div>\n<\/td>\n<\/tr>\n<tr>\n<td style=\"text-align: center;\"><img decoding=\"async\" class=\"aligncenter wp-image-22684 size-full\" src=\"https:\/\/h2otek.com\/tienda\/wp-content\/uploads\/2022\/06\/plenus-ico-03.png\" alt=\"\" width=\"60\" height=\"60\" \/><\/td>\n<td>\n<div><strong>Tecnolog\u00eda Ultra Low<\/strong><\/div>\n<\/td>\n<\/tr>\n<tr>\n<td style=\"text-align: center;\"><img loading=\"lazy\" decoding=\"async\" class=\"aligncenter wp-image-22685 size-full\" src=\"https:\/\/h2otek.com\/tienda\/wp-content\/uploads\/2022\/06\/plenus-ico-04.png\" alt=\"\" width=\"60\" height=\"60\" \/><\/td>\n<td>\n<div><strong>Indicador de nivel de bater\u00eda, <\/strong>para un cambio oportuno<\/div>\n<\/td>\n<\/tr>\n<tr>\n<td style=\"text-align: center;\"><img loading=\"lazy\" decoding=\"async\" class=\"aligncenter wp-image-22686 size-full\" src=\"https:\/\/h2otek.com\/tienda\/wp-content\/uploads\/2022\/06\/plenus-ico-05.png\" alt=\"\" width=\"60\" height=\"60\" \/><\/td>\n<td>\n<div><strong>M\u00e1xima seguridad<\/strong><\/div>\n<\/td>\n<\/tr>\n<tr>\n<td style=\"text-align: center;\"><img loading=\"lazy\" decoding=\"async\" class=\"aligncenter wp-image-22687 size-full\" src=\"https:\/\/h2otek.com\/tienda\/wp-content\/uploads\/2022\/06\/plenus-ico-06.png\" alt=\"\" width=\"115\" height=\"60\" \/><\/td>\n<td>\n<div><strong>M\u00e1xima garant\u00eda**<\/strong> y durabilidad<\/div>\n<\/td>\n<\/tr>\n<\/tbody>\n<\/table>\n<div><\/div>\n<div><span style=\"font-size: 10pt;\">* En comparaci\u00f3n con un calentador de 10 a\u00f1os de uso, acumulaci\u00f3n de sales, eficiencia inferior al 75% y h\u00e1bitos de uso similares. * Que otros de su categor\u00eda. Modelo PLENUS 07.<\/span><br \/>\n<span style=\"font-size: 10pt;\">** Consulte legales al reverso de este material. Utiliza dos bater\u00edas tipo &#8220;D&#8221; (no incluidas). Disponible en Gas LP y Gas Natural. Las im\u00e1genes publicadas en este material son meramente<\/span><br \/>\n<span style=\"font-size: 10pt;\">ilustrativas y pueden diferir ligeramente del producto final.<\/span><\/div>\n<p>&nbsp;<\/p>\n<p style=\"text-align: center;\"><strong> <img loading=\"lazy\" decoding=\"async\" class=\"alignnone size-full wp-image-29056\" src=\"https:\/\/h2otek.com\/tienda\/wp-content\/uploads\/2022\/06\/experiencia-instantaneo-gas-calorex-plenus.jpg\" alt=\"\" width=\"800\" height=\"510\" srcset=\"https:\/\/h2otek.com\/tienda\/wp-content\/uploads\/2022\/06\/experiencia-instantaneo-gas-calorex-plenus.jpg 800w, https:\/\/h2otek.com\/tienda\/wp-content\/uploads\/2022\/06\/experiencia-instantaneo-gas-calorex-plenus-300x191.jpg 300w, https:\/\/h2otek.com\/tienda\/wp-content\/uploads\/2022\/06\/experiencia-instantaneo-gas-calorex-plenus-768x490.jpg 768w, https:\/\/h2otek.com\/tienda\/wp-content\/uploads\/2022\/06\/experiencia-instantaneo-gas-calorex-plenus-600x383.jpg 600w\" sizes=\"(max-width: 800px) 100vw, 800px\" \/><\/strong><\/p>\n<p>&nbsp;<\/p>\n<div>\n<p><strong>CARACTER\u00cdTICAS:<\/strong><\/p>\n<ul>\n<li><strong>Moderno y amplio display digital<\/strong> &#8211; Muestra la temperatura ideal y funciones principales.<\/li>\n<li><strong>Tecnolog\u00eda Ultra Low<\/strong> &#8211; Funciona con baja y alta presi\u00f3n, se adapta f\u00e1cilmente a cualquier hogar.<\/li>\n<li><strong>Tecnolog\u00eda de encendido suave<\/strong> &#8211; Seguro y silencioso.<\/li>\n<\/ul>\n<\/div>\n<p>&nbsp;<\/p>\n<p><strong>CON\u00d3CELO<\/strong><\/p>\n<ul>\n<li><strong>Tubo de serpent\u00edn<\/strong> &#8211; Sistema interior por donde el agua alcanza la temperatura ideal para un confort perfecto al abrir la llave del agua caliente.<\/li>\n<li><strong>Sensor de ionizaci\u00f3n de llama<\/strong> &#8211; Valida que haya presencia de flama mientras libera gas, de lo contrario, el sistema apagar\u00e1 el equipo.<\/li>\n<li><strong>Perilla de regulaci\u00f3n<\/strong> &#8211; Moderna y elegante que te permite elegir la temperatura de forma f\u00e1cil.<\/li>\n<li><strong>Caja de pilas<\/strong> &#8211; Resguarda las bater\u00edas. Con su exclusivo indicador en display podr\u00e1s hacer un cambio de forma oportuna y evitar quedarte sin agua caliente.<\/li>\n<li><strong>Conexi\u00f3n de agua caliente<\/strong> &#8211; Despu\u00e9s del recorrido del agua en el interior, aqu\u00ed es donde sale caliente y directo a tu regadera.<\/li>\n<li><strong>Conexi\u00f3n\/Entrada de agua fr\u00eda<\/strong> &#8211; Aqu\u00ed ingresa el agua fr\u00eda y comienza el calentamiento mientras recorre el interior.<\/li>\n<li><strong>Moderno y amplio display<\/strong> &#8211; Muestra la temperatura del agua y funciones principales. Adem\u00e1s su indicador de nivel de bater\u00eda, te avisa para que puedas cambiarla de forma oportuna y siempre disfrutes la temperatura ideal.<\/li>\n<li><strong>Quemador de alto rendimiento<\/strong> &#8211; Garantiza mayor eficiencia y capacidad para obtener agua caliente de forma inmediata.<\/li>\n<li><strong>Sensor de sobretemperatura<\/strong> &#8211; Detecta si la temperatura excede el l\u00edmite permitido y apaga el sistema.<\/li>\n<\/ul>\n<div><\/div>\n<div><\/div>\n<div><\/div>\n<p style=\"text-align: center;\"><strong>TABLA DE ESPECIFICACIONES<\/strong><\/p>\n<table style=\"height: 616px; width: 100%; border-collapse: collapse; border-style: solid; border-color: #000000;\" border=\"1\" cellspacing=\"4\" cellpadding=\"4\">\n<tbody>\n<tr style=\"border-color: #; background-color: #b00000; height: 48px;\">\n<td style=\"width: 50%; height: 48px;\"><span style=\"color: #ffffff;\"><strong>MODELO<\/strong><\/span><\/td>\n<td style=\"width: 50%; height: 48px;\"><span style=\"color: #ffffff;\"><strong>PLENUS 13<\/strong><\/span><\/td>\n<\/tr>\n<tr style=\"height: 24px;\">\n<td style=\"width: 50%; border-style: solid; border-color: #000000; height: 24px;\">Tipo<\/td>\n<td style=\"width: 50%; border-style: solid; border-color: #000000; height: 24px;\">Instant\u00e1neo<\/td>\n<\/tr>\n<tr style=\"height: 48px;\">\n<td style=\"width: 50%; border-style: solid; border-color: #000000; height: 19px;\">Recomendaci\u00f3n por n\u00fam. de servicios*<\/td>\n<td style=\"width: 50%; border-style: solid; border-color: #000000; height: 19px;\">2 Plus<\/td>\n<\/tr>\n<tr style=\"height: 24px;\">\n<td style=\"width: 50%; border-style: solid; border-color: #000000; height: 24px;\">Capacidad a nivel de mar (L\/min)<\/td>\n<td style=\"width: 50%; border-style: solid; border-color: #000000; height: 24px;\">13<\/td>\n<\/tr>\n<tr>\n<td style=\"width: 50%; border-style: solid; border-color: #000000;\">Capacidad a 2200 msnm (L\/min)<\/td>\n<td style=\"width: 50%; border-style: solid; border-color: #000000;\">11<\/td>\n<\/tr>\n<tr style=\"height: 24px;\">\n<td style=\"width: 50%; border-style: solid; border-color: #000000; height: 24px;\">Altura total (cm)<\/td>\n<td style=\"width: 50%; border-style: solid; border-color: #000000; height: 24px;\">62,2<\/td>\n<\/tr>\n<tr style=\"height: 24px;\">\n<td style=\"width: 50%; border-style: solid; border-color: #000000; height: 24px;\">Frente (cm)<\/td>\n<td style=\"width: 50%; border-style: solid; border-color: #000000; height: 24px;\">35<\/td>\n<\/tr>\n<tr>\n<td style=\"width: 50%; border-style: solid; border-color: #000000;\">Fondo (cm)<\/td>\n<td style=\"width: 50%; border-style: solid; border-color: #000000;\">18,5<\/td>\n<\/tr>\n<tr style=\"height: 24px;\">\n<td style=\"width: 50%; border-style: solid; border-color: #000000; height: 10px;\">Peso del producto (kg)<\/td>\n<td style=\"width: 50%; border-style: solid; border-color: #000000; height: 10px;\">8,95<\/td>\n<\/tr>\n<tr style=\"height: 24px;\">\n<td style=\"width: 50%; border-style: solid; border-color: #000000; height: 24px;\">Carga t\u00e9rmica (kW)<\/td>\n<td style=\"width: 50%; border-style: solid; border-color: #000000; height: 24px;\">17,44<\/td>\n<\/tr>\n<tr style=\"height: 24px;\">\n<td style=\"width: 50%; border-style: solid; border-color: #000000; height: 24px;\">Incremento de temperatura (salida-entrada) \u00b0C<\/td>\n<td style=\"width: 50%; border-style: solid; border-color: #000000; height: 24px;\">25<\/td>\n<\/tr>\n<tr>\n<td style=\"width: 50%; border-style: solid; border-color: #000000;\">Flujo m\u00ednimo de encendido (L\/min)<\/td>\n<td style=\"width: 50%; border-style: solid; border-color: #000000;\">3,8<\/td>\n<\/tr>\n<tr style=\"height: 24px;\">\n<td style=\"width: 50%; border-style: solid; border-color: #000000; height: 24px;\">Presi\u00f3n hidr\u00e1ulica m\u00e1xima de trabajo MPa (kg\/cm\u00b2)**<\/td>\n<td style=\"width: 50%; border-style: solid; border-color: #000000; height: 24px;\">0,45 (4,59)<\/td>\n<\/tr>\n<tr>\n<td style=\"width: 50%; border-style: solid; border-color: #000000;\">Presi\u00f3n hidrost\u00e1tica m\u00ednima requerida para la apertura<br \/>\nde control de suministro de gas MPa<\/td>\n<td style=\"width: 50%; border-style: solid; border-color: #000000;\">0,0098<\/td>\n<\/tr>\n<tr style=\"height: 24px;\">\n<td style=\"width: 50%; border-style: solid; border-color: #000000; height: 24px;\">Eficiencia promedio (nueva NOM-003-2021)<\/td>\n<td style=\"width: 50%; border-style: solid; border-color: #000000; height: 24px;\">85%<\/td>\n<\/tr>\n<tr style=\"height: 24px;\">\n<td style=\"width: 50%; border-style: solid; border-color: #000000; height: 24px;\">Tipo de gas<\/td>\n<td style=\"width: 50%; border-style: solid; border-color: #000000; height: 24px;\">Natural<\/td>\n<\/tr>\n<tr style=\"height: 80px;\">\n<td style=\"width: 50%; border-style: solid; border-color: #000000; height: 27px;\">Presi\u00f3n de gas requerida<\/td>\n<td style=\"width: 50%; border-style: solid; border-color: #000000; height: 27px;\">Gas LP 2,74 kPa (27,94 gf\/cm\u00b2)(11&#8243; W.C.)<br \/>\nGas Natural 1,76 kPa (17,95 gf\/cm\u00b2)(7\u201d W.C.)<\/td>\n<\/tr>\n<tr style=\"height: 20px;\">\n<td style=\"width: 50%; border-style: solid; border-color: #000000; height: 23px;\">Emisi\u00f3n de mon\u00f3xido (ppm)<\/td>\n<td style=\"width: 50%; border-style: solid; border-color: #000000; height: 23px;\">&lt;180<\/td>\n<\/tr>\n<tr style=\"height: 20px;\">\n<td style=\"width: 50%; border-style: solid; border-color: #000000; height: 10px;\">Recubrimiento exterior<\/td>\n<td style=\"width: 50%; border-style: solid; border-color: #000000; height: 10px;\">Pintura horneada<\/td>\n<\/tr>\n<tr style=\"height: 20px;\">\n<td style=\"width: 50%; border-style: solid; border-color: #000000; height: 22px;\">Tipo de encendido<\/td>\n<td style=\"width: 50%; border-style: solid; border-color: #000000; height: 22px;\">Autom\u00e1tico por demanda de agua<\/td>\n<\/tr>\n<tr style=\"height: 20px;\">\n<td style=\"width: 50%; border-style: solid; border-color: #000000; height: 25px;\">Tipo de control de temperatura<\/td>\n<td style=\"width: 50%; border-style: solid; border-color: #000000; height: 25px;\">Perilla y display digital<\/td>\n<\/tr>\n<tr style=\"height: 20px;\">\n<td style=\"width: 50%; border-style: solid; border-color: #000000; height: 20px;\">V\u00e1lvula de alivio (psi)<\/td>\n<td style=\"width: 50%; border-style: solid; border-color: #000000; height: 20px;\">Incluida<\/td>\n<\/tr>\n<tr style=\"height: 20px;\">\n<td style=\"width: 50%; border-style: solid; border-color: #000000; height: 24px;\">Conexi\u00f3n de entrada y salida de agua mm (in)<\/td>\n<td style=\"width: 50%; border-style: solid; border-color: #000000; height: 24px;\">12,7<\/td>\n<\/tr>\n<tr style=\"height: 20px;\">\n<td style=\"width: 50%; border-style: solid; border-color: #000000; height: 26px;\">Conexi\u00f3n de gas mm (in)<\/td>\n<td style=\"width: 50%; border-style: solid; border-color: #000000; height: 26px;\">12,7<\/td>\n<\/tr>\n<tr style=\"height: 20px;\">\n<td style=\"width: 50%; border-style: solid; border-color: #000000; height: 29px;\">Di\u00e1metro de tubo para evacuaci\u00f3n de gases (mm)<\/td>\n<td style=\"width: 50%; border-style: solid; border-color: #000000; height: 29px;\">92<\/td>\n<\/tr>\n<tr>\n<td style=\"width: 50%; border-style: solid; border-color: #000000;\">Longitud m\u00e1xima de tubo para evacuaci\u00f3n de gases (mm)***<\/td>\n<td style=\"width: 50%; border-style: solid; border-color: #000000;\">500<\/td>\n<\/tr>\n<tr>\n<td style=\"width: 50%; border-style: solid; border-color: #000000;\">Voltaje de alimentaci\u00f3n (VCD)<\/td>\n<td style=\"width: 50%; border-style: solid; border-color: #000000;\">Utiliza 2 bater\u00edas tipo \u201cD\u201d (1,5 V) (no incluidas)<\/td>\n<\/tr>\n<tr style=\"height: 20px;\">\n<td style=\"width: 50%; border-style: solid; border-color: #000000; height: 20px;\">Garant\u00eda ****<\/td>\n<td style=\"width: 50%; border-style: solid; border-color: #000000; height: 20px;\">4 a\u00f1os de garant\u00eda total<\/td>\n<\/tr>\n<\/tbody>\n<\/table>\n<p>&nbsp;<\/p>\n<p><span style=\"font-size: 10pt;\">* 1 servicio equivale a una regadera de 4 L\/min; \u00bd servicio equivale a 3 L\/min. Se recomienda instalar <\/span><span style=\"font-size: 10pt;\">el calentador lo m\u00e1s cerca de la regadera. Las medidas son nominales.<\/span><br \/>\n<span style=\"font-size: 10pt;\">** Presi\u00f3n m\u00ednima 1 m (100 g\/cm\u00b2), presi\u00f3n recomendada de 2 m (200 g\/cm\u00b2) en ca\u00edda vertical. <\/span><span style=\"font-size: 10pt;\">Rango recomendado 200 g\/cm\u00b2 a 2,5 kgf\/cm\u00b2.<\/span><br \/>\n<span style=\"font-size: 10pt;\">*** Requerida para instalaci\u00f3n en interiores y recomendada para exteriores. Consulte manual.<\/span><br \/>\n<span style=\"font-size: 10pt;\">**** La garant\u00eda de 4 a\u00f1os aplicar\u00e1 siempre y cuando el producto se haya registrado debidamente <\/span><span style=\"font-size: 10pt;\">llamando al: 800 225 67 39 dentro de los 90 d\u00edas posteriores a la compra, de lo contrario, la garant\u00eda <\/span><span style=\"font-size: 10pt;\">ser\u00e1 de 3 a\u00f1os. La garant\u00eda no es acumulable con otras promociones de garant\u00eda extendida. La garant\u00eda <\/span><span style=\"font-size: 10pt;\">es v\u00e1lida solo dentro de la Rep\u00fablica Mexicana. La garant\u00eda del producto en otros pa\u00edses ser\u00e1 de 1 a\u00f1o.<\/span><\/p>\n<p>&nbsp;<\/p>\n<p>&nbsp;<\/p>\n<p style=\"text-align: center;\"><strong>COMPONENTES<\/strong><\/p>\n<p style=\"text-align: center;\"><img loading=\"lazy\" decoding=\"async\" class=\"alignnone size-full wp-image-29057\" src=\"https:\/\/h2otek.com\/tienda\/wp-content\/uploads\/2022\/06\/componentes-instantaneo-gas-calorex-plenus.jpg\" alt=\"\" width=\"800\" height=\"629\" srcset=\"https:\/\/h2otek.com\/tienda\/wp-content\/uploads\/2022\/06\/componentes-instantaneo-gas-calorex-plenus.jpg 800w, https:\/\/h2otek.com\/tienda\/wp-content\/uploads\/2022\/06\/componentes-instantaneo-gas-calorex-plenus-300x236.jpg 300w, https:\/\/h2otek.com\/tienda\/wp-content\/uploads\/2022\/06\/componentes-instantaneo-gas-calorex-plenus-768x604.jpg 768w, https:\/\/h2otek.com\/tienda\/wp-content\/uploads\/2022\/06\/componentes-instantaneo-gas-calorex-plenus-600x472.jpg 600w\" sizes=\"(max-width: 800px) 100vw, 800px\" \/><\/p>\n<p>&nbsp;<\/p>\n<p>&nbsp;<\/p>\n<p>&nbsp;<\/p>\n<p style=\"text-align: center;\"><strong>VENTAJAS<\/strong><\/p>\n<p style=\"text-align: center;\"><img loading=\"lazy\" decoding=\"async\" class=\"alignnone size-full wp-image-29058\" src=\"https:\/\/h2otek.com\/tienda\/wp-content\/uploads\/2022\/06\/ventajas-instantaneo-gas-calorex-plenus.jpg\" alt=\"\" width=\"800\" height=\"961\" srcset=\"https:\/\/h2otek.com\/tienda\/wp-content\/uploads\/2022\/06\/ventajas-instantaneo-gas-calorex-plenus.jpg 800w, https:\/\/h2otek.com\/tienda\/wp-content\/uploads\/2022\/06\/ventajas-instantaneo-gas-calorex-plenus-250x300.jpg 250w, https:\/\/h2otek.com\/tienda\/wp-content\/uploads\/2022\/06\/ventajas-instantaneo-gas-calorex-plenus-768x923.jpg 768w, https:\/\/h2otek.com\/tienda\/wp-content\/uploads\/2022\/06\/ventajas-instantaneo-gas-calorex-plenus-600x721.jpg 600w\" sizes=\"(max-width: 800px) 100vw, 800px\" \/><\/p>\n<p>&nbsp;<\/p>\n<p>&nbsp;<\/p>\n<p style=\"text-align: center;\"><strong>DIMENSIONES<\/strong><\/p>\n<p style=\"text-align: center;\"><img loading=\"lazy\" decoding=\"async\" class=\"alignnone wp-image-29061 size-full\" src=\"https:\/\/h2otek.com\/tienda\/wp-content\/uploads\/2022\/06\/dimensiones-instantaneo-gas-calorex-plenus-13.jpg\" alt=\"\" width=\"800\" height=\"408\" srcset=\"https:\/\/h2otek.com\/tienda\/wp-content\/uploads\/2022\/06\/dimensiones-instantaneo-gas-calorex-plenus-13.jpg 800w, https:\/\/h2otek.com\/tienda\/wp-content\/uploads\/2022\/06\/dimensiones-instantaneo-gas-calorex-plenus-13-300x153.jpg 300w, https:\/\/h2otek.com\/tienda\/wp-content\/uploads\/2022\/06\/dimensiones-instantaneo-gas-calorex-plenus-13-768x392.jpg 768w, https:\/\/h2otek.com\/tienda\/wp-content\/uploads\/2022\/06\/dimensiones-instantaneo-gas-calorex-plenus-13-600x306.jpg 600w\" sizes=\"(max-width: 800px) 100vw, 800px\" \/><\/p>\n<p>&nbsp;<\/p>\n<p>&nbsp;<\/p>\n<p style=\"text-align: center;\"><strong>VIDEO<\/strong><\/p>\n<p><iframe title=\"Calorex PLENUS: \u00a1M\u00e1s agua caliente al instante y sin l\u00edmites!\" width=\"500\" height=\"281\" src=\"https:\/\/www.youtube.com\/embed\/benpOomZJw0?feature=oembed\" frameborder=\"0\" allow=\"accelerometer; autoplay; clipboard-write; encrypted-media; gyroscope; picture-in-picture; web-share\" referrerpolicy=\"strict-origin-when-cross-origin\" allowfullscreen><\/iframe><\/p>\n<p>&nbsp;<\/p>\n<p>&nbsp;<\/p>\n<p style=\"text-align: center;\"><img loading=\"lazy\" decoding=\"async\" class=\"size-full wp-image-22673 aligncenter\" src=\"https:\/\/h2otek.com\/tienda\/wp-content\/uploads\/2022\/06\/garantia-calentador-plenus.jpg\" alt=\"\" width=\"300\" height=\"146\" \/><br \/>\nContamos con la garant\u00eda m\u00e1s amplia del mercado*<\/p>\n<p>&nbsp;<\/p>\n<p>&nbsp;<\/p>\n<p><span style=\"color: #4a4a4a;\"><strong>DESCARGAR MANUALES:<\/strong><\/span><\/p>\n<ul>\n<li><a href=\"https:\/\/h2otek.com\/tienda\/wp-content\/uploads\/2022\/06\/FICHA-TECNICA-CALOREX-PLENUS.pdf\" target=\"_blank\" rel=\"noopener\"><strong>FICHA T\u00c9CNICA<\/strong><\/a><\/li>\n<li><a href=\"https:\/\/h2otek.com\/tienda\/wp-content\/uploads\/2022\/06\/MANUAL-PLENUS-CALOREX.pdf\" target=\"_blank\" rel=\"noopener\"><strong>MANUAL DEL USUARIO<\/strong><\/a><\/li>\n<\/ul>\n","protected":false},"excerpt":{"rendered":"<h1><span style=\"color: #d0121a; font-size: 12pt;\"><strong>PRECIO\u00a0EN PESOS MEXICANOS.<br \/>\nPRECIO INCLUYE 16 % DE I.V.A.<br \/>\nPRECIO INCLUYE ENVIO (ZONA CENTRO).<\/strong><\/span><\/h1>\n<h3 style=\"text-align: left;\"><span style=\"color: #ac0000;\"><br \/>\nServicios Simult\u00e1neos:<br \/>\n2 SERVICIOS<\/span><\/h3>\n<h5 style=\"text-align: left;\"><span style=\"color: #ac0000;\"><img loading=\"lazy\" decoding=\"async\" src=\"https:\/\/h2otek.com\/tienda\/img\/cms\/aguacaliente\/calorex\/depaso\/icS-regaderaCX.png\" alt=\"\" width=\"52\" height=\"50\" \/><span style=\"color: #000000;\">\u00a0 1 Servicio = 1 regadera de\u00a04 L\/min<\/span><\/span><\/h5>\n<h5><span style=\"color: #ac0000;\"><span style=\"color: #000000;\"><img loading=\"lazy\" decoding=\"async\" src=\"https:\/\/h2otek.com\/tienda\/img\/cms\/aguacaliente\/calorex\/depaso\/icS-lavamanosCX.png\" alt=\"\" width=\"52\" height=\"50\" \/>\u00a0 \u00bd Servicio = 1 lavabo de 3 L\/min<\/span><\/span><\/h5>\n<p>&nbsp;<\/p>\n<h1 style=\"text-align: left;\"><em><strong><span style=\"font-size: small;\">APLICACIONES M\u00c1S\u00a0 COMUNES:<\/span><\/strong><\/em><\/h1>\n<ul>\n<li style=\"text-align: left;\"><strong><em><span style=\"font-size: small;\">CASAS<\/span><\/em><\/strong><\/li>\n<li style=\"text-align: left;\"><strong><em><span style=\"font-size: small;\">RESIDENCIAS<\/span><\/em><\/strong><\/li>\n<li style=\"text-align: left;\"><strong><em><span style=\"font-size: small;\">DEPARTAMENTOS<\/span><\/em><\/strong><\/li>\n<li style=\"text-align: left;\"><strong><em><span style=\"font-size: small;\">CONDOMINIOS, ETC.<\/span><\/em><\/strong><\/li>\n<\/ul>\n","protected":false},"featured_media":29053,"comment_status":"closed","ping_status":"closed","template":"","meta":[],"pwb-brand":[],"product_brand":[],"product_cat":[454,367],"product_tag":[],"class_list":{"0":"post-22697","1":"product","2":"type-product","3":"status-publish","4":"has-post-thumbnail","6":"product_cat-gas-natural-de-paso-boilers-calentadores-de-agua","7":"product_cat-instantaneos-de-paso-gas-boilers-calentadores-de-agua","9":"first","10":"outofstock","11":"purchasable","12":"product-type-simple"},"brands":[],"_links":{"self":[{"href":"https:\/\/h2otek.com\/tienda\/wp-json\/wp\/v2\/product\/22697","targetHints":{"allow":["GET"]}}],"collection":[{"href":"https:\/\/h2otek.com\/tienda\/wp-json\/wp\/v2\/product"}],"about":[{"href":"https:\/\/h2otek.com\/tienda\/wp-json\/wp\/v2\/types\/product"}],"replies":[{"embeddable":true,"href":"https:\/\/h2otek.com\/tienda\/wp-json\/wp\/v2\/comments?post=22697"}],"wp:featuredmedia":[{"embeddable":true,"href":"https:\/\/h2otek.com\/tienda\/wp-json\/wp\/v2\/media\/29053"}],"wp:attachment":[{"href":"https:\/\/h2otek.com\/tienda\/wp-json\/wp\/v2\/media?parent=22697"}],"wp:term":[{"taxonomy":"pwb-brand","embeddable":true,"href":"https:\/\/h2otek.com\/tienda\/wp-json\/wp\/v2\/pwb-brand?post=22697"},{"taxonomy":"product_brand","embeddable":true,"href":"https:\/\/h2otek.com\/tienda\/wp-json\/wp\/v2\/product_brand?post=22697"},{"taxonomy":"product_cat","embeddable":true,"href":"https:\/\/h2otek.com\/tienda\/wp-json\/wp\/v2\/product_cat?post=22697"},{"taxonomy":"product_tag","embeddable":true,"href":"https:\/\/h2otek.com\/tienda\/wp-json\/wp\/v2\/product_tag?post=22697"}],"curies":[{"name":"wp","href":"https:\/\/api.w.org\/{rel}","templated":true}]}}