{"id":22636,"date":"2022-05-27T15:47:11","date_gmt":"2022-05-27T15:47:11","guid":{"rendered":"https:\/\/h2otek.com\/tienda\/?post_type=product&#038;p=22636"},"modified":"2023-04-27T23:01:35","modified_gmt":"2023-04-27T23:01:35","slug":"boiler-de-deposito-electrico-35-litros-120v-para-interiores-marca-rheem-linea-mural-mod-rme-chn35l","status":"publish","type":"product","link":"https:\/\/h2otek.com\/tienda\/producto\/boiler-de-deposito-electrico-35-litros-120v-para-interiores-marca-rheem-linea-mural-mod-rme-chn35l\/","title":{"rendered":"BOILER DE DEPOSITO EL\u00c9CTRICO 35 LITROS 120V PARA INTERIORES MARCA RHEEM L\u00cdNEA MURAL MOD. RME-CHN35L"},"content":{"rendered":"<div style=\"text-align: center;\"><img fetchpriority=\"high\" decoding=\"async\" class=\"aligncenter wp-image-22639 size-full\" src=\"https:\/\/h2otek.com\/tienda\/wp-content\/uploads\/2022\/05\/header-bolier-electrico-mural-interiores-35L.jpg\" alt=\"\" width=\"600\" height=\"300\" srcset=\"https:\/\/h2otek.com\/tienda\/wp-content\/uploads\/2022\/05\/header-bolier-electrico-mural-interiores-35L.jpg 600w, https:\/\/h2otek.com\/tienda\/wp-content\/uploads\/2022\/05\/header-bolier-electrico-mural-interiores-35L-300x150.jpg 300w\" sizes=\"(max-width: 600px) 100vw, 600px\" \/><\/div>\n<div>\n<div><\/div>\n<div>Dise\u00f1o, seguridad y tecnolog\u00eda en un mismo equipo que brinda agua caliente para familias modernas y pr\u00e1cticas. Producto ecol\u00f3gico, sin emisiones contaminantes.<\/div>\n<ul>\n<li>Ideal para lugares con restricci\u00f3n de gas<\/li>\n<li>Ideal para interiores y puntos de uso<\/li>\n<\/ul>\n<\/div>\n<p>&nbsp;<\/p>\n<p><strong>CARACTER\u00cdSTICAS<br \/>\nLA GRAN DIFERENCIA RHEEM<\/strong><\/p>\n<div style=\"text-align: justify;\"><strong>Zafiro\/Blue Xpand<\/strong><\/div>\n<div style=\"text-align: justify;\">\n<p>Tanque con recubrimiento porcelanizado reforzado,\u00a0que protege el interior, maximizando la vida \u00fatil de tu producto.<\/p>\n<\/div>\n<div style=\"text-align: justify;\"><strong>Resistencias reforzadas Blue Xpand*<\/strong><\/div>\n<div style=\"text-align: justify;\">\n<p>Recubrimiento porcelanizado reforzado, que protege\u00a0las resistencias, maximizando la vida \u00fatil de tu producto.<\/p>\n<\/div>\n<div style=\"text-align: justify;\"><strong>Silver Ions*<\/strong><\/div>\n<div style=\"text-align: justify;\">\n<p>Nano part\u00edculas de plata adicionadas al tubo de\u00a0entrada de agua del producto, minimizando casi al 100% las bacterias en el agua.<\/p>\n<\/div>\n<div style=\"text-align: justify;\"><strong>AI-Smart***<\/strong><\/div>\n<div style=\"text-align: justify;\">\n<p>Funci\u00f3n inteligente que registra tus h\u00e1bitos y los replica, para minimizar el uso de energ\u00eda y disponer de agua caliente siempre que lo necesites.<\/p>\n<div><strong>AR Protec 4x*<\/strong><\/div>\n<div>\n<p>\u00c1nodo Resistido que dura 4 veces m\u00e1s, protegiendo\u00a0el interior de tu calentador por m\u00e1s tiempo.<\/p>\n<\/div>\n<div><strong>Microfoam HD<\/strong><\/div>\n<div>\n<p>Espuma microcelular de alta densidad, que disminuye las p\u00e9rdidas de calor.<\/p>\n<\/div>\n<div><strong>Servicios<\/strong><\/div>\n<div>\n<p>M\u00faltiples servicios con temperatura estable.<\/p>\n<div><em>* Caracter\u00edstica exclusiva Rheem.<\/em><\/div>\n<div><em>** Caracter\u00edsticas exclusivas modelos 35L y 50L.<\/em><\/div>\n<\/div>\n<\/div>\n<p>&nbsp;<\/p>\n<p>&nbsp;<\/p>\n<p style=\"text-align: center;\"><strong>PARTES DEL CALENTADOR<\/strong><\/p>\n<p><strong><img decoding=\"async\" style=\"float: left;\" src=\"https:\/\/h2otek.com\/tienda\/wp-content\/uploads\/2022\/05\/partes-bolier-electrico-mural-interiores-35-50L.jpg\" alt=\"\" width=\"229\" height=\"401\" \/><\/strong><\/p>\n<ol>\n<li>Microfoam HD aislante t\u00e9rmico de poliuretano de alta densidad, que disminuye las p\u00e9ridas de calor.<\/li>\n<li>\n<div>\n<p>Porcelanizado Blue Xpand*\u00a0protege\u00a0el calentador d\u00e1ndole durabilidad y resistencia contra la corrosi\u00f3n.<\/p>\n<\/div>\n<\/li>\n<li>\n<div>\n<p>Resistencias el\u00e9ctricas de alta calidad*, que maximizan el aprovechamiento de la energ\u00eda.<\/p>\n<\/div>\n<\/li>\n<li>\n<div>\n<p>Interruptor t\u00e9rmico de seguridad\u00a0que corta la alimentaci\u00f3n el\u00e9ctrica para garantizar tu seguridad.<\/p>\n<\/div>\n<\/li>\n<li>Pantalla Digital de temperatura de alta precisi\u00f3n.<\/li>\n<li>\n<div>\n<p>\u00c1nodo Resistido*\u00a0que dura 4 veces\u00a0m\u00e1s protegiendo el interior de tu calentador por m\u00e1s tiempo.<\/p>\n<\/div>\n<\/li>\n<li>Tanque de grueso calibre que ofrece m\u00e1xima durabilidad.<\/li>\n<li>Botones para control de temperatura de alta precisi\u00f3n para disfrutar del ba\u00f1o ideal.<\/li>\n<li>Control remoto que ayuda a ajustar la temperatura a distancia.V\u00e1lvula de alivio que garantiza la m\u00e1xima seguridad en tu hogar.<\/li>\n<\/ol>\n<p><em>* Caracter\u00edsticas exclusivas Rheem<\/em><br \/>\n<em>\u00a0 \u00a0Ilustraci\u00f3n gen\u00e9rica, solo para referencia.<\/em><\/p>\n<p>&nbsp;<\/p>\n<p style=\"text-align: center;\"><strong>PANEL<\/strong><\/p>\n<p style=\"text-align: center;\"><img decoding=\"async\" class=\"aligncenter wp-image-22627 size-full\" src=\"https:\/\/h2otek.com\/tienda\/wp-content\/uploads\/2022\/05\/panel-bolier-electrico-mural-interiores-10L.jpg\" alt=\"\" width=\"500\" height=\"500\" srcset=\"https:\/\/h2otek.com\/tienda\/wp-content\/uploads\/2022\/05\/panel-bolier-electrico-mural-interiores-10L.jpg 500w, https:\/\/h2otek.com\/tienda\/wp-content\/uploads\/2022\/05\/panel-bolier-electrico-mural-interiores-10L-300x300.jpg 300w, https:\/\/h2otek.com\/tienda\/wp-content\/uploads\/2022\/05\/panel-bolier-electrico-mural-interiores-10L-150x150.jpg 150w, https:\/\/h2otek.com\/tienda\/wp-content\/uploads\/2022\/05\/panel-bolier-electrico-mural-interiores-10L-100x100.jpg 100w\" sizes=\"(max-width: 500px) 100vw, 500px\" \/><\/p>\n<p>&nbsp;<\/p>\n<p>&nbsp;<\/p>\n<p style=\"text-align: center;\"><strong>CONTROL<\/strong><\/p>\n<p style=\"text-align: center;\"><img loading=\"lazy\" decoding=\"async\" class=\"aligncenter wp-image-22628 size-full\" src=\"https:\/\/h2otek.com\/tienda\/wp-content\/uploads\/2022\/05\/control-bolier-electrico-mural-interiores-10L.jpg\" alt=\"\" width=\"500\" height=\"500\" srcset=\"https:\/\/h2otek.com\/tienda\/wp-content\/uploads\/2022\/05\/control-bolier-electrico-mural-interiores-10L.jpg 500w, https:\/\/h2otek.com\/tienda\/wp-content\/uploads\/2022\/05\/control-bolier-electrico-mural-interiores-10L-300x300.jpg 300w, https:\/\/h2otek.com\/tienda\/wp-content\/uploads\/2022\/05\/control-bolier-electrico-mural-interiores-10L-150x150.jpg 150w, https:\/\/h2otek.com\/tienda\/wp-content\/uploads\/2022\/05\/control-bolier-electrico-mural-interiores-10L-100x100.jpg 100w\" sizes=\"(max-width: 500px) 100vw, 500px\" \/><\/p>\n<p>&nbsp;<\/p>\n<p style=\"text-align: center;\"><strong>DIMENSIONES<\/strong><\/p>\n<p style=\"text-align: center;\"><img loading=\"lazy\" decoding=\"async\" class=\"aligncenter wp-image-22642 size-full\" src=\"https:\/\/h2otek.com\/tienda\/wp-content\/uploads\/2022\/05\/dimensiones-bolier-electrico-mural-interiores-35L.jpg\" alt=\"\" width=\"600\" height=\"600\" srcset=\"https:\/\/h2otek.com\/tienda\/wp-content\/uploads\/2022\/05\/dimensiones-bolier-electrico-mural-interiores-35L.jpg 600w, https:\/\/h2otek.com\/tienda\/wp-content\/uploads\/2022\/05\/dimensiones-bolier-electrico-mural-interiores-35L-300x300.jpg 300w, https:\/\/h2otek.com\/tienda\/wp-content\/uploads\/2022\/05\/dimensiones-bolier-electrico-mural-interiores-35L-150x150.jpg 150w, https:\/\/h2otek.com\/tienda\/wp-content\/uploads\/2022\/05\/dimensiones-bolier-electrico-mural-interiores-35L-100x100.jpg 100w\" sizes=\"(max-width: 600px) 100vw, 600px\" \/><\/p>\n<p>&nbsp;<\/p>\n<p style=\"text-align: center;\"><strong>TABLAS DE ESPECIFICACIONES<\/strong><\/p>\n<p style=\"text-align: center;\"><img loading=\"lazy\" decoding=\"async\" class=\"aligncenter wp-image-22644 size-full\" src=\"https:\/\/h2otek.com\/tienda\/wp-content\/uploads\/2022\/05\/especificaciones-bolier-electrico-mural-interiores-35L.gif\" alt=\"\" width=\"565\" height=\"465\" \/><\/p>\n<p>&nbsp;<\/p>\n<p>DESCARGAR MANUALES:<\/p>\n<ul>\n<li><a href=\"https:\/\/h2otek.com\/tienda\/wp-content\/uploads\/2022\/05\/Ficha-Calentador-de-Deposito-Electrico-Mural-Modelo-actual.pdf\" target=\"_blank\" rel=\"noopener\"><strong>FICHA T\u00c9CNICA<\/strong><\/a><\/li>\n<li><a href=\"https:\/\/h2otek.com\/tienda\/wp-content\/uploads\/2022\/05\/Manual-Calentador-Electrico-Mural-35-Y-50L-2021.pdf\" target=\"_blank\" rel=\"noopener\"><strong>MANUAL DEL USUARIO<\/strong><\/a><\/li>\n<\/ul>\n<p><strong>\u00a0\u00a0<\/strong><\/p>\n<div><\/div>\n<div><strong><span style=\"color: #000000;\">PRECIO INCLUYE GASTOS DE ENVIO (GRATIS) E IMPUESTO 16% DE IVA<\/span><\/strong><\/div>\n<div style=\"text-align: justify;\"><\/div>\n<div><\/div>\n","protected":false},"excerpt":{"rendered":"<p>&nbsp;<\/p>\n<h1><strong><span style=\"color: #d0121a; font-size: 12pt;\">PRECIO\u00a0EN PESOS MEXICANOS.<br \/>\nPRECIO INCLUYE 16 % DE I.V.A.<br \/>\nPRECIO INCLUYE ENVIO (ZONA CENTRO).<\/span><\/strong><\/h1>\n<p><span style=\"color: #000000;\">BOILER DE DEP\u00d3SITO EL\u00c9CTRICO 35 LITROS PARA 1 SERVICIO<\/span><\/p>\n<p style=\"text-align: left;\"><em><strong><span style=\"font-size: small; color: #000000;\">RECOMENDADO PARA PUNTO DE USO<\/span><\/strong><\/em><\/p>\n<p style=\"text-align: left;\"><em><span style=\"font-size: small;\"><strong>IDEALES PARA CUALQUIER NECESIDAD DE AGUA CALIENTE, COMO PUEDE SER EN:<\/strong><\/span><\/em><\/p>\n<ul>\n<li style=\"text-align: left;\"><em><strong><span style=\"font-size: small;\">CASAS<\/span><\/strong><\/em><\/li>\n<li style=\"text-align: left;\"><em><strong><span style=\"font-size: small;\">ESTETICAS<\/span><\/strong><\/em><\/li>\n<li style=\"text-align: left;\"><em><strong><span style=\"font-size: small;\">SPA<\/span><\/strong><\/em><\/li>\n<li style=\"text-align: left;\"><em><strong><span style=\"font-size: small;\">RESIDENCIAS<\/span><\/strong><\/em><\/li>\n<li style=\"text-align: left;\"><em><strong><span style=\"font-size: small;\">DEPARTAMENTOS<\/span><\/strong><\/em><\/li>\n<li style=\"text-align: left;\"><em><strong><span style=\"font-size: small;\">CONDOMINIOS<\/span><\/strong><\/em><\/li>\n<li style=\"text-align: left;\"><em><strong><span style=\"font-size: small;\">CASA DE CAMPO<\/span><\/strong><\/em><\/li>\n<li style=\"text-align: left;\"><em><strong><span style=\"font-size: small;\">LOCALES, <\/span><\/strong><\/em><em><strong><span style=\"font-size: small;\">ETC.<\/span><\/strong><\/em><\/li>\n<\/ul>\n","protected":false},"featured_media":22638,"comment_status":"closed","ping_status":"closed","template":"","meta":[],"pwb-brand":[1161],"product_brand":[],"product_cat":[577],"product_tag":[],"class_list":{"0":"post-22636","1":"product","2":"type-product","3":"status-publish","4":"has-post-thumbnail","6":"pwb-brand-rheem","7":"product_cat-linea-mural","9":"first","10":"onbackorder","11":"product-type-simple"},"brands":[{"id":1161,"name":"Rheem","slug":"rheem"}],"_links":{"self":[{"href":"https:\/\/h2otek.com\/tienda\/wp-json\/wp\/v2\/product\/22636","targetHints":{"allow":["GET"]}}],"collection":[{"href":"https:\/\/h2otek.com\/tienda\/wp-json\/wp\/v2\/product"}],"about":[{"href":"https:\/\/h2otek.com\/tienda\/wp-json\/wp\/v2\/types\/product"}],"replies":[{"embeddable":true,"href":"https:\/\/h2otek.com\/tienda\/wp-json\/wp\/v2\/comments?post=22636"}],"wp:featuredmedia":[{"embeddable":true,"href":"https:\/\/h2otek.com\/tienda\/wp-json\/wp\/v2\/media\/22638"}],"wp:attachment":[{"href":"https:\/\/h2otek.com\/tienda\/wp-json\/wp\/v2\/media?parent=22636"}],"wp:term":[{"taxonomy":"pwb-brand","embeddable":true,"href":"https:\/\/h2otek.com\/tienda\/wp-json\/wp\/v2\/pwb-brand?post=22636"},{"taxonomy":"product_brand","embeddable":true,"href":"https:\/\/h2otek.com\/tienda\/wp-json\/wp\/v2\/product_brand?post=22636"},{"taxonomy":"product_cat","embeddable":true,"href":"https:\/\/h2otek.com\/tienda\/wp-json\/wp\/v2\/product_cat?post=22636"},{"taxonomy":"product_tag","embeddable":true,"href":"https:\/\/h2otek.com\/tienda\/wp-json\/wp\/v2\/product_tag?post=22636"}],"curies":[{"name":"wp","href":"https:\/\/api.w.org\/{rel}","templated":true}]}}