{"id":22367,"date":"2022-02-10T00:51:06","date_gmt":"2022-02-10T00:51:06","guid":{"rendered":"https:\/\/h2otek.com\/tienda\/producto\/deshumidificador-portatil-50-pintas-24-litros-por-dia-115v-60-hz-marca-keystone-mod-kstad504e\/"},"modified":"2026-02-26T17:15:58","modified_gmt":"2026-02-26T17:15:58","slug":"deshumidificador-portatil-50-pintas-24-litros-por-dia-115v-60-hz-marca-keystone-mod-kstad504f","status":"publish","type":"product","link":"https:\/\/h2otek.com\/tienda\/producto\/deshumidificador-portatil-50-pintas-24-litros-por-dia-115v-60-hz-marca-keystone-mod-kstad504f\/","title":{"rendered":"DESHUMIDIFICADOR PORT\u00c1TIL 50 PINTAS (24 LITROS POR D\u00cdA) 115V. 60 HZ MARCA KEYSTONE MOD. KSTAD504F"},"content":{"rendered":"<p align=\"center\"><img fetchpriority=\"high\" decoding=\"async\" class=\"alignnone size-full wp-image-33296\" src=\"https:\/\/h2otek.com\/tienda\/wp-content\/uploads\/2022\/02\/header-deshumidificador-5pintas-keystone-KSTAD504F.jpg\" alt=\"\" width=\"650\" height=\"300\" srcset=\"https:\/\/h2otek.com\/tienda\/wp-content\/uploads\/2022\/02\/header-deshumidificador-5pintas-keystone-KSTAD504F.jpg 650w, https:\/\/h2otek.com\/tienda\/wp-content\/uploads\/2022\/02\/header-deshumidificador-5pintas-keystone-KSTAD504F-300x138.jpg 300w, https:\/\/h2otek.com\/tienda\/wp-content\/uploads\/2022\/02\/header-deshumidificador-5pintas-keystone-KSTAD504F-130x60.jpg 130w, https:\/\/h2otek.com\/tienda\/wp-content\/uploads\/2022\/02\/header-deshumidificador-5pintas-keystone-KSTAD504F-195x90.jpg 195w, https:\/\/h2otek.com\/tienda\/wp-content\/uploads\/2022\/02\/header-deshumidificador-5pintas-keystone-KSTAD504F-600x277.jpg 600w\" sizes=\"(max-width: 650px) 100vw, 650px\" \/><\/p>\n<p style=\"text-align: justify;\"><span lang=\"es\" xml:lang=\"es\"><br \/>\nLos <strong>deshumidificadores Keystone de 50 pintas<\/strong> eliminan el exceso de humedad de el aire en cualquier habitaci\u00f3n de su hogar. Coloque esta unidad en varios ubicaciones a lo largo de su casa o apartamento o\u00a0el \u00e1tico, el dormitorio o el s\u00f3tano.<\/span><\/p>\n<p>Las caracter\u00edsticas incluyen controles electr\u00f3nicos con pantalla LED, temporizador de 24 horas, indicador de nivel de agua transparente y alerta de balde lleno con apagado autom\u00e1tico. La opci\u00f3n de drenaje continuo es disponible usando un desag\u00fce de bajo nivel y un jard\u00edn con manguera est\u00e1ndar (manguera de jard\u00edn no incluida).<\/p>\n<p>Tambi\u00e9n tiene un filtro de polvo\u00a0 extra\u00edble, de f\u00e1cil limpieza con alerta de filtro limpio. El reinicio autom\u00e1tico guarda su configuraci\u00f3n durante un corte de energ\u00eda y las ruedas giratorias hacen que la unidad sea f\u00e1cil de mover a otra localizaci\u00f3n.<\/p>\n<p><strong>CARACTER\u00cdSTICAS:<\/strong><\/p>\n<ul>\n<li>El deshumidificador de habitaci\u00f3n elimina hasta 50 pintas de humedad del aire por d\u00eda<\/li>\n<li>\u00daselo en el \u00e1tico, dormitorio, s\u00f3tano o ba\u00f1o de su hogar para controlar la humedad<\/li>\n<li>Controles electr\u00f3nicos con pantalla LED y temporizador de 24 horas.<\/li>\n<li>Autorestart guarda su configuraci\u00f3n durante un corte de energ\u00eda<\/li>\n<li>Las configuraciones incluyen Normal, Turbo y AutoDefrost<\/li>\n<li>Tanque de agua de 1.8 galones con indicador de nivel de agua transparente<\/li>\n<li>C\u00f3moda alerta de\u00a0tanque\u00a0lleno con apagado autom\u00e1tico<\/li>\n<li>Filtro de polvo extra\u00edble y de f\u00e1cil limpieza con alerta de filtro limpio<\/li>\n<li>4 ruedas giratorias omnidireccionales duraderas para facilitar el movimiento<\/li>\n<li>La opci\u00f3n de drenaje continuo est\u00e1 disponible usando un drenaje de bajo nivel y una manguera de jard\u00edn est\u00e1ndar (manguera de jard\u00edn no incluida)<\/li>\n<li><strong><em>2 A\u00d1OS DE GARANT\u00cdA EN COMPRESOR, 1 A\u00d1O CONTRA CUALQUIER DEFECTO DE F\u00c1BRICA<\/em><\/strong><\/li>\n<\/ul>\n<p>&nbsp;<\/p>\n<p style=\"text-align: center;\"><strong><br \/>\nPANEL DE CONTROL:<br \/>\n<\/strong><em>(Clic para ampliar imagen)<\/em><\/p>\n<p style=\"text-align: center;\"><img decoding=\"async\" class=\"alignnone size-full wp-image-33304\" style=\"text-align: start;\" src=\"https:\/\/h2otek.com\/tienda\/wp-content\/uploads\/2022\/02\/01-panel-control-KSTAD504F.jpg\" alt=\"\" width=\"1024\" height=\"855\" srcset=\"https:\/\/h2otek.com\/tienda\/wp-content\/uploads\/2022\/02\/01-panel-control-KSTAD504F.jpg 1024w, https:\/\/h2otek.com\/tienda\/wp-content\/uploads\/2022\/02\/01-panel-control-KSTAD504F-300x250.jpg 300w, https:\/\/h2otek.com\/tienda\/wp-content\/uploads\/2022\/02\/01-panel-control-KSTAD504F-768x641.jpg 768w, https:\/\/h2otek.com\/tienda\/wp-content\/uploads\/2022\/02\/01-panel-control-KSTAD504F-72x60.jpg 72w, https:\/\/h2otek.com\/tienda\/wp-content\/uploads\/2022\/02\/01-panel-control-KSTAD504F-108x90.jpg 108w, https:\/\/h2otek.com\/tienda\/wp-content\/uploads\/2022\/02\/01-panel-control-KSTAD504F-600x501.jpg 600w\" sizes=\"(max-width: 1024px) 100vw, 1024px\" \/><\/p>\n<p style=\"text-align: center;\"><img decoding=\"async\" class=\"alignnone size-full wp-image-33305\" style=\"text-align: start;\" src=\"https:\/\/h2otek.com\/tienda\/wp-content\/uploads\/2022\/02\/02-panel-control-KSTAD504F.jpg\" alt=\"\" width=\"1024\" height=\"563\" srcset=\"https:\/\/h2otek.com\/tienda\/wp-content\/uploads\/2022\/02\/02-panel-control-KSTAD504F.jpg 1024w, https:\/\/h2otek.com\/tienda\/wp-content\/uploads\/2022\/02\/02-panel-control-KSTAD504F-300x165.jpg 300w, https:\/\/h2otek.com\/tienda\/wp-content\/uploads\/2022\/02\/02-panel-control-KSTAD504F-768x422.jpg 768w, https:\/\/h2otek.com\/tienda\/wp-content\/uploads\/2022\/02\/02-panel-control-KSTAD504F-109x60.jpg 109w, https:\/\/h2otek.com\/tienda\/wp-content\/uploads\/2022\/02\/02-panel-control-KSTAD504F-164x90.jpg 164w, https:\/\/h2otek.com\/tienda\/wp-content\/uploads\/2022\/02\/02-panel-control-KSTAD504F-600x330.jpg 600w\" sizes=\"(max-width: 1024px) 100vw, 1024px\" \/><\/p>\n<p>&nbsp;<\/p>\n<div style=\"text-align: justify;\">\n<p><strong>OTRAS CARACTER\u00cdSTICAS:<\/strong><\/p>\n<ul>\n<li><strong>Cubo Luz\u00a0<\/strong>Luz de recipiente lleno Se enciende cuando el recipiente est\u00e9 listo para ser vaciado.<\/li>\n<li><strong>Apagado autom\u00e1tico<\/strong>\u00a0 El deshumidificador se apaga cuando el recipiente est\u00e1 lleno o cuando no est\u00e1 en su lugar. Cuando se alcanza el l\u00edmite de humedad, la unidad se apagar\u00e1 autom\u00e1ticamente.<\/li>\n<li><strong>Descongelamiento autom\u00e1tico\u00a0<\/strong>Cuando se crea escarcha en las bobinas del evaporador, el compresor apagar\u00e1 el ciclo y el ventilador continuar\u00e1 funcionando hasta que la escarcha desaparezca.<\/li>\n<li><strong>Espere 3 minutos antes de restablecer el funcionamiento<\/strong> Una vez que la unidad se detuvo, no podr\u00e1 volver a funcionar en los pr\u00f3ximos 3 minutos. Esto es proteger la unidad. El funcionamiento se restablecer\u00e1 luego de los 3 minutos.<\/li>\n<li><strong>Funci\u00f3n revisar el filtro<\/strong> El sistema comienza a contar el tiempo una vez que el motor del ventilador comienza a funcionar. La caracter\u00edstica para verificar el filtro solo puede activarse cuando el tiempo de funcionamiento acumulado alcanza 250 horas o m\u00e1s. La luz de reinicio (luz indicadora Limpiar filtro) parpadea una vez por segundo, una vez que la limpieza del filtro finaliza, presione la tecla Filtro y la luz de reinicio (luz indicadora Limpiar filtro) se apagar\u00e1.<\/li>\n<li><strong>Reinicio autom\u00e1tico<\/strong> Si la unidad se apaga inesperadamente debido a un corte de luz, se reiniciar\u00e1 autom\u00e1ticamente con la configuraci\u00f3n de funci\u00f3n previa cuando vuelva la energ\u00eda.<\/li>\n<li><strong>Configuraci\u00f3n del Temporizador<\/strong><br \/>\n* Cuando la unidad est\u00e9 encendida, primero presione el bot\u00f3n Temporizador, la luz indicadora de Temporizador apag\u00e1ndose ilumina. Indica que el Encendido autom\u00e1tico est\u00e1 encendido.<br \/>\n* Cuando al unidad est\u00e1 apagada, presione el bot\u00f3n Cron\u00f3metro, se iluminar\u00e1 la luz del indicador CRON\u00d3METRO ENCENDIDO. Vuelva a presiones el bot\u00f3n y se iluminar\u00e1 la luz Cron\u00f3metro Apagado. Indica que se ha iniciado la funci\u00f3n apagado autom\u00e1tico.<br \/>\n* Presiones o mantenga presionada la tecla ARRIBA o ABAJO para cambiar el tiempo Auto en incrementos de 1 hora hasta 24 horas. El control har\u00e1 una cuenta regresiva del tiempo restante hasta el momento del inicio.<br \/>\n* El tiempo seleccionado se registrar\u00e1 en 5 segundos y el sistema volver\u00e1 autom\u00e1ticamente a la configuraci\u00f3n de humedad previa.<br \/>\n* Cuando se configuran los tiempos de Encendido autom\u00e1tico y de Apagado autom\u00e1tico, dentro de la misma secuencia de programa, las luces indicadoras de TEMPORIZADOR ENCENDIDO APAGADO se iluminar\u00e1 para identificar que ambos tiempos de ENCENDIDO y APAGADO est\u00e1n programados.<br \/>\n* Encender y apagar la unidad en cualquier momento o cambiar la configuraci\u00f3n del temporizador a 0.0 cancelar\u00e1 la funci\u00f3n de Encendido\/Apagado autom\u00e1tico.<br \/>\n* Cuando la pantalla LED muestra el c\u00f3digo P2, la funci\u00f3n Encendido\/Apagado autom\u00e1tico tambi\u00e9n se cancelar\u00e1.<\/li>\n<\/ul>\n<\/div>\n<p>&nbsp;<\/p>\n<p>&nbsp;<\/p>\n<p>&nbsp;<\/p>\n<p style=\"text-align: center;\"><strong>IDENTIFICACI\u00d3N DE PIEZAS<\/strong><\/p>\n<p style=\"text-align: center;\"><img loading=\"lazy\" decoding=\"async\" style=\"text-align: start;\" src=\"https:\/\/h2otek.com\/tienda\/img\/cms\/controlhumedad\/keystone\/partes-deshumidificador-50pintas-keystone-KSTAD504E.jpg\" alt=\"\" width=\"700\" height=\"808\" \/><\/p>\n<p>&nbsp;<\/p>\n<p style=\"text-align: center;\"><img loading=\"lazy\" decoding=\"async\" style=\"text-align: start;\" src=\"https:\/\/h2otek.com\/tienda\/img\/cms\/controlhumedad\/keystone\/imageHandler-1.jpg\" alt=\"\" width=\"550\" height=\"550\" \/><\/p>\n<p style=\"text-align: center;\"><img loading=\"lazy\" decoding=\"async\" style=\"text-align: start;\" src=\"https:\/\/h2otek.com\/tienda\/img\/cms\/controlhumedad\/keystone\/imageHandler-2.jpg\" alt=\"\" width=\"550\" height=\"550\" \/><\/p>\n<p style=\"text-align: center;\"><img loading=\"lazy\" decoding=\"async\" style=\"text-align: start;\" src=\"https:\/\/h2otek.com\/tienda\/img\/cms\/controlhumedad\/keystone\/imageHandler-3.jpg\" alt=\"\" width=\"550\" height=\"550\" \/><\/p>\n<p style=\"text-align: center;\"><img loading=\"lazy\" decoding=\"async\" style=\"text-align: start;\" src=\"https:\/\/h2otek.com\/tienda\/img\/cms\/controlhumedad\/keystone\/imageHandler-4.jpg\" alt=\"\" width=\"550\" height=\"550\" \/><\/p>\n<p>&nbsp;<\/p>\n<p style=\"text-align: center;\"><strong>TABLA DE ESPECIFICACIONES:<\/strong><\/p>\n<p style=\"text-align: center;\"><img loading=\"lazy\" decoding=\"async\" class=\"alignnone size-full wp-image-33310\" style=\"text-align: start;\" src=\"https:\/\/h2otek.com\/tienda\/wp-content\/uploads\/2022\/02\/especificaciones-deshumidificador-50pintas-keystone-KSTAD504F.gif\" alt=\"\" width=\"510\" height=\"813\" \/><\/p>\n<p>&nbsp;<\/p>\n<p>&nbsp;<\/p>\n<p style=\"text-align: center;\"><img loading=\"lazy\" decoding=\"async\" style=\"text-align: start;\" src=\"https:\/\/h2otek.com\/tienda\/img\/cms\/garantia-insignias\/garantia-2years.jpg\" alt=\"\" width=\"350\" height=\"331\" \/><\/p>\n<p>&nbsp;<\/p>\n<p><span style=\"color: #4a4a4a;\"><strong>DESCARGAR MANUALES:<br \/>\n<\/strong><\/span><\/p>\n<ul>\n<li><strong><a href=\"https:\/\/h2otek.com\/tienda\/wp-content\/uploads\/2022\/02\/MANUAL-DEL-USUARIO-DESHUMIDIFICADOR-PORTATIL-KINSTONE-MOD-KSTAD504F.pdf\" target=\"_blank\" rel=\"noopener\">MANUAL DEL USUARIO<\/a><\/strong><\/li>\n<\/ul>\n<div>\n<p>&nbsp;<\/p>\n<p><strong>PRECIO INCLUYE GASTOS DE ENVIO (GRATIS) E IMPUESTO\u00a016% DE IVA<\/strong><\/p>\n<\/div>\n","protected":false},"excerpt":{"rendered":"<h1><span style=\"font-size: 12pt;\"><strong><span style=\"color: #d0121a;\">PRECIO EN DOLARES US.<br \/>\nPRECIO INCLUYE 16 % DE I.V.A.<br \/>\nPRECIO INCLUYE ENVIO (ZONA CENTRO).<\/span><\/strong><\/span><\/h1>\n<p style=\"text-align: left;\"><span style=\"font-style: italic; font-size: small; font-weight: bold; color: #000080;\">EFICIENTE Y PR\u00c1CTICO DESHUMIDIFICADOR\u00a0IDEAL PARA:<\/span><\/p>\n<ul>\n<li><span style=\"font-size: small;\"><b><i>CASAS<\/i><\/b><\/span><\/li>\n<li><span style=\"font-size: small;\"><b><i>RESIDENCIAS<\/i><\/b><\/span><\/li>\n<li><span style=\"font-size: small;\"><b><i>DEPARTAMENTOS<\/i><\/b><\/span><\/li>\n<li><span style=\"font-size: small;\"><b><i>CUARTOS DE BA\u00d1O<\/i><\/b><\/span><\/li>\n<li><span style=\"font-size: small;\"><b><i>PASILLOS<\/i><\/b><\/span><\/li>\n<li><span style=\"font-size: small;\"><b><i>S\u00d3TANOS<\/i><\/b><\/span><\/li>\n<li><span style=\"font-size: small;\"><b><i>ESCUELAS<\/i><\/b><\/span><\/li>\n<li><span style=\"font-size: small;\"><b><i>OFICINAS<\/i><\/b><\/span><\/li>\n<li><span style=\"font-size: small;\"><b><i>BIBLIOTECAS<\/i><\/b><\/span><\/li>\n<li><span style=\"font-size: small;\"><b><i>AREAS DE ARCHIVO, ETC.<\/i><\/b><\/span><\/li>\n<\/ul>\n","protected":false},"featured_media":22368,"comment_status":"closed","ping_status":"closed","template":"","meta":[],"pwb-brand":[],"product_brand":[],"product_cat":[504],"product_tag":[],"class_list":{"0":"post-22367","1":"product","2":"type-product","3":"status-publish","4":"has-post-thumbnail","6":"product_cat-para-casa-u-oficina","8":"first","9":"outofstock","10":"purchasable","11":"product-type-simple"},"brands":[],"_links":{"self":[{"href":"https:\/\/h2otek.com\/tienda\/wp-json\/wp\/v2\/product\/22367","targetHints":{"allow":["GET"]}}],"collection":[{"href":"https:\/\/h2otek.com\/tienda\/wp-json\/wp\/v2\/product"}],"about":[{"href":"https:\/\/h2otek.com\/tienda\/wp-json\/wp\/v2\/types\/product"}],"replies":[{"embeddable":true,"href":"https:\/\/h2otek.com\/tienda\/wp-json\/wp\/v2\/comments?post=22367"}],"wp:featuredmedia":[{"embeddable":true,"href":"https:\/\/h2otek.com\/tienda\/wp-json\/wp\/v2\/media\/22368"}],"wp:attachment":[{"href":"https:\/\/h2otek.com\/tienda\/wp-json\/wp\/v2\/media?parent=22367"}],"wp:term":[{"taxonomy":"pwb-brand","embeddable":true,"href":"https:\/\/h2otek.com\/tienda\/wp-json\/wp\/v2\/pwb-brand?post=22367"},{"taxonomy":"product_brand","embeddable":true,"href":"https:\/\/h2otek.com\/tienda\/wp-json\/wp\/v2\/product_brand?post=22367"},{"taxonomy":"product_cat","embeddable":true,"href":"https:\/\/h2otek.com\/tienda\/wp-json\/wp\/v2\/product_cat?post=22367"},{"taxonomy":"product_tag","embeddable":true,"href":"https:\/\/h2otek.com\/tienda\/wp-json\/wp\/v2\/product_tag?post=22367"}],"curies":[{"name":"wp","href":"https:\/\/api.w.org\/{rel}","templated":true}]}}