{"id":22361,"date":"2022-02-10T00:51:06","date_gmt":"2022-02-10T00:51:06","guid":{"rendered":"https:\/\/h2otek.com\/tienda\/producto\/calentador-de-agua-hidronico-a-gas-uso-comercial-industrial-650000-btuh-marca-raypak-linea-xfiire-mod-h7-650b\/"},"modified":"2022-11-03T15:31:18","modified_gmt":"2022-11-03T15:31:18","slug":"calentador-de-agua-hidronico-a-gas-uso-comercial-industrial-650000-btuh-marca-raypak-linea-xfiire-mod-h7-650b","status":"publish","type":"product","link":"https:\/\/h2otek.com\/tienda\/producto\/calentador-de-agua-hidronico-a-gas-uso-comercial-industrial-650000-btuh-marca-raypak-linea-xfiire-mod-h7-650b\/","title":{"rendered":"CALENTADOR DE AGUA HIDR\u00d3NICO A GAS USO COMERCIAL-INDUSTRIAL 650\t000 BTUH MARCA RAYPAK LINEA XFIIRE MOD. H7-650B&#8221;&#8221;"},"content":{"rendered":"<p style=\"text-align: center;\"><img fetchpriority=\"high\" decoding=\"async\" src=\"https:\/\/h2otek.com\/tienda\/img\/cms\/aguacaliente\/raypak\/xfiire\/header-xfiire-raypak-H7-650B.jpg\" alt=\"header-xfiire-raypak-WH7\" width=\"650\" height=\"300\" \/><br \/>\n<strong>No pierda el tiempo preocup\u00e1ndose por el agua caliente con el nuevo XFIIRE.<\/strong><\/p>\n<p>&nbsp;<\/p>\n<p style=\"text-align: justify;\"><strong><br \/>\nXFIIRE<sup>TM<\/sup><\/strong> est\u00e1 construido con un tubo de agua de acero inoxidable, un dise\u00f1o vers\u00e1til y controles adaptables en una pantalla t\u00e1ctil intuitiva VERSA IC\u00ae. El XFIIRE est\u00e1 dise\u00f1ado para el rendimiento, la eficiencia y el acceso Raymote<sup>TM<\/sup> para mantenerlo conectado e informado. Satisfaga la demanda de la vida diaria con el calentador de agua dom\u00e9stico o hidr\u00f3nico XFIIRE para edificios, escuelas, viviendas multifamiliares, gimnasios y m\u00e1s.<\/p>\n<p>&nbsp;<\/p>\n<p style=\"text-align: center;\"><strong>NUEVO DISE\u00d1O, RENDIMIENTO MEJORADO.<\/strong><\/p>\n<p><img decoding=\"async\" src=\"https:\/\/h2otek.com\/tienda\/img\/cms\/aguacaliente\/raypak\/xfiire\/partes-xfiire-raypak.jpg\" alt=\"\" width=\"700\" height=\"671\" \/><\/p>\n<p style=\"text-align: center;\"><strong><br \/>\nInteligencia VERSA IC con conectividad<br \/>\n<\/strong><img decoding=\"async\" style=\"margin-left: auto; margin-right: auto;\" src=\"https:\/\/h2otek.com\/tienda\/img\/cms\/aguacaliente\/raypak\/xfiire\/logo-raymote.jpg\" alt=\"\" width=\"195\" height=\"60\" \/><\/p>\n<p><img loading=\"lazy\" decoding=\"async\" src=\"https:\/\/h2otek.com\/tienda\/img\/cms\/aguacaliente\/raypak\/xfiire\/conectividad-raymote.jpg\" alt=\"\" width=\"600\" height=\"465\" \/><\/p>\n<p>La pantalla t\u00e1ctil <strong>VERSA IC de Raypak<\/strong> permite modular control de temperatura, l\u00edmites de seguridad y programaci\u00f3n de encendido en una plataforma de control integrada f\u00e1cil de usar. Con caracter\u00edsticas de autoaprendizaje que evitan da\u00f1os al equipo, esto El controlador automatizado es f\u00e1cil de configurar, comprender y usar. Haci\u00e9ndolo lo m\u00e1s cerca posible de plug and play.<\/p>\n<p>El sistema VERSA IC se puede controlar de forma remota a trav\u00e9s de la aplicaci\u00f3n m\u00f3vil Raymote o el panel web. Con acceso con un toque de bot\u00f3n a informaci\u00f3n vital, Raymote le brinda:<\/p>\n<ul>\n<li>Notificaciones de servicio en tiempo real para mantenerlo informado.<\/li>\n<li>Ver y administrar sus sistemas Raypak en varios sitios.<\/li>\n<li>Visibilidad instant\u00e1nea de datos hist\u00f3ricos e informes de rendimiento.<\/li>\n<\/ul>\n<p>Raymote es una caracter\u00edstica opcional que se puede agregar al XFIIRE. La inclusi\u00f3n de Raymote incluye 1 a\u00f1o de<br \/>\nServicio. Kits de actualizaci\u00f3n Raymote disponibles para productos instalados con la pantalla t\u00e1ctil VERSA IC.<\/p>\n<p>&nbsp;<\/p>\n<table style=\"width: 100%;\" border=\"0\" cellspacing=\"0\" cellpadding=\"4\">\n<tbody>\n<tr>\n<td style=\"width: 30%; text-align: center;\"><img loading=\"lazy\" decoding=\"async\" src=\"https:\/\/h2otek.com\/tienda\/img\/cms\/aguacaliente\/raypak\/xfiire\/icono-visibilidad.jpg\" alt=\"\" width=\"90\" height=\"90\" \/><\/td>\n<td style=\"width: 70%;\"><strong>Visibilidad instant\u00e1nea<\/strong><br \/>\nLa luz de estado multifunci\u00f3n no solo se presta al nuevo dise\u00f1o elegante de XFIIRE, sino que tambi\u00e9n ayuda a:<\/p>\n<ul>\n<li>Estado visual r\u00e1pido del calentador<\/li>\n<li>Luz de servicio para el mantenimiento del calentador<\/li>\n<\/ul>\n<p><strong>Llave de iluminaci\u00f3n<\/strong><br \/>\n<img loading=\"lazy\" decoding=\"async\" src=\"https:\/\/h2otek.com\/tienda\/img\/cms\/aguacaliente\/raypak\/xfiire\/llave-iluminacion.jpg\" alt=\"\" width=\"300\" height=\"208\" \/><\/td>\n<\/tr>\n<tr>\n<td style=\"text-align: center;\"><img loading=\"lazy\" decoding=\"async\" src=\"https:\/\/h2otek.com\/tienda\/img\/cms\/aguacaliente\/raypak\/xfiire\/icono-rendimiento.jpg\" alt=\"\" width=\"90\" height=\"90\" \/><\/td>\n<td><strong><br \/>\nRendimiento m\u00e1ximo<\/strong><br \/>\nReduzca los costos operativos y caliente el agua m\u00e1s r\u00e1pido con la eficiencia t\u00e9rmica del 96.5% de XFIIRE 1. Mejore su capacidad y flexibilidad. El XFIIRE puede funcionar con una reducci\u00f3n de 7: 1 y se pueden conectar en cascada hasta 8 calentadores en modos de modulaci\u00f3n en paralelo o secuencial. Combinado con la configuraci\u00f3n de retardo entre etapas en cascada, tendr\u00e1 un control y una optimizaci\u00f3n precisos de su sistema de calefacci\u00f3n<\/td>\n<\/tr>\n<tr>\n<td style=\"text-align: center;\"><img loading=\"lazy\" decoding=\"async\" src=\"https:\/\/h2otek.com\/tienda\/img\/cms\/aguacaliente\/raypak\/xfiire\/icono-interior-exterior.jpg\" alt=\"\" width=\"90\" height=\"90\" \/><\/td>\n<td><strong><br \/>\nInterior o exterior<\/strong><br \/>\nCertificado de seguridad para instalaci\u00f3n interior\/exterior. La chaqueta de acero glavanizado de calibre pesado con un acabado de pintura en polvo resistente a los rayos UV es impermeable a la intemperie y la corrosi\u00f3n.<strong>Flexibilidad de ventilaci\u00f3n<\/strong><br \/>\nXFIIRE se puede ventilar directamente y est\u00e1 listo para funcionar con PCV y CPVC. Tambi\u00e9n puede ventilar con polipropileno o acero inoxidable usando un adaptador que se vende convenientemente a trav\u00e9s de Raypak.<\/td>\n<\/tr>\n<\/tbody>\n<\/table>\n<div style=\"text-align: center;\">\n<p><strong>DIMENSIONES:<\/strong><\/p>\n<p>&nbsp;<\/p>\n<\/div>\n<div style=\"text-align: center;\"><\/div>\n<div style=\"text-align: center;\"><img loading=\"lazy\" decoding=\"async\" src=\"https:\/\/h2otek.com\/tienda\/img\/cms\/aguacaliente\/raypak\/xfiire\/dimensiones-xfiire-raypak.jpg\" alt=\"\" width=\"700\" height=\"481\" \/><\/div>\n<p style=\"text-align: center;\"><span style=\"font-weight: bold;\">TABLAS DE ESPECIFICACIONES:<\/span><\/p>\n<p style=\"text-align: center;\"><img loading=\"lazy\" decoding=\"async\" src=\"https:\/\/h2otek.com\/tienda\/img\/cms\/aguacaliente\/raypak\/xfiire\/especificaciones-xfiire-raypak-H7-650B.gif\" alt=\"especificaciones-xfiire-raypak-WH7-400B.\" width=\"565\" height=\"306\" \/><\/p>\n<p><strong>VIDEOS:<\/strong><\/p>\n<p><iframe title=\"YouTube video player\" src=\"https:\/\/www.youtube.com\/embed\/HTe01v-IlJc\" width=\"560\" height=\"315\" frameborder=\"0\"><\/iframe><\/p>\n<p><iframe title=\"YouTube video player\" src=\"https:\/\/www.youtube.com\/embed\/jp9eSp4iN3Y\" width=\"560\" height=\"315\" frameborder=\"0\"><\/iframe><\/p>\n<p>&nbsp;<\/p>\n<p><strong>DESCARGAR MANUALES<\/strong><\/p>\n<ul>\n<li><strong><a href=\"https:\/\/h2otek.com\/tienda\/img\/cms\/aguacaliente\/raypak\/xfiire\/FOLLETO%20CALENTADORES%20XFIIRE%20RAYPAK.pdf\" target=\"_blank\" rel=\"noopener\">FOLLETO<\/a><br \/>\n<\/strong><\/li>\n<li><strong><a href=\"https:\/\/h2otek.com\/tienda\/img\/cms\/aguacaliente\/raypak\/xfiire\/ESPECIFICACIONES%20CALENTADORES%20XFIIRE%20RAYPAK.pdf\" target=\"_blank\" rel=\"noopener\">ESPECIFICACIONES<\/a><\/strong><\/li>\n<li><strong><a href=\"https:\/\/h2otek.com\/tienda\/img\/cms\/aguacaliente\/raypak\/xfiire\/MANUAL%20OPERACION%20INSTALACION%20CALENTADORES%20XFIIRE%20RAYPAK.pdf\" target=\"_blank\" rel=\"noopener\">MANUAL DEL USUARIO<\/a><\/strong><\/li>\n<li><strong><a href=\"https:\/\/h2otek.com\/tienda\/img\/cms\/aguacaliente\/raypak\/xfiire\/FOLLETO%20CONTROL%20REMOTO%20CALENTADORES%20XFIIRE%20RAYPAK.pdf\" target=\"_blank\" rel=\"noopener\">CONTROL REMOTO<\/a><\/strong><\/li>\n<li><strong><a href=\"https:\/\/h2otek.com\/tienda\/img\/cms\/aguacaliente\/raypak\/xfiire\/FOLLETO%20SISTEMA%20CONTROL%20CALENTADORES%20XFIIRE%20RAYPAK.pdf\" target=\"_blank\" rel=\"noopener\">SISTEMA DE CONTROL<\/a><br \/>\n<\/strong><\/li>\n<\/ul>\n<div><strong><span style=\"color: #000000;\">PRECIO INCLUYE GASTOS DE ENVIO (GRATIS) E IMPUESTO 16% DE IVA<\/span><\/strong><\/div>\n","protected":false},"excerpt":{"rendered":"<p style=\"text-align: left;\"><em><strong><span style=\"font-size: small; color: #000000;\"><strong><strong><span style=\"font-size: small; color: #000000;\"><strong><span style=\"color: #d0121a; font-size: 10pt;\">PARA PRECIO DE ESTE PRODUCTO FAVOR DE COMUNICARSE EN ATENCION A CLIENTES: info@h2otek.com O AL TEL: 01 800 94 26 835<\/span><\/strong><\/span><\/strong><\/strong><\/span><\/strong><\/em><\/p>\n<p>RECOMENDADO PARA USO COMERCIAL-INDUSTRIAL<\/p>\n<p style=\"text-align: left;\"><em><span style=\"font-size: small;\"><strong>IDEALES PARA CUALQUIER NECESIDAD DE AGUA CALIENTE, COMO PUEDE SER EN:<\/strong><\/span><\/em><\/p>\n<ul>\n<li><em><span style=\"font-size: small;\"><strong>CASAS<\/strong><\/span><\/em><\/li>\n<li><em><span style=\"font-size: small;\"><strong>RESIDENCIAS<\/strong><\/span><\/em><\/li>\n<li><em><span style=\"font-size: small;\"><strong>DEPARTAMENTOS<\/strong><\/span><\/em><\/li>\n<li><em><span style=\"font-size: small;\"><strong>CONDOMINIOS<\/strong><\/span><\/em><\/li>\n<li><em><span style=\"font-size: small;\"><strong>RESTAURANTES<\/strong><\/span><\/em><\/li>\n<li><em><span style=\"font-size: small;\"><strong>HOTELES\/MOTELES<\/strong><\/span><\/em><\/li>\n<li><em><span style=\"font-size: small;\"><strong>LAVANDER\u00cdAS COMERCIALES<\/strong><\/span><\/em><\/li>\n<li><em><span style=\"font-size: small;\"><strong>CL\u00cdNICAS DE REPOSO<\/strong><\/span><\/em><\/li>\n<li><em><span style=\"font-size: small;\"><strong>ETC.<\/strong><\/span><\/em><\/li>\n<\/ul>\n","protected":false},"featured_media":22329,"comment_status":"closed","ping_status":"closed","template":"","meta":[],"pwb-brand":[],"product_brand":[],"product_cat":[1158,364],"product_tag":[],"class_list":{"0":"post-22361","1":"product","2":"type-product","3":"status-publish","4":"has-post-thumbnail","6":"product_cat-nueva-linea","7":"product_cat-raypak-calentadores-de-agua-boilers-calderas","9":"first","10":"outofstock","11":"purchasable","12":"product-type-simple"},"brands":[],"_links":{"self":[{"href":"https:\/\/h2otek.com\/tienda\/wp-json\/wp\/v2\/product\/22361","targetHints":{"allow":["GET"]}}],"collection":[{"href":"https:\/\/h2otek.com\/tienda\/wp-json\/wp\/v2\/product"}],"about":[{"href":"https:\/\/h2otek.com\/tienda\/wp-json\/wp\/v2\/types\/product"}],"replies":[{"embeddable":true,"href":"https:\/\/h2otek.com\/tienda\/wp-json\/wp\/v2\/comments?post=22361"}],"wp:featuredmedia":[{"embeddable":true,"href":"https:\/\/h2otek.com\/tienda\/wp-json\/wp\/v2\/media\/22329"}],"wp:attachment":[{"href":"https:\/\/h2otek.com\/tienda\/wp-json\/wp\/v2\/media?parent=22361"}],"wp:term":[{"taxonomy":"pwb-brand","embeddable":true,"href":"https:\/\/h2otek.com\/tienda\/wp-json\/wp\/v2\/pwb-brand?post=22361"},{"taxonomy":"product_brand","embeddable":true,"href":"https:\/\/h2otek.com\/tienda\/wp-json\/wp\/v2\/product_brand?post=22361"},{"taxonomy":"product_cat","embeddable":true,"href":"https:\/\/h2otek.com\/tienda\/wp-json\/wp\/v2\/product_cat?post=22361"},{"taxonomy":"product_tag","embeddable":true,"href":"https:\/\/h2otek.com\/tienda\/wp-json\/wp\/v2\/product_tag?post=22361"}],"curies":[{"name":"wp","href":"https:\/\/api.w.org\/{rel}","templated":true}]}}