{"id":21324,"date":"2021-07-06T21:34:11","date_gmt":"2021-07-06T21:34:11","guid":{"rendered":"https:\/\/h2otek.com\/tienda\/?post_type=product&#038;p=21324"},"modified":"2023-08-17T18:50:42","modified_gmt":"2023-08-17T18:50:42","slug":"deshumidificador-desecante-industrial-3-litros-hora-220-volts-1-fase-mod-dd3l-h-341-marca-h2otek","status":"publish","type":"product","link":"https:\/\/h2otek.com\/tienda\/producto\/deshumidificador-desecante-industrial-3-litros-hora-220-volts-1-fase-mod-dd3l-h-341-marca-h2otek\/","title":{"rendered":"DESHUMIDIFICADOR DESECANTE INDUSTRIAL 3 LITROS\/HORA 220 VOLTS 1 FASE MOD. DD3L\/H-341 MARCA H2OTEK"},"content":{"rendered":"<p style=\"text-align: center;\"><img fetchpriority=\"high\" decoding=\"async\" src=\"https:\/\/www.h2otek.com\/tienda2015\/img\/cms\/header-deshum-desecante-h2otek-DD3L-H-342.jpg\" alt=\"\" width=\"550\" height=\"199\" border=\"0\" \/><\/p>\n<p>Los equipos deshumidificadores desecantes de la l\u00ednea DD de H2OTEK esta fabricados en base a los m\u00e1s altos est\u00e1ndares de calidad. Estos proporcionan un equilibrio de flujo de aire preciso para deshumidificaci\u00f3n y de reactivaci\u00f3n al tiempo que permite la colocaci\u00f3n del ventilador alternativo y seccionamiento del rotor.<\/p>\n<p>Est\u00e1 dise\u00f1ado para el secado efectivo de \u00e1reas determinadas peque\u00f1as o reducidas. Productos de buena calidad provienen de un estricto control del contenido de humedad. \u00a0Cuenta con la incorporaci\u00f3n de rotor Proflute, Control est\u00e1ndar por P.I.D. controlador de temperatura, controlador PLC con panel de control t\u00e1ctil LCD.<\/p>\n<p>&nbsp;<\/p>\n<p style=\"text-align: center;\"><strong><span class=\"Apple-style-span\">FUNCIONAMIENTO \u00a0<\/span><\/strong><\/p>\n<p>En un sistema desecante seco t\u00edpico, el desecante est\u00e1 montado en una rueda giratoria. A medida que la rueda gira, el desecante pasa alternativamente a trav\u00e9s del aire de proceso entrante, donde se adsorbe la humedad y a trav\u00e9s de una zona de &#8220;regenerador&#8221; en el que el desecante se seca y la humedad expulsada. La rueda contin\u00faa girando y el proceso adsorbente se repite.<\/p>\n<p>T\u00edpicamente, alrededor de las tres cuartas partes de la rueda desecante est\u00e1 expuesto al aire entrante durante todo el proceso. Durante la regeneraci\u00f3n, el desecante se calienta mediante un quemador de gas de combusti\u00f3n directa o agua o vapor bobina-calentamiento indirecto.<\/p>\n<p style=\"text-align: center;\"><img decoding=\"async\" src=\"https:\/\/www.h2otek.com\/tienda2015\/img\/cms\/funcionamiento-deshum-desecante-h2otek-DD025L-H-47.jpg\" alt=\"\" width=\"550\" height=\"364\" border=\"0\" \/><\/p>\n<ul>\n<li>Proceso de entrada de aire &#8211; a secar. Puede ser aire exterior, el aire dentro o, m\u00e1s com\u00fanmente, una mezcla de aire con alto contenido de humedad.<\/li>\n<li>Proceso de salida de aire &#8211; se seca por la rueda desecante. Se puede enfriar, se filtra o se maneja de otra manera. La humedad relativa es sustancialmente m\u00e1s baja y la temperatura ligeramente elevada.<\/li>\n<li>Reactivaci\u00f3n flujo de entrada &#8211; en el aire, el aire por lo general fuera, que las unidades de la humedad fuera de la rueda. Reactivaci\u00f3n del aire es calentado por el quemador de gas de combusti\u00f3n directa o bater\u00edas de agua o vapor indirecto despedido.<\/li>\n<li>Reactivaci\u00f3n de salida &#8211; caliente, el aire h\u00famedo de la rueda que se agota en el exterior o al pasar a trav\u00e9s de un intercambiador de calor aire-a-aire. El uso de un intercambiador de calor para precalentar el aire de proceso de entrada ofrece un ahorro sustancial en los climas del norte.<\/li>\n<\/ul>\n<p>&nbsp;<\/p>\n<p>&nbsp;<\/p>\n<p><strong><span class=\"Apple-style-span\">APLICACIONES:<\/span><\/strong><\/p>\n<p>1. Las zonas de elaboraci\u00f3n y producci\u00f3n fabricaci\u00f3n de cerveza<\/p>\n<ul>\n<li>Qu\u00edmica y productos petroqu\u00edmicos<\/li>\n<li>Productos electr\u00f3nicos<\/li>\n<li>Generation de energ\u00eda e\u00f3lica<\/li>\n<li>Industria de alimentos<\/li>\n<li>Industria farmac\u00e9utica<\/li>\n<li>S\u00edntesis de vidrio<\/li>\n<li>Procesamiento de arenado<\/li>\n<li>Fabricaci\u00f3n de caucho<\/li>\n<li>Almacenamiento<\/li>\n<li>Etc.<\/li>\n<\/ul>\n<p>&nbsp;<\/p>\n<p>2. Almacenamiento<\/p>\n<ul>\n<li>Corrosividad de metal<\/li>\n<li>Productos electr\u00f3nicos<\/li>\n<li>Comida<\/li>\n<li>Equipo militar<\/li>\n<li>Instrumento preciso<\/li>\n<li>Semillas<\/li>\n<li>Az\u00facar<\/li>\n<\/ul>\n<p>&nbsp;<\/p>\n<p>3. Embalaje<\/p>\n<ul>\n<li>Productos qu\u00edmicos<\/li>\n<li>Milchigas<\/li>\n<li>Fertilizantes, etc.<\/li>\n<\/ul>\n<p>&nbsp;<\/p>\n<p>&nbsp;<\/p>\n<div><strong><span class=\"Apple-style-span\">APLICACIONES DONDE REQUIERE POCA HUMEDAD O BAJA TEMPERATURA<\/span><\/strong><\/div>\n<ol>\n<li>Secado: Confiter\u00eda, pulido y recubrimiento, producci\u00f3n levadura, farmac\u00e9utica, recubrimiento polvos y tabletas, hierbas y especias, productos c\u00e1rnicos, piezas de fundici\u00f3n de resina de pl\u00e1stico<\/li>\n<li>Condensaci\u00f3n Prevenci\u00f3n: Elaboraci\u00f3n de carne, salas deportivas, pistas de patinaje sobre hielo, moldeo por inyecci\u00f3n, almacenes frigor\u00edficos, silos, extrusi\u00f3n de pl\u00e1stico, tratamiento de aguas y estaciones de bombeo<\/li>\n<li>Prevenci\u00f3n de hongos molde: Cervecer\u00edas, hospitales, almacenamiento de archivos, almacenamiento de semillas, almacenamiento de telas y textiles, almacenamiento de granos, protecci\u00f3n de carga, da\u00f1os por inundaciones y agua<\/li>\n<li>Recuperaci\u00f3n de humedad: Procesamiento farmac\u00e9utico, almacenamiento y envasado, transporte qu\u00edmico, producci\u00f3n y envasado de confiter\u00eda, producci\u00f3n y envasado de alimentos<\/li>\n<li>Preservaci\u00f3n (\u00c1reas de prevenci\u00f3n de corrosi\u00f3n): Almacenamiento de equipo militar, planta de energ\u00eda, tratamiento de agua y estaciones de bombeo, producci\u00f3n y almacenamiento electr\u00f3nico, almacenamiento de productos electrot\u00e9cnicos y componentes, artefactos de museo, almacenamiento de veh\u00edculos<\/li>\n<\/ol>\n<p>&nbsp;<\/p>\n<p><strong>CARACTER\u00cdSTICAS:<\/strong><\/p>\n<ul>\n<li>Funci\u00f3n del temporizador<\/li>\n<li>Rotor Proflute, de alta calidad, lavable, 10 a\u00f1os de vida<\/li>\n<li>Equipado con un calentador de regeneraci\u00f3n PTC el\u00e9ctrico<\/li>\n<li>Construcci\u00f3n robusta y s\u00f3lida<\/li>\n<li>Caja del calentador con doble capa, aislamiento que se utiliza para evitar la p\u00e9rdida de calor y condensaci\u00f3n<\/li>\n<li>SCR (rectificador controlado de silicio) Sistema para el control constante en el interior<\/li>\n<li>Filtros de aire, eficiencia G4<\/li>\n<li>Funci\u00f3n de protecci\u00f3n de parada autom\u00e1tica para el rotor<\/li>\n<li>Accesorios el\u00e9ctricos y electr\u00f3nicos de alta calidad<\/li>\n<li>Utiliza humidistato, una mejor manera de controlar la humedad<\/li>\n<li>Circuito de protecci\u00f3n tiempo de retraso<\/li>\n<li>Fallo del sistema de localizaci\u00f3n<\/li>\n<li>Los filtros de aire lavables ayuda a mejorar la calidad del aire que circula a trav\u00e9s del sistema en la entrada de aire de procesamiento de entrada de aire y la reactivaci\u00f3n<\/li>\n<li>Capacidad de deshumidificaci\u00f3n real<\/li>\n<li>Gabinete con pintura electrost\u00e1tica<\/li>\n<li>Baja Temperatura de la operaci\u00f3n<\/li>\n<li>Controles Electr\u00f3nicos<\/li>\n<\/ul>\n<p style=\"text-align: center;\"><strong>TABLA\u00a0DE ESPECIFICACIONES<\/strong><\/p>\n<p style=\"text-align: center;\"><img decoding=\"async\" src=\"https:\/\/h2otek.com\/tienda\/img\/cms\/controlhumedad\/h2otek\/deshumidificadores\/desecantes\/2021\/especificaciones-deshum-desecante-h2otek-DD3L.gif\" alt=\"\" width=\"442\" height=\"309\" \/><\/p>\n<p style=\"text-align: center;\"><strong>FOTOS<\/strong><\/p>\n<p style=\"text-align: center;\"><strong><img loading=\"lazy\" decoding=\"async\" src=\"https:\/\/www.h2otek.com\/tienda2015\/img\/cms\/fotos-deshum-desecante-h2otek.jpg\" alt=\"\" width=\"550\" height=\"697\" \/><\/strong><\/p>\n<p style=\"text-align: center;\"><strong>EQUIPOS DISPONIBLES EN ACERO INOXIDABLE (SOBRE PEDIDO)<\/strong><\/p>\n<p style=\"text-align: center;\"><img loading=\"lazy\" decoding=\"async\" src=\"https:\/\/www.h2otek.com\/tienda2015\/img\/cms\/fotos-deshum-desecante-h2otek-acero-inox.jpg\" alt=\"\" width=\"450\" height=\"363\" \/><\/p>\n<p style=\"text-align: center;\"><strong>DESHUMIDIFICADOR DESECANTE CON DUCTOS:<\/strong><\/p>\n<p style=\"text-align: center;\"><img loading=\"lazy\" decoding=\"async\" src=\"https:\/\/www.h2otek.com\/tienda2015\/img\/cms\/aplicaciones-desecantes-h2otek.jpg\" alt=\"\" width=\"550\" height=\"1198\" \/><\/p>\n<p style=\"text-align: center;\"><strong>VIDEOS:<\/strong><\/p>\n<p style=\"text-align: center;\"><iframe src=\"https:\/\/www.youtube.com\/embed\/VS4OoiRiHns\" width=\"560\" height=\"315\" frameborder=\"0\"><\/iframe><\/p>\n<p><iframe src=\"https:\/\/www.youtube.com\/embed\/-f7hOJ6a1nw\" width=\"560\" height=\"315\" frameborder=\"0\"><\/iframe><\/p>\n<p><iframe src=\"https:\/\/www.youtube.com\/embed\/iTevG77YXUU\" width=\"560\" height=\"315\" frameborder=\"0\"><\/iframe><\/p>\n<p><img loading=\"lazy\" decoding=\"async\" src=\"https:\/\/h2otek.com\/tienda\/img\/cms\/controlhumedad\/h2otek\/deshumidificadores\/desecantes\/2021\/garantia-h2otek-1year.jpg\" alt=\"\" width=\"350\" height=\"350\" \/><\/p>\n<p><strong><strong><span style=\"color: #0000ff;\">DESCARGAR MANUALES:<\/span><\/strong><\/strong><\/p>\n<ul>\n<li><strong><span style=\"color: #0000ff;\"><a href=\"http:\/\/www.h2otek.com\/tienda\/pdf\/controlhumedad\/MANUAL%20TECNICO%20DESHUMIDIFICADOR%20DESECANTE%20H2OTEK%20MOD.%20DD3L-H-342.pdf\" target=\"_blank\" rel=\"noopener\">MANUAL DEL USUARIO<\/a><\/span><\/strong><\/li>\n<\/ul>\n<p><span style=\"color: #000000;\"><strong><strong>PRECIOS INCLUYE GASTOS DE ENVIO (GRATIS) E IMPUESTO 16% DE IVA<\/strong><\/strong><\/span><\/p>\n","protected":false},"excerpt":{"rendered":"<h1><strong><span style=\"color: #d0121a;\">PRECIO EN D\u00d3LARES US.<\/span><\/strong><\/h1>\n<h2 style=\"text-align: left;\">CAP. 40.3 PINTAS (3 LITROS\/HORA). EQUIPO A 220 VOLTS 1 FASE<\/h2>\n<p><strong>DESHUMIDIFICADORES DESECANTES IDEALES PARA LOS ESPACIOS EN:<\/strong><\/p>\n<ul>\n<li><strong><span class=\"Apple-style-span\">LABORATORIOS<\/span><\/strong><\/li>\n<li><strong><span class=\"Apple-style-span\"><span class=\"Apple-style-span\">PROCESOS INDUSTRIALES<\/span><\/span><\/strong><\/li>\n<li><strong><span class=\"Apple-style-span\"><span class=\"Apple-style-span\">CUARTOS DE PRUEBA<\/span><\/span><\/strong><\/li>\n<li><strong><span class=\"Apple-style-span\"><span class=\"Apple-style-span\">ESTANCIA DE MATERIALES<\/span><\/span><\/strong><\/li>\n<li><strong><span class=\"Apple-style-span\"><span class=\"Apple-style-span\">CAMARAS<\/span><\/span><\/strong><\/li>\n<li><strong><span class=\"Apple-style-span\"><span class=\"Apple-style-span\">CUARTOS DE SECADO<\/span><\/span><\/strong><\/li>\n<li><strong><span class=\"Apple-style-span\"><span class=\"Apple-style-span\">CUARTOS FRIOS<\/span><\/span><\/strong><\/li>\n<li><strong><span class=\"Apple-style-span\"><span class=\"Apple-style-span\">ETC.<\/span><\/span><\/strong><\/li>\n<\/ul>\n<h4>PARA BAJOS PORCENTAJES DE HUMEDAD Y\/O BAJA TEMPERATURA<\/h4>\n<h3><\/h3>\n","protected":false},"featured_media":5690,"comment_status":"closed","ping_status":"closed","template":"","meta":[],"pwb-brand":[],"product_brand":[],"product_cat":[481],"product_tag":[],"class_list":{"0":"post-21324","1":"product","2":"type-product","3":"status-publish","4":"has-post-thumbnail","6":"product_cat-220-volts-1-fase-deshumidificadores-desecantes-en-acero-pintado","8":"first","9":"onbackorder","10":"purchasable","11":"product-type-simple"},"brands":[],"_links":{"self":[{"href":"https:\/\/h2otek.com\/tienda\/wp-json\/wp\/v2\/product\/21324","targetHints":{"allow":["GET"]}}],"collection":[{"href":"https:\/\/h2otek.com\/tienda\/wp-json\/wp\/v2\/product"}],"about":[{"href":"https:\/\/h2otek.com\/tienda\/wp-json\/wp\/v2\/types\/product"}],"replies":[{"embeddable":true,"href":"https:\/\/h2otek.com\/tienda\/wp-json\/wp\/v2\/comments?post=21324"}],"wp:featuredmedia":[{"embeddable":true,"href":"https:\/\/h2otek.com\/tienda\/wp-json\/wp\/v2\/media\/5690"}],"wp:attachment":[{"href":"https:\/\/h2otek.com\/tienda\/wp-json\/wp\/v2\/media?parent=21324"}],"wp:term":[{"taxonomy":"pwb-brand","embeddable":true,"href":"https:\/\/h2otek.com\/tienda\/wp-json\/wp\/v2\/pwb-brand?post=21324"},{"taxonomy":"product_brand","embeddable":true,"href":"https:\/\/h2otek.com\/tienda\/wp-json\/wp\/v2\/product_brand?post=21324"},{"taxonomy":"product_cat","embeddable":true,"href":"https:\/\/h2otek.com\/tienda\/wp-json\/wp\/v2\/product_cat?post=21324"},{"taxonomy":"product_tag","embeddable":true,"href":"https:\/\/h2otek.com\/tienda\/wp-json\/wp\/v2\/product_tag?post=21324"}],"curies":[{"name":"wp","href":"https:\/\/api.w.org\/{rel}","templated":true}]}}