{"id":20218,"date":"2021-07-06T21:28:38","date_gmt":"2021-07-06T21:28:38","guid":{"rendered":"https:\/\/h2otek.com\/tienda\/?post_type=product&#038;p=20218"},"modified":"2025-09-04T16:31:22","modified_gmt":"2025-09-04T16:31:22","slug":"deshumidificador-industrial-refrigeracion-821-pintas-380-lts-220v-3-fases-portatil-acero-inox-h2otek-mod-rdi-380l-d-3600-3","status":"publish","type":"product","link":"https:\/\/h2otek.com\/tienda\/producto\/deshumidificador-industrial-refrigeracion-821-pintas-380-lts-220v-3-fases-portatil-acero-inox-h2otek-mod-rdi-380l-d-3600-3\/","title":{"rendered":"DESHUMIDIFICADOR INDUSTRIAL REFRIGERACI\u00d3N 821 PINTAS (380 LTS) 220V 3 FASES PORT\u00c1TIL ACERO INOX H2OTEK MOD. RDI-380L\/D-3600-3"},"content":{"rendered":"<p align=\"center\"><img fetchpriority=\"high\" decoding=\"async\" src=\"https:\/\/h2otek.com\/tienda\/img\/cms\/controlhumedad\/h2otek\/deshumidificadores\/refrigeracion\/aceroinox\/RDI-380L\/header-deshumidificador-h2otek-RDI-380L_D-3600-3.jpg\" alt=\"\" width=\"650\" height=\"300\" \/><\/p>\n<p style=\"text-align: justify;\"><strong>CARACTER\u00cdSTICAS:<\/strong><\/p>\n<ul>\n<li>Recomendado para un \u00e1rea de cobertura de 350-550 m2 (medidas en promedio. El \u00e1rea de cobertura puede variar dependiendo las condiciones de la instalaci\u00f3n y las caracter\u00edsticas del \u00e1rea a cubrir)<\/li>\n<li>Unidades de aplicaci\u00f3n comercial o industrial<\/li>\n<li>Unidades ecol\u00f3gicas (con refrigerante R410)<\/li>\n<li>Aire seco y puro (filtro de aire integrado)<\/li>\n<li>Filtro f\u00e1cilmente lavable<\/li>\n<li>Unidades totalmente desarmables<\/li>\n<li>Control de humedad digital LCD graduables de 10 a 99% HR<\/li>\n<li>Control de tiempo integrado<\/li>\n<li>\u00a0en acero inoxidable<\/li>\n<li>Drenaje autom\u00e1tico por medio de manguera de desag\u00fce (ver fotos)<\/li>\n<li>Bomba de drenado no incluida (opcional)<\/li>\n<li>Armaz\u00f3n color blanco, tapas color gris<\/li>\n<li>Compresor rotativo de alta eficiencia<\/li>\n<li>Totalmente port\u00e1til (Incluye 4 ruedas universales)<\/li>\n<li>Funci\u00f3n de descongelaci\u00f3n autom\u00e1tica (esta caracter\u00edstica puede proteger eficazmente el compresor para garantizar su funcionamiento normal)<\/li>\n<li>Con opci\u00f3n de incluir bomba de condensados (opcional)<\/li>\n<li>1 A\u00d1O DE GARANT\u00cdA SOBRE CUALQUIER DEFECTO DE FABRICACI\u00d3N.<\/li>\n<\/ul>\n<p>&nbsp;<\/p>\n<p>&nbsp;<\/p>\n<p style=\"text-align: center;\"><strong>APLICACIONES EN LA INDUSTRIA<\/strong><\/p>\n<p align=\"center\"><img decoding=\"async\" src=\"https:\/\/www.h2otek.com\/tienda\/Images\/h2otek\/deshumidificadores\/aplicaciones-deshumidificador-h2otek-portatiles.jpg\" alt=\"\" border=\"0\" \/><\/p>\n<p>&nbsp;<\/p>\n<p>&nbsp;<\/p>\n<p style=\"text-align: center;\"><strong>TABLA DE ESPECIFICACIONES:<\/strong><\/p>\n<p align=\"center\"><img decoding=\"async\" class=\"aligncenter size-full wp-image-23196\" src=\"https:\/\/h2otek.com\/tienda\/wp-content\/uploads\/2021\/07\/especificaciones-deshumidificador-RDI-380L_D-3600-3.gif\" alt=\"\" width=\"613\" height=\"1041\" \/><\/p>\n<p align=\"center\">Watts y amperaje son totales, incluyendo los dos compresores.<\/p>\n<ul>\n<li><span style=\"font-size: small; color: #ff0000;\"><strong>DEBIDO AL PROCESO DE DESHUMIDIFICACION, EL EQUIPO INYECTA AIRE, ADEMAS DE SECARLO, CON UN AUMENTO EN LA TEMPERATURA DE 5 A 10 GRADOS CENTRIGRADOS ARRIBA, DE LA TEMPERATURA DE AIRE RETORNADA, ESTO ES IMPORTANTE TOMARLO EN CUENTA, EN LOS ESTUDIOS DE CARGAS TERMICAS.\u00a0 <\/strong><\/span><\/li>\n<li><span style=\"font-size: small; color: #ff0000;\"><strong>NO ES RECOMENDABLE UTILIZAR DESHUMIDIFICADORES POR SISTEMA DE REFRIGERACION, CUANDO EL PORCENTAJE DE HUMEDAD, DENTRO DEL CUARTO, SE REQUIERE MUY BAJO (35-40% O MENOS). PARA ESTOS CASOS SE REQUIERE DESHUMIDIFICADORES DESECANTES:<br \/>\n<strong><a href=\"https:\/\/h2otek.com\/tienda\/188-sistema-desecante\" target=\"_blank\" rel=\"noopener\">https:\/\/h2otek.com\/tienda\/188-sistema-desecante<\/a><\/strong><\/strong><\/span><\/li>\n<\/ul>\n<p>&nbsp;<\/p>\n<p>&nbsp;<\/p>\n<p align=\"center\"><strong>DIMENSIONES<\/strong><\/p>\n<p align=\"center\"><img decoding=\"async\" class=\"alignnone size-full wp-image-32911\" style=\"text-align: left;\" src=\"https:\/\/h2otek.com\/tienda\/wp-content\/uploads\/2021\/07\/dimensiones-deshumidificador-h2otek-RDI-380L.gif\" alt=\"\" width=\"800\" height=\"590\" \/><\/p>\n<p>&nbsp;<\/p>\n<p>&nbsp;<\/p>\n<p align=\"center\"><strong>PANEL DE CONTROL H2OTEK<\/strong><\/p>\n<p align=\"center\"><img loading=\"lazy\" decoding=\"async\" src=\"https:\/\/www.h2otek.com\/tienda2015\/img\/cms\/panel-control-rd380-rd480.jpg\" alt=\"\" width=\"550\" height=\"376\" border=\"0\" \/><\/p>\n<p style=\"text-align: center;\">Pantalla LCD que muestra la humedad ambiental, temperatura, nivel de humedad y velocidad del viento.<\/p>\n<p>&nbsp;<\/p>\n<p>&nbsp;<\/p>\n<p align=\"center\"><strong>PARTES DEL DESHUMIDIFICADOR:<\/strong><\/p>\n<p align=\"center\"><img loading=\"lazy\" decoding=\"async\" src=\"https:\/\/www.h2otek.com\/tienda\/Images\/h2otek\/deshumidificadores\/partes-rd240-h2otek.jpg\" alt=\"\" width=\"291\" height=\"350\" border=\"0\" \/><\/p>\n<p>&nbsp;<\/p>\n<p>&nbsp;<\/p>\n<p align=\"center\"><span style=\"font-weight: bold;\">FOTOS:<\/span><\/p>\n<p align=\"center\"><img loading=\"lazy\" decoding=\"async\" src=\"https:\/\/www.h2otek.com\/tienda2015\/img\/cms\/fotos-deshumidificador-h2otek-RD-380-RD480.jpg\" alt=\"\" width=\"550\" height=\"905\" border=\"0\" \/><\/p>\n<p>&nbsp;<\/p>\n<p>&nbsp;<\/p>\n<p align=\"center\"><strong>VIDEOS:<\/strong><\/p>\n<p align=\"center\"><iframe src=\"https:\/\/www.youtube.com\/embed\/AveYQ3Zy-Lw\" width=\"425\" height=\"350\" frameborder=\"0\"><\/iframe><\/p>\n<p align=\"center\"><iframe src=\"https:\/\/www.youtube.com\/embed\/nXl7_LOPTdE\" width=\"425\" height=\"350\" frameborder=\"0\"><\/iframe><\/p>\n<p align=\"center\"><iframe src=\"https:\/\/www.youtube.com\/embed\/P1UYn_ebk_0\" width=\"425\" height=\"350\" frameborder=\"0\"><\/iframe><\/p>\n<p><span style=\"color: #4a4a4a;\">\u00a0<\/span><\/p>\n<p><span style=\"color: #4a4a4a;\"><strong>DESCARGAR MANUALES:<\/strong><\/span><\/p>\n<ul>\n<li><a href=\"http:\/\/www.h2otek.com\/tienda\/pdf\/controlhumedad\/DESHUMIDIFICADORES%20INDUSTRIALES%20DE%20REFRIGERACION%20PORTATILES%20H2OTEK%20192-240-380-480.pdf\" target=\"_blank\" rel=\"noopener\">MANUAL DEL USUARIO<\/a><\/li>\n<\/ul>\n<p>&nbsp;<\/p>\n<p>&nbsp;<\/p>\n<div>\n<p><strong>PRECIO INCLUYE GASTOS DE ENVIO (GRATIS) E IMPUESTO\u00a016% DE IVA<\/strong><\/p>\n<\/div>\n","protected":false},"excerpt":{"rendered":"<p><span style=\"color: #ff0000;\"><strong>PRECIO EN D\u00d3LARES US.<\/strong><\/span><br \/>\n<span style=\"color: #ff0000;\"><strong>PRECIO INCLUYE 16 % DE I.V.A.<\/strong><\/span><br \/>\n<span style=\"color: #ff0000;\"><strong>PRECIO INCLUYE ENVIO (ZONA CENTRO).<\/strong><\/span><\/p>\n<p style=\"text-align: left;\"><span style=\"font-size: small; font-weight: bold; color: #000080;\">EFICIENTE DESHUMIDIFICADOR INDUSTRIAL HASTA 380 LITROS POR D\u00cdA<\/span><\/p>\n<p style=\"text-align: left;\"><strong><span style=\"font-size: small; color: #ff0000;\">GARANT\u00cdA M\u00c1S AMPLIA DEL MERCADO: COMPRESOR 2 A\u00d1OS, PARTES 1 A\u00d1O.<\/span><\/strong><\/p>\n<p style=\"text-align: left;\"><span style=\"font-size: small; color: #000000;\"><strong><em><strong><em>APLICACIONES COMUNES: <\/em><\/strong><\/em><\/strong><\/span><\/p>\n<ul>\n<li><span style=\"font-style: italic; font-weight: bold; font-size: small;\">ALMACENES<\/span><\/li>\n<li><span style=\"font-style: italic; font-weight: bold; font-size: small;\">\u00c1REAS DE PROCESO<\/span><\/li>\n<li><span style=\"font-style: italic; font-weight: bold; font-size: small;\">LABORATORIOS<\/span><\/li>\n<li><span style=\"font-style: italic; font-weight: bold; font-size: small;\">CUARTOS DE PRUEBA<\/span><\/li>\n<li><span style=\"font-style: italic; font-weight: bold; font-size: small;\">PROCESOS INDUSTRIALES<\/span><\/li>\n<li><span style=\"font-style: italic; font-weight: bold; font-size: small;\">CUARTOS DE PINTURA<\/span><\/li>\n<li><span style=\"font-style: italic; font-weight: bold; font-size: small;\">S\u00d3TANOS<\/span><\/li>\n<li><span style=\"font-style: italic; font-weight: bold; font-size: small;\">MUSEOS<\/span><\/li>\n<li><span style=\"font-style: italic; font-weight: bold; font-size: small;\">\u00c1REAS DE TRABAJO<\/span><\/li>\n<li><span style=\"font-style: italic; font-weight: bold; font-size: small;\">ALBERCAS TECHADAS,<\/span><span style=\"font-size: small; font-style: italic; font-weight: bold;\">\u00a0ETC.<\/span><\/li>\n<\/ul>\n","protected":false},"featured_media":6334,"comment_status":"closed","ping_status":"closed","template":"","meta":[],"pwb-brand":[],"product_brand":[],"product_cat":[422],"product_tag":[],"class_list":{"0":"post-20218","1":"product","2":"type-product","3":"status-publish","4":"has-post-thumbnail","6":"product_cat-portatiles","8":"first","9":"outofstock","10":"purchasable","11":"product-type-simple"},"brands":[],"_links":{"self":[{"href":"https:\/\/h2otek.com\/tienda\/wp-json\/wp\/v2\/product\/20218","targetHints":{"allow":["GET"]}}],"collection":[{"href":"https:\/\/h2otek.com\/tienda\/wp-json\/wp\/v2\/product"}],"about":[{"href":"https:\/\/h2otek.com\/tienda\/wp-json\/wp\/v2\/types\/product"}],"replies":[{"embeddable":true,"href":"https:\/\/h2otek.com\/tienda\/wp-json\/wp\/v2\/comments?post=20218"}],"wp:featuredmedia":[{"embeddable":true,"href":"https:\/\/h2otek.com\/tienda\/wp-json\/wp\/v2\/media\/6334"}],"wp:attachment":[{"href":"https:\/\/h2otek.com\/tienda\/wp-json\/wp\/v2\/media?parent=20218"}],"wp:term":[{"taxonomy":"pwb-brand","embeddable":true,"href":"https:\/\/h2otek.com\/tienda\/wp-json\/wp\/v2\/pwb-brand?post=20218"},{"taxonomy":"product_brand","embeddable":true,"href":"https:\/\/h2otek.com\/tienda\/wp-json\/wp\/v2\/product_brand?post=20218"},{"taxonomy":"product_cat","embeddable":true,"href":"https:\/\/h2otek.com\/tienda\/wp-json\/wp\/v2\/product_cat?post=20218"},{"taxonomy":"product_tag","embeddable":true,"href":"https:\/\/h2otek.com\/tienda\/wp-json\/wp\/v2\/product_tag?post=20218"}],"curies":[{"name":"wp","href":"https:\/\/api.w.org\/{rel}","templated":true}]}}