{"id":19731,"date":"2021-07-06T21:23:35","date_gmt":"2021-07-06T21:23:35","guid":{"rendered":"https:\/\/h2otek.com\/tienda\/producto\/boiler-de-deposito-cap-98000-btu-hr-comercial-industrial-a-gas-lp-grandes-cantidades-de-agua-caliente-linea-universal\/"},"modified":"2025-09-25T23:46:08","modified_gmt":"2025-09-25T23:46:08","slug":"boiler-de-deposito-cap-98000-btu-hr-comercial-industrial-a-gas-lp-grandes-cantidades-de-agua-caliente-linea-universal","status":"publish","type":"product","link":"https:\/\/h2otek.com\/tienda\/producto\/boiler-de-deposito-cap-98000-btu-hr-comercial-industrial-a-gas-lp-grandes-cantidades-de-agua-caliente-linea-universal\/","title":{"rendered":"BOILER DE DEPOSITO CAP. 98,000 BTU\/HR COMERCIAL-INDUSTRIAL A GAS LP GRANDES CANTIDADES DE AGUA CALIENTE LINEA UNIVERSAL MOD. G50-98-LP"},"content":{"rendered":"<p align=\"center\"><img decoding=\"async\" src=\"https:\/\/www.h2otek.com\/tienda\/Images\/boilers\/header-universal-G50-98LP.jpg\" alt=\"\" border=\"0\" \/><\/p>\n<p style=\"text-align: justify;\">Los calentadores de gas est\u00e1n espec\u00edficamente dise\u00f1ados para minimizar la dificultad en caso de que el calentador tenga que ser reemplazado por causas de fallas, al mismo tiempo que se vuelve m\u00e1s vers\u00e1til para nuevas instalaciones. Estos productos est\u00e1n dise\u00f1ados para aplicaciones que requieren grandes cantidades de agua caliente.<\/p>\n<p style=\"text-align: justify;\">Dise\u00f1o para ahorrar espacio y conexiones m\u00faltiples para una f\u00e1cil sustituci\u00f3n e instalaci\u00f3n. Y por el ahorro de tiempo y esfuerzo en cada instalaci\u00f3n, tambi\u00e9n va a ayudar a hacer m\u00e1s rentable su negocio.<\/p>\n<p><strong>CARACTERISTICAS:<\/strong><\/p>\n<ul>\n<li><strong>Dise\u00f1o del tanque Universal: <\/strong>Maximiza la adaptabilidad de instalaci\u00f3n, pues ofrece modelos con conexiones de entrada y salida en la cubierta, el frente y la parte posterior del tanque.<\/li>\n<li><strong>Dise\u00f1o de ahorro de espacio: <\/strong>La baja altura y los peque\u00f1os di\u00e1metros de la cubierta del calentador, dan como resultado una f\u00e1cil y flexible instalaci\u00f3n.<\/li>\n<li><strong>Bajo contorno del tubo de escape autom\u00e1tico: <\/strong>El dise\u00f1o del contorno peque\u00f1o minimiza la altura del producto en general. La nueva cubierta de alta densidad esta dise\u00f1ada para manejos rigurosos de instalaci\u00f3n.<\/li>\n<li><strong>Sistema de encendido del piloto: <\/strong>Es est\u00e1ndar para todos los modelos. Provee confianza y un ahorro de energ\u00eda en la secuencia de encendido por medio del encendido del piloto, ya que el termostato se enciende solamente \u00e9ste requiere de calor.<\/li>\n<li><strong>V\u00e1lvula de drenado de lat\u00f3n<\/strong><\/li>\n<li><strong>V\u00e1lvula de alivio de presi\u00f3n y temperatura: <\/strong>Clasificaci\u00f3n AGA\/ASME e instalado en la f\u00e1brica.<\/li>\n<li><strong>Aislante: <\/strong>Humedece la fibra de vidrio mineral que rodea el dep\u00f3sito del tanque, el cual minimiza la perdida de calor.<\/li>\n<li><strong>\u00c1nodo: <\/strong>Dise\u00f1o patentado que utiliza m\u00faltiples varillas de magnesio que garantiza una larga vida y resistencia a la corrosi\u00f3n.<\/li>\n<li><strong>Apertura para limpieza manual: <\/strong>Para remover los dep\u00f3sitos y residuos.<\/li>\n<li><strong>Manual de reencendido: <\/strong>Todos los modelos ASME est\u00e1n equipados con un manual de reencendido.<\/li>\n<li><strong>Sistema de control de gas: <\/strong>Termostato completamente ajustable desde 100\u00b0F hasta 180\u00b0F, 24 voltios que combinan v\u00e1lvulas de gas, las cuales incluyen principalmente reguladores de presiones de gas, v\u00e1lvula de encendido y apagado, transformador de 120\/24 voltios y cortador de corriente cuado la temperatura excede su l\u00edmite.<\/li>\n<li><strong>Diagnostico LED: <\/strong>Ensamble de apertura para servicio sencillo.<\/li>\n<li>Corto al suelo a la altura de la ventilaci\u00f3n<\/li>\n<li>M\u00faltiples conexiones de agua<\/li>\n<li>Limpieza a mano<\/li>\n<li>Quemadores de acero inoxidable<\/li>\n<li>Restablecimiento manual de alto l\u00edmite<\/li>\n<li>Disponibles modelos de bajo NOx (\u00d3xidos de Nitr\u00f3geno)<\/li>\n<li><em><strong><span style=\"color: #000000;\">3 A\u00d1OS DE GARANTIA SOBRE CUALQUIER DEFECTO DE FABRICACION <\/span><\/strong><\/em><\/li>\n<\/ul>\n<p><strong>CERTIFICACIONES Y CLASIFICACIONES:<\/strong><\/p>\n<ul>\n<li><strong>Eficiencia:<\/strong>Estos modelos han sido inspeccionados de acuerdo a los procedimientos del examen ANSI, y ha excedido la eficiencia y los est\u00e1ndares requeridos por la ASHRAE Est\u00e1ndar 90. 1b-2001 (Parte del mandato Federal de la Pol\u00edtica de Energ\u00eda de los Estados Unidos)<\/li>\n<li><strong>Construcciones opcionales:<br \/>\n<\/strong>Construcciones ASME est\u00e1n disponibles en modelos destinados. Los modelos que obedecen la UL Sanitation est\u00e1n disponibles y equipados con un soporte para calentador opcional (N\u00famero de parte AE35450)<\/li>\n<li><strong>Seguridad y construcci\u00f3n:<\/strong>Estos productos son un dise\u00f1o certificado por la CSA:<br \/>\na) Para operar por encima de los 180\u00b0F<br \/>\nb) Para responder a los requerimientos de cuidado y construcci\u00f3n de ANSI Z21.10.3<br \/>\nc) Como un contenedor autom\u00e1tico o para un calentador de agua instant\u00e1neo.<br \/>\nd) Como un calentador instant\u00e1neo<br \/>\ne) Para operar e instalarse en pisos inflamables y en alcobas.<\/li>\n<li>Certificado para trabajar a una presi\u00f3n m\u00e1xima de 150 PSI (160 PSI para modelos ASME)<\/li>\n<\/ul>\n<p style=\"text-align: center;\"><strong>Dise\u00f1o para ahorrar espacio y conexiones m\u00faltiples para una instalaci\u00f3n y reemplazo m\u00e1s f\u00e1cil:<\/strong><\/p>\n<p align=\"center\"><img decoding=\"async\" src=\"https:\/\/www.h2otek.com\/tienda\/Images\/boilers\/componentes-universal.jpg\" alt=\"\" border=\"0\" \/><\/p>\n<p style=\"text-align: center;\"><strong>TABLAS DE ESPECIFICACIONES: <\/strong><\/p>\n<p style=\"text-align: center;\"><a href=\"http:\/\/www.h2otek.com\/tienda\/Images\/especificaciones-universal-G50-98LP_large.jpg\" target=\"_blank\" rel=\"noopener\"><br \/>\n<\/a><a href=\"https:\/\/h2otek.com\/tienda\/Images\/boilers\/especificaciones-universal-G50-98LP_large.jpg\" target=\"_blank\" rel=\"noopener\"><img fetchpriority=\"high\" decoding=\"async\" class=\"alignnone\" src=\"https:\/\/www.h2otek.com\/tienda\/Images\/boilers\/especificaciones-universal-G50-98LP.gif\" alt=\"\" width=\"550\" height=\"164\" border=\"0\" \/><\/a><\/p>\n<p style=\"text-align: center;\">(Clic en imagen para agrandar)<\/p>\n<p>&nbsp;<\/p>\n<p>&nbsp;<\/p>\n<p align=\"center\"><strong>DIMENSIONES:<\/strong><\/p>\n<p align=\"center\"><img decoding=\"async\" src=\"https:\/\/www.h2otek.com\/tienda\/Images\/boilers\/dimensiones-universal.gif\" alt=\"\" border=\"0\" \/><\/p>\n<p align=\"justify\">INDUSTRIAL RHEEM, S.A. DE C.V. CUENTA CON TALLERES DE SERVICIO EN TODA LA REPUBLICA MEXICANA<\/p>\n<p align=\"justify\">ES IMPORTANTE LEER CLARAMENTE EL INSTRUCTIVO DE INSTALACION Y OPERACION ANTES DE INSTALAR Y PONER A FUNCIONAR EL CALENTADOR<\/p>\n<p align=\"center\"><strong>SISTEMA DE DIAGN\u00d3STICO SENTINEL\u2122<\/strong><\/p>\n<p>&nbsp;<\/p>\n<p style=\"text-align: justify;\"><strong>CARACTER\u00cdSTICAS:<\/strong><\/p>\n<ul>\n<li>Proporciona una f\u00e1cil configuraci\u00f3n y soluci\u00f3n de problemas<\/li>\n<li>F\u00e1cil verificaci\u00f3n de arranque del sistema<\/li>\n<li>F\u00e1cil supervisi\u00f3n del funcionamiento del sistema<\/li>\n<li>Mantenimiento m\u00e1s f\u00e1cil y m\u00e1s preciso<\/li>\n<\/ul>\n<p align=\"center\"><img decoding=\"async\" src=\"https:\/\/www.h2otek.com\/tienda\/Images\/boilers\/sistema-sentinel.JPG\" alt=\"\" border=\"0\" \/><\/p>\n<p align=\"center\"><img decoding=\"async\" src=\"https:\/\/www.h2otek.com\/tienda\/Images\/boilers\/sistema-sentinel-gas-small.jpg\" alt=\"\" border=\"0\" \/><\/p>\n<p style=\"text-align: center;\"><strong>INSTALACI\u00d3N T\u00cdPICA CON TAQUE POR GRAVEDAD<br \/>\n<\/strong>(Clic en la imagen para agrandar)<\/p>\n<p align=\"center\"><a href=\"https:\/\/h2otek.com\/tienda\/Images\/boilers\/usorudo\/instalaciontipicacontanquerudo.JPG\" target=\"_blank\" rel=\"noopener\"><img decoding=\"async\" class=\"alignnone\" src=\"https:\/\/www.h2otek.com\/tienda\/Images\/boilers\/instalaciontipicacontanquexgravedad-small.jpg\" alt=\"\" width=\"550\" height=\"379\" border=\"0\" \/><\/a><\/p>\n<p style=\"text-align: center;\"><strong>INSTALACI\u00d3N T\u00cdPICA CON CIRCULACI\u00d3N FORZADA Y TANQUES DE ALMACENAMIENTO<br \/>\n<\/strong>(Clic en la imagen para agrandar)<\/p>\n<p align=\"center\"><a href=\"https:\/\/h2otek.com\/tienda\/Images\/boilers\/usorudo\/instalaciontipicaforzadarudo.JPG\" target=\"_blank\" rel=\"noopener\"><img decoding=\"async\" class=\"alignnone\" src=\"https:\/\/www.h2otek.com\/tienda\/Images\/boilers\/instalaciontipicaconcirculacionforzada-small.jpg\" alt=\"\" width=\"550\" height=\"432\" border=\"0\" \/><\/a><\/p>\n<p>&nbsp;<\/p>\n<p style=\"text-align: center;\"><strong>CERTIFICACIONES<\/strong><\/p>\n<p align=\"center\"><img decoding=\"async\" src=\"https:\/\/www.h2otek.com\/tienda\/Images\/boilers\/certificaciones-universal.gif\" alt=\"\" border=\"0\" \/><\/p>\n<p><strong>DESCARGAR MANUALES<\/strong><\/p>\n<ul>\n<li><strong><a href=\"https:\/\/h2otek.com\/tienda\/pdf\/aguacaliente\/FOLLETO_BOILER_DE_DEPOSITO_COMERCIAL_INDUSTRIAL_A_GAS_LP_GRANDES_CANTIDADES_DE_AGUA_CALIENTE.pdf\" target=\"_blank\" rel=\"noopener\">FOLLETO<\/a><\/strong><\/li>\n<li><strong><a href=\"https:\/\/h2otek.com\/tienda\/pdf\/aguacaliente\/ESPECIFICACIONES_BOILER_DE_DEPOSITO_COMERCIAL_INDUSTRIAL_A_GAS_LP_GRANDES_CANTIDADES_DE_AGUA_CALIENTE.pdf\" target=\"_blank\" rel=\"noopener\">ESPECIFICACIONES<\/a><\/strong><\/li>\n<li><strong><a href=\"https:\/\/h2otek.com\/tienda\/pdf\/aguacaliente\/MANUAL_BOILER_DE_DEPOSITO_COMERCIAL_INDUSTRIAL_A_GAS_LP_GRANDES_CANTIDADES_DE_AGUA_CALIENTE.pdf\" target=\"_blank\" rel=\"noopener\">MANUAL DEL USUARIO<\/a><\/strong><\/li>\n<\/ul>\n<p>&nbsp;<\/p>\n<p align=\"justify\"><strong><span style=\"color: #000000;\"><strong>PRECIO INCLUYE GASTOS DE ENVIO (GRATIS) E IMPUESTO <\/strong>16 % DE IVA<\/span><\/strong><\/p>\n","protected":false},"excerpt":{"rendered":"<p><span style=\"color: #ff0000;\"><strong>PRECIO EN PESOS MEXICANOS.<br \/>\nPRECIO INCLUYE 16 % DE I.V.A.<br \/>\nPRECIO INCLUYE ENVIO (ZONA CENTRO).<\/strong><\/span><\/p>\n<p style=\"text-align: left;\"><strong><span style=\"font-size: small; color: #000000;\">RECOMENDADO PARA USO COMERCIAL-INDUSTRIAL<\/span><\/strong><\/p>\n<p style=\"text-align: left;\"><strong><em><span style=\"color: #000000;\">IDEALES PARA CUALQUIER NECESIDAD DE AGUA CALIENTE, COMO PUEDE SER EN:<\/span><\/em><\/strong><\/p>\n<ul style=\"text-align: left;\">\n<li><strong><em><span style=\"color: #000000;\">OFICINAS<\/span><\/em><\/strong><\/li>\n<li><strong><em><span style=\"color: #000000;\">RESTAURANTES<\/span><\/em><\/strong><\/li>\n<li><strong><em><span style=\"color: #000000;\">HOTELES<\/span><\/em><\/strong><\/li>\n<li><strong><em><span style=\"color: #000000;\">LAVANDER\u00cdAS<\/span><\/em><\/strong><\/li>\n<li><strong><em><span style=\"color: #000000;\">ALMACENES<\/span><\/em><\/strong><\/li>\n<li><strong><em><span style=\"color: #000000;\">PROCESOS INDUSTRIALES<\/span><\/em><\/strong><\/li>\n<li><strong><em><span style=\"color: #000000;\">MOTELES<\/span><\/em><\/strong><\/li>\n<li><strong><em><span style=\"color: #000000;\">DEPORTIVOS<\/span><\/em><\/strong><\/li>\n<li><strong><em><span style=\"color: #000000;\">HOSPITALES<\/span><\/em><\/strong><\/li>\n<li><strong><em><span style=\"color: #000000;\">ETC.<\/span><\/em><\/strong><\/li>\n<\/ul>\n<p style=\"text-align: left;\"><strong><span style=\"font-size: medium; color: #ff0000;\">FAVOR DE REVISAR PRECIO EN ATENCION AL CLIENTE<\/span><\/strong><\/p>\n","protected":false},"featured_media":1796,"comment_status":"closed","ping_status":"closed","template":"","meta":[],"pwb-brand":[],"product_brand":[],"product_cat":[414],"product_tag":[],"class_list":{"0":"post-19731","1":"product","2":"type-product","3":"status-publish","4":"has-post-thumbnail","6":"product_cat-linea-universal-boilers-calentadores-de-agua-industriales-comerciales","8":"first","9":"outofstock","10":"purchasable","11":"product-type-simple"},"brands":[],"_links":{"self":[{"href":"https:\/\/h2otek.com\/tienda\/wp-json\/wp\/v2\/product\/19731","targetHints":{"allow":["GET"]}}],"collection":[{"href":"https:\/\/h2otek.com\/tienda\/wp-json\/wp\/v2\/product"}],"about":[{"href":"https:\/\/h2otek.com\/tienda\/wp-json\/wp\/v2\/types\/product"}],"replies":[{"embeddable":true,"href":"https:\/\/h2otek.com\/tienda\/wp-json\/wp\/v2\/comments?post=19731"}],"wp:featuredmedia":[{"embeddable":true,"href":"https:\/\/h2otek.com\/tienda\/wp-json\/wp\/v2\/media\/1796"}],"wp:attachment":[{"href":"https:\/\/h2otek.com\/tienda\/wp-json\/wp\/v2\/media?parent=19731"}],"wp:term":[{"taxonomy":"pwb-brand","embeddable":true,"href":"https:\/\/h2otek.com\/tienda\/wp-json\/wp\/v2\/pwb-brand?post=19731"},{"taxonomy":"product_brand","embeddable":true,"href":"https:\/\/h2otek.com\/tienda\/wp-json\/wp\/v2\/product_brand?post=19731"},{"taxonomy":"product_cat","embeddable":true,"href":"https:\/\/h2otek.com\/tienda\/wp-json\/wp\/v2\/product_cat?post=19731"},{"taxonomy":"product_tag","embeddable":true,"href":"https:\/\/h2otek.com\/tienda\/wp-json\/wp\/v2\/product_tag?post=19731"}],"curies":[{"name":"wp","href":"https:\/\/api.w.org\/{rel}","templated":true}]}}