{"id":19728,"date":"2021-07-06T21:23:29","date_gmt":"2021-07-06T21:23:29","guid":{"rendered":"https:\/\/h2otek.com\/tienda\/producto\/calentador-de-agua-electrico-piscinas-o-recirculacion-11000-galones-18-kw-240-v-mod-eco-pool-18-linea-ecosmart\/"},"modified":"2026-02-20T15:27:34","modified_gmt":"2026-02-20T15:27:34","slug":"calentador-de-agua-electrico-piscinas-o-recirculacion-11000-galones-18-kw-240-v-mod-eco-pool-18-linea-ecosmart","status":"publish","type":"product","link":"https:\/\/h2otek.com\/tienda\/producto\/calentador-de-agua-electrico-piscinas-o-recirculacion-11000-galones-18-kw-240-v-mod-eco-pool-18-linea-ecosmart\/","title":{"rendered":"CALENTADOR DE AGUA EL\u00c9CTRICO PISCINAS O RECIRCULACION 11,000 GALONES 18 KW 240 V MOD. ECO POOL 18 LINEA ECOSMART"},"content":{"rendered":"<p style=\"text-align: center;\"><img decoding=\"async\" src=\"https:\/\/www.h2otek.com\/tienda\/Images\/ecosmart\/new\/header-pool18.jpg\" alt=\"\" align=\"middle\" border=\"0\" \/><\/p>\n<p style=\"text-align: justify;\"><span style=\"text-decoration: underline;\"><strong> CALENTADORES ELECTRICOS ECOSMART PARA PISCINAS<\/strong><\/span><\/p>\n<p style=\"text-align: justify;\">Los Ecosmart Spa y calentadores de piscinas POOL funcionan mediante la utilizaci\u00f3n de la \u00faltima tecnolog\u00eda en el flujo de sensores en lugar de los tradicionales de activaci\u00f3n del interruptor de presi\u00f3n, lo que aumenta su fiabilidad y la longevidad. La serie de radiadores el\u00e9ctricos inteligentes vienen con control digital, termostato para que pueda ajustar la temperatura exactamente donde usted quiere.<\/p>\n<p style=\"text-align: justify;\">Energ\u00eda eficiente y confiable, sin problemas y libre de corrosi\u00f3n. Modelos compactos, operaci\u00f3n simple que garantiza una unidad sin problemas.<\/p>\n<p style=\"text-align: justify;\">ECOSMART Calentadores el\u00e9ctricos para PISCINAS \u00f3 ALBERCAS proporcionan calor constante para dar los m\u00e1ximos beneficios de la hidroterapia.<\/p>\n<p style=\"text-align: justify;\"><strong>CARACTER\u00cdSTICAS:<\/strong><\/p>\n<ul>\n<li><strong>Marco digital de Control de temperatura<\/strong> permite ajustar la deseada para configurarlo y olvidarse de \u00e9l. Termostato para evitar sobrecalentamiento.<\/li>\n<li><strong>Larga vida.<\/strong> Una vida \u00fatil mas larga gracias a sus componentes y electr\u00f3nica de primera calidad.<\/li>\n<li>Sin problemas<\/li>\n<li>Apagado v\u00eda electr\u00f3nica<\/li>\n<li><strong>Componentes de alta calidad. <\/strong>Sensor de flujo revolucionario que asegura que la unidad no se activa a menos que el agua fluya a trav\u00e9s de esta. Interruptor superior tradicional. Termostato de seguridad rearmable de alto l\u00edmite.<\/li>\n<li><strong>F\u00e1cil instalaci\u00f3n.<\/strong> Con un dise\u00f1o compacto que cabe en espacios peque\u00f1os.<\/li>\n<li>Elementos de acero inoxidable con abrazaderas de lat\u00f3n de 3\/16&#8243;<\/li>\n<li>Intercambiador de calor de acero inoxidable.<\/li>\n<li>Sin relays o conectores. Flujo de activaci\u00f3n del sensor con tecnolog\u00eda de microprocesamiento.<\/li>\n<li>Termistatos de rearme.<\/li>\n<li>Supera las calificaciones est\u00e1ndar de eficiencia.<\/li>\n<li><em>1 A\u00d1O DE GARANT\u00cdA CONTRA DEFECTOS DE FABRICACION <\/em><\/li>\n<\/ul>\n<p style=\"text-align: justify;\"><strong>ESPECIFICACIONES:<\/strong><\/p>\n<ul>\n<li>Voltaje: 240V<\/li>\n<li>ECO POOL 18: 18 Kw (61,000 BTUs)<\/li>\n<li>Calentador se compone de 2 resistencias de 9 kw cada una, conectadas en forma independiente<\/li>\n<li>Consumo: 75Amps<\/li>\n<li>Hz: 50\/60<\/li>\n<li>FLUJO DE AGUA MINIMO PARA ENCENDER CALENTADOR: 3 GPM<\/li>\n<li>Tama\u00f1o del conducto: 2&#8243;<\/li>\n<li>Requiere de interruptor: 2 INTERRUPTORES DE 2 X 50 (2 POLOS 50 AMPS)<\/li>\n<li>Requiere de cable: 4 LINEAS DE CABLE CAL 8<\/li>\n<li><strong>Galones m\u00e1ximos: 11,000 galones piscina<\/strong><\/li>\n<li>Control remoto (opcional, se vende por separado)<\/li>\n<li>Dimensiones: 15&#8243;H x 12&#8243;W x 4.75&#8243; D<\/li>\n<li>Peso: 19 Lb. (8.6 Kgs.)<\/li>\n<\/ul>\n<p style=\"text-align: center;\"><strong>TABLA DE ESPECIFICACIONES:<\/strong><\/p>\n<p style=\"text-align: center;\"><a href=\"http:\/\/www.h2otek.com\/tienda\/Images\/ecosmart\/new\/tabla-esp-pool18-large.gif\" target=\"_blank\" rel=\"noopener\"><img decoding=\"async\" src=\"https:\/\/www.h2otek.com\/tienda\/Images\/ecosmart\/new\/tabla-esp-pool18-small.gif\" alt=\"\" align=\"middle\" border=\"0\" \/><\/a><\/p>\n<p style=\"text-align: center;\">Click en la imagen para agrandar<\/p>\n<p style=\"text-align: center;\"><strong><span style=\"font-size: small;\"> ** SELECCI\u00d3N<\/span><\/strong><span style=\"font-size: small;\"> <strong>**<\/strong><\/span><\/p>\n<p style=\"text-align: justify;\">Los Calentadores EcoSmart POOL &amp; SPA est\u00e1n destinados a ser utilizados &#8220;sobre demanda&#8221;. El <span style=\"text-decoration: underline;\">m\u00e9todo de aumento de la temperatura<\/span> es m\u00e1s \u00fatil para determinar cu\u00e1nto tiempo le tomar\u00e1 a su piscina o spa para calentar a la temperatura deseada.<\/p>\n<p style=\"text-align: justify;\">En primer lugar determinar la cantidad de galones en total est\u00e1n en la piscina o spa utilizando los siguientes c\u00e1lculos:<\/p>\n<p style=\"text-align: center;\"><img decoding=\"async\" src=\"https:\/\/www.h2otek.com\/tienda\/Images\/ecosmart\/new\/formula-ecosmart-poolspa.gif\" alt=\"\" align=\"middle\" border=\"0\" \/><\/p>\n<p style=\"text-align: justify;\"><span style=\"color: #ff0000;\"><strong><em>MEDIDAS REPRESENTADAS EN PIES<\/em><\/strong><\/span><\/p>\n<p style=\"text-align: justify;\">Esto le da el volumen total (V) de su piscina o spa. Esta informaci\u00f3n puede ser utilizada para buscar la cantidad de tiempo que se necesita para calentar su piscina o spa por la temperatura especificada en los cuadros siguientes.<\/p>\n<p style=\"text-align: center;\"><strong>TABLAS DE ELEVACI\u00d3N DE TEMPERATURAS DE AGUA TIEMPO (HORAS)<\/strong><\/p>\n<p style=\"text-align: center;\"><img decoding=\"async\" src=\"https:\/\/www.h2otek.com\/tienda\/Images\/ecosmart\/new\/tabla-temp-pool18.gif\" alt=\"\" align=\"middle\" border=\"0\" \/><\/p>\n<p style=\"text-align: center;\"><strong>INSTALACIONES T\u00cdPICAS<\/strong><\/p>\n<p style=\"text-align: center;\"><img decoding=\"async\" src=\"https:\/\/www.h2otek.com\/tienda\/Images\/ecosmart\/new\/pool-installed-1.jpg\" alt=\"\" align=\"middle\" border=\"0\" \/><\/p>\n<p style=\"text-align: center;\"><img decoding=\"async\" src=\"https:\/\/www.h2otek.com\/tienda\/Images\/ecosmart\/new\/pool-installed-2.jpg\" alt=\"\" align=\"middle\" border=\"0\" \/><\/p>\n<p style=\"text-align: center;\"><a href=\"http:\/\/www.h2otek.com\/tienda\/Images\/ecosmart\/diagrama-pool_large.jpg\" target=\"_blank\" rel=\"noopener\"><img decoding=\"async\" src=\"https:\/\/www.h2otek.com\/tienda\/Images\/ecosmart\/diagrama-pool.jpg\" alt=\"\" align=\"middle\" border=\"0\" \/><\/a><\/p>\n<p style=\"text-align: center;\">Clic en la imagen para agrandar<\/p>\n<p style=\"text-align: center;\"><img decoding=\"async\" src=\"https:\/\/www.h2otek.com\/tienda\/Images\/ecosmart\/new\/vistainterior-resistencias.jpg\" alt=\"\" align=\"middle\" border=\"0\" \/><\/p>\n<p style=\"text-align: center;\"><strong>LISTA DE PARTES<\/strong><\/p>\n<p style=\"text-align: center;\"><img decoding=\"async\" src=\"https:\/\/www.h2otek.com\/tienda\/Images\/ecosmart\/new\/lista-partes-pool-grafica.gif\" alt=\"\" align=\"middle\" border=\"0\" \/><\/p>\n<p style=\"text-align: center;\"><img decoding=\"async\" src=\"https:\/\/www.h2otek.com\/tienda\/Images\/ecosmart\/new\/lista-partes-pool.gif\" alt=\"\" align=\"middle\" border=\"0\" \/><\/p>\n<p style=\"text-align: center;\"><strong>VIDEOS:<\/strong><\/p>\n<p><iframe title=\"CALENTADORES PARA ALBERCAS O PISCINAS ECOSMART\" width=\"500\" height=\"281\" src=\"https:\/\/www.youtube.com\/embed\/DKYV_Pcn-ag?feature=oembed\" frameborder=\"0\" allow=\"accelerometer; autoplay; clipboard-write; encrypted-media; gyroscope; picture-in-picture; web-share\" referrerpolicy=\"strict-origin-when-cross-origin\" allowfullscreen><\/iframe><\/p>\n<p><iframe title=\"EcoSmart Tankless Electric Water Heaters: Sharing the Warmth\" width=\"500\" height=\"281\" src=\"https:\/\/www.youtube.com\/embed\/dQHBVHl7GOE?feature=oembed\" frameborder=\"0\" allow=\"accelerometer; autoplay; clipboard-write; encrypted-media; gyroscope; picture-in-picture; web-share\" referrerpolicy=\"strict-origin-when-cross-origin\" allowfullscreen><\/iframe><\/p>\n<p style=\"text-align: center;\"><strong>LIMPIEZA DE SENSOR ENTRADA DE AGUA<\/strong><\/p>\n<p style=\"text-align: center;\"><iframe src=\"https:\/\/www.youtube.com\/embed\/ofBiJgclVZk\" width=\"425\" height=\"350\" frameborder=\"0\"><\/iframe><\/p>\n<p style=\"text-align: center;\"><iframe src=\"https:\/\/www.youtube.com\/embed\/bC66feDOH1M\" width=\"425\" height=\"350\" frameborder=\"0\"><\/iframe><\/p>\n<p style=\"text-align: center;\"><iframe src=\"https:\/\/www.youtube.com\/embed\/G3FnTmHJp0Q\" width=\"425\" height=\"350\" frameborder=\"0\"><\/iframe><\/p>\n<p style=\"text-align: center;\"><iframe src=\"https:\/\/www.youtube.com\/embed\/FKiEgDAyBhY\" width=\"425\" height=\"350\" frameborder=\"0\"><\/iframe><\/p>\n<p><strong>DESCARGAR MANUALES<\/strong><\/p>\n<ul>\n<li><a href=\"http:\/\/www.h2otek.com\/tienda\/pdf\/aguacaliente\/FOLLETO_CALENTADORES_PARA_ALBERCA_ELECTRICOS_INSTANTANEOS_LINEA_ECOSMART.pdf\" target=\"_blank\" rel=\"noopener\">FOLLETO\u00a0CALENTADORES DE AGUA EL\u00c9CTRICOS ECO POOL LINEA ECOSMART<\/a><\/li>\n<\/ul>\n<ul>\n<li><a href=\"http:\/\/www.h2otek.com\/tienda\/pdf\/aguacaliente\/MANUAL_INSTALACION_CALENTADORES_ECOSMART_SPA_Y_PISICINAS.PDF\" target=\"_blank\" rel=\"noopener\">MANUAL DE\u00a0INSTALACI\u00d3N CALENTADORES DE AGUA EL\u00c9CTRICOS ECO POOL LINEA ECOSMART<\/a><\/li>\n<\/ul>\n<div>\n<div><\/div>\n<\/div>\n<p style=\"text-align: center;\"><strong>PRECIO INCLUYE GASTOS DE ENVIO (GRATIS) E IMPUESTO 16% DE IVA.<\/strong><\/p>\n<p style=\"text-align: center;\"><strong><span style=\"font-size: medium; font-family: helvetica; color: #008000;\"><a href=\"http:\/\/www.h2otek.com\/tienda\/cms.php?id_cms=11\" target=\"_self\" rel=\"noopener\">\u00bfQU\u00c9 ES ECOSMART? CONOCE NUESTRA NUEVA L\u00cdNEA AQU\u00cd<\/a><\/span><\/strong><\/p>\n<p style=\"text-align: center;\"><span style=\"font-size: medium; font-family: helvetica; color: #008000;\"><strong>Certificaciones:<\/strong><\/span><\/p>\n<p style=\"text-align: center;\"><img decoding=\"async\" src=\"https:\/\/www.h2otek.com\/tienda\/Images\/ecosmart\/new\/certificacion-ecosmart.gif\" alt=\"\" align=\"middle\" border=\"0\" \/><\/p>\n<p style=\"text-align: center;\"><img decoding=\"async\" src=\"https:\/\/www.h2otek.com\/tienda\/Images\/ecosmart\/foto06-footer.jpg\" alt=\"\" align=\"middle\" border=\"0\" \/><\/p>\n","protected":false},"excerpt":{"rendered":"<p><strong><span style=\"color: #ff0000;\">PRECIO EN DOLARES US.<\/span><\/strong><\/p>\n<p style=\"text-align: left;\"><strong><span style=\"font-size: small; color: #ff0000;\">CALENTADOR DE AGUA PARA ALBERCAS 18 KW 220V. 2 FASES CAPACIDAD HASTA 11,000 GALONES MARCA ECOSMART<\/span><\/strong><\/p>\n<p style=\"text-align: left;\"><strong><em><span style=\"font-size: small; color: #000000;\">CALEFACCI\u00d3N EN PISCINAS POR DEMANDA O RECIRCULACION DE AGUA CALIENTE. OPERACI\u00d3N SILENCIOSA. <\/span><\/em><\/strong><\/p>\n<p><span style=\"font-size: small; color: #000000;\"><strong>IDEALES EN:<\/strong><\/span><\/p>\n<ul style=\"text-align: left;\">\n<li><span style=\"font-size: small; color: #000000;\"><strong>ALBERCA \u00d3 PISCINA <\/strong><\/span><\/li>\n<li><span style=\"font-size: small; color: #000000;\"><strong>SPA<\/strong><\/span><\/li>\n<li><span style=\"font-size: small; color: #000000;\"><strong>JACUZZI<\/strong><\/span><\/li>\n<li><span style=\"font-size: small; color: #000000;\"><strong>HIDROMASAJE, ETC. <\/strong><\/span><\/li>\n<\/ul>\n","protected":false},"featured_media":23847,"comment_status":"closed","ping_status":"closed","template":"","meta":[],"pwb-brand":[],"product_brand":[],"product_cat":[782,1079],"product_tag":[],"class_list":{"0":"post-19728","1":"product","2":"type-product","3":"status-publish","4":"has-post-thumbnail","6":"product_cat-piscinas-y-o-albercas-calentadores-de-agua-electricos-240-volts-1-fase-boilers-calentadores-de-agua","7":"product_cat-piscinas-y-o-albercas-calentadores-de-agua-electricos-240-volts-1-fase-boiler-calentadores-de-agua-para-albercas-piscinas","9":"first","10":"instock","11":"product-type-simple"},"brands":[],"_links":{"self":[{"href":"https:\/\/h2otek.com\/tienda\/wp-json\/wp\/v2\/product\/19728","targetHints":{"allow":["GET"]}}],"collection":[{"href":"https:\/\/h2otek.com\/tienda\/wp-json\/wp\/v2\/product"}],"about":[{"href":"https:\/\/h2otek.com\/tienda\/wp-json\/wp\/v2\/types\/product"}],"replies":[{"embeddable":true,"href":"https:\/\/h2otek.com\/tienda\/wp-json\/wp\/v2\/comments?post=19728"}],"wp:featuredmedia":[{"embeddable":true,"href":"https:\/\/h2otek.com\/tienda\/wp-json\/wp\/v2\/media\/23847"}],"wp:attachment":[{"href":"https:\/\/h2otek.com\/tienda\/wp-json\/wp\/v2\/media?parent=19728"}],"wp:term":[{"taxonomy":"pwb-brand","embeddable":true,"href":"https:\/\/h2otek.com\/tienda\/wp-json\/wp\/v2\/pwb-brand?post=19728"},{"taxonomy":"product_brand","embeddable":true,"href":"https:\/\/h2otek.com\/tienda\/wp-json\/wp\/v2\/product_brand?post=19728"},{"taxonomy":"product_cat","embeddable":true,"href":"https:\/\/h2otek.com\/tienda\/wp-json\/wp\/v2\/product_cat?post=19728"},{"taxonomy":"product_tag","embeddable":true,"href":"https:\/\/h2otek.com\/tienda\/wp-json\/wp\/v2\/product_tag?post=19728"}],"curies":[{"name":"wp","href":"https:\/\/api.w.org\/{rel}","templated":true}]}}