{"id":19707,"date":"2021-07-06T21:23:24","date_gmt":"2021-07-06T21:23:24","guid":{"rendered":"https:\/\/h2otek.com\/tienda\/producto\/kit-de-nebulizacion-150-psi-40-pies-marca-aeromist-modelo-50027-20\/"},"modified":"2024-03-25T19:13:37","modified_gmt":"2024-03-25T19:13:37","slug":"kit-de-nebulizacion-150-psi-40-pies-marca-aeromist-modelo-50027-20","status":"publish","type":"product","link":"https:\/\/h2otek.com\/tienda\/producto\/kit-de-nebulizacion-150-psi-40-pies-marca-aeromist-modelo-50027-20\/","title":{"rendered":"KIT DE NEBULIZACI\u00d3N 150 PSI 40 PIES MARCA AEROMIST\u00ae MODELO 50027-20"},"content":{"rendered":"<p style=\"text-align: center;\"><img decoding=\"async\" src=\"https:\/\/www.h2otek.com\/tienda\/Images\/nebulizacion\/aeromist\/header-aeromist-150psi-40pies.jpg\" alt=\"\" border=\"0\" \/><\/p>\n<p>&nbsp;<\/p>\n<p style=\"text-align: justify;\"><strong>DESCRIPCI\u00d3N GENERAL DEL PRODUCTO:<\/strong><\/p>\n<p style=\"text-align: justify;\">La bomba AeroMist 150 PSI toma la presi\u00f3n ordinaria del agua que normalmente es de 50-70 para la mayor\u00eda y la expande hasta 150 PSI. La alta presi\u00f3n de agua aumenta la niebla fr\u00eda y la absorci\u00f3n de calor de dos maneras. En primer lugar, se produce un mayor flujo de agua a trav\u00e9s de la boquilla. Expulsa m\u00e1s agua desde la boquilla m\u00e1s fr\u00eda. En segundo lugar, se crea una niebla fina m\u00e1s peque\u00f1a, permite una evaporaci\u00f3n m\u00e1s r\u00e1pida. Mejor evaporaci\u00f3n, significa una mejor refrigeraci\u00f3n.<\/p>\n<p style=\"text-align: justify;\">Hay muchas aplicaciones para El Kit de Nebulizaci\u00f3n 150 PSI AeroMist: Patios de refrigeraci\u00f3n, hogares, restaurantes, invernaderos, humidificaci\u00f3n, control de polvo, olores y muchos m\u00e1s.<\/p>\n<p>&nbsp;<\/p>\n<p style=\"text-align: justify;\"><span style=\"font-weight: bold;\">EL KIT DE 40 PIES\u00a0 SE COMPONE DE:<\/span><\/p>\n<ul>\n<li>Bomba de nebulizaci\u00f3n 150 PSI de 110 volts<\/li>\n<li>L\u00ednea de 1\/4&#8243; de niebla OD<\/li>\n<li>Tuber\u00eda de alimentaci\u00f3n<\/li>\n<li>Accesorios de compresi\u00f3n<\/li>\n<li>Boquillas<\/li>\n<li>Kits de abrazaderas<\/li>\n<\/ul>\n<p>&nbsp;<\/p>\n<p><span style=\"font-weight: bold; text-align: justify;\">KIT INCLUYE:<\/span><\/p>\n<p style=\"text-align: center;\"><img decoding=\"async\" src=\"https:\/\/www.h2otek.com\/tienda\/Images\/nebulizacion\/aeromist\/kitincluye-aeromist-150psi-40pies.gif\" alt=\"\" border=\"0\" \/><\/p>\n<p><em>12 MESES DE GARANT\u00cdA BAJO CUALQUIER DEFECTO DE FABRICACI\u00d3N (EN LA BOMBA).<\/em><\/p>\n<p>&nbsp;<\/p>\n<p><strong><span style=\"color: #0000ff;\">DESCARGAR MANUALES:<\/span><\/strong><\/p>\n<ul>\n<li><span style=\"color: #888888;\"><a href=\"http:\/\/www.h2otek.com\/tienda\/pdf\/controlhumedad\/Instruction_Manual_50027-20_airmist.pdf\" target=\"_blank\" rel=\"noopener\"><strong>INSTRUCCIONES DE INSTALACI\u00d3N<\/strong><\/a><\/span><\/li>\n<li><strong><span style=\"color: #0000ff;\"><a href=\"http:\/\/www.h2otek.com\/tienda\/pdf\/controlhumedad\/CATALOGO%20PRODUCTOS%20AEROMIST.pdf\" target=\"_blank\" rel=\"noopener\">CAT\u00c1LOGO PRODUCTOS AEROMIST\u00ae<\/a><\/span><\/strong><\/li>\n<li><strong><span style=\"color: #0000ff;\"><a href=\"http:\/\/www.h2otek.com\/tienda\/pdf\/controlhumedad\/MANUAL%20DEL%20USUARIO%20PRODUCTOS%20AEROMIST.pdf\" target=\"_blank\" rel=\"noopener\">MANUAL DEL USUARIO PRODUCTOS AEROMIST\u00ae<\/a><\/span><\/strong><\/li>\n<\/ul>\n<p>&nbsp;<\/p>\n<p><span style=\"color: #000000;\"><strong>PRECIO INCLUYE GASTOS DE ENVIO (GRATIS) E IMPUESTO 16% DE IVA<\/strong><\/span><\/p>\n","protected":false},"excerpt":{"rendered":"<p><span style=\"color: #ff0000;\"><strong>PRECIO\u00a0EN\u00a0D\u00d3LARES US.<\/strong><\/span><br \/>\n<span style=\"color: #ff0000;\"><strong>PRECIO INCLUYE 16 % DE I.V.A.<\/strong><\/span><br \/>\n<span style=\"color: #ff0000;\"><strong>PRECIO INCLUYE ENVIO (ZONA CENTRO).<\/strong><\/span><\/p>\n<p style=\"text-align: left;\"><strong><em><span style=\"font-size: small;\">HUMIDIFICADORES IDEALES PARA:<\/span><\/em><\/strong><\/p>\n<ul>\n<li><span style=\"font-size: small; font-style: italic; font-weight: bold;\">PATIOS<\/span><\/li>\n<li><span style=\"font-size: small; font-style: italic; font-weight: bold;\">JARDINES<\/span><\/li>\n<li><span style=\"font-size: small; font-style: italic; font-weight: bold;\">ESPACIOS SOCIALES<\/span><\/li>\n<li><span style=\"font-size: small; font-style: italic; font-weight: bold;\">ALMACENES<\/span><\/li>\n<li><span style=\"font-size: small; font-style: italic; font-weight: bold;\">PROCESOS<\/span><\/li>\n<li><span style=\"font-size: small; font-style: italic; font-weight: bold;\">LABORATORIOS<\/span><\/li>\n<li><span style=\"font-size: small; font-style: italic; font-weight: bold;\">CUARTOS DE PRUEBA<\/span><\/li>\n<li><span style=\"font-size: small; font-style: italic; font-weight: bold;\">COMERCIOS<\/span><\/li>\n<li><span style=\"font-size: small; font-style: italic; font-weight: bold;\">RESTAURANTES<\/span><\/li>\n<li><span style=\"font-size: small; font-style: italic; font-weight: bold;\">TERRAZAS<\/span><\/li>\n<li><span style=\"font-size: small; font-style: italic; font-weight: bold;\">INDUSTRIA EN GENERAL<\/span><em><strong><span style=\"font-size: small;\">,\u00a0<\/span><\/strong><\/em><span style=\"font-size: small; font-weight: bold; font-style: italic;\">ETC.<\/span><\/li>\n<\/ul>\n","protected":false},"featured_media":8178,"comment_status":"closed","ping_status":"closed","template":"","meta":[],"pwb-brand":[],"product_brand":[],"product_cat":[362,928,998],"product_tag":[],"class_list":{"0":"post-19707","1":"product","2":"type-product","3":"status-publish","4":"has-post-thumbnail","6":"product_cat-control-de-humedad-humidificadores-deshumidificadores","7":"product_cat-kits-de-nebulizacion-150-psi","8":"product_cat-kits-de-nebulizacion-150-psi-kits-bomba-manguera-y-boquillas","10":"first","11":"onbackorder","12":"purchasable","13":"product-type-simple"},"brands":[],"_links":{"self":[{"href":"https:\/\/h2otek.com\/tienda\/wp-json\/wp\/v2\/product\/19707","targetHints":{"allow":["GET"]}}],"collection":[{"href":"https:\/\/h2otek.com\/tienda\/wp-json\/wp\/v2\/product"}],"about":[{"href":"https:\/\/h2otek.com\/tienda\/wp-json\/wp\/v2\/types\/product"}],"replies":[{"embeddable":true,"href":"https:\/\/h2otek.com\/tienda\/wp-json\/wp\/v2\/comments?post=19707"}],"wp:featuredmedia":[{"embeddable":true,"href":"https:\/\/h2otek.com\/tienda\/wp-json\/wp\/v2\/media\/8178"}],"wp:attachment":[{"href":"https:\/\/h2otek.com\/tienda\/wp-json\/wp\/v2\/media?parent=19707"}],"wp:term":[{"taxonomy":"pwb-brand","embeddable":true,"href":"https:\/\/h2otek.com\/tienda\/wp-json\/wp\/v2\/pwb-brand?post=19707"},{"taxonomy":"product_brand","embeddable":true,"href":"https:\/\/h2otek.com\/tienda\/wp-json\/wp\/v2\/product_brand?post=19707"},{"taxonomy":"product_cat","embeddable":true,"href":"https:\/\/h2otek.com\/tienda\/wp-json\/wp\/v2\/product_cat?post=19707"},{"taxonomy":"product_tag","embeddable":true,"href":"https:\/\/h2otek.com\/tienda\/wp-json\/wp\/v2\/product_tag?post=19707"}],"curies":[{"name":"wp","href":"https:\/\/api.w.org\/{rel}","templated":true}]}}