{"id":19686,"date":"2021-07-06T21:23:19","date_gmt":"2021-07-06T21:23:19","guid":{"rendered":"https:\/\/h2otek.com\/tienda\/producto\/boiler-de-paso-electrico-28-kw-220v-2-fases-con-termostato-para-3-regaderas-mod-ex280t2t\/"},"modified":"2022-08-25T22:07:56","modified_gmt":"2022-08-25T22:07:56","slug":"boiler-de-paso-electrico-28-kw-220v-2-fases-con-termostato-para-3-regaderas-mod-ex280t2t","status":"publish","type":"product","link":"https:\/\/h2otek.com\/tienda\/producto\/boiler-de-paso-electrico-28-kw-220v-2-fases-con-termostato-para-3-regaderas-mod-ex280t2t\/","title":{"rendered":"BOILER DE PASO ELECTRICO 28 KW 220V. 2 FASES CON TERMOSTATO PARA 3 REGADERAS MOD. EX280T2T"},"content":{"rendered":"<p style=\"text-align: center;\" align=\"center\"><img decoding=\"async\" src=\"https:\/\/www.h2otek.com\/tienda\/Images\/boilers\/eemax-ex280t2t-header.jpg\" alt=\"\" border=\"0\" \/><br \/>\n<img decoding=\"async\" src=\"https:\/\/www.h2otek.com\/tienda\/Images\/boilers\/eemax-ex280t2t-imagen.gif\" alt=\"\" border=\"0\" \/><\/p>\n<p><strong>CARACTERISTICAS:<\/strong><\/p>\n<ul>\n<li><strong>Agua caliente en forma inmediata<\/strong>, SIN TIEMPOS DE ESPERA<\/li>\n<li>Ahorrador de agua: como se puede instalar en el ba\u00f1o, no necesita tiempo de espera para <strong>que salga agua<\/strong> caliente por la regadera, es de inmediato<\/li>\n<li><strong>Ahorro de energ\u00eda<\/strong>: el interruptor de flujo activa al calentador solamente cuando se requiera agua caliente<\/li>\n<li><strong>99% DE EFICIENCIA<\/strong><\/li>\n<li><strong>Puede instalarse en cualquier lado<\/strong> (interiores o exteriores)<\/li>\n<li><strong>Agua caliente en forma ilimitada<\/strong>: por su concepto de calentador de paso (instant\u00e1neo), puede calentar el agua en forma continua, sin cortes y sin limite<\/li>\n<li>Reduce costos de instalaci\u00f3n: no requiere de instalar tuber\u00eda para agua distante del ba\u00f1o ya que el calentador puede instalarse ah\u00ed mismo sin ning\u00fan problema<br \/>\no riesgo (puede instalarse en el ba\u00f1o mas NO en la regadera), no requiere de v\u00e1lvula de alivio<\/li>\n<li><strong>F\u00e1cil instalaci\u00f3n<\/strong>: solo una l\u00ednea de agua fr\u00eda se necesita para el lavabo, anillos de compresi\u00f3n integrales de 3\/8&#8243; en la parte superior. Se instala en la pared en<br \/>\nel punto de uso<\/li>\n<li><strong>Restrictor de flujo integral<\/strong>: construido para asegurar un incremento de temperatura apropiado. Cumple con las regulaciones federales de USA.<\/li>\n<li>Manos libres: se enciende y apaga autom\u00e1ticamente<\/li>\n<li><strong>Previene el crecimiento de la bacteria legionaria<\/strong><\/li>\n<li><strong>Reduce calcio, sarro y sedimentaci\u00f3n<\/strong><\/li>\n<li><strong>Cumple con los requerimientos para discapacitados<\/strong><\/li>\n<li><strong>Elemento calefactor<\/strong>: construido con alambre cromo\/niquel de alta graduaci\u00f3n, por su innovador sistema (patentado) de flujo de paso directo, asegura la<br \/>\noptima trasferencia de calor y alarga la vida del elemento<\/li>\n<li><strong>F\u00e1cil mantenimiento<\/strong>: el calefactor esta construido para requerir el m\u00ednimo mantenimiento y muy sencillo de ejecutarlo, solo se requiere desmontar el elemento<br \/>\ncalefactor y dar una limpieza al alambre, posteriormente volverlo a montar y conectar.<\/li>\n<li><strong>Elemento calefactor reemplazable<\/strong><\/li>\n<li><strong>Dise\u00f1o elegante y compacto<\/strong>: calentador f\u00edsicamente el mas compacto del mercado (ver dibujo de dimensiones), solo pesa 3 libras (1.3 Kgs.), Color blanco<\/li>\n<li><strong>Construidos para una extensa vida \u00fatil y amplia seguridad<\/strong>: construidos con ingenier\u00eda &#8220;pl\u00e1stica&#8221; de linea reforzada probados hasta 750 PSI de presi\u00f3n<\/li>\n<li><strong>En armonia con el medio ambiente<\/strong>: no contamina el ambiente ya que no produce gases de combusti\u00f3n por que trabaja con energ\u00eda el\u00e9ctrica<\/li>\n<li><strong>Cuenta con foco piloto indicador ON OFF<\/strong> (encendido o apagado el elemento)<\/li>\n<li><strong>Certificaci\u00f3n UL<\/strong> E86887<\/li>\n<li>Certificaci\u00f3n ANSI Z358.1<\/li>\n<li><strong>Patentado<\/strong> en USA # 4,762,980 y 4,960,976<\/li>\n<li><span style=\"color: #000000;\"><strong>GARANTIA 12 MESES CONTRA CUALQUIER DEFECTO DE FABRICACION\u00a0<\/strong><\/span><\/li>\n<\/ul>\n<p>&nbsp;<\/p>\n<p style=\"text-align: center;\"><img decoding=\"async\" src=\"https:\/\/www.h2otek.com\/tienda\/Images\/boilers\/eemax-ex280t2t-especificaciones.gif\" alt=\"\" border=\"0\" \/><\/p>\n<p style=\"text-align: center;\"><strong>15 1\/4&#8243; x 12 1\/4&#8243; x 4 1\/4&#8243;\u00a0(VER IMAGEN ARRIBA)<\/strong><\/p>\n<p>&nbsp;<\/p>\n<p><strong>DETALLES TECNICOS:<\/strong><\/p>\n<ul>\n<li>Peso:\u00a016 lbs. (7.25 Kgs.)<\/li>\n<li>Voltaje: 240V<\/li>\n<li>Poder: 28.5 KW<\/li>\n<li>Amperaje:\u00a0120A (3x40A) Tres interruptores<\/li>\n<li>0.7 GPM primera etapa de encendido<\/li>\n<li>4 GPM<\/li>\n<li>El aumento de temperatura de 2,5\u00a0GPM=76\u00ba F<\/li>\n<li>3\/4&#8243; NPT macho en la parte inferior de la unidad<\/li>\n<li>Hecho en USA<\/li>\n<\/ul>\n<p>&nbsp;<\/p>\n<p>&nbsp;<\/p>\n<p><strong>APLICACIONES:<\/strong><\/p>\n<ul>\n<li>Unidad para toda la casa, con capacidad para manejar hasta 2 duchas a la vez.<\/li>\n<li>Organizador de encendido en 0.7 GPM, flujo m\u00e1ximo 4 GPM<\/li>\n<li>Control termost\u00e1tico. Precisa temperatura de salida (+\/-1\u00ba)<\/li>\n<\/ul>\n<p style=\"text-align: center;\"><img decoding=\"async\" src=\"https:\/\/www.h2otek.com\/tienda\/Images\/boilers\/eemax-ex280t2t-aplicaciones.jpg\" alt=\"\" border=\"0\" \/><\/p>\n<p>&nbsp;<\/p>\n<p style=\"text-align: center;\"><strong>TABLA CLASIFICACIONES:<\/strong><\/p>\n<p style=\"text-align: center;\"><a href=\"http:\/\/www.h2otek.com\/tienda\/Images\/boilers\/eemax-ex280t2t-tablaclas_large.gif\" target=\"_blank\" rel=\"noopener\"><img decoding=\"async\" src=\"https:\/\/www.h2otek.com\/tienda\/Images\/boilers\/eemax-ex280t2t-tablaclas.jpg\" alt=\"\" border=\"0\" \/><\/a><\/p>\n<p style=\"text-align: center;\">(Clic en la imagen para agrandar)<\/p>\n<p>&nbsp;<\/p>\n<p style=\"text-align: center;\"><strong><span style=\"color: #0099cc;\">AVANZADA TECNOLOG\u00cdA\u00a0&#8211; ALTA EFICIENCIA &#8211; DISE\u00d1ADO PARA\u00a0DURABILIDAD<\/span><\/strong><\/p>\n<p style=\"text-align: center;\"><img decoding=\"async\" src=\"https:\/\/www.h2otek.com\/tienda\/Images\/norma-ul.gif\" alt=\"\" border=\"0\" \/>\u00a0\u00a0\u00a0\u00a0\u00a0\u00a0 <img decoding=\"async\" src=\"https:\/\/www.h2otek.com\/tienda\/Images\/madeinusa.gif\" alt=\"\" border=\"0\" \/><\/p>\n<p><strong>DESCARGAR MANUALES:<\/strong><\/p>\n<p>&nbsp;<\/p>\n<ul>\n<li><a href=\"https:\/\/h2otek.com\/tienda\/pdf\/aguacaliente\/FOLLETO_BOILER_DE_PASO_ELECTRICO_28_KW_220V_2_FASES_CON_TERMOSTATO_PARA_3_REGADERAS_MOD_EX280T2T.pdf\" target=\"_blank\" rel=\"noopener\">FOLLETO<\/a><\/li>\n<\/ul>\n<ul>\n<li><a href=\"https:\/\/h2otek.com\/tienda\/pdf\/aguacaliente\/ESPECIFICACIONES_BOILER_DE_PASO_ELECTRICO_28KW_220V_2_FASES_CON_TERMOSTATO_PARA_3_REGADERAS_MOD_EX280T2T.pdf\" target=\"_blank\" rel=\"noopener\">ESPECIFICACIONES<\/a><\/li>\n<\/ul>\n<ul>\n<li><a href=\"https:\/\/h2otek.com\/tienda\/pdf\/aguacaliente\/MANUAL_DEL_USUARIO_BOILER_DE_PASO_ELECTRICO_28KW_220V_2_FASES_CON_TERMOSTATO_PARA_3_REGADERAS_MOD_EX280T2T.pdf\" target=\"_blank\" rel=\"noopener\">MANUAL DEL USUARIO<\/a><\/li>\n<\/ul>\n<p>&nbsp;<\/p>\n<div><\/div>\n<p><strong><strong><strong>PRECIO INCLUYE GASTOS DE ENVIO (GRATIS) E IMPUESTO\u00a0<\/strong>16 % DE IVA<\/strong><\/strong><\/p>\n","protected":false},"excerpt":{"rendered":"<p><span style=\"color: #ff0000;\"><strong>PARA PRECIO DE ESTE PRODUCTO FAVOR DE COMUNICARSE EN ATENCION A CLIENTES: <a href=\"mailto:info@h2otek.com\">info@h2otek.com<\/a> O AL TEL: 01 800 94 26 835<\/strong><\/span><\/p>\n<p style=\"text-align: left;\"><span style=\"font-size: small; color: #000000;\"><strong>RECOMENDADO PARA 3 REGADERAS SIMULTANEAS 0 2 1\/2 BA\u00d1OS COMPLETOS <\/strong><\/span><\/p>\n<p><em><span style=\"font-size: small; color: #000000;\"><strong>IDEALES EN:<\/strong><\/span><\/em><\/p>\n<ul style=\"text-align: left;\">\n<li><em><span style=\"font-size: small; color: #000000;\"><strong>CASAS<\/strong><\/span><\/em><\/li>\n<li><strong><em><span style=\"font-size: small; color: #000000;\">CASAS MOVILES<\/span><\/em><\/strong><\/li>\n<li><em><span style=\"font-size: small; color: #000000;\"><strong>DEPARTAMENTOS<\/strong><\/span><\/em><\/li>\n<li><em><span style=\"font-size: small; color: #000000;\"><strong>CONDOMINIOS<\/strong><\/span><\/em><\/li>\n<li><em><span style=\"font-size: small; color: #000000;\"><strong>CASA DE CAMPO<\/strong><\/span><\/em><\/li>\n<li><strong><em><span style=\"font-size: small; color: #000000;\">BA\u00d1OS PUBLICOS<\/span><\/em><\/strong><\/li>\n<li><strong><em><span style=\"font-size: small; color: #000000;\">LABORATORIOS<\/span><\/em><\/strong><\/li>\n<li><strong><em><span style=\"font-size: small; color: #000000;\">PROCESOS INDUSTRIALES<\/span><\/em><\/strong><\/li>\n<li><em><span style=\"font-size: small; color: #000000;\"><strong>OFICINAS<\/strong><\/span><\/em><\/li>\n<li><strong><em><span style=\"font-size: small; color: #000000;\">HOTELES <\/span><\/em><\/strong><\/li>\n<li><em><span style=\"font-size: small; color: #000000;\"><strong>ETC.<\/strong><\/span><\/em><\/li>\n<\/ul>\n","protected":false},"featured_media":8450,"comment_status":"closed","ping_status":"closed","template":"","meta":[],"pwb-brand":[],"product_brand":[],"product_cat":[1108,1114,424],"product_tag":[],"class_list":{"0":"post-19686","1":"product","2":"type-product","3":"status-publish","4":"has-post-thumbnail","6":"product_cat-230-volts-3-fases-de-paso-boilers-calentadores-de-agua","7":"product_cat-eemax-boilers-de-paso-electricos-calentadores-de-agua-linea-estandar-220v","8":"product_cat-instantaneos-de-paso-electricos-boilers-calentadores-de-agua","10":"first","11":"instock","12":"product-type-simple"},"brands":[],"_links":{"self":[{"href":"https:\/\/h2otek.com\/tienda\/wp-json\/wp\/v2\/product\/19686","targetHints":{"allow":["GET"]}}],"collection":[{"href":"https:\/\/h2otek.com\/tienda\/wp-json\/wp\/v2\/product"}],"about":[{"href":"https:\/\/h2otek.com\/tienda\/wp-json\/wp\/v2\/types\/product"}],"replies":[{"embeddable":true,"href":"https:\/\/h2otek.com\/tienda\/wp-json\/wp\/v2\/comments?post=19686"}],"wp:featuredmedia":[{"embeddable":true,"href":"https:\/\/h2otek.com\/tienda\/wp-json\/wp\/v2\/media\/8450"}],"wp:attachment":[{"href":"https:\/\/h2otek.com\/tienda\/wp-json\/wp\/v2\/media?parent=19686"}],"wp:term":[{"taxonomy":"pwb-brand","embeddable":true,"href":"https:\/\/h2otek.com\/tienda\/wp-json\/wp\/v2\/pwb-brand?post=19686"},{"taxonomy":"product_brand","embeddable":true,"href":"https:\/\/h2otek.com\/tienda\/wp-json\/wp\/v2\/product_brand?post=19686"},{"taxonomy":"product_cat","embeddable":true,"href":"https:\/\/h2otek.com\/tienda\/wp-json\/wp\/v2\/product_cat?post=19686"},{"taxonomy":"product_tag","embeddable":true,"href":"https:\/\/h2otek.com\/tienda\/wp-json\/wp\/v2\/product_tag?post=19686"}],"curies":[{"name":"wp","href":"https:\/\/api.w.org\/{rel}","templated":true}]}}