{"id":19682,"date":"2021-07-06T21:23:19","date_gmt":"2021-07-06T21:23:19","guid":{"rendered":"https:\/\/h2otek.com\/tienda\/producto\/boiler-industrial-hasta-600000-btu-a-gas-lp-modelo-gx90-600-linea-xtreme-series\/"},"modified":"2025-09-26T23:26:37","modified_gmt":"2025-09-26T23:26:37","slug":"boiler-industrial-hasta-600000-btu-a-gas-lp-modelo-gx90-600-linea-xtreme-series","status":"publish","type":"product","link":"https:\/\/h2otek.com\/tienda\/producto\/boiler-industrial-hasta-600000-btu-a-gas-lp-modelo-gx90-600-linea-xtreme-series\/","title":{"rendered":"BOILER INDUSTRIAL HASTA 600,000 BTU A GAS LP MODELO GX90-600 LINEA XTREME SERIES"},"content":{"rendered":"<p align=\"center\"><img decoding=\"async\" src=\"https:\/\/www.h2otek.com\/tienda\/Images\/boilers\/header-xtreme-GX90-600-lp.jpg\" alt=\"\" border=\"0\" \/><\/p>\n<p style=\"text-align: justify;\">Los calentadores comerciales de gas<strong> XTREME<\/strong> est\u00e1n espec\u00edficamente dise\u00f1ados para minimizar la dificultad de reemplazar los calentadores, en caso de que \u00e9stos llegar\u00e1n a fallar, y son vers\u00e1tiles para nuevas instalaciones. Estos productos est\u00e1n dise\u00f1ados para aplicaciones que requieren grandes cantidades de agua caliente.<\/p>\n<p style=\"text-align: justify;\"><strong>Xtreme <sup>TM<\/sup><\/strong> es la l\u00ednea de gran alcance\u00a0y gran potencia, calentadores de agua\u00a0a gas\u00a0de altos insumos comerciales que producen 15,2 Galones por minuto, almacenamiento\u00a0341\u00a0litros y se recupera r\u00e1pidamente. Es la soluci\u00f3n perfecta para los restaurantes, lavander\u00edas y hoteles de tama\u00f1o medio.<\/p>\n<p>Xtreme soluciones de Rheem, Ruud. \u00a0 <strong>CARACTERISTICAS:<\/strong><\/p>\n<ul type=\"disc\">\n<li><span style=\"color: #ff0000;\"><strong>EFICIENCIA T\u00c9RMICA: 80%<\/strong><\/span><\/li>\n<li><strong>LOW PROFILE AUTOMATIC FLUE DAMPER: <\/strong>El dise\u00f1o de bajo mantenimiento minimiza generalmente el peso del producto. La nueva abertura de alta densidad est\u00e1 dise\u00f1ada para soportar instalaciones rigurosas.<\/li>\n<\/ul>\n<ul type=\"disc\">\n<li><strong>Sistema de encendido del piloto:<\/strong>Es est\u00e1ndar para todos los modelos. Provee confianza y un ahorro de energ\u00eda en la secuencia de encendido, por medio del encendido del piloto \u00fanicamente cuando el termostato requiere el calor.<\/li>\n<li><strong>V\u00e1lvula de alivio de presi\u00f3n y temperatura:<\/strong>Clasificaci\u00f3n AGA\/ASME e instalado en la f\u00e1brica.<\/li>\n<li>Puerto completo, v\u00e1lvula de drenado de lat\u00f3n<\/li>\n<li><strong>\u00c1nodo:<\/strong>Dise\u00f1o patentado que utiliza m\u00faltiples varillas de magnesio que garantiza una larga vida y resistencia a la corrosi\u00f3n.<\/li>\n<\/ul>\n<ul type=\"disc\">\n<li><strong>Apertura para limpieza manual:<\/strong>Para remover los dep\u00f3sitos y residuos.<\/li>\n<li><strong>Sistema de control de gas:<\/strong>Termostatos completamente ajustables desde 100\u00b0F hasta 180\u00b0F, 24 voltios que combinan v\u00e1lvulas de gas, las cuales incluyen principalmente reguladores de presiones de gas, v\u00e1lvula manual de encendido y apagado, transformador de 120\/24 voltios y cortador de corriente cuado la temperatura excede su l\u00edmite.<\/li>\n<li><strong>Dise\u00f1o de ahorro de espacio del tanque:<\/strong>Maximiza la adaptabilidad de instalaci\u00f3n, pues ofrece modelos con conexiones de entrada y salida en la cubierta, el frente y la parte posterior del tanque. Bajas alturas y peque\u00f1os di\u00e1metros de la cubierta exterior resultan gran flexibilidad en la instalaci\u00f3n.<\/li>\n<li><strong>Aislante:<\/strong>humedece la fibra de vidrio aisladora que rodea el dep\u00f3sito del tanque, el cual minimiza la perdida de calor.<\/li>\n<li><strong>Quemadores Redondos:<\/strong>Quemadores de precisi\u00f3n que son formados con acero inoxidable de alto cromo.<\/li>\n<li><strong>Manual de reencendido:<\/strong>Todos los modelos est\u00e1n equipados con un manual de reencendido.<\/li>\n<\/ul>\n<ul>\n<li>Es la mejor alternativa en sistemas de boilers de\u00a0dep\u00f3sito a gas<\/li>\n<li>Ofrece hasta\u00a015.2\u00a0GPM\u00a0con elevaci\u00f3n de 37.7\u00b0C<\/li>\n<li>El tiempo de recuperaci\u00f3n es tan s\u00f3lo ocho minutos<\/li>\n<li>Entradas de alto rango de 550.000 a 715.000 BTU \/ hr<\/li>\n<li>Mayor flexibilidad de instalaci\u00f3n con 30&#8243; de altura de di\u00e1metro del tanque, de menos de 75&#8243; y\u00a0m\u00faltiples conexiones\u00a0de\u00a0agua<\/li>\n<li>Peque\u00f1o di\u00e1metro de la chaqueta<\/li>\n<li>Corto\u00a0al suelo a la altura de la\u00a0ventilaci\u00f3n<\/li>\n<li>M\u00faltiples conexiones de agua<\/li>\n<li>Sistema de diagn\u00f3stico\u00a0Sentinel <sup>TM<\/sup> LED<\/li>\n<li>Dise\u00f1o patentado multiflue<\/li>\n<li>Bajo perfil de\u00a0amortiguador de combusti\u00f3n autom\u00e1tica<\/li>\n<li>Especializado ensamble del quemador<\/li>\n<li>Sistema de encendido chispa a piloto<\/li>\n<li>Puerto completo, lat\u00f3n de flujo total de la v\u00e1lvula de drenaje<\/li>\n<li>Instalado de f\u00e1brica\u00a0AGA\/ASME temperatura nominal y v\u00e1lvula de alivio de presi\u00f3n limpieza<\/li>\n<li>Limpieza a mano<\/li>\n<li>Quemadores redondos de acero inoxidable<\/li>\n<li>Restablecimiento manual de alto l\u00edmite<\/li>\n<li><em><strong>3 A\u00d1OS DE GARANTIA\u00a0SOBRE CUALQUIER DEFECTO DE FABRICACION\u00a0<\/strong><\/em><\/li>\n<\/ul>\n<p><strong>CERTIFICACIONES Y CLASIFICACIONES:<\/strong><\/p>\n<ul>\n<li>Eficiencia: Estos modelos han sido inspeccionados de acuerdo a los procedimientos de examen ANSI, y ha excedido la eficiencia y los est\u00e1ndares requeridos por la ASHRE est\u00e1ndar 90. 1b-2001 (Parte del mandato Federal de la Pol\u00edtica de Energ\u00eda de los Estados Unidos.<\/li>\n<li>Seguridad y contrucci\u00f3n: Estos productos son un dise\u00f1o certificado por la UL: a) Para una operaci\u00f3n por encima de los 180\u00ba F b) Para responder a todos los requerimientos de cuidado y contrucci\u00f3n de ANSI Z21.10.3-2001 c) Como un contenedor autom\u00e1tico o para un calentador de agua instant\u00e1neo. d) Como un calentador instant\u00e1neo. e) Para operar e instalarse en pisos inflamables y en alcobas.<\/li>\n<li>Certificado para trabajar a una presi\u00f3n m\u00e1xima de 150 PSI (160 PSI para modelos ASME)<\/li>\n<\/ul>\n<p style=\"text-align: center;\"><strong>TABLAS DE ESPECIFICACIONES:\u00a0<\/strong><\/p>\n<p align=\"center\"><a href=\"http:\/\/www.h2otek.com\/tienda\/Images\/boilers\/especificaciones-xtreme-GX90-600-large.jpg\" target=\"_blank\" rel=\"noopener\"><img decoding=\"async\" src=\"https:\/\/www.h2otek.com\/tienda\/Images\/boilers\/especificaciones-xtreme-GX90-600.gif\" alt=\"\" border=\"0\" \/><\/a><\/p>\n<p align=\"center\">(Click en la tabla para agrandar)<\/p>\n<p align=\"center\"><img decoding=\"async\" src=\"https:\/\/www.h2otek.com\/tienda\/Images\/boilers\/dimensiones-xtreme-GX90-600.gif\" alt=\"\" border=\"0\" \/><\/p>\n<p align=\"center\"><img fetchpriority=\"high\" decoding=\"async\" src=\"https:\/\/www.h2otek.com\/tienda\/img\/cms\/RHEEM\/Xtreme.PNG\" alt=\"\" width=\"806\" height=\"392\" \/><\/p>\n<p align=\"justify\">ES IMPORTANTE LEER CLARAMENTE EL INSTRUCTIVO DE INSTALACION Y OPERACION ANTES DE INSTALAR Y PONER A FUNCIONAR EL CALENTADOR<\/p>\n<p align=\"center\"><strong>SISTEMA DE DIAGN\u00d3STICO SENTINEL\u2122<\/strong><\/p>\n<p style=\"text-align: left;\" align=\"center\">Todos los modelos cuentan con nuestro sistema exclusivo de diagn\u00f3stico Sentinel, por medio de luces indicadoras (LEDS), este sistema verifica la correcta operaci\u00f3n del calentador secuencia por secuencia. Dise\u00f1o Patentado en el tanque y m\u00faltiple ajuste de salida de gases de la chimenea . Formulaci\u00f3n exclusiva en el acero del tanque y con dise\u00f1o patentado para m\u00faltiple ajuste de salida en la chimenea, combinado con la aplicaci\u00f3n de dos capas de esmalte de porcelana que da como resultado un dise\u00f1o optimizado del Intercambiador de calor.<\/p>\n<p style=\"text-align: justify;\"><strong>CARACTER\u00cdSTICAS:<\/strong><\/p>\n<ul>\n<li>Proporciona una f\u00e1cil configuraci\u00f3n y soluci\u00f3n de problemas<\/li>\n<li>F\u00e1cil verificaci\u00f3n de arranque del sistema<\/li>\n<li>F\u00e1cil supervisi\u00f3n del funcionamiento del sistema<\/li>\n<li>Mantenimiento m\u00e1s f\u00e1cil y m\u00e1s preciso<\/li>\n<\/ul>\n<p align=\"center\"><img decoding=\"async\" src=\"https:\/\/www.h2otek.com\/tienda\/Images\/boilers\/sistema-sentinel.JPG\" alt=\"\" border=\"0\" \/><\/p>\n<p align=\"center\"><img decoding=\"async\" src=\"https:\/\/www.h2otek.com\/tienda\/Images\/boilers\/sistema-sentinel-gas-small.jpg\" alt=\"\" border=\"0\" \/><\/p>\n<p style=\"text-align: center;\"><strong>INSTALACI\u00d3N T\u00cdPICA CON TAQUE POR GRAVEDAD <\/strong>(Clic en la imagen para agrandar)<\/p>\n<p align=\"center\"><a href=\"https:\/\/h2otek.com\/tienda\/Images\/boilers\/instalaciontipicacontanquexgravedad.JPG\" target=\"_blank\" rel=\"noopener\"><img decoding=\"async\" class=\"alignnone\" src=\"https:\/\/www.h2otek.com\/tienda\/Images\/boilers\/instalaciontipicacontanquexgravedad-small.jpg\" alt=\"\" width=\"550\" height=\"379\" border=\"0\" \/><\/a><\/p>\n<p style=\"text-align: center;\"><strong>INSTALACI\u00d3N T\u00cdPICA CON CIRCULACI\u00d3N FORZADA Y TANQUES DE ALMACENAMIENTO <\/strong>(Clic en la imagen para agrandar)<\/p>\n<p align=\"center\"><a href=\"https:\/\/h2otek.com\/tienda\/Images\/boilers\/usorudo\/instalaciontipicaforzadarudo.JPG\" target=\"_blank\" rel=\"noopener\"><img decoding=\"async\" class=\"alignnone\" src=\"https:\/\/www.h2otek.com\/tienda\/Images\/boilers\/instalaciontipicaconcirculacionforzada-small.jpg\" alt=\"\" width=\"550\" height=\"432\" border=\"0\" \/><\/a><\/p>\n<p style=\"text-align: center;\"><strong>CERTIFICACIONES<\/strong><\/p>\n<p align=\"center\"><img decoding=\"async\" src=\"https:\/\/www.h2otek.com\/tienda\/Images\/boilers\/certificaciones-xtreme.gif\" alt=\"\" border=\"0\" \/><\/p>\n<p><strong>DESCARGAR MANUALES<\/strong><\/p>\n<ul>\n<li><a href=\"http:\/\/www.h2otek.com\/tienda\/pdf\/aguacaliente\/FOLLETO_XTREME_ING.pdf\" target=\"_blank\" rel=\"noopener\">FOLLETO<\/a><\/li>\n<li><a href=\"http:\/\/www.h2otek.com\/tienda\/pdf\/aguacaliente\/ESPECIFICACIONES_XTREME.pdf\" target=\"_blank\" rel=\"noopener\">ESPECIFICACIONES<\/a><\/li>\n<li><a href=\"http:\/\/www.h2otek.com\/tienda\/pdf\/aguacaliente\/MANUAL_USUARIO_XTREME.pdf\" target=\"_blank\" rel=\"noopener\">MANUAL DE INSTALACI\u00d3N<\/a><\/li>\n<\/ul>\n<p style=\"text-align: left;\">\n","protected":false},"excerpt":{"rendered":"<p><span style=\"color: #ff0000;\"><strong>PRECIO EN PESOS MEXICANOS.<\/strong><\/span><br \/>\n<span style=\"color: #ff0000;\"><strong>PRECIO INCLUYE 16 % DE I.V.A.<\/strong><\/span><br \/>\n<span style=\"color: #ff0000;\"><strong>PRECIO INCLUYE ENVIO (ZONA CENTRO).<\/strong><\/span><\/p>\n<p style=\"text-align: left;\"><strong><span style=\"font-size: small; color: #000000;\">RECOMENDADO PARA USO COMERCIAL-INDUSTRIAL<\/span><\/strong><\/p>\n<p style=\"text-align: left;\"><strong><em><span style=\"color: #000000;\">IDEALES PARA CUALQUIER NECESIDAD DE AGUA CALIENTE, COMO PUEDE SER EN:<\/span><\/em><\/strong><\/p>\n<ul style=\"text-align: left;\">\n<li><strong><em><span style=\"color: #000000;\">OFICINAS<\/span><\/em><\/strong><\/li>\n<li><strong><em><span style=\"color: #000000;\">RESTAURANTES<\/span><\/em><\/strong><\/li>\n<li><strong><em><span style=\"color: #000000;\">HOTELES<\/span><\/em><\/strong><\/li>\n<li><strong><em><span style=\"color: #000000;\">LAVANDER\u00cdAS<\/span><\/em><\/strong><\/li>\n<li><strong><em><span style=\"color: #000000;\">ALMACENES<\/span><\/em><\/strong><\/li>\n<li><strong><em><span style=\"color: #000000;\">PROCESOS INDUSTRIALES<\/span><\/em><\/strong><\/li>\n<li><strong><em><span style=\"color: #000000;\">MOTELES<\/span><\/em><\/strong><\/li>\n<li><strong><em><span style=\"color: #000000;\">DEPORTIVOS<\/span><\/em><\/strong><\/li>\n<li><strong><em><span style=\"color: #000000;\">HOSPITALES, <\/span><\/em><em><span style=\"color: #000000;\">ETC.<\/span><\/em><\/strong><\/li>\n<\/ul>\n<p style=\"text-align: left;\"><strong><span style=\"font-size: medium; color: #ff0000;\">FAVOR DE REVISAR PRECIO EN ATENCION AL CLIENTE<\/span><\/strong><\/p>\n","protected":false},"featured_media":8448,"comment_status":"closed","ping_status":"closed","template":"","meta":[],"pwb-brand":[],"product_brand":[],"product_cat":[582],"product_tag":[],"class_list":{"0":"post-19682","1":"product","2":"type-product","3":"status-publish","4":"has-post-thumbnail","6":"product_cat-linea-xtreme-boilers-calentadores-de-agua-industriales-comerciales","8":"first","9":"outofstock","10":"purchasable","11":"product-type-simple"},"brands":[],"_links":{"self":[{"href":"https:\/\/h2otek.com\/tienda\/wp-json\/wp\/v2\/product\/19682","targetHints":{"allow":["GET"]}}],"collection":[{"href":"https:\/\/h2otek.com\/tienda\/wp-json\/wp\/v2\/product"}],"about":[{"href":"https:\/\/h2otek.com\/tienda\/wp-json\/wp\/v2\/types\/product"}],"replies":[{"embeddable":true,"href":"https:\/\/h2otek.com\/tienda\/wp-json\/wp\/v2\/comments?post=19682"}],"wp:featuredmedia":[{"embeddable":true,"href":"https:\/\/h2otek.com\/tienda\/wp-json\/wp\/v2\/media\/8448"}],"wp:attachment":[{"href":"https:\/\/h2otek.com\/tienda\/wp-json\/wp\/v2\/media?parent=19682"}],"wp:term":[{"taxonomy":"pwb-brand","embeddable":true,"href":"https:\/\/h2otek.com\/tienda\/wp-json\/wp\/v2\/pwb-brand?post=19682"},{"taxonomy":"product_brand","embeddable":true,"href":"https:\/\/h2otek.com\/tienda\/wp-json\/wp\/v2\/product_brand?post=19682"},{"taxonomy":"product_cat","embeddable":true,"href":"https:\/\/h2otek.com\/tienda\/wp-json\/wp\/v2\/product_cat?post=19682"},{"taxonomy":"product_tag","embeddable":true,"href":"https:\/\/h2otek.com\/tienda\/wp-json\/wp\/v2\/product_tag?post=19682"}],"curies":[{"name":"wp","href":"https:\/\/api.w.org\/{rel}","templated":true}]}}