{"id":19672,"date":"2021-07-06T21:23:19","date_gmt":"2021-07-06T21:23:19","guid":{"rendered":"https:\/\/h2otek.com\/tienda\/producto\/boiler-de-deposito-cap-199900-btu-hr-comercial-industrial-a-gas-natural-grandes-cantidades-de-agua-caliente-linea-universal\/"},"modified":"2023-03-04T00:41:07","modified_gmt":"2023-03-04T00:41:07","slug":"boiler-de-deposito-cap-199900-btu-hr-comercial-industrial-a-gas-natural-grandes-cantidades-de-agua-caliente-linea-universal","status":"publish","type":"product","link":"https:\/\/h2otek.com\/tienda\/producto\/boiler-de-deposito-cap-199900-btu-hr-comercial-industrial-a-gas-natural-grandes-cantidades-de-agua-caliente-linea-universal\/","title":{"rendered":"BOILER DE DEPOSITO CAP. 199,900 BTU\/HR COMERCIAL-INDUSTRIAL A GAS NATURAL GRANDES CANTIDADES DE AGUA CALIENTE LINEA UNIVERSAL MOD. G76-200-N"},"content":{"rendered":"<p align=\"center\"><img fetchpriority=\"high\" decoding=\"async\" src=\"https:\/\/h2otek.com\/tienda\/img\/cms\/aguacaliente\/rheem\/deposito-gas\/universal\/header-calentador-rheem-universal-G100-200A-NAT.jpg\" alt=\"\" width=\"650\" height=\"300\" \/><\/p>\n<h3>Agua caliente para aplicaciones comerciales con dise\u00f1o compacto a bajo costo<\/h3>\n<p style=\"text-align: justify;\">Los calentadores de gas est\u00e1n espec\u00edficamente dise\u00f1ados para minimizar la dificultad en caso de que el calentador tenga que ser reemplazado por causas de fallas, al mismo tiempo que se vuelve m\u00e1s vers\u00e1til para nuevas instalaciones. Estos productos est\u00e1n dise\u00f1ados para aplicaciones que requieren grandes cantidades de agua caliente.<\/p>\n<p style=\"text-align: justify;\">Dise\u00f1o para ahorrar espacio y conexiones m\u00faltiples para una f\u00e1cil sustituci\u00f3n e instalaci\u00f3n. Y por el ahorro de tiempo y esfuerzo en cada instalaci\u00f3n, tambi\u00e9n va a ayudar a hacer m\u00e1s rentable su negocio.<\/p>\n<p>Universal \u2122 es una familia de calentadores de agua a gas comerciales que est\u00e1n dise\u00f1ados para adaptarse en aplicaciones modernas.<\/p>\n<p>La l\u00ednea Universal tiene una formulaci\u00f3n patentada en el acero del tanque, cuenta con dise\u00f1o patentado de multi-descarga de gases de combusti\u00f3n, combinado con la aplicaci\u00f3n de dos capas de esmalte de porcelana que da como resultado un dise\u00f1o optimizado del intercambiador de calor.<\/p>\n<p>&nbsp;<\/p>\n<p><strong>CARACTERISTICAS:<\/strong><\/p>\n<ul>\n<li><strong>Dise\u00f1o del tanque Universal: <\/strong>Maximiza la adaptabilidad de instalaci\u00f3n, pues ofrece modelos con conexiones de entrada y salida en la cubierta, el frente y la parte posterior del tanque.<\/li>\n<li><strong>Dise\u00f1o de ahorro de espacio: <\/strong>La baja altura y los peque\u00f1os di\u00e1metros de la cubierta del calentador, dan como resultado una f\u00e1cil y flexible instalaci\u00f3n.<\/li>\n<li><strong>Bajo contorno del tubo de escape autom\u00e1tico: <\/strong>El dise\u00f1o del contorno peque\u00f1o minimiza la altura del producto en general. La nueva cubierta de alta densidad esta dise\u00f1ada para manejos rigurosos de instalaci\u00f3n.<\/li>\n<li><strong>Sistema de encendido del piloto: <\/strong>Es est\u00e1ndar para todos los modelos. Provee confianza y un ahorro de energ\u00eda en la secuencia de encendido por medio del encendido del piloto, ya que el termostato se enciende solamente \u00e9ste requiere de calor.<\/li>\n<li><strong>V\u00e1lvula de drenado de lat\u00f3n<\/strong><\/li>\n<li><strong>V\u00e1lvula de alivio de presi\u00f3n y temperatura: <\/strong>Clasificaci\u00f3n AGA\/ASME e instalado en la f\u00e1brica.<\/li>\n<li><strong>Aislante: <\/strong>Humedece la fibra de vidrio mineral que rodea el dep\u00f3sito del tanque, el cual minimiza la perdida de calor.<\/li>\n<li><strong>\u00c1nodo: <\/strong>Dise\u00f1o patentado que utiliza m\u00faltiples varillas de magnesio que garantiza una larga vida y resistencia a la corrosi\u00f3n.<\/li>\n<li><strong>Apertura para limpieza manual: <\/strong>Para remover los dep\u00f3sitos y residuos.<\/li>\n<li><strong>Manual de reencendido: <\/strong>Todos los modelos ASME est\u00e1n equipados con un manual de reencendido.<\/li>\n<li><strong>Sistema de control de gas: <\/strong>Termostato completamente ajustable desde 100\u00b0F hasta 180\u00b0F, 24 voltios que combinan v\u00e1lvulas de gas, las cuales incluyen principalmente reguladores de presiones de gas, v\u00e1lvula de encendido y apagado, transformador de 120\/24 voltios y cortador de corriente cuado la temperatura excede su l\u00edmite.<\/li>\n<li><strong>Diagnostico LED: <\/strong>Ensamble de apertura para servicio sencillo.<\/li>\n<li>Corto al suelo a la altura de la ventilaci\u00f3n<\/li>\n<li>M\u00faltiples conexiones de agua<\/li>\n<li>Limpieza a mano<\/li>\n<li>Quemadores de acero inoxidable<\/li>\n<li>Restablecimiento manual de alto l\u00edmite<\/li>\n<li>Disponibles modelos de bajo NOx (\u00d3xidos de Nitr\u00f3geno)<\/li>\n<li><em><strong><span style=\"color: #000000;\">3 A\u00d1OS DE GARANTIA SOBRE CUALQUIER DEFECTO DE FABRICACION <\/span><\/strong><\/em><\/li>\n<\/ul>\n<h3>Tama\u00f1os compactos y m\u00faltiples opciones para conexiones de agua que simplifican la instalaci\u00f3n.<\/h3>\n<ul>\n<li>Elija entre diferentes\u00a0 modelos con eficiencia t\u00e9rmica de 80% y desde 98,000 hasta 399,900 BTU\/H.<\/li>\n<li>Cuentan\u00a0 con ajuste de temperatura m\u00e1xima de 82\u00b0 grados Cent\u00edgrados (180 grados Fahrenheit).<\/li>\n<\/ul>\n<h3>Dise\u00f1ados para\u00a0 ahorrar\u00a0 espacio.<\/h3>\n<p>Las alturas y di\u00e1metros son compactos, adem\u00e1s\u00a0 cuentan con conexiones para el agua en la parte superior,\u00a0en las partes delantera y trasera, que\u00a0 ofrecen lo \u00faltimo en flexibilidad de instalaci\u00f3n.<\/p>\n<h3>Sistema Sentinel\u2122, sistema con luces indicadoras (LEDS) para diagn\u00f3stico.<\/h3>\n<p>Todos los modelos cuentan con nuestro sistema exclusivo de diagn\u00f3stico, por medio de luces indicadoras (LEDS), este sistema verifica la correcta operaci\u00f3n del calentador secuencia por secuencia.<\/p>\n<h3>Tecnolog\u00eda Patentada.<\/h3>\n<p>La l\u00ednea Universal tiene una formulaci\u00f3n patentada en el acero del tanque, cuenta con dise\u00f1o patentado de multi-descarga de gases de combusti\u00f3n, combinado con la aplicaci\u00f3n de dos capas de esmalte de porcelana que da como resultado un dise\u00f1o optimizado del intercambiador de calor.<\/p>\n<h3>Quemadores de acero inoxidable.<\/h3>\n<p>Quemadores de precisi\u00f3n, tienen un dise\u00f1o de puertos resaltados, hechos de\u00a0 acero inoxidable al alto cromo. Cada quemador es de tipo deslizable, como un caj\u00f3n, para\u00a0 facilitar la inspecci\u00f3n y el mantenimiento.<\/p>\n<h3>D\u00e1mper de chimenea autom\u00e1tico.<\/h3>\n<ul>\n<li>El perfil bajo del D\u00e1mper de chimenea reduce la altura total del producto. Los \u200b\u200bsoportes del difusor para trabajo pesado est\u00e1n dise\u00f1ados para soportar los rigores de la instalaci\u00f3n.<\/li>\n<li>La v\u00e1lvula de drenado tiene un conducto de apertura total que permite la salida de un alto\u00a0 caudal de agua, viene\u00a0 instalada de f\u00e1brica y construida de lat\u00f3n, lo cual permite el r\u00e1pido vaciado del tanque para mantenimiento.<\/li>\n<\/ul>\n<h3>Sistema de encendido de chispa directo del piloto.<\/h3>\n<p>Proporciona ahorro de energ\u00eda en el encendido ya\u00a0 que\u00a0 enciende el piloto s\u00f3lo cuando se requiere.<\/p>\n<h3>Barras de \u00c1nodo Patentadas.<\/h3>\n<p>El dise\u00f1o del \u00e1nodo utiliza varias barras de magnesio, que aseguran la resistencia a la corrosi\u00f3n para una larga vida del tanque.<\/p>\n<p><strong>CERTIFICACIONES Y CLASIFICACIONES:<\/strong><\/p>\n<ul>\n<li><strong>Eficiencia:<\/strong>Estos modelos han sido inspeccionados de acuerdo a los procedimientos del examen ANSI, y ha excedido la eficiencia y los est\u00e1ndares requeridos por la ASHRAE Est\u00e1ndar 90. 1b-2001 (Parte del mandato Federal de la Pol\u00edtica de Energ\u00eda de los Estados Unidos)<\/li>\n<li><strong>Construcciones opcionales:<br \/>\n<\/strong>Construcciones ASME est\u00e1n disponibles en modelos destinados. Los modelos que obedecen la UL Sanitation est\u00e1n disponibles y equipados con un soporte para calentador opcional (N\u00famero de parte AE35450)<\/li>\n<li><strong>Seguridad y construcci\u00f3n:<\/strong>Estos productos son un dise\u00f1o certificado por la CSA:<br \/>\na) Para operar por encima de los 180\u00b0F<br \/>\nb) Para responder a los requerimientos de cuidado y construcci\u00f3n de ANSI Z21.10.3<br \/>\nc) Como un contenedor autom\u00e1tico o para un calentador de agua instant\u00e1neo.<br \/>\nd) Como un calentador instant\u00e1neo<br \/>\ne) Para operar e instalarse en pisos inflamables y en alcobas.<\/li>\n<li>Certificado para trabajar a una presi\u00f3n m\u00e1xima de 150 PSI (160 PSI para modelos ASME)<\/li>\n<\/ul>\n<p style=\"text-align: center;\"><strong>Dise\u00f1o para ahorrar espacio y conexiones m\u00faltiples para una instalaci\u00f3n y reemplazo m\u00e1s f\u00e1cil:<\/strong><\/p>\n<p align=\"center\"><img decoding=\"async\" src=\"https:\/\/www.h2otek.com\/tienda\/Images\/boilers\/componentes-universal.jpg\" alt=\"\" border=\"0\" \/><\/p>\n<p style=\"text-align: center;\"><strong>TABLAS DE ESPECIFICACIONES:<\/strong><\/p>\n<p><img decoding=\"async\" src=\"https:\/\/h2otek.com\/tienda\/img\/cms\/aguacaliente\/rheem\/deposito-gas\/universal\/especificaciones-calentador-gas-rheem-universal-G100-200A.gif\" alt=\"\" width=\"650\" height=\"126\" \/><\/p>\n<p>&nbsp;<\/p>\n<p align=\"center\"><strong>DIMENSIONES:<\/strong><\/p>\n<p align=\"center\"><img decoding=\"async\" src=\"https:\/\/www.h2otek.com\/tienda\/Images\/boilers\/dimensiones-universal.gif\" alt=\"\" border=\"0\" \/><\/p>\n<p align=\"justify\">INDUSTRIAL RHEEM, S.A. DE C.V. CUENTA CON TALLERES DE SERVICIO EN TODA LA REPUBLICA MEXICANA<\/p>\n<p align=\"justify\">ES IMPORTANTE LEER CLARAMENTE EL INSTRUCTIVO DE INSTALACION Y OPERACION ANTES DE INSTALAR Y PONER A FUNCIONAR EL CALENTADOR<\/p>\n<h4 style=\"text-align: center;\"><strong>BARRAS DE \u00c1NODO PATENTADAS<\/strong><\/h4>\n<p>El dise\u00f1o del \u00e1nodo utiliza varias barras de magnesio, que aseguran la resistencia a la corrosi\u00f3n para una larga vida del tanque.<\/p>\n<h4 style=\"text-align: center;\"><strong>SISTEMA\u00a0SENTINEL\u2122, SISTEMA CON LUCES INDICADORAS (LEDS) PARA DIAGN\u00d3STICO.<\/strong><\/h4>\n<p>Todos los modelos cuentan con nuestro sistema exclusivo de diagn\u00f3stico, por medio de luces indicadoras (LEDS), este sistema verifica la correcta operaci\u00f3n del calentador secuencia por secuencia.<\/p>\n<p><strong>CARACTER\u00cdSTICAS:<\/strong><\/p>\n<ul>\n<li>Proporciona una f\u00e1cil configuraci\u00f3n y soluci\u00f3n de problemas<\/li>\n<li>F\u00e1cil verificaci\u00f3n de arranque del sistema<\/li>\n<li>F\u00e1cil supervisi\u00f3n del funcionamiento del sistema<\/li>\n<li>Mantenimiento m\u00e1s f\u00e1cil y m\u00e1s preciso<\/li>\n<\/ul>\n<p align=\"center\"><img decoding=\"async\" src=\"https:\/\/www.h2otek.com\/tienda\/Images\/boilers\/sistema-sentinel.JPG\" alt=\"\" border=\"0\" \/><\/p>\n<p align=\"center\"><img decoding=\"async\" src=\"https:\/\/www.h2otek.com\/tienda\/Images\/boilers\/sistema-sentinel-gas-small.jpg\" alt=\"\" border=\"0\" \/><\/p>\n<p style=\"text-align: center;\"><strong>INSTALACI\u00d3N T\u00cdPICA CON TAQUE POR GRAVEDAD<br \/>\n<\/strong>(Clic en la imagen para agrandar)<\/p>\n<p align=\"center\"><a href=\"https:\/\/h2otek.com\/tienda\/wp-content\/uploads\/2021\/07\/instalaciontipicacontanquexgravedad.jpg\" target=\"_blank\" rel=\"noopener\"><img decoding=\"async\" src=\"https:\/\/www.h2otek.com\/tienda\/Images\/boilers\/instalaciontipicacontanquexgravedad-small.jpg\" alt=\"\" border=\"0\" \/><\/a><\/p>\n<p style=\"text-align: center;\"><strong>INSTALACI\u00d3N T\u00cdPICA CON CIRCULACI\u00d3N FORZADA Y TANQUES DE ALMACENAMIENTO<br \/>\n<\/strong>(Clic en la imagen para agrandar)<\/p>\n<p align=\"center\"><a href=\"https:\/\/h2otek.com\/tienda\/wp-content\/uploads\/2021\/07\/instalaciontipicaconcirculacionforzada.jpg\" target=\"_blank\" rel=\"noopener\"><img decoding=\"async\" src=\"https:\/\/www.h2otek.com\/tienda\/Images\/boilers\/instalaciontipicaconcirculacionforzada-small.jpg\" alt=\"\" border=\"0\" \/><\/a><\/p>\n<p><img decoding=\"async\" src=\"https:\/\/h2otek.com\/tienda\/img\/cms\/aguacaliente\/rheem\/deposito-gas\/universal\/la-diferencia-rheem.jpg\" alt=\"\" width=\"600\" height=\"1028\" \/><\/p>\n<p style=\"text-align: center;\"><strong>CERTIFICACIONES<\/strong><\/p>\n<p align=\"center\"><img decoding=\"async\" src=\"https:\/\/www.h2otek.com\/tienda\/Images\/boilers\/certificaciones-universal.gif\" alt=\"\" border=\"0\" \/><\/p>\n<p><strong>DESCARGAR MANUALES<\/strong><\/p>\n<ul>\n<li><a href=\"https:\/\/h2otek.com\/tienda\/pdf\/aguacaliente\/FOLLETO_BOILER_DE_DEPOSITO_COMERCIAL_INDUSTRIAL_A_GAS_LP_GRANDES_CANTIDADES_DE_AGUA_CALIENTE.pdf\" target=\"_blank\" rel=\"noopener\">FOLLETO<\/a><\/li>\n<li><a href=\"http:\/\/www.h2otek.com\/tienda\/pdf\/aguacaliente\/HOJA%20DE%20ESPECIFICACIONESUNIVERSALR102C-1.pdf\" target=\"_blank\" rel=\"noopener\">ESPECIFICACIONES<\/a><\/li>\n<li><a href=\"http:\/\/www.h2otek.com\/tienda\/pdf\/aguacaliente\/CAN_Universal_UC_Manual_AP10386-18.pdf\" target=\"_blank\" rel=\"noopener\">MANUAL<\/a><\/li>\n<\/ul>\n<p align=\"justify\"><strong><span style=\"color: #000000;\"><strong>PRECIO INCLUYE GASTOS DE ENVIO (GRATIS) E IMPUESTO <\/strong>16% DE IVA<\/span><\/strong><\/p>\n","protected":false},"excerpt":{"rendered":"<h1 style=\"text-align: left;\"><span style=\"font-size: 16pt; color: #d0121a;\"><strong>PRECIO EN D\u00d3LARES US.<\/strong><\/span><\/h1>\n<p>RECOMENDADO PARA USO COMERCIAL-INDUSTRIAL<\/p>\n<p style=\"text-align: left;\"><em><span style=\"color: #000000;\">IDEALES PARA CUALQUIER NECESIDAD DE AGUA CALIENTE, COMO PUEDE SER EN:<\/span><\/em><\/p>\n<ul style=\"text-align: left;\">\n<li><em><span style=\"color: #000000;\">OFICINAS<\/span><\/em><\/li>\n<li><em><span style=\"color: #000000;\">RESTAURANTES<\/span><\/em><\/li>\n<li><em><span style=\"color: #000000;\">HOTELES<\/span><\/em><\/li>\n<li><em><span style=\"color: #000000;\">LAVANDER\u00cdAS<\/span><\/em><\/li>\n<li><em><span style=\"color: #000000;\">ALMACENES<\/span><\/em><\/li>\n<li><em><span style=\"color: #000000;\">PROCESOS INDUSTRIALES<\/span><\/em><\/li>\n<li><em><span style=\"color: #000000;\">MOTELES<\/span><\/em><\/li>\n<li><em><span style=\"color: #000000;\">DEPORTIVOS<\/span><\/em><\/li>\n<li><em><span style=\"color: #000000;\">HOSPITALES<\/span><\/em><\/li>\n<li><em><span style=\"color: #000000;\">ETC.<\/span><\/em><\/li>\n<\/ul>\n<p style=\"text-align: left;\">\n","protected":false},"featured_media":1796,"comment_status":"closed","ping_status":"closed","template":"","meta":[],"pwb-brand":[],"product_brand":[],"product_cat":[597,1091],"product_tag":[],"class_list":{"0":"post-19672","1":"product","2":"type-product","3":"status-publish","4":"has-post-thumbnail","6":"product_cat-industriales-comerciales-boilers-calentadores-de-agua-gas","7":"product_cat-linea-universal-boilers-calentadores-de-agua-industriales-comerciales-rheem-en-gas-natural-boilers-calentadores-de-agua-industriales-comerciales","9":"first","10":"onbackorder","11":"purchasable","12":"product-type-simple"},"brands":[],"_links":{"self":[{"href":"https:\/\/h2otek.com\/tienda\/wp-json\/wp\/v2\/product\/19672","targetHints":{"allow":["GET"]}}],"collection":[{"href":"https:\/\/h2otek.com\/tienda\/wp-json\/wp\/v2\/product"}],"about":[{"href":"https:\/\/h2otek.com\/tienda\/wp-json\/wp\/v2\/types\/product"}],"replies":[{"embeddable":true,"href":"https:\/\/h2otek.com\/tienda\/wp-json\/wp\/v2\/comments?post=19672"}],"wp:featuredmedia":[{"embeddable":true,"href":"https:\/\/h2otek.com\/tienda\/wp-json\/wp\/v2\/media\/1796"}],"wp:attachment":[{"href":"https:\/\/h2otek.com\/tienda\/wp-json\/wp\/v2\/media?parent=19672"}],"wp:term":[{"taxonomy":"pwb-brand","embeddable":true,"href":"https:\/\/h2otek.com\/tienda\/wp-json\/wp\/v2\/pwb-brand?post=19672"},{"taxonomy":"product_brand","embeddable":true,"href":"https:\/\/h2otek.com\/tienda\/wp-json\/wp\/v2\/product_brand?post=19672"},{"taxonomy":"product_cat","embeddable":true,"href":"https:\/\/h2otek.com\/tienda\/wp-json\/wp\/v2\/product_cat?post=19672"},{"taxonomy":"product_tag","embeddable":true,"href":"https:\/\/h2otek.com\/tienda\/wp-json\/wp\/v2\/product_tag?post=19672"}],"curies":[{"name":"wp","href":"https:\/\/api.w.org\/{rel}","templated":true}]}}