{"id":19642,"date":"2021-07-06T21:23:08","date_gmt":"2021-07-06T21:23:08","guid":{"rendered":"https:\/\/h2otek.com\/tienda\/producto\/boiler-calentador-de-agua-raypak-cap-750000-btu-entrada-dual-de-gas-hidelta-flexgas-industrial-comercial-mod-wh3-752bd\/"},"modified":"2022-10-05T18:56:42","modified_gmt":"2022-10-05T18:56:42","slug":"boiler-calentador-de-agua-raypak-cap-750000-btu-entrada-dual-de-gas-hidelta-flexgas-industrial-comercial-mod-wh3-752bd","status":"publish","type":"product","link":"https:\/\/h2otek.com\/tienda\/producto\/boiler-calentador-de-agua-raypak-cap-750000-btu-entrada-dual-de-gas-hidelta-flexgas-industrial-comercial-mod-wh3-752bd\/","title":{"rendered":"BOILER-CALENTADOR DE AGUA RAYPAK CAP. 750,000 BTU ENTRADA DUAL DE GAS HIDELTA FLEXGAS INDUSTRIAL-COMERCIAL MOD. WH3-752BD"},"content":{"rendered":"<p style=\"text-align: center;\"><img fetchpriority=\"high\" decoding=\"async\" src=\"https:\/\/h2otek.com\/tienda\/img\/cms\/aguacaliente\/raypak\/header-raypak-hidelta-flexgas-wh3-752BD.jpg\" alt=\"header-raypak-hidelta-flexgas\" width=\"650\" height=\"329\" \/><\/p>\n<p style=\"text-align: justify;\">Aunque es posible convertir casi cualquier unidad <strong>Hi Delta\u00ae<\/strong> de gas natural a propano, toma tiempo. Ciertas instalaciones deben poder cambiar de su combustible primario a un combustible de reserva inmediatamente cuando las condiciones lo exigen. <\/p>\n<p>El sistema patentado<strong> FlexGas\u00ae<\/strong> permite que la unidad sea conectada a los dos combustibles, cambiando de funcionamiento de un combustible a otro con el giro de una llave, \u00a1sin apagar la unidad en absoluto!<\/p>\n<p>El aumento de los costos de la energ\u00eda, los reglamentos y los incentivos de los servicios p\u00fablicos han aumentado la demanda de aparatos de doble combustible. Muchas agencias reguladoras estatales y locales requieren la capacidad de &#8220;combustible dual&#8221; para las instalaciones cr\u00edticas, tales como hospitales y escuelas, para asegurar el funcionamiento de emergencia. Hasta ahora, la soluci\u00f3n t\u00edpica de equipos para el suministro de agua caliente sanitaria y el calentamiento hidr\u00e1ulico han sido los calentadores de agua y calderas de gas\/aceite, o mezcladores de aire y propano, los cuales son costosos de instalar y mantener.<\/p>\n<p>Los factores de costo tambi\u00e9n est\u00e1n impulsando la demanda de aparatos de doble combustible. Las empresas con capacidad de conmutaci\u00f3n r\u00e1pida de combustible pueden aprovechar las tarifas de descuento ofrecidas por las compa\u00f1\u00edas de gas en los Estados Unidos para suministros de combustible interrumpibles. Luego est\u00e1 el aumento del costo del combustible, haciendo que la capacidad de cambiar los combustibles en respuesta a los precios de una propuesta atractiva.<\/p>\n<p>Con las calderas y calentadores de agua FlexGas Hi Delta de Raypak, la conmutaci\u00f3n de gas natural-propano es r\u00e1pida y econ\u00f3mica. Y no hay necesidad de costosos mezcladores de aire o propano de aire o compresores de aire.<\/p>\n<p><strong>CARACTERISTICAS:<\/strong><\/p>\n<ul>\n<li>Todos los modelos certificados en Interior\/Exterior.<\/li>\n<li><strong>85% Eficiencia.<\/strong><\/li>\n<li>Ventilaci\u00f3n vertical CAT I, ventilaci\u00f3n de pared lateral CAT III. No es necesario un extractor para hasta 70 pies en el aire de la habitaci\u00f3n.<\/li>\n<li>El quemador patentado &#8220;manta de seguridad&#8221; mejora la combusti\u00f3n escalonada, minimiza los problemas de instalaci\u00f3n\/puesta en marcha y protege a los quemadores del desgaste del metal.<\/li>\n<li>Temperatura m\u00ednima de entrada de agua de 105\u00b0 F.<\/li>\n<li>Cabezales de hierro fundido con intercambiador de calor de tubo de aletas de cobre est\u00e1ndar. Cabezas de lat\u00f3n y tubos cupro-n\u00edquel disponibles como opciones. AB 1953 compatible.<\/li>\n<li>Aire de combusti\u00f3n de conducto preparado. TruSeal\u00ae CSA-Certificado con ventilaci\u00f3n directa disponible.<\/li>\n<li>Paquete de control VERSA IC\u00ae con pantalla LCD.<\/li>\n<li>Indicadores de estado.<\/li>\n<li>Control en cascada de hasta 4 unidades, sin necesidad de secuenciador externo.<\/li>\n<li>Centro de Diagn\u00f3stico con Historia, Ingl\u00e9s, sin c\u00f3digos.<\/li>\n<li>Modbus RTU Puerto BMS (RS485).<\/li>\n<li>Interfaz BMS de 0-10 VDC (Setpoint o Direct Drive).<\/li>\n<li>Certificado bajo la Regla 1146.2 del SCAQMD. Cumple con todas las regulaciones de bajo NOx.<\/li>\n<li>La conmutaci\u00f3n tarda menos de un minuto<\/li>\n<li>La conmutaci\u00f3n puede realizarse durante el disparo: simplemente gire la llave!<\/li>\n<li>No hay componentes mec\u00e1nicos para quitar o reemplazar<\/li>\n<li>Sistema patentado de doble combustible<\/li>\n<li>Certificado CSA<\/li>\n<li>Sistema instalado y probado en f\u00e1brica\n<\/li>\n<\/ul>\n<p>\u00a0<\/p>\n<p style=\"text-align: center;\"><span style=\"font-weight: bold;\">TABLAS DE ESPECIFICACIONES:<\/span><\/p>\n<p style=\"text-align: center;\"><img decoding=\"async\" src=\"https:\/\/h2otek.com\/tienda\/img\/cms\/aguacaliente\/raypak\/especificaciones-raypak-hidelta-flexgas-wh3-752BD.jpg\" alt=\"especificaciones-raypak-hidelta-flexgas-\" width=\"650\" height=\"700\" \/><\/p>\n<p style=\"text-align: center;\">* La v\u00e1lvula 2 est\u00e1 dentro de la c\u00e1mara de aire en H3 \/ WH3 302C-402C<\/p>\n<p>\u00a0<\/p>\n<p>\u00a0<\/p>\n<p style=\"text-align: center;\"><img decoding=\"async\" src=\"https:\/\/h2otek.com\/tienda\/img\/cms\/aguacaliente\/raypak\/componentes-raypak-hidelta-flexgas.jpg\" alt=\"componentes-raypak-hidelta-flexgas.jpg\" width=\"465\" height=\"558\" \/><\/p>\n<p>\u00a0<\/p>\n<p style=\"text-align: center;\"><img loading=\"lazy\" decoding=\"async\" src=\"https:\/\/h2otek.com\/tienda\/img\/cms\/aguacaliente\/raypak\/conexion-gas-raypak-hidelta-flexgas.jpg\" alt=\"conexion-gas-raypak-hidelta-flexgas.jpg\" width=\"600\" height=\"261\" \/><\/p>\n<p>\u00a0<\/p>\n<p>\u00a0<\/p>\n<p style=\"text-align: center;\"><img loading=\"lazy\" decoding=\"async\" src=\"https:\/\/h2otek.com\/tienda\/img\/cms\/aguacaliente\/raypak\/selector-combustible-raypak-hidelta-flexgas.jpg\" alt=\"\" width=\"500\" height=\"620\" \/><\/p>\n<p>\u00a0<\/p>\n<p>\u00a0<\/p>\n<p style=\"text-align: center;\"><strong>SISTEMA HIDE<\/strong><strong>LTA FLEXGAS<\/strong><\/p>\n<p style=\"text-align: center;\"><img loading=\"lazy\" decoding=\"async\" src=\"https:\/\/h2otek.com\/tienda\/img\/cms\/aguacaliente\/raypak\/sistema-flexgas-raypak-hidelta-flexgas.jpg\" alt=\"\" width=\"650\" height=\"462\" \/><\/p>\n<p>\u00a0<\/p>\n<p style=\"text-align: center;\"><img loading=\"lazy\" decoding=\"async\" src=\"https:\/\/h2otek.com\/tienda\/img\/cms\/aguacaliente\/raypak\/grifo-salida-gas-raypak-hidelta-flexgas.jpg\" alt=\"\" width=\"400\" height=\"420\" \/><\/p>\n<p style=\"text-align: center;\">\u00a0<\/p>\n<p>\u00a0<\/p>\n<p style=\"text-align: center;\">\u00a0<\/p>\n<p style=\"text-align: center;\"><img decoding=\"async\" src=\"https:\/\/www.h2otek.com\/tienda\/Images\/boilers\/raypak\/footer-raypak-raytherm.jpg\" alt=\"\" border=\"0\" \/><\/p>\n<p>\u00a0<\/p>\n<p style=\"text-align: center;\">\u00a0<\/p>\n<p><strong>DESCARGAR MANUALES<br \/><\/strong><\/p>\n<ul>\n<li><strong><a href=\"http:\/\/www.h2otek.com\/tienda\/pdf\/aguacaliente\/MANUAL%20DE%20INSTALACION%20Y%20OPERACION%20CALENTADO%20HIDELTA%20FLEXGAS.pdf\" target=\"_blank\" rel=\"noopener\">FOLLETO<\/a><\/strong><\/li>\n<\/ul>\n<p style=\"text-align: center;\">\u00a0<\/p>\n<p style=\"text-align: center;\">\u00a0<\/p>\n<div><strong><span style=\"color: #000000;\">PRECIO INCLUYE GASTOS DE ENVIO (GRATIS) E IMPUESTO 16% DE IVA<\/span><\/strong><\/div>\n","protected":false},"excerpt":{"rendered":"<p><strong><span style=\"color: #ff0000;\">PARA PRECIO DE ESTE PRODUCTO FAVOR DE COMUNICARSE EN ATENCION A CLIENTES: info@h2otek.com O AL TEL: 01 800 94 26 835<\/span><\/p>\n<p>ACCESORIO PARA CONEXI\u00d3N DE GAS DUAL (LP Y NATURAL) PARA CALENTADORES DE AGUA HIDELTA<\/p>\n<p>RECOMENDADO PARA USO COMERCIAL-INDUSTRIAL<\/strong><\/p>\n<p><em><strong>IDEALES PARA CUALQUIER NECESIDAD DE AGUA CALIENTE, COMO PUEDE SER EN:<\/strong><\/em><\/p>\n<ul>\n<li><em><strong>CASAS<\/strong><\/em><\/li>\n<li><em><strong>RESIDENCIAS<\/strong><\/em><\/li>\n<li><em><strong>DEPARTAMENTOS<\/strong><\/em><\/li>\n<li><em><strong>CONDOMINIOS<\/strong><\/em><\/li>\n<li><em><strong>RESTAURANTES<\/strong><\/em><\/li>\n<li><em><strong>HOTELES\/MOTELES<\/strong><\/em><\/li>\n<li><em><strong>LAVANDER\u00cdAS COMERCIALES<\/strong><\/em><\/li>\n<li><em><strong>CL\u00cdNICAS DE REPOSO, ETC.<\/strong><\/em><\/li>\n<\/ul>\n","protected":false},"featured_media":288,"comment_status":"closed","ping_status":"closed","template":"","meta":[],"pwb-brand":[],"product_brand":[],"product_cat":[374,364],"product_tag":[],"class_list":{"0":"post-19642","1":"product","2":"type-product","3":"status-publish","4":"has-post-thumbnail","6":"product_cat-linea-hidelta-raypak","7":"product_cat-raypak-calentadores-de-agua-boilers-calderas","9":"first","10":"outofstock","11":"purchasable","12":"product-type-simple"},"brands":[],"_links":{"self":[{"href":"https:\/\/h2otek.com\/tienda\/wp-json\/wp\/v2\/product\/19642","targetHints":{"allow":["GET"]}}],"collection":[{"href":"https:\/\/h2otek.com\/tienda\/wp-json\/wp\/v2\/product"}],"about":[{"href":"https:\/\/h2otek.com\/tienda\/wp-json\/wp\/v2\/types\/product"}],"replies":[{"embeddable":true,"href":"https:\/\/h2otek.com\/tienda\/wp-json\/wp\/v2\/comments?post=19642"}],"wp:featuredmedia":[{"embeddable":true,"href":"https:\/\/h2otek.com\/tienda\/wp-json\/wp\/v2\/media\/288"}],"wp:attachment":[{"href":"https:\/\/h2otek.com\/tienda\/wp-json\/wp\/v2\/media?parent=19642"}],"wp:term":[{"taxonomy":"pwb-brand","embeddable":true,"href":"https:\/\/h2otek.com\/tienda\/wp-json\/wp\/v2\/pwb-brand?post=19642"},{"taxonomy":"product_brand","embeddable":true,"href":"https:\/\/h2otek.com\/tienda\/wp-json\/wp\/v2\/product_brand?post=19642"},{"taxonomy":"product_cat","embeddable":true,"href":"https:\/\/h2otek.com\/tienda\/wp-json\/wp\/v2\/product_cat?post=19642"},{"taxonomy":"product_tag","embeddable":true,"href":"https:\/\/h2otek.com\/tienda\/wp-json\/wp\/v2\/product_tag?post=19642"}],"curies":[{"name":"wp","href":"https:\/\/api.w.org\/{rel}","templated":true}]}}