{"id":19627,"date":"2021-07-06T21:23:03","date_gmt":"2021-07-06T21:23:03","guid":{"rendered":"https:\/\/h2otek.com\/tienda\/producto\/bomba-de-calor-para-piscina-4-3-kw-240-v-1-fase-60-hz-raypak-linea-quiet-series-mod-rs5350ti-e-qt\/"},"modified":"2022-10-06T23:56:12","modified_gmt":"2022-10-06T23:56:12","slug":"bomba-de-calor-para-piscina-4-3-kw-240-v-1-fase-60-hz-raypak-linea-quiet-series-mod-rs5350ti-e-qt","status":"publish","type":"product","link":"https:\/\/h2otek.com\/tienda\/producto\/bomba-de-calor-para-piscina-4-3-kw-240-v-1-fase-60-hz-raypak-linea-quiet-series-mod-rs5350ti-e-qt\/","title":{"rendered":"BOMBA DE CALOR PARA PISCINA 4.3 KW 240 V 1 FASE 60 HZ RAYPAK LINEA QUIET SERIES MOD. RS5350ti-E-QT"},"content":{"rendered":"<p style=\"text-align: center;\"><img fetchpriority=\"high\" decoding=\"async\" src=\"https:\/\/h2otek.com\/tienda\/img\/cms\/aguacaliente\/raypak\/bombascalor-quietseries\/header-bombadecalor-raypak-QT-RS5350ti.jpg\" alt=\"\" width=\"650\" height=\"300\" \/><\/p>\n<p style=\"text-align: justify;\"><span style=\"text-decoration: underline;\"><strong><br \/>\nBOMBAS DE CALOR RAYPAK COMPACT SERIES PARA SPA O PISCINAS<\/strong><\/span><\/p>\n<p>&nbsp;<\/p>\n<div id=\"tab-description\" class=\"panel wc-tab entry-content active\" style=\"text-align: justify;\">\n<p><span lang=\"es\" xml:lang=\"es\"><span title=\"Raypak is proud to introduce our newest heat pump product line, the Quiet Technology\u2122 series, with reduced noise levels.\">Raypak se enorgullece de presentar nuestra nueva l\u00ednea de <strong>bombas de calor<\/strong>, la <strong>serie Quiet Technology\u2122<\/strong>, con niveles de ruido reducidos. <\/span><span title=\"Each comes standard with a titanium heat exchanger.\">Cada uno viene est\u00e1ndar con un intercambiador de calor de titanio. <\/span><span title=\"The Quiet Technology series has been designed to meet the exacting needs of the pool and spa professional, and includes a stainless steel cabinet, a specially-designed 4-blade quieter slower-spinning fan, and noise levels down to 59 dB!\">La<strong> serie Quiet Technology<\/strong> ha sido dise\u00f1ada para satisfacer las exigentes necesidades de la piscina y el profesional del spa, e incluye un gabinete de acero inoxidable, un ventilador de giro m\u00e1s lento y un nivel de ruido de 59 dB.<\/span><\/span><\/p>\n<p><strong>CARACTER\u00cdSTICAS:<\/strong><\/p>\n<p><strong><span lang=\"es\" xml:lang=\"es\"><span title=\"Cabinet\">Gabinete<\/span><\/span><\/strong><\/p>\n<ul>\n<li><strong><span lang=\"es\" xml:lang=\"es\"><span title=\"Stainless steel\">Acero inoxidable<\/span><\/span><\/strong><\/li>\n<\/ul>\n<p style=\"text-align: justify;\"><span lang=\"es\" xml:lang=\"es\"><span title=\"Stainless steel\"><br \/>\n<\/span><span title=\"Evaporator coils\"><strong>Bobinas del evaporador<\/strong><br \/>\n<\/span><\/span><\/p>\n<ul>\n<li><strong><span lang=\"es\" xml:lang=\"es\"><span title=\"Large air coils\">Grandes bobinas de aire<br \/>\n<\/span><\/span><\/strong><span lang=\"es\" xml:lang=\"es\"><span title=\"Raised lanced-fin design maximizes heating at lower temperatures.\">El dise\u00f1o de aletas elevadas elevadas maximiza el calentamiento a temperaturas m\u00e1s bajas. <\/span><span title=\"Raypak engineered coils are highly optimized to meet our specific design requirements.\">Las bobinas dise\u00f1adas por Raypak est\u00e1n altamente optimizadas para cumplir con nuestros requisitos espec\u00edficos de dise\u00f1o. <\/span><span title=\"From the proper fins per inch to advanced distribution circuiting.\">De las aletas adecuadas por pulgada a circuitos de distribuci\u00f3n avanzados. <\/span><span title=\"We are the only heat pump pool heater company to actually manufacture our own coils.\">Somos la \u00fanica compa\u00f1\u00eda de calentador de piscina de bomba de calor para fabricar nuestras propias bobinas.<\/span><\/span><\/li>\n<li><span lang=\"es\" xml:lang=\"es\"><span title=\"Venturi fan cowling\"><strong>Cubierta del ventilador Venturi<\/strong><br \/>\n<\/span><\/span><span lang=\"es\" xml:lang=\"es\"><span title=\"High-capacity 3000-cfm 825 RPM fan provides unrestricted air flow for better heating.\">El ventilador de 825 RPM de 3000 cfm de alta capacidad proporciona flujo de aire sin restricciones para una mejor calefacci\u00f3n. <\/span><span title=\"Precision engineered and manufactured cabinet design eliminates unwanted air gaps.\">Dise\u00f1o de gabinete dise\u00f1ado y fabricado con precisi\u00f3n elimina las aberturas de aire no deseadas. <\/span><span title=\"This means more air over the coil which translates to greater efficiency\">Esto significa m\u00e1s aire sobre la bobina que se traduce en una mayor eficiencia<\/span><\/span><\/li>\n<\/ul>\n<p style=\"text-align: justify;\"><span lang=\"es\" xml:lang=\"es\"><span title=\"This means more air over the coil which translates to greater efficiency\"><br \/>\n<\/span><span title=\"Compressor\"><strong>Compresor<\/strong><br \/>\n<\/span><\/span><\/p>\n<ul>\n<li><span lang=\"es\" xml:lang=\"es\"><span title=\"Scroll Compressor with Cover\"><strong>Compresor de desplazamiento con cubierta<\/strong><br \/>\n<\/span><\/span><span lang=\"es\" xml:lang=\"es\"><span title=\"Scroll compressors are quiet and efficient compared to piston-type compressors.\">Los compresores Scroll son silenciosos y eficientes en comparaci\u00f3n con los compresores de pist\u00f3n. <\/span><span title=\"They provide higher efficiency, lower sound levels, superior durability and unsurpassed reliability, with an added cover to further reduce noise.\">Proporcionan mayor eficiencia, menores niveles de sonido, durabilidad superior e insuperable fiabilidad, con una cubierta adicional para reducir a\u00fan m\u00e1s el ruido. <\/span><span title=\"The unique design of a scroll compressor actually wears in over time, not out!\">El dise\u00f1o \u00fanico de un compresor de desplazamiento en realidad lleva en el tiempo, no fuera!<\/span><\/span><\/li>\n<li><strong><span lang=\"es\" xml:lang=\"es\"><span title=\"Sound-Absorbing ABS Base\">Absorci\u00f3n de sonido ABS base<\/span><\/span><\/strong><\/li>\n<\/ul>\n<p style=\"text-align: justify;\"><span lang=\"es\" xml:lang=\"es\"><span title=\"Sound-Absorbing ABS Base\"><br \/>\n<\/span><span title=\"Heat exchanger\"><strong>Intercambiador de calor<\/strong><br \/>\n<\/span><\/span><\/p>\n<ul>\n<li><span lang=\"es\" xml:lang=\"es\"><span title=\"Spiral titanium tube\"><strong>Tubo espiral de titanio<\/strong><br \/>\n<\/span><\/span><span lang=\"es\" xml:lang=\"es\"><span title=\"Our spiral titanium-tube heat exchanger provides a corrosion-free waterway that can withstand the abuses of harsh pool chemistry.\">Nuestro intercambiador de calor espiral de tubo de titanio proporciona un canal de agua libre de corrosi\u00f3n que puede soportar los abusos de la qu\u00edmica de la piscina \u00e1spera. <\/span><span title=\"The spiral tube helps reduce deposit build-up and increases efficiency by performing a \u201cscoop-and-lift\u201d action.\">El tubo espiral ayuda a reducir la acumulaci\u00f3n de dep\u00f3sitos e incrementa la eficiencia al realizar una acci\u00f3n de &#8220;cucharada y levantar&#8221;.<\/span><\/span><\/li>\n<li><span lang=\"es\" xml:lang=\"es\"><span title=\"Internal Bypass Valving\"><strong>V\u00e1lvula de derivaci\u00f3n interna<\/strong><br \/>\n<\/span><\/span><span lang=\"es\" xml:lang=\"es\"><span title=\"Automatically compensates for normal day-to-day changes in your pool\u2019s hydraulics, maximizing heat transfer efficiency.\">Autom\u00e1ticamente compensa los cambios normales del d\u00eda a d\u00eda en el sistema hidr\u00e1ulico de su piscina, maximizando la eficiencia de transferencia de calor.<\/span><\/span><\/li>\n<li><span lang=\"es\" xml:lang=\"es\"><span title=\"Plumbing Connections\"><strong>Conexiones de Plomer\u00eda<\/strong><br \/>\n<\/span><\/span><span lang=\"es\" xml:lang=\"es\"><span title=\"Offset 2\u201d PVC union connections are included for ease of installation.\">Offset Las conexiones de uni\u00f3n de PVC de 2&#8243; est\u00e1n incluidas para facilitar la instalaci\u00f3n.<\/span><\/span><\/li>\n<\/ul>\n<p style=\"text-align: justify;\"><span lang=\"es\" xml:lang=\"es\"><span title=\"Offset 2\u201d PVC union connections are included for ease of installation.\"><br \/>\n<\/span><span title=\"Controls - Digital\"><strong>Controles &#8211; Digital<\/strong><br \/>\n<\/span><\/span><\/p>\n<ul>\n<li><span lang=\"es\" xml:lang=\"es\"><span title=\"Pool\/Spa Control\"><strong>Control de piscina y spa<\/strong><br \/>\n<\/span><\/span><span lang=\"es\" xml:lang=\"es\"><span title=\"Your digital heat pump pool heater can be set to have a different target temperature for your pool and your spa.\">Su calentador digital de la piscina de la bomba de calor se puede fijar para tener una temperatura de la blanco diferente para su piscina y su balneario. <\/span><span title=\"This allows you to dial in just the right spa temperatures and never have to adjust it again.\">Esto le permite marcar en las temperaturas de spa justo y nunca tiene que ajustar de nuevo. <\/span><span title=\"The pool can be set to a lower, more energy saving temperature.\">La piscina se puede establecer a una temperatura m\u00e1s baja, m\u00e1s ahorro de energ\u00eda.<\/span><\/span><\/li>\n<li><span lang=\"es\" xml:lang=\"es\"><span title=\"Remote Compatible\"><strong>Compatible con control remoto<\/strong><br \/>\n<\/span><\/span><span lang=\"es\" xml:lang=\"es\"><span title=\"The digital heat pump pool heater can be easily controlled by most two-wire and three-wire remote systems.\">El calentador digital de la piscina de la bomba de calor puede ser controlado f\u00e1cilmente por la mayor\u00eda de los sistemas remotos de dos y tres hilos.<\/span><\/span><\/li>\n<li><span lang=\"es\" xml:lang=\"es\"><span title=\"On Board Diagnostics\"><strong>Diagn\u00f3stico a bordo<\/strong><br \/>\n<\/span><\/span><span lang=\"es\" xml:lang=\"es\"><span title=\"Tells the homeowner if there is a problem.\">Dice al due\u00f1o de casa si hay un problema. <\/span><span title=\"Provides the service technician with detailed diagnostic information.\">Proporciona al t\u00e9cnico de servicio informaci\u00f3n detallada sobre el diagn\u00f3stico.<\/span><\/span><\/li>\n<\/ul>\n<p style=\"text-align: justify;\"><span lang=\"es\" xml:lang=\"es\"><strong><span title=\"Cabinet\">\u00a0<\/span><\/strong><\/span><\/p>\n<p><strong>ESPECIFICACIONES:<br \/>\n<\/strong><br \/>\n<span lang=\"es\" xml:lang=\"es\">La <strong>bomba de calor de acero inoxidable Raypak Quiet Technology Series<\/strong> es nuestra bomba de calor serie premium. Est\u00e1 dise\u00f1ado espec\u00edficamente para tomar una paliza en climas costeros \u00e1speros donde el aire salado puede acortar la vida de la mayor\u00eda de los aparatos al aire libre, con el elegante acero inoxidable cepillado 304 que es tan atractivo que no querr\u00e1 esconderlo detr\u00e1s de la pared del equipo.<\/span><\/p>\n<p>La unidad tambi\u00e9n proporciona un rendimiento excepcional de calefacci\u00f3n mientras <strong>opera a s\u00f3lo 59dB<\/strong> <strong>de nivel de sonido.<\/strong> Por s\u00f3lo una ligera prima sobre una unidad est\u00e1ndar, puede tener una operaci\u00f3n silenciosa silenciosa, la protecci\u00f3n contra el tiempo y el rendimiento excelente en un calentador de piscina premium de <strong>Raypak<\/strong>. Y porque es un Raypak, puede estar seguro de que hizo la elecci\u00f3n correcta.<strong><br \/>\n<\/strong><\/p>\n<\/div>\n<p>&nbsp;<\/p>\n<p style=\"text-align: center;\"><strong>TABLA DE ESPECIFICACIONES:<\/strong><\/p>\n<p style=\"text-align: center;\"><img decoding=\"async\" src=\"https:\/\/h2otek.com\/tienda\/img\/cms\/aguacaliente\/raypak\/bombascalor-quietseries\/especificaciones-bombadecalor-raypak-QT-RS5350ti.gif\" alt=\"\" width=\"680\" height=\"343\" \/><\/p>\n<p>&nbsp;<\/p>\n<p style=\"text-align: center;\"><strong>DIMENSIONES:<\/strong><\/p>\n<p style=\"text-align: center;\"><img decoding=\"async\" src=\"https:\/\/h2otek.com\/tienda\/img\/cms\/aguacaliente\/raypak\/bombascalor-quietseries\/dimensiones-bombadecalor-raypak-QT.jpg\" alt=\"\" width=\"680\" height=\"320\" \/><\/p>\n<p>&nbsp;<\/p>\n<p>&nbsp;<\/p>\n<p>&nbsp;<\/p>\n<p style=\"text-align: center;\"><strong>INSTALACI\u00d3N EL\u00c9CTRICA<br \/>\n<\/strong><\/p>\n<p style=\"text-align: center;\"><img loading=\"lazy\" decoding=\"async\" src=\"https:\/\/www.h2otek.com\/tienda\/img\/cms\/aguacaliente\/raypak\/bombascalor-compactseries\/instalacion-electrica-bombadecalor-raypak-compactseries.jpg\" alt=\"\" width=\"680\" height=\"571\" \/><\/p>\n<p>&nbsp;<\/p>\n<p>&nbsp;<\/p>\n<p><strong>DESCARGAR MANUALES<\/strong><\/p>\n<ul>\n<li><strong><a href=\"http:\/\/www.h2otek.com\/tienda\/pdf\/aguacaliente\/FOLLETO%20BOMBA%20DE%20CALOR%20PARA%20ALBERCAS%20RAYPAK%20QUIET%20TECHNOLOGY.pdf\" target=\"_blank\" rel=\"noopener\">FOLLETO<\/a><\/strong><\/li>\n<li><strong><a href=\"http:\/\/www.h2otek.com\/tienda\/pdf\/aguacaliente\/HOJA%20DE%20DATOS%20BOMBA%20DE%20CALOR%20PARA%20ALBERCAS%20RAYPAK%20QUIET%20TECHNOLOGY.pdf\" target=\"_blank\" rel=\"noopener\">HOJA DE DATOS<\/a><\/strong><\/li>\n<li><strong><a href=\"http:\/\/www.h2otek.com\/tienda\/pdf\/aguacaliente\/MANUAL%20INSTALACION%20Y%20OPERACION%20BOMBA%20DE%20CALOR%20PARA%20ALBERCAS%20RAYPAK%20QUIET%20TECHNOLOGY.pdf\" target=\"_blank\" rel=\"noopener\">INSTALACI\u00d3N Y OPERACI\u00d3N<\/a><\/strong><\/li>\n<\/ul>\n<p>&nbsp;<\/p>\n<div>\n<p style=\"text-align: left;\"><strong>PRECIO INCLUYE GASTOS DE ENVIO (GRATIS) E IMPUESTO 16% DE IVA.<\/strong><\/p>\n<\/div>\n","protected":false},"excerpt":{"rendered":"<p><span style=\"color: #ff0000;\"><strong>PARA PRECIO DE ESTE PRODUCTO FAVOR DE COMUNICARSE EN ATENCION A CLIENTES: info@h2otek.com O AL TEL: 01 800 94 26 835<\/strong><\/span><\/p>\n<p><span style=\"color: #ff0000;\"><strong>BOMBA DE CALOR PARA SPA O ALBERCAS 4.3 KW 240V. MARCA RAYPAK<\/strong><\/span><\/p>\n<p><strong><em>CALEFACCI\u00d3N EN PISCINAS POR DEMANDA O RECIRCULACION DE AGUA CALIENTE. OPERACI\u00d3N SILENCIOSA.<br \/>\n<\/em><\/strong><\/p>\n<p><em><strong>IDEALES EN:<\/strong><\/em><\/p>\n<ul>\n<li><em><strong>ALBERCA \u00d3 PISCINA<br \/>\n<\/strong><\/em><\/li>\n<li><em><strong>SPA<\/strong><\/em><\/li>\n<li><em><strong>JACUZZI<\/strong><\/em><\/li>\n<li><em><strong>HIDROMASAJE, ETC.<\/strong><\/em><\/li>\n<\/ul>\n","protected":false},"featured_media":586,"comment_status":"closed","ping_status":"closed","template":"","meta":[],"pwb-brand":[],"product_brand":[],"product_cat":[500],"product_tag":[],"class_list":{"0":"post-19627","1":"product","2":"type-product","3":"status-publish","4":"has-post-thumbnail","6":"product_cat-bombas-de-calor-quiet-technology-r5350ti-e-qt-r6350ti-e-qt-r8350-e-qt","8":"first","9":"outofstock","10":"purchasable","11":"product-type-simple"},"brands":[],"_links":{"self":[{"href":"https:\/\/h2otek.com\/tienda\/wp-json\/wp\/v2\/product\/19627","targetHints":{"allow":["GET"]}}],"collection":[{"href":"https:\/\/h2otek.com\/tienda\/wp-json\/wp\/v2\/product"}],"about":[{"href":"https:\/\/h2otek.com\/tienda\/wp-json\/wp\/v2\/types\/product"}],"replies":[{"embeddable":true,"href":"https:\/\/h2otek.com\/tienda\/wp-json\/wp\/v2\/comments?post=19627"}],"wp:featuredmedia":[{"embeddable":true,"href":"https:\/\/h2otek.com\/tienda\/wp-json\/wp\/v2\/media\/586"}],"wp:attachment":[{"href":"https:\/\/h2otek.com\/tienda\/wp-json\/wp\/v2\/media?parent=19627"}],"wp:term":[{"taxonomy":"pwb-brand","embeddable":true,"href":"https:\/\/h2otek.com\/tienda\/wp-json\/wp\/v2\/pwb-brand?post=19627"},{"taxonomy":"product_brand","embeddable":true,"href":"https:\/\/h2otek.com\/tienda\/wp-json\/wp\/v2\/product_brand?post=19627"},{"taxonomy":"product_cat","embeddable":true,"href":"https:\/\/h2otek.com\/tienda\/wp-json\/wp\/v2\/product_cat?post=19627"},{"taxonomy":"product_tag","embeddable":true,"href":"https:\/\/h2otek.com\/tienda\/wp-json\/wp\/v2\/product_tag?post=19627"}],"curies":[{"name":"wp","href":"https:\/\/api.w.org\/{rel}","templated":true}]}}