{"id":19623,"date":"2021-07-06T21:23:03","date_gmt":"2021-07-06T21:23:03","guid":{"rendered":"https:\/\/h2otek.com\/tienda\/producto\/boiler-de-deposito-100-galones-375-litros-a-gas-lp-marca-rheem-mod-29v100-485331\/"},"modified":"2025-09-15T21:15:19","modified_gmt":"2025-09-15T21:15:19","slug":"boiler-de-deposito-100-galones-375-litros-a-gas-lp-marca-rheem-mod-29v100-485331","status":"publish","type":"product","link":"https:\/\/h2otek.com\/tienda\/producto\/boiler-de-deposito-100-galones-375-litros-a-gas-lp-marca-rheem-mod-29v100-485331\/","title":{"rendered":"BOILER DE DEP\u00d3SITO 100 GALONES (375 LITROS) A GAS LP MARCA RHEEM MOD. 29V100\/485331"},"content":{"rendered":"<p style=\"text-align: center;\"><img decoding=\"async\" src=\"https:\/\/www.h2otek.com\/tienda\/Images\/boilers\/estandar\/header-boiler-rheem-depositogas-375-lp.jpg\" alt=\"\" border=\"0\" \/><\/p>\n<div><strong>CARACTER\u00cdSTICAS Y BENEFICIOS:<\/strong><\/div>\n<p><strong>AHORRO<\/strong><\/p>\n<ul>\n<li>\n<div>Calentamiento del agua en forma eficiente.<\/div>\n<\/li>\n<li>\n<div>Tanque recubierto con espuma aislante R-Foam patentada, conserva el agua caliente por m\u00e1s tiempo.<\/div>\n<\/li>\n<li>\n<div>Deflector de gases calientes, aprovecha al m\u00e1ximo el calor de los gases de combusti\u00f3n, antes de ser descargados hacia el exterior.<\/div>\n<\/li>\n<li>\n<div>Encendedor Piezo El\u00e9ctrico para el encendido del piloto.<\/div>\n<\/li>\n<\/ul>\n<p><strong>SEGURIDAD:<\/strong><\/p>\n<ul>\n<li>Doble sistema de seguridad, cierra el paso de gas en remotos casos de apagado del piloto.<\/li>\n<li>V\u00e1lvula de alivio, protege el tanque contra da\u00f1os por presiones y temperaturas excesivas.<\/li>\n<li>Termostato autom\u00e1tico, con perillas selectoras de operaci\u00f3n y temperatura.<\/li>\n<li>Capuch\u00f3n difusor, facilita la salida de gases de combusti\u00f3n.<\/li>\n<li>Certificados conforme a Normas Oficiales Mexicanas.<\/li>\n<\/ul>\n<p><strong>DURACI\u00d3N:<\/strong><\/p>\n<ul>\n<li>Tanque porcelanizado con f\u00f3rmula patentada Rheemglas\u2122, protege el tanque contra la corrosi\u00f3n del agua.<\/li>\n<li>Cubierta exterior con pintura de alta resistencia.<\/li>\n<li>Quemador Gasmaster de acero aluminizado, mayor resistencia a la corrosi\u00f3n.<\/li>\n<li>\u00c1nodo de magnesio, protege el tanque contra la corrosi\u00f3n galv\u00e1nica.<\/li>\n<li>Tubo de llenado con Everkleen, introduce el agua fr\u00eda hacia el fondo del tanque, remueve residuos s\u00f3lidos y mejora la eficiencia de operaci\u00f3n.<\/li>\n<li>V\u00e1lvula de drenado, para vaciar el tanque y facilitar la limpieza interior.<\/li>\n<\/ul>\n<div><strong>LARGA Y EFICIENTE VIDA UTIL:<\/strong><\/div>\n<ul>\n<li>Doble porcelanizado en el tanque Rheem Glass exclusivo<\/li>\n<li>Entrada y Salida de agua en 3\/4&#8243;<\/li>\n<li>Anodo de magnesio patentado con resistencia el\u00e9ctrica especial<\/li>\n<li><em>3 A\u00d1OS DE GARANTIA SOBRE CUALQUIER DEFECTO DE FABRICACION<\/em><\/li>\n<\/ul>\n<p>&nbsp;<\/p>\n<p style=\"text-align: center;\"><strong>COMPONENTES:<\/strong><\/p>\n<p style=\"text-align: center;\"><img decoding=\"async\" src=\"https:\/\/www.h2otek.com\/tienda\/Images\/boilers\/estandar\/componentes-boiler-rheem-depositogas.jpg\" alt=\"\" border=\"0\" \/><\/p>\n<p>&nbsp;<\/p>\n<p>&nbsp;<\/p>\n<div style=\"text-align: center;\"><strong>TABLA DE ESPECIFICACIONES:<\/strong><\/div>\n<p style=\"text-align: center;\"><img decoding=\"async\" src=\"https:\/\/www.h2otek.com\/tienda\/Images\/boilers\/estandar\/especificaciones-boiler-rheem-depositogas-375.jpg\" alt=\"\" border=\"0\" \/><\/p>\n<div>* PARA USO COMERCIAL LIGERO<\/div>\n<div>* CONEXIONES DE 1&#8243; NPT.<\/div>\n<div><\/div>\n<p style=\"text-align: center;\"><img decoding=\"async\" src=\"https:\/\/www.h2otek.com\/tienda\/Images\/boilers\/estandar\/partes-boiler-rheem-depositogas.jpg\" alt=\"\" border=\"0\" \/><\/p>\n<p>&nbsp;<\/p>\n<p>&nbsp;<\/p>\n<div style=\"text-align: center;\"><strong>TABLA DE DIMENSIONES:<\/strong><\/div>\n<p style=\"text-align: center;\"><img decoding=\"async\" src=\"https:\/\/www.h2otek.com\/tienda\/Images\/boilers\/estandar\/dimensiones-boiler-rheem-depositogas-375.jpg\" alt=\"\" border=\"0\" \/><\/p>\n<div><span style=\"color: #888888;\">INDUSTRIAL RHEEM, S.A. DE C.V. CUENTA CON TALLERES DE SERVICIO EN TODA LA REPUBLICA MEXICANA<\/span><\/div>\n<div>ES IMPORTANTE LEER CLARAMENTE EL INSTRUCTIVO DE INSTALACION Y OPERACION ANTES DE INSTALAR Y PONER A FUNCIONAR EL CALENTADOR<\/div>\n<div><\/div>\n<p style=\"text-align: center;\"><img decoding=\"async\" src=\"https:\/\/www.h2otek.com\/tienda\/Images\/boilers\/estandar\/certificaciones-boiler-rheem-depositogas.jpg\" alt=\"\" border=\"0\" \/><\/p>\n<p>&nbsp;<\/p>\n<p>&nbsp;<\/p>\n<div style=\"text-align: left;\"><strong>DESCARGAR MANUALES<\/strong><\/div>\n<div style=\"text-align: left;\">\n<ul>\n<li><a href=\"http:\/\/www.h2otek.com\/tienda\/pdf\/aguacaliente\/ESPECIFICACIONES%20BOILERS%20A%20GAS%20RHEEM%20LINEA%20ESTANDAR.pdf\" target=\"_blank\" rel=\"noopener\">FOLLETO<\/a><\/li>\n<\/ul>\n<p>&nbsp;<\/p>\n<\/div>\n<div><span style=\"color: #000000;\"><strong><strong>PRECIO INCLUYE GASTOS DE ENVIO (GRATIS) E IMPUESTO <\/strong> 16 % DE IVA<\/strong><\/span><\/div>\n","protected":false},"excerpt":{"rendered":"<p><span style=\"color: #ff0000;\"><strong>PRECIO EN PESOS MEXICANOS.<\/strong><\/span><br \/>\n<span style=\"color: #ff0000;\"><strong>PRECIO INCLUYE 16 % DE I.V.A.<\/strong><\/span><br \/>\n<span style=\"color: #ff0000;\"><strong>PRECIO INCLUYE ENVIO (ZONA CENTRO).<\/strong><\/span><\/p>\n<p style=\"text-align: left; color: #000000;\"><strong><span style=\"font-size: small;\">BOILER A GAS LP 100 GALONES (375 LITROS)<\/span><\/strong><\/p>\n<p><span style=\"font-size: small; color: #000000;\"><strong>RECOMENDADO PARA USO COMERCIAL-INDUSTRIAL (RECOMENDADO PARA 14 A 16 PERSONAS)<\/strong><\/span><\/p>\n<p style=\"text-align: left; color: #000000;\"><em><span style=\"font-size: small;\"><strong>IDEALES PARA CUALQUIER NECESIDAD DE AGUA CALIENTE, COMO PUEDE SER EN:<\/strong><\/span><\/em><\/p>\n<ul>\n<li style=\"text-align: left; color: #000000;\"><em><span style=\"font-size: small;\"><strong>CASAS<\/strong><\/span><\/em><\/li>\n<li style=\"text-align: left; color: #000000;\"><em><span style=\"font-size: small;\"><strong>RESIDENCIAS<\/strong><\/span><\/em><\/li>\n<li style=\"text-align: left; color: #000000;\"><em><span style=\"font-size: small;\"><strong>DEPARTAMENTOS<\/strong><\/span><\/em><\/li>\n<li style=\"text-align: left; color: #000000;\"><em><span style=\"font-size: small;\"><strong>CONDOMINIOS<\/strong><\/span><\/em><\/li>\n<li style=\"text-align: left; color: #000000;\"><em><span style=\"font-size: small;\"><strong>CASA DE CAMPO<\/strong><\/span><\/em><\/li>\n<li style=\"text-align: left; color: #000000;\"><em><span style=\"font-size: small;\"><strong>PROCESOS INDUSTRIALES<\/strong><\/span><\/em><\/li>\n<li style=\"text-align: left; color: #000000;\"><em><span style=\"font-size: small;\"><strong>REGADERAS EN SERIES<\/strong><\/span><\/em><\/li>\n<li style=\"text-align: left; color: #000000;\"><em><span style=\"font-size: small;\"><strong>QUINTAS<\/strong><\/span><\/em><\/li>\n<li style=\"text-align: left; color: #000000;\"><em><span style=\"font-size: small;\"><strong>LABORATORIOS<\/strong><\/span><\/em><\/li>\n<li style=\"text-align: left; color: #000000;\"><em><span style=\"font-size: small;\"><strong>MOTELES<\/strong><\/span><\/em><\/li>\n<li style=\"text-align: left; color: #000000;\"><em><span style=\"font-size: small;\"><strong>HOTELES<\/strong><\/span><\/em><\/li>\n<li style=\"text-align: left; color: #000000;\"><em><span style=\"font-size: small;\"><strong>GIMNASIOS<\/strong><\/span><\/em><\/li>\n<li style=\"text-align: left; color: #000000;\"><em><span style=\"font-size: small;\"><strong>ALMACENES<\/strong><\/span><\/em><\/li>\n<li style=\"text-align: left; color: #000000;\"><em><span style=\"font-size: small;\"><strong>ETC.<\/strong><\/span><\/em><\/li>\n<\/ul>\n","protected":false},"featured_media":1686,"comment_status":"closed","ping_status":"closed","template":"","meta":[],"pwb-brand":[],"product_brand":[],"product_cat":[382,506],"product_tag":[],"class_list":{"0":"post-19623","1":"product","2":"type-product","3":"status-publish","4":"has-post-thumbnail","6":"product_cat-agua-caliente-boilers-calentadores-de-agua","7":"product_cat-boilers-calentadores-a-gas-linea-estandar","9":"first","10":"instock","11":"purchasable","12":"product-type-simple"},"brands":[],"_links":{"self":[{"href":"https:\/\/h2otek.com\/tienda\/wp-json\/wp\/v2\/product\/19623","targetHints":{"allow":["GET"]}}],"collection":[{"href":"https:\/\/h2otek.com\/tienda\/wp-json\/wp\/v2\/product"}],"about":[{"href":"https:\/\/h2otek.com\/tienda\/wp-json\/wp\/v2\/types\/product"}],"replies":[{"embeddable":true,"href":"https:\/\/h2otek.com\/tienda\/wp-json\/wp\/v2\/comments?post=19623"}],"wp:featuredmedia":[{"embeddable":true,"href":"https:\/\/h2otek.com\/tienda\/wp-json\/wp\/v2\/media\/1686"}],"wp:attachment":[{"href":"https:\/\/h2otek.com\/tienda\/wp-json\/wp\/v2\/media?parent=19623"}],"wp:term":[{"taxonomy":"pwb-brand","embeddable":true,"href":"https:\/\/h2otek.com\/tienda\/wp-json\/wp\/v2\/pwb-brand?post=19623"},{"taxonomy":"product_brand","embeddable":true,"href":"https:\/\/h2otek.com\/tienda\/wp-json\/wp\/v2\/product_brand?post=19623"},{"taxonomy":"product_cat","embeddable":true,"href":"https:\/\/h2otek.com\/tienda\/wp-json\/wp\/v2\/product_cat?post=19623"},{"taxonomy":"product_tag","embeddable":true,"href":"https:\/\/h2otek.com\/tienda\/wp-json\/wp\/v2\/product_tag?post=19623"}],"curies":[{"name":"wp","href":"https:\/\/api.w.org\/{rel}","templated":true}]}}