{"id":19621,"date":"2021-07-06T21:23:03","date_gmt":"2021-07-06T21:23:03","guid":{"rendered":"https:\/\/h2otek.com\/tienda\/producto\/nebulizacion-atomizador-movil-para-el-control-de-olores-1-2-hp-220v-50-hz-1-fase-3000-cfm-marca-jaybird-mod-xe-orsm-1500\/"},"modified":"2022-10-17T18:55:57","modified_gmt":"2022-10-17T18:55:57","slug":"nebulizacion-atomizador-movil-para-el-control-de-olores-1-2-hp-220v-50-hz-1-fase-3000-cfm-marca-jaybird-mod-xe-orsm-1500","status":"publish","type":"product","link":"https:\/\/h2otek.com\/tienda\/producto\/nebulizacion-atomizador-movil-para-el-control-de-olores-1-2-hp-220v-50-hz-1-fase-3000-cfm-marca-jaybird-mod-xe-orsm-1500\/","title":{"rendered":"NEBULIZACI\u00d3N-ATOMIZADOR M\u00d3VIL PARA EL CONTROL DE OLORES 1\/2 HP 220V. 50 HZ 1 FASE 3,000 CFM MARCA JAYBIRD MOD. XE-ORSM-1500"},"content":{"rendered":"<p style=\"text-align: center;\" align=\"center\"><img fetchpriority=\"high\" decoding=\"async\" src=\"https:\/\/h2otek.com\/tienda\/img\/cms\/controlhumedad\/jaybird\/moviles\/header-atomizadores-moviles-XE-ORSM-1500.jpg\" alt=\"header-atomizadores-moviles-XE-ORSM\" width=\"700\" height=\"300\" \/><\/p>\n<div style=\"text-align: justify;\">El <strong>ORSM est\u00e1 especialmente dise\u00f1ado para atomizar y dispersar productos de control de olores en entornos industriales<\/strong>. Las unidades son robustas, compactas y potentes. El ORSM es conveniente para el uso de demostraci\u00f3n a corto plazo y se puede conectar a una bomba de medici\u00f3n para un uso a largo plazo. La atomizaci\u00f3n centr\u00edfuga del ORSM produce miles de millones de peque\u00f1as part\u00edculas de soluci\u00f3n qu\u00edmica similares a la niebla. Despu\u00e9s de que el agua se evapora, el residuo qu\u00edmico de la part\u00edcula viaja a trav\u00e9s del aire y neutraliza el olor. Este nebulizador m\u00f3vil cuenta con un cabezal de nebulizaci\u00f3n pivotante de cuatro posiciones y una potente propulsi\u00f3n de flujo de aire. La salida de nebulizaci\u00f3n se calibra de f\u00e1brica con un caudal m\u00e1ximo de 5 GPH, pero puede ser recalibrada por el operador para una variedad de aplicaciones, como la humidificaci\u00f3n.<\/p>\n<ul>\n<li>Atomizaci\u00f3n sin boquillas<\/li>\n<li>Tanque de 18 galones con acceso a tapa grande<\/li>\n<li>Conveniente para al aire libre<\/li>\n<li>Resistente a la corrosi\u00f3n<\/li>\n<li>Llega completamente ensamblado<\/li>\n<\/ul>\n<p>\u00a0<\/p><\/div>\n<table style=\"width: 100%;\" border=\"0\">\n<tbody>\n<tr>\n<td style=\"text-align: justify;\"><img decoding=\"async\" src=\"https:\/\/h2otek.com\/tienda\/img\/cms\/controlhumedad\/jaybird\/moviles\/hrsm_back.jpg\" alt=\"hrsm_back.jpg\" width=\"170\" height=\"227\" \/><\/td>\n<td><strong>Controles y Caracter\u00edsticas est\u00e1ndar:<\/strong><\/p>\n<p style=\"text-align: justify;\">El ORSM tiene conexiones herm\u00e9ticas y una caja de interruptor NEMA 4X de doble tiro. El \u00edndice de flujo m\u00e1ximo del ORSM (v\u00e1lvula de bola completamente abierta) se puede recalibrar a cualquier velocidad entre 2 y 14 GPH.<\/p>\n<ul>\n<li>Indicador de nivel de fluido<\/li>\n<li>V\u00e1lvula de bola de 1\/4 de control de flujo<\/li>\n<li>V\u00e1lvula de calibraci\u00f3n interna<\/li>\n<li>Filtro en l\u00ednea con tapa transparente<\/li>\n<li>Conexi\u00f3n de manguera de jard\u00edn<\/li>\n<li>Cable de alimentaci\u00f3n de 20&#8242;<\/li>\n<\/ul>\n<\/td>\n<\/tr>\n<\/tbody>\n<\/table>\n<h3>\u00a0<\/h3>\n<table style=\"width: 100%;\" border=\"0\">\n<tbody>\n<tr>\n<td style=\"text-align: center;\"><img decoding=\"async\" src=\"https:\/\/h2otek.com\/tienda\/img\/cms\/controlhumedad\/jaybird\/moviles\/xe_motor.jpg\" alt=\"\" width=\"130\" height=\"104\" \/><\/td>\n<td>\n<p><strong>Motor\u00a0de lavado y servicio<\/strong><\/p>\n<p>Motor Baldor\u00ae Wash-Down-Duty\u2122 de grado industrial<\/p>\n<ul>\n<li>Grado industrial para uso de agua a presi\u00f3n<\/li>\n<li>Acabado en epoxi de capa pulverizada, eje de acero inoxidable<\/li>\n<\/ul>\n<\/td>\n<\/tr>\n<tr>\n<td style=\"text-align: center;\"><img loading=\"lazy\" decoding=\"async\" src=\"https:\/\/h2otek.com\/tienda\/img\/cms\/controlhumedad\/jaybird\/moviles\/inlet_connection.jpg\" alt=\"\" width=\"135\" height=\"180\" \/><\/td>\n<td style=\"text-align: justify;\">\n<p><strong>Entrada de bomba dosificadora<\/strong><\/p>\n<p>El CRSM tambi\u00e9n se puede conectar a una bomba dosificadora. En esta ubicaci\u00f3n de entrada, un concentrado l\u00edquido se mezcla con agua fresca en su camino hacia el cabezal de nebulizaci\u00f3n para la atomizaci\u00f3n.<\/p>\n<ul>\n<li>Conexi\u00f3n de entrada 3\/8&#8243; O.D.<\/li>\n<li>Enchufe NPT de 1\/4&#8243;<\/li>\n<\/ul>\n<\/td>\n<\/tr>\n<\/tbody>\n<\/table>\n<h3>\u00a0<\/h3>\n<p>\u00a0<\/p>\n<p style=\"text-align: center;\"><strong>TABLA DE ESPECIFICACIONES Y DIMENSIONES:<\/strong><\/p>\n<table border=\"0\">\n<tbody>\n<tr>\n<td rowspan=\"13\"><img loading=\"lazy\" decoding=\"async\" src=\"https:\/\/h2otek.com\/tienda\/img\/cms\/controlhumedad\/jaybird\/moviles\/crsm_spec.png\" alt=\"crsm_spec.png\" width=\"300\" height=\"498\" \/> \u00a0<\/td>\n<td>Dimensiones:<\/td>\n<td>Largo 25.5 pulg. \/ 65 cm Ancho\u00a021 pulg. \/ 53 cm Altura\u00a044 pulg. \/\u00a0112 cm<\/td>\n<\/tr>\n<tr>\n<td>Peso aproximado:<\/td>\n<td>80 lbs \/ 36.3 kg<\/td>\n<\/tr>\n<tr>\n<td>Peso aproximado del env\u00edo:<\/td>\n<td>127 lbs \/ 57.6 kg<\/td>\n<\/tr>\n<tr>\n<td>Dimensiones de env\u00edo:<\/td>\n<td>46\u201dx 24\u201dx 32\u201d (LxWxH)<\/td>\n<\/tr>\n<tr>\n<td>\u00c1ngulo de giro del cabezal de empa\u00f1ado:<\/td>\n<td>0\u00b0, 15\u00b0, 30\u00b0, 45\u00b0<\/td>\n<\/tr>\n<tr>\n<td>Motor el\u00e9ctrico:<\/td>\n<td>1\/2 hp \/ 7.8 amps @ 115V<\/td>\n<\/tr>\n<tr>\n<td>Ruido a 10 pies:<\/td>\n<td>73 dB(A)<\/td>\n<\/tr>\n<tr>\n<td>Tama\u00f1o medio de part\u00edcula:<\/td>\n<td>5-10 micrones<\/td>\n<\/tr>\n<tr>\n<td>Rango de salida:<\/td>\n<td>1 &#8211;\u00a014 GPH<\/td>\n<\/tr>\n<tr>\n<td>Capacidad del tanque:<\/td>\n<td>18 US gal \/ 68 L<\/td>\n<\/tr>\n<tr>\n<td>CFM<\/td>\n<td>3,000<\/td>\n<\/tr>\n<tr>\n<td>Acero inoxidable 304:<\/td>\n<td>Todo el hardware, chapa de acero y productos de alambre<\/td>\n<\/tr>\n<tr>\n<td>Entorno:<\/td>\n<td>Soporta temperaturas desde 33\u00b0\u00a0a 160\u00b0 F Interior\/Exterior Humedad hasta\u00a0100% RH Estabilizado a UV y resistente a los impactos<\/td>\n<\/tr>\n<\/tbody>\n<\/table>\n<div style=\"text-align: center;\">\u00a0 \u00a0<\/div>\n<div style=\"text-align: center;\">\n<p>\u00a0<\/p>\n<p style=\"text-align: left;\"><strong>DESCARGAR MANUALES:<\/strong><\/p>\n<\/div>\n<ul>\n<li><strong><a href=\"https:\/\/h2otek.com\/tienda\/pdf\/controlhumedad\/MANUAL%20ATOMIZADOR%20MOVIL%20PARA%20CONTROL%20DE%20OLORES%20JAYIRD%20ORSM.pdf\" target=\"_blank\" rel=\"noopener\">MANUAL DE INSTALACI\u00d3N<\/a><\/strong><\/li>\n<\/ul>\n<p>\u00a0 \u00a0<\/p>\n","protected":false},"excerpt":{"rendered":"<p><span style=\"color: #ff0000;\"><strong>PRECIO EN D\u00d3LARES US.<\/strong><\/span><\/p>\n<p><span style=\"color: #ff0000;\"><strong>ATOMIZADOR M\u00d3VIL PARA EL CONTROL DE OLORES 220V 50HZ 1 FASE<\/strong><\/span><\/p>\n<p><strong><em>APLICACIONES M\u00c1S COMUNES:<\/em><\/strong><\/p>\n<ul>\n<li><strong><em>INVERNADEROS<\/em><\/strong><\/li>\n<li><strong><em>PROCESOS INDUSTRIALES<\/em><\/strong><\/li>\n<li><strong><em>ALMACENES<\/em><\/strong><\/li>\n<li><strong><em>CAPTACION DE POLVO<\/em><\/strong><\/li>\n<li><strong><em>CUARTOS DE PRUEBA<\/em><\/strong><\/li>\n<li><strong><em>CUARTOS DE MADURACION<\/em><\/strong><\/li>\n<li><strong><em>CAMARAS<\/em><\/strong><\/li>\n<li><strong><em>CAMARAS FRIGORIFICAS<\/em><\/strong><\/li>\n<li><strong><em>USO EN EXTERIORES<\/em><\/strong><\/li>\n<li><strong><em>USO PARA REFRESCAR EL AMBIENTE<\/em><\/strong><\/li>\n<li><strong><em>CUARTO LIMPIOS<\/em><\/strong><\/li>\n<li><strong><em>LABORATORIOS<\/em><\/strong><\/li>\n<li><strong><em>ETC.<\/em><\/strong><\/li>\n<\/ul>\n","protected":false},"featured_media":7218,"comment_status":"closed","ping_status":"closed","template":"","meta":[],"pwb-brand":[],"product_brand":[],"product_cat":[546,959],"product_tag":[],"class_list":{"0":"post-19621","1":"product","2":"type-product","3":"status-publish","4":"has-post-thumbnail","6":"product_cat-voltaje-extranjero-humidificadores-nebulizadores","7":"product_cat-voltaje-extranjero-humidificadores-nebulizadores-unidades-orsm-humidificadores-nebulizadores-linea-orsm","9":"first","10":"onbackorder","11":"purchasable","12":"product-type-simple"},"brands":[],"_links":{"self":[{"href":"https:\/\/h2otek.com\/tienda\/wp-json\/wp\/v2\/product\/19621","targetHints":{"allow":["GET"]}}],"collection":[{"href":"https:\/\/h2otek.com\/tienda\/wp-json\/wp\/v2\/product"}],"about":[{"href":"https:\/\/h2otek.com\/tienda\/wp-json\/wp\/v2\/types\/product"}],"replies":[{"embeddable":true,"href":"https:\/\/h2otek.com\/tienda\/wp-json\/wp\/v2\/comments?post=19621"}],"wp:featuredmedia":[{"embeddable":true,"href":"https:\/\/h2otek.com\/tienda\/wp-json\/wp\/v2\/media\/7218"}],"wp:attachment":[{"href":"https:\/\/h2otek.com\/tienda\/wp-json\/wp\/v2\/media?parent=19621"}],"wp:term":[{"taxonomy":"pwb-brand","embeddable":true,"href":"https:\/\/h2otek.com\/tienda\/wp-json\/wp\/v2\/pwb-brand?post=19621"},{"taxonomy":"product_brand","embeddable":true,"href":"https:\/\/h2otek.com\/tienda\/wp-json\/wp\/v2\/product_brand?post=19621"},{"taxonomy":"product_cat","embeddable":true,"href":"https:\/\/h2otek.com\/tienda\/wp-json\/wp\/v2\/product_cat?post=19621"},{"taxonomy":"product_tag","embeddable":true,"href":"https:\/\/h2otek.com\/tienda\/wp-json\/wp\/v2\/product_tag?post=19621"}],"curies":[{"name":"wp","href":"https:\/\/api.w.org\/{rel}","templated":true}]}}