{"id":19591,"date":"2021-07-06T21:22:58","date_gmt":"2021-07-06T21:22:58","guid":{"rendered":"https:\/\/h2otek.com\/tienda\/producto\/deshumidificador-cap-15500-btu-hr-220v-marca-ebac-mod-cd200\/"},"modified":"2026-01-24T18:06:40","modified_gmt":"2026-01-24T18:06:40","slug":"deshumidificador-cap-15500-btu-hr-220v-marca-ebac-mod-cd200","status":"publish","type":"product","link":"https:\/\/h2otek.com\/tienda\/producto\/deshumidificador-cap-15500-btu-hr-220v-marca-ebac-mod-cd200\/","title":{"rendered":"DESHUMIDIFICADOR CAP. 15,500 BTU\/HR 220V. MARCA EBAC MOD. CD200"},"content":{"rendered":"<p style=\"text-align: center;\"><img decoding=\"async\" src=\"https:\/\/www.h2otek.com\/tienda\/Images\/deshumidificadores\/deshumidificador-ebac-cd-200.jpg\" alt=\"\" border=\"0\" \/><\/p>\n<p style=\"text-align: justify;\"><strong>APLICACI\u00d3N<\/strong><\/p>\n<p style=\"text-align: justify;\">El deshumidificador \u00a0CD200 se ha introducido para atender las demandas \u00a0de \u00e1reas de mediano tama\u00f1o sin necesidad de utilizar varias unidades. \u00a0La unidad de CD200 puede ser utilizado individualmente o en varias unidades para brindar protecci\u00f3n en cualquier escala. Las aplicaciones de conductos son posibles cuando son especificados en el modelo.<\/p>\n<p style=\"text-align: justify;\"><strong>CARACTER\u00cdSTICAS PRINCIPALES DEL DISE\u00d1O<\/strong><\/p>\n<p style=\"text-align: justify;\">Higrostato de control ajustable para mantener el nivel de sequedad, instalaci\u00f3n humidistato remoto, la bomba de condensaci\u00f3n integrado con una capacidad de altura de alta bombeo, &#8220;ciclo inverso&#8221; funci\u00f3n descongelaci\u00f3n temperatura \u00fanica de EIP sensibles que se funde de forma autom\u00e1tica de distancia acumulaci\u00f3n de escarcha que proporciona un funcionamiento eficaz a bajas temperaturas, ventilador silencioso de 2 velocidades, aut\u00f3nomo para una instalaci\u00f3n r\u00e1pida y f\u00e1cil, sin los conductos necesarios, puede ser canalizado si se desea, los pies ajustables para facilitar la instalaci\u00f3n, bobinas totalmente cerradas en una caja de acero de gran espesor con recubrimiento ep\u00f3xico.<\/p>\n<p style=\"text-align: justify;\"><strong>RENDIMIENTO COMPROBADO<\/strong><\/p>\n<p style=\"text-align: justify;\">El CD200 incluye temperatura \u00fanica EIPL es sensible, con descongelamiento autom\u00e1tico. Este m\u00e9todo probado de descongelaci\u00f3n permite a la unidad para su buen funcionamiento en todas las temperaturas hasta 33\u00b0 F, mientras se mantiene un rendimiento \u00f3ptimo a temperaturas m\u00e1s altas. La velocidad centr\u00edfuga con doble ventilador al m\u00e1ximo. En las m\u00e1ximas las condiciones de CD200 se condensar\u00e1 y remover hasta 190ppd.<\/p>\n<p style=\"text-align: justify;\"><strong>EL PROBLEMA<\/strong><\/p>\n<p style=\"text-align: justify;\">El exceso de humedad en su espacio del arrastre, almac\u00e9n, oficina, f\u00e1brica o taller dan como resultado la corrosi\u00f3n, el moho y la podredumbre. Enormes costos son incurridos cada a\u00f1o a trav\u00e9s del da\u00f1o a trav\u00e9s de inventarios e inflados la construcci\u00f3n de los costos de mantenimiento como consecuencia de la humedad. Incluso si su edificio parece seco durante el d\u00eda, pero de noche, cuando la temperatura cae la humedad se eleva y comienza el proceso de condensaci\u00f3n. La El tama\u00f1o compacto f\u00edsico y de alto rendimiento, hace que el CD200 la opci\u00f3n ideal. El deshumidificador Deshumidificadores EIPL son soluciones eficaces a problemas de control ambiental. La gama de unidades de CD200 deshumidificadores son de alta capacidad, hecho para funcionar a una alta eficiencia mediante la eliminaci\u00f3n de la humedad de la aire a trav\u00e9s del proceso de refrigeraci\u00f3n.<\/p>\n<p style=\"text-align: left;\"><strong>APLICACIONES:<\/strong><\/p>\n<ul style=\"text-align: left;\">\n<li>Almac\u00e9n<\/li>\n<li>S\u00f3tanos<\/li>\n<li>F\u00e1bricas<\/li>\n<li>Pabellones deportivos<\/li>\n<li>\u00c1reas de almacenamiento<\/li>\n<li>Laboratorios<\/li>\n<li>Plataformas petrol\u00edferas<\/li>\n<li>Agricultura<\/li>\n<li>Estaciones de Bombeo<\/li>\n<li>Estadios<\/li>\n<li>Barcos \/ barcazas<\/li>\n<\/ul>\n<p style=\"text-align: left;\"><strong>CARACTER\u00cdSTICAS:<\/strong><\/p>\n<ul>\n<li>Higrostato<\/li>\n<li>Control ajustable para mantener el nivel de sequedad<\/li>\n<li>Bomba de condensado integral, con una altura de bombeo de alta capacidad<\/li>\n<li>Temperatura \u00fanica<\/li>\n<li>Derrite la acumulaci\u00f3n de escarcha proporcionando buen funcionamiento a bajas temperaturas<\/li>\n<li>Ventilador de 2 velocidades<\/li>\n<li>Aut\u00f3nomo para una instalaci\u00f3n r\u00e1pida y f\u00e1cil<\/li>\n<li>Puede ser canalizado si se desea<\/li>\n<li>Pies ajustables para facilitar una f\u00e1cil instalaci\u00f3n<\/li>\n<li>Bobinas totalmente cubiertas de un revestimiento ep\u00f3xico de grueso calibre en acero<\/li>\n<li>1 a\u00f1o de garant\u00eda sobre cualquier defecto de fabricaci\u00f3n<\/li>\n<\/ul>\n<p style=\"text-align: left;\"><strong>ESPECIFICACIONES:<\/strong><\/p>\n<ul style=\"text-align: left;\">\n<li>Encendido\/Apagado<\/li>\n<li>Control de descongelamiento<\/li>\n<li>Tipo de compresor rotativo<\/li>\n<li>Enchufe instalado<\/li>\n<li>Montaje en pared<\/li>\n<li>Pies de goma<\/li>\n<li>Polvo epoxy<\/li>\n<\/ul>\n<p style=\"text-align: center;\"><strong><span style=\"color: #000000;\">TABLA DE ESPECIFICACIONES:<\/span><\/strong><\/p>\n<p style=\"text-align: center;\"><img decoding=\"async\" src=\"https:\/\/www.h2otek.com\/tienda\/Images\/deshumidificadores\/especificaciones-ebac-cd-200.gif\" alt=\"\" border=\"0\" \/><\/p>\n<p>&nbsp;<\/p>\n<div class=\"WordSection1\" style=\"text-align: left;\">\n<p class=\"MsoNormal\" style=\"text-align: justify;\">El ventilador aspira el aire h\u00famedo a trav\u00e9s del evaporador fr\u00edo, que enfr\u00eda el aire por debajo de su punto de roc\u00edo. Se acumula humedad en el evaporador y se recoge en el bandeja de condensados, que est\u00e1 equipado con una bomba interna de condensaci\u00f3n para una f\u00e1cil extracci\u00f3n de la humedad. El aire fr\u00edo pasa por el serpent\u00edn del condensador caliente donde se recalienta con la misma energ\u00eda que elimina durante la fase de enfriamiento, adem\u00e1s del calor adicional generado por el compresor. El aire es, por lo tanto, dado de alta del deshumidificador en un nivel ligeramente m\u00e1s alto la temperatura con una humedad absoluta m\u00e1s baja que la que entr\u00f3. Contin\u00faa la\u00a0 circulaci\u00f3n de aire a trav\u00e9s del deshumidificador reduce gradualmente la relaci\u00f3n humedad dentro de la zona. Debido a que la gama de CD de las unidades est\u00e1n equipadas cuentan con higrostato, que se encienden y se apaga para ahorrar energ\u00eda y dinero por mantener el nivel deseado de humedad con funcionamiento intermitente. El mando a distancia cuenta con higrostato de la CD200 hace que la unidad del ideal opci\u00f3n para que la teledetecci\u00f3n y el control es necesario Bridas de montaje opcional del conducto, se reduce el tiempo de instalaci\u00f3n cuando se conecta a un sistema existente nuevo conducto.<\/p>\n<\/div>\n<p>&nbsp;<\/p>\n<p style=\"text-align: center;\"><strong>FUNCIONAMIENTO:<\/strong><\/p>\n<p style=\"text-align: center;\"><img fetchpriority=\"high\" decoding=\"async\" src=\"https:\/\/www.h2otek.com\/tienda\/Images\/deshumidificadores\/funcionamientodc30.jpg\" alt=\"\" width=\"312\" height=\"287\" border=\"0\" \/><\/p>\n<ol>\n<li>El aire es extra\u00eddo en la unidad por un ventilador<\/li>\n<li>El aire pasa sobre una superficie fr\u00eda<\/li>\n<li>A medida que el aire se enfr\u00eda, se condensa la humedad<\/li>\n<li>El agua cae en el recipiente<\/li>\n<li>El aire es de nuevo calentado por\u00a0 la recuperaci\u00f3n del sistema<\/li>\n<li>El aire pasa a la habitaci\u00f3n de 2\u00b0 C mucho m\u00e1s c\u00e1lido y seco<\/li>\n<li>Descongelamiento: el sistema autom\u00e1ticamente descongela la unidad si es necesario<\/li>\n<li>Unidad: se apaga autom\u00e1ticamente cuando el contenedor est\u00e1 lleno<\/li>\n<li>Cuando la unidad alcanza determinado nivel de sequedad se apaga autom\u00e1ticamente<\/li>\n<\/ol>\n<p>&nbsp;<\/p>\n<p style=\"text-align: justify;\"><strong><span style=\"color: #0000ff;\">DESCARGAR MANUALES:<\/span><\/strong><\/p>\n<ul>\n<li><a href=\"http:\/\/www.h2otek.com\/tienda\/pdf\/controlhumedad\/FOLLETO_DESHUMIDIFICADOR_LINEA_EBAC_MOD_CD200.pdf\" target=\"_blank\" rel=\"noopener\"><strong>FOLLETO<\/strong><\/a><\/li>\n<li><a href=\"http:\/\/www.h2otek.com\/tienda\/pdf\/controlhumedad\/MANUAL_DEL_USUARIO_DESHUMIDIFICADOR_LINEA_EBAC_MOD_CD200.pdf\" target=\"_blank\" rel=\"noopener\"><strong>MANUAL DEL USUARIO<\/strong><\/a><\/li>\n<li><a href=\"http:\/\/www.h2otek.com\/tienda\/pdf\/controlhumedad\/DIAGRAMA_DE_CABLEADO_DESHUMIDIFICADOR_LINEA_EBAC_MOD_CD200.pdf\" target=\"_blank\" rel=\"noopener\"><strong>DIAGRAMA DE CABLEADO\u00a0<\/strong><\/a><\/li>\n<li><a href=\"http:\/\/www.h2otek.com\/tienda\/pdf\/controlhumedad\/ESQUEMA_DE_CABLEADO_DESHUMIDIFICADOR_LINEA_EBAC_MOD_CD200.pdf\" target=\"_blank\" rel=\"noopener\"><strong>ESQUEMA DE CABLEADO\u00a0<\/strong><\/a><\/li>\n<li><strong><a href=\"http:\/\/www.h2otek.com\/tienda\/pdf\/controlhumedad\/LISTA_DE_PARTES_DESHUMIDIFICADOR_LINEA_EBAC_MOD_CD200.pdf\" target=\"_blank\" rel=\"noopener\">LISTA DE PARTES<\/a><\/strong><\/li>\n<\/ul>\n<p style=\"text-align: justify;\"><span style=\"text-align: left;\">\u00a0<\/span><\/p>\n<p>&nbsp;<\/p>\n<p><span style=\"color: #000000;\"><strong>PRECIOS INCLUYE GASTOS DE ENVIO (GRATIS) E IMPUESTO 16% DE IVA<\/strong><\/span><\/p>\n","protected":false},"excerpt":{"rendered":"<p><span style=\"color: #ff0000;\"><strong>PRECIO EN D\u00d3LARES US.<\/strong><\/span><\/p>\n<p style=\"text-align: left;\"><span style=\"color: #000000;\"><em><span style=\"font-size: small;\"><strong>IDEALES PARA LOS ESPACIOS DE:<\/strong><\/span><\/em><\/span><\/p>\n<ul>\n<li style=\"text-align: left;\"><span style=\"color: #000000;\"><em><span style=\"font-size: small;\"><strong> ALMACEN<\/strong><\/span><\/em><\/span><\/li>\n<li style=\"text-align: left;\"><span style=\"color: #000000;\"><em><span style=\"font-size: small;\"><strong>S\u00d3TANOS<\/strong><\/span><\/em><\/span><\/li>\n<li style=\"text-align: left;\"><span style=\"color: #000000;\"><em><span style=\"font-size: small;\"><strong>F\u00c1BRICAS<\/strong><\/span><\/em><\/span><\/li>\n<li style=\"text-align: left;\"><span style=\"color: #000000;\"><em><span style=\"font-size: small;\"><strong>RESTAURACI\u00d3N DE DA\u00d1OS<\/strong><\/span><\/em><\/span><\/li>\n<li style=\"text-align: left;\"><span style=\"color: #000000;\"><em><span style=\"font-size: small;\"><strong>PABELLONES DEPORTIV<\/strong><\/span><span style=\"font-size: small;\"><strong>OS<\/strong><\/span><\/em><\/span><\/li>\n<li style=\"text-align: left;\"><span style=\"color: #000000;\"><em><span style=\"font-size: small;\"><strong>\u00c1REAS DE ALMACENAMIENTO<\/strong><\/span><\/em><\/span><\/li>\n<li style=\"text-align: left;\"><span style=\"color: #000000;\"><em><span style=\"font-size: small;\"><strong>LABORATORIOS<\/strong><\/span><\/em><\/span><\/li>\n<li style=\"text-align: left;\"><span style=\"color: #000000;\"><em><span style=\"font-size: small;\"><strong>ETC.<\/strong><\/span><\/em><\/span><\/li>\n<\/ul>\n<p style=\"text-align: left;\">\n","protected":false},"featured_media":29471,"comment_status":"closed","ping_status":"closed","template":"","meta":[],"pwb-brand":[],"product_brand":[],"product_cat":[447,877],"product_tag":[],"class_list":{"0":"post-19591","1":"product","2":"type-product","3":"status-publish","4":"has-post-thumbnail","6":"product_cat-estacionarios","7":"product_cat-estacionarios-220-volts-1-fase-deshumidificadores-por-condensacion-refrigeracion-pintura-electrostatica-fabricacion-deshumidificadores","9":"first","10":"onbackorder","11":"purchasable","12":"product-type-simple"},"brands":[],"_links":{"self":[{"href":"https:\/\/h2otek.com\/tienda\/wp-json\/wp\/v2\/product\/19591","targetHints":{"allow":["GET"]}}],"collection":[{"href":"https:\/\/h2otek.com\/tienda\/wp-json\/wp\/v2\/product"}],"about":[{"href":"https:\/\/h2otek.com\/tienda\/wp-json\/wp\/v2\/types\/product"}],"replies":[{"embeddable":true,"href":"https:\/\/h2otek.com\/tienda\/wp-json\/wp\/v2\/comments?post=19591"}],"wp:featuredmedia":[{"embeddable":true,"href":"https:\/\/h2otek.com\/tienda\/wp-json\/wp\/v2\/media\/29471"}],"wp:attachment":[{"href":"https:\/\/h2otek.com\/tienda\/wp-json\/wp\/v2\/media?parent=19591"}],"wp:term":[{"taxonomy":"pwb-brand","embeddable":true,"href":"https:\/\/h2otek.com\/tienda\/wp-json\/wp\/v2\/pwb-brand?post=19591"},{"taxonomy":"product_brand","embeddable":true,"href":"https:\/\/h2otek.com\/tienda\/wp-json\/wp\/v2\/product_brand?post=19591"},{"taxonomy":"product_cat","embeddable":true,"href":"https:\/\/h2otek.com\/tienda\/wp-json\/wp\/v2\/product_cat?post=19591"},{"taxonomy":"product_tag","embeddable":true,"href":"https:\/\/h2otek.com\/tienda\/wp-json\/wp\/v2\/product_tag?post=19591"}],"curies":[{"name":"wp","href":"https:\/\/api.w.org\/{rel}","templated":true}]}}