{"id":19576,"date":"2021-07-06T21:22:53","date_gmt":"2021-07-06T21:22:53","guid":{"rendered":"https:\/\/h2otek.com\/tienda\/producto\/calentador-de-agua-boiler-para-piscina-alberca-gasto-min-lt-min-51-kilocal-hr-entrada-12600-combustion-por-gravedad-sin-inductor-de-tiro-marca-masstercal-mod-mma-50-ei\/"},"modified":"2025-11-11T17:57:35","modified_gmt":"2025-11-11T17:57:35","slug":"calentador-de-agua-boiler-para-piscina-alberca-gasto-min-lt-min-51-kilocal-hr-entrada-12600-combustion-por-gravedad-sin-inductor-de-tiro-marca-masstercal-mod-mma-50-ei","status":"publish","type":"product","link":"https:\/\/h2otek.com\/tienda\/producto\/calentador-de-agua-boiler-para-piscina-alberca-gasto-min-lt-min-51-kilocal-hr-entrada-12600-combustion-por-gravedad-sin-inductor-de-tiro-marca-masstercal-mod-mma-50-ei\/","title":{"rendered":"CALENTADOR DE AGUA &#8211; BOILER PARA PISCINA-ALBERCA GASTO MIN. LT\/MIN 51 KILOCAL\/HR ENTRADA 12,600 COMBUSTI\u00d3N POR GRAVEDAD SIN INDUCTOR DE TIRO MARCA MASSTERCAL MOD. MMA-50 EI"},"content":{"rendered":"<p align=\"center\"><strong><img fetchpriority=\"high\" decoding=\"async\" src=\"https:\/\/h2otek.com\/tienda\/img\/cms\/aguacaliente\/masstercal\/minimasstercal\/header-calentadores-masstercal-alberca-minimasstercal-MMA-50-EI.jpg\" alt=\"\" width=\"650\" height=\"336\" \/> <\/strong><\/p>\n<p><strong>L\u00ednea de Calentadores MINIMASSTERCAL SIN INDUCTOR DE TIRO.<\/strong><\/p>\n<h3><\/h3>\n<p><strong>CARACTER\u00cdSTICAS GENERALES:<\/strong><\/p>\n<ul>\n<li>Permisibles de Operaci\u00f3n:\u00a0Presi\u00f3n m\u00e1xima: 5.5 kg\/cm<sup>2<\/sup><\/li>\n<li>Cloro: 1.0 ppm a 3 ppm de cloro<\/li>\n<li>PH: 7.4 a 7.6<\/li>\n<li>Corriente el\u00e9ctrica: 120 Volts, 60 Hz<\/li>\n<\/ul>\n<p>La instalaci\u00f3n hidr\u00e1ulica consiste en un circuito cerrado entre el calentador, la piscina, filtro de arena verde y una bomba de agua.<\/p>\n<div><\/div>\n<div><\/div>\n<p style=\"text-align: center;\"><strong>TABLA DE ESPECIFICACIONES Y DIMENSIONES:<\/strong><\/p>\n<p align=\"center\"><img decoding=\"async\" src=\"https:\/\/h2otek.com\/tienda\/img\/cms\/aguacaliente\/masstercal\/minimasstercal\/especificaciones-calentadores-masstercal-alberca-minimasstercal-MMA-50-EI.gif\" alt=\"\" width=\"453\" height=\"292\" \/><\/p>\n<p align=\"center\"><img decoding=\"async\" src=\"https:\/\/h2otek.com\/tienda\/img\/cms\/aguacaliente\/masstercal\/minimasstercal\/dimensiones-calentadores-masstercal-alberca-minimasstercal.jpg\" alt=\"\" width=\"600\" height=\"253\" \/><\/p>\n<p>\u00a0 Nota: Los equipos MMA 50 EI y MMA 100 EI, No incluyen panel de control digital, ni leds de indicadores. * Para instalaci\u00f3n interior solicite cotizar el inductor de tiro. * Tambi\u00e9n disponibles para instalaci\u00f3n exterior \u00a0 <span style=\"color: #4a4a4a;\"><strong> DESCARGAR MANUALES:<\/strong><\/span><\/p>\n<ul>\n<li><a href=\"https:\/\/h2otek.com\/tienda\/img\/cms\/aguacaliente\/masstercal\/minimasstercal\/02%20-%20CALENTADORES%20PARA%20PISCINAS%20(INDUCTOR%20DE%20TIRO%20-%20EXTRACTOR%20-%20EXTRACTOR%202%20ETAPAS).pdf\" target=\"_blank\" rel=\"noopener\"><strong>FICHA T\u00c9CNICA<\/strong><\/a><\/li>\n<\/ul>\n","protected":false},"excerpt":{"rendered":"<p><span style=\"color: #ff0000; font-size: 12pt;\"><strong>PRECIO\u00a0EN\u00a0D\u00d3LARES US.<br \/>\nPRECIO INCLUYE 16 % DE I.V.A.<br \/>\nPRECIO INCLUYE ENVIO (ZONA CENTRO).<\/strong><\/span><\/p>\n<p><em><strong>APLICACIONES M\u00c1S\u00a0 COMUNES:<\/strong><\/em><\/p>\n<ul>\n<li><strong><em>CASAS<\/em><\/strong><\/li>\n<li><strong><em>RESIDENCIAS<\/em><\/strong><\/li>\n<li><strong><em>GIMNASIOS<\/em><\/strong><\/li>\n<li><strong><em>CENTROS DEPORTIVOS<\/em><\/strong><\/li>\n<li><strong><em>CONDOMINIOS<\/em><\/strong><\/li>\n<li><strong><em>HOTELES<\/em><\/strong><\/li>\n<li><strong><em>MOTELES<\/em><\/strong><strong><em>, ETC.<\/em><\/strong><\/li>\n<\/ul>\n","protected":false},"featured_media":3578,"comment_status":"closed","ping_status":"closed","template":"","meta":[],"pwb-brand":[],"product_brand":[],"product_cat":[594],"product_tag":[],"class_list":{"0":"post-19576","1":"product","2":"type-product","3":"status-publish","4":"has-post-thumbnail","6":"product_cat-sin-inductor-de-tiro-linea-minimasstercal","8":"first","9":"onbackorder","10":"purchasable","11":"product-type-simple"},"brands":[],"_links":{"self":[{"href":"https:\/\/h2otek.com\/tienda\/wp-json\/wp\/v2\/product\/19576","targetHints":{"allow":["GET"]}}],"collection":[{"href":"https:\/\/h2otek.com\/tienda\/wp-json\/wp\/v2\/product"}],"about":[{"href":"https:\/\/h2otek.com\/tienda\/wp-json\/wp\/v2\/types\/product"}],"replies":[{"embeddable":true,"href":"https:\/\/h2otek.com\/tienda\/wp-json\/wp\/v2\/comments?post=19576"}],"wp:featuredmedia":[{"embeddable":true,"href":"https:\/\/h2otek.com\/tienda\/wp-json\/wp\/v2\/media\/3578"}],"wp:attachment":[{"href":"https:\/\/h2otek.com\/tienda\/wp-json\/wp\/v2\/media?parent=19576"}],"wp:term":[{"taxonomy":"pwb-brand","embeddable":true,"href":"https:\/\/h2otek.com\/tienda\/wp-json\/wp\/v2\/pwb-brand?post=19576"},{"taxonomy":"product_brand","embeddable":true,"href":"https:\/\/h2otek.com\/tienda\/wp-json\/wp\/v2\/product_brand?post=19576"},{"taxonomy":"product_cat","embeddable":true,"href":"https:\/\/h2otek.com\/tienda\/wp-json\/wp\/v2\/product_cat?post=19576"},{"taxonomy":"product_tag","embeddable":true,"href":"https:\/\/h2otek.com\/tienda\/wp-json\/wp\/v2\/product_tag?post=19576"}],"curies":[{"name":"wp","href":"https:\/\/api.w.org\/{rel}","templated":true}]}}