{"id":19565,"date":"2021-07-06T21:22:47","date_gmt":"2021-07-06T21:22:47","guid":{"rendered":"https:\/\/h2otek.com\/tienda\/producto\/calentador-de-agua-boiler-deposito-electrico-cap-65-litros-127v-1500w-calorex-mod-levittas-65\/"},"modified":"2025-02-22T19:07:03","modified_gmt":"2025-02-22T19:07:03","slug":"calentador-de-agua-boiler-deposito-electrico-cap-65-litros-127v-1500w-calorex-mod-levittas-65","status":"publish","type":"product","link":"https:\/\/h2otek.com\/tienda\/producto\/calentador-de-agua-boiler-deposito-electrico-cap-65-litros-127v-1500w-calorex-mod-levittas-65\/","title":{"rendered":"CALENTADOR DE AGUA &#8211; BOILER DEP\u00d3SITO EL\u00c9CTRICO CAP. 65 LITROS 127V 1500W CALOREX MOD. LEVITTAS 65"},"content":{"rendered":"<p align=\"center\"><img fetchpriority=\"high\" decoding=\"async\" src=\"https:\/\/h2otek.com\/tienda\/img\/cms\/aguacaliente\/calorex\/deposito-electricos\/LEVITTAS\/header-calentadores-depositoelectrico-calorex-levittas-65L.jpg\" alt=\"header-calentadores-depositoelectrico-ca\" width=\"650\" height=\"344\" \/><\/p>\n<p align=\"center\"><img decoding=\"async\" src=\"https:\/\/h2otek.com\/tienda\/img\/cms\/aguacaliente\/calorex\/deposito-electricos\/PRO\/calorex-pro-slogan.jpg\" alt=\"\" width=\"650\" height=\"112\" \/><\/p>\n<p style=\"text-align: center;\">Tecnolog\u00eda inteligente para tu confort. Confort inteligente a tu medida, sorpr\u00e9ndete de lo bien que conocer\u00e1 tu ducha ideal.<\/p>\n<p>&nbsp;<\/p>\n<p align=\"center\">\n<p style=\"text-align: center;\" align=\"center\">\u00a0<strong>TABLA DE ESPECIFICACIONES<\/strong><\/p>\n<p style=\"text-align: center;\"><img decoding=\"async\" src=\"https:\/\/h2otek.com\/tienda\/img\/cms\/aguacaliente\/calorex\/deposito-electricos\/LEVITTAS\/especificaciones-calentadores-depositoelectrico-calorex-levittas-65L.gif\" alt=\"especificaciones-calentadores-depositoel\" width=\"622\" height=\"212\" \/><\/p>\n<p style=\"text-align: center;\" align=\"center\">\n<p style=\"text-align: center;\">CONOZCA SU CALENTADOR<\/p>\n<p style=\"text-align: center;\" align=\"center\"><a href=\"https:\/\/h2otek.com\/tienda\/img\/cms\/aguacaliente\/calorex\/deposito-electricos\/LEVITTAS\/partes-calorex-levittas.jpg\" target=\"_blank\" rel=\"noopener\"><img loading=\"lazy\" decoding=\"async\" src=\"https:\/\/h2otek.com\/tienda\/img\/cms\/aguacaliente\/calorex\/deposito-electricos\/LEVITTAS\/partes-calorex-levittas.jpg\" alt=\"\" width=\"650\" height=\"366\" \/><\/a><\/p>\n<p style=\"text-align: center;\"><em>Clic para ampliar la imagen<\/em><\/p>\n<p style=\"text-align: center;\"><strong>DIMENSIONES<\/strong><\/p>\n<p style=\"text-align: center;\"><img loading=\"lazy\" decoding=\"async\" src=\"https:\/\/h2otek.com\/tienda\/img\/cms\/aguacaliente\/calorex\/deposito-electricos\/LEVITTAS\/dimensiones-calentadores-depositoelectrico-calorex-levittas-65L.jpg\" alt=\"dimensiones-calentadores-depositoelectri\" width=\"650\" height=\"653\" \/><\/p>\n<p>&nbsp;<\/p>\n<p>&nbsp;<\/p>\n<p style=\"text-align: center;\"><img loading=\"lazy\" decoding=\"async\" class=\"aligncenter\" src=\"https:\/\/h2otek.com\/tienda\/img\/cms\/aguacaliente\/calorex\/deposito-electricos\/PRO\/calorex-pro-garantia.jpg\" alt=\"\" width=\"300\" height=\"133\" \/><\/p>\n<p>&nbsp;<\/p>\n<p>* V\u00e1lido en la Rep\u00fablica Mexicana. 1 a\u00f1o para otros pa\u00edses. 1 a\u00f1o en partes el\u00e9ctricas y electr\u00f3nicas.* Un servicio equivale a una regadera de 5 L\/min, medio servicio equivale a un lavabo de 3 L\/min. Sujeto a la capacidad del equipo y al flujo de agua de cada servicios.<\/p>\n<p>&nbsp;<\/p>\n<p>&nbsp;<\/p>\n<p><span style=\"color: #4a4a4a;\"><strong>DESCARGAR MANUALES:<\/strong><\/span><\/p>\n<ul>\n<li><strong><a href=\"https:\/\/h2otek.com\/tienda\/img\/cms\/aguacaliente\/calorex\/deposito-electricos\/LEVITTAS\/MANUAL%20DEL%20USUARIO%20CALENTADORES%20DEPOSITO%20ELECTRICOS%20CALOREX%20LEVITTAS.pdf\" target=\"_blank\" rel=\"noopener\">MANUAL DEL USUARIO<\/a><br \/>\n<\/strong><\/li>\n<\/ul>\n","protected":false},"excerpt":{"rendered":"<p><span style=\"color: #ff0000; font-size: 12pt;\"><strong>PRECIO\u00a0EN PESOS MEXICANOS.<br \/>\nPRECIO INCLUYE 16 % DE I.V.A.<br \/>\nPRECIO INCLUYE ENVIO (ZONA CENTRO).<\/strong><\/span><\/p>\n<h5 style=\"text-align: left;\"><span style=\"color: #ac0000;\"><br \/>\nServicios Simult\u00e1neos:<br \/>\n1 1\/2 SERVICIO<\/span><\/h5>\n<h5 style=\"text-align: left;\"><span style=\"color: #ac0000;\"><img loading=\"lazy\" decoding=\"async\" src=\"https:\/\/h2otek.com\/tienda\/img\/cms\/aguacaliente\/calorex\/depaso\/icS-regaderaCX.png\" alt=\"\" width=\"52\" height=\"50\" \/><span style=\"color: #000000;\">\u00a0 1 Servicio = 1 regadera de 5 L\/min<\/span><\/span><\/h5>\n<h5><span style=\"color: #ac0000;\"><span style=\"color: #000000;\"><img loading=\"lazy\" decoding=\"async\" src=\"https:\/\/h2otek.com\/tienda\/img\/cms\/aguacaliente\/calorex\/depaso\/icS-lavamanosCX.png\" alt=\"\" width=\"52\" height=\"50\" \/>\u00a0 \u00bd Servicio = 1 lavabo de 3 L\/min<\/span><\/span><\/h5>\n<p>&nbsp;<\/p>\n<p><em><strong>APLICACIONES M\u00c1S\u00a0 COMUNES:<\/strong><\/em><\/p>\n<ul>\n<li><strong><em>CASAS<\/em><\/strong><\/li>\n<li><strong><em>RESIDENCIAS<\/em><\/strong><\/li>\n<li><strong><em>DEPARTAMENTOS<\/em><\/strong><\/li>\n<li><strong><em>CONDOMINIOS, ETC.<\/em><\/strong><\/li>\n<\/ul>\n","protected":false},"featured_media":4452,"comment_status":"closed","ping_status":"closed","template":"","meta":[],"pwb-brand":[],"product_brand":[],"product_cat":[391],"product_tag":[],"class_list":{"0":"post-19565","1":"product","2":"type-product","3":"status-publish","4":"has-post-thumbnail","6":"product_cat-voltaje-120-v-boilers-calentadores-de-agua","8":"first","9":"onbackorder","10":"purchasable","11":"product-type-simple"},"brands":[],"_links":{"self":[{"href":"https:\/\/h2otek.com\/tienda\/wp-json\/wp\/v2\/product\/19565","targetHints":{"allow":["GET"]}}],"collection":[{"href":"https:\/\/h2otek.com\/tienda\/wp-json\/wp\/v2\/product"}],"about":[{"href":"https:\/\/h2otek.com\/tienda\/wp-json\/wp\/v2\/types\/product"}],"replies":[{"embeddable":true,"href":"https:\/\/h2otek.com\/tienda\/wp-json\/wp\/v2\/comments?post=19565"}],"wp:featuredmedia":[{"embeddable":true,"href":"https:\/\/h2otek.com\/tienda\/wp-json\/wp\/v2\/media\/4452"}],"wp:attachment":[{"href":"https:\/\/h2otek.com\/tienda\/wp-json\/wp\/v2\/media?parent=19565"}],"wp:term":[{"taxonomy":"pwb-brand","embeddable":true,"href":"https:\/\/h2otek.com\/tienda\/wp-json\/wp\/v2\/pwb-brand?post=19565"},{"taxonomy":"product_brand","embeddable":true,"href":"https:\/\/h2otek.com\/tienda\/wp-json\/wp\/v2\/product_brand?post=19565"},{"taxonomy":"product_cat","embeddable":true,"href":"https:\/\/h2otek.com\/tienda\/wp-json\/wp\/v2\/product_cat?post=19565"},{"taxonomy":"product_tag","embeddable":true,"href":"https:\/\/h2otek.com\/tienda\/wp-json\/wp\/v2\/product_tag?post=19565"}],"curies":[{"name":"wp","href":"https:\/\/api.w.org\/{rel}","templated":true}]}}