{"id":19552,"date":"2021-07-06T21:22:47","date_gmt":"2021-07-06T21:22:47","guid":{"rendered":"https:\/\/h2otek.com\/tienda\/producto\/generador-de-vapor-para-bano-84-lb-hr-36-kw-230v-3-fases-linea-gvetc-acero-inoxidable-marca-h2otek\/"},"modified":"2024-03-07T16:54:30","modified_gmt":"2024-03-07T16:54:30","slug":"generador-de-vapor-para-bano-84-lb-hr-36-kw-230v-3-fases-linea-gvetc-acero-inoxidable-marca-h2otek","status":"publish","type":"product","link":"https:\/\/h2otek.com\/tienda\/producto\/generador-de-vapor-para-bano-84-lb-hr-36-kw-230v-3-fases-linea-gvetc-acero-inoxidable-marca-h2otek\/","title":{"rendered":"GENERADOR DE VAPOR PARA BA\u00d1O 84 LB\/HR 36 KW 230V. 3 FASES LINEA GVETC ACERO INOXIDABLE MARCA H2OTEK MOD. GVETC24-36-32T02\/84"},"content":{"rendered":"<p align=\"center\"><img fetchpriority=\"high\" decoding=\"async\" class=\"aligncenter size-full wp-image-23250\" src=\"https:\/\/h2otek.com\/tienda\/wp-content\/uploads\/2021\/07\/header-generador-de-vapor-h2otek-GVETC24-36-32.jpg\" alt=\"\" width=\"650\" height=\"300\" srcset=\"https:\/\/h2otek.com\/tienda\/wp-content\/uploads\/2021\/07\/header-generador-de-vapor-h2otek-GVETC24-36-32.jpg 650w, https:\/\/h2otek.com\/tienda\/wp-content\/uploads\/2021\/07\/header-generador-de-vapor-h2otek-GVETC24-36-32-300x138.jpg 300w, https:\/\/h2otek.com\/tienda\/wp-content\/uploads\/2021\/07\/header-generador-de-vapor-h2otek-GVETC24-36-32-600x277.jpg 600w\" sizes=\"(max-width: 650px) 100vw, 650px\" \/><\/p>\n<p align=\"center\">\u00a0<\/p>\n<p align=\"center\">\u00a0<\/p>\n<p align=\"center\"><img decoding=\"async\" src=\"https:\/\/h2otek.com\/tienda\/img\/cms\/GENVAPOR\/nota-generadores-vapor-H2OTEK.jpg\" alt=\"\" width=\"650\" height=\"200\" \/><\/p>\n<p align=\"center\">\u00a0<\/p>\n<p align=\"center\">\u00a0<\/p>\n<p style=\"text-align: justify;\"><strong>BENEFICIOS:<\/strong><\/p>\n<p style=\"text-align: justify;\">Al contar con una unidad generadora de vapor H2OTEK ayuda a llevar una vida m\u00e1s saludable y placentera, ya que el ba\u00f1o de vapor tiene m\u00faltiples beneficios para la salud, mencionamos algunos:<\/p>\n<ul>\n<li>\n<div style=\"text-align: justify;\">Ayuda a la eliminaci\u00f3n de exceso de agua o l\u00edquidos en el cuerpo<\/div>\n<\/li>\n<li>\n<div style=\"text-align: justify;\">Reducci\u00f3n de stress<\/div>\n<\/li>\n<li>\n<div style=\"text-align: justify;\">Ayuda a eliminar exceso de grasa<\/div>\n<\/li>\n<li>\n<div style=\"text-align: justify;\">Ayuda a eliminar impurezas en la piel<\/div>\n<\/li>\n<li>\n<div style=\"text-align: justify;\">Hidrata la piel<\/div>\n<\/li>\n<li>\n<div style=\"text-align: justify;\">Despeja las v\u00edas respiratorias en casos de resfriados, sinusitis, asma, etc.<\/div>\n<\/li>\n<li>\n<div style=\"text-align: justify;\">Mejor\u00eda con respecto a dolores musculares<\/div>\n<\/li>\n<li><span style=\"text-align: justify;\">Purificaci\u00f3n del cuerpo, elimina toxinas<\/span><\/li>\n<li>Reduce los efectos de la artritis reumatoide<\/li>\n<li>Contribuye a dormir mejor, disminuye el insomnio<\/li>\n<li>Mejora la circulaci\u00f3n sangu\u00ednea<\/li>\n<li>Piel m\u00e1s tersa y sana<\/li>\n<li>Mejora el sistema inmunol\u00f3gico<\/li>\n<\/ul>\n<p>\u00a0<\/p>\n<p style=\"text-align: center;\"><img decoding=\"async\" src=\"https:\/\/h2otek.com\/tienda\/img\/cms\/GENVAPOR\/beneficios-sauna.png\" alt=\"\" width=\"700\" height=\"600\" \/><\/p>\n<p>\u00a0 <strong> CONTRADICCIONES:<\/strong> As\u00ed como tambien el ba\u00f1o de vapor tiene m\u00faltiples beneficios, no se le recomienda usar el ba\u00f1o de vapor a personas en las siguientes condiciones:<\/p>\n<ul>\n<li>Alta o Baja Presi\u00f3n Arterial<\/li>\n<li>Problemas Cardiovasculares<\/li>\n<li>Problemas Circulatorios<\/li>\n<li>Crisis de Ansiedad<\/li>\n<li>Embarazo<\/li>\n<li>Personas de la Tercera Edad<\/li>\n<\/ul>\n<p>En estos casos, es recomendable consultar primero con su m\u00e9dico antes de tomar un ba\u00f1o de vapor, y tomar las medidas adecuadas para no causar alg\u00fan malestar.<\/p>\n<p style=\"text-align: justify;\">\u00a0<strong> <span style=\"font-size: 12pt;\">CARACTER\u00cdSTICAS:<\/span><\/strong><\/p>\n<p>\u00a0<\/p>\n<ul style=\"list-style-type: disc;\">\n<li><span style=\"font-size: 12pt;\">Ideales para uso en Casa, Gimnasios, Clubs deportivos, etc.<\/span><\/li>\n<li><span style=\"font-size: 12pt;\">Dise\u00f1o robusto y para trabajo ligero o pesado<\/span><\/li>\n<li><span style=\"font-size: 12pt;\">Control de nivel autom\u00e1tico<\/span><\/li>\n<li><span style=\"font-size: 12pt;\"><strong>AMPLIA VIDA \u00daTIL: FABRICACI\u00d3N DE TINA Y CUBIERTA TOTALMENTE EN ACERO INOXIDABLE.<\/strong><\/span><\/li>\n<li><span style=\"font-size: 12pt;\">Detector de bajo nivel de agua que corta la energ\u00cda<\/span><\/li>\n<li><span style=\"font-size: 12pt;\">Amplia gama de capacidades<\/span><\/li>\n<li><span style=\"font-size: 12pt;\">Elementos calefactores (resistencias) dise\u00f1ados a baja densidad de potencia, reforzados para aguas duras<\/span><\/li>\n<li><span style=\"font-size: 12pt;\">Fabricaci\u00f3n de tanque de calentamiento reforzado<\/span><\/li>\n<li><span style=\"font-size: 12pt;\">Control de temperatura digital ajustable\u00a0<\/span><\/li>\n<li><span style=\"font-size: 12pt;\">V\u00e1lvula solenoide de entrada de agua robusta<\/span><\/li>\n<li><span style=\"font-size: 12pt;\">Protecci\u00f3n cat\u00f3dica: ayuda a evitar la acumulaci\u00f3n de sarro en las resistencias el\u00e9ctricas<\/span><\/li>\n<li><span style=\"font-size: 12pt;\">V\u00e1lvula de drenado inclu\u00edda, para f\u00e1cil limpieza y\/o mantenimiento<\/span><\/li>\n<li><span style=\"font-size: 12pt;\">Unidades de alta eficiencia<\/span><\/li>\n<li><span style=\"font-size: 12pt;\">Salida de vapor horizontal<\/span><\/li>\n<li><span style=\"font-size: 12pt;\">Unidades totalmente desarmables<\/span><\/li>\n<li><span style=\"font-size: 12pt;\">Protecci\u00f3n de seguridad contra alta presi\u00f3n en el tanque<\/span><\/li>\n<li><span style=\"font-size: 12pt;\">Focos indicadores de \u201cfalta de agua\u201d \u2013 \u201cenergizado de resistencias\u201d<\/span><\/li>\n<li><span style=\"font-size: 12pt;\"><strong>LA M\u00c1S AMPLIA GARANT\u00cdA DEL MERCADO: 10 A\u00d1OS EN TANQUE Y 1 A\u00d1O RESTO DE PARTES.<\/strong> <\/span><\/li>\n<\/ul>\n<p>\u00a0 \u00a0<\/p>\n<p style=\"text-align: center;\"><strong>TABLA DE ESPECIFICACIONES<\/strong><\/p>\n<p style=\"text-align: center;\"><img loading=\"lazy\" decoding=\"async\" src=\"https:\/\/h2otek.com\/tienda\/img\/cms\/GENVAPOR\/especificaciones-generadores-vapor-h2otek-GVETC24-36-32.gif\" alt=\"especificaciones-generadores-vapor-h2ote\" width=\"568\" height=\"515\" \/><\/p>\n<p>\u00a0<\/p>\n<ul>\n<li style=\"text-align: justify;\"><strong><span style=\"color: #d0121a; font-size: 10pt;\">EL AREA DE COBERTURA RECOMENDADA ES EN UN ESPACIO CERRADO, CON PAREDES DE AZULEJO O MADERA.<\/span><\/strong><\/li>\n<li style=\"text-align: justify;\"><strong><span style=\"color: #d0121a; font-size: 10pt;\">PARA ESPACIOS DONDE LAS PAREDES SON DE PIEDRA, COMO POR EJEMPLO EL M\u00c1RMOL, LA CAPACIDAD DEL GENERADOR DEBE DE SER POR LO MENOS UN 50% MAS, DE LO QUE VIENE EN LA TABLA.<\/span><\/strong><\/li>\n<li style=\"text-align: justify;\"><strong><span style=\"color: #d0121a; font-size: 10pt;\">LA INSTALACI\u00d3N DEL GENERADOR DE VAPOR, HABLANDO ESPEC\u00cdFICAMENTE DE LA UBICACI\u00d3N, ES MUY IMPORTANTE. LO \u00d3PTIMO ES QUE EL GENERADOR DE VAPOR ESTE UBICADO, CASI INMEDIATAMENTE PEGADO EN EL CUARTO. MIENTRAS MAS DISTANCIA EXISTE ENTRE EL GENERADOR DE VAPOR Y LA SALIDA DE VAPOR, LA CANTIDAD DE VAPOR ENTREGADO SE REDUCE Y SE CONVIERTE EN AGUA (CONDENSACI\u00d3N).<\/span><\/strong><\/li>\n<li style=\"text-align: justify;\"><strong><span style=\"color: #d0121a; font-size: 10pt;\">EL GENERADOR DE VAPOR DEBE ESTAR INSTALADO A NIVEL.<\/span><\/strong><\/li>\n<li style=\"text-align: justify;\"><strong><span style=\"color: #d0121a; font-size: 10pt;\">EL GENERADOR DE VAPOR DEBE ESTAR INSTALADO Y PROTEGIDO POR UNA PASTILLA T\u00c9RMICA DE LA CAPACIDAD INDICADA (VER TABLA).<\/span><\/strong><\/li>\n<li style=\"text-align: justify;\"><strong><span style=\"color: #d0121a; font-size: 10pt;\">ES RECOMENDABLE DARLE MANTENIMIENTO AL GENERADOR DE VAPOR CADA CIERTO TIEMPO, DEPENDIENDO DE LA CALIDAD DE AGUA SUMINISTRADA AL MISMO. MIENTRAS MENOS CARGA DE SALES O SARRO TENGA EL AGUA, ES MEJOR PARA EL GENERADOR DE VAPOR Y PERIODOS MAS LARGOS PARA SU MANTENIMIENTO. SI EL AGUA ES ALTA EN SALES O DURA, SE DEBE TENER UN PROGRAMA DE MANTENIMIENTO CONSTANTE.<\/span><\/strong><\/li>\n<li style=\"text-align: justify;\"><strong><span style=\"color: #d0121a; font-size: 10pt;\">EL FABRICANTE NO SER\u00c1 RESPONSABLE DE CUALQUIER CAUSA O EFECTO QUE CAUSE EL TENER UN GENERADOR DE VAPOR CON UNA INSTALACI\u00d3N ERRONEA O INCORRECTA, MALA SELECCI\u00d3N, MALOS MANEJOS, NEGLIGENCIA, ETC.<\/span><\/strong><\/li>\n<li style=\"text-align: justify;\"><strong><span style=\"color: #d0121a; font-size: 10pt;\">ES NECESARIO QUE EL GENERADOR DE VAPOR SEA INSTALADO POR PERSONAL CON HABILIDADES T\u00c9CNICAS, EL\u00c9CTRICAS E HIDR\u00c1ULICAS.<\/span><\/strong><\/li>\n<\/ul>\n<p>\u00a0 \u00a0<\/p>\n<p style=\"text-align: center;\"><strong>DIMENSIONES<\/strong><\/p>\n<p style=\"text-align: center;\"><img loading=\"lazy\" decoding=\"async\" src=\"https:\/\/h2otek.com\/tienda\/img\/cms\/GENVAPOR\/dimensiones-generadores-de-vapor-T1-T2.jpg\" alt=\"\" width=\"700\" height=\"393\" \/><\/p>\n<p style=\"text-align: center;\"><img loading=\"lazy\" decoding=\"async\" src=\"https:\/\/h2otek.com\/tienda\/img\/cms\/GENVAPOR\/acotaciones-generadores-de-vapor-T1.jpg\" alt=\"\" width=\"700\" height=\"112\" \/><\/p>\n<p>\u00a0<\/p>\n<p style=\"text-align: center;\"><img loading=\"lazy\" decoding=\"async\" src=\"https:\/\/h2otek.com\/tienda\/img\/cms\/GENVAPOR\/collage-generadores-de-vapor.jpg\" alt=\"\" width=\"652\" height=\"502\" \/><\/p>\n<p>\u00a0<\/p>\n<h3 style=\"text-align: center;\"><strong>INSTALACI\u00d3N T\u00cdPICA<\/strong><\/h3>\n<p style=\"text-align: center;\"><img loading=\"lazy\" decoding=\"async\" src=\"https:\/\/h2otek.com\/tienda\/img\/cms\/GENVAPOR\/instalacion-tipica-generadores-de-vapor-bano.jpg\" alt=\"instalacion-tipica-generadores-de-vapor-\" width=\"634\" height=\"322\" \/><\/p>\n<h3 style=\"text-align: center;\"><img loading=\"lazy\" decoding=\"async\" src=\"https:\/\/h2otek.com\/tienda\/img\/cms\/GENVAPOR\/filtros.jpg\" alt=\"\" width=\"650\" height=\"82\" \/><\/h3>\n<p>\u00a0 \u00a0<\/p>\n<p style=\"text-align: center;\"><strong>COMPONENTES<\/strong><\/p>\n<p style=\"text-align: center;\"><img loading=\"lazy\" decoding=\"async\" class=\"aligncenter size-full wp-image-23232\" src=\"https:\/\/h2otek.com\/tienda\/wp-content\/uploads\/2021\/07\/componentes-genvapor-GVETC-2022.jpg\" alt=\"\" width=\"700\" height=\"525\" srcset=\"https:\/\/h2otek.com\/tienda\/wp-content\/uploads\/2021\/07\/componentes-genvapor-GVETC-2022.jpg 700w, https:\/\/h2otek.com\/tienda\/wp-content\/uploads\/2021\/07\/componentes-genvapor-GVETC-2022-300x225.jpg 300w, https:\/\/h2otek.com\/tienda\/wp-content\/uploads\/2021\/07\/componentes-genvapor-GVETC-2022-600x450.jpg 600w\" sizes=\"(max-width: 700px) 100vw, 700px\" \/><\/p>\n<p>\u00a0 \u00a0<\/p>\n<p style=\"text-align: center;\"><strong><img loading=\"lazy\" decoding=\"async\" class=\"aligncenter size-full wp-image-23233\" src=\"https:\/\/h2otek.com\/tienda\/wp-content\/uploads\/2021\/07\/fotos-genvapor-h2otek-2022.jpg\" alt=\"\" width=\"650\" height=\"1400\" srcset=\"https:\/\/h2otek.com\/tienda\/wp-content\/uploads\/2021\/07\/fotos-genvapor-h2otek-2022.jpg 650w, https:\/\/h2otek.com\/tienda\/wp-content\/uploads\/2021\/07\/fotos-genvapor-h2otek-2022-139x300.jpg 139w, https:\/\/h2otek.com\/tienda\/wp-content\/uploads\/2021\/07\/fotos-genvapor-h2otek-2022-475x1024.jpg 475w, https:\/\/h2otek.com\/tienda\/wp-content\/uploads\/2021\/07\/fotos-genvapor-h2otek-2022-600x1292.jpg 600w\" sizes=\"(max-width: 650px) 100vw, 650px\" \/><\/strong><\/p>\n<p style=\"text-align: center;\">Elementos de calentamiento (resistencia el\u00e9ctrica) tipo tubular sellado de 1&#8243; de di\u00e1metro, dise\u00f1ado de baja densidad de potencia (mayor resistencia a condiciones extremas).<\/p>\n<p style=\"text-align: center;\"><img loading=\"lazy\" decoding=\"async\" src=\"https:\/\/h2otek.com\/tienda\/img\/cms\/GENVAPOR\/resistencia-electrica.jpg\" alt=\"\" width=\"400\" height=\"83\" \/><\/p>\n<p style=\"text-align: center;\">V\u00e1lvulas solenoides para entrada y drenado de agua para mayor durabilidad en el tanque<\/p>\n<p style=\"text-align: center;\"><img loading=\"lazy\" decoding=\"async\" src=\"https:\/\/h2otek.com\/tienda\/img\/cms\/GENVAPOR\/valvula-solenoide.jpg\" alt=\"\" width=\"500\" height=\"184\" \/><\/p>\n<p style=\"text-align: center;\">Sensor de nivel de varillas de larga duraci\u00f3n<\/p>\n<p style=\"text-align: center;\"><img loading=\"lazy\" decoding=\"async\" src=\"https:\/\/h2otek.com\/tienda\/img\/cms\/GENVAPOR\/sensor-nivel.jpg\" alt=\"\" width=\"500\" height=\"163\" \/><\/p>\n<p style=\"text-align: center;\">Barra cat\u00f3dica para prevenir la acumulaci\u00f3n de sales<\/p>\n<p style=\"text-align: center;\"><img loading=\"lazy\" decoding=\"async\" src=\"https:\/\/h2otek.com\/tienda\/img\/cms\/GENVAPOR\/barra-catodica.jpg\" alt=\"\" width=\"500\" height=\"116\" \/><\/p>\n<p style=\"text-align: center;\">V\u00e1lvula de desfogue o alivio para mayor seguridad en el tanque<\/p>\n<p style=\"text-align: center;\"><img loading=\"lazy\" decoding=\"async\" src=\"https:\/\/h2otek.com\/tienda\/img\/cms\/GENVAPOR\/valvula-desfogue.jpg\" alt=\"\" width=\"500\" height=\"290\" \/><\/p>\n<p style=\"text-align: center;\">Filtro de sedimentos para mayor durabilidad de los componentes y reducciones de mantenimientos<\/p>\n<p style=\"text-align: center;\"><img loading=\"lazy\" decoding=\"async\" src=\"https:\/\/h2otek.com\/tienda\/img\/cms\/GENVAPOR\/filtros-sedimentos.jpg\" alt=\"\" width=\"500\" height=\"192\" \/><\/p>\n<p style=\"text-align: center;\">Lado izquierdo es un filtro de algod\u00f3n<\/p>\n<p style=\"text-align: center;\"><img loading=\"lazy\" decoding=\"async\" src=\"https:\/\/h2otek.com\/tienda\/img\/cms\/GENVAPOR\/tabla-filtro-lado-izquierdo.gif\" alt=\"\" width=\"436\" height=\"134\" \/><\/p>\n<p style=\"text-align: center;\"><img loading=\"lazy\" decoding=\"async\" src=\"https:\/\/h2otek.com\/tienda\/img\/cms\/GENVAPOR\/filtro-sedimentos-membrana.jpg\" alt=\"\" width=\"500\" height=\"131\" \/><\/p>\n<p style=\"text-align: center;\">Lado derecho es un filtro de membrana<\/p>\n<p style=\"text-align: center;\"><img loading=\"lazy\" decoding=\"async\" src=\"https:\/\/h2otek.com\/tienda\/img\/cms\/GENVAPOR\/tabla-filtro-lado-derecho.gif\" alt=\"\" width=\"436\" height=\"118\" \/><\/p>\n<p style=\"text-align: center;\"><img loading=\"lazy\" decoding=\"async\" src=\"https:\/\/h2otek.com\/tienda\/img\/cms\/GENVAPOR\/filtro-lado-derecho.jpg\" alt=\"\" width=\"500\" height=\"141\" \/><\/p>\n<p style=\"text-align: center;\">Descalcificador magn\u00e9tico para evitar la acumulaci\u00f3n de sarro en las paredes del generador y de la tuber\u00eda (OPCIONAL)<\/p>\n<p style=\"text-align: center;\"><img loading=\"lazy\" decoding=\"async\" src=\"https:\/\/h2otek.com\/tienda\/img\/cms\/GENVAPOR\/descalcificador-magnetico.jpg\" alt=\"\" width=\"234\" height=\"312\" \/><\/p>\n<div style=\"text-align: center;\">\u00a0<\/div>\n<div style=\"text-align: center;\">\u00a0<\/div>\n<p style=\"text-align: center;\"><strong>VIDEOS:<\/strong><\/p>\n<p style=\"text-align: center;\"><iframe src=\"https:\/\/www.youtube.com\/embed\/LDubqRh4INA\" width=\"560\" height=\"315\" frameborder=\"0\"><\/iframe><\/p>\n<p>\u00a0<\/p>\n<p style=\"text-align: center;\"><iframe src=\"https:\/\/www.youtube.com\/embed\/GBdS6foFJSs\" width=\"560\" height=\"315\" frameborder=\"0\"><\/iframe><\/p>\n<p><iframe src=\"https:\/\/www.youtube.com\/embed\/tBhJ6Og1p_8\" width=\"560\" height=\"315\" frameborder=\"0\"><\/iframe> <iframe src=\"https:\/\/www.youtube.com\/embed\/EhMU9YSakJI\" width=\"560\" height=\"315\" frameborder=\"0\"><\/iframe> \u00a0 \u00a0 \u00a0<\/p>\n<p style=\"text-align: center;\"><img loading=\"lazy\" decoding=\"async\" style=\"text-align: start;\" src=\"https:\/\/h2otek.com\/tienda\/img\/cms\/GENVAPOR\/garantia-h2otek-10years.jpg\" alt=\"\" width=\"300\" height=\"300\" \/><\/p>\n<p style=\"text-align: center;\"><strong>LA GARANT\u00cdA M\u00c1S AMPLIA DEL MERCADO<\/strong><\/p>\n<p>\u00a0 \u00a0<\/p>\n<div style=\"text-align: left;\"><strong><strong><span style=\"color: #0000ff;\">DESCARGAR MANUALES:<\/span><\/strong><\/strong><\/div>\n<div style=\"text-align: left;\">\n<ul style=\"list-style-type: disc;\">\n<li><a href=\"http:\/\/www.h2otek.com\/tienda\/pdf\/generadoresdevapor\/MANUAL%20DE%20INSTALACI%C3%93N%20Y%20OPERACI%C3%93N%20GENERADOR%20LINEA%20GVETC%20MARCA%20H2OTEK.pdf\" target=\"_blank\" rel=\"noopener\"><strong><span style=\"color: #0000ff;\">MANUAL DEL USUARIO<\/span><\/strong><\/a><\/li>\n<\/ul>\n<\/div>\n<p style=\"text-align: center;\">\u00a0<\/p>\n","protected":false},"excerpt":{"rendered":"<p><strong><span style=\"color: #ff0000;\">PRECIO\u00a0EN PESOS MEXICANOS.<\/span><\/strong><br \/><strong><span style=\"color: #ff0000;\">PRECIO INCLUYE 16 % DE I.V.A.<\/span><\/strong><br \/><strong><span style=\"color: #ff0000;\">PRECIO INCLUYE ENVIO (ZONA CENTRO).<\/span><\/strong><\/p>\n<p style=\"text-align: justify;\"><em><strong>APLICACIONES M\u00c1S COMUNES:<\/strong><\/em><\/p>\n<ul>\n<li style=\"text-align: justify;\"><em><strong><strong>RESIDENCIAS<\/strong><\/strong><\/em><\/li>\n<li style=\"text-align: justify;\"><em><strong><strong>GIMNASIOS<\/strong><\/strong><\/em><\/li>\n<li style=\"text-align: justify;\"><em><strong><strong>CLUBES DEPORTIVOS<\/strong><\/strong><\/em><\/li>\n<li style=\"text-align: justify;\"><em><strong><strong>CUARTOS DE BA\u00d1O<\/strong><\/strong><\/em><\/li>\n<li style=\"text-align: justify;\"><em><strong><strong>SALAS DE REHABILITACION<\/strong><\/strong><\/em><\/li>\n<li style=\"text-align: justify;\"><em><strong><strong>HOSPITALES<\/strong><\/strong><\/em><\/li>\n<li style=\"text-align: justify;\"><em><strong><strong>SALAS SPA<\/strong><\/strong><\/em><\/li>\n<li style=\"text-align: justify;\"><em><strong><strong>ESTETICAS<br \/><\/strong><\/strong><\/em><\/li>\n<li style=\"text-align: justify;\"><em><strong><strong>SALAS DE MASAJE<br \/><\/strong><\/strong><\/em><\/li>\n<li style=\"text-align: justify;\"><strong><em><strong>HOTELES, ETC.<\/strong><\/em><br \/><\/strong><\/li>\n<\/ul>\n","protected":false},"featured_media":23234,"comment_status":"closed","ping_status":"closed","template":"","meta":[],"pwb-brand":[],"product_brand":[],"product_cat":[460],"product_tag":[],"class_list":{"0":"post-19552","1":"product","2":"type-product","3":"status-publish","4":"has-post-thumbnail","6":"product_cat-230-volts-3-fases-generadores-de-vapor-para-bano","8":"first","9":"onbackorder","10":"purchasable","11":"product-type-simple"},"brands":[],"_links":{"self":[{"href":"https:\/\/h2otek.com\/tienda\/wp-json\/wp\/v2\/product\/19552","targetHints":{"allow":["GET"]}}],"collection":[{"href":"https:\/\/h2otek.com\/tienda\/wp-json\/wp\/v2\/product"}],"about":[{"href":"https:\/\/h2otek.com\/tienda\/wp-json\/wp\/v2\/types\/product"}],"replies":[{"embeddable":true,"href":"https:\/\/h2otek.com\/tienda\/wp-json\/wp\/v2\/comments?post=19552"}],"wp:featuredmedia":[{"embeddable":true,"href":"https:\/\/h2otek.com\/tienda\/wp-json\/wp\/v2\/media\/23234"}],"wp:attachment":[{"href":"https:\/\/h2otek.com\/tienda\/wp-json\/wp\/v2\/media?parent=19552"}],"wp:term":[{"taxonomy":"pwb-brand","embeddable":true,"href":"https:\/\/h2otek.com\/tienda\/wp-json\/wp\/v2\/pwb-brand?post=19552"},{"taxonomy":"product_brand","embeddable":true,"href":"https:\/\/h2otek.com\/tienda\/wp-json\/wp\/v2\/product_brand?post=19552"},{"taxonomy":"product_cat","embeddable":true,"href":"https:\/\/h2otek.com\/tienda\/wp-json\/wp\/v2\/product_cat?post=19552"},{"taxonomy":"product_tag","embeddable":true,"href":"https:\/\/h2otek.com\/tienda\/wp-json\/wp\/v2\/product_tag?post=19552"}],"curies":[{"name":"wp","href":"https:\/\/api.w.org\/{rel}","templated":true}]}}