{"id":19537,"date":"2021-07-06T21:22:42","date_gmt":"2021-07-06T21:22:42","guid":{"rendered":"https:\/\/h2otek.com\/tienda\/producto\/boiler-calentador-de-agua-para-alberca-cap-hasta-15000-gals-27-kw-480-volts-3-fases-marca-h2otek-mod-bera48-27-32t02\/"},"modified":"2025-09-02T23:45:04","modified_gmt":"2025-09-02T23:45:04","slug":"boiler-calentador-de-agua-para-alberca-cap-hasta-15000-gals-27-kw-480-volts-3-fases-marca-h2otek-mod-bera48-27-32t02","status":"publish","type":"product","link":"https:\/\/h2otek.com\/tienda\/producto\/boiler-calentador-de-agua-para-alberca-cap-hasta-15000-gals-27-kw-480-volts-3-fases-marca-h2otek-mod-bera48-27-32t02\/","title":{"rendered":"BOILER &#8211; CALENTADOR DE AGUA PARA ALBERCA CAP. HASTA 15,000 GALS, 27 KW 480 VOLTS 3 FASES MARCA H2OTEK MOD. BERA48-27-32T02"},"content":{"rendered":"<p style=\"text-align: center;\"><img fetchpriority=\"high\" decoding=\"async\" src=\"https:\/\/h2otek.com\/tienda\/img\/cms\/aguacaliente\/h2otek\/bera\/header-calentador-alberca-h2otek-BERA48-27-32T02.jpg\" alt=\"header-calentador-alberca-h2otek-BERA24-\" width=\"650\" height=\"300\" \/><\/p>\n<p style=\"text-align: center;\"><img decoding=\"async\" src=\"https:\/\/h2otek.com\/tienda\/img\/cms\/aguacaliente\/h2otek\/bera\/nota-calentadores-BERA.jpg\" alt=\"\" width=\"650\" height=\"200\" \/><\/p>\n<p style=\"text-align: justify;\"><strong>Con los calentadores de agua H2OTEK, disfrute de su alberca, jacuzzi \u00f3 spa todo el a\u00f1o, no importa las dimensiones de su alberca, tenemos una amplia gama de capacidades, para albercas peque\u00f1as, medianas \u00f3 grandes.<\/strong><\/p>\n<p style=\"text-align: justify;\"><strong>CARACTER\u00cdSTICAS:<\/strong><\/p>\n<ul>\n<li>Para uso en PISCINAS, ALBERCAS, JACUZZIS, SPA<\/li>\n<li>Ideales para trabajar en Residencias, Edificios de departamentos, Gimnasios, Clubs deportivos, Casas de campo, Hoteles, Moteles, Etc.<\/li>\n<li>Dise\u00f1ados para trabajar por muchos a\u00f1os.<\/li>\n<li>De dise\u00f1o robusto con AMPLIA VIDA UTIL: FABRICACION TOTALMENTE EN ACERO INOXIDABLE<\/li>\n<li><strong>Garant\u00eda la m\u00e1s amplia del mercado: 10 A\u00d1OS en el tanque \u2013 1 a\u00f1o en resto de partes<\/strong><\/li>\n<li>Unidad totalmente desarmable<\/li>\n<li>F\u00e1cil instalaci\u00f3n<\/li>\n<li>F\u00e1cil programaci\u00f3n<\/li>\n<li>Dise\u00f1o pr\u00e1ctico, no ocupa mucho espacio<\/li>\n<li>Unidad equipada con retardador de tiempo de 3 a 5 minutos. Esto quiere decir que al energizar el calentador y teniendo flujo en la l\u00ednea de agua, el calentador va a retardar su encendido de 3 a 5 minutos, esto es necesario para evitar que lleguen burbujas de aire, dentro del calentador. Esto ser\u00e1 cada vez que se encienda.<\/li>\n<li>Tanque de dise\u00f1o reforzado en acero inoxidable (pruebas de dise\u00f1o a 35 \u2013 c\u00f3digo ASME)<\/li>\n<li>Resistencias calefactoras tipo tubular sellado, dise\u00f1adas a baja densidad de potencia (uso rudo)<\/li>\n<li>Termostato graduable digital<\/li>\n<li>Protecci\u00f3n de seguridad l\u00edmite de temperatura (en el tanque), de reposici\u00f3n manual<\/li>\n<li>Foco indicador de encendido<\/li>\n<li>Calentador de agua de recirculaci\u00f3n (circuito cerrado)<\/li>\n<li>Sensor de flujo de agua integrado<\/li>\n<li>Componentes el\u00e9ctricos (contactores, relevadores, transformador) de tipo mec\u00e1nico, esto hace un equipo menos susceptible a falla, comparado con lo electr\u00f3nico<\/li>\n<li>Puede trabajar como respaldo con una bomba de calor<\/li>\n<li>En el caso de que se cuente, puede trabajar junto con un sistema de calentamiento de agua solar<\/li>\n<li>Dise\u00f1os especiales<\/li>\n<\/ul>\n<p>&nbsp;<\/p>\n<p style=\"text-align: center;\"><strong>TABLA DE ESPECIFICACIONES:<\/strong><\/p>\n<p style=\"text-align: center;\"><img decoding=\"async\" src=\"https:\/\/h2otek.com\/tienda\/img\/cms\/aguacaliente\/h2otek\/bera\/especificaciones-calentador-alberca-h2otek-BERA48-27-32T02.gif\" alt=\"especificaciones-calentador-alberca-h2ot\" width=\"565\" height=\"565\" \/><\/p>\n<div style=\"text-align: justify; padding-left: 60px;\"><strong><span style=\"font-size: 11pt; color: #d0121a;\">NOTAS:<\/span><\/strong><\/div>\n<div style=\"text-align: justify; padding-left: 60px;\">\n<ul style=\"padding-left: 60px;\">\n<li><strong><span style=\"font-size: 11pt; color: #d0121a;\">EL TIEMPO DE ESPERA APROXIMADO DE CALENTAMIENTO SON LAS HORAS QUE EL CALENTADOR TARDA EN AUMENTAR LA TEMPERATURA DEL AGUA 5\u00baC<\/span><\/strong><\/li>\n<\/ul>\n<\/div>\n<div style=\"text-align: justify; padding-left: 60px;\"><strong><span style=\"font-size: 11pt; color: #d0121a;\">RECOMENDACIONES:<\/span><\/strong><\/div>\n<div style=\"text-align: justify; padding-left: 60px;\">\n<ul style=\"padding-left: 60px;\">\n<li><strong><span style=\"font-size: 11pt; color: #d0121a;\">EL CALENTADOR DEBE ESTAR A UNA DISTANCIA MENOR DE 5 METROS DE LA ALBERCA<\/span><\/strong><\/li>\n<li><strong><span style=\"font-size: 11pt; color: #d0121a;\">CUBRIR LA ALBERCA CON UNA LONA TERMICA PARA CONSERVAR EL CALOR, DE ESTA FORMA SE AHORRA ENERGIA<\/span><\/strong><\/li>\n<\/ul>\n<p><span style=\"color: #d0121a;\"><strong><span style=\"font-size: 11pt;\">EL CRITERIO DE ELEVACION DE TEMPERATURA ESTA BASADO EN:<\/span><\/strong><\/span><\/p>\n<ul style=\"padding-left: 60px;\">\n<li><strong><span style=\"font-size: 11pt; color: #d0121a;\">TEMPERATURA AMBIENTAL DE 15\u00b0C APROXIMADAMENTE<\/span><\/strong><\/li>\n<li><strong><span style=\"font-size: 11pt; color: #d0121a;\">ALBERCA SEMIABIERTA (RODEADA DE PAREDES)<\/span><\/strong><\/li>\n<\/ul>\n<\/div>\n<p>&nbsp;<\/p>\n<p style=\"text-align: center;\"><strong>PARTES:<\/strong><\/p>\n<p style=\"text-align: center;\"><img loading=\"lazy\" decoding=\"async\" src=\"https:\/\/h2otek.com\/tienda\/img\/cms\/aguacaliente\/h2otek\/bera\/partes-calentador-spa-h2otek-bera.jpg\" alt=\"\" width=\"700\" height=\"760\" \/><\/p>\n<p style=\"text-align: center;\"><img loading=\"lazy\" decoding=\"async\" src=\"https:\/\/h2otek.com\/tienda\/img\/cms\/aguacaliente\/h2otek\/bera\/resistencias-calentador-h2otek-bera.jpg\" alt=\"\" width=\"308\" height=\"194\" \/><\/p>\n<p style=\"text-align: center;\"><strong>SELECCI\u00d3N<\/strong><\/p>\n<p style=\"text-align: justify;\">Los Calentadores de la familia \u201cBERA\u201d de H2O TEK est\u00e1n destinados a ser utilizados &#8220;sobre demanda&#8221;. El <span style=\"text-decoration: underline;\">m\u00e9todo de aumento de la temperatura<\/span> es m\u00e1s \u00fatil para determinar cu\u00e1nto tiempo le tomar\u00e1 a su piscina o spa para calentar a la temperatura deseada. En primer lugar determinar la cantidad de galones en total est\u00e1n en la piscina o spa utilizando los siguientes c\u00e1lculos:<\/p>\n<p style=\"text-align: center;\"><img decoding=\"async\" src=\"https:\/\/www.h2otek.com\/tienda\/Images\/h2otek\/calentadores\/albercas-spa\/formula-calentador-h2otek-bera.jpg\" alt=\"\" border=\"0\" \/><\/p>\n<p style=\"text-align: center;\">Medidas representadas en pies<\/p>\n<p style=\"text-align: justify;\">Esto le da el volumen total (V) de su piscina o spa. Esta informaci\u00f3n puede ser utilizada para buscar la cantidad de tiempo que se necesita para calentar su piscina o spa por la temperatura especificada en los cuadros siguientes.<\/p>\n<p style=\"text-align: justify;\"><strong>El calentamiento de agua para una alberca puede tardar horas, hasta d\u00edas, dependiendo las caracter\u00edsticas de la instalaci\u00f3n y la selecci\u00f3n del calentador.<\/strong><\/p>\n<p style=\"text-align: center;\"><img loading=\"lazy\" decoding=\"async\" src=\"https:\/\/h2otek.com\/tienda\/img\/cms\/aguacaliente\/h2otek\/bera\/diagrama-instalacion-calentador-h2otek-bera.jpg\" alt=\"\" width=\"550\" height=\"311\" \/><\/p>\n<p style=\"text-align: center;\">Nota: El calentador de agua para alberca debe estar instalado despu\u00e9s del filtro de agua.<\/p>\n<div style=\"text-align: center;\">\n<p><strong>VIDEOS<\/strong><\/p>\n<p>&nbsp;<\/p>\n<\/div>\n<div style=\"text-align: center;\">\n<p><iframe style=\"margin-left: auto; margin-right: auto;\" src=\"https:\/\/www.youtube.com\/embed\/Fckp-MPFGkE\" width=\"560\" height=\"315\" frameborder=\"0\"><\/iframe><\/p>\n<p><iframe src=\"https:\/\/www.youtube.com\/embed\/ay2PD6FqTsQ\" width=\"560\" height=\"315\" frameborder=\"0\"><\/iframe><\/p>\n<p><img loading=\"lazy\" decoding=\"async\" style=\"margin-left: auto; margin-right: auto;\" src=\"https:\/\/h2otek.com\/tienda\/img\/cms\/aguacaliente\/h2otek\/bera\/garantia-h2otek-10years.jpg\" alt=\"garantia-h2otek-10years.jpg\" width=\"300\" height=\"300\" \/><\/p>\n<\/div>\n<p>&nbsp;<\/p>\n<p>&nbsp;<\/p>\n<p><strong>DESCARGAR MANUAL<i>:<\/i><\/strong><\/p>\n<ul>\n<li><a href=\"https:\/\/h2otek.com\/tienda\/wp-content\/uploads\/2021\/07\/MANUAL-INSTALACION-OPERACION-CALENTADOR-ALBERCA-LINEA-BERA.pdf\" target=\"_blank\" rel=\"noopener\"><strong>MANUAL DEL USUARIO<\/strong><\/a><\/li>\n<\/ul>\n","protected":false},"excerpt":{"rendered":"<p><span style=\"font-size: 12pt; color: #ff0000;\"><strong>PRECIO\u00a0EN PESOS MEXICANOS.<br \/>\nPRECIO INCLUYE 16 % DE I.V.A.<br \/>\nPRECIO INCLUYE ENVIO (ZONA CENTRO).<\/strong><\/span><\/p>\n<p><strong><span style=\"color: #ff0000;\">CALENTADOR DE AGUA PARA ALBERCAS O PISCINAS 27 KW 480V. 3 FASES CAPACIDAD HASTA 15,000 GALONES<\/span><\/strong><\/p>\n<p><strong>CALEFACCI\u00d3N EN PISCINAS POR DEMANDA O RECIRCULACION DE AGUA CALIENTE. OPERACI\u00d3N SILENCIOSA.<\/strong><\/p>\n<p><em><strong>IDEALES EN:<\/strong><\/em><\/p>\n<ul>\n<li><em><strong>ALBERCA \u00d3 PISCINA<\/strong><\/em><\/li>\n<li><em><strong>SPA<\/strong><\/em><\/li>\n<li><em><strong>JACUZZI<\/strong><\/em><\/li>\n<li><em><strong>HIDROMASAJE<\/strong><\/em><\/li>\n<li><em><strong>TINAS DE BA\u00d1O, ETC.<\/strong><\/em><\/li>\n<\/ul>\n","protected":false},"featured_media":862,"comment_status":"closed","ping_status":"closed","template":"","meta":[],"pwb-brand":[],"product_brand":[],"product_cat":[784,780,1075],"product_tag":[],"class_list":{"0":"post-19537","1":"product","2":"type-product","3":"status-publish","4":"has-post-thumbnail","6":"product_cat-piscinas-y-o-albercas-calentadores-de-agua-electricos-480-volts-3-fases-electricos-calentadores-de-agua-para-piscinas-o-albercas","7":"product_cat-480-volts-3-fases-electricos-calentadores-de-agua-para-piscinas-o-albercas","8":"product_cat-piscinas-y-o-albercas-calentadores-de-agua-electricos-480-volts-boilers-calentadores-de-agua-piscinas","10":"first","11":"instock","12":"purchasable","13":"product-type-simple"},"brands":[],"_links":{"self":[{"href":"https:\/\/h2otek.com\/tienda\/wp-json\/wp\/v2\/product\/19537","targetHints":{"allow":["GET"]}}],"collection":[{"href":"https:\/\/h2otek.com\/tienda\/wp-json\/wp\/v2\/product"}],"about":[{"href":"https:\/\/h2otek.com\/tienda\/wp-json\/wp\/v2\/types\/product"}],"replies":[{"embeddable":true,"href":"https:\/\/h2otek.com\/tienda\/wp-json\/wp\/v2\/comments?post=19537"}],"wp:featuredmedia":[{"embeddable":true,"href":"https:\/\/h2otek.com\/tienda\/wp-json\/wp\/v2\/media\/862"}],"wp:attachment":[{"href":"https:\/\/h2otek.com\/tienda\/wp-json\/wp\/v2\/media?parent=19537"}],"wp:term":[{"taxonomy":"pwb-brand","embeddable":true,"href":"https:\/\/h2otek.com\/tienda\/wp-json\/wp\/v2\/pwb-brand?post=19537"},{"taxonomy":"product_brand","embeddable":true,"href":"https:\/\/h2otek.com\/tienda\/wp-json\/wp\/v2\/product_brand?post=19537"},{"taxonomy":"product_cat","embeddable":true,"href":"https:\/\/h2otek.com\/tienda\/wp-json\/wp\/v2\/product_cat?post=19537"},{"taxonomy":"product_tag","embeddable":true,"href":"https:\/\/h2otek.com\/tienda\/wp-json\/wp\/v2\/product_tag?post=19537"}],"curies":[{"name":"wp","href":"https:\/\/api.w.org\/{rel}","templated":true}]}}