{"id":19494,"date":"2021-07-06T21:22:31","date_gmt":"2021-07-06T21:22:31","guid":{"rendered":"https:\/\/h2otek.com\/tienda\/producto\/boiler-de-deposito-electrico-7%c2%bd-servicios-cap-285-litros-240v-marca-calorex-mod-e-75-standard\/"},"modified":"2026-01-17T14:59:39","modified_gmt":"2026-01-17T14:59:39","slug":"boiler-de-deposito-electrico-7%c2%bd-servicios-cap-285-litros-240v-marca-calorex-mod-e-75-standard","status":"publish","type":"product","link":"https:\/\/h2otek.com\/tienda\/producto\/boiler-de-deposito-electrico-7%c2%bd-servicios-cap-285-litros-240v-marca-calorex-mod-e-75-standard\/","title":{"rendered":"BOILER DE DEPOSITO EL\u00c9CTRICO 7\u00bd SERVICIOS CAP. 285 LITROS 240V. MARCA CALOREX MOD. E-75 STANDARD"},"content":{"rendered":"<div style=\"text-align: center;\"><img fetchpriority=\"high\" decoding=\"async\" src=\"https:\/\/h2otek.com\/tienda\/img\/cms\/aguacaliente\/calorex\/deposito-electricos\/E-75-STANDARD\/header-calentador-deposito-electrico-E-75-STANDARD.jpg\" alt=\"\" width=\"650\" height=\"300\" \/><\/div>\n<div style=\"text-align: justify;\">\n<p><span style=\"font-size: 13pt; font-family: helvetica;\"><strong><br \/>\nCalentador de Dep\u00f3sito El\u00e9ctrico Ba\u00f1os deliciosos sin instalaciones de gas.<\/strong> <\/span><\/p>\n<p>Con un Calentador El\u00e9ctrico Calorex convertir\u00e1s la hora del ba\u00f1o en la hora del juego, porque su funcionamiento sin flama te brinda la seguridad que necesitas para apapacharte todas las ma\u00f1anas.<\/p>\n<p>El <strong>calentador de agua Calorex El\u00e9ctrico<\/strong>, le proporciona el caudal de agua requerido a las temperaturas deseadas, justo en el sitio donde se necesita: consultorios, est\u00e9ticas, oficinas; cualquier lugar con restricciones de intalaciones de gas y ventilaci\u00f3n. Es muy importante que haya elegido el calentador de agua tomando en cuenta sus necesidades especificas de agua caliente.<\/p>\n<p><img decoding=\"async\" src=\"https:\/\/h2otek.com\/tienda\/img\/cms\/aguacaliente\/calorex\/deposito-electricos\/E-75-STANDARD\/caracteristicas-calentador-deposito-electrico-E-75-STANDARD.jpg\" alt=\"\" width=\"400\" height=\"432\" \/><\/p>\n<p><strong>CARACTER\u00cdSTICAS GENERALES:<\/strong><\/p>\n<ul>\n<li>Funciona con cualquier tipo de llave de agua (incluyendo monomando).<\/li>\n<li>Funciona hasta con 7 regaderas simult\u00e1neas.*<\/li>\n<li>Ideal para climas fr\u00edos.<\/li>\n<li>No requiere presi\u00f3n de agua.<\/li>\n<li>Funcionamiento \u00f3ptimo sin importar la salinidad del agua.<\/li>\n<li>Instalaci\u00f3n sin complicaciones<\/li>\n<\/ul>\n<p>&nbsp;<\/p>\n<\/div>\n<p style=\"text-align: center;\"><b>CONOZCA EL CALENTADOR EL\u00c9CTRICO CALOREX<\/b><\/p>\n<p><img decoding=\"async\" src=\"https:\/\/h2otek.com\/tienda\/img\/cms\/aguacaliente\/calorex\/deposito-electricos\/E-75-STANDARD\/partes-calentador-electrico-calorex-E-75-STANDARD.jpg\" alt=\"\" width=\"700\" height=\"611\" \/><\/p>\n<p style=\"text-align: center;\"><strong><span style=\"font-size: small;\">Instalaci\u00f3n del calentador<\/span><\/strong><\/p>\n<p>&nbsp;<\/p>\n<p><strong>UBICACI\u00d3N DEL CALENTADOR:<\/strong><\/p>\n<p>Para obtener mayor rendimiento, coloque el calentador lo m\u00e1s cercano posible a los lugares de uso (no m\u00e1s de 5 metros de distancia). Esto minimizar\u00e1 la p\u00e9rdida de calor y dar\u00e1 agua caliente m\u00e1s r\u00e1pidamente al punto de uso.<\/p>\n<ul>\n<li>Instale su calentador de forma que no quede obstruido el termostato, panel protector o llave de drenado para para facilitar su operaci\u00f3n y mantenimiento.<\/li>\n<li>La localizaci\u00f3n de su calentador debe ser tan pr\u00e1ctica como sea posible, ubic\u00e1ndolo cerca de las \u00e1reas donde se utilice agua caliente para evitar p\u00e9rdidas de calor o congelamiento en zonas con fr\u00edo extremo.<\/li>\n<li>Se requiere que el calentador est\u00e9 protegido contra la lluvia preferentemente con un techo a no menos de 80 cm de distancia con respecto a la tapa del calentador.<\/li>\n<li>Este calentador puede ser instalado en interiores o espacios cerrados ya que no requiere ventilaci\u00f3n para su funcionamiento.<\/li>\n<li>El calentador debe fijarse perfectamente para evitar movimientos durante temblores de tierra y\/o terremotos, y as\u00ed prevenir que se caiga de su posici\u00f3n, adem\u00e1s deber\u00e1 contar con la protecci\u00f3n de un techo o nicho para evitar el contacto directo con la lluvia.<\/li>\n<\/ul>\n<p>&nbsp;<\/p>\n<p style=\"text-align: center;\"><strong>TABLA DE ESPECIFICACIONES<\/strong><\/p>\n<p style=\"text-align: center;\"><img loading=\"lazy\" decoding=\"async\" src=\"https:\/\/h2otek.com\/tienda\/img\/cms\/aguacaliente\/calorex\/deposito-electricos\/E-75-STANDARD\/especificaciones-calentador-deposito-electrico-E-75-STANDARD.jpg\" alt=\"\" width=\"550\" height=\"407\" \/><\/p>\n<p>&nbsp;<\/p>\n<p>&nbsp;<\/p>\n<p style=\"text-align: justify;\"><strong>ESPECIFICACIONES ADICIONALES:<\/strong><\/p>\n<ul>\n<li>Recubrimiento exterior: Pintura horneada, aplica para todos los modelos<\/li>\n<li>Aislante T\u00e9rmico: Fibra de vidrio, aplica para todos los modelos<\/li>\n<li>V\u00e1lvula de Drenado: Llave de nariz de nylon<\/li>\n<li>V\u00e1lvula de Alivio (psi): 150, aplica para los modelos a partir de E-40<\/li>\n<li>Garant\u00eda: 6 a\u00f1os, solo aplica para la Rep\u00fablica Mexicana, 1 a\u00f1o para otros pa\u00edses<\/li>\n<li>Recubimiento interior del taque: Porcelanizado Dura GlasMR<\/li>\n<li>Prueba de presi\u00f3n hidrost\u00e1tica: 14 kg\/cm2 o 200 Lb<\/li>\n<li>Conexi\u00f3n de entrada y salida de agua: \u00be de pulgada, aplica para todos los modelos<\/li>\n<li>Calibre de cable THW: 2, aplica para todos los modelos<\/li>\n<li>Carga recomendada para conexi\u00f3n de calentador: Linea el\u00e9ctrica independiente con fusibles de 30 amperes<\/li>\n<\/ul>\n<p><em>* Solo en el modelo E-75.<\/em><br \/>\n<em>** 1 servicio equivale a una regadera de 5 L\/min; medio servicio equivale a un lavabo de 3 L\/min. Una tina equivale a 150 L. Se recomienda instalar el calentador lo m\u00e1s cerca de la regadera. Las medidas son nominales.<\/em><\/p>\n<p>&nbsp;<\/p>\n<p style=\"text-align: justify;\"><span style=\"color: #4a4a4a;\"><strong>\u00a0<\/strong><\/span><\/p>\n<p><strong>DESCARGAR MANUALES:<\/strong><\/p>\n<ul>\n<li><strong><a href=\"https:\/\/h2otek.com\/tienda\/img\/cms\/aguacaliente\/calorex\/deposito-electricos\/E-75-STANDARD\/FICHA%20TECNICA%20CALOREX%20DEPOSITO%20ELECTRICOS.pdf\" target=\"_blank\" rel=\"noopener\">FICHA T\u00c9CNICA<\/a><\/strong><\/li>\n<li><strong><a href=\"https:\/\/h2otek.com\/tienda\/img\/cms\/aguacaliente\/calorex\/deposito-electricos\/E-75-STANDARD\/Manual%20CALOREX%20DEPOSITO%20ELECTRICOS.pdf\" target=\"_blank\" rel=\"noopener\">MANUAL DEL USUARIO<\/a><\/strong><\/li>\n<\/ul>\n<div><\/div>\n","protected":false},"excerpt":{"rendered":"<p><span style=\"color: #ff0000; font-size: 12pt;\"><strong>PRECIO\u00a0EN PESOS MEXICANOS.<br \/>\nPRECIO INCLUYE 16 % DE I.V.A.<br \/>\nPRECIO INCLUYE ENVIO (ZONA CENTRO).<\/strong><\/span><\/p>\n<p><strong>BOILER DE DEP\u00d3SITO EL\u00c9CTRICO 285 LITROS\u00a07\u00bd SERVICIOS<\/strong><\/p>\n<p><strong>RECOMENDADO PARA GRANDES CANTIDADES DE AGUA CALIENTE.<\/strong><\/p>\n<p><em><strong>IDEALES PARA CUALQUIER NECESIDAD DE AGUA CALIENTE, COMO PUEDE SER EN:<\/strong><\/em><\/p>\n<ul>\n<li><em><strong>CASAS<\/strong><\/em><\/li>\n<li><em><strong>ESTETICAS<\/strong><\/em><\/li>\n<li><em><strong>SPA<\/strong><\/em><\/li>\n<li><em><strong>RESIDENCIAS<\/strong><\/em><\/li>\n<li><em><strong>DEPARTAMENTOS<\/strong><\/em><\/li>\n<li><em><strong>CONDOMINIOS<\/strong><\/em><\/li>\n<li><em><strong>CASA DE CAMPO<\/strong><\/em><\/li>\n<li><em><strong>LOCALES<\/strong><\/em><\/li>\n<li><em><strong>ETC.<\/strong><\/em><\/li>\n<\/ul>\n","protected":false},"featured_media":6006,"comment_status":"closed","ping_status":"closed","template":"","meta":[],"pwb-brand":[],"product_brand":[],"product_cat":[382,1125],"product_tag":[],"class_list":{"0":"post-19494","1":"product","2":"type-product","3":"status-publish","4":"has-post-thumbnail","6":"product_cat-agua-caliente-boilers-calentadores-de-agua","7":"product_cat-calorex-voltaje-230-v-boilers-calentadores-de-agua-industriales-comerciales","9":"first","10":"onbackorder","11":"purchasable","12":"product-type-simple"},"brands":[],"_links":{"self":[{"href":"https:\/\/h2otek.com\/tienda\/wp-json\/wp\/v2\/product\/19494","targetHints":{"allow":["GET"]}}],"collection":[{"href":"https:\/\/h2otek.com\/tienda\/wp-json\/wp\/v2\/product"}],"about":[{"href":"https:\/\/h2otek.com\/tienda\/wp-json\/wp\/v2\/types\/product"}],"replies":[{"embeddable":true,"href":"https:\/\/h2otek.com\/tienda\/wp-json\/wp\/v2\/comments?post=19494"}],"wp:featuredmedia":[{"embeddable":true,"href":"https:\/\/h2otek.com\/tienda\/wp-json\/wp\/v2\/media\/6006"}],"wp:attachment":[{"href":"https:\/\/h2otek.com\/tienda\/wp-json\/wp\/v2\/media?parent=19494"}],"wp:term":[{"taxonomy":"pwb-brand","embeddable":true,"href":"https:\/\/h2otek.com\/tienda\/wp-json\/wp\/v2\/pwb-brand?post=19494"},{"taxonomy":"product_brand","embeddable":true,"href":"https:\/\/h2otek.com\/tienda\/wp-json\/wp\/v2\/product_brand?post=19494"},{"taxonomy":"product_cat","embeddable":true,"href":"https:\/\/h2otek.com\/tienda\/wp-json\/wp\/v2\/product_cat?post=19494"},{"taxonomy":"product_tag","embeddable":true,"href":"https:\/\/h2otek.com\/tienda\/wp-json\/wp\/v2\/product_tag?post=19494"}],"curies":[{"name":"wp","href":"https:\/\/api.w.org\/{rel}","templated":true}]}}