{"id":19491,"date":"2021-07-06T21:22:31","date_gmt":"2021-07-06T21:22:31","guid":{"rendered":"https:\/\/h2otek.com\/tienda\/producto\/accesorios-control-humidistato-115v-60-hz-1-fase-marca-jaybird-mod-h2-120\/"},"modified":"2022-10-11T19:37:55","modified_gmt":"2022-10-11T19:37:55","slug":"accesorios-control-humidistato-115v-60-hz-1-fase-marca-jaybird-mod-h2-120","status":"publish","type":"product","link":"https:\/\/h2otek.com\/tienda\/producto\/accesorios-control-humidistato-115v-60-hz-1-fase-marca-jaybird-mod-h2-120\/","title":{"rendered":"ACCESORIOS &#8211; CONTROL HUMIDISTATO 115V 60 HZ 1 FASE MARCA JAYBIRD MOD. H2-120"},"content":{"rendered":"<p style=\"text-align: center;\" align=\"center\"><img fetchpriority=\"high\" decoding=\"async\" src=\"https:\/\/h2otek.com\/tienda\/img\/cms\/controlhumedad\/jaybird\/accesorios\/header-accesorios-controlhumidistato-H2-120.jpg\" alt=\"header-accesorios-controlhumidistato-H2-\" width=\"700\" height=\"300\" \/><\/p>\n<p style=\"text-align: justify;\"><strong>Control ambiental completo<\/strong><\/p>\n<p style=\"text-align: justify;\">Si su requisito de humedad es 80% o menos, el control de Humidistat es la mejor opci\u00f3n para el control de su entorno. Cuando el nivel de humedad cae aproximadamente un 6% por debajo del punto establecido, el humidistato activar\u00e1 el ventilador Turbo XE para reponer la p\u00e9rdida de humedad. Si se produce ventilaci\u00f3n, la humedad puede restablecerse con enfriamiento por evaporaci\u00f3n.<\/p>\n<ul>\n<li>Controla hasta dos Turbo XEs<\/li>\n<\/ul>\n<div style=\"text-align: center;\">\n<p style=\"text-align: center;\">\n<\/div>\n<p>&nbsp;<\/p>\n<p><strong>PRECIO INCLUYE GASTOS DE ENVIO (GRATIS) E IMPUESTO\u00a016% DE IVA<\/strong><\/p>\n","protected":false},"excerpt":{"rendered":"<p><span style=\"color: #ff0000;\"><strong>PRECIO EN D\u00d3LARES US.<\/p>\n<p>ACCESORIO &#8211; CONTROL HUMIDISTATO\u00a0115V 60 HZ 1 FASE<\/strong><\/span><\/p>\n<p><strong><em>APLICACIONES M\u00c1S COMUNES:<\/em><\/strong><\/p>\n<ul>\n<li><strong><em>INVERNADEROS<\/em><\/strong><\/li>\n<li><strong><em>PROCESOS INDUSTRIALES<\/em><\/strong><\/li>\n<li><strong><em>ALMACENES<\/em><\/strong><\/li>\n<li><strong><em>CAPTACION DE POLVO<\/em><\/strong><\/li>\n<li><strong><em>CUARTOS DE PRUEBA<\/em><\/strong><\/li>\n<li><strong><em>CUARTOS DE MADURACION<\/em><\/strong><\/li>\n<li><strong><em>CAMARAS<\/em><\/strong><\/li>\n<li><strong><em>CAMARAS FRIGORIFICAS<\/em><\/strong><\/li>\n<li><strong><em>USO EN EXTERIORES<\/em><\/strong><\/li>\n<li><strong><em>USO PARA REFRESCAR EL AMBIENTE<\/em><\/strong><\/li>\n<li><strong><em>CUARTO LIMPIOS<\/em><\/strong><\/li>\n<li><strong><em>LABORATORIOS<\/em><\/strong><\/li>\n<li><strong><em>ETC.<\/em><\/strong><\/li>\n<\/ul>\n","protected":false},"featured_media":5510,"comment_status":"closed","ping_status":"closed","template":"","meta":[],"pwb-brand":[],"product_brand":[],"product_cat":[406],"product_tag":[],"class_list":{"0":"post-19491","1":"product","2":"type-product","3":"status-publish","4":"has-post-thumbnail","6":"product_cat-paquetes-de-control-humidificadores-nebulizadores","8":"first","9":"onbackorder","10":"purchasable","11":"product-type-simple"},"brands":[],"_links":{"self":[{"href":"https:\/\/h2otek.com\/tienda\/wp-json\/wp\/v2\/product\/19491","targetHints":{"allow":["GET"]}}],"collection":[{"href":"https:\/\/h2otek.com\/tienda\/wp-json\/wp\/v2\/product"}],"about":[{"href":"https:\/\/h2otek.com\/tienda\/wp-json\/wp\/v2\/types\/product"}],"replies":[{"embeddable":true,"href":"https:\/\/h2otek.com\/tienda\/wp-json\/wp\/v2\/comments?post=19491"}],"wp:featuredmedia":[{"embeddable":true,"href":"https:\/\/h2otek.com\/tienda\/wp-json\/wp\/v2\/media\/5510"}],"wp:attachment":[{"href":"https:\/\/h2otek.com\/tienda\/wp-json\/wp\/v2\/media?parent=19491"}],"wp:term":[{"taxonomy":"pwb-brand","embeddable":true,"href":"https:\/\/h2otek.com\/tienda\/wp-json\/wp\/v2\/pwb-brand?post=19491"},{"taxonomy":"product_brand","embeddable":true,"href":"https:\/\/h2otek.com\/tienda\/wp-json\/wp\/v2\/product_brand?post=19491"},{"taxonomy":"product_cat","embeddable":true,"href":"https:\/\/h2otek.com\/tienda\/wp-json\/wp\/v2\/product_cat?post=19491"},{"taxonomy":"product_tag","embeddable":true,"href":"https:\/\/h2otek.com\/tienda\/wp-json\/wp\/v2\/product_tag?post=19491"}],"curies":[{"name":"wp","href":"https:\/\/api.w.org\/{rel}","templated":true}]}}