{"id":19468,"date":"2021-07-06T21:22:20","date_gmt":"2021-07-06T21:22:20","guid":{"rendered":"https:\/\/h2otek.com\/tienda\/producto\/calentador-de-agua-boiler-deposito-a-gas-cap-72-litros-gen-4-gas-lp-marca-calorex-mod-g-20\/"},"modified":"2025-02-22T19:07:06","modified_gmt":"2025-02-22T19:07:06","slug":"calentador-de-agua-boiler-deposito-a-gas-cap-72-litros-gen-4-gas-lp-marca-calorex-mod-g-20","status":"publish","type":"product","link":"https:\/\/h2otek.com\/tienda\/producto\/calentador-de-agua-boiler-deposito-a-gas-cap-72-litros-gen-4-gas-lp-marca-calorex-mod-g-20\/","title":{"rendered":"CALENTADOR DE AGUA &#8211; BOILER DEP\u00d3SITO A GAS CAP. 72 LITROS GEN 4 GAS LP MARCA CALOREX MOD. G-20"},"content":{"rendered":"<p align=\"center\"><img fetchpriority=\"high\" decoding=\"async\" width=\"650\" height=\"344\" alt=\"header-calentadores-depositogas-calorex-\" src=\"https:\/\/h2otek.com\/tienda\/img\/cms\/aguacaliente\/calorex\/deposito-gas\/G\/header-calentadores-depositogas-calorex-G-20-lp.jpg\" \/><\/p>\n<h3><strong><br \/>Ba\u00f1os confortables en cualquier clima. Los Calentadores de Dep\u00f3sito Calorex cambian tu d\u00eda, porque proporcionan ba\u00f1os largos y deliciosos en cualquier clima.<br \/><\/strong><br \/>\u00a0<\/h3>\n<table style=\"width:100%;\" border=\"0\" cellspacing=\"4\" cellpadding=\"2\">\n<tbody>\n<tr>\n<td><img decoding=\"async\" width=\"59\" height=\"60\" alt=\"deposito_ahorragas.png\" src=\"https:\/\/h2otek.com\/tienda\/img\/cms\/aguacaliente\/calorex\/deposito-gas\/G\/deposito_ahorragas.png\" \/><\/td>\n<td>\n<p><span>Hasta 30% de <strong>ahorro de gas.<\/strong><\/span><\/p>\n<\/td>\n<\/tr>\n<tr>\n<td><img decoding=\"async\" width=\"59\" height=\"60\" alt=\"deposito_calorexprotect.png\" src=\"https:\/\/h2otek.com\/tienda\/img\/cms\/aguacaliente\/calorex\/deposito-gas\/G\/deposito_calorexprotect.png\" \/><\/td>\n<td>\n<p><span><strong>Calorex Protect<\/strong>, el termostato m\u00e1s preciso y seguro: solo Gira, Enciende y Disfruta.<\/span><\/p>\n<\/td>\n<\/tr>\n<tr>\n<td><img loading=\"lazy\" decoding=\"async\" width=\"59\" height=\"60\" alt=\"\" src=\"https:\/\/h2otek.com\/tienda\/img\/cms\/aguacaliente\/calorex\/deposito-gas\/G\/deposito_encendidoelectronico.png\" \/><\/td>\n<td>\n<p><span>Encendido electr\u00f3nico suave al tacto, <strong>sin necesidad de cerillos.<\/strong><\/span><\/p>\n<\/td>\n<\/tr>\n<tr>\n<td><img loading=\"lazy\" decoding=\"async\" width=\"59\" height=\"60\" alt=\"\" src=\"https:\/\/h2otek.com\/tienda\/img\/cms\/aguacaliente\/calorex\/deposito-gas\/G\/deposito_confortable.png\" \/><\/td>\n<td>Brinda los ba\u00f1os m\u00e1s confortables <strong>a\u00fan en climas fr\u00edos.<\/strong><\/p>\n<p><\/p>\n<\/td>\n<\/tr>\n<\/tbody>\n<\/table>\n<p><\/p>\n<p><strong><\/p>\n<p>CARACTER\u00cdSTICAS GENERALES:<\/strong><\/p>\n<ul>\n<li>Funciona con cualquier tipo de llave de agua (incluyendo monomando).<\/li>\n<li>Ideal para climas fr\u00edos.<\/li>\n<li>No requiere presi\u00f3n de agua.<\/li>\n<li>Funcionamiento \u00f3ptimo sin importar la salinidad del agua.<\/li>\n<li>Instalaci\u00f3n sin complicaciones.<\/li>\n<\/ul>\n<p><\/p>\n<p><\/p>\n<p style=\"text-align:center;\"><strong>TABLA DE ESPECIFICACIONES:<\/strong><\/p>\n<p align=\"center\"><img loading=\"lazy\" decoding=\"async\" width=\"620\" height=\"603\" alt=\"especificaciones-calentadores-depositoga\" src=\"https:\/\/h2otek.com\/tienda\/img\/cms\/aguacaliente\/calorex\/deposito-gas\/G\/especificaciones-calentadores-depositogas-calorex-G-20.gif\" \/><\/p>\n<p>* 1 servicio equivale a una regadera de 5 L\/min; medio servicio equivale a un lavabo de 3 L\/min.<\/p>\n<p align=\"center\">Una tina equivale a 150 L. Se recomienda instalar el calentador lo m\u00e1s cerca de la regadera. Las medidas son nominales.<\/p>\n<p align=\"center\">\u00a0<\/p>\n<p align=\"center\">\u00a0<\/p>\n<p align=\"center\">\u00a0<\/p>\n<p align=\"center\"><strong>CONOZCA SU CALENTADOR<\/p>\n<p><img loading=\"lazy\" decoding=\"async\" width=\"700\" height=\"465\" alt=\"\" src=\"https:\/\/h2otek.com\/tienda\/img\/cms\/aguacaliente\/calorex\/deposito-gas\/G\/componentes-calentador-depositogas-calorex-g.jpg\" \/><\/strong><\/p>\n<p align=\"center\">\n<p><img loading=\"lazy\" decoding=\"async\" width=\"600\" height=\"556\" alt=\"\" src=\"https:\/\/h2otek.com\/tienda\/img\/cms\/aguacaliente\/calorex\/deposito-gas\/G\/termostato-calentador-depositogas-calorex-g.jpg\" \/><\/p>\n<p align=\"center\">\n<p><\/p>\n<p align=\"center\">\n<p><img loading=\"lazy\" decoding=\"async\" width=\"277\" height=\"120\" alt=\"\" src=\"https:\/\/h2otek.com\/tienda\/img\/cms\/aguacaliente\/calorex\/deposito-gas\/G\/sistema-ultraheat.jpg\" \/><\/p>\n<p><img loading=\"lazy\" decoding=\"async\" width=\"300\" height=\"158\" alt=\"\" src=\"https:\/\/h2otek.com\/tienda\/img\/cms\/aguacaliente\/calorex\/depaso\/COXPSP\/garantia.png\" \/><\/p>\n<p>\u00a0<\/p>\n<p>* En comparaci\u00f3n de un calentador de 10 a\u00f1os de uso, acumulaciones de sales, eficiencia inferior al 75% y h\u00e1bitos de uso similares. <br \/>** V\u00e1lido en la Rep\u00fablica Mexicana, 1 a\u00f1o para otros pa\u00edses. 1 a\u00f1o en partes el\u00e9ctricas y electr\u00f3nicas.<\/p>\n<p>\u00a0<\/p>\n<p>\u00a0<\/p>\n<p><\/p>\n<p><span style=\"color:#4a4a4a;\"><strong>DESCARGAR MANUALES:<\/strong><\/span><\/p>\n<ul>\n<li><strong><a href=\"https:\/\/h2otek.com\/tienda\/img\/cms\/aguacaliente\/calorex\/deposito-gas\/G\/MANUAL%20DEL%20USUARIO%20CALENTADORES%20DEPOSITO%20A%20GAS%20TIPO%20ALMACENAMIENTO%20CALOREX%20G.pdf\" target=\"_blank\" rel=\"noopener\">MANUAL DEL USUARIO<\/a><\/strong><\/li>\n<li><a href=\"https:\/\/h2otek.com\/tienda\/img\/cms\/aguacaliente\/calorex\/deposito-gas\/G\/FICHA%20TECNICA%20CALENTADORES%20DEPOSITO%20A%20GAS%20TIPO%20ALMACENAMIENTO%20CALOREX%20G.pdf\" target=\"_blank\" rel=\"noopener\"><strong>FOLLETO<\/strong><\/a><\/li>\n<\/ul>\n<p>\u00a0<\/p>\n<p>\u00a0<\/p>\n<p>\u00a0<\/p>\n","protected":false},"excerpt":{"rendered":"<p><span style=\"color: #ff0000; font-size: 12pt;\"><strong>PRECIO\u00a0EN PESOS MEXICANOS.<br \/>PRECIO INCLUYE 16 % DE I.V.A.<br \/>PRECIO INCLUYE ENVIO (ZONA CENTRO).<\/strong><\/span><\/p>\n<h5><strong><span style=\"color: #ac0000;\">Servicios Simult\u00e1neos:\u00a0<br \/>2 SERVICIOS<\/span><\/strong><\/h5>\n<h5 style=\"text-align: left;\"><span style=\"color: #ac0000;\"><img loading=\"lazy\" decoding=\"async\" src=\"https:\/\/h2otek.com\/tienda\/img\/cms\/aguacaliente\/calorex\/depaso\/icS-regaderaCX.png\" alt=\"\" width=\"52\" height=\"50\" \/><span style=\"color: #000000;\">\u00a0 1 Servicio = 1 regadera de 5 L\/min<\/span><\/span><\/h5>\n<h5><span style=\"color: #ac0000;\"><span style=\"color: #000000;\"><img loading=\"lazy\" decoding=\"async\" src=\"https:\/\/h2otek.com\/tienda\/img\/cms\/aguacaliente\/calorex\/depaso\/icS-lavamanosCX.png\" alt=\"\" width=\"52\" height=\"50\" \/>\u00a0 \u00bd Servicio = 1 lavabo de 3 L\/min<\/span><\/p>\n<p>\u00a0 \u00a0 \u00a0\u00a0<br \/><\/span><\/h5>\n<p><em><strong>APLICACIONES M\u00c1S\u00a0 COMUNES:<\/strong><\/em><\/p>\n<ul>\n<li><strong><em>CASAS<\/em><\/strong><\/li>\n<li><strong><em>RESIDENCIAS<\/em><\/strong><\/li>\n<li><strong><em>DEPARTAMENTOS<\/em><\/strong><\/li>\n<li><strong><em>CONDOMINIOS, ETC.<\/em><\/strong><\/li>\n<\/ul>\n<p>\u00a0<\/p>\n","protected":false},"featured_media":4148,"comment_status":"closed","ping_status":"closed","template":"","meta":[],"pwb-brand":[],"product_brand":[],"product_cat":[412],"product_tag":[],"class_list":{"0":"post-19468","1":"product","2":"type-product","3":"status-publish","4":"has-post-thumbnail","6":"product_cat-en-gas-lp-butano-boilers-calentadores-de-agua","8":"first","9":"onbackorder","10":"purchasable","11":"product-type-simple"},"brands":[],"_links":{"self":[{"href":"https:\/\/h2otek.com\/tienda\/wp-json\/wp\/v2\/product\/19468","targetHints":{"allow":["GET"]}}],"collection":[{"href":"https:\/\/h2otek.com\/tienda\/wp-json\/wp\/v2\/product"}],"about":[{"href":"https:\/\/h2otek.com\/tienda\/wp-json\/wp\/v2\/types\/product"}],"replies":[{"embeddable":true,"href":"https:\/\/h2otek.com\/tienda\/wp-json\/wp\/v2\/comments?post=19468"}],"wp:featuredmedia":[{"embeddable":true,"href":"https:\/\/h2otek.com\/tienda\/wp-json\/wp\/v2\/media\/4148"}],"wp:attachment":[{"href":"https:\/\/h2otek.com\/tienda\/wp-json\/wp\/v2\/media?parent=19468"}],"wp:term":[{"taxonomy":"pwb-brand","embeddable":true,"href":"https:\/\/h2otek.com\/tienda\/wp-json\/wp\/v2\/pwb-brand?post=19468"},{"taxonomy":"product_brand","embeddable":true,"href":"https:\/\/h2otek.com\/tienda\/wp-json\/wp\/v2\/product_brand?post=19468"},{"taxonomy":"product_cat","embeddable":true,"href":"https:\/\/h2otek.com\/tienda\/wp-json\/wp\/v2\/product_cat?post=19468"},{"taxonomy":"product_tag","embeddable":true,"href":"https:\/\/h2otek.com\/tienda\/wp-json\/wp\/v2\/product_tag?post=19468"}],"curies":[{"name":"wp","href":"https:\/\/api.w.org\/{rel}","templated":true}]}}