{"id":19444,"date":"2021-07-06T21:22:15","date_gmt":"2021-07-06T21:22:15","guid":{"rendered":"https:\/\/h2otek.com\/tienda\/producto\/calentador-de-agua-hidronico-cap-650000-btuh-hidelta-flexgas-raypak-mod-h3-652cd\/"},"modified":"2022-10-08T19:40:07","modified_gmt":"2022-10-08T19:40:07","slug":"calentador-de-agua-hidronico-cap-650000-btuh-hidelta-flexgas-raypak-mod-h3-652cd","status":"publish","type":"product","link":"https:\/\/h2otek.com\/tienda\/producto\/calentador-de-agua-hidronico-cap-650000-btuh-hidelta-flexgas-raypak-mod-h3-652cd\/","title":{"rendered":"CALENTADOR DE AGUA HIDR\u00d3NICO CAP. 650,000 BTUH HIDELTA FLEXGAS\u00ae RAYPAK MOD. H3-652CD"},"content":{"rendered":"<p style=\"text-align: center;\"><img fetchpriority=\"high\" decoding=\"async\" src=\"https:\/\/h2otek.com\/tienda\/img\/cms\/aguacaliente\/raypak\/hidelta\/302CD-902CD\/header-raypak-hidronico-hidelta-flexgas-H3-652CD.jpg\" alt=\"header-raypak-hidronico-hidelta\" width=\"650\" height=\"300\" \/><\/p>\n<p style=\"text-align: left;\"><span style=\"text-decoration: underline;\"><strong><br \/>CALENTADOR HIDR\u00d3NICO HIDELTA FLEXGAS\u00ae<br \/><\/strong><\/span><\/p>\n<p><span style=\"text-align: justify;\">Aunque es posible convertir casi cualquier unidad Hi Delta\u00ae de gas natural a propano, lleva tiempo. El sistema patentado &#8220;FlexGas\u00ae&#8221; permite que la unidad se conecte para AMBOS combustibles, cambiando de operaci\u00f3n de un combustible a otro con el giro de una llave, \u00a1sin apagar la unidad en absoluto!<\/span><br \/><span id=\"result_box\" lang=\"es\" xml:lang=\"es\"><\/span><\/p>\n<p>\u00a0<\/p>\n<div id=\"tab-description\" class=\"panel wc-tab entry-content active\" style=\"text-align: justify;\"><\/p>\n<p style=\"text-align: justify;\"><strong>CARACTER\u00cdSTICAS:<br \/><\/strong><\/p>\n<ul>\n<li><span lang=\"es\" xml:lang=\"es\"><span title=\"All models Indoor\/Outdoor certified. \u00a0\u00a0\u00a0\u00a0\">Todos los modelos est\u00e1n certificados para interior\/exterior.<\/span><\/span><\/li>\n<li><span lang=\"es\" xml:lang=\"es\"><span title=\"84% Efficiency. \u00a0\u00a0\u00a0\u00a0\">84% de eficiencia.<\/span><\/span><\/li>\n<li><span lang=\"es\" xml:lang=\"es\"><span title=\"2-Stage operation. \u00a0\u00a0\u00a0\u00a0\">Operaci\u00f3n de 2 etapas<\/span><\/span><\/li>\n<li><span lang=\"es\" xml:lang=\"es\"><span title=\"Patented burner &quot;security blanket&quot; enhances staged combustion, minimizes installation, start-up issues, and protects burners from metal fatigue. \u00a0\u00a0\u00a0\u00a0\">La &#8220;manta de seguridad&#8221; del quemador patentada mejora la combusti\u00f3n por etapas, minimiza la instalaci\u00f3n, problemas de arranque y protege los quemadores de la fatiga del metal.<\/span><\/span><\/li>\n<li><span lang=\"es\" xml:lang=\"es\"><span title=\"105\u00baF minimum inlet water temperature. \u00a0\u00a0\u00a0\u00a0\">Temperatura m\u00ednima del agua de entrada de 105\u00ba F.<\/span><\/span><\/li>\n<li><span lang=\"es\" xml:lang=\"es\"><span title=\"Cast-iron headers with copper finned tube heat exchanger.\">Cabezales de hierro fundido con intercambiador de calor de tubo con aletas de cobre. <\/span><span title=\"Brass headers and cupro-nickel tubes available as options.\">Cabezales de lat\u00f3n y tubos de cupron\u00edquel disponibles como opciones. <\/span><span title=\"AB 1953 compliant. \u00a0\u00a0\u00a0\u00a0\">Cumple con AB 1953.<\/span><\/span><\/li>\n<li><span lang=\"es\" xml:lang=\"es\"><span title=\"Sidewall venting capable.\">Ventilaci\u00f3n de pared lateral capaz. <\/span><span title=\"No extractor needed for most applications. \u00a0\u00a0\u00a0\u00a0\">No se necesita extractor para la mayor\u00eda de las aplicaciones.<\/span><\/span><\/li>\n<li><span lang=\"es\" xml:lang=\"es\"><span title=\"Ducted combustion air ready.\">Conduccion de aire de combusti\u00f3n listo. <\/span><span title=\"TruSeal\u00ae CSA-Certified direct-vent available. \u00a0\u00a0\u00a0\u00a0\">Ventilaci\u00f3n directa certificada TruSeal\u00ae CSA disponible.<\/span><\/span><\/li>\n<li><span lang=\"es\" xml:lang=\"es\"><span title=\"Status display and on-board diagnostic center, English, no codes. \u00a0\u00a0\u00a0\u00a0\">Pantalla de estado y centro de diagn\u00f3stico a bordo, ingl\u00e9s, sin c\u00f3digos.<\/span><\/span><\/li>\n<li><span lang=\"es\" xml:lang=\"es\"><span title=\"Certified under SCAQMD Rule 1146.2.\">Certificado bajo SCAQMD Regla 1146.2. <\/span><span title=\"Meets all Low NOx regulations. \u00a0\u00a0\u00a0\u00a0\">Cumple con todas las regulaciones de bajo NOx.<\/span><\/span><\/li>\n<\/ul>\n<p><span lang=\"es\" xml:lang=\"es\"><span title=\"Rising energy costs, regulations and utility incentives have increased the demand for dual-fuel appliances.\">Los crecientes costos de energ\u00eda, las regulaciones y los incentivos a las empresas el\u00e9ctricas han incrementado la demanda de electrodom\u00e9sticos de combustible dual. <\/span><span title=\"Many state and local regulatory agencies require \u201cdual-fuel\u201d capability for critical facilities, such as hospitals and schools, to ensure emergency operation.\">Muchas agencias reguladoras estatales y locales requieren la capacidad de &#8220;doble combustible&#8221; para las instalaciones cr\u00edticas, como hospitales y escuelas, para garantizar la operaci\u00f3n de emergencia. <\/span><span title=\"Until now, the typical equipment solutions for domestic hot water supply and hydronic heating have been gas\/oil water heaters and boilers, or propane-air blenders, both of which are costly to install and maintain.\">Hasta ahora, las soluciones de equipos t\u00edpicos para el suministro de agua caliente dom\u00e9stica y la calefacci\u00f3n hidr\u00f3nica han sido los calentadores y calderas de agua\/aceite o las mezcladoras de propano y aire, que son costosas de instalar y mantener.<\/p>\n<p><\/span><span title=\"Cost factors are also driving the demand for dual-fuel appliances.\">Los factores de costo tambi\u00e9n est\u00e1n impulsando la demanda de electrodom\u00e9sticos de combustible dual. <\/span><span title=\"Companies with rapid fuel-switchover capability can take advantage of discounted rates being offered by gas utilities throughout the United States for interruptible fuel supplies.\">Las empresas con capacidad de cambio r\u00e1pido de combustible pueden aprovechar las tarifas con descuento que ofrecen las compa\u00f1\u00edas de gas en todo Estados Unidos para suministros de combustible interrumpibles. <\/span><span title=\"Then there\u2019s the rising cost of fuel, making the ability to switch fuels in response to pricing an attractive proposition.\">Luego est\u00e1 el creciente costo del combustible, lo que hace que la posibilidad de cambiar los combustibles en respuesta a los precios sea una propuesta atractiva.<\/p>\n<p><\/span><span title=\"With Raypak\u2019s FlexGas Hi Delta boilers and water heaters, natural-propane gas  switchover is fast and economical.\">Con las calderas y los calentadores de agua FlexGas Hi Delta de Raypak, el cambio de gas natural propano es r\u00e1pido y econ\u00f3mico. <\/span><span title=\"And there is no requirement for costly propane-air blenders or air compressors.\">Y no hay ning\u00fan requisito para costosas mezcladoras de propano y aire o compresores de aire.<\/span><\/span><\/div>\n<div>\u00a0<\/div>\n<div>\u00a0<\/div>\n<div class=\"panel wc-tab entry-content active\" style=\"text-align: center;\"><strong>COMPONENTES<\/strong><\/div>\n<div>\u00a0<\/div>\n<div style=\"text-align: center;\"><img decoding=\"async\" src=\"https:\/\/h2otek.com\/tienda\/img\/cms\/aguacaliente\/raypak\/hidelta\/302CD-902CD\/componentes-raypak-hidronico-hidelta-flexgas-01.jpg\" alt=\"\" width=\"505\" height=\"544\" \/><\/div>\n<div>\u00a0<\/div>\n<div style=\"text-align: center;\"><strong><span lang=\"es\" xml:lang=\"es\">Fig. 1: Ubicaciones de los componentes &#8211; Atr\u00e1s<br \/>La tapa FlexGas no se muestra para mayor claridad<\/span><\/strong><\/div>\n<div>\u00a0<\/div>\n<div>\u00a0<\/div>\n<div>\u00a0<\/div>\n<div style=\"text-align: center;\"><img decoding=\"async\" src=\"https:\/\/h2otek.com\/tienda\/img\/cms\/aguacaliente\/raypak\/hidelta\/302CD-902CD\/componentes-raypak-hidronico-hidelta-flexgas-02.jpg\" alt=\"\" width=\"700\" height=\"274\" \/><\/div>\n<div style=\"text-align: center;\"><strong><span lang=\"es\" xml:lang=\"es\">Fig. 2: Conexi\u00f3n de suministro de gas &#8211; Vista superior<\/span><\/strong><\/div>\n<div>\u00a0<\/div>\n<div>\u00a0<\/div>\n<div>\u00a0<\/div>\n<div style=\"text-align: center;\"><img loading=\"lazy\" decoding=\"async\" src=\"https:\/\/h2otek.com\/tienda\/img\/cms\/aguacaliente\/raypak\/hidelta\/302CD-902CD\/componentes-raypak-hidronico-hidelta-flexgas-03.jpg\" alt=\"\" width=\"638\" height=\"578\" \/><\/div>\n<div style=\"text-align: center;\"><strong><span lang=\"es\" xml:lang=\"es\">Fig. 3: Ubicaciones de eliminaci\u00f3n y ventilaci\u00f3n de la cubierta FlexGas<\/span><\/strong><\/div>\n<div>\u00a0<\/div>\n<div>\u00a0<\/div>\n<div>\u00a0<\/div>\n<div style=\"text-align: center;\"><img loading=\"lazy\" decoding=\"async\" src=\"https:\/\/h2otek.com\/tienda\/img\/cms\/aguacaliente\/raypak\/hidelta\/302CD-902CD\/componentes-raypak-hidronico-hidelta-flexgas-04.jpg\" alt=\"\" width=\"700\" height=\"261\" \/><\/div>\n<div style=\"text-align: center;\"><strong><span class=\"short_text\" lang=\"es\" xml:lang=\"es\">Fig. 4: Ubicaciones de medici\u00f3n de la presi\u00f3n del gas FlexGas<\/span><\/strong><\/div>\n<div>\u00a0<\/div>\n<div>\u00a0<\/div>\n<div>\u00a0<\/div>\n<p><strong>DESCARGAR MANUALES<\/strong><\/p>\n<ul>\n<li><strong><a href=\"http:\/\/www.h2otek.com\/tienda\/pdf\/aguacaliente\/FOLLETO%20CALENTADORES%20HIDRONICOS%20HIDELTA%20FLEXGAS%20302CD-902CD.pdf\" target=\"_blank\" rel=\"noopener\">FOLLETO<\/a><\/strong><\/li>\n<li><strong><a href=\"http:\/\/www.h2otek.com\/tienda\/pdf\/aguacaliente\/ESPECIFICACIONES%20CALENTADORES%20HIDRONICOS%20HIDELTA%20FLEXGAS%20302CD-902CD.pdf\" target=\"_blank\" rel=\"noopener\">ESPECIFICACIONES<\/a><\/strong><\/li>\n<li><strong><a href=\"http:\/\/www.h2otek.com\/tienda\/pdf\/aguacaliente\/INSTALACION%20Y%20OPERACION%20CALENTADORES%20HIDRONICOS%20HIDELTA%20FLEXGAS%20302CD-902CD.pdf\" target=\"_blank\" rel=\"noopener\">INSTALACI\u00d3N Y OPERACI\u00d3N<\/a><\/strong><\/li>\n<li><strong><a href=\"http:\/\/www.h2otek.com\/tienda\/pdf\/aguacaliente\/LISTA%20DE%20PARTES%20CALENTADORES%20HIDRONICOS%20HIDELTA%20FLEXGAS%20302CD-902CD.pdf\" target=\"_blank\" rel=\"noopener\">LISTA DE PARTES<\/a><\/strong><\/li>\n<\/ul>\n<p>\u00a0<\/p>\n<div>\n<p><strong>PRECIO INCLUYE GASTOS DE ENVIO (GRATIS) E IMPUESTO 16% DE IVA.<\/strong><\/p>\n<\/div>\n","protected":false},"excerpt":{"rendered":"<p><span style=\"color: #ff0000;\"><strong>PARA PRECIO DE ESTE PRODUCTO FAVOR DE COMUNICARSE EN ATENCION A CLIENTES: info@h2otek.com O AL TEL: 01 800 94 26 835<\/strong><\/span><\/p>\n<div id=\"short_description_block\">\n<div id=\"short_description_content\" class=\"rte align_justify\">\n<p><span style=\"color: #ff0000;\"><strong>CALENTADOR DE AGUA HIDR\u00d3NICO 650,000 BTUH HIDELTA FLEXGAS\u00ae MARCA RAYPAK<\/strong><\/span><\/p>\n<p><strong>CALEFACCI\u00d3N EN PISCINAS POR DEMANDA O RECIRCULACION DE AGUA CALIENTE. OPERACI\u00d3N SILENCIOSA.<em><br \/><\/em><\/strong><\/p>\n<p><em><strong>IDEALES EN:<\/strong><\/em><\/p>\n<ul>\n<li><em><strong>ALBERCA \u00d3 PISCINA<br \/><\/strong><\/em><\/li>\n<li><em><strong>SPA<\/strong><\/em><\/li>\n<li><em><strong>JACUZZI<\/strong><\/em><\/li>\n<li><em><strong>HIDROMASAJE, ETC.<\/strong><\/em><\/li>\n<\/ul>\n<\/div>\n<\/div>\n","protected":false},"featured_media":7858,"comment_status":"closed","ping_status":"open","template":"","meta":[],"pwb-brand":[],"product_brand":[],"product_cat":[451],"product_tag":[],"class_list":{"0":"post-19444","1":"product","2":"type-product","3":"status-publish","4":"has-post-thumbnail","6":"product_cat-caldera-hidronica-hi-delta-flexgas-302cd-902cd","8":"first","9":"outofstock","10":"purchasable","11":"product-type-simple"},"brands":[],"_links":{"self":[{"href":"https:\/\/h2otek.com\/tienda\/wp-json\/wp\/v2\/product\/19444","targetHints":{"allow":["GET"]}}],"collection":[{"href":"https:\/\/h2otek.com\/tienda\/wp-json\/wp\/v2\/product"}],"about":[{"href":"https:\/\/h2otek.com\/tienda\/wp-json\/wp\/v2\/types\/product"}],"replies":[{"embeddable":true,"href":"https:\/\/h2otek.com\/tienda\/wp-json\/wp\/v2\/comments?post=19444"}],"wp:featuredmedia":[{"embeddable":true,"href":"https:\/\/h2otek.com\/tienda\/wp-json\/wp\/v2\/media\/7858"}],"wp:attachment":[{"href":"https:\/\/h2otek.com\/tienda\/wp-json\/wp\/v2\/media?parent=19444"}],"wp:term":[{"taxonomy":"pwb-brand","embeddable":true,"href":"https:\/\/h2otek.com\/tienda\/wp-json\/wp\/v2\/pwb-brand?post=19444"},{"taxonomy":"product_brand","embeddable":true,"href":"https:\/\/h2otek.com\/tienda\/wp-json\/wp\/v2\/product_brand?post=19444"},{"taxonomy":"product_cat","embeddable":true,"href":"https:\/\/h2otek.com\/tienda\/wp-json\/wp\/v2\/product_cat?post=19444"},{"taxonomy":"product_tag","embeddable":true,"href":"https:\/\/h2otek.com\/tienda\/wp-json\/wp\/v2\/product_tag?post=19444"}],"curies":[{"name":"wp","href":"https:\/\/api.w.org\/{rel}","templated":true}]}}