{"id":19433,"date":"2021-07-06T21:22:15","date_gmt":"2021-07-06T21:22:15","guid":{"rendered":"https:\/\/h2otek.com\/tienda\/producto\/boiler-a-gas-uso-comercial-industrial-de-90000-a-399000-btu-marca-raypak-linea-econopak\/"},"modified":"2022-10-31T17:05:03","modified_gmt":"2022-10-31T17:05:03","slug":"boiler-a-gas-uso-comercial-industrial-de-90000-a-399000-btu-marca-raypak-linea-econopak","status":"publish","type":"product","link":"https:\/\/h2otek.com\/tienda\/producto\/boiler-a-gas-uso-comercial-industrial-de-90000-a-399000-btu-marca-raypak-linea-econopak\/","title":{"rendered":"BOILER A GAS USO COMERCIAL-INDUSTRIAL DE 90,000 A 399,000 BTU MARCA RAYPAK LINEA ECONOPAK MOD. ECONOPAK"},"content":{"rendered":"<p style=\"text-align: center;\"><img decoding=\"async\" src=\"https:\/\/www.h2otek.com\/tienda\/Images\/boilers\/raypak\/header-raypak-econopak.jpg\" alt=\"header-raypak-econopak.jpg\" border=\"0\" \/><\/p>\n<div><strong>CARACTERISTICAS:<\/strong><\/div>\n<div>\n<ul>\n<li>Todas las v\u00edas navegables no ferrosas<\/li>\n<li>Montaje y cableado de la bomba de f\u00e1brica en acero inoxidable (tuber\u00edas por otros)<\/li>\n<li>Alta eficiencia &#8211; Hasta 82% de eficiencia t\u00e9rmica<\/li>\n<li>Seis modelos disponibles: 90.000 a 399.000 BTU de entrada por hora<\/li>\n<li>S\u00faper Recuperaci\u00f3n R\u00e1pida &#8211; Consistente 140\u00b0 F agua entrega, incluso en tiempos de m\u00e1xima demanda<\/li>\n<li>Larga vida de servicio (cuatro veces m\u00e1s que los calentadores promedio de tipo tanque)<\/li>\n<li>Dise\u00f1o compacto &#8211; Cabe en salas de equipos peque\u00f1os<\/li>\n<li>Respaldado por una garant\u00eda limitada de veinte a\u00f1os<\/li>\n<li>S3874 Federal y de California AB1953 Certificaci\u00f3n CSA para el cumplimiento bajo en plomo<\/li>\n<\/ul>\n<p>&nbsp;<\/p>\n<\/div>\n<div style=\"text-align: center;\"><strong>DIMENSIONES:<\/strong><\/div>\n<div style=\"text-align: center;\"><strong>MODELOS WH-90, WH-135, WH-195<\/strong><\/div>\n<p style=\"text-align: center;\"><img decoding=\"async\" src=\"https:\/\/www.h2otek.com\/tienda\/Images\/boilers\/raypak\/dimensiones-econopak-01.gif\" alt=\"dimensiones-econopak-01.gif\" border=\"0\" \/><\/p>\n<p style=\"text-align: center;\">Dibujo 1<\/p>\n<p style=\"text-align: center;\">Todas las dimensiones est\u00e1n en pulgadas.<\/p>\n<p style=\"text-align: center;\"><img decoding=\"async\" src=\"https:\/\/www.h2otek.com\/tienda\/Images\/boilers\/raypak\/dimensiones-econopak-02.gif\" alt=\"dimensiones-econopak-02.gif\" border=\"0\" \/><\/p>\n<p style=\"text-align: center;\">Dibujo 1A-paso<\/p>\n<p style=\"text-align: center;\"><strong>MODELOS WH-260, WH-330, WH-400<\/strong><\/p>\n<p style=\"text-align: center;\"><img decoding=\"async\" src=\"https:\/\/www.h2otek.com\/tienda\/Images\/boilers\/raypak\/dimensiones-econopak-03.gif\" alt=\"dimensiones-econopak-03.gif\" border=\"0\" \/><\/p>\n<p style=\"text-align: center;\">Dibujo 2<\/p>\n<p style=\"text-align: center;\">Todas las dimensiones est\u00e1n en pulgadas.<\/p>\n<p style=\"text-align: center;\"><img decoding=\"async\" src=\"https:\/\/www.h2otek.com\/tienda\/Images\/boilers\/raypak\/dimensiones-econopak-04.gif\" alt=\"dimensiones-econopak-04.gif\" border=\"0\" \/><\/p>\n<p style=\"text-align: center;\">Dibujo 2A-paso<\/p>\n<div style=\"text-align: center;\"><strong>TABLA DE ESPECIFICACIONES:<\/strong><\/div>\n<p style=\"text-align: center;\"><a href=\"http:\/\/www.h2otek.com\/tienda\/Images\/boilers\/raypak\/especificaciones-econopak-gde.gif\" target=\"_blank\" rel=\"noopener\"><img decoding=\"async\" src=\"https:\/\/www.h2otek.com\/tienda\/Images\/boilers\/raypak\/especificaciones-econopak.gif\" alt=\"especificaciones-econopak.gif\" border=\"0\" \/><\/a><\/p>\n<p style=\"text-align: center;\">(Clic en la imagen para agrandar)<\/p>\n<p>&nbsp;<\/p>\n<p>&nbsp;<\/p>\n<p style=\"text-align: center;\"><strong>CERTIFICACIONES:<\/strong><\/p>\n<p style=\"text-align: center;\"><img decoding=\"async\" src=\"https:\/\/www.h2otek.com\/tienda\/Images\/boilers\/raypak\/certificaciones-econopak.gif\" alt=\"certificaciones-econopak.gif\" border=\"0\" \/><\/p>\n<p>&nbsp;<\/p>\n<p>&nbsp;<\/p>\n<p><strong>DESCARGAR MANUALES:<\/strong><\/p>\n<ul>\n<li><a href=\"https:\/\/h2otek.com\/tienda\/pdf\/aguacaliente\/FOLLETO_BOILERS_A_GAS_COMERCIAL_INDUSTRIAL_LINEA_ECONOPAK_MARCA_RAYPAK.pdf\" target=\"_blank\" rel=\"noopener\"><strong>FOLLETO<\/strong><\/a><\/li>\n<\/ul>\n<p>&nbsp;<\/p>\n<div><strong><span style=\"color: #000000;\">PRECIO INCLUYE GASTOS DE ENVIO (GRATIS) E IMPUESTO 16 % DE IVA<\/span><\/strong><\/div>\n","protected":false},"excerpt":{"rendered":"<p><span style=\"color: #ff0000;\"><strong>PARA PRECIO DE ESTE PRODUCTO FAVOR DE COMUNICARSE EN ATENCION A CLIENTES: info@h2otek.com O AL TEL: 01 800 94 26 835<\/strong><\/span><\/p>\n<p style=\"text-align: left;\"><em><strong><span style=\"font-size: small; color: #000000;\"><strong>RECOMENDADO PARA USO COMERCIAL-INDUSTRIAL<\/strong><\/span><\/strong><\/em><\/p>\n<p style=\"text-align: left;\"><em><span style=\"font-size: small;\"><strong>IDEALES PARA CUALQUIER NECESIDAD DE AGUA CALIENTE, COMO PUEDE SER EN:<\/strong><\/span><\/em><\/p>\n<ul>\n<li><em><span style=\"font-size: small;\"><strong>CASAS<\/strong><\/span><\/em><\/li>\n<li><em><span style=\"font-size: small;\"><strong>RESIDENCIAS<\/strong><\/span><\/em><\/li>\n<li><em><span style=\"font-size: small;\"><strong>DEPARTAMENTOS<\/strong><\/span><\/em><\/li>\n<li><em><span style=\"font-size: small;\"><strong>CONDOMINIOS<\/strong><\/span><\/em><\/li>\n<li><em><span style=\"font-size: small;\"><strong>RESTAURANTES<\/strong><\/span><\/em><\/li>\n<li><em><span style=\"font-size: small;\"><strong>HOTELES\/MOTELES<\/strong><\/span><\/em><\/li>\n<li><em><span style=\"font-size: small;\"><strong>LAVANDER\u00cdAS COMERCIALES<\/strong><\/span><\/em><\/li>\n<li><em><span style=\"font-size: small;\"><strong>CL\u00cdNICAS DE REPOSO<\/strong><\/span><\/em><\/li>\n<li><em><span style=\"font-size: small;\"><strong>ETC.<\/strong><\/span><\/em><\/li>\n<\/ul>\n","protected":false},"featured_media":7390,"comment_status":"closed","ping_status":"closed","template":"","meta":[],"pwb-brand":[],"product_brand":[],"product_cat":[364],"product_tag":[],"class_list":{"0":"post-19433","1":"product","2":"type-product","3":"status-publish","4":"has-post-thumbnail","6":"product_cat-raypak-calentadores-de-agua-boilers-calderas","8":"first","9":"outofstock","10":"purchasable","11":"product-type-simple"},"brands":[],"_links":{"self":[{"href":"https:\/\/h2otek.com\/tienda\/wp-json\/wp\/v2\/product\/19433","targetHints":{"allow":["GET"]}}],"collection":[{"href":"https:\/\/h2otek.com\/tienda\/wp-json\/wp\/v2\/product"}],"about":[{"href":"https:\/\/h2otek.com\/tienda\/wp-json\/wp\/v2\/types\/product"}],"replies":[{"embeddable":true,"href":"https:\/\/h2otek.com\/tienda\/wp-json\/wp\/v2\/comments?post=19433"}],"wp:featuredmedia":[{"embeddable":true,"href":"https:\/\/h2otek.com\/tienda\/wp-json\/wp\/v2\/media\/7390"}],"wp:attachment":[{"href":"https:\/\/h2otek.com\/tienda\/wp-json\/wp\/v2\/media?parent=19433"}],"wp:term":[{"taxonomy":"pwb-brand","embeddable":true,"href":"https:\/\/h2otek.com\/tienda\/wp-json\/wp\/v2\/pwb-brand?post=19433"},{"taxonomy":"product_brand","embeddable":true,"href":"https:\/\/h2otek.com\/tienda\/wp-json\/wp\/v2\/product_brand?post=19433"},{"taxonomy":"product_cat","embeddable":true,"href":"https:\/\/h2otek.com\/tienda\/wp-json\/wp\/v2\/product_cat?post=19433"},{"taxonomy":"product_tag","embeddable":true,"href":"https:\/\/h2otek.com\/tienda\/wp-json\/wp\/v2\/product_tag?post=19433"}],"curies":[{"name":"wp","href":"https:\/\/api.w.org\/{rel}","templated":true}]}}