{"id":19420,"date":"2021-07-06T21:22:10","date_gmt":"2021-07-06T21:22:10","guid":{"rendered":"https:\/\/h2otek.com\/tienda\/producto\/deshumidificador-cap-6625-btu-hr-115v-marca-ebac-mod-cs-60\/"},"modified":"2026-01-24T17:16:23","modified_gmt":"2026-01-24T17:16:23","slug":"deshumidificador-cap-6625-btu-hr-115v-marca-ebac-mod-cs-60","status":"publish","type":"product","link":"https:\/\/h2otek.com\/tienda\/producto\/deshumidificador-cap-6625-btu-hr-115v-marca-ebac-mod-cs-60\/","title":{"rendered":"DESHUMIDIFICADOR  CAP. 6,625 BTU\/HR 115V. MARCA EBAC MOD. CS60"},"content":{"rendered":"<p style=\"text-align: center;\"><img decoding=\"async\" src=\"https:\/\/www.h2otek.com\/tienda\/Images\/deshumidificadores\/deshumidificadorebac-cs60.jpg\" alt=\"\" border=\"0\" \/><\/p>\n<p style=\"text-align: justify;\">El Humidificador CS60 Ebac es de alta resistencia, port\u00e1til que puede usar en su casa en un ambiente h\u00f3stil, para usos\u00a0 industriales y marinos. Es ideal tanto para una instalaci\u00f3n permanente en las estaciones de bombeo remoto, galer\u00edas de tuber\u00eda, \u00e1reas de equipos electr\u00f3nicos y mec\u00e1nicos, o por un transporte r\u00e1pido entre los lugares de trabajo y las \u00e1reas problem\u00e1ticas. Usted puede confiar en esta unidad duradera para llevar a cabo fielmente, sin mantenimiento complicado o costoso tiempo de inactividad.<\/p>\n<p style=\"text-align: justify;\"><strong>Rendimiento:<\/strong> En las condiciones de funcionamiento de 80\u00ba F y el 60% de humedad relativa del CS60 Ebac, eliminar\u00e1 m\u00e1s de 56 pintas de vapor de agua perjudiciales por d\u00eda.<\/p>\n<p style=\"text-align: justify;\"><strong>APLICACI\u00d3N<\/strong><\/p>\n<p style=\"text-align: justify;\">El deshumidificador comercial\/industrial EIPL CS60 fue dise\u00f1ado para proporcionar control de humedad eficiente de la energ\u00eda en una amplia gama de aplicaciones, incluyendo oficinas, laboratorios, departamentos, almacenes, restaurantes, bares, museos, vestuarios, salas de inform\u00e1tica, telecomunicaciones y s\u00f3tanos. Se trata de una unidad eficiente, tranquila, de alta capacidad, dise\u00f1ado para adaptarse a sus necesidades de climatizaci\u00f3n. La gama de deshumidificadores EIPL son ideales para prevenir la formaci\u00f3n de condensaci\u00f3n en las ventanas, paredes y techos, eliminando el exceso de humedad. Tambi\u00e9n se detendr\u00e1 la formaci\u00f3n de moho y eliminar el \u00f3xido y la corrosi\u00f3n.<\/p>\n<p style=\"text-align: justify;\"><strong>CARACTER\u00cdSTICAS PRINCIPALES DE DISE\u00d1O<\/strong><\/p>\n<p style=\"text-align: justify;\">Higrostato de control ajustable para mantener el nivel de sequedad, un punto de drenaje conveniente para recogida de condensados \u200b\u200by manguera como accesorio, funci\u00f3n \u00fanica de descongelaci\u00f3n del EIP &#8220;Hot Gas&#8221; que se funde de forma autom\u00e1tica de distancia, acumulaci\u00f3n de escarcha que proporciona un funcionamiento eficaz a bajas temperaturas, resistente chasis de acero con recubrimiento de polvo epoxi, higrostato regulable para un funcionamiento totalmente autom\u00e1tico, compresor rotativo de alta eficiencia, la simplicidad de la instalaci\u00f3n y el funcionamiento de un enchufe est\u00e1ndar de 115V, cable de corriente extra largo, manijas plegables.<\/p>\n<p style=\"text-align: justify;\"><strong>RENDIMIENTO COMPROBADO<\/strong><\/p>\n<p style=\"text-align: justify;\">El deshumidificador EIPL CS60 es una soluci\u00f3n independiente a su problema de humedad. La unidad se suministra con un pre-cableado, higrostato interno, cable de alimentaci\u00f3n extra largo y punto de conexi\u00f3n de condensado externo. Este montaje previo hace el proceso de instalaci\u00f3n simplista, reduciendo de este modo la instalaci\u00f3n global y el costo del proyecto. El compresor rotativo de alta eficiencia asegura la m\u00e1xima extracci\u00f3n de los costos de funcionamiento m\u00e1s bajos. Las patas antivibratorias de caucho aseguran cualquier vibraci\u00f3n, se mantiene a un m\u00ednimo y no se transmite a la unidad.<\/p>\n<p style=\"text-align: justify;\"><strong>EL DESHUMIDIFICADOR<\/strong><\/p>\n<p style=\"text-align: justify;\">Los Deshumidificadores EIPL son soluciones efectivas a los problemas de control ambiental. Los rangos de los deshumidificadores de las unidades CS son deshumidificadores de alta capacidad, hechos para operar a altas eficiencias mediante la eliminaci\u00f3n de la humedad del aire a trav\u00e9s del proceso de refrigeraci\u00f3n. El ventilador aspira el aire h\u00famedo a trav\u00e9s de la bobina del evaporador fr\u00edo, que enfr\u00eda el aire por debajo de su punto de roc\u00edo. Se forma humedad en el serpent\u00edn del evaporador y se recoge en la bandeja de condensados. El aire enfriado a continuaci\u00f3n, pasa a trav\u00e9s del serpent\u00edn del condensador caliente donde se recalienta utilizando la misma energ\u00eda eliminada durante la fase de enfriamiento, m\u00e1s el calor adicional generado por el compresor. El aire es, por lo tanto, dado de alta del deshumidificador a una temperatura ligeramente m\u00e1s alta con una humedad absoluta inferior a la que entr\u00f3. La circulaci\u00f3n continua de aire a trav\u00e9s del deshumidificador reduce gradualmente la humedad relativa dentro de la zona. Debido a que los rangos de las unidades CS est\u00e1n equipadas con un higrostato interno, se encienden autom\u00e1ticamente y se apagan para ahorrar energ\u00eda y dinero, para mantener el nivel deseado de humedad con funcionamiento intermitente. El peque\u00f1o tama\u00f1o compacto del CS60 hace de la unidad la opci\u00f3n ideal para instalaciones donde el acceso es limitado, es decir, espacios de arrastre, etc.<\/p>\n<p style=\"text-align: justify;\"><strong>APLICACIONES:<\/strong><\/p>\n<ul>\n<li>Oficinas<\/li>\n<li>Laboratorios<\/li>\n<li>Departamentos<\/li>\n<li>\u00c1reas de almacenamiento<\/li>\n<li>Restaurantes<\/li>\n<li>Bares<\/li>\n<li>Museos<\/li>\n<li>Habitaciones<\/li>\n<li>Cuartos de computadoras<\/li>\n<li>S\u00f3tanos<\/li>\n<\/ul>\n<p><span style=\"font-weight: bold; text-align: justify;\">CARACTER\u00cdSTICAS:<\/span><\/p>\n<ul style=\"text-align: justify;\">\n<li>Encendido\/apagado a trav\u00e9s de humidistato<\/li>\n<li>Control electr\u00f3nico de descongelamiento<\/li>\n<li>Tipo de compresor rotativo<\/li>\n<li>Manguera de drenaje cd PVC<\/li>\n<li>Higrostatos regulables<\/li>\n<li>Asa de transporte<\/li>\n<li>Descongelamiento con gas caliente<\/li>\n<li>Tipo de compresor giratorio<\/li>\n<li>Tipo de refrigerante R407c<\/li>\n<li>Independiente<\/li>\n<li>Drenaje por gravedad<\/li>\n<li>Patas giratorias de caucho<\/li>\n<li>Filtro de aire lavable<\/li>\n<li>1\/2&#8243; de drenaje de di\u00e1metro de conexi\u00f3n de manguera<\/li>\n<li>10&#8243; de longitud de manguera de drenaje de PVC<\/li>\n<li>Acabado al horno en epoxi<\/li>\n<li>Construcci\u00f3n acero inoxidable<\/li>\n<\/ul>\n<p>&nbsp;<\/p>\n<p style=\"text-align: center;\"><strong><span style=\"color: #000000;\">TABLA DE ESPECIFICACIONES:<\/span><\/strong><\/p>\n<div class=\"WordSection1\" style=\"text-align: justify;\">\n<table class=\"MsoTableLightShadingAccent1\" style=\"margin-left: 42.55pt; border-collapse: collapse; height: 397px;\" border=\"1\" cellspacing=\"0\" cellpadding=\"0\">\n<tbody>\n<tr style=\"height: 16.65pt;\">\n<td style=\"width: 50.6pt; padding: 0cm 5.4pt; height: 16.65pt;\" valign=\"top\" width=\"67\">\n<p class=\"MsoNormal\" style=\"margin-bottom: .0001pt; text-align: center; line-height: normal;\" align=\"center\"><strong><span style=\"font-size: 10pt; color: #000000;\">DESHUMIDIFICADOR \u00a0<\/span><\/strong><\/p>\n<\/td>\n<td style=\"width: 93.15pt; padding: 0cm 5.4pt; height: 16.65pt;\" valign=\"top\" width=\"124\">\n<p class=\"MsoNormal\" style=\"margin-bottom: .0001pt; line-height: normal; text-align: center;\"><strong><span style=\"color: #000000;\">\u00a0 <\/span><\/strong><strong><span style=\"font-size: 10pt; color: #000000;\">MODELO CS60<\/span><\/strong><\/p>\n<\/td>\n<\/tr>\n<tr style=\"height: 16.65pt;\">\n<td style=\"width: 50.6pt; background: #d3dfee none repeat scroll 0% 0%; padding: 0cm 5.4pt; height: 16.65pt;\" valign=\"top\" width=\"67\">\n<p class=\"MsoNormal\" style=\"margin-bottom: .0001pt; line-height: normal;\"><strong><span style=\"font-size: 8pt;\">Altura<\/span><\/strong><\/p>\n<\/td>\n<td style=\"width: 93.15pt; background: #d3dfee none repeat scroll 0% 0%; padding: 0cm 5.4pt; height: 16.65pt;\" valign=\"top\" width=\"124\">\n<p class=\"MsoNormal\" style=\"margin-bottom: .0001pt; line-height: normal;\"><span style=\"color: #000000;\">14 pulgadas<br \/>\n<\/span><\/p>\n<\/td>\n<\/tr>\n<tr style=\"height: 16.65pt;\">\n<td style=\"width: 50.6pt; padding: 0cm 5.4pt; height: 16.65pt;\" valign=\"top\" width=\"67\">\n<p class=\"MsoNormal\" style=\"margin-bottom: .0001pt; line-height: normal;\"><strong><span style=\"font-size: 8pt;\">Ancho<\/span><\/strong><\/p>\n<\/td>\n<td style=\"width: 93.15pt; padding: 0cm 5.4pt; height: 16.65pt;\" valign=\"top\" width=\"124\">\n<p class=\"MsoNormal\" style=\"margin-bottom: .0001pt; line-height: normal;\"><span style=\"color: #000000;\">14 pulgadas<br \/>\n<\/span><\/p>\n<\/td>\n<\/tr>\n<tr style=\"height: 16.65pt;\">\n<td style=\"width: 50.6pt; background: #d3dfee none repeat scroll 0% 0%; padding: 0cm 5.4pt; height: 16.65pt;\" valign=\"top\" width=\"67\">\n<p class=\"MsoNormal\" style=\"margin-bottom: .0001pt; line-height: normal;\"><strong><span style=\"font-size: 8pt;\">Profundidad<\/span><\/strong><\/p>\n<\/td>\n<td style=\"width: 93.15pt; background: #d3dfee none repeat scroll 0% 0%; padding: 0cm 5.4pt; height: 16.65pt;\" valign=\"top\" width=\"124\">\n<p class=\"MsoNormal\" style=\"margin-bottom: .0001pt; line-height: normal;\"><span style=\"color: #000000;\">20 pulgadas<br \/>\n<\/span><\/p>\n<\/td>\n<\/tr>\n<tr style=\"height: 16.65pt;\">\n<td style=\"width: 50.6pt; padding: 0cm 5.4pt; height: 16.65pt;\" valign=\"top\" width=\"67\">\n<p class=\"MsoNormal\" style=\"margin-bottom: .0001pt; line-height: normal;\"><strong><span style=\"font-size: 8pt;\">Peso<\/span><\/strong><\/p>\n<\/td>\n<td style=\"width: 93.15pt; padding: 0cm 5.4pt; height: 16.65pt;\" valign=\"top\" width=\"124\">\n<p class=\"MsoNormal\" style=\"margin-bottom: .0001pt; line-height: normal;\"><span style=\"color: #000000;\">28.5 kg<\/span><\/p>\n<\/td>\n<\/tr>\n<tr style=\"height: 15.95pt;\">\n<td style=\"width: 50.6pt; background: #d3dfee none repeat scroll 0% 0%; padding: 0cm 5.4pt; height: 15.95pt;\" valign=\"top\" width=\"67\">\n<p class=\"MsoNormal\" style=\"margin-bottom: .0001pt; line-height: normal;\"><strong><span style=\"font-size: 8pt;\">Voltaje<\/span><\/strong><\/p>\n<\/td>\n<td style=\"width: 93.15pt; background: #d3dfee none repeat scroll 0% 0%; padding: 0cm 5.4pt; height: 15.95pt;\" valign=\"top\" width=\"124\">\n<p class=\"MsoNormal\" style=\"margin-bottom: .0001pt; line-height: normal;\"><span style=\"color: #000000;\">110 V<\/span><\/p>\n<\/td>\n<\/tr>\n<tr style=\"height: 16.65pt;\">\n<td style=\"width: 50.6pt; padding: 0cm 5.4pt; height: 16.65pt;\" valign=\"top\" width=\"67\">\n<p class=\"MsoNormal\" style=\"margin-bottom: .0001pt; line-height: normal;\"><strong><span style=\"font-size: 8pt;\">Fase<\/span><\/strong><\/p>\n<\/td>\n<td style=\"width: 93.15pt; padding: 0cm 5.4pt; height: 16.65pt;\" valign=\"top\" width=\"124\">\n<p class=\"MsoNormal\" style=\"margin-bottom: .0001pt; line-height: normal;\"><span style=\"color: #000000;\">1<\/span><\/p>\n<\/td>\n<\/tr>\n<tr style=\"height: 16.65pt;\">\n<td style=\"width: 50.6pt; background: #d3dfee none repeat scroll 0% 0%; padding: 0cm 5.4pt; height: 16.65pt;\" valign=\"top\" width=\"67\">\n<p class=\"MsoNormal\" style=\"margin-bottom: .0001pt; line-height: normal;\"><strong><span style=\"font-size: 8pt;\">Frecuencia<\/span><\/strong><\/p>\n<\/td>\n<td style=\"width: 93.15pt; background: #d3dfee none repeat scroll 0% 0%; padding: 0cm 5.4pt; height: 16.65pt;\" valign=\"top\" width=\"124\">\n<p class=\"MsoNormal\" style=\"margin-bottom: .0001pt; line-height: normal;\"><span style=\"color: #000000;\">60 Hz<\/span><\/p>\n<\/td>\n<\/tr>\n<tr style=\"height: 16.65pt;\">\n<td style=\"width: 50.6pt; padding: 0cm 5.4pt; height: 16.65pt;\" valign=\"top\" width=\"67\">\n<p class=\"MsoNormal\" style=\"margin-bottom: .0001pt; line-height: normal;\"><strong><span style=\"font-size: 8pt;\">Corriente<\/span><\/strong><\/p>\n<\/td>\n<td style=\"width: 93.15pt; padding: 0cm 5.4pt; height: 16.65pt;\" valign=\"top\" width=\"124\">\n<p class=\"MsoNormal\" style=\"margin-bottom: .0001pt; line-height: normal;\"><span style=\"color: #000000;\">7 A<\/span><\/p>\n<\/td>\n<\/tr>\n<tr style=\"height: 16.65pt;\">\n<td style=\"width: 50.6pt; background: #d3dfee none repeat scroll 0% 0%; padding: 0cm 5.4pt; height: 16.65pt;\" valign=\"top\" width=\"67\">\n<p class=\"MsoNormal\" style=\"margin-bottom: .0001pt; line-height: normal;\"><strong><span style=\"font-size: 8pt;\">Potencia (Kw)<\/span><\/strong><\/p>\n<\/td>\n<td style=\"width: 93.15pt; background: #d3dfee none repeat scroll 0% 0%; padding: 0cm 5.4pt; height: 16.65pt;\" valign=\"top\" width=\"124\">\n<p class=\"MsoNormal\" style=\"margin-bottom: .0001pt; line-height: normal;\"><span style=\"color: #000000;\">0.88<\/span><\/p>\n<\/td>\n<\/tr>\n<tr style=\"height: 16.65pt;\">\n<td style=\"width: 50.6pt; padding: 0cm 5.4pt; height: 16.65pt;\" valign=\"top\" width=\"67\">\n<p class=\"MsoNormal\" style=\"margin-bottom: .0001pt; line-height: normal;\"><strong><span style=\"font-size: 8pt;\">Flujo de aire<\/span><\/strong><\/p>\n<\/td>\n<td style=\"width: 93.15pt; padding: 0cm 5.4pt; height: 16.65pt;\" valign=\"top\" width=\"124\">\n<p class=\"MsoNormal\" style=\"margin-bottom: .0001pt; line-height: normal;\"><span style=\"color: #000000;\">360 cfm (608m3\/hr)<\/span><\/p>\n<\/td>\n<\/tr>\n<tr style=\"height: 16.65pt;\">\n<td style=\"width: 50.6pt; background: #d3dfee none repeat scroll 0% 0%; padding: 0cm 5.4pt; height: 16.65pt;\" valign=\"top\" width=\"67\">\n<p class=\"MsoNormal\" style=\"margin-bottom: .0001pt; line-height: normal;\"><strong><span style=\"font-size: 8pt;\">Nivel de ruido<\/span><\/strong><\/p>\n<\/td>\n<td style=\"width: 93.15pt; background: #d3dfee none repeat scroll 0% 0%; padding: 0cm 5.4pt; height: 16.65pt;\" valign=\"top\" width=\"124\">\n<p class=\"MsoNormal\" style=\"margin-bottom: .0001pt; line-height: normal;\"><span style=\"color: #000000;\">57 <span class=\"SpellE\">dba<\/span><\/span><\/p>\n<\/td>\n<\/tr>\n<tr style=\"height: 16.65pt;\">\n<td style=\"width: 50.6pt; padding: 0cm 5.4pt; height: 16.65pt;\" valign=\"top\" width=\"67\">\n<p class=\"MsoNormal\" style=\"margin-bottom: .0001pt; line-height: normal;\"><strong><span style=\"font-size: 8pt;\">Refrigerante<\/span><\/strong><\/p>\n<\/td>\n<td style=\"width: 93.15pt; padding: 0cm 5.4pt; height: 16.65pt;\" valign=\"top\" width=\"124\">\n<p class=\"MsoNormal\" style=\"margin-bottom: .0001pt; line-height: normal;\"><span style=\"color: #000000;\">R407c<\/span><\/p>\n<\/td>\n<\/tr>\n<tr style=\"height: 16.65pt;\">\n<td style=\"width: 50.6pt; background: #d3dfee none repeat scroll 0% 0%; padding: 0cm 5.4pt; height: 16.65pt;\" valign=\"top\" width=\"67\">\n<p class=\"MsoNormal\" style=\"margin-bottom: .0001pt; line-height: normal;\"><span class=\"SpellE\"><strong><span style=\"font-size: 8pt;\">Vol\u00famen efectivo<\/span><\/strong><\/span><strong><span style=\"font-size: 8pt; color: #000000;\"><br \/>\n<\/span><\/strong><\/p>\n<\/td>\n<td style=\"width: 93.15pt; background: #d3dfee none repeat scroll 0% 0%; padding: 0cm 5.4pt; height: 16.65pt;\" valign=\"top\" width=\"124\">\n<p class=\"MsoNormal\" style=\"margin-bottom: .0001pt; line-height: normal;\"><span style=\"color: #000000;\">8,369 cu.ft (237 m3)<br \/>\n<\/span><\/p>\n<\/td>\n<\/tr>\n<tr style=\"height: 16.65pt;\">\n<td style=\"width: 50.6pt; padding: 0cm 5.4pt; height: 16.65pt;\" valign=\"top\" width=\"67\">\n<p class=\"MsoNormal\" style=\"margin-bottom: .0001pt; line-height: normal;\"><strong><span style=\"font-size: 8pt;\">T\u00edpico de extracci\u00f3n<\/span><\/strong><\/p>\n<\/td>\n<td style=\"width: 93.15pt; padding: 0cm 5.4pt; height: 16.65pt;\" valign=\"top\" width=\"124\">\n<p class=\"MsoNormal\" style=\"margin-bottom: .0001pt; line-height: normal;\"><span style=\"color: #000000;\">56 <span class=\"SpellE\">ppd<\/span><\/span><\/p>\n<\/td>\n<\/tr>\n<tr style=\"height: 16.65pt;\">\n<td style=\"width: 50.6pt; background: #d3dfee none repeat scroll 0% 0%; padding: 0cm 5.4pt; height: 16.65pt;\" valign=\"top\" width=\"67\">\n<p class=\"MsoNormal\" style=\"margin-bottom: .0001pt; line-height: normal;\"><strong><span style=\"font-size: 8pt;\">Temperatura m\u00ednima de <span class=\"SpellE\">funcionamento<\/span><\/span><\/strong><\/p>\n<\/td>\n<td style=\"width: 93.15pt; background: #d3dfee none repeat scroll 0% 0%; padding: 0cm 5.4pt; height: 16.65pt;\" valign=\"top\" width=\"124\">\n<p class=\"MsoNormal\" style=\"margin-bottom: .0001pt; line-height: normal;\"><span style=\"color: #000000;\">1\u00ba C<\/span><\/p>\n<\/td>\n<\/tr>\n<tr style=\"height: 16.65pt;\">\n<td style=\"width: 50.6pt; padding: 0cm 5.4pt; height: 16.65pt;\" valign=\"top\" width=\"67\">\n<p class=\"MsoNormal\" style=\"margin-bottom: .0001pt; line-height: normal;\"><strong><span style=\"font-size: 8pt;\">Temperatura m\u00e1xima de funcionamiento<\/span><\/strong><\/p>\n<\/td>\n<td style=\"width: 93.15pt; padding: 0cm 5.4pt; height: 16.65pt;\" valign=\"top\" width=\"124\">\n<p class=\"MsoNormal\" style=\"margin-bottom: .0001pt; line-height: normal;\"><span style=\"color: #000000;\">35\u00ba C<\/span><\/p>\n<\/td>\n<\/tr>\n<\/tbody>\n<\/table>\n<p>&nbsp;<\/p>\n<p class=\"MsoNormal\" style=\"text-align: justify;\">\n<\/div>\n<p style=\"text-align: center;\"><strong>FUNCIONAMIENTO:<\/strong><\/p>\n<p style=\"text-align: center;\"><img fetchpriority=\"high\" decoding=\"async\" src=\"https:\/\/www.h2otek.com\/tienda\/Images\/deshumidificadores\/funcionamientodc30.jpg\" alt=\"\" width=\"312\" height=\"287\" border=\"0\" \/><\/p>\n<ol>\n<li>El aire es extra\u00eddo en la unidad por un ventilador<\/li>\n<li>El aire pasa sobre una superficie fr\u00eda<\/li>\n<li>A medida que el aire se enfr\u00eda, se condensa la humedad<\/li>\n<li>El agua cae en el recipiente<\/li>\n<li>El aire es de nuevo calentado por\u00a0 la recuperaci\u00f3n del sistema<\/li>\n<li>El aire pasa a la habitaci\u00f3n de 2\u00b0 C mucho m\u00e1s c\u00e1lido y seco<\/li>\n<li>Descongelamiento: el sistema autom\u00e1ticamente descongela la unidad si es necesario<\/li>\n<li>Unidad: se apaga autom\u00e1ticamente cuando el contenedor est\u00e1 lleno<\/li>\n<li style=\"text-align: justify;\">Cuando la unidad alcanza determinado nivel de sequedad se apaga autom\u00e1ticamente<\/li>\n<\/ol>\n<p>&nbsp;<\/p>\n<p><strong>DESCARGAR MANUALES:<\/strong><\/p>\n<ul>\n<li><strong><a href=\"http:\/\/www.h2otek.com\/tienda\/pdf\/controlhumedad\/FOLLETO_DESHUMIDIFICADOR_MARCA_EBAC_MOD_CS60.pdf\" target=\"_blank\" rel=\"noopener\">FOLLETO<\/a><\/strong><\/li>\n<li><strong><a href=\"http:\/\/www.h2otek.com\/tienda\/pdf\/controlhumedad\/MANUAL_DEL_USUARIO_DESHUMIDIFICADOR_MARCA_EBAC_MOD_CS60.pdf\" target=\"_blank\" rel=\"noopener\">MANUAL DEL USUARIO<\/a><\/strong><\/li>\n<li><strong><a href=\"http:\/\/www.h2otek.com\/tienda\/pdf\/controlhumedad\/ESQUEMA_DE_CABLEADO_DESHUMIDIFICADOR_MARCA_EBAC_MOD_CS60.pdf\" target=\"_blank\" rel=\"noopener\">ESQUEMA DE CABLEADO<\/a><\/strong><\/li>\n<li><strong><a href=\"http:\/\/www.h2otek.com\/tienda\/pdf\/controlhumedad\/DIAGRAMA_DE_CABLEADO_DESHUMIDIFICADOR_MARCA_EBAC_MOD_CS60.pdf\" target=\"_blank\" rel=\"noopener\">DIAGRAMA DE CABLEADO<\/a><\/strong><\/li>\n<li><strong><a href=\"http:\/\/www.h2otek.com\/tienda\/pdf\/controlhumedad\/LISTA_DE_PARTES_DESHUMIDIFICADOR_MARCA_EBAC_MOD_CS60.pdf\" target=\"_blank\" rel=\"noopener\">LISTA DE PARTES<\/a><\/strong><\/li>\n<\/ul>\n<p>&nbsp;<\/p>\n<p><span style=\"color: #000000;\"><strong>PRECIOS INCLUYE GASTOS DE ENVIO (GRATIS) E IMPUESTO 16% DE IVA<\/strong><\/span><\/p>\n","protected":false},"excerpt":{"rendered":"<p><span style=\"color: #ff0000;\"><strong>PRECIO EN D\u00d3LARES US.<\/strong><\/span><\/p>\n<p><strong>IDEALES PARA LOS ESPACIOS DE:<\/strong><\/p>\n<ul>\n<li><span style=\"color: #000000;\"><em><span style=\"font-size: small;\"><strong> ALMACEN<\/strong><\/span><\/em><\/span><\/li>\n<li><span style=\"color: #000000;\"><em><span style=\"font-size: small;\"><strong>S\u00d3TANOS<\/strong><\/span><\/em><\/span><\/li>\n<li><span style=\"color: #000000;\"><em><span style=\"font-size: small;\"><strong>F\u00c1BRICAS<\/strong><\/span><\/em><\/span><\/li>\n<li><span style=\"color: #000000;\"><em><span style=\"font-size: small;\"><strong>RESTAURACI\u00d3N DE DA\u00d1OS<\/strong><\/span><\/em><\/span><\/li>\n<li><span style=\"color: #000000;\"><em><span style=\"font-size: small;\"><strong>PABELLONES DEPORTIV<\/strong><\/span><span style=\"font-size: small;\"><strong>OS<\/strong><\/span><\/em><\/span><\/li>\n<li><span style=\"color: #000000;\"><em><span style=\"font-size: small;\"><strong>\u00c1REAS DE ALMACENAMIENTO<\/strong><\/span><\/em><\/span><\/li>\n<li><span style=\"color: #000000;\"><em><span style=\"font-size: small;\"><strong>LABORATORIOS<\/strong><\/span><\/em><\/span><\/li>\n<li><span style=\"color: #000000;\"><em><span style=\"font-size: small;\"><strong>ETC.<\/strong><\/span><\/em><\/span><\/li>\n<\/ul>\n<p style=\"text-align: left;\">\n","protected":false},"featured_media":23974,"comment_status":"closed","ping_status":"closed","template":"","meta":[],"pwb-brand":[],"product_brand":[],"product_cat":[447],"product_tag":[],"class_list":{"0":"post-19420","1":"product","2":"type-product","3":"status-publish","4":"has-post-thumbnail","6":"product_cat-estacionarios","8":"first","9":"onbackorder","10":"purchasable","11":"product-type-simple"},"brands":[],"_links":{"self":[{"href":"https:\/\/h2otek.com\/tienda\/wp-json\/wp\/v2\/product\/19420","targetHints":{"allow":["GET"]}}],"collection":[{"href":"https:\/\/h2otek.com\/tienda\/wp-json\/wp\/v2\/product"}],"about":[{"href":"https:\/\/h2otek.com\/tienda\/wp-json\/wp\/v2\/types\/product"}],"replies":[{"embeddable":true,"href":"https:\/\/h2otek.com\/tienda\/wp-json\/wp\/v2\/comments?post=19420"}],"wp:featuredmedia":[{"embeddable":true,"href":"https:\/\/h2otek.com\/tienda\/wp-json\/wp\/v2\/media\/23974"}],"wp:attachment":[{"href":"https:\/\/h2otek.com\/tienda\/wp-json\/wp\/v2\/media?parent=19420"}],"wp:term":[{"taxonomy":"pwb-brand","embeddable":true,"href":"https:\/\/h2otek.com\/tienda\/wp-json\/wp\/v2\/pwb-brand?post=19420"},{"taxonomy":"product_brand","embeddable":true,"href":"https:\/\/h2otek.com\/tienda\/wp-json\/wp\/v2\/product_brand?post=19420"},{"taxonomy":"product_cat","embeddable":true,"href":"https:\/\/h2otek.com\/tienda\/wp-json\/wp\/v2\/product_cat?post=19420"},{"taxonomy":"product_tag","embeddable":true,"href":"https:\/\/h2otek.com\/tienda\/wp-json\/wp\/v2\/product_tag?post=19420"}],"curies":[{"name":"wp","href":"https:\/\/api.w.org\/{rel}","templated":true}]}}