{"id":19416,"date":"2021-07-06T21:22:10","date_gmt":"2021-07-06T21:22:10","guid":{"rendered":"https:\/\/h2otek.com\/tienda\/producto\/kit-de-ventilador4-de-18-con-bomba-1000-psi-marca-aeromist-modelo-67018-hp-4fs\/"},"modified":"2024-03-25T19:13:54","modified_gmt":"2024-03-25T19:13:54","slug":"kit-de-ventilador4-de-18-con-bomba-1000-psi-marca-aeromist-modelo-67018-hp-4fs","status":"publish","type":"product","link":"https:\/\/h2otek.com\/tienda\/producto\/kit-de-ventilador4-de-18-con-bomba-1000-psi-marca-aeromist-modelo-67018-hp-4fs\/","title":{"rendered":"KIT DE VENTILADOR(4) DE 18\u201d CON BOMBA 1000 PSI MARCA AEROMIST\u00ae MODELO 67018-HP-4FS"},"content":{"rendered":"<p style=\"text-align: center;\"><img decoding=\"async\" src=\"https:\/\/www.h2otek.com\/tienda\/Images\/nebulizacion\/aeromist\/ventiladores\/header-aeromist_kit_4_vent_18_1000.jpg\" alt=\"\" border=\"0\" \/><\/p>\n<p style=\"text-align: justify;\">\u00a0<\/p>\n<p style=\"text-align: justify;\"><strong>DESCRIPCI\u00d3N GENERAL DEL PRODUCTO:<\/strong><\/p>\n<p>Loe ventiladores de nebulizaci\u00f3n de alta presi\u00f3n Aero Mist proporcionan una refrigeraci\u00f3n \u00f3ptima para espacios abiertos como patios del patio trasero o zonas de comedor o restaurante. Los ventiladores ayudan a dispersar las gotitas de niebla fina a lo largo de un \u00e1rea m\u00e1s grande sin mojar objetos. Algunos clientes tambi\u00e9n utilizan nuestros ventiladores de nebulizaci\u00f3n para humidificar almacenes, refrescar caballerizas \/ establos lecheros, y bajan la temperatura ambiente para clientes esperando en las l\u00edneas en los parques tem\u00e1ticos<\/p>\n<p>Este kit incluye 4 ventiladores de montaje de pared de 18&#8243; y una bomba de nebulizaci\u00f3n de 1000 PSI, l\u00ednea de alimentaci\u00f3n de 3\/8&#8243; OD, accesorios, boquillas y kits de abrazaderas.<\/p>\n<p>\u00a0<\/p>\n<p><strong>KIT INCLUYE:<\/strong><\/p>\n<p style=\"text-align: center;\"><img decoding=\"async\" src=\"https:\/\/www.h2otek.com\/tienda\/Images\/nebulizacion\/aeromist\/ventiladores\/kitincluye-aeromist-fan-4_vent_18.gif\" alt=\"\" border=\"0\" \/><\/p>\n<p>\u00a0<\/p>\n<p>12 MESES DE GARANT\u00cdA BAJO CUALQUIER DEFECTO DE FABRICACI\u00d3N (EN LA BOMBA)<\/p>\n<p>\u00a0<\/p>\n<p><strong>DESCARGAR MANUALES<\/strong><\/p>\n<ul>\n<li>\u00a0<strong><span style=\"color: #0000ff;\"><a href=\"https:\/\/h2otek.com\/tienda\/pdf\/controlhumedad\/CATALOGO%20PRODUCTOS%20AEROMIST.pdf\" target=\"_blank\" rel=\"noopener\">CAT\u00c1LOGO PRODUCTOS AEROMIST\u00ae<\/a><\/span><\/strong><\/li>\n<li>\u00a0<strong><span style=\"color: #0000ff;\"><a href=\"https:\/\/h2otek.com\/tienda\/pdf\/controlhumedad\/MANUAL%20DEL%20USUARIO%20PRODUCTOS%20AEROMIST.pdf\" target=\"_blank\" rel=\"noopener\">MANUAL DEL USUARIO PRODUCTOS AEROMIST\u00ae<\/a><\/span><\/strong><\/li>\n<\/ul>\n<p>\u00a0<\/p>\n<p><span style=\"color: #000000;\"><strong>PRECIO INCLUYE GASTOS DE ENVIO (GRATIS) E IMPUESTO 16% DE IVA<\/strong><\/span><\/p>\n","protected":false},"excerpt":{"rendered":"<p><span style=\"color: #ff0000;\"><strong>PRECIO EN D\u00d3LARES US.<\/strong><\/span><\/p>\n<p style=\"text-align: left;\"><strong><em><span style=\"font-size: small;\">HUMIDIFICADORES IDEALES PARA:<\/span><\/em><\/strong><\/p>\n<ul>\n<li><span style=\"font-size: small; font-style: italic; font-weight: bold;\">PATIOS<\/span><\/li>\n<li><span style=\"font-size: small; font-style: italic; font-weight: bold;\">JARDINES<\/span><\/li>\n<li><span style=\"font-size: small; font-style: italic; font-weight: bold;\">ESPACIOS SOCIALES<\/span><\/li>\n<li><span style=\"font-size: small; font-style: italic; font-weight: bold;\">ALMACENES<\/span><\/li>\n<li><span style=\"font-size: small; font-style: italic; font-weight: bold;\">PROCESOS<\/span><\/li>\n<li><span style=\"font-size: small; font-style: italic; font-weight: bold;\">LABORATORIOS<\/span><\/li>\n<li><span style=\"font-size: small; font-style: italic; font-weight: bold;\">CUARTOS DE PRUEBA<\/span><\/li>\n<li><span style=\"font-size: small; font-style: italic; font-weight: bold;\">COMERCIOS<\/span><\/li>\n<li><span style=\"font-size: small; font-style: italic; font-weight: bold;\">RESTAURANTES<\/span><\/li>\n<li><span style=\"font-size: small; font-style: italic; font-weight: bold;\">TERRAZAS<\/span><\/li>\n<li><span style=\"font-size: small; font-style: italic; font-weight: bold;\">INDUSTRIA EN GENERAL<\/span><em><strong><span style=\"font-size: small;\">, <\/span><\/strong><\/em><span style=\"font-size: small; font-style: italic; font-weight: bold;\">ETC.<\/span><\/li>\n<\/ul>\n","protected":false},"featured_media":1228,"comment_status":"closed","ping_status":"closed","template":"","meta":[],"pwb-brand":[],"product_brand":[],"product_cat":[445],"product_tag":[],"class_list":{"0":"post-19416","1":"product","2":"type-product","3":"status-publish","4":"has-post-thumbnail","6":"product_cat-sistema-de-ventilador-de-18-con-bomba-de-1000-psi","8":"first","9":"instock","10":"purchasable","11":"product-type-simple"},"brands":[],"_links":{"self":[{"href":"https:\/\/h2otek.com\/tienda\/wp-json\/wp\/v2\/product\/19416","targetHints":{"allow":["GET"]}}],"collection":[{"href":"https:\/\/h2otek.com\/tienda\/wp-json\/wp\/v2\/product"}],"about":[{"href":"https:\/\/h2otek.com\/tienda\/wp-json\/wp\/v2\/types\/product"}],"replies":[{"embeddable":true,"href":"https:\/\/h2otek.com\/tienda\/wp-json\/wp\/v2\/comments?post=19416"}],"wp:featuredmedia":[{"embeddable":true,"href":"https:\/\/h2otek.com\/tienda\/wp-json\/wp\/v2\/media\/1228"}],"wp:attachment":[{"href":"https:\/\/h2otek.com\/tienda\/wp-json\/wp\/v2\/media?parent=19416"}],"wp:term":[{"taxonomy":"pwb-brand","embeddable":true,"href":"https:\/\/h2otek.com\/tienda\/wp-json\/wp\/v2\/pwb-brand?post=19416"},{"taxonomy":"product_brand","embeddable":true,"href":"https:\/\/h2otek.com\/tienda\/wp-json\/wp\/v2\/product_brand?post=19416"},{"taxonomy":"product_cat","embeddable":true,"href":"https:\/\/h2otek.com\/tienda\/wp-json\/wp\/v2\/product_cat?post=19416"},{"taxonomy":"product_tag","embeddable":true,"href":"https:\/\/h2otek.com\/tienda\/wp-json\/wp\/v2\/product_tag?post=19416"}],"curies":[{"name":"wp","href":"https:\/\/api.w.org\/{rel}","templated":true}]}}