{"id":19411,"date":"2021-07-06T21:22:10","date_gmt":"2021-07-06T21:22:10","guid":{"rendered":"https:\/\/h2otek.com\/tienda\/producto\/valvula-de-alivio-%c2%be-actua-por-presion-y-por-temperatura\/"},"modified":"2023-10-04T17:57:47","modified_gmt":"2023-10-04T17:57:47","slug":"valvula-de-alivio-%c2%be-actua-por-presion-y-por-temperatura","status":"publish","type":"product","link":"https:\/\/h2otek.com\/tienda\/producto\/valvula-de-alivio-%c2%be-actua-por-presion-y-por-temperatura\/","title":{"rendered":"V\u00c1LVULA DE ALIVIO \u00be&#8221; ACTUA POR PRESI\u00d3N Y POR TEMPERATURA MOD. NCLX-5"},"content":{"rendered":"<p style=\"text-align: center;\"><img decoding=\"async\" src=\"https:\/\/www.h2otek.com\/tienda\/Images\/accesorios\/header-valculapresion.jpg\" alt=\"\" align=\"middle\" border=\"0\" \/><\/p>\n<p>&nbsp;<\/p>\n<p style=\"font-weight: 400;\">La V\u00e1lvula de alivio de presi\u00f3n se ha dise\u00f1ado para la protecci\u00f3n de los calentadores de agua y tanques de almacenamiento. Est\u00e1n dise\u00f1ados para cumplir con los c\u00f3digos locales y son ideales para todas las aplicaciones del calentador de agua de uso dom\u00e9stico.<\/p>\n<p style=\"font-weight: 400;\">V\u00e1lvulas NCLX son totalmente autom\u00e1ticos y vuelven a colocar despu\u00e9s la temperatura o de alivio de presi\u00f3n. Se ofrecen en tama\u00f1os de 1\/2&#8243; y 3\/4&#8243;, con entradas y salidas macho y hembra.<\/p>\n<p style=\"font-weight: 400;\">Esta v\u00e1lvula incorpora un innovador recubrimiento &#8220;bata blanca&#8221;, un elemento t\u00e9rmico, una cubierta inerte que proporciona un aislamiento efectivo de los dep\u00f3sitos minerales (cal) y la corrosi\u00f3n galv\u00e1nica, que ofrece muchos a\u00f1os de protecci\u00f3n de seguridad confiable.<\/p>\n<p style=\"font-weight: 400;\">Las v\u00e1lvulas NCLX vienen con ajuste est\u00e1ndar de f\u00e1brica de alivio de presi\u00f3n de 125 o 150 psi. El NCLX-5 de\u00a03\/4&#8243; tambi\u00e9n est\u00e1 disponible en una configuraci\u00f3n de 175 psi de f\u00e1brica. Las v\u00e1lvulas de alivio de la serie NCLX cuentan con un cuerpo de bronce fundido, bronce y partes de acero inoxidable interno, disco de asiento de silicona y resorte de acero inoxidable de presi\u00f3n.<\/p>\n<p>&nbsp;<\/p>\n<p style=\"font-weight: 400;\"><b><strong style=\"font-style: inherit;\">CARACTER\u00cdSTICAS:<\/strong><\/b><\/p>\n<ul style=\"font-weight: 400;\">\n<li style=\"font-style: inherit; font-weight: inherit;\">V\u00e1lvulas de T &amp; P<\/li>\n<li style=\"font-style: inherit; font-weight: inherit;\">Proporciona temperatura autom\u00e1tica y protecci\u00f3n contra la presi\u00f3n para calentadores de agua y tanques de suministro. Prueba de la palanca que permite comprobar la presi\u00f3n durante la operaci\u00f3n. Cuerpo de bronce.<\/li>\n<li style=\"font-style: inherit; font-weight: inherit;\">\u00a0Certificados ASME nominal, CSA, ANSI Z21.22.<\/li>\n<li style=\"font-style: inherit; font-weight: inherit;\">Temperatura M\u00e1xima:. 210A\u00b0 F Mango est\u00e1ndar<\/li>\n<li style=\"font-style: inherit; font-weight: inherit;\">1A543 y 4P947 cumple con los requisitos actuales de la FHA y Mil. Spec. MIL-V-136-12D, Tipo 1<\/li>\n<\/ul>\n<p style=\"font-weight: 400;\">T y P de la v\u00e1lvula, material Residencial, Construcci\u00f3n de bronce, BTUH Calificaci\u00f3n 500, 000, entrada de 3\/4 pulgada, salida 3\/4 pulgada, MNPT x conexi\u00f3n FNPT, Altura 3,38 pulgadas, Ancho 2, longitud 3 termostato en, preajuste 150 PSI, presi\u00f3n m\u00e1xima de 150 PSI, temperatura 210\u00ba F, material del resorte de acero inoxidable, est\u00e1ndares certificados ANSI Z21.22 y CSA 4.4, listados por ASME y CSA<\/p>\n<p>&nbsp;<\/p>\n<p style=\"font-weight: 400; text-align: center;\"><b><strong style=\"font-style: inherit;\">TABLA DE ESPECIFICACIONES:<\/strong><\/b><\/p>\n<table style=\"font-style: inherit; font-weight: inherit;\" width=\"100%\">\n<tbody style=\"font-style: inherit; font-weight: inherit;\">\n<tr style=\"font-style: inherit; font-weight: inherit;\">\n<td style=\"font-style: inherit; font-weight: 400;\" width=\"36%\">\n<p style=\"font-style: inherit; font-weight: inherit;\"><b><strong style=\"font-style: inherit;\"><span style=\"font-style: inherit; font-weight: inherit;\">AUTO RE-ASIENTOS<\/span><\/strong><\/b><\/p>\n<\/td>\n<td style=\"font-style: inherit; font-weight: 400;\" width=\"63%\">\n<p style=\"font-style: inherit; font-weight: inherit;\"><b><strong style=\"font-style: inherit;\"><span style=\"font-style: inherit; font-weight: inherit;\">SI<\/span><\/strong><\/b><\/p>\n<\/td>\n<\/tr>\n<tr style=\"font-style: inherit; font-weight: inherit;\">\n<td style=\"font-style: inherit; font-weight: 400;\" width=\"36%\">\n<p style=\"font-style: inherit; font-weight: inherit;\"><b><strong style=\"font-style: inherit;\"><span style=\"font-style: inherit; font-weight: inherit;\">VALORACI\u00d3N BTUH<\/span><\/strong><\/b><\/p>\n<\/td>\n<td style=\"font-style: inherit; font-weight: 400;\" width=\"63%\">\n<p style=\"font-style: inherit; font-weight: inherit;\"><span style=\"font-style: inherit; font-weight: inherit;\">500,000<\/span><\/p>\n<\/td>\n<\/tr>\n<tr style=\"font-style: inherit; font-weight: inherit;\">\n<td style=\"font-style: inherit; font-weight: 400;\" width=\"36%\">\n<p style=\"font-style: inherit; font-weight: inherit;\"><b><strong style=\"font-style: inherit;\"><span style=\"font-style: inherit; font-weight: inherit;\">CONEXI\u00d3N<\/span><\/strong><\/b><\/p>\n<\/td>\n<td style=\"font-style: inherit; font-weight: 400;\" width=\"63%\">\n<p style=\"font-style: inherit; font-weight: inherit;\"><span style=\"font-style: inherit; font-weight: inherit;\">MNPT x FNPT<\/span><\/p>\n<\/td>\n<\/tr>\n<tr style=\"font-style: inherit; font-weight: inherit;\">\n<td style=\"font-style: inherit; font-weight: 400;\" width=\"36%\">\n<p style=\"font-style: inherit; font-weight: inherit;\"><b><strong style=\"font-style: inherit;\"><span style=\"font-style: inherit; font-weight: inherit;\">ART\u00cdCULO<\/span><\/strong><\/b><\/p>\n<\/td>\n<td style=\"font-style: inherit; font-weight: 400;\" width=\"63%\">\n<p style=\"font-style: inherit; font-weight: inherit;\"><span style=\"font-style: inherit; font-weight: inherit;\">T y P de la V\u00e1lvula<\/span><\/p>\n<\/td>\n<\/tr>\n<tr style=\"font-style: inherit; font-weight: inherit;\">\n<td style=\"font-style: inherit; font-weight: 400;\" width=\"36%\">\n<p style=\"font-style: inherit; font-weight: inherit;\"><b><strong style=\"font-style: inherit;\"><span style=\"font-style: inherit; font-weight: inherit;\">MATERIAL DE CONSTRUCCI\u00d3N<\/span><\/strong><\/b><\/p>\n<\/td>\n<td style=\"font-style: inherit; font-weight: 400;\" width=\"63%\">\n<p style=\"font-style: inherit; font-weight: inherit;\"><span style=\"font-style: inherit; font-weight: inherit;\">Bronce<\/span><\/p>\n<\/td>\n<\/tr>\n<tr style=\"font-style: inherit; font-weight: inherit;\">\n<td style=\"font-style: inherit; font-weight: 400;\" width=\"36%\">\n<p style=\"font-style: inherit; font-weight: inherit;\"><b><strong style=\"font-style: inherit;\"><span style=\"font-style: inherit; font-weight: inherit;\">AJUSTE PREESTABLECIDO (PSI)<\/span><\/strong><\/b><\/p>\n<\/td>\n<td style=\"font-style: inherit; font-weight: 400;\" width=\"63%\">\n<p style=\"font-style: inherit; font-weight: inherit;\"><span style=\"font-style: inherit; font-weight: inherit;\">150<\/span><\/p>\n<\/td>\n<\/tr>\n<tr style=\"font-style: inherit; font-weight: inherit;\">\n<td style=\"font-style: inherit; font-weight: 400;\" width=\"36%\">\n<p style=\"font-style: inherit; font-weight: inherit;\"><b><strong style=\"font-style: inherit;\"><span style=\"font-style: inherit; font-weight: inherit;\">SKUs<\/span><\/strong><\/b><\/p>\n<\/td>\n<td style=\"font-style: inherit; font-weight: 400;\" width=\"63%\">\n<p style=\"font-style: inherit; font-weight: inherit;\"><span style=\"font-style: inherit; font-weight: inherit;\">2RMY1<\/span><\/p>\n<\/td>\n<\/tr>\n<tr style=\"font-style: inherit; font-weight: inherit;\">\n<td style=\"font-style: inherit; font-weight: 400;\" width=\"36%\">\n<p style=\"font-style: inherit; font-weight: inherit;\"><b><strong style=\"font-style: inherit;\"><span style=\"font-style: inherit; font-weight: inherit;\">MATERIAL DEL RESORTE<\/span><\/strong><\/b><\/p>\n<\/td>\n<td style=\"font-style: inherit; font-weight: 400;\" width=\"63%\">\n<p style=\"font-style: inherit; font-weight: inherit;\"><span style=\"font-style: inherit; font-weight: inherit;\">ACERO INOXIDABLE<\/span><\/p>\n<\/td>\n<\/tr>\n<tr style=\"font-style: inherit; font-weight: inherit;\">\n<td style=\"font-style: inherit; font-weight: 400;\" width=\"36%\">\n<p style=\"font-style: inherit; font-weight: inherit;\"><b><strong style=\"font-style: inherit;\"><span style=\"font-style: inherit; font-weight: inherit;\">NORMAS<\/span><\/strong><\/b><\/p>\n<\/td>\n<td style=\"font-style: inherit; font-weight: 400;\" width=\"63%\">\n<p style=\"font-style: inherit; font-weight: inherit;\"><span style=\"font-style: inherit; font-weight: inherit;\">Certificado ANSI Z21.22 y CSA 4.4, Listados por ASME y CSA<\/span><\/p>\n<\/td>\n<\/tr>\n<tr style=\"font-style: inherit; font-weight: inherit;\">\n<td style=\"font-style: inherit; font-weight: 400;\" width=\"36%\">\n<p style=\"font-style: inherit; font-weight: inherit;\"><b><strong style=\"font-style: inherit;\"><span style=\"font-style: inherit; font-weight: inherit;\">TIPO<\/span><\/strong><\/b><\/p>\n<\/td>\n<td style=\"font-style: inherit; font-weight: 400;\" width=\"63%\">\n<p style=\"font-style: inherit; font-weight: inherit;\"><span style=\"font-style: inherit; font-weight: inherit;\">Residencial<\/span><\/p>\n<\/td>\n<\/tr>\n<tr style=\"font-style: inherit; font-weight: inherit;\">\n<td style=\"font-style: inherit; font-weight: 400;\" width=\"36%\">\n<p style=\"font-style: inherit; font-weight: inherit;\"><b><strong style=\"font-style: inherit;\"><span style=\"font-style: inherit; font-weight: inherit;\">PESO<\/span><\/strong><\/b><\/p>\n<\/td>\n<td style=\"font-style: inherit; font-weight: 400;\" width=\"63%\">\n<p style=\"font-style: inherit; font-weight: inherit;\"><span style=\"font-style: inherit; font-weight: inherit;\">0.55<\/span><\/p>\n<\/td>\n<\/tr>\n<\/tbody>\n<\/table>\n<p>&nbsp;<\/p>\n<p>&nbsp;<\/p>\n<p style=\"font-weight: 400;\"><b><strong style=\"font-style: inherit;\">DESCARGAR MANUALES:<\/strong><\/b><\/p>\n<ul style=\"font-weight: 400;\">\n<li style=\"font-style: inherit; font-weight: inherit;\"><a style=\"font-style: inherit; font-weight: inherit;\" href=\"http:\/\/www.h2otek.com\/tienda\/pdf\/aguacaliente\/MANUAL_DEL_USUARIO_VALVULA_DE_ALIVIO_DE_PRESION_NCLX.pdf\" target=\"_blank\" rel=\"noopener\"><strong>MANUAL DEL USUARIO<\/strong><\/a><\/li>\n<\/ul>\n<p style=\"font-weight: 400;\"><span style=\"font-style: inherit; font-weight: inherit;\"><b><strong style=\"font-style: inherit;\">PRECIO INCLUYE GASTOS DE ENVIO (GRATIS) E IMPUESTO 16% DE IVA.<\/strong><\/b><\/span><\/p>\n","protected":false},"excerpt":{"rendered":"<p><span style=\"color: #ff0000;\"><strong>PRECIO EN PESOS MEXICANOS.<\/strong><\/span><\/p>\n<p><strong>ALTA SEGURIDAD: VALVULA DE ALIVIO QUE ACTUA POR PRESION O TEMPERATURA<\/strong><\/p>\n","protected":false},"featured_media":28047,"comment_status":"closed","ping_status":"closed","template":"","meta":[],"pwb-brand":[],"product_brand":[],"product_cat":[593],"product_tag":[],"class_list":{"0":"post-19411","1":"product","2":"type-product","3":"status-publish","4":"has-post-thumbnail","6":"product_cat-valvulas-para-agua","8":"first","9":"instock","10":"product-type-simple"},"brands":[],"_links":{"self":[{"href":"https:\/\/h2otek.com\/tienda\/wp-json\/wp\/v2\/product\/19411","targetHints":{"allow":["GET"]}}],"collection":[{"href":"https:\/\/h2otek.com\/tienda\/wp-json\/wp\/v2\/product"}],"about":[{"href":"https:\/\/h2otek.com\/tienda\/wp-json\/wp\/v2\/types\/product"}],"replies":[{"embeddable":true,"href":"https:\/\/h2otek.com\/tienda\/wp-json\/wp\/v2\/comments?post=19411"}],"wp:featuredmedia":[{"embeddable":true,"href":"https:\/\/h2otek.com\/tienda\/wp-json\/wp\/v2\/media\/28047"}],"wp:attachment":[{"href":"https:\/\/h2otek.com\/tienda\/wp-json\/wp\/v2\/media?parent=19411"}],"wp:term":[{"taxonomy":"pwb-brand","embeddable":true,"href":"https:\/\/h2otek.com\/tienda\/wp-json\/wp\/v2\/pwb-brand?post=19411"},{"taxonomy":"product_brand","embeddable":true,"href":"https:\/\/h2otek.com\/tienda\/wp-json\/wp\/v2\/product_brand?post=19411"},{"taxonomy":"product_cat","embeddable":true,"href":"https:\/\/h2otek.com\/tienda\/wp-json\/wp\/v2\/product_cat?post=19411"},{"taxonomy":"product_tag","embeddable":true,"href":"https:\/\/h2otek.com\/tienda\/wp-json\/wp\/v2\/product_tag?post=19411"}],"curies":[{"name":"wp","href":"https:\/\/api.w.org\/{rel}","templated":true}]}}