{"id":19367,"date":"2021-07-06T21:21:54","date_gmt":"2021-07-06T21:21:54","guid":{"rendered":"https:\/\/h2otek.com\/tienda\/producto\/boiler-32-kw-5-gal-por-minuto-18-7-lts-por-minuto-3-fases-277-480v-electrico-instantaneo-modelo-ed032480t2t\/"},"modified":"2022-11-03T17:19:08","modified_gmt":"2022-11-03T17:19:08","slug":"boiler-32-kw-5-gal-por-minuto-18-7-lts-por-minuto-3-fases-277-480v-electrico-instantaneo-modelo-ed032480t2t","status":"publish","type":"product","link":"https:\/\/h2otek.com\/tienda\/producto\/boiler-32-kw-5-gal-por-minuto-18-7-lts-por-minuto-3-fases-277-480v-electrico-instantaneo-modelo-ed032480t2t\/","title":{"rendered":"BOILER 32 KW 5 GAL. POR MINUTO (18.7 LTS. POR MINUTO) 3 FASES 277-480V. ELECTRICO INSTANTANEO  MODELO ED032480T2T"},"content":{"rendered":"<p style=\"text-align: center;\"><strong><img decoding=\"async\" src=\"https:\/\/www.h2otek.com\/tienda\/Images\/boilers\/eemax-ex320t2t-header.jpg\" alt=\"\" border=\"0\" \/><\/strong><\/p>\n<p><strong><span style=\"color: #ff0000;\">CAPACIDAD RECOMENDADA BASADA CON CEBOLLETA(S) (REGADERAS) DE CONSUMO STANDARD O DE BAJO CONSUMO (AGUA).<\/span><\/strong><\/p>\n<p><strong>CARACTERISTICAS:<\/strong><\/p>\n<ul>\n<li>Agua caliente en forma inmediata, SIN TIEMPOS DE ESPERA<\/li>\n<li>Temperatura totalmente\u00a0 ajustable con rango entre 100 a 140 F<\/li>\n<li>Salida precisa de temperatura (diferencial medio grado)<\/li>\n<li>Ideales para uso en lavabos o regaderas m\u00faltiples (2)<\/li>\n<li>Ahorrador de agua: como se puede instalar en el ba\u00f1o, no necesita tiempo de espera para que salga agua caliente por la regadera, es de inmediato<\/li>\n<li>Ahorro de energ\u00eda: el interruptor de flujo activa al calentador solamente cuando se requiera agua caliente<\/li>\n<li>99% DE EFICIENCIA<\/li>\n<li>Puede instalarse en cualquier lado (interiores o exteriores)<\/li>\n<li>Agua caliente en forma ilimitada: por su concepto de calentador de paso (instant\u00e1neo), puede calentar el agua en forma continua, sin cortes y sin limite<\/li>\n<li>Reduce costos de instalaci\u00f3n: no requiere de instalar tuber\u00eda para agua distante del ba\u00f1o ya que el calentador puede instalarse ah\u00ed mismo sin ning\u00fan problema<br \/>\no riesgo (puede instalarse en el ba\u00f1o mas NO en la regadera), no requiere de v\u00e1lvula de alivio<\/li>\n<li>F\u00e1cil instalaci\u00f3n: solo una l\u00ednea de agua fr\u00eda se necesita, anillos de compresi\u00f3n integrales de \u00bd&#8221; en la parte inferior. Se instala en la pared enel punto de uso<\/li>\n<li>Restrictor de flujo integral: construido para asegurar un incremento de temperatura apropiado. Cumple con las regulaciones federales de USA.<\/li>\n<li>Manos libres: se enciende y apaga autom\u00e1ticamente<\/li>\n<li>Previene el crecimiento de la bacteria legionaria<\/li>\n<li>Reduce calcio, sarro y sedimentaci\u00f3n<\/li>\n<li>Cumple con los requerimientos para discapacitados<\/li>\n<li>Elemento calefactor: construido con alambre cromo\/niquel de alta graduaci\u00f3n, por su innovador sistema (patentado) de flujo de paso directo, asegura la \u00f3ptima trasferencia de calor y alarga la vida del elemento<\/li>\n<li>F\u00e1cil mantenimiento: el calefactor esta construido para requerir el m\u00ednimo mantenimiento y muy sencillo de ejecutarlo, solo se requiere desmontar el elemento<br \/>\ncalefactor y dar una limpieza al alambre, posteriormente volverlo a montar y conectar.<\/li>\n<li>Elemento calefactor reemplazable<\/li>\n<li>Dise\u00f1o elegante y compacto: calentador f\u00edsicamente el mas compacto del mercado (ver dibujo de dimensiones), solo pesa 8 libras (3.6 Kgs.), Color blanco<\/li>\n<li>Construidos para una extensa vida \u00fatil y amplia seguridad: construidos con ingenier\u00eda &#8220;pl\u00e1stica&#8221; de linea reforzada probados hasta 750 PSI de presi\u00f3n<\/li>\n<li>En armon\u00eda con el medio ambiente: no contamina el ambiente ya que no produce gases de combusti\u00f3n por que trabaja con energ\u00eda el\u00e9ctrica<\/li>\n<li>Certificaciones de calidad UL, NOM ANCE<\/li>\n<li><em><strong>12 MESES DE GARANTIA TOTAL, CONTRA CUALQUIER DEFECTO DE FABRICACION<\/strong><\/em><\/li>\n<\/ul>\n<p style=\"text-align: center;\"><img decoding=\"async\" src=\"https:\/\/www.h2otek.com\/tienda\/Images\/boilers\/eemax-ex240t-especificaciones.gif\" alt=\"\" border=\"0\" \/><\/p>\n<p style=\"text-align: center;\"><strong>TABLA DE ESPECIFICACIONES:<\/strong><\/p>\n<p>&nbsp;<\/p>\n<table border=\"0\" cellspacing=\"0\" cellpadding=\"0\">\n<colgroup span=\"1\">\n<col span=\"1\" \/>\n<col span=\"1\" width=\"130\" \/>\n<col span=\"2\" width=\"113\" \/>\n<col span=\"1\" width=\"122\" \/>\n<col span=\"1\" width=\"143\" \/>\n<col span=\"1\" width=\"92\" \/>\n<col span=\"1\" width=\"128\" \/><\/colgroup>\n<tbody>\n<tr>\n<td align=\"center\" width=\"139\" height=\"71\">MODELO<\/td>\n<td width=\"130\">CAPACIDAD EN GALONES POR MINUTO (PRESION DE AGUA NOMINAL)<\/td>\n<td width=\"113\">ELEVACION DE TEMPERATURA GRADOS F<\/td>\n<td width=\"113\">CONTROL DE TEMPERATURA<\/td>\n<td width=\"122\">RESISTENCIA\u00a0\u00a0\u00a0\u00a0\u00a0\u00a0 KW<\/td>\n<td width=\"143\">AMPS.(MONOFASICO)<\/td>\n<td width=\"92\">VOLTS<\/td>\n<td width=\"128\">FASES<\/td>\n<\/tr>\n<tr>\n<td height=\"51\">ED032480T2T<\/td>\n<td>3 A 4<\/td>\n<td>62<\/td>\n<td>SI<\/td>\n<td>32<\/td>\n<td>39 EN 277 POR FASE<\/td>\n<td>440<\/td>\n<td>3<\/td>\n<\/tr>\n<\/tbody>\n<\/table>\n<p>&nbsp;<\/p>\n<p style=\"text-align: center;\"><strong>15 1\u20444&#8243; x 12 1\u20444&#8243; x 4 1\u20444&#8243; (VER IMAGEN ARRIBA)<\/strong><\/p>\n<p><strong>DETALLES TECNICOS:<\/strong><\/p>\n<ul>\n<li>Peso: 12 libras\/5.4 Kgs.<\/li>\n<li>Materiales: ABS UL ref. 94 Vo. (Plastico)<\/li>\n<li>Ensable en acero<\/li>\n<li>Triple elemento calefactor reemplazable<\/li>\n<li>Conexiones: 1\/2&#8243;entrada de agua<br \/>\n1\/2&#8243; salida de agua<\/li>\n<li>Presi\u00f3n de agua para operaci\u00f3n: 25 PSI m\u00ednimo &#8211; 150 PSI m\u00e1ximo PSI= Libras por pulgada cuadrada<\/li>\n<li>Para uso de varias salidas<\/li>\n<li>La unidad deber\u00e1 tener un filtro reemplazable en la conexi\u00f3n de entrada ya incluido y una v\u00e1lvula de globo para regular el flujo de salida y controlar la temperatura en la conexi\u00f3n de salida (no incluida).<\/li>\n<li>El reemplazo del elemento calefactor nunca deber\u00e1 ser fierro, sino de cromo\/niquel para evitar nunca da\u00f1ar la unidad y nulificar la garant\u00eda.<\/li>\n<li>El calentador debe de conectarse con el anillo de compresi\u00f3n y la tuerca de rosca de \u00bd&#8221; (incluidos) para evitar la soldadura<\/li>\n<li>La unidad debe ser instalada en posici\u00f3n VERTICAL y con las tomas<br \/>\nde entrada y salida de agua por el lado inferior solamente (ver imagen)<br \/>\nConexiones el\u00e9ctricas 208V. EN DELTA y 277\/480V. EN ESTRELLA<br \/>\nTERMOSTATO:<br \/>\n-Termostato graduable de 100 a 140 F (se puede solicitar con fabricaci\u00f3n especial<br \/>\nhasta con 180 F)<br \/>\n-Termostato ajustado de f\u00e1brica<br \/>\n-Suministra agua tibia para estaciones de emergencia<br \/>\n-Precisi\u00f3n del termostato<\/li>\n<\/ul>\n<p><strong>APLICACIONES:<\/strong><\/p>\n<ul>\n<li>M\u00faltiples tomas<\/li>\n<li>M\u00f3dulo\u00a0lavado manual<\/li>\n<li>Multi ducha<\/li>\n<li>Restaurantes<\/li>\n<li>Salones de belleza<\/li>\n<\/ul>\n<p style=\"text-align: center;\"><img decoding=\"async\" src=\"https:\/\/www.h2otek.com\/tienda\/Images\/boilers\/eemax-ex240t-tabla1.jpg\" alt=\"\" border=\"0\" \/><\/p>\n<p style=\"text-align: center;\"><strong>TABLA CLASIFICACIONES:<\/strong><\/p>\n<p style=\"text-align: center;\"><a href=\"http:\/\/www.h2otek.com\/tienda\/Images\/boilers\/eemax-ex320t-tablaclas_large.gif\" target=\"_blank\" rel=\"noopener\"><img decoding=\"async\" src=\"https:\/\/www.h2otek.com\/tienda\/Images\/boilers\/eemax-ex320t-tablaclas.gif\" alt=\"\" border=\"0\" \/><\/a><\/p>\n<p style=\"text-align: center;\">(Clic en la imagen para agrandar)<\/p>\n<p>&nbsp;<\/p>\n<p>&nbsp;<\/p>\n<p style=\"text-align: center;\"><strong><span style=\"font-family: arial, helvetica, sans-serif; color: #0099cc;\">AVANZADA TECNOLOG\u00cdA\u00a0&#8211; ALTA EFICIENCIA &#8211; DISE\u00d1ADO PARA\u00a0DURABILIDAD<\/span><\/strong><\/p>\n<p style=\"text-align: center;\"><img decoding=\"async\" src=\"https:\/\/www.h2otek.com\/tienda\/Images\/norma-ul.gif\" alt=\"\" border=\"0\" \/>\u00a0\u00a0\u00a0\u00a0\u00a0\u00a0 <img decoding=\"async\" src=\"https:\/\/www.h2otek.com\/tienda\/Images\/madeinusa.gif\" alt=\"\" border=\"0\" \/><\/p>\n<p><strong>DESCARGAR MANUALES<\/strong><\/p>\n<ul>\n<li><a href=\"https:\/\/h2otek.com\/tienda\/pdf\/aguacaliente\/MANUAL_DEL_USUARIO_BOILER_32_KW_3_4_GAL_POR_MINUTO_2811_3-1_Lts_POR_MINUTO_29_3FASES_277_480V.pdf\" target=\"_blank\" rel=\"noopener\">MANUAL INSTALACION-OPERACION\u00a0BOILER 32 KW 3-4 GAL. POR MINUTO (11.3-1 Lts POR MINUTO) 3 FASES 277-480V.\u00a0(INGLES)<\/a><\/li>\n<li><a href=\"https:\/\/h2otek.com\/tienda\/pdf\/aguacaliente\/ESPECIFICACIONES_BOILER_32KW_3_4-GAL_POR_MINUTO_2811_3_1_Lts_POR_MINUTO_29_3_FASE_277_480V.pdf\" target=\"_blank\" rel=\"noopener\">ESPECIFICACIONES BOILER 32 KW 3-4 GAL. POR MINUTO (11.3-1 Lts POR MINUTO) 3 FASES 277-480V. (INGL\u00c9S)<\/a><\/li>\n<li><a href=\"https:\/\/h2otek.com\/tienda\/pdf\/aguacaliente\/INSTRUCCIONES_SOLUCION_DE_PROBLEMAS_BOILER_32KW_3_4_GAL_POR_MINUTO2811_3_1Lts_POR_MINUTO_3FASES_20277_480V.pdf\" target=\"_blank\" rel=\"noopener\">INSTRUCCIONES SOLUCION DE PROBLEMAS (INGL\u00c9S)<\/a><\/li>\n<\/ul>\n<p>&nbsp;<\/p>\n<p>&nbsp;<\/p>\n<p><strong style=\"text-align: center;\"><strong><strong>PRECIO INCLUYE GASTOS DE ENVIO (GRATIS) E IMPUESTO\u00a0<\/strong>16 % DE IVA<\/strong><\/strong><\/p>\n","protected":false},"excerpt":{"rendered":"<p><strong><span style=\"color: #ff0000;\">PARA PRECIO DE ESTE PRODUCTO FAVOR DE COMUNICARSE EN ATENCION A CLIENTES: <a href=\"mailto:info@h2otek.com\">info@h2otek.com<\/a> O AL TEL: 01 800 94 26 835<\/span><\/strong><\/p>\n<p>IDEALES PARA TRABAJAR SIMULTANEAMENTE 3 A\u00a04\u00a0REGADERAS, APLICACIONES COMERCIALES E INDUSTRIALES<\/p>\n<p><em>EN LUGARES COMO:<\/em><\/p>\n<ul>\n<li><em>CONDOMINIOS<\/em><\/li>\n<li><em>DEPARTAMENTOS<\/em><\/li>\n<li><em>EDIFICIOS<\/em><\/li>\n<li><em>OFICINAS<\/em><\/li>\n<li><em>LABORATORIOS<\/em><\/li>\n<li><em>PROCESOS DE PRODUCCION<\/em><\/li>\n<li><em>LAVADO INDUSTRIAL<\/em><\/li>\n<li><em>HOTELES<\/em><\/li>\n<li><em>MOTELES<\/em><\/li>\n<li><em>GIMNASIOS<\/em><\/li>\n<li><em>BA\u00d1OS PUBLICOS<\/em><\/li>\n<li><em>CINES<\/em><\/li>\n<li><em>ETC.<\/em><\/li>\n<\/ul>\n","protected":false},"featured_media":23850,"comment_status":"closed","ping_status":"closed","template":"","meta":[],"pwb-brand":[],"product_brand":[],"product_cat":[424],"product_tag":[],"class_list":{"0":"post-19367","1":"product","2":"type-product","3":"status-publish","4":"has-post-thumbnail","6":"product_cat-instantaneos-de-paso-electricos-boilers-calentadores-de-agua","8":"first","9":"instock","10":"product-type-simple"},"brands":[],"_links":{"self":[{"href":"https:\/\/h2otek.com\/tienda\/wp-json\/wp\/v2\/product\/19367","targetHints":{"allow":["GET"]}}],"collection":[{"href":"https:\/\/h2otek.com\/tienda\/wp-json\/wp\/v2\/product"}],"about":[{"href":"https:\/\/h2otek.com\/tienda\/wp-json\/wp\/v2\/types\/product"}],"replies":[{"embeddable":true,"href":"https:\/\/h2otek.com\/tienda\/wp-json\/wp\/v2\/comments?post=19367"}],"wp:featuredmedia":[{"embeddable":true,"href":"https:\/\/h2otek.com\/tienda\/wp-json\/wp\/v2\/media\/23850"}],"wp:attachment":[{"href":"https:\/\/h2otek.com\/tienda\/wp-json\/wp\/v2\/media?parent=19367"}],"wp:term":[{"taxonomy":"pwb-brand","embeddable":true,"href":"https:\/\/h2otek.com\/tienda\/wp-json\/wp\/v2\/pwb-brand?post=19367"},{"taxonomy":"product_brand","embeddable":true,"href":"https:\/\/h2otek.com\/tienda\/wp-json\/wp\/v2\/product_brand?post=19367"},{"taxonomy":"product_cat","embeddable":true,"href":"https:\/\/h2otek.com\/tienda\/wp-json\/wp\/v2\/product_cat?post=19367"},{"taxonomy":"product_tag","embeddable":true,"href":"https:\/\/h2otek.com\/tienda\/wp-json\/wp\/v2\/product_tag?post=19367"}],"curies":[{"name":"wp","href":"https:\/\/api.w.org\/{rel}","templated":true}]}}