{"id":19357,"date":"2021-07-06T21:21:54","date_gmt":"2021-07-06T21:21:54","guid":{"rendered":"https:\/\/h2otek.com\/tienda\/producto\/deshumidificador-hvac-110v-1-fase-170-cfm-350w-marca-ebac-mod-rm40\/"},"modified":"2026-01-24T17:07:13","modified_gmt":"2026-01-24T17:07:13","slug":"deshumidificador-hvac-110v-1-fase-170-cfm-350w-marca-ebac-mod-rm40","status":"publish","type":"product","link":"https:\/\/h2otek.com\/tienda\/producto\/deshumidificador-hvac-110v-1-fase-170-cfm-350w-marca-ebac-mod-rm40\/","title":{"rendered":"DESHUMIDIFICADOR HVAC 110V 1 FASE 170 CFM 350W MARCA EBAC MOD. RM40"},"content":{"rendered":"<p align=\"center\"><img fetchpriority=\"high\" decoding=\"async\" src=\"https:\/\/h2otek.com\/tienda\/img\/cms\/controlhumedad\/deshumidificadores\/ebac\/header-deshumidificador-hvac-ebac-RM40.gif\" alt=\"\" width=\"650\" height=\"300\" \/><\/p>\n<div style=\"text-align: justify;\">\n<p><strong>APLICACI\u00d3N<\/strong><br \/>\nLa unidad compacta EIP RM40, sorprendentemente es bastante, pero tiene las caracter\u00edsticas de muchos modelos m\u00e1s grandes. Son lo suficientemente resistentes como para tiendas industriales y almacenes, adem\u00e1s del trabajo residencial. Su atractiva apariencia los hace aptos para aplicaciones en el hogar, el s\u00f3tano o el garaje.<\/p>\n<p><strong>CARACTER\u00cdSTICAS CLAVES DEL DISE\u00d1O<\/strong><\/p>\n<\/div>\n<div style=\"text-align: justify;\">Humidistato de control ajustable para mantener el nivel de sequedad, sistema integral de contenedor de agua \/ cubo y flotador, indicador completo de cubo con corte autom\u00e1tico, funci\u00f3n de descongelaci\u00f3n exclusiva de &#8220;Gas caliente&#8221; de EIP que funde autom\u00e1ticamente la acumulaci\u00f3n de escarcha proporcionando un funcionamiento eficaz a bajas temperaturas ambiente. drenaje permanente con un punto de drenaje conveniente, asa de transporte robusta y ruedas giratorias para facilitar la movilidad, bobinas totalmente cerradas en una carcasa rotativa moldeada con un bastidor galvanizado. El filtro de entrada de aire lavable garantiza que las bobinas se mantengan limpias y, por lo tanto, mantienen el rendimiento \u00f3ptimo de las unidades.<\/div>\n<div style=\"text-align: justify;\"><strong>RENDIMIENTO COMPROBADO<\/strong><\/div>\n<div style=\"text-align: justify;\">El deshumidificador EIP RM40 es una unidad compacta e independiente que proporciona un servicio silencioso y sin mantenimiento en entornos extremos, sin el costo y la irritaci\u00f3n del congelamiento de la bobina. Esta soluci\u00f3n simple pero efectiva es ideal para un s\u00f3tano h\u00famedo o un vestuario h\u00famedo que puede transportarse f\u00e1cilmente al \u00e1rea problem\u00e1tica y funciona en silencio.<\/div>\n<div style=\"text-align: justify;\"><strong>EL PROBLEMA<\/strong><\/div>\n<div style=\"text-align: justify;\">\n<p>El exceso de humedad en su espacio de arrastre, almac\u00e9n, f\u00e1brica de la oficina o tienda da como resultado corrosi\u00f3n, crecimiento de moho y pudrici\u00f3n. Todos los a\u00f1os se incurre en enormes costos debido a da\u00f1os en el inventario y a costos de mantenimiento de edificios inflados como resultado de la humedad. Incluso si su edificio parece estar seco durante el d\u00eda, en la noche, cuando baja la temperatura, la humedad aumenta y comienza el proceso de condensaci\u00f3n. El tama\u00f1o f\u00edsico compacto y el alto rendimiento hacen que la familia RM40 sea la elecci\u00f3n ideal para muchas aplicaciones.<\/p>\n<p><strong>EL DESHUMIDIFICADOR<\/strong><\/p>\n<p>Los deshumidificadores EIPL son soluciones efectivas para los problemas de control ambiental. La gama de unidades CD son deshumidificadores de alta capacidad, dise\u00f1ados para funcionar con altas eficiencias al eliminar la humedad del aire a trav\u00e9s del proceso de refrigeraci\u00f3n. El ventilador extrae el aire h\u00famedo a trav\u00e9s del serpent\u00edn evaporador fr\u00edo, que enfr\u00eda el aire por debajo del punto de roc\u00edo.<\/p>\n<p>La humedad se forma en la bobina del evaporador y se recoge en la bandeja de condensado, que est\u00e1 equipada con una bomba interna de condensado para facilitar la eliminaci\u00f3n de la humedad acumulada. Luego, el aire enfriado pasa a trav\u00e9s de la bobina del condensador caliente, donde se recalienta utilizando la misma energ\u00eda eliminada durante la fase de enfriamiento, m\u00e1s el calor adicional generado por el compresor. El aire, por lo tanto, se descarga desde el deshumidificador a una temperatura ligeramente m\u00e1s alta con una humedad absoluta m\u00e1s baja que la que ingres\u00f3.<\/p>\n<p>La circulaci\u00f3n continua de aire a trav\u00e9s del deshumidificador reduce gradualmente la humedad relativa dentro del \u00e1rea. Debido a que las gamas de CD de las unidades est\u00e1n equipadas con un humidistato interno, se encienden y se apagan autom\u00e1ticamente para ahorrar energ\u00eda y gastos al mantener el nivel de humedad deseado con un funcionamiento intermitente. Las caracter\u00edsticas adicionales del CD35P hacen que la unidad sea la elecci\u00f3n ideal para instalaciones no tripuladas, ya que la bomba de condensaci\u00f3n bombear\u00e1 la condensaci\u00f3n al lavabo del inodoro, etc.<\/p>\n<\/div>\n<p><strong>C\u00d3MO TRABAJA EL DESHUMIDIFICADOR<\/strong><\/p>\n<ol>\n<li>El aire es atra\u00eddo a la unidad por un ventilador<\/li>\n<li>El aire pasa sobre una superficie fr\u00eda<\/li>\n<li>A medida que el aire se enfr\u00eda, se condensa la humedad<\/li>\n<li>El agua cae en el contenedor<\/li>\n<li>El aire es recalentado por el sistema de recuperaci\u00f3n de calor<\/li>\n<li>El aire vuelve a entrar en la habitaci\u00f3n a 2\u00b0C m\u00e1s c\u00e1lido y considerablemente m\u00e1s seco<\/li>\n<li>El sistema de descongelamiento descongela autom\u00e1ticamente la unidad seg\u00fan sea necesario<\/li>\n<li>La unidad se apaga autom\u00e1ticamente cuando el contenedor est\u00e1 lleno<\/li>\n<li>Cuando la unidad alcanza el nivel de sequedad seleccionado, se apaga autom\u00e1ticamente<\/li>\n<\/ol>\n<p>&nbsp;<\/p>\n<p style=\"text-align: center;\"><strong><img decoding=\"async\" src=\"https:\/\/h2otek.com\/tienda\/img\/cms\/controlhumedad\/deshumidificadores\/ebac\/funcion-deshumidificador-hvac-ebac-RM40.gif\" alt=\"\" width=\"599\" height=\"523\" \/><\/strong><\/p>\n<p>&nbsp;<\/p>\n<p>&nbsp;<\/p>\n<p style=\"text-align: center;\"><strong>TABLA DE ESPECIFICACIONES:<\/strong><\/p>\n<p align=\"center\"><img decoding=\"async\" src=\"https:\/\/h2otek.com\/tienda\/img\/cms\/controlhumedad\/deshumidificadores\/ebac\/especificaciones-deshumidificador-hvac-ebac-RM40.gif\" alt=\"\" width=\"565\" height=\"585\" \/><\/p>\n<p><span style=\"color: #4a4a4a;\"><strong>DESCARGAR MANUALES:<\/strong><\/span><\/p>\n<ul>\n<li><strong><a href=\"https:\/\/www.h2otek.com\/tienda\/pdf\/controlhumedad\/ESPECIFICACIONES%20DESHUMIDIFICADORES%20HVAC%20EBAC%20RM40%20Y%20RM40P.pdf\" target=\"_blank\" rel=\"noopener\">ESPECIFICACIONES<\/a><\/strong><\/li>\n<li><strong><a href=\"https:\/\/www.h2otek.com\/tienda\/pdf\/controlhumedad\/MANUAL%20DEL%20USUARIO%20DESHUMIDIFICADORES%20HVAC%20EBAC%20RM40%20Y%20RM40P.pdf\" target=\"_blank\" rel=\"noopener\">MANUAL DEL USUARIO<\/a><\/strong><\/li>\n<li><strong><a href=\"https:\/\/www.h2otek.com\/tienda\/pdf\/controlhumedad\/DIAGRAMA%20CABLEADO%20DESHUMIDIFICADORES%20HVAC%20EBAC%20RM40%20Y%20RM40P.pdf\" target=\"_blank\" rel=\"noopener\">DIAGRAMA DE CABLEADO<\/a><\/strong><\/li>\n<\/ul>\n<p>&nbsp;<\/p>\n<div>\n<p><strong>PRECIO INCLUYE GASTOS DE ENVIO (GRATIS) E IMPUESTO\u00a016% DE IVA<\/strong><\/p>\n<\/div>\n","protected":false},"excerpt":{"rendered":"<p><span style=\"color: #ff0000;\"><strong>PRECIO EN D\u00d3LARES US.<\/strong><\/span><\/p>\n<p><em><strong>EFICIENTE Y PRACTICO DESHUMIDIFICADOR\u00a0IDEAL PARA:<\/strong><\/em><\/p>\n<ul>\n<li><em><strong>APLICACION CON DUCTOS O EN DESCARGA LIBRE<\/strong><\/em><\/li>\n<li><em><strong>CASAS<\/strong><\/em><\/li>\n<li><em><strong>CUARTOS<\/strong><\/em><\/li>\n<li><em><strong>S\u00d3TANOS<\/strong><\/em><\/li>\n<li><em><strong>PASILLOS<\/strong><\/em><\/li>\n<li><em><strong>ESCUELAS<\/strong><\/em><\/li>\n<li><em><strong>LABORATORIOS<\/strong><\/em><\/li>\n<li><em><strong>CUARTOS DE PRUEBA<\/strong><\/em><\/li>\n<li><em><strong>CUARTOS LIMPIOS<\/strong><\/em><\/li>\n<li><em><strong>, ETC.<\/strong><\/em><\/li>\n<\/ul>\n","protected":false},"featured_media":7842,"comment_status":"closed","ping_status":"closed","template":"","meta":[],"pwb-brand":[],"product_brand":[],"product_cat":[404],"product_tag":[],"class_list":{"0":"post-19357","1":"product","2":"type-product","3":"status-publish","4":"has-post-thumbnail","6":"product_cat-para-ducto-hvac","8":"first","9":"onbackorder","10":"purchasable","11":"product-type-simple"},"brands":[],"_links":{"self":[{"href":"https:\/\/h2otek.com\/tienda\/wp-json\/wp\/v2\/product\/19357","targetHints":{"allow":["GET"]}}],"collection":[{"href":"https:\/\/h2otek.com\/tienda\/wp-json\/wp\/v2\/product"}],"about":[{"href":"https:\/\/h2otek.com\/tienda\/wp-json\/wp\/v2\/types\/product"}],"replies":[{"embeddable":true,"href":"https:\/\/h2otek.com\/tienda\/wp-json\/wp\/v2\/comments?post=19357"}],"wp:featuredmedia":[{"embeddable":true,"href":"https:\/\/h2otek.com\/tienda\/wp-json\/wp\/v2\/media\/7842"}],"wp:attachment":[{"href":"https:\/\/h2otek.com\/tienda\/wp-json\/wp\/v2\/media?parent=19357"}],"wp:term":[{"taxonomy":"pwb-brand","embeddable":true,"href":"https:\/\/h2otek.com\/tienda\/wp-json\/wp\/v2\/pwb-brand?post=19357"},{"taxonomy":"product_brand","embeddable":true,"href":"https:\/\/h2otek.com\/tienda\/wp-json\/wp\/v2\/product_brand?post=19357"},{"taxonomy":"product_cat","embeddable":true,"href":"https:\/\/h2otek.com\/tienda\/wp-json\/wp\/v2\/product_cat?post=19357"},{"taxonomy":"product_tag","embeddable":true,"href":"https:\/\/h2otek.com\/tienda\/wp-json\/wp\/v2\/product_tag?post=19357"}],"curies":[{"name":"wp","href":"https:\/\/api.w.org\/{rel}","templated":true}]}}