{"id":19349,"date":"2021-07-06T21:21:49","date_gmt":"2021-07-06T21:21:49","guid":{"rendered":"https:\/\/h2otek.com\/tienda\/producto\/filtro-de-reemplazo-para-sistema-para-tratamiento-de-agua-allclear-rheem-mod-rtg20252\/"},"modified":"2022-10-17T18:02:32","modified_gmt":"2022-10-17T18:02:32","slug":"filtro-de-reemplazo-para-sistema-para-tratamiento-de-agua-allclear-rheem-mod-rtg20252","status":"publish","type":"product","link":"https:\/\/h2otek.com\/tienda\/producto\/filtro-de-reemplazo-para-sistema-para-tratamiento-de-agua-allclear-rheem-mod-rtg20252\/","title":{"rendered":"FILTRO DE REEMPLAZO PARA SISTEMA PARA TRATAMIENTO DE AGUA ALLCLEAR\u2122 RHEEM MOD. RTG20252"},"content":{"rendered":"<p style=\"text-align: center;\"><img fetchpriority=\"high\" decoding=\"async\" src=\"https:\/\/h2otek.com\/tienda\/img\/cms\/aguacaliente\/rheem\/accesorios\/header-accesorios-rheem-RTG20252.jpg\" alt=\"header-accesorios-rheem-RTG20252.jpg\" width=\"650\" height=\"300\" \/><\/p>\n<p style=\"text-align: justify;\">\n<p style=\"text-align: justify;\"><strong>REEMPLAZAR TODO EL FILTRO DEL SISTEMA DE TRATAMIENTO DE AGUA CLARA (S\u00d3LO FILTRO DE REEMPLAZO)<\/strong><\/p>\n<p><strong>LA VENTAJA CLARA<\/strong><\/p>\n<p>El cartucho de medios distorsiona el carbonato de calcio, evitando que se acumule sobre s\u00ed mismo. La combinaci\u00f3n de los medios con el carbonato de calcio en el agua forma una capa protectora dentro de las tuber\u00edas, actuando como un elemento disuasorio para la escala.<\/p>\n<p>Suaviza y elimina las incrustaciones existentes a lo largo del tiempo. La cubierta transparente con etiqueta de relleno muestra cu\u00e1ndo se necesita el cartucho de reemplazo. La carcasa compacta (13.5&#8243; de altura) permite la instalaci\u00f3n en \u00e1reas m\u00e1s peque\u00f1as<\/p>\n<p>&nbsp;<\/p>\n<p><strong>ESPECIFICACIONES:<\/strong><\/p>\n<ul>\n<li>Presi\u00f3n m\u00e1xima: 125 psi<\/li>\n<li>Temperatura m\u00e1xima: 100 grados F<\/li>\n<li>Tama\u00f1o de conexi\u00f3n: 3\/4&#8243; Hembra NPT<\/li>\n<\/ul>\n<p>&nbsp;<\/p>\n<p>&nbsp;<\/p>\n<p style=\"text-align: left;\"><strong>DESCARGAR MANUALES<\/strong><\/p>\n<ul>\n<li><strong><a href=\"https:\/\/h2otek.com\/tienda\/img\/cms\/aguacaliente\/rheem\/accesorios\/ACCESORIOS%20RHEEM.pdf\" target=\"_blank\" rel=\"noopener\">FOLLETO<\/a><\/strong><\/li>\n<\/ul>\n<p>&nbsp;<\/p>\n<p style=\"text-align: left;\"><span style=\"color: #000000;\"><strong>PRECIO INCLUYE GASTOS DE ENVIO (GRATIS) E IMPUESTO 16% DE IVA.<\/strong><\/span><\/p>\n","protected":false},"excerpt":{"rendered":"<p style=\"text-align: left;\"><span style=\"color: #ff0000;\"><strong>PRECIO EN D\u00d3LARES US.<\/strong><\/span><\/p>\n<p><strong>FILTRO DE REEMPLAZO<\/strong><span style=\"font-size: small;\"><strong><em><span style=\"color: #000000;\"><br \/>\n<\/span><\/em><\/strong><\/span><\/p>\n","protected":false},"featured_media":5546,"comment_status":"closed","ping_status":"closed","template":"","meta":[],"pwb-brand":[],"product_brand":[],"product_cat":[408,773],"product_tag":[],"class_list":{"0":"post-19349","1":"product","2":"type-product","3":"status-publish","4":"has-post-thumbnail","6":"product_cat-accesorios-y-control-agua-caliente","7":"product_cat-rheem-accesorios","9":"first","10":"onbackorder","11":"product-type-simple"},"brands":[],"_links":{"self":[{"href":"https:\/\/h2otek.com\/tienda\/wp-json\/wp\/v2\/product\/19349","targetHints":{"allow":["GET"]}}],"collection":[{"href":"https:\/\/h2otek.com\/tienda\/wp-json\/wp\/v2\/product"}],"about":[{"href":"https:\/\/h2otek.com\/tienda\/wp-json\/wp\/v2\/types\/product"}],"replies":[{"embeddable":true,"href":"https:\/\/h2otek.com\/tienda\/wp-json\/wp\/v2\/comments?post=19349"}],"wp:featuredmedia":[{"embeddable":true,"href":"https:\/\/h2otek.com\/tienda\/wp-json\/wp\/v2\/media\/5546"}],"wp:attachment":[{"href":"https:\/\/h2otek.com\/tienda\/wp-json\/wp\/v2\/media?parent=19349"}],"wp:term":[{"taxonomy":"pwb-brand","embeddable":true,"href":"https:\/\/h2otek.com\/tienda\/wp-json\/wp\/v2\/pwb-brand?post=19349"},{"taxonomy":"product_brand","embeddable":true,"href":"https:\/\/h2otek.com\/tienda\/wp-json\/wp\/v2\/product_brand?post=19349"},{"taxonomy":"product_cat","embeddable":true,"href":"https:\/\/h2otek.com\/tienda\/wp-json\/wp\/v2\/product_cat?post=19349"},{"taxonomy":"product_tag","embeddable":true,"href":"https:\/\/h2otek.com\/tienda\/wp-json\/wp\/v2\/product_tag?post=19349"}],"curies":[{"name":"wp","href":"https:\/\/api.w.org\/{rel}","templated":true}]}}