{"id":19346,"date":"2021-07-06T21:21:49","date_gmt":"2021-07-06T21:21:49","guid":{"rendered":"https:\/\/h2otek.com\/tienda\/producto\/accesorios-control-de-termostato-1-220v-60-hz-marca-jaybird-mod-th1-240\/"},"modified":"2022-10-11T19:50:31","modified_gmt":"2022-10-11T19:50:31","slug":"accesorios-control-de-termostato-1-220v-60-hz-marca-jaybird-mod-th1-240","status":"publish","type":"product","link":"https:\/\/h2otek.com\/tienda\/producto\/accesorios-control-de-termostato-1-220v-60-hz-marca-jaybird-mod-th1-240\/","title":{"rendered":"ACCESORIOS &#8211; CONTROL DE TERMOSTATO 1 220V 60 HZ MARCA JAYBIRD MOD. TH1-240"},"content":{"rendered":"<p style=\"text-align: center;\" align=\"center\"><img fetchpriority=\"high\" decoding=\"async\" src=\"https:\/\/h2otek.com\/tienda\/img\/cms\/controlhumedad\/jaybird\/accesorios\/header-accesorios-controltermostato1-TH1-240.jpg\" alt=\"header-accesorios-controltermostato1-TH1\" width=\"700\" height=\"300\" \/><\/p>\n<p style=\"text-align: justify;\"><strong>Si su principal inter\u00e9s es el enfriamiento por evaporaci\u00f3n<\/strong><\/p>\n<p style=\"text-align: justify;\">Estos termostatos impermeables\u00a0proporcionar\u00e1n una medici\u00f3n precisa de la temperatura, controlando autom\u00e1ticamente sus ventiladores Turbo XE a aproximadamente 3\u00b0 F por encima y por debajo de su punto de ajuste deseado.<\/p>\n<ul>\n<li>Rango efectivo: 40 a 100\u00b0 F<\/li>\n<li>Controles 1 Turbo XE<\/li>\n<\/ul>\n<p>&nbsp;<\/p>\n<p>&nbsp;<\/p>\n<p><strong>PRECIO INCLUYE GASTOS DE ENVIO (GRATIS) E IMPUESTO\u00a016% DE IVA<\/strong><\/p>\n","protected":false},"excerpt":{"rendered":"<p><span style=\"color: #ff0000;\"><strong>PRECIO EN D\u00d3LARES US.<\/strong><\/span><\/p>\n<p><span style=\"color: #ff0000;\"><strong>ACCESORIO &#8211; CONTROL\u00a0DE TERMOSTATO 1 220V 60 HZ<\/strong><\/span><\/p>\n<p><strong><em>APLICACIONES M\u00c1S COMUNES:<\/em><\/strong><\/p>\n<ul>\n<li><strong><em>INVERNADEROS<\/em><\/strong><\/li>\n<li><strong><em>PROCESOS INDUSTRIALES<\/em><\/strong><\/li>\n<li><strong><em>ALMACENES<\/em><\/strong><\/li>\n<li><strong><em>CAPTACION DE POLVO<\/em><\/strong><\/li>\n<li><strong><em>CUARTOS DE PRUEBA<\/em><\/strong><\/li>\n<li><strong><em>CUARTOS DE MADURACION<\/em><\/strong><\/li>\n<li><strong><em>CAMARAS<\/em><\/strong><\/li>\n<li><strong><em>CAMARAS FRIGORIFICAS<\/em><\/strong><\/li>\n<li><strong><em>USO EN EXTERIORES<\/em><\/strong><\/li>\n<li><strong><em>USO PARA REFRESCAR EL AMBIENTE<\/em><\/strong><\/li>\n<li><strong><em>CUARTO LIMPIOS<\/em><\/strong><\/li>\n<li><strong><em>LABORATORIOS<\/em><\/strong><\/li>\n<li><strong><em>ETC.<\/em><\/strong><\/li>\n<\/ul>\n","protected":false},"featured_media":5046,"comment_status":"closed","ping_status":"closed","template":"","meta":[],"pwb-brand":[],"product_brand":[],"product_cat":[406],"product_tag":[],"class_list":{"0":"post-19346","1":"product","2":"type-product","3":"status-publish","4":"has-post-thumbnail","6":"product_cat-paquetes-de-control-humidificadores-nebulizadores","8":"first","9":"onbackorder","10":"purchasable","11":"product-type-simple"},"brands":[],"_links":{"self":[{"href":"https:\/\/h2otek.com\/tienda\/wp-json\/wp\/v2\/product\/19346","targetHints":{"allow":["GET"]}}],"collection":[{"href":"https:\/\/h2otek.com\/tienda\/wp-json\/wp\/v2\/product"}],"about":[{"href":"https:\/\/h2otek.com\/tienda\/wp-json\/wp\/v2\/types\/product"}],"replies":[{"embeddable":true,"href":"https:\/\/h2otek.com\/tienda\/wp-json\/wp\/v2\/comments?post=19346"}],"wp:featuredmedia":[{"embeddable":true,"href":"https:\/\/h2otek.com\/tienda\/wp-json\/wp\/v2\/media\/5046"}],"wp:attachment":[{"href":"https:\/\/h2otek.com\/tienda\/wp-json\/wp\/v2\/media?parent=19346"}],"wp:term":[{"taxonomy":"pwb-brand","embeddable":true,"href":"https:\/\/h2otek.com\/tienda\/wp-json\/wp\/v2\/pwb-brand?post=19346"},{"taxonomy":"product_brand","embeddable":true,"href":"https:\/\/h2otek.com\/tienda\/wp-json\/wp\/v2\/product_brand?post=19346"},{"taxonomy":"product_cat","embeddable":true,"href":"https:\/\/h2otek.com\/tienda\/wp-json\/wp\/v2\/product_cat?post=19346"},{"taxonomy":"product_tag","embeddable":true,"href":"https:\/\/h2otek.com\/tienda\/wp-json\/wp\/v2\/product_tag?post=19346"}],"curies":[{"name":"wp","href":"https:\/\/api.w.org\/{rel}","templated":true}]}}